{"id":263976,"date":"2026-04-11T02:00:37","date_gmt":"2026-04-11T00:00:37","guid":{"rendered":"https:\/\/schweizversand.ch\/produkt\/jilong-schwimmring-flamingo-einhorn\/"},"modified":"2026-04-11T15:31:55","modified_gmt":"2026-04-11T13:31:55","slug":"jilong-schwimmring-flamingo-einhorn","status":"publish","type":"product","link":"https:\/\/schweizversand.ch\/en\/produkt\/jilong-schwimmring-flamingo-einhorn\/","title":{"rendered":"Jilong Flamingo\/Unicorn Swimming Ring"},"content":{"rendered":"<p>Dive into a world of fun and imagination with our inflatable swim ring, available in adorable unicorn or flamingo designs! This swim ring not only provides great enjoyment but also stimulates the imagination and allows for relaxing hours in the water.<\/p>\n<p>Lightweight and practical, this swim ring is the perfect companion for your next vacation by the water or pool. It ensures your child&#8217;s safe participation in water fun in the sea, lake, river, or pool.<\/p>\n<p>Made of high-quality PVC, the swim ring features quick inflation and deflation. This quality product is made of safe materials and is specially designed for children aged 4-8 years.<\/p>\n<p>With an inflated diameter of \u00f850cm, the swim ring offers an optimal size for young swimmers. You can choose between two adorable designs: Unicorn or Flamingo.<\/p>\n<p>Please note: This swim ring is not suitable for children under 3 years old. Use only in shallow water under adult supervision.<\/p>\n<p>Material: PVC<\/p>\n<p>Quick inflation and deflation<\/p>\n<p>Designed for children aged 4-8 years.<\/p>\n<p>Inflated size: \u00f850cm<\/p>\n<p>2 Designs: Unicorn, Flamingo<\/p>\n<p>Design cannot be selected. Shipping is assorted whenever possible, while supplies last.<\/p>\n<p>Price per piece<\/p>\n<p>Caution: Not suitable for children under 3 years. Use only in shallow water under adult supervision.<\/p>\n","protected":false},"excerpt":{"rendered":"<p>Jilong Schwimmring Flamingo\/Einhorn bietet sicheren, leichten Badespa\u00df f\u00fcr Kinder 4-8 Jahre. Hochwertiges PVC, schnelle Luftzufuhr, fantasievolles Design f\u00fcr unvergessliche Wassermomente.<\/p>\n","protected":false},"featured_media":265631,"comment_status":"open","ping_status":"closed","template":"","meta":[],"product_brand":[],"product_cat":[38767],"product_tag":[],"class_list":{"0":"post-263976","1":"product","2":"type-product","3":"status-publish","4":"has-post-thumbnail","6":"product_cat-schwimmen-tauchen","7":"product_shipping_class-global_methods","9":"first","10":"instock","11":"taxable","12":"shipping-taxable","13":"purchasable","14":"product-type-simple"},"yoast_head":"<!-- This site is optimized with the Yoast SEO plugin v27.3 - https:\/\/yoast.com\/product\/yoast-seo-wordpress\/ -->\n<title>Jilong Schwimmring Flamingo\/Einhorn<\/title>\n<meta name=\"description\" content=\"Tauchen Sie ein in eine Welt voller Spa\u00df und Fantasie mit unserem aufblasbaren Schwimmring, erh\u00e4ltlich mit entz\u00fcckendem Einhorn- oder Flamingo-Design! Dieser Sc\" \/>\n<meta name=\"robots\" content=\"index, follow, max-snippet:-1, max-image-preview:large, max-video-preview:-1\" \/>\n<link rel=\"canonical\" href=\"https:\/\/schweizversand.ch\/en\/produkt\/jilong-schwimmring-flamingo-einhorn\/\" \/>\n<meta property=\"og:locale\" content=\"en_US\" \/>\n<meta property=\"og:type\" content=\"article\" \/>\n<meta property=\"og:title\" content=\"Jilong Schwimmring Flamingo\/Einhorn\" \/>\n<meta property=\"og:description\" content=\"Tauchen Sie ein in eine Welt voller Spa\u00df und Fantasie mit unserem aufblasbaren Schwimmring, erh\u00e4ltlich mit entz\u00fcckendem Einhorn- oder Flamingo-Design! Dieser Sc\" \/>\n<meta property=\"og:url\" content=\"https:\/\/schweizversand.ch\/en\/produkt\/jilong-schwimmring-flamingo-einhorn\/\" \/>\n<meta property=\"og:site_name\" content=\"Schweizer Shop f\u00fcr Sport, Spiel und Freizeit\" \/>\n<meta property=\"article:publisher\" content=\"https:\/\/www.facebook.com\/Schweizversand\" \/>\n<meta property=\"article:modified_time\" content=\"2026-04-11T13:31:55+00:00\" \/>\n<meta property=\"og:image\" content=\"https:\/\/schweizversand.ch\/wp-content\/uploads\/2026\/04\/5471678306-1.png\" \/>\n\t<meta property=\"og:image:width\" content=\"1024\" \/>\n\t<meta property=\"og:image:height\" content=\"1024\" \/>\n\t<meta property=\"og:image:type\" content=\"image\/png\" \/>\n<meta name=\"twitter:card\" content=\"summary_large_image\" \/>\n<meta name=\"twitter:label1\" content=\"Est. reading time\" \/>\n\t<meta name=\"twitter:data1\" content=\"1 minute\" \/>\n<script type=\"application\/ld+json\" class=\"yoast-schema-graph\">{\"@context\":\"https:\\\/\\\/schema.org\",\"@graph\":[{\"@type\":\"WebPage\",\"@id\":\"https:\\\/\\\/schweizversand.ch\\\/en\\\/produkt\\\/jilong-schwimmring-flamingo-einhorn\\\/\",\"url\":\"https:\\\/\\\/schweizversand.ch\\\/en\\\/produkt\\\/jilong-schwimmring-flamingo-einhorn\\\/\",\"name\":\"Jilong Schwimmring Flamingo\\\/Einhorn\",\"isPartOf\":{\"@id\":\"https:\\\/\\\/schweizversand.ch\\\/en\\\/#website\"},\"primaryImageOfPage\":{\"@id\":\"https:\\\/\\\/schweizversand.ch\\\/en\\\/produkt\\\/jilong-schwimmring-flamingo-einhorn\\\/#primaryimage\"},\"image\":{\"@id\":\"https:\\\/\\\/schweizversand.ch\\\/en\\\/produkt\\\/jilong-schwimmring-flamingo-einhorn\\\/#primaryimage\"},\"thumbnailUrl\":\"https:\\\/\\\/schweizversand.ch\\\/wp-content\\\/uploads\\\/2026\\\/04\\\/5471678306.png\",\"datePublished\":\"2026-04-11T00:00:37+00:00\",\"dateModified\":\"2026-04-11T13:31:55+00:00\",\"description\":\"Tauchen Sie ein in eine Welt voller Spa\u00df und Fantasie mit unserem aufblasbaren Schwimmring, erh\u00e4ltlich mit entz\u00fcckendem Einhorn- oder Flamingo-Design! Dieser Sc\",\"breadcrumb\":{\"@id\":\"https:\\\/\\\/schweizversand.ch\\\/en\\\/produkt\\\/jilong-schwimmring-flamingo-einhorn\\\/#breadcrumb\"},\"inLanguage\":\"en-US\",\"potentialAction\":[{\"@type\":\"ReadAction\",\"target\":[\"https:\\\/\\\/schweizversand.ch\\\/en\\\/produkt\\\/jilong-schwimmring-flamingo-einhorn\\\/\"]}]},{\"@type\":\"ImageObject\",\"inLanguage\":\"en-US\",\"@id\":\"https:\\\/\\\/schweizversand.ch\\\/en\\\/produkt\\\/jilong-schwimmring-flamingo-einhorn\\\/#primaryimage\",\"url\":\"https:\\\/\\\/schweizversand.ch\\\/wp-content\\\/uploads\\\/2026\\\/04\\\/5471678306.png\",\"contentUrl\":\"https:\\\/\\\/schweizversand.ch\\\/wp-content\\\/uploads\\\/2026\\\/04\\\/5471678306.png\",\"width\":1024,\"height\":1024},{\"@type\":\"BreadcrumbList\",\"@id\":\"https:\\\/\\\/schweizversand.ch\\\/en\\\/produkt\\\/jilong-schwimmring-flamingo-einhorn\\\/#breadcrumb\",\"itemListElement\":[{\"@type\":\"ListItem\",\"position\":1,\"name\":\"Startseite\",\"item\":\"https:\\\/\\\/schweizversand.ch\\\/en\\\/\"},{\"@type\":\"ListItem\",\"position\":2,\"name\":\"Shop\",\"item\":\"https:\\\/\\\/schweizversand.ch\\\/en\\\/shop\\\/\"},{\"@type\":\"ListItem\",\"position\":3,\"name\":\"Jilong Flamingo\\\/Unicorn Swimming Ring\"}]},{\"@type\":\"WebSite\",\"@id\":\"https:\\\/\\\/schweizversand.ch\\\/en\\\/#website\",\"url\":\"https:\\\/\\\/schweizversand.ch\\\/en\\\/\",\"name\":\"Schweizer Shop f\u00fcr Sport, Spiel und Freizeit\",\"description\":\"Gratisversand ab 50.- (netto), ab eigenem schweizer Lager, Lieferung innert 48h\",\"publisher\":{\"@id\":\"https:\\\/\\\/schweizversand.ch\\\/en\\\/#organization\"},\"alternateName\":\"Schweizversand.ch\",\"potentialAction\":[{\"@type\":\"SearchAction\",\"target\":{\"@type\":\"EntryPoint\",\"urlTemplate\":\"https:\\\/\\\/schweizversand.ch\\\/en\\\/?s={search_term_string}\"},\"query-input\":{\"@type\":\"PropertyValueSpecification\",\"valueRequired\":true,\"valueName\":\"search_term_string\"}}],\"inLanguage\":\"en-US\"},{\"@type\":\"Organization\",\"@id\":\"https:\\\/\\\/schweizversand.ch\\\/en\\\/#organization\",\"name\":\"Schweizversand.ch\",\"url\":\"https:\\\/\\\/schweizversand.ch\\\/en\\\/\",\"logo\":{\"@type\":\"ImageObject\",\"inLanguage\":\"en-US\",\"@id\":\"https:\\\/\\\/schweizversand.ch\\\/en\\\/#\\\/schema\\\/logo\\\/image\\\/\",\"url\":\"https:\\\/\\\/schweizversand.ch\\\/wp-content\\\/uploads\\\/2026\\\/03\\\/Logo_Rund_Final-1.png\",\"contentUrl\":\"https:\\\/\\\/schweizversand.ch\\\/wp-content\\\/uploads\\\/2026\\\/03\\\/Logo_Rund_Final-1.png\",\"width\":404,\"height\":404,\"caption\":\"Schweizversand.ch\"},\"image\":{\"@id\":\"https:\\\/\\\/schweizversand.ch\\\/en\\\/#\\\/schema\\\/logo\\\/image\\\/\"},\"sameAs\":[\"https:\\\/\\\/www.facebook.com\\\/Schweizversand\",\"https:\\\/\\\/www.instagram.com\\\/schweizversand.ch\\\/\"]}]}<\/script>\n<!-- \/ Yoast SEO plugin. -->","yoast_head_json":{"title":"Jilong Schwimmring Flamingo\/Einhorn","description":"Tauchen Sie ein in eine Welt voller Spa\u00df und Fantasie mit unserem aufblasbaren Schwimmring, erh\u00e4ltlich mit entz\u00fcckendem Einhorn- oder Flamingo-Design! Dieser Sc","robots":{"index":"index","follow":"follow","max-snippet":"max-snippet:-1","max-image-preview":"max-image-preview:large","max-video-preview":"max-video-preview:-1"},"canonical":"https:\/\/schweizversand.ch\/en\/produkt\/jilong-schwimmring-flamingo-einhorn\/","og_locale":"en_US","og_type":"article","og_title":"Jilong Schwimmring Flamingo\/Einhorn","og_description":"Tauchen Sie ein in eine Welt voller Spa\u00df und Fantasie mit unserem aufblasbaren Schwimmring, erh\u00e4ltlich mit entz\u00fcckendem Einhorn- oder Flamingo-Design! Dieser Sc","og_url":"https:\/\/schweizversand.ch\/en\/produkt\/jilong-schwimmring-flamingo-einhorn\/","og_site_name":"Schweizer Shop f\u00fcr Sport, Spiel und Freizeit","article_publisher":"https:\/\/www.facebook.com\/Schweizversand","article_modified_time":"2026-04-11T13:31:55+00:00","og_image":[{"width":1024,"height":1024,"url":"https:\/\/schweizversand.ch\/wp-content\/uploads\/2026\/04\/5471678306-1.png","type":"image\/png"}],"twitter_card":"summary_large_image","twitter_misc":{"Est. reading time":"1 minute"},"schema":{"@context":"https:\/\/schema.org","@graph":[{"@type":"WebPage","@id":"https:\/\/schweizversand.ch\/en\/produkt\/jilong-schwimmring-flamingo-einhorn\/","url":"https:\/\/schweizversand.ch\/en\/produkt\/jilong-schwimmring-flamingo-einhorn\/","name":"Jilong Schwimmring Flamingo\/Einhorn","isPartOf":{"@id":"https:\/\/schweizversand.ch\/en\/#website"},"primaryImageOfPage":{"@id":"https:\/\/schweizversand.ch\/en\/produkt\/jilong-schwimmring-flamingo-einhorn\/#primaryimage"},"image":{"@id":"https:\/\/schweizversand.ch\/en\/produkt\/jilong-schwimmring-flamingo-einhorn\/#primaryimage"},"thumbnailUrl":"https:\/\/schweizversand.ch\/wp-content\/uploads\/2026\/04\/5471678306.png","datePublished":"2026-04-11T00:00:37+00:00","dateModified":"2026-04-11T13:31:55+00:00","description":"Tauchen Sie ein in eine Welt voller Spa\u00df und Fantasie mit unserem aufblasbaren Schwimmring, erh\u00e4ltlich mit entz\u00fcckendem Einhorn- oder Flamingo-Design! Dieser Sc","breadcrumb":{"@id":"https:\/\/schweizversand.ch\/en\/produkt\/jilong-schwimmring-flamingo-einhorn\/#breadcrumb"},"inLanguage":"en-US","potentialAction":[{"@type":"ReadAction","target":["https:\/\/schweizversand.ch\/en\/produkt\/jilong-schwimmring-flamingo-einhorn\/"]}]},{"@type":"ImageObject","inLanguage":"en-US","@id":"https:\/\/schweizversand.ch\/en\/produkt\/jilong-schwimmring-flamingo-einhorn\/#primaryimage","url":"https:\/\/schweizversand.ch\/wp-content\/uploads\/2026\/04\/5471678306.png","contentUrl":"https:\/\/schweizversand.ch\/wp-content\/uploads\/2026\/04\/5471678306.png","width":1024,"height":1024},{"@type":"BreadcrumbList","@id":"https:\/\/schweizversand.ch\/en\/produkt\/jilong-schwimmring-flamingo-einhorn\/#breadcrumb","itemListElement":[{"@type":"ListItem","position":1,"name":"Startseite","item":"https:\/\/schweizversand.ch\/en\/"},{"@type":"ListItem","position":2,"name":"Shop","item":"https:\/\/schweizversand.ch\/en\/shop\/"},{"@type":"ListItem","position":3,"name":"Jilong Flamingo\/Unicorn Swimming Ring"}]},{"@type":"WebSite","@id":"https:\/\/schweizversand.ch\/en\/#website","url":"https:\/\/schweizversand.ch\/en\/","name":"Schweizer Shop f\u00fcr Sport, Spiel und Freizeit","description":"Gratisversand ab 50.- (netto), ab eigenem schweizer Lager, Lieferung innert 48h","publisher":{"@id":"https:\/\/schweizversand.ch\/en\/#organization"},"alternateName":"Schweizversand.ch","potentialAction":[{"@type":"SearchAction","target":{"@type":"EntryPoint","urlTemplate":"https:\/\/schweizversand.ch\/en\/?s={search_term_string}"},"query-input":{"@type":"PropertyValueSpecification","valueRequired":true,"valueName":"search_term_string"}}],"inLanguage":"en-US"},{"@type":"Organization","@id":"https:\/\/schweizversand.ch\/en\/#organization","name":"Schweizversand.ch","url":"https:\/\/schweizversand.ch\/en\/","logo":{"@type":"ImageObject","inLanguage":"en-US","@id":"https:\/\/schweizversand.ch\/en\/#\/schema\/logo\/image\/","url":"https:\/\/schweizversand.ch\/wp-content\/uploads\/2026\/03\/Logo_Rund_Final-1.png","contentUrl":"https:\/\/schweizversand.ch\/wp-content\/uploads\/2026\/03\/Logo_Rund_Final-1.png","width":404,"height":404,"caption":"Schweizversand.ch"},"image":{"@id":"https:\/\/schweizversand.ch\/en\/#\/schema\/logo\/image\/"},"sameAs":["https:\/\/www.facebook.com\/Schweizversand","https:\/\/www.instagram.com\/schweizversand.ch\/"]}]}},"jetpack_sharing_enabled":true,"_links":{"self":[{"href":"https:\/\/schweizversand.ch\/en\/wp-json\/wp\/v2\/product\/263976","targetHints":{"allow":["GET"]}}],"collection":[{"href":"https:\/\/schweizversand.ch\/en\/wp-json\/wp\/v2\/product"}],"about":[{"href":"https:\/\/schweizversand.ch\/en\/wp-json\/wp\/v2\/types\/product"}],"replies":[{"embeddable":true,"href":"https:\/\/schweizversand.ch\/en\/wp-json\/wp\/v2\/comments?post=263976"}],"wp:featuredmedia":[{"embeddable":true,"href":"https:\/\/schweizversand.ch\/en\/wp-json\/wp\/v2\/media\/265631"}],"wp:attachment":[{"href":"https:\/\/schweizversand.ch\/en\/wp-json\/wp\/v2\/media?parent=263976"}],"wp:term":[{"taxonomy":"product_brand","embeddable":true,"href":"https:\/\/schweizversand.ch\/en\/wp-json\/wp\/v2\/product_brand?post=263976"},{"taxonomy":"product_cat","embeddable":true,"href":"https:\/\/schweizversand.ch\/en\/wp-json\/wp\/v2\/product_cat?post=263976"},{"taxonomy":"product_tag","embeddable":true,"href":"https:\/\/schweizversand.ch\/en\/wp-json\/wp\/v2\/product_tag?post=263976"}],"curies":[{"name":"wp","href":"https:\/\/api.w.org\/{rel}","templated":true}]}}