{"id":263979,"date":"2026-04-11T02:00:37","date_gmt":"2026-04-11T00:00:37","guid":{"rendered":"https:\/\/schweizversand.ch\/produkt\/jilong-pool-basketballspiel-set\/"},"modified":"2026-04-11T15:31:55","modified_gmt":"2026-04-11T13:31:55","slug":"jilong-pool-basketballspiel-set","status":"publish","type":"product","link":"https:\/\/schweizversand.ch\/en\/produkt\/jilong-pool-basketballspiel-set\/","title":{"rendered":"Jilong Pool Basketball Game Set"},"content":{"rendered":"<div>Inflatable Pool Basketball Game \u2013 Hoop &amp; Ball Set for Children Ages 3 and Up<br \/>The Pool Hoops Game Set brings action and fun to the water! Whether in the swimming pool, at the lake, or in the garden, this set provides exercise and entertainment for the whole family. With an inflatable hoop (\u00d8 75 \u00d7 50 cm) and an inflatable basketball (\u00d8 17 cm), fun is guaranteed.<br \/>Play &amp; Fun in the Water<br \/>Inflatable Basketball Hoop for the Pool<br \/>Includes Basketball \u00d8 17 cm<br \/>Promotes Exercise, Dexterity &amp; Team Spirit<br \/>Product Details<br \/>Recommended age: 3 years and up<br \/>Basket dimensions (inflated): \u00d8 75 \u00d7 50 cm (29.5\u201d \u00d7 19.5\u201d)<br \/>Ball dimensions (inflated): \u00d8 17 cm (6.5\u201d)<br \/>Scope of delivery: 1 hoop, 1 ball, repair patch<br \/>Highlights<br \/>Easy to inflate &amp; compact for storage<br \/>Perfect for children&#8217;s birthdays, pool parties &amp; holidays<br \/>Summer hit for families, children and friends<br \/>Bring more action to the summer \u2013 with the Pool Hoops Game Set for exciting basketball duels in the water!<\/p>\n<\/div>\n","protected":false},"excerpt":{"rendered":"<p>Jilong Pool-Basketballspiel-Set bringt mit aufblasbarem Korb und Ball Spa\u00df und Bewegung f\u00fcr Kinder ab 3 Jahren \u2013 ideal f\u00fcr Pool, Garten und jede Sommerparty.<\/p>\n","protected":false},"featured_media":265679,"comment_status":"open","ping_status":"closed","template":"","meta":[],"product_brand":[],"product_cat":[38315],"product_tag":[],"class_list":{"0":"post-263979","1":"product","2":"type-product","3":"status-publish","4":"has-post-thumbnail","6":"product_cat-wasserspielzeug","7":"product_shipping_class-global_methods","9":"first","10":"instock","11":"taxable","12":"shipping-taxable","13":"purchasable","14":"product-type-simple"},"yoast_head":"<!-- This site is optimized with the Yoast SEO plugin v27.3 - https:\/\/yoast.com\/product\/yoast-seo-wordpress\/ -->\n<title>Jilong Pool-Basketballspiel-Set<\/title>\n<meta name=\"description\" content=\"Aufblasbares Pool Basketballspiel \u2013 Hoop &amp; Ball Set f\u00fcr Kinder ab 3 Jahren\u00a0 Das Pool Hoops Game Set bringt Action und Spa\u00df ins Wasser! Ob im Swimmingpool, am Se\" \/>\n<meta name=\"robots\" content=\"index, follow, max-snippet:-1, max-image-preview:large, max-video-preview:-1\" \/>\n<link rel=\"canonical\" href=\"https:\/\/schweizversand.ch\/en\/produkt\/jilong-pool-basketballspiel-set\/\" \/>\n<meta property=\"og:locale\" content=\"en_US\" \/>\n<meta property=\"og:type\" content=\"article\" \/>\n<meta property=\"og:title\" content=\"Jilong Pool-Basketballspiel-Set\" \/>\n<meta property=\"og:description\" content=\"Aufblasbares Pool Basketballspiel \u2013 Hoop &amp; Ball Set f\u00fcr Kinder ab 3 Jahren\u00a0 Das Pool Hoops Game Set bringt Action und Spa\u00df ins Wasser! Ob im Swimmingpool, am Se\" \/>\n<meta property=\"og:url\" content=\"https:\/\/schweizversand.ch\/en\/produkt\/jilong-pool-basketballspiel-set\/\" \/>\n<meta property=\"og:site_name\" content=\"Schweizer Shop f\u00fcr Sport, Spiel und Freizeit\" \/>\n<meta property=\"article:publisher\" content=\"https:\/\/www.facebook.com\/Schweizversand\" \/>\n<meta property=\"article:modified_time\" content=\"2026-04-11T13:31:55+00:00\" \/>\n<meta name=\"twitter:card\" content=\"summary_large_image\" \/>\n<meta name=\"twitter:label1\" content=\"Est. reading time\" \/>\n\t<meta name=\"twitter:data1\" content=\"1 minute\" \/>\n<script type=\"application\/ld+json\" class=\"yoast-schema-graph\">{\"@context\":\"https:\\\/\\\/schema.org\",\"@graph\":[{\"@type\":\"WebPage\",\"@id\":\"https:\\\/\\\/schweizversand.ch\\\/en\\\/produkt\\\/jilong-pool-basketballspiel-set\\\/\",\"url\":\"https:\\\/\\\/schweizversand.ch\\\/en\\\/produkt\\\/jilong-pool-basketballspiel-set\\\/\",\"name\":\"Jilong Pool-Basketballspiel-Set\",\"isPartOf\":{\"@id\":\"https:\\\/\\\/schweizversand.ch\\\/en\\\/#website\"},\"primaryImageOfPage\":{\"@id\":\"https:\\\/\\\/schweizversand.ch\\\/en\\\/produkt\\\/jilong-pool-basketballspiel-set\\\/#primaryimage\"},\"image\":{\"@id\":\"https:\\\/\\\/schweizversand.ch\\\/en\\\/produkt\\\/jilong-pool-basketballspiel-set\\\/#primaryimage\"},\"thumbnailUrl\":\"https:\\\/\\\/schweizversand.ch\\\/wp-content\\\/uploads\\\/2026\\\/04\\\/5471973130.png\",\"datePublished\":\"2026-04-11T00:00:37+00:00\",\"dateModified\":\"2026-04-11T13:31:55+00:00\",\"description\":\"Aufblasbares Pool Basketballspiel \u2013 Hoop & Ball Set f\u00fcr Kinder ab 3 Jahren\u00a0 Das Pool Hoops Game Set bringt Action und Spa\u00df ins Wasser! Ob im Swimmingpool, am Se\",\"breadcrumb\":{\"@id\":\"https:\\\/\\\/schweizversand.ch\\\/en\\\/produkt\\\/jilong-pool-basketballspiel-set\\\/#breadcrumb\"},\"inLanguage\":\"en-US\",\"potentialAction\":[{\"@type\":\"ReadAction\",\"target\":[\"https:\\\/\\\/schweizversand.ch\\\/en\\\/produkt\\\/jilong-pool-basketballspiel-set\\\/\"]}]},{\"@type\":\"ImageObject\",\"inLanguage\":\"en-US\",\"@id\":\"https:\\\/\\\/schweizversand.ch\\\/en\\\/produkt\\\/jilong-pool-basketballspiel-set\\\/#primaryimage\",\"url\":\"https:\\\/\\\/schweizversand.ch\\\/wp-content\\\/uploads\\\/2026\\\/04\\\/5471973130.png\",\"contentUrl\":\"https:\\\/\\\/schweizversand.ch\\\/wp-content\\\/uploads\\\/2026\\\/04\\\/5471973130.png\",\"width\":1024,\"height\":877},{\"@type\":\"BreadcrumbList\",\"@id\":\"https:\\\/\\\/schweizversand.ch\\\/en\\\/produkt\\\/jilong-pool-basketballspiel-set\\\/#breadcrumb\",\"itemListElement\":[{\"@type\":\"ListItem\",\"position\":1,\"name\":\"Startseite\",\"item\":\"https:\\\/\\\/schweizversand.ch\\\/en\\\/\"},{\"@type\":\"ListItem\",\"position\":2,\"name\":\"Shop\",\"item\":\"https:\\\/\\\/schweizversand.ch\\\/en\\\/shop\\\/\"},{\"@type\":\"ListItem\",\"position\":3,\"name\":\"Jilong Pool Basketball Game Set\"}]},{\"@type\":\"WebSite\",\"@id\":\"https:\\\/\\\/schweizversand.ch\\\/en\\\/#website\",\"url\":\"https:\\\/\\\/schweizversand.ch\\\/en\\\/\",\"name\":\"Schweizer Shop f\u00fcr Sport, Spiel und Freizeit\",\"description\":\"Gratisversand ab 50.- (netto), ab eigenem schweizer Lager, Lieferung innert 48h\",\"publisher\":{\"@id\":\"https:\\\/\\\/schweizversand.ch\\\/en\\\/#organization\"},\"alternateName\":\"Schweizversand.ch\",\"potentialAction\":[{\"@type\":\"SearchAction\",\"target\":{\"@type\":\"EntryPoint\",\"urlTemplate\":\"https:\\\/\\\/schweizversand.ch\\\/en\\\/?s={search_term_string}\"},\"query-input\":{\"@type\":\"PropertyValueSpecification\",\"valueRequired\":true,\"valueName\":\"search_term_string\"}}],\"inLanguage\":\"en-US\"},{\"@type\":\"Organization\",\"@id\":\"https:\\\/\\\/schweizversand.ch\\\/en\\\/#organization\",\"name\":\"Schweizversand.ch\",\"url\":\"https:\\\/\\\/schweizversand.ch\\\/en\\\/\",\"logo\":{\"@type\":\"ImageObject\",\"inLanguage\":\"en-US\",\"@id\":\"https:\\\/\\\/schweizversand.ch\\\/en\\\/#\\\/schema\\\/logo\\\/image\\\/\",\"url\":\"https:\\\/\\\/schweizversand.ch\\\/wp-content\\\/uploads\\\/2026\\\/03\\\/Logo_Rund_Final-1.png\",\"contentUrl\":\"https:\\\/\\\/schweizversand.ch\\\/wp-content\\\/uploads\\\/2026\\\/03\\\/Logo_Rund_Final-1.png\",\"width\":404,\"height\":404,\"caption\":\"Schweizversand.ch\"},\"image\":{\"@id\":\"https:\\\/\\\/schweizversand.ch\\\/en\\\/#\\\/schema\\\/logo\\\/image\\\/\"},\"sameAs\":[\"https:\\\/\\\/www.facebook.com\\\/Schweizversand\",\"https:\\\/\\\/www.instagram.com\\\/schweizversand.ch\\\/\"]}]}<\/script>\n<!-- \/ Yoast SEO plugin. -->","yoast_head_json":{"title":"Jilong Pool-Basketballspiel-Set","description":"Aufblasbares Pool Basketballspiel \u2013 Hoop & Ball Set f\u00fcr Kinder ab 3 Jahren\u00a0 Das Pool Hoops Game Set bringt Action und Spa\u00df ins Wasser! Ob im Swimmingpool, am Se","robots":{"index":"index","follow":"follow","max-snippet":"max-snippet:-1","max-image-preview":"max-image-preview:large","max-video-preview":"max-video-preview:-1"},"canonical":"https:\/\/schweizversand.ch\/en\/produkt\/jilong-pool-basketballspiel-set\/","og_locale":"en_US","og_type":"article","og_title":"Jilong Pool-Basketballspiel-Set","og_description":"Aufblasbares Pool Basketballspiel \u2013 Hoop & Ball Set f\u00fcr Kinder ab 3 Jahren\u00a0 Das Pool Hoops Game Set bringt Action und Spa\u00df ins Wasser! Ob im Swimmingpool, am Se","og_url":"https:\/\/schweizversand.ch\/en\/produkt\/jilong-pool-basketballspiel-set\/","og_site_name":"Schweizer Shop f\u00fcr Sport, Spiel und Freizeit","article_publisher":"https:\/\/www.facebook.com\/Schweizversand","article_modified_time":"2026-04-11T13:31:55+00:00","twitter_card":"summary_large_image","twitter_misc":{"Est. reading time":"1 minute"},"schema":{"@context":"https:\/\/schema.org","@graph":[{"@type":"WebPage","@id":"https:\/\/schweizversand.ch\/en\/produkt\/jilong-pool-basketballspiel-set\/","url":"https:\/\/schweizversand.ch\/en\/produkt\/jilong-pool-basketballspiel-set\/","name":"Jilong Pool-Basketballspiel-Set","isPartOf":{"@id":"https:\/\/schweizversand.ch\/en\/#website"},"primaryImageOfPage":{"@id":"https:\/\/schweizversand.ch\/en\/produkt\/jilong-pool-basketballspiel-set\/#primaryimage"},"image":{"@id":"https:\/\/schweizversand.ch\/en\/produkt\/jilong-pool-basketballspiel-set\/#primaryimage"},"thumbnailUrl":"https:\/\/schweizversand.ch\/wp-content\/uploads\/2026\/04\/5471973130.png","datePublished":"2026-04-11T00:00:37+00:00","dateModified":"2026-04-11T13:31:55+00:00","description":"Aufblasbares Pool Basketballspiel \u2013 Hoop & Ball Set f\u00fcr Kinder ab 3 Jahren\u00a0 Das Pool Hoops Game Set bringt Action und Spa\u00df ins Wasser! Ob im Swimmingpool, am Se","breadcrumb":{"@id":"https:\/\/schweizversand.ch\/en\/produkt\/jilong-pool-basketballspiel-set\/#breadcrumb"},"inLanguage":"en-US","potentialAction":[{"@type":"ReadAction","target":["https:\/\/schweizversand.ch\/en\/produkt\/jilong-pool-basketballspiel-set\/"]}]},{"@type":"ImageObject","inLanguage":"en-US","@id":"https:\/\/schweizversand.ch\/en\/produkt\/jilong-pool-basketballspiel-set\/#primaryimage","url":"https:\/\/schweizversand.ch\/wp-content\/uploads\/2026\/04\/5471973130.png","contentUrl":"https:\/\/schweizversand.ch\/wp-content\/uploads\/2026\/04\/5471973130.png","width":1024,"height":877},{"@type":"BreadcrumbList","@id":"https:\/\/schweizversand.ch\/en\/produkt\/jilong-pool-basketballspiel-set\/#breadcrumb","itemListElement":[{"@type":"ListItem","position":1,"name":"Startseite","item":"https:\/\/schweizversand.ch\/en\/"},{"@type":"ListItem","position":2,"name":"Shop","item":"https:\/\/schweizversand.ch\/en\/shop\/"},{"@type":"ListItem","position":3,"name":"Jilong Pool Basketball Game Set"}]},{"@type":"WebSite","@id":"https:\/\/schweizversand.ch\/en\/#website","url":"https:\/\/schweizversand.ch\/en\/","name":"Schweizer Shop f\u00fcr Sport, Spiel und Freizeit","description":"Gratisversand ab 50.- (netto), ab eigenem schweizer Lager, Lieferung innert 48h","publisher":{"@id":"https:\/\/schweizversand.ch\/en\/#organization"},"alternateName":"Schweizversand.ch","potentialAction":[{"@type":"SearchAction","target":{"@type":"EntryPoint","urlTemplate":"https:\/\/schweizversand.ch\/en\/?s={search_term_string}"},"query-input":{"@type":"PropertyValueSpecification","valueRequired":true,"valueName":"search_term_string"}}],"inLanguage":"en-US"},{"@type":"Organization","@id":"https:\/\/schweizversand.ch\/en\/#organization","name":"Schweizversand.ch","url":"https:\/\/schweizversand.ch\/en\/","logo":{"@type":"ImageObject","inLanguage":"en-US","@id":"https:\/\/schweizversand.ch\/en\/#\/schema\/logo\/image\/","url":"https:\/\/schweizversand.ch\/wp-content\/uploads\/2026\/03\/Logo_Rund_Final-1.png","contentUrl":"https:\/\/schweizversand.ch\/wp-content\/uploads\/2026\/03\/Logo_Rund_Final-1.png","width":404,"height":404,"caption":"Schweizversand.ch"},"image":{"@id":"https:\/\/schweizversand.ch\/en\/#\/schema\/logo\/image\/"},"sameAs":["https:\/\/www.facebook.com\/Schweizversand","https:\/\/www.instagram.com\/schweizversand.ch\/"]}]}},"jetpack_sharing_enabled":true,"_links":{"self":[{"href":"https:\/\/schweizversand.ch\/en\/wp-json\/wp\/v2\/product\/263979","targetHints":{"allow":["GET"]}}],"collection":[{"href":"https:\/\/schweizversand.ch\/en\/wp-json\/wp\/v2\/product"}],"about":[{"href":"https:\/\/schweizversand.ch\/en\/wp-json\/wp\/v2\/types\/product"}],"replies":[{"embeddable":true,"href":"https:\/\/schweizversand.ch\/en\/wp-json\/wp\/v2\/comments?post=263979"}],"wp:featuredmedia":[{"embeddable":true,"href":"https:\/\/schweizversand.ch\/en\/wp-json\/wp\/v2\/media\/265679"}],"wp:attachment":[{"href":"https:\/\/schweizversand.ch\/en\/wp-json\/wp\/v2\/media?parent=263979"}],"wp:term":[{"taxonomy":"product_brand","embeddable":true,"href":"https:\/\/schweizversand.ch\/en\/wp-json\/wp\/v2\/product_brand?post=263979"},{"taxonomy":"product_cat","embeddable":true,"href":"https:\/\/schweizversand.ch\/en\/wp-json\/wp\/v2\/product_cat?post=263979"},{"taxonomy":"product_tag","embeddable":true,"href":"https:\/\/schweizversand.ch\/en\/wp-json\/wp\/v2\/product_tag?post=263979"}],"curies":[{"name":"wp","href":"https:\/\/api.w.org\/{rel}","templated":true}]}}