{"id":263982,"date":"2026-04-11T02:00:38","date_gmt":"2026-04-11T00:00:38","guid":{"rendered":"https:\/\/schweizversand.ch\/produkt\/jilong-schwimmring-mit-pinguin-design\/"},"modified":"2026-04-11T15:31:56","modified_gmt":"2026-04-11T13:31:56","slug":"jilong-schwimmring-mit-pinguin-design","status":"publish","type":"product","link":"https:\/\/schweizversand.ch\/en\/produkt\/jilong-schwimmring-mit-pinguin-design\/","title":{"rendered":"Jilong swimming ring with penguin design"},"content":{"rendered":"<p>&lt;div&gt;Bring the fun of the outdoors to life with our Animal Penguin Swim Ring! This swim ring is designed to encourage movement and tons of fun outdoors \u2013 because fun is what it&#8217;s all about. Enjoy splashing around in the sun like never before! With an inflated diameter of \u00f850cm, the swim ring is the perfect size for carefree fun in the water. Recommended for children aged 3-5 years, this adorable penguin design is the perfect companion for young water lovers. Made from durable, double-layered vinyl, the swim ring guarantees longevity and safety. Please note: This swim ring is not suitable for children under 3 years old. Use only in shallow water under adult supervision. Make children&#8217;s hearts beat faster and take sunbathing fun to a whole new level \u2013 with our Animal Penguin Swim Ring! Inflated size: \u00f850cm Recommended age: 3-5 years Design: Penguin Made of durable, double-layered vinyl Caution: Not suitable for children under 3 years. Use only in shallow water under adult supervision.<\/p>\n","protected":false},"excerpt":{"rendered":"<p>Jilong Schwimmring mit Pinguin Design \u2013 robuster Vinylring \u00f850cm f\u00fcr Kinder 3-5 Jahre. Perfekt f\u00fcr sicheren, spa\u00dfigen Wasserspa\u00df im Freien unter Aufsicht.<\/p>\n","protected":false},"featured_media":265759,"comment_status":"open","ping_status":"closed","template":"","meta":[],"product_brand":[],"product_cat":[38767],"product_tag":[],"class_list":{"0":"post-263982","1":"product","2":"type-product","3":"status-publish","4":"has-post-thumbnail","6":"product_cat-schwimmen-tauchen","7":"product_shipping_class-global_methods","9":"first","10":"instock","11":"taxable","12":"shipping-taxable","13":"purchasable","14":"product-type-simple"},"yoast_head":"<!-- This site is optimized with the Yoast SEO plugin v27.3 - https:\/\/yoast.com\/product\/yoast-seo-wordpress\/ -->\n<title>Jilong Schwimmring mit Pinguin Design<\/title>\n<meta name=\"description\" content=\"Erwecken Sie den Spa\u00df im Freien zum Leben mit unserem Animal Schwimmring Pinguin!\u00a0 \u00a0\u00a0 Dieser Schwimmring wurde entworfen, um Bewegung und jede Menge Freude im F\" \/>\n<meta name=\"robots\" content=\"index, follow, max-snippet:-1, max-image-preview:large, max-video-preview:-1\" \/>\n<link rel=\"canonical\" href=\"https:\/\/schweizversand.ch\/en\/produkt\/jilong-schwimmring-mit-pinguin-design\/\" \/>\n<meta property=\"og:locale\" content=\"en_US\" \/>\n<meta property=\"og:type\" content=\"article\" \/>\n<meta property=\"og:title\" content=\"Jilong Schwimmring mit Pinguin Design\" \/>\n<meta property=\"og:description\" content=\"Erwecken Sie den Spa\u00df im Freien zum Leben mit unserem Animal Schwimmring Pinguin!\u00a0 \u00a0\u00a0 Dieser Schwimmring wurde entworfen, um Bewegung und jede Menge Freude im F\" \/>\n<meta property=\"og:url\" content=\"https:\/\/schweizversand.ch\/en\/produkt\/jilong-schwimmring-mit-pinguin-design\/\" \/>\n<meta property=\"og:site_name\" content=\"Schweizer Shop f\u00fcr Sport, Spiel und Freizeit\" \/>\n<meta property=\"article:publisher\" content=\"https:\/\/www.facebook.com\/Schweizversand\" \/>\n<meta property=\"article:modified_time\" content=\"2026-04-11T13:31:56+00:00\" \/>\n<meta property=\"og:image\" content=\"https:\/\/schweizversand.ch\/wp-content\/uploads\/2026\/04\/5471676733.png\" \/>\n\t<meta property=\"og:image:width\" content=\"1024\" \/>\n\t<meta property=\"og:image:height\" content=\"1024\" \/>\n\t<meta property=\"og:image:type\" content=\"image\/png\" \/>\n<meta name=\"twitter:card\" content=\"summary_large_image\" \/>\n<meta name=\"twitter:label1\" content=\"Est. reading time\" \/>\n\t<meta name=\"twitter:data1\" content=\"1 minute\" \/>\n<script type=\"application\/ld+json\" class=\"yoast-schema-graph\">{\"@context\":\"https:\\\/\\\/schema.org\",\"@graph\":[{\"@type\":\"WebPage\",\"@id\":\"https:\\\/\\\/schweizversand.ch\\\/en\\\/produkt\\\/jilong-schwimmring-mit-pinguin-design\\\/\",\"url\":\"https:\\\/\\\/schweizversand.ch\\\/en\\\/produkt\\\/jilong-schwimmring-mit-pinguin-design\\\/\",\"name\":\"Jilong Schwimmring mit Pinguin Design\",\"isPartOf\":{\"@id\":\"https:\\\/\\\/schweizversand.ch\\\/en\\\/#website\"},\"primaryImageOfPage\":{\"@id\":\"https:\\\/\\\/schweizversand.ch\\\/en\\\/produkt\\\/jilong-schwimmring-mit-pinguin-design\\\/#primaryimage\"},\"image\":{\"@id\":\"https:\\\/\\\/schweizversand.ch\\\/en\\\/produkt\\\/jilong-schwimmring-mit-pinguin-design\\\/#primaryimage\"},\"thumbnailUrl\":\"https:\\\/\\\/schweizversand.ch\\\/wp-content\\\/uploads\\\/2026\\\/04\\\/5471676733.png\",\"datePublished\":\"2026-04-11T00:00:38+00:00\",\"dateModified\":\"2026-04-11T13:31:56+00:00\",\"description\":\"Erwecken Sie den Spa\u00df im Freien zum Leben mit unserem Animal Schwimmring Pinguin!\u00a0 \u00a0\u00a0 Dieser Schwimmring wurde entworfen, um Bewegung und jede Menge Freude im F\",\"breadcrumb\":{\"@id\":\"https:\\\/\\\/schweizversand.ch\\\/en\\\/produkt\\\/jilong-schwimmring-mit-pinguin-design\\\/#breadcrumb\"},\"inLanguage\":\"en-US\",\"potentialAction\":[{\"@type\":\"ReadAction\",\"target\":[\"https:\\\/\\\/schweizversand.ch\\\/en\\\/produkt\\\/jilong-schwimmring-mit-pinguin-design\\\/\"]}]},{\"@type\":\"ImageObject\",\"inLanguage\":\"en-US\",\"@id\":\"https:\\\/\\\/schweizversand.ch\\\/en\\\/produkt\\\/jilong-schwimmring-mit-pinguin-design\\\/#primaryimage\",\"url\":\"https:\\\/\\\/schweizversand.ch\\\/wp-content\\\/uploads\\\/2026\\\/04\\\/5471676733.png\",\"contentUrl\":\"https:\\\/\\\/schweizversand.ch\\\/wp-content\\\/uploads\\\/2026\\\/04\\\/5471676733.png\",\"width\":1024,\"height\":1024},{\"@type\":\"BreadcrumbList\",\"@id\":\"https:\\\/\\\/schweizversand.ch\\\/en\\\/produkt\\\/jilong-schwimmring-mit-pinguin-design\\\/#breadcrumb\",\"itemListElement\":[{\"@type\":\"ListItem\",\"position\":1,\"name\":\"Startseite\",\"item\":\"https:\\\/\\\/schweizversand.ch\\\/en\\\/\"},{\"@type\":\"ListItem\",\"position\":2,\"name\":\"Shop\",\"item\":\"https:\\\/\\\/schweizversand.ch\\\/en\\\/shop\\\/\"},{\"@type\":\"ListItem\",\"position\":3,\"name\":\"Jilong swimming ring with penguin design\"}]},{\"@type\":\"WebSite\",\"@id\":\"https:\\\/\\\/schweizversand.ch\\\/en\\\/#website\",\"url\":\"https:\\\/\\\/schweizversand.ch\\\/en\\\/\",\"name\":\"Schweizer Shop f\u00fcr Sport, Spiel und Freizeit\",\"description\":\"Gratisversand ab 50.- (netto), ab eigenem schweizer Lager, Lieferung innert 48h\",\"publisher\":{\"@id\":\"https:\\\/\\\/schweizversand.ch\\\/en\\\/#organization\"},\"alternateName\":\"Schweizversand.ch\",\"potentialAction\":[{\"@type\":\"SearchAction\",\"target\":{\"@type\":\"EntryPoint\",\"urlTemplate\":\"https:\\\/\\\/schweizversand.ch\\\/en\\\/?s={search_term_string}\"},\"query-input\":{\"@type\":\"PropertyValueSpecification\",\"valueRequired\":true,\"valueName\":\"search_term_string\"}}],\"inLanguage\":\"en-US\"},{\"@type\":\"Organization\",\"@id\":\"https:\\\/\\\/schweizversand.ch\\\/en\\\/#organization\",\"name\":\"Schweizversand.ch\",\"url\":\"https:\\\/\\\/schweizversand.ch\\\/en\\\/\",\"logo\":{\"@type\":\"ImageObject\",\"inLanguage\":\"en-US\",\"@id\":\"https:\\\/\\\/schweizversand.ch\\\/en\\\/#\\\/schema\\\/logo\\\/image\\\/\",\"url\":\"https:\\\/\\\/schweizversand.ch\\\/wp-content\\\/uploads\\\/2026\\\/03\\\/Logo_Rund_Final-1.png\",\"contentUrl\":\"https:\\\/\\\/schweizversand.ch\\\/wp-content\\\/uploads\\\/2026\\\/03\\\/Logo_Rund_Final-1.png\",\"width\":404,\"height\":404,\"caption\":\"Schweizversand.ch\"},\"image\":{\"@id\":\"https:\\\/\\\/schweizversand.ch\\\/en\\\/#\\\/schema\\\/logo\\\/image\\\/\"},\"sameAs\":[\"https:\\\/\\\/www.facebook.com\\\/Schweizversand\",\"https:\\\/\\\/www.instagram.com\\\/schweizversand.ch\\\/\"]}]}<\/script>\n<!-- \/ Yoast SEO plugin. -->","yoast_head_json":{"title":"Jilong Schwimmring mit Pinguin Design","description":"Erwecken Sie den Spa\u00df im Freien zum Leben mit unserem Animal Schwimmring Pinguin!\u00a0 \u00a0\u00a0 Dieser Schwimmring wurde entworfen, um Bewegung und jede Menge Freude im F","robots":{"index":"index","follow":"follow","max-snippet":"max-snippet:-1","max-image-preview":"max-image-preview:large","max-video-preview":"max-video-preview:-1"},"canonical":"https:\/\/schweizversand.ch\/en\/produkt\/jilong-schwimmring-mit-pinguin-design\/","og_locale":"en_US","og_type":"article","og_title":"Jilong Schwimmring mit Pinguin Design","og_description":"Erwecken Sie den Spa\u00df im Freien zum Leben mit unserem Animal Schwimmring Pinguin!\u00a0 \u00a0\u00a0 Dieser Schwimmring wurde entworfen, um Bewegung und jede Menge Freude im F","og_url":"https:\/\/schweizversand.ch\/en\/produkt\/jilong-schwimmring-mit-pinguin-design\/","og_site_name":"Schweizer Shop f\u00fcr Sport, Spiel und Freizeit","article_publisher":"https:\/\/www.facebook.com\/Schweizversand","article_modified_time":"2026-04-11T13:31:56+00:00","og_image":[{"width":1024,"height":1024,"url":"https:\/\/schweizversand.ch\/wp-content\/uploads\/2026\/04\/5471676733.png","type":"image\/png"}],"twitter_card":"summary_large_image","twitter_misc":{"Est. reading time":"1 minute"},"schema":{"@context":"https:\/\/schema.org","@graph":[{"@type":"WebPage","@id":"https:\/\/schweizversand.ch\/en\/produkt\/jilong-schwimmring-mit-pinguin-design\/","url":"https:\/\/schweizversand.ch\/en\/produkt\/jilong-schwimmring-mit-pinguin-design\/","name":"Jilong Schwimmring mit Pinguin Design","isPartOf":{"@id":"https:\/\/schweizversand.ch\/en\/#website"},"primaryImageOfPage":{"@id":"https:\/\/schweizversand.ch\/en\/produkt\/jilong-schwimmring-mit-pinguin-design\/#primaryimage"},"image":{"@id":"https:\/\/schweizversand.ch\/en\/produkt\/jilong-schwimmring-mit-pinguin-design\/#primaryimage"},"thumbnailUrl":"https:\/\/schweizversand.ch\/wp-content\/uploads\/2026\/04\/5471676733.png","datePublished":"2026-04-11T00:00:38+00:00","dateModified":"2026-04-11T13:31:56+00:00","description":"Erwecken Sie den Spa\u00df im Freien zum Leben mit unserem Animal Schwimmring Pinguin!\u00a0 \u00a0\u00a0 Dieser Schwimmring wurde entworfen, um Bewegung und jede Menge Freude im F","breadcrumb":{"@id":"https:\/\/schweizversand.ch\/en\/produkt\/jilong-schwimmring-mit-pinguin-design\/#breadcrumb"},"inLanguage":"en-US","potentialAction":[{"@type":"ReadAction","target":["https:\/\/schweizversand.ch\/en\/produkt\/jilong-schwimmring-mit-pinguin-design\/"]}]},{"@type":"ImageObject","inLanguage":"en-US","@id":"https:\/\/schweizversand.ch\/en\/produkt\/jilong-schwimmring-mit-pinguin-design\/#primaryimage","url":"https:\/\/schweizversand.ch\/wp-content\/uploads\/2026\/04\/5471676733.png","contentUrl":"https:\/\/schweizversand.ch\/wp-content\/uploads\/2026\/04\/5471676733.png","width":1024,"height":1024},{"@type":"BreadcrumbList","@id":"https:\/\/schweizversand.ch\/en\/produkt\/jilong-schwimmring-mit-pinguin-design\/#breadcrumb","itemListElement":[{"@type":"ListItem","position":1,"name":"Startseite","item":"https:\/\/schweizversand.ch\/en\/"},{"@type":"ListItem","position":2,"name":"Shop","item":"https:\/\/schweizversand.ch\/en\/shop\/"},{"@type":"ListItem","position":3,"name":"Jilong swimming ring with penguin design"}]},{"@type":"WebSite","@id":"https:\/\/schweizversand.ch\/en\/#website","url":"https:\/\/schweizversand.ch\/en\/","name":"Schweizer Shop f\u00fcr Sport, Spiel und Freizeit","description":"Gratisversand ab 50.- (netto), ab eigenem schweizer Lager, Lieferung innert 48h","publisher":{"@id":"https:\/\/schweizversand.ch\/en\/#organization"},"alternateName":"Schweizversand.ch","potentialAction":[{"@type":"SearchAction","target":{"@type":"EntryPoint","urlTemplate":"https:\/\/schweizversand.ch\/en\/?s={search_term_string}"},"query-input":{"@type":"PropertyValueSpecification","valueRequired":true,"valueName":"search_term_string"}}],"inLanguage":"en-US"},{"@type":"Organization","@id":"https:\/\/schweizversand.ch\/en\/#organization","name":"Schweizversand.ch","url":"https:\/\/schweizversand.ch\/en\/","logo":{"@type":"ImageObject","inLanguage":"en-US","@id":"https:\/\/schweizversand.ch\/en\/#\/schema\/logo\/image\/","url":"https:\/\/schweizversand.ch\/wp-content\/uploads\/2026\/03\/Logo_Rund_Final-1.png","contentUrl":"https:\/\/schweizversand.ch\/wp-content\/uploads\/2026\/03\/Logo_Rund_Final-1.png","width":404,"height":404,"caption":"Schweizversand.ch"},"image":{"@id":"https:\/\/schweizversand.ch\/en\/#\/schema\/logo\/image\/"},"sameAs":["https:\/\/www.facebook.com\/Schweizversand","https:\/\/www.instagram.com\/schweizversand.ch\/"]}]}},"jetpack_sharing_enabled":true,"_links":{"self":[{"href":"https:\/\/schweizversand.ch\/en\/wp-json\/wp\/v2\/product\/263982","targetHints":{"allow":["GET"]}}],"collection":[{"href":"https:\/\/schweizversand.ch\/en\/wp-json\/wp\/v2\/product"}],"about":[{"href":"https:\/\/schweizversand.ch\/en\/wp-json\/wp\/v2\/types\/product"}],"replies":[{"embeddable":true,"href":"https:\/\/schweizversand.ch\/en\/wp-json\/wp\/v2\/comments?post=263982"}],"wp:featuredmedia":[{"embeddable":true,"href":"https:\/\/schweizversand.ch\/en\/wp-json\/wp\/v2\/media\/265759"}],"wp:attachment":[{"href":"https:\/\/schweizversand.ch\/en\/wp-json\/wp\/v2\/media?parent=263982"}],"wp:term":[{"taxonomy":"product_brand","embeddable":true,"href":"https:\/\/schweizversand.ch\/en\/wp-json\/wp\/v2\/product_brand?post=263982"},{"taxonomy":"product_cat","embeddable":true,"href":"https:\/\/schweizversand.ch\/en\/wp-json\/wp\/v2\/product_cat?post=263982"},{"taxonomy":"product_tag","embeddable":true,"href":"https:\/\/schweizversand.ch\/en\/wp-json\/wp\/v2\/product_tag?post=263982"}],"curies":[{"name":"wp","href":"https:\/\/api.w.org\/{rel}","templated":true}]}}