{"id":263996,"date":"2026-04-11T02:00:41","date_gmt":"2026-04-11T00:00:41","guid":{"rendered":"https:\/\/schweizversand.ch\/produkt\/jilong-kinder-pool\/"},"modified":"2026-04-15T02:01:47","modified_gmt":"2026-04-15T00:01:47","slug":"jilong-kinder-pool","status":"publish","type":"product","link":"https:\/\/schweizversand.ch\/en\/produkt\/jilong-kinder-pool\/","title":{"rendered":"Jilong Children&#8217;s Pool"},"content":{"rendered":"<p>Refreshing fun for little water lovers!<\/p>\n<p>On a hot summer day, there&#8217;s nothing better than splashing around in your own backyard pool. This inflatable 3-ring pool is the perfect accessory for endless fun! Made from high-quality, durable PVC material, the pool guarantees countless summer adventures. With its three sturdy soft rings that prevent falls, children can splash around safely and carefree.<\/p>\n<p>The practical design ensures quick setup \u2013 thanks to the three separate valves, inflation is done in no time. And after the summer season? Simply repurpose it and continue using it as a paddling pool with inflatable balls! The cheerful colors of blue, pink, and yellow will make every child&#8217;s heart light up and spark their imagination.<\/p>\n<p>The pool is ideal for the backyard, allotment, or patio and is suitable for children aged 2 to 6 years. See for yourself the quality and create unforgettable summer moments!<\/p>\n<p>The pool is ideal for the backyard, allotment, or patio and is suitable for children aged 2 to 6 years. See for yourself the quality and create unforgettable summer moments! <br \/>Dimensions and Details:<\/p>\n<p>\u2022 External dimensions: 120 x 24 cm<\/p>\n<p>\u2022 Capacity: 165 l (at 75% fill level)<\/p>\n<p>\u2022 Material: PVC, 0.15\/0.18 mm thick<\/p>\n<p>\u2022 Weight: approx. 0.780 kg<\/p>\n<p>\u2022 Includes repair patch<\/p>\n<p>Make your child&#8217;s summer unforgettable \u2013 with the Sun Club 3-ring pool!<\/p>\n","protected":false},"excerpt":{"rendered":"<p>Jilong Kinder Pool bietet sicheren Badespa\u00df mit stabilem 3-Ring-Design, langlebigem PVC und schnellem Aufbau \u2013 ideal f\u00fcr unvergessliche Sommerabenteuer im Garten!<\/p>\n","protected":false},"featured_media":266004,"comment_status":"open","ping_status":"closed","template":"","meta":[],"product_brand":[],"product_cat":[39233],"product_tag":[],"class_list":{"0":"post-263996","1":"product","2":"type-product","3":"status-publish","4":"has-post-thumbnail","6":"product_cat-pool","7":"product_shipping_class-global_methods","9":"first","10":"instock","11":"taxable","12":"shipping-taxable","13":"purchasable","14":"product-type-simple"},"yoast_head":"<!-- This site is optimized with the Yoast SEO plugin v27.4 - https:\/\/yoast.com\/product\/yoast-seo-wordpress\/ -->\n<title>Jilong Kinder Pool<\/title>\n<meta name=\"description\" content=\"Erfrischender Spa\u00df f\u00fcr kleine Wasserratten! An einem hei\u00dfen Sommertag gibt es nichts Sch\u00f6neres, als im eigenen Garten im Pool zu planschen. Der aufblasbare 3-R\" \/>\n<meta name=\"robots\" content=\"index, follow, max-snippet:-1, max-image-preview:large, max-video-preview:-1\" \/>\n<link rel=\"canonical\" href=\"https:\/\/schweizversand.ch\/en\/produkt\/jilong-kinder-pool\/\" \/>\n<meta property=\"og:locale\" content=\"en_US\" \/>\n<meta property=\"og:type\" content=\"article\" \/>\n<meta property=\"og:title\" content=\"Jilong Kinder Pool\" \/>\n<meta property=\"og:description\" content=\"Erfrischender Spa\u00df f\u00fcr kleine Wasserratten! An einem hei\u00dfen Sommertag gibt es nichts Sch\u00f6neres, als im eigenen Garten im Pool zu planschen. Der aufblasbare 3-R\" \/>\n<meta property=\"og:url\" content=\"https:\/\/schweizversand.ch\/en\/produkt\/jilong-kinder-pool\/\" \/>\n<meta property=\"og:site_name\" content=\"Schweizer Shop f\u00fcr Sport, Spiel und Freizeit\" \/>\n<meta property=\"article:publisher\" content=\"https:\/\/www.facebook.com\/Schweizversand\" \/>\n<meta property=\"article:modified_time\" content=\"2026-04-15T00:01:47+00:00\" \/>\n<meta property=\"og:image\" content=\"https:\/\/schweizversand.ch\/wp-content\/uploads\/2026\/04\/5471551825.jpg\" \/>\n\t<meta property=\"og:image:width\" content=\"1024\" \/>\n\t<meta property=\"og:image:height\" content=\"802\" \/>\n\t<meta property=\"og:image:type\" content=\"image\/jpeg\" \/>\n<meta name=\"twitter:card\" content=\"summary_large_image\" \/>\n<meta name=\"twitter:label1\" content=\"Est. reading time\" \/>\n\t<meta name=\"twitter:data1\" content=\"1 minute\" \/>\n<script type=\"application\/ld+json\" class=\"yoast-schema-graph\">{\"@context\":\"https:\\\/\\\/schema.org\",\"@graph\":[{\"@type\":\"WebPage\",\"@id\":\"https:\\\/\\\/schweizversand.ch\\\/en\\\/produkt\\\/jilong-kinder-pool\\\/\",\"url\":\"https:\\\/\\\/schweizversand.ch\\\/en\\\/produkt\\\/jilong-kinder-pool\\\/\",\"name\":\"Jilong Kinder Pool\",\"isPartOf\":{\"@id\":\"https:\\\/\\\/schweizversand.ch\\\/en\\\/#website\"},\"primaryImageOfPage\":{\"@id\":\"https:\\\/\\\/schweizversand.ch\\\/en\\\/produkt\\\/jilong-kinder-pool\\\/#primaryimage\"},\"image\":{\"@id\":\"https:\\\/\\\/schweizversand.ch\\\/en\\\/produkt\\\/jilong-kinder-pool\\\/#primaryimage\"},\"thumbnailUrl\":\"https:\\\/\\\/schweizversand.ch\\\/wp-content\\\/uploads\\\/2026\\\/04\\\/5471551825.jpg\",\"datePublished\":\"2026-04-11T00:00:41+00:00\",\"dateModified\":\"2026-04-15T00:01:47+00:00\",\"description\":\"Erfrischender Spa\u00df f\u00fcr kleine Wasserratten! An einem hei\u00dfen Sommertag gibt es nichts Sch\u00f6neres, als im eigenen Garten im Pool zu planschen. Der aufblasbare 3-R\",\"breadcrumb\":{\"@id\":\"https:\\\/\\\/schweizversand.ch\\\/en\\\/produkt\\\/jilong-kinder-pool\\\/#breadcrumb\"},\"inLanguage\":\"en-US\",\"potentialAction\":[{\"@type\":\"ReadAction\",\"target\":[\"https:\\\/\\\/schweizversand.ch\\\/en\\\/produkt\\\/jilong-kinder-pool\\\/\"]}]},{\"@type\":\"ImageObject\",\"inLanguage\":\"en-US\",\"@id\":\"https:\\\/\\\/schweizversand.ch\\\/en\\\/produkt\\\/jilong-kinder-pool\\\/#primaryimage\",\"url\":\"https:\\\/\\\/schweizversand.ch\\\/wp-content\\\/uploads\\\/2026\\\/04\\\/5471551825.jpg\",\"contentUrl\":\"https:\\\/\\\/schweizversand.ch\\\/wp-content\\\/uploads\\\/2026\\\/04\\\/5471551825.jpg\",\"width\":1024,\"height\":802},{\"@type\":\"BreadcrumbList\",\"@id\":\"https:\\\/\\\/schweizversand.ch\\\/en\\\/produkt\\\/jilong-kinder-pool\\\/#breadcrumb\",\"itemListElement\":[{\"@type\":\"ListItem\",\"position\":1,\"name\":\"Startseite\",\"item\":\"https:\\\/\\\/schweizversand.ch\\\/en\\\/\"},{\"@type\":\"ListItem\",\"position\":2,\"name\":\"Shop\",\"item\":\"https:\\\/\\\/schweizversand.ch\\\/en\\\/shop\\\/\"},{\"@type\":\"ListItem\",\"position\":3,\"name\":\"Pool\",\"item\":\"https:\\\/\\\/schweizversand.ch\\\/en\\\/produkt-kategorie\\\/pool\\\/\"},{\"@type\":\"ListItem\",\"position\":4,\"name\":\"Jilong Children&#8217;s Pool\"}]},{\"@type\":\"WebSite\",\"@id\":\"https:\\\/\\\/schweizversand.ch\\\/en\\\/#website\",\"url\":\"https:\\\/\\\/schweizversand.ch\\\/en\\\/\",\"name\":\"Schweizer Shop f\u00fcr Sport, Spiel und Freizeit\",\"description\":\"Gratisversand ab 50.- (netto), ab eigenem schweizer Lager, Lieferung innert 48h\",\"publisher\":{\"@id\":\"https:\\\/\\\/schweizversand.ch\\\/en\\\/#organization\"},\"alternateName\":\"Schweizversand.ch\",\"potentialAction\":[{\"@type\":\"SearchAction\",\"target\":{\"@type\":\"EntryPoint\",\"urlTemplate\":\"https:\\\/\\\/schweizversand.ch\\\/en\\\/?s={search_term_string}\"},\"query-input\":{\"@type\":\"PropertyValueSpecification\",\"valueRequired\":true,\"valueName\":\"search_term_string\"}}],\"inLanguage\":\"en-US\"},{\"@type\":\"Organization\",\"@id\":\"https:\\\/\\\/schweizversand.ch\\\/en\\\/#organization\",\"name\":\"Schweizversand.ch\",\"url\":\"https:\\\/\\\/schweizversand.ch\\\/en\\\/\",\"logo\":{\"@type\":\"ImageObject\",\"inLanguage\":\"en-US\",\"@id\":\"https:\\\/\\\/schweizversand.ch\\\/en\\\/#\\\/schema\\\/logo\\\/image\\\/\",\"url\":\"https:\\\/\\\/schweizversand.ch\\\/wp-content\\\/uploads\\\/2026\\\/03\\\/Logo_Rund_Final-1.png\",\"contentUrl\":\"https:\\\/\\\/schweizversand.ch\\\/wp-content\\\/uploads\\\/2026\\\/03\\\/Logo_Rund_Final-1.png\",\"width\":404,\"height\":404,\"caption\":\"Schweizversand.ch\"},\"image\":{\"@id\":\"https:\\\/\\\/schweizversand.ch\\\/en\\\/#\\\/schema\\\/logo\\\/image\\\/\"},\"sameAs\":[\"https:\\\/\\\/www.facebook.com\\\/Schweizversand\",\"https:\\\/\\\/www.instagram.com\\\/schweizversand.ch\\\/\"]}]}<\/script>\n<!-- \/ Yoast SEO plugin. -->","yoast_head_json":{"title":"Jilong Kinder Pool","description":"Erfrischender Spa\u00df f\u00fcr kleine Wasserratten! An einem hei\u00dfen Sommertag gibt es nichts Sch\u00f6neres, als im eigenen Garten im Pool zu planschen. Der aufblasbare 3-R","robots":{"index":"index","follow":"follow","max-snippet":"max-snippet:-1","max-image-preview":"max-image-preview:large","max-video-preview":"max-video-preview:-1"},"canonical":"https:\/\/schweizversand.ch\/en\/produkt\/jilong-kinder-pool\/","og_locale":"en_US","og_type":"article","og_title":"Jilong Kinder Pool","og_description":"Erfrischender Spa\u00df f\u00fcr kleine Wasserratten! An einem hei\u00dfen Sommertag gibt es nichts Sch\u00f6neres, als im eigenen Garten im Pool zu planschen. Der aufblasbare 3-R","og_url":"https:\/\/schweizversand.ch\/en\/produkt\/jilong-kinder-pool\/","og_site_name":"Schweizer Shop f\u00fcr Sport, Spiel und Freizeit","article_publisher":"https:\/\/www.facebook.com\/Schweizversand","article_modified_time":"2026-04-15T00:01:47+00:00","og_image":[{"width":1024,"height":802,"url":"https:\/\/schweizversand.ch\/wp-content\/uploads\/2026\/04\/5471551825.jpg","type":"image\/jpeg"}],"twitter_card":"summary_large_image","twitter_misc":{"Est. reading time":"1 minute"},"schema":{"@context":"https:\/\/schema.org","@graph":[{"@type":"WebPage","@id":"https:\/\/schweizversand.ch\/en\/produkt\/jilong-kinder-pool\/","url":"https:\/\/schweizversand.ch\/en\/produkt\/jilong-kinder-pool\/","name":"Jilong Kinder Pool","isPartOf":{"@id":"https:\/\/schweizversand.ch\/en\/#website"},"primaryImageOfPage":{"@id":"https:\/\/schweizversand.ch\/en\/produkt\/jilong-kinder-pool\/#primaryimage"},"image":{"@id":"https:\/\/schweizversand.ch\/en\/produkt\/jilong-kinder-pool\/#primaryimage"},"thumbnailUrl":"https:\/\/schweizversand.ch\/wp-content\/uploads\/2026\/04\/5471551825.jpg","datePublished":"2026-04-11T00:00:41+00:00","dateModified":"2026-04-15T00:01:47+00:00","description":"Erfrischender Spa\u00df f\u00fcr kleine Wasserratten! An einem hei\u00dfen Sommertag gibt es nichts Sch\u00f6neres, als im eigenen Garten im Pool zu planschen. Der aufblasbare 3-R","breadcrumb":{"@id":"https:\/\/schweizversand.ch\/en\/produkt\/jilong-kinder-pool\/#breadcrumb"},"inLanguage":"en-US","potentialAction":[{"@type":"ReadAction","target":["https:\/\/schweizversand.ch\/en\/produkt\/jilong-kinder-pool\/"]}]},{"@type":"ImageObject","inLanguage":"en-US","@id":"https:\/\/schweizversand.ch\/en\/produkt\/jilong-kinder-pool\/#primaryimage","url":"https:\/\/schweizversand.ch\/wp-content\/uploads\/2026\/04\/5471551825.jpg","contentUrl":"https:\/\/schweizversand.ch\/wp-content\/uploads\/2026\/04\/5471551825.jpg","width":1024,"height":802},{"@type":"BreadcrumbList","@id":"https:\/\/schweizversand.ch\/en\/produkt\/jilong-kinder-pool\/#breadcrumb","itemListElement":[{"@type":"ListItem","position":1,"name":"Startseite","item":"https:\/\/schweizversand.ch\/en\/"},{"@type":"ListItem","position":2,"name":"Shop","item":"https:\/\/schweizversand.ch\/en\/shop\/"},{"@type":"ListItem","position":3,"name":"Pool","item":"https:\/\/schweizversand.ch\/en\/produkt-kategorie\/pool\/"},{"@type":"ListItem","position":4,"name":"Jilong Children&#8217;s Pool"}]},{"@type":"WebSite","@id":"https:\/\/schweizversand.ch\/en\/#website","url":"https:\/\/schweizversand.ch\/en\/","name":"Schweizer Shop f\u00fcr Sport, Spiel und Freizeit","description":"Gratisversand ab 50.- (netto), ab eigenem schweizer Lager, Lieferung innert 48h","publisher":{"@id":"https:\/\/schweizversand.ch\/en\/#organization"},"alternateName":"Schweizversand.ch","potentialAction":[{"@type":"SearchAction","target":{"@type":"EntryPoint","urlTemplate":"https:\/\/schweizversand.ch\/en\/?s={search_term_string}"},"query-input":{"@type":"PropertyValueSpecification","valueRequired":true,"valueName":"search_term_string"}}],"inLanguage":"en-US"},{"@type":"Organization","@id":"https:\/\/schweizversand.ch\/en\/#organization","name":"Schweizversand.ch","url":"https:\/\/schweizversand.ch\/en\/","logo":{"@type":"ImageObject","inLanguage":"en-US","@id":"https:\/\/schweizversand.ch\/en\/#\/schema\/logo\/image\/","url":"https:\/\/schweizversand.ch\/wp-content\/uploads\/2026\/03\/Logo_Rund_Final-1.png","contentUrl":"https:\/\/schweizversand.ch\/wp-content\/uploads\/2026\/03\/Logo_Rund_Final-1.png","width":404,"height":404,"caption":"Schweizversand.ch"},"image":{"@id":"https:\/\/schweizversand.ch\/en\/#\/schema\/logo\/image\/"},"sameAs":["https:\/\/www.facebook.com\/Schweizversand","https:\/\/www.instagram.com\/schweizversand.ch\/"]}]}},"jetpack_sharing_enabled":true,"_links":{"self":[{"href":"https:\/\/schweizversand.ch\/en\/wp-json\/wp\/v2\/product\/263996","targetHints":{"allow":["GET"]}}],"collection":[{"href":"https:\/\/schweizversand.ch\/en\/wp-json\/wp\/v2\/product"}],"about":[{"href":"https:\/\/schweizversand.ch\/en\/wp-json\/wp\/v2\/types\/product"}],"replies":[{"embeddable":true,"href":"https:\/\/schweizversand.ch\/en\/wp-json\/wp\/v2\/comments?post=263996"}],"wp:featuredmedia":[{"embeddable":true,"href":"https:\/\/schweizversand.ch\/en\/wp-json\/wp\/v2\/media\/266004"}],"wp:attachment":[{"href":"https:\/\/schweizversand.ch\/en\/wp-json\/wp\/v2\/media?parent=263996"}],"wp:term":[{"taxonomy":"product_brand","embeddable":true,"href":"https:\/\/schweizversand.ch\/en\/wp-json\/wp\/v2\/product_brand?post=263996"},{"taxonomy":"product_cat","embeddable":true,"href":"https:\/\/schweizversand.ch\/en\/wp-json\/wp\/v2\/product_cat?post=263996"},{"taxonomy":"product_tag","embeddable":true,"href":"https:\/\/schweizversand.ch\/en\/wp-json\/wp\/v2\/product_tag?post=263996"}],"curies":[{"name":"wp","href":"https:\/\/api.w.org\/{rel}","templated":true}]}}