{"id":264002,"date":"2026-04-11T02:00:42","date_gmt":"2026-04-11T00:00:42","guid":{"rendered":"https:\/\/schweizversand.ch\/produkt\/jilong-marshmallow-mesh-wasserliege\/"},"modified":"2026-04-11T15:31:56","modified_gmt":"2026-04-11T13:31:56","slug":"jilong-marshmallow-mesh-wasserliege","status":"publish","type":"product","link":"https:\/\/schweizversand.ch\/en\/produkt\/jilong-marshmallow-mesh-wasserliege\/","title":{"rendered":"Jilong Marshmallow Mesh Water Lounger"},"content":{"rendered":"<div>Inflatable Water Lounger with Mesh Comfort<br \/>The Marshmallow Mesh Water Lounger ensures relaxed chilling on the water. With its dimensions of 120 \u00d7 72 \u00d7 17 cm (inflated), it offers comfortable lounging for adults and teenagers. The integrated mesh fabric allows for pleasant cooling in the water and enhances the feeling of comfort.<br \/>Comfort &amp; Safety 2 separate air chambers for added stability and safety Weight capacity up to 80 kg (176 lbs) Comfortable mesh in the water for cool comfort Product Details Recommended age: 14 years and up Dimensions (inflated): 120 \u00d7 72 \u00d7 17 cm (47\u201d \u00d7 28\u201d \u00d7 6.5\u201d) Dimensions (deflated): 136 \u00d7 78 cm (53.5\u201d \u00d7 31\u201d) Max. load: 80 kg Scope of delivery: Water lounger + repair patch Certification: EN ISO 25649 (for EU Market)<br \/>Highlights<br \/>Ideal for pool, lake &amp; beach<br \/>Easy to inflate &amp; compact to store<br \/>Robust, durable &amp; comfortable thanks to mesh insert<br \/>Relax in style on the water \u2013 with the Marshmallow Mesh Water Lounger, the perfect blend of comfort and safety!<\/p>\n<\/div>\n","protected":false},"excerpt":{"rendered":"<p>Jilong Marshmallow Mesh Wasserliege bietet mit bequemem Mesh-Gewebe, 2 Luftkammern und 80 kg Traglast entspannten und sicheren Liegekomfort auf Pool, See und Strand.<\/p>\n","protected":false},"featured_media":266138,"comment_status":"open","ping_status":"closed","template":"","meta":[],"product_brand":[],"product_cat":[38315],"product_tag":[],"class_list":{"0":"post-264002","1":"product","2":"type-product","3":"status-publish","4":"has-post-thumbnail","6":"product_cat-wasserspielzeug","7":"product_shipping_class-global_methods","9":"first","10":"instock","11":"taxable","12":"shipping-taxable","13":"purchasable","14":"product-type-simple"},"yoast_head":"<!-- This site is optimized with the Yoast SEO plugin v27.3 - https:\/\/yoast.com\/product\/yoast-seo-wordpress\/ -->\n<title>Jilong Marshmallow Mesh Wasserliege<\/title>\n<meta name=\"description\" content=\"Aufblasbare Wasserliege mit Mesh-Komfort\u00a0 Die Marshmallow Mesh Wasserliege sorgt f\u00fcr entspanntes Chillen auf dem Wasser. Mit ihren Ma\u00dfen von 120 \u00d7 72 \u00d7 17 cm (a\" \/>\n<meta name=\"robots\" content=\"index, follow, max-snippet:-1, max-image-preview:large, max-video-preview:-1\" \/>\n<link rel=\"canonical\" href=\"https:\/\/schweizversand.ch\/en\/produkt\/jilong-marshmallow-mesh-wasserliege\/\" \/>\n<meta property=\"og:locale\" content=\"en_US\" \/>\n<meta property=\"og:type\" content=\"article\" \/>\n<meta property=\"og:title\" content=\"Jilong Marshmallow Mesh Wasserliege\" \/>\n<meta property=\"og:description\" content=\"Aufblasbare Wasserliege mit Mesh-Komfort\u00a0 Die Marshmallow Mesh Wasserliege sorgt f\u00fcr entspanntes Chillen auf dem Wasser. Mit ihren Ma\u00dfen von 120 \u00d7 72 \u00d7 17 cm (a\" \/>\n<meta property=\"og:url\" content=\"https:\/\/schweizversand.ch\/en\/produkt\/jilong-marshmallow-mesh-wasserliege\/\" \/>\n<meta property=\"og:site_name\" content=\"Schweizer Shop f\u00fcr Sport, Spiel und Freizeit\" \/>\n<meta property=\"article:publisher\" content=\"https:\/\/www.facebook.com\/Schweizversand\" \/>\n<meta property=\"article:modified_time\" content=\"2026-04-11T13:31:56+00:00\" \/>\n<meta name=\"twitter:card\" content=\"summary_large_image\" \/>\n<meta name=\"twitter:label1\" content=\"Est. reading time\" \/>\n\t<meta name=\"twitter:data1\" content=\"1 minute\" \/>\n<script type=\"application\/ld+json\" class=\"yoast-schema-graph\">{\"@context\":\"https:\\\/\\\/schema.org\",\"@graph\":[{\"@type\":\"WebPage\",\"@id\":\"https:\\\/\\\/schweizversand.ch\\\/en\\\/produkt\\\/jilong-marshmallow-mesh-wasserliege\\\/\",\"url\":\"https:\\\/\\\/schweizversand.ch\\\/en\\\/produkt\\\/jilong-marshmallow-mesh-wasserliege\\\/\",\"name\":\"Jilong Marshmallow Mesh Wasserliege\",\"isPartOf\":{\"@id\":\"https:\\\/\\\/schweizversand.ch\\\/en\\\/#website\"},\"primaryImageOfPage\":{\"@id\":\"https:\\\/\\\/schweizversand.ch\\\/en\\\/produkt\\\/jilong-marshmallow-mesh-wasserliege\\\/#primaryimage\"},\"image\":{\"@id\":\"https:\\\/\\\/schweizversand.ch\\\/en\\\/produkt\\\/jilong-marshmallow-mesh-wasserliege\\\/#primaryimage\"},\"thumbnailUrl\":\"https:\\\/\\\/schweizversand.ch\\\/wp-content\\\/uploads\\\/2026\\\/04\\\/5471974143.png\",\"datePublished\":\"2026-04-11T00:00:42+00:00\",\"dateModified\":\"2026-04-11T13:31:56+00:00\",\"description\":\"Aufblasbare Wasserliege mit Mesh-Komfort\u00a0 Die Marshmallow Mesh Wasserliege sorgt f\u00fcr entspanntes Chillen auf dem Wasser. Mit ihren Ma\u00dfen von 120 \u00d7 72 \u00d7 17 cm (a\",\"breadcrumb\":{\"@id\":\"https:\\\/\\\/schweizversand.ch\\\/en\\\/produkt\\\/jilong-marshmallow-mesh-wasserliege\\\/#breadcrumb\"},\"inLanguage\":\"en-US\",\"potentialAction\":[{\"@type\":\"ReadAction\",\"target\":[\"https:\\\/\\\/schweizversand.ch\\\/en\\\/produkt\\\/jilong-marshmallow-mesh-wasserliege\\\/\"]}]},{\"@type\":\"ImageObject\",\"inLanguage\":\"en-US\",\"@id\":\"https:\\\/\\\/schweizversand.ch\\\/en\\\/produkt\\\/jilong-marshmallow-mesh-wasserliege\\\/#primaryimage\",\"url\":\"https:\\\/\\\/schweizversand.ch\\\/wp-content\\\/uploads\\\/2026\\\/04\\\/5471974143.png\",\"contentUrl\":\"https:\\\/\\\/schweizversand.ch\\\/wp-content\\\/uploads\\\/2026\\\/04\\\/5471974143.png\",\"width\":1024,\"height\":1024},{\"@type\":\"BreadcrumbList\",\"@id\":\"https:\\\/\\\/schweizversand.ch\\\/en\\\/produkt\\\/jilong-marshmallow-mesh-wasserliege\\\/#breadcrumb\",\"itemListElement\":[{\"@type\":\"ListItem\",\"position\":1,\"name\":\"Startseite\",\"item\":\"https:\\\/\\\/schweizversand.ch\\\/en\\\/\"},{\"@type\":\"ListItem\",\"position\":2,\"name\":\"Shop\",\"item\":\"https:\\\/\\\/schweizversand.ch\\\/en\\\/shop\\\/\"},{\"@type\":\"ListItem\",\"position\":3,\"name\":\"Jilong Marshmallow Mesh Water Lounger\"}]},{\"@type\":\"WebSite\",\"@id\":\"https:\\\/\\\/schweizversand.ch\\\/en\\\/#website\",\"url\":\"https:\\\/\\\/schweizversand.ch\\\/en\\\/\",\"name\":\"Schweizer Shop f\u00fcr Sport, Spiel und Freizeit\",\"description\":\"Gratisversand ab 50.- (netto), ab eigenem schweizer Lager, Lieferung innert 48h\",\"publisher\":{\"@id\":\"https:\\\/\\\/schweizversand.ch\\\/en\\\/#organization\"},\"alternateName\":\"Schweizversand.ch\",\"potentialAction\":[{\"@type\":\"SearchAction\",\"target\":{\"@type\":\"EntryPoint\",\"urlTemplate\":\"https:\\\/\\\/schweizversand.ch\\\/en\\\/?s={search_term_string}\"},\"query-input\":{\"@type\":\"PropertyValueSpecification\",\"valueRequired\":true,\"valueName\":\"search_term_string\"}}],\"inLanguage\":\"en-US\"},{\"@type\":\"Organization\",\"@id\":\"https:\\\/\\\/schweizversand.ch\\\/en\\\/#organization\",\"name\":\"Schweizversand.ch\",\"url\":\"https:\\\/\\\/schweizversand.ch\\\/en\\\/\",\"logo\":{\"@type\":\"ImageObject\",\"inLanguage\":\"en-US\",\"@id\":\"https:\\\/\\\/schweizversand.ch\\\/en\\\/#\\\/schema\\\/logo\\\/image\\\/\",\"url\":\"https:\\\/\\\/schweizversand.ch\\\/wp-content\\\/uploads\\\/2026\\\/03\\\/Logo_Rund_Final-1.png\",\"contentUrl\":\"https:\\\/\\\/schweizversand.ch\\\/wp-content\\\/uploads\\\/2026\\\/03\\\/Logo_Rund_Final-1.png\",\"width\":404,\"height\":404,\"caption\":\"Schweizversand.ch\"},\"image\":{\"@id\":\"https:\\\/\\\/schweizversand.ch\\\/en\\\/#\\\/schema\\\/logo\\\/image\\\/\"},\"sameAs\":[\"https:\\\/\\\/www.facebook.com\\\/Schweizversand\",\"https:\\\/\\\/www.instagram.com\\\/schweizversand.ch\\\/\"]}]}<\/script>\n<!-- \/ Yoast SEO plugin. -->","yoast_head_json":{"title":"Jilong Marshmallow Mesh Wasserliege","description":"Aufblasbare Wasserliege mit Mesh-Komfort\u00a0 Die Marshmallow Mesh Wasserliege sorgt f\u00fcr entspanntes Chillen auf dem Wasser. Mit ihren Ma\u00dfen von 120 \u00d7 72 \u00d7 17 cm (a","robots":{"index":"index","follow":"follow","max-snippet":"max-snippet:-1","max-image-preview":"max-image-preview:large","max-video-preview":"max-video-preview:-1"},"canonical":"https:\/\/schweizversand.ch\/en\/produkt\/jilong-marshmallow-mesh-wasserliege\/","og_locale":"en_US","og_type":"article","og_title":"Jilong Marshmallow Mesh Wasserliege","og_description":"Aufblasbare Wasserliege mit Mesh-Komfort\u00a0 Die Marshmallow Mesh Wasserliege sorgt f\u00fcr entspanntes Chillen auf dem Wasser. Mit ihren Ma\u00dfen von 120 \u00d7 72 \u00d7 17 cm (a","og_url":"https:\/\/schweizversand.ch\/en\/produkt\/jilong-marshmallow-mesh-wasserliege\/","og_site_name":"Schweizer Shop f\u00fcr Sport, Spiel und Freizeit","article_publisher":"https:\/\/www.facebook.com\/Schweizversand","article_modified_time":"2026-04-11T13:31:56+00:00","twitter_card":"summary_large_image","twitter_misc":{"Est. reading time":"1 minute"},"schema":{"@context":"https:\/\/schema.org","@graph":[{"@type":"WebPage","@id":"https:\/\/schweizversand.ch\/en\/produkt\/jilong-marshmallow-mesh-wasserliege\/","url":"https:\/\/schweizversand.ch\/en\/produkt\/jilong-marshmallow-mesh-wasserliege\/","name":"Jilong Marshmallow Mesh Wasserliege","isPartOf":{"@id":"https:\/\/schweizversand.ch\/en\/#website"},"primaryImageOfPage":{"@id":"https:\/\/schweizversand.ch\/en\/produkt\/jilong-marshmallow-mesh-wasserliege\/#primaryimage"},"image":{"@id":"https:\/\/schweizversand.ch\/en\/produkt\/jilong-marshmallow-mesh-wasserliege\/#primaryimage"},"thumbnailUrl":"https:\/\/schweizversand.ch\/wp-content\/uploads\/2026\/04\/5471974143.png","datePublished":"2026-04-11T00:00:42+00:00","dateModified":"2026-04-11T13:31:56+00:00","description":"Aufblasbare Wasserliege mit Mesh-Komfort\u00a0 Die Marshmallow Mesh Wasserliege sorgt f\u00fcr entspanntes Chillen auf dem Wasser. Mit ihren Ma\u00dfen von 120 \u00d7 72 \u00d7 17 cm (a","breadcrumb":{"@id":"https:\/\/schweizversand.ch\/en\/produkt\/jilong-marshmallow-mesh-wasserliege\/#breadcrumb"},"inLanguage":"en-US","potentialAction":[{"@type":"ReadAction","target":["https:\/\/schweizversand.ch\/en\/produkt\/jilong-marshmallow-mesh-wasserliege\/"]}]},{"@type":"ImageObject","inLanguage":"en-US","@id":"https:\/\/schweizversand.ch\/en\/produkt\/jilong-marshmallow-mesh-wasserliege\/#primaryimage","url":"https:\/\/schweizversand.ch\/wp-content\/uploads\/2026\/04\/5471974143.png","contentUrl":"https:\/\/schweizversand.ch\/wp-content\/uploads\/2026\/04\/5471974143.png","width":1024,"height":1024},{"@type":"BreadcrumbList","@id":"https:\/\/schweizversand.ch\/en\/produkt\/jilong-marshmallow-mesh-wasserliege\/#breadcrumb","itemListElement":[{"@type":"ListItem","position":1,"name":"Startseite","item":"https:\/\/schweizversand.ch\/en\/"},{"@type":"ListItem","position":2,"name":"Shop","item":"https:\/\/schweizversand.ch\/en\/shop\/"},{"@type":"ListItem","position":3,"name":"Jilong Marshmallow Mesh Water Lounger"}]},{"@type":"WebSite","@id":"https:\/\/schweizversand.ch\/en\/#website","url":"https:\/\/schweizversand.ch\/en\/","name":"Schweizer Shop f\u00fcr Sport, Spiel und Freizeit","description":"Gratisversand ab 50.- (netto), ab eigenem schweizer Lager, Lieferung innert 48h","publisher":{"@id":"https:\/\/schweizversand.ch\/en\/#organization"},"alternateName":"Schweizversand.ch","potentialAction":[{"@type":"SearchAction","target":{"@type":"EntryPoint","urlTemplate":"https:\/\/schweizversand.ch\/en\/?s={search_term_string}"},"query-input":{"@type":"PropertyValueSpecification","valueRequired":true,"valueName":"search_term_string"}}],"inLanguage":"en-US"},{"@type":"Organization","@id":"https:\/\/schweizversand.ch\/en\/#organization","name":"Schweizversand.ch","url":"https:\/\/schweizversand.ch\/en\/","logo":{"@type":"ImageObject","inLanguage":"en-US","@id":"https:\/\/schweizversand.ch\/en\/#\/schema\/logo\/image\/","url":"https:\/\/schweizversand.ch\/wp-content\/uploads\/2026\/03\/Logo_Rund_Final-1.png","contentUrl":"https:\/\/schweizversand.ch\/wp-content\/uploads\/2026\/03\/Logo_Rund_Final-1.png","width":404,"height":404,"caption":"Schweizversand.ch"},"image":{"@id":"https:\/\/schweizversand.ch\/en\/#\/schema\/logo\/image\/"},"sameAs":["https:\/\/www.facebook.com\/Schweizversand","https:\/\/www.instagram.com\/schweizversand.ch\/"]}]}},"jetpack_sharing_enabled":true,"_links":{"self":[{"href":"https:\/\/schweizversand.ch\/en\/wp-json\/wp\/v2\/product\/264002","targetHints":{"allow":["GET"]}}],"collection":[{"href":"https:\/\/schweizversand.ch\/en\/wp-json\/wp\/v2\/product"}],"about":[{"href":"https:\/\/schweizversand.ch\/en\/wp-json\/wp\/v2\/types\/product"}],"replies":[{"embeddable":true,"href":"https:\/\/schweizversand.ch\/en\/wp-json\/wp\/v2\/comments?post=264002"}],"wp:featuredmedia":[{"embeddable":true,"href":"https:\/\/schweizversand.ch\/en\/wp-json\/wp\/v2\/media\/266138"}],"wp:attachment":[{"href":"https:\/\/schweizversand.ch\/en\/wp-json\/wp\/v2\/media?parent=264002"}],"wp:term":[{"taxonomy":"product_brand","embeddable":true,"href":"https:\/\/schweizversand.ch\/en\/wp-json\/wp\/v2\/product_brand?post=264002"},{"taxonomy":"product_cat","embeddable":true,"href":"https:\/\/schweizversand.ch\/en\/wp-json\/wp\/v2\/product_cat?post=264002"},{"taxonomy":"product_tag","embeddable":true,"href":"https:\/\/schweizversand.ch\/en\/wp-json\/wp\/v2\/product_tag?post=264002"}],"curies":[{"name":"wp","href":"https:\/\/api.w.org\/{rel}","templated":true}]}}