{"id":264028,"date":"2026-04-11T02:00:44","date_gmt":"2026-04-11T00:00:44","guid":{"rendered":"https:\/\/schweizversand.ch\/produkt\/jilong-aufblasbarer-pool-ocean-world\/"},"modified":"2026-04-15T02:01:48","modified_gmt":"2026-04-15T00:01:48","slug":"jilong-aufblasbarer-pool-ocean-world-2","status":"publish","type":"product","link":"https:\/\/schweizversand.ch\/en\/produkt\/jilong-aufblasbarer-pool-ocean-world-2\/","title":{"rendered":"Jilong Inflatable Pool &#8220;Ocean World&#8221;"},"content":{"rendered":"<p>Ocean World Pool \u2013 The perfect garden pool for hot summer days!<\/p>\n<p>Enjoy refreshing fun for the whole family with the Ocean World Pool! This above-ground pool, with a diameter of 2.05 m and a height of 47 cm, offers plenty of space for splashing, playing, and cooling off \u2013 ideal for children aged 3 and up.<\/p>\n<p>Product Features:<\/p>\n<p>\u2022 Complies with EN16927 standard \u2013 for tested safety<\/p>\n<p>\u2022 Water capacity (75%): 855 liters (226 gallons)<\/p>\n<p>\u2022 Inflatable PVC top ring for comfort and stability<\/p>\n<p>\u2022 Durable 3-layer PVC wall \u2013 robust and long-lasting<\/p>\n<p>\u2022 Quick setup &amp; space-saving storage \u2013 perfect for summer<\/p>\n<p>\u2022 Includes repair patch &amp; color box for easy storage<\/p>\n<p>Ideal for garden, patio &amp; Camping<br \/>\n<br \/>Whether in your own backyard or on a camping trip \u2013 this children&#8217;s garden pool can be set up and taken down in no time. Thanks to its small pack size of only 0.014 m\u00b3, it fits easily into any car trunk or garden shed.<\/p>\n","protected":false},"excerpt":{"rendered":"<p>Jilong Aufblasbarer Pool &#8220;Ocean World&#8221; \u2013 Robuster, sicherer Familienpool mit 2,05 m Durchmesser, schnellem Aufbau und 855 Litern Wasserkapazit\u00e4t f\u00fcr erfrischenden Badespa\u00df.<\/p>\n","protected":false},"featured_media":266415,"comment_status":"open","ping_status":"closed","template":"","meta":[],"product_brand":[],"product_cat":[39233],"product_tag":[],"class_list":{"0":"post-264028","1":"product","2":"type-product","3":"status-publish","4":"has-post-thumbnail","6":"product_cat-pool","7":"product_shipping_class-global_methods","9":"first","10":"instock","11":"taxable","12":"shipping-taxable","13":"purchasable","14":"product-type-simple"},"yoast_head":"<!-- This site is optimized with the Yoast SEO plugin v27.4 - https:\/\/yoast.com\/product\/yoast-seo-wordpress\/ -->\n<title>Jilong Aufblasbarer Pool &quot;Ocean World&quot;<\/title>\n<meta name=\"description\" content=\"Ocean World Pool \u2013 Der perfekte Gartenpool f\u00fcr hei\u00dfe Sommertage! Genie\u00dfen Sie erfrischenden Badespa\u00df f\u00fcr die ganze Familie mit dem Ocean World Pool! Dieser Auf\" \/>\n<meta name=\"robots\" content=\"index, follow, max-snippet:-1, max-image-preview:large, max-video-preview:-1\" \/>\n<link rel=\"canonical\" href=\"https:\/\/schweizversand.ch\/en\/produkt\/jilong-aufblasbarer-pool-ocean-world-2\/\" \/>\n<meta property=\"og:locale\" content=\"en_US\" \/>\n<meta property=\"og:type\" content=\"article\" \/>\n<meta property=\"og:title\" content=\"Jilong Aufblasbarer Pool &quot;Ocean World&quot;\" \/>\n<meta property=\"og:description\" content=\"Ocean World Pool \u2013 Der perfekte Gartenpool f\u00fcr hei\u00dfe Sommertage! Genie\u00dfen Sie erfrischenden Badespa\u00df f\u00fcr die ganze Familie mit dem Ocean World Pool! Dieser Auf\" \/>\n<meta property=\"og:url\" content=\"https:\/\/schweizversand.ch\/en\/produkt\/jilong-aufblasbarer-pool-ocean-world-2\/\" \/>\n<meta property=\"og:site_name\" content=\"Schweizer Shop f\u00fcr Sport, Spiel und Freizeit\" \/>\n<meta property=\"article:publisher\" content=\"https:\/\/www.facebook.com\/Schweizversand\" \/>\n<meta property=\"article:modified_time\" content=\"2026-04-15T00:01:48+00:00\" \/>\n<meta property=\"og:image\" content=\"https:\/\/schweizversand.ch\/wp-content\/uploads\/2026\/04\/5471578410.jpg\" \/>\n\t<meta property=\"og:image:width\" content=\"1024\" \/>\n\t<meta property=\"og:image:height\" content=\"1024\" \/>\n\t<meta property=\"og:image:type\" content=\"image\/jpeg\" \/>\n<meta name=\"twitter:card\" content=\"summary_large_image\" \/>\n<meta name=\"twitter:label1\" content=\"Est. reading time\" \/>\n\t<meta name=\"twitter:data1\" content=\"1 minute\" \/>\n<script type=\"application\/ld+json\" class=\"yoast-schema-graph\">{\"@context\":\"https:\\\/\\\/schema.org\",\"@graph\":[{\"@type\":\"WebPage\",\"@id\":\"https:\\\/\\\/schweizversand.ch\\\/en\\\/produkt\\\/jilong-aufblasbarer-pool-ocean-world-2\\\/\",\"url\":\"https:\\\/\\\/schweizversand.ch\\\/en\\\/produkt\\\/jilong-aufblasbarer-pool-ocean-world-2\\\/\",\"name\":\"Jilong Aufblasbarer Pool \\\"Ocean World\\\"\",\"isPartOf\":{\"@id\":\"https:\\\/\\\/schweizversand.ch\\\/en\\\/#website\"},\"primaryImageOfPage\":{\"@id\":\"https:\\\/\\\/schweizversand.ch\\\/en\\\/produkt\\\/jilong-aufblasbarer-pool-ocean-world-2\\\/#primaryimage\"},\"image\":{\"@id\":\"https:\\\/\\\/schweizversand.ch\\\/en\\\/produkt\\\/jilong-aufblasbarer-pool-ocean-world-2\\\/#primaryimage\"},\"thumbnailUrl\":\"https:\\\/\\\/schweizversand.ch\\\/wp-content\\\/uploads\\\/2026\\\/04\\\/5471578410.jpg\",\"datePublished\":\"2026-04-11T00:00:44+00:00\",\"dateModified\":\"2026-04-15T00:01:48+00:00\",\"description\":\"Ocean World Pool \u2013 Der perfekte Gartenpool f\u00fcr hei\u00dfe Sommertage! Genie\u00dfen Sie erfrischenden Badespa\u00df f\u00fcr die ganze Familie mit dem Ocean World Pool! Dieser Auf\",\"breadcrumb\":{\"@id\":\"https:\\\/\\\/schweizversand.ch\\\/en\\\/produkt\\\/jilong-aufblasbarer-pool-ocean-world-2\\\/#breadcrumb\"},\"inLanguage\":\"en-US\",\"potentialAction\":[{\"@type\":\"ReadAction\",\"target\":[\"https:\\\/\\\/schweizversand.ch\\\/en\\\/produkt\\\/jilong-aufblasbarer-pool-ocean-world-2\\\/\"]}]},{\"@type\":\"ImageObject\",\"inLanguage\":\"en-US\",\"@id\":\"https:\\\/\\\/schweizversand.ch\\\/en\\\/produkt\\\/jilong-aufblasbarer-pool-ocean-world-2\\\/#primaryimage\",\"url\":\"https:\\\/\\\/schweizversand.ch\\\/wp-content\\\/uploads\\\/2026\\\/04\\\/5471578410.jpg\",\"contentUrl\":\"https:\\\/\\\/schweizversand.ch\\\/wp-content\\\/uploads\\\/2026\\\/04\\\/5471578410.jpg\",\"width\":1024,\"height\":1024},{\"@type\":\"BreadcrumbList\",\"@id\":\"https:\\\/\\\/schweizversand.ch\\\/en\\\/produkt\\\/jilong-aufblasbarer-pool-ocean-world-2\\\/#breadcrumb\",\"itemListElement\":[{\"@type\":\"ListItem\",\"position\":1,\"name\":\"Startseite\",\"item\":\"https:\\\/\\\/schweizversand.ch\\\/en\\\/\"},{\"@type\":\"ListItem\",\"position\":2,\"name\":\"Shop\",\"item\":\"https:\\\/\\\/schweizversand.ch\\\/en\\\/shop\\\/\"},{\"@type\":\"ListItem\",\"position\":3,\"name\":\"Home &amp; Garden\",\"item\":\"https:\\\/\\\/schweizversand.ch\\\/en\\\/produkt-kategorie\\\/home-garden\\\/\"},{\"@type\":\"ListItem\",\"position\":4,\"name\":\"Pools &amp; Spa\",\"item\":\"https:\\\/\\\/schweizversand.ch\\\/en\\\/produkt-kategorie\\\/home-garden\\\/pools-spa\\\/\"},{\"@type\":\"ListItem\",\"position\":5,\"name\":\"Pool\",\"item\":\"https:\\\/\\\/schweizversand.ch\\\/en\\\/produkt-kategorie\\\/pool\\\/\"},{\"@type\":\"ListItem\",\"position\":6,\"name\":\"Jilong Inflatable Pool &#8222;Ocean World&#8220;\"}]},{\"@type\":\"WebSite\",\"@id\":\"https:\\\/\\\/schweizversand.ch\\\/en\\\/#website\",\"url\":\"https:\\\/\\\/schweizversand.ch\\\/en\\\/\",\"name\":\"Schweizer Shop f\u00fcr Sport, Spiel und Freizeit\",\"description\":\"Gratisversand ab 50.- (netto), ab eigenem schweizer Lager, Lieferung innert 48h\",\"publisher\":{\"@id\":\"https:\\\/\\\/schweizversand.ch\\\/en\\\/#organization\"},\"alternateName\":\"Schweizversand.ch\",\"potentialAction\":[{\"@type\":\"SearchAction\",\"target\":{\"@type\":\"EntryPoint\",\"urlTemplate\":\"https:\\\/\\\/schweizversand.ch\\\/en\\\/?s={search_term_string}\"},\"query-input\":{\"@type\":\"PropertyValueSpecification\",\"valueRequired\":true,\"valueName\":\"search_term_string\"}}],\"inLanguage\":\"en-US\"},{\"@type\":\"Organization\",\"@id\":\"https:\\\/\\\/schweizversand.ch\\\/en\\\/#organization\",\"name\":\"Schweizversand.ch\",\"url\":\"https:\\\/\\\/schweizversand.ch\\\/en\\\/\",\"logo\":{\"@type\":\"ImageObject\",\"inLanguage\":\"en-US\",\"@id\":\"https:\\\/\\\/schweizversand.ch\\\/en\\\/#\\\/schema\\\/logo\\\/image\\\/\",\"url\":\"https:\\\/\\\/schweizversand.ch\\\/wp-content\\\/uploads\\\/2026\\\/03\\\/Logo_Rund_Final-1.png\",\"contentUrl\":\"https:\\\/\\\/schweizversand.ch\\\/wp-content\\\/uploads\\\/2026\\\/03\\\/Logo_Rund_Final-1.png\",\"width\":404,\"height\":404,\"caption\":\"Schweizversand.ch\"},\"image\":{\"@id\":\"https:\\\/\\\/schweizversand.ch\\\/en\\\/#\\\/schema\\\/logo\\\/image\\\/\"},\"sameAs\":[\"https:\\\/\\\/www.facebook.com\\\/Schweizversand\",\"https:\\\/\\\/www.instagram.com\\\/schweizversand.ch\\\/\"]}]}<\/script>\n<!-- \/ Yoast SEO plugin. -->","yoast_head_json":{"title":"Jilong Aufblasbarer Pool \"Ocean World\"","description":"Ocean World Pool \u2013 Der perfekte Gartenpool f\u00fcr hei\u00dfe Sommertage! Genie\u00dfen Sie erfrischenden Badespa\u00df f\u00fcr die ganze Familie mit dem Ocean World Pool! Dieser Auf","robots":{"index":"index","follow":"follow","max-snippet":"max-snippet:-1","max-image-preview":"max-image-preview:large","max-video-preview":"max-video-preview:-1"},"canonical":"https:\/\/schweizversand.ch\/en\/produkt\/jilong-aufblasbarer-pool-ocean-world-2\/","og_locale":"en_US","og_type":"article","og_title":"Jilong Aufblasbarer Pool \"Ocean World\"","og_description":"Ocean World Pool \u2013 Der perfekte Gartenpool f\u00fcr hei\u00dfe Sommertage! Genie\u00dfen Sie erfrischenden Badespa\u00df f\u00fcr die ganze Familie mit dem Ocean World Pool! Dieser Auf","og_url":"https:\/\/schweizversand.ch\/en\/produkt\/jilong-aufblasbarer-pool-ocean-world-2\/","og_site_name":"Schweizer Shop f\u00fcr Sport, Spiel und Freizeit","article_publisher":"https:\/\/www.facebook.com\/Schweizversand","article_modified_time":"2026-04-15T00:01:48+00:00","og_image":[{"width":1024,"height":1024,"url":"https:\/\/schweizversand.ch\/wp-content\/uploads\/2026\/04\/5471578410.jpg","type":"image\/jpeg"}],"twitter_card":"summary_large_image","twitter_misc":{"Est. reading time":"1 minute"},"schema":{"@context":"https:\/\/schema.org","@graph":[{"@type":"WebPage","@id":"https:\/\/schweizversand.ch\/en\/produkt\/jilong-aufblasbarer-pool-ocean-world-2\/","url":"https:\/\/schweizversand.ch\/en\/produkt\/jilong-aufblasbarer-pool-ocean-world-2\/","name":"Jilong Aufblasbarer Pool \"Ocean World\"","isPartOf":{"@id":"https:\/\/schweizversand.ch\/en\/#website"},"primaryImageOfPage":{"@id":"https:\/\/schweizversand.ch\/en\/produkt\/jilong-aufblasbarer-pool-ocean-world-2\/#primaryimage"},"image":{"@id":"https:\/\/schweizversand.ch\/en\/produkt\/jilong-aufblasbarer-pool-ocean-world-2\/#primaryimage"},"thumbnailUrl":"https:\/\/schweizversand.ch\/wp-content\/uploads\/2026\/04\/5471578410.jpg","datePublished":"2026-04-11T00:00:44+00:00","dateModified":"2026-04-15T00:01:48+00:00","description":"Ocean World Pool \u2013 Der perfekte Gartenpool f\u00fcr hei\u00dfe Sommertage! Genie\u00dfen Sie erfrischenden Badespa\u00df f\u00fcr die ganze Familie mit dem Ocean World Pool! Dieser Auf","breadcrumb":{"@id":"https:\/\/schweizversand.ch\/en\/produkt\/jilong-aufblasbarer-pool-ocean-world-2\/#breadcrumb"},"inLanguage":"en-US","potentialAction":[{"@type":"ReadAction","target":["https:\/\/schweizversand.ch\/en\/produkt\/jilong-aufblasbarer-pool-ocean-world-2\/"]}]},{"@type":"ImageObject","inLanguage":"en-US","@id":"https:\/\/schweizversand.ch\/en\/produkt\/jilong-aufblasbarer-pool-ocean-world-2\/#primaryimage","url":"https:\/\/schweizversand.ch\/wp-content\/uploads\/2026\/04\/5471578410.jpg","contentUrl":"https:\/\/schweizversand.ch\/wp-content\/uploads\/2026\/04\/5471578410.jpg","width":1024,"height":1024},{"@type":"BreadcrumbList","@id":"https:\/\/schweizversand.ch\/en\/produkt\/jilong-aufblasbarer-pool-ocean-world-2\/#breadcrumb","itemListElement":[{"@type":"ListItem","position":1,"name":"Startseite","item":"https:\/\/schweizversand.ch\/en\/"},{"@type":"ListItem","position":2,"name":"Shop","item":"https:\/\/schweizversand.ch\/en\/shop\/"},{"@type":"ListItem","position":3,"name":"Home &amp; Garden","item":"https:\/\/schweizversand.ch\/en\/produkt-kategorie\/home-garden\/"},{"@type":"ListItem","position":4,"name":"Pools &amp; Spa","item":"https:\/\/schweizversand.ch\/en\/produkt-kategorie\/home-garden\/pools-spa\/"},{"@type":"ListItem","position":5,"name":"Pool","item":"https:\/\/schweizversand.ch\/en\/produkt-kategorie\/pool\/"},{"@type":"ListItem","position":6,"name":"Jilong Inflatable Pool &#8222;Ocean World&#8220;"}]},{"@type":"WebSite","@id":"https:\/\/schweizversand.ch\/en\/#website","url":"https:\/\/schweizversand.ch\/en\/","name":"Schweizer Shop f\u00fcr Sport, Spiel und Freizeit","description":"Gratisversand ab 50.- (netto), ab eigenem schweizer Lager, Lieferung innert 48h","publisher":{"@id":"https:\/\/schweizversand.ch\/en\/#organization"},"alternateName":"Schweizversand.ch","potentialAction":[{"@type":"SearchAction","target":{"@type":"EntryPoint","urlTemplate":"https:\/\/schweizversand.ch\/en\/?s={search_term_string}"},"query-input":{"@type":"PropertyValueSpecification","valueRequired":true,"valueName":"search_term_string"}}],"inLanguage":"en-US"},{"@type":"Organization","@id":"https:\/\/schweizversand.ch\/en\/#organization","name":"Schweizversand.ch","url":"https:\/\/schweizversand.ch\/en\/","logo":{"@type":"ImageObject","inLanguage":"en-US","@id":"https:\/\/schweizversand.ch\/en\/#\/schema\/logo\/image\/","url":"https:\/\/schweizversand.ch\/wp-content\/uploads\/2026\/03\/Logo_Rund_Final-1.png","contentUrl":"https:\/\/schweizversand.ch\/wp-content\/uploads\/2026\/03\/Logo_Rund_Final-1.png","width":404,"height":404,"caption":"Schweizversand.ch"},"image":{"@id":"https:\/\/schweizversand.ch\/en\/#\/schema\/logo\/image\/"},"sameAs":["https:\/\/www.facebook.com\/Schweizversand","https:\/\/www.instagram.com\/schweizversand.ch\/"]}]}},"jetpack_sharing_enabled":true,"_links":{"self":[{"href":"https:\/\/schweizversand.ch\/en\/wp-json\/wp\/v2\/product\/264028","targetHints":{"allow":["GET"]}}],"collection":[{"href":"https:\/\/schweizversand.ch\/en\/wp-json\/wp\/v2\/product"}],"about":[{"href":"https:\/\/schweizversand.ch\/en\/wp-json\/wp\/v2\/types\/product"}],"replies":[{"embeddable":true,"href":"https:\/\/schweizversand.ch\/en\/wp-json\/wp\/v2\/comments?post=264028"}],"wp:featuredmedia":[{"embeddable":true,"href":"https:\/\/schweizversand.ch\/en\/wp-json\/wp\/v2\/media\/266415"}],"wp:attachment":[{"href":"https:\/\/schweizversand.ch\/en\/wp-json\/wp\/v2\/media?parent=264028"}],"wp:term":[{"taxonomy":"product_brand","embeddable":true,"href":"https:\/\/schweizversand.ch\/en\/wp-json\/wp\/v2\/product_brand?post=264028"},{"taxonomy":"product_cat","embeddable":true,"href":"https:\/\/schweizversand.ch\/en\/wp-json\/wp\/v2\/product_cat?post=264028"},{"taxonomy":"product_tag","embeddable":true,"href":"https:\/\/schweizversand.ch\/en\/wp-json\/wp\/v2\/product_tag?post=264028"}],"curies":[{"name":"wp","href":"https:\/\/api.w.org\/{rel}","templated":true}]}}