{"id":264037,"date":"2026-04-11T02:00:46","date_gmt":"2026-04-11T00:00:46","guid":{"rendered":"https:\/\/schweizversand.ch\/produkt\/jilong-farbige-luftmatratze\/"},"modified":"2026-04-12T15:31:55","modified_gmt":"2026-04-12T13:31:55","slug":"jilong-farbige-luftmatratze-2","status":"publish","type":"product","link":"https:\/\/schweizversand.ch\/en\/produkt\/jilong-farbige-luftmatratze-2\/","title":{"rendered":"Jilong Colored Air Mattress"},"content":{"rendered":"<div>Inflatable air mattress in colorful designs<br \/>The colorful air mattress is the ideal companion for summer. Whether pool, beach or lake \u2013 the stylish air mattresses, measuring 174 \u00d7 59 \u00d7 18 cm (inflated), offer the perfect place to relax on the water.<br \/>Design &amp; Safety<br \/>2 air chambers for added safety and stability<br \/>Supports up to 80 kg (176 lbs)<br \/>Product Details<br \/>Recommended age: 14 years and up<br \/>Dimensions (inflated): 174 \u00d7 59 \u00d7 18 cm (68.5\u201d \u00d7 23\u201d \u00d7 7\u201d)<br \/>Dimensions (deflated): 183 \u00d7 69 cm (72\u201d \u00d7 27\u201d)<br \/>Max. load: 80 kg<br \/>Scope of delivery: Air mattress + repair patch<br \/>Certification: Complies with EN ISO 25649 (for EU market)<br \/>Highlights<br \/>Stylish summer colors \u2013 an eye-catcher Pool or beach<br \/>Easy to inflate &amp; space-saving storage<br \/>Robust, durable &amp; safe thanks to 2 air chambers<br \/>Enjoy relaxing hours in the water \u2013 with the colorful Color Air Mat for summer!<br \/>Color cannot be selected. Deliveries are assorted whenever possible, while stocks last.<br \/>Price per piece<\/p>\n<\/div>\n","protected":false},"excerpt":{"rendered":"<p>Jilong Farbige Luftmatratze bietet stylische Sommerfarben, hohe Stabilit\u00e4t dank 2 Luftkammern und Komfort mit 174\u00d759\u00d718 cm \u2013 ideal f\u00fcr Pool, Strand und See.<\/p>\n","protected":false},"featured_media":266571,"comment_status":"open","ping_status":"closed","template":"","meta":[],"product_brand":[],"product_cat":[39043],"product_tag":[],"class_list":{"0":"post-264037","1":"product","2":"type-product","3":"status-publish","4":"has-post-thumbnail","6":"product_cat-air-mattress","7":"product_shipping_class-global_methods","9":"first","10":"instock","11":"taxable","12":"shipping-taxable","13":"purchasable","14":"product-type-simple"},"yoast_head":"<!-- This site is optimized with the Yoast SEO plugin v27.3 - https:\/\/yoast.com\/product\/yoast-seo-wordpress\/ -->\n<title>Jilong Farbige Luftmatratze<\/title>\n<meta name=\"description\" content=\"Aufblasbare Luftmatratze in bunten Designs\u00a0 Die Farbige Luftmatratze ist der ideale Begleiter f\u00fcr den Sommer. Ob Pool, Strand oder See \u2013 die stylischen Luftmatr\" \/>\n<meta name=\"robots\" content=\"index, follow, max-snippet:-1, max-image-preview:large, max-video-preview:-1\" \/>\n<link rel=\"canonical\" href=\"https:\/\/schweizversand.ch\/en\/produkt\/jilong-farbige-luftmatratze-2\/\" \/>\n<meta property=\"og:locale\" content=\"en_US\" \/>\n<meta property=\"og:type\" content=\"article\" \/>\n<meta property=\"og:title\" content=\"Jilong Farbige Luftmatratze\" \/>\n<meta property=\"og:description\" content=\"Aufblasbare Luftmatratze in bunten Designs\u00a0 Die Farbige Luftmatratze ist der ideale Begleiter f\u00fcr den Sommer. Ob Pool, Strand oder See \u2013 die stylischen Luftmatr\" \/>\n<meta property=\"og:url\" content=\"https:\/\/schweizversand.ch\/en\/produkt\/jilong-farbige-luftmatratze-2\/\" \/>\n<meta property=\"og:site_name\" content=\"Schweizer Shop f\u00fcr Sport, Spiel und Freizeit\" \/>\n<meta property=\"article:publisher\" content=\"https:\/\/www.facebook.com\/Schweizversand\" \/>\n<meta property=\"article:modified_time\" content=\"2026-04-12T13:31:55+00:00\" \/>\n<meta property=\"og:image\" content=\"https:\/\/schweizversand.ch\/wp-content\/uploads\/2026\/04\/5471973202.png\" \/>\n\t<meta property=\"og:image:width\" content=\"1024\" \/>\n\t<meta property=\"og:image:height\" content=\"762\" \/>\n\t<meta property=\"og:image:type\" content=\"image\/png\" \/>\n<meta name=\"twitter:card\" content=\"summary_large_image\" \/>\n<meta name=\"twitter:label1\" content=\"Est. reading time\" \/>\n\t<meta name=\"twitter:data1\" content=\"1 minute\" \/>\n<script type=\"application\/ld+json\" class=\"yoast-schema-graph\">{\"@context\":\"https:\\\/\\\/schema.org\",\"@graph\":[{\"@type\":\"WebPage\",\"@id\":\"https:\\\/\\\/schweizversand.ch\\\/en\\\/produkt\\\/jilong-farbige-luftmatratze-2\\\/\",\"url\":\"https:\\\/\\\/schweizversand.ch\\\/en\\\/produkt\\\/jilong-farbige-luftmatratze-2\\\/\",\"name\":\"Jilong Farbige Luftmatratze\",\"isPartOf\":{\"@id\":\"https:\\\/\\\/schweizversand.ch\\\/en\\\/#website\"},\"primaryImageOfPage\":{\"@id\":\"https:\\\/\\\/schweizversand.ch\\\/en\\\/produkt\\\/jilong-farbige-luftmatratze-2\\\/#primaryimage\"},\"image\":{\"@id\":\"https:\\\/\\\/schweizversand.ch\\\/en\\\/produkt\\\/jilong-farbige-luftmatratze-2\\\/#primaryimage\"},\"thumbnailUrl\":\"https:\\\/\\\/schweizversand.ch\\\/wp-content\\\/uploads\\\/2026\\\/04\\\/5471973202.png\",\"datePublished\":\"2026-04-11T00:00:46+00:00\",\"dateModified\":\"2026-04-12T13:31:55+00:00\",\"description\":\"Aufblasbare Luftmatratze in bunten Designs\u00a0 Die Farbige Luftmatratze ist der ideale Begleiter f\u00fcr den Sommer. Ob Pool, Strand oder See \u2013 die stylischen Luftmatr\",\"breadcrumb\":{\"@id\":\"https:\\\/\\\/schweizversand.ch\\\/en\\\/produkt\\\/jilong-farbige-luftmatratze-2\\\/#breadcrumb\"},\"inLanguage\":\"en-US\",\"potentialAction\":[{\"@type\":\"ReadAction\",\"target\":[\"https:\\\/\\\/schweizversand.ch\\\/en\\\/produkt\\\/jilong-farbige-luftmatratze-2\\\/\"]}]},{\"@type\":\"ImageObject\",\"inLanguage\":\"en-US\",\"@id\":\"https:\\\/\\\/schweizversand.ch\\\/en\\\/produkt\\\/jilong-farbige-luftmatratze-2\\\/#primaryimage\",\"url\":\"https:\\\/\\\/schweizversand.ch\\\/wp-content\\\/uploads\\\/2026\\\/04\\\/5471973202.png\",\"contentUrl\":\"https:\\\/\\\/schweizversand.ch\\\/wp-content\\\/uploads\\\/2026\\\/04\\\/5471973202.png\",\"width\":1024,\"height\":762},{\"@type\":\"BreadcrumbList\",\"@id\":\"https:\\\/\\\/schweizversand.ch\\\/en\\\/produkt\\\/jilong-farbige-luftmatratze-2\\\/#breadcrumb\",\"itemListElement\":[{\"@type\":\"ListItem\",\"position\":1,\"name\":\"Startseite\",\"item\":\"https:\\\/\\\/schweizversand.ch\\\/en\\\/\"},{\"@type\":\"ListItem\",\"position\":2,\"name\":\"Shop\",\"item\":\"https:\\\/\\\/schweizversand.ch\\\/en\\\/shop\\\/\"},{\"@type\":\"ListItem\",\"position\":3,\"name\":\"Jilong Colored Air Mattress\"}]},{\"@type\":\"WebSite\",\"@id\":\"https:\\\/\\\/schweizversand.ch\\\/en\\\/#website\",\"url\":\"https:\\\/\\\/schweizversand.ch\\\/en\\\/\",\"name\":\"Schweizer Shop f\u00fcr Sport, Spiel und Freizeit\",\"description\":\"Gratisversand ab 50.- (netto), ab eigenem schweizer Lager, Lieferung innert 48h\",\"publisher\":{\"@id\":\"https:\\\/\\\/schweizversand.ch\\\/en\\\/#organization\"},\"alternateName\":\"Schweizversand.ch\",\"potentialAction\":[{\"@type\":\"SearchAction\",\"target\":{\"@type\":\"EntryPoint\",\"urlTemplate\":\"https:\\\/\\\/schweizversand.ch\\\/en\\\/?s={search_term_string}\"},\"query-input\":{\"@type\":\"PropertyValueSpecification\",\"valueRequired\":true,\"valueName\":\"search_term_string\"}}],\"inLanguage\":\"en-US\"},{\"@type\":\"Organization\",\"@id\":\"https:\\\/\\\/schweizversand.ch\\\/en\\\/#organization\",\"name\":\"Schweizversand.ch\",\"url\":\"https:\\\/\\\/schweizversand.ch\\\/en\\\/\",\"logo\":{\"@type\":\"ImageObject\",\"inLanguage\":\"en-US\",\"@id\":\"https:\\\/\\\/schweizversand.ch\\\/en\\\/#\\\/schema\\\/logo\\\/image\\\/\",\"url\":\"https:\\\/\\\/schweizversand.ch\\\/wp-content\\\/uploads\\\/2026\\\/03\\\/Logo_Rund_Final-1.png\",\"contentUrl\":\"https:\\\/\\\/schweizversand.ch\\\/wp-content\\\/uploads\\\/2026\\\/03\\\/Logo_Rund_Final-1.png\",\"width\":404,\"height\":404,\"caption\":\"Schweizversand.ch\"},\"image\":{\"@id\":\"https:\\\/\\\/schweizversand.ch\\\/en\\\/#\\\/schema\\\/logo\\\/image\\\/\"},\"sameAs\":[\"https:\\\/\\\/www.facebook.com\\\/Schweizversand\",\"https:\\\/\\\/www.instagram.com\\\/schweizversand.ch\\\/\"]}]}<\/script>\n<!-- \/ Yoast SEO plugin. -->","yoast_head_json":{"title":"Jilong Farbige Luftmatratze","description":"Aufblasbare Luftmatratze in bunten Designs\u00a0 Die Farbige Luftmatratze ist der ideale Begleiter f\u00fcr den Sommer. Ob Pool, Strand oder See \u2013 die stylischen Luftmatr","robots":{"index":"index","follow":"follow","max-snippet":"max-snippet:-1","max-image-preview":"max-image-preview:large","max-video-preview":"max-video-preview:-1"},"canonical":"https:\/\/schweizversand.ch\/en\/produkt\/jilong-farbige-luftmatratze-2\/","og_locale":"en_US","og_type":"article","og_title":"Jilong Farbige Luftmatratze","og_description":"Aufblasbare Luftmatratze in bunten Designs\u00a0 Die Farbige Luftmatratze ist der ideale Begleiter f\u00fcr den Sommer. Ob Pool, Strand oder See \u2013 die stylischen Luftmatr","og_url":"https:\/\/schweizversand.ch\/en\/produkt\/jilong-farbige-luftmatratze-2\/","og_site_name":"Schweizer Shop f\u00fcr Sport, Spiel und Freizeit","article_publisher":"https:\/\/www.facebook.com\/Schweizversand","article_modified_time":"2026-04-12T13:31:55+00:00","og_image":[{"width":1024,"height":762,"url":"https:\/\/schweizversand.ch\/wp-content\/uploads\/2026\/04\/5471973202.png","type":"image\/png"}],"twitter_card":"summary_large_image","twitter_misc":{"Est. reading time":"1 minute"},"schema":{"@context":"https:\/\/schema.org","@graph":[{"@type":"WebPage","@id":"https:\/\/schweizversand.ch\/en\/produkt\/jilong-farbige-luftmatratze-2\/","url":"https:\/\/schweizversand.ch\/en\/produkt\/jilong-farbige-luftmatratze-2\/","name":"Jilong Farbige Luftmatratze","isPartOf":{"@id":"https:\/\/schweizversand.ch\/en\/#website"},"primaryImageOfPage":{"@id":"https:\/\/schweizversand.ch\/en\/produkt\/jilong-farbige-luftmatratze-2\/#primaryimage"},"image":{"@id":"https:\/\/schweizversand.ch\/en\/produkt\/jilong-farbige-luftmatratze-2\/#primaryimage"},"thumbnailUrl":"https:\/\/schweizversand.ch\/wp-content\/uploads\/2026\/04\/5471973202.png","datePublished":"2026-04-11T00:00:46+00:00","dateModified":"2026-04-12T13:31:55+00:00","description":"Aufblasbare Luftmatratze in bunten Designs\u00a0 Die Farbige Luftmatratze ist der ideale Begleiter f\u00fcr den Sommer. Ob Pool, Strand oder See \u2013 die stylischen Luftmatr","breadcrumb":{"@id":"https:\/\/schweizversand.ch\/en\/produkt\/jilong-farbige-luftmatratze-2\/#breadcrumb"},"inLanguage":"en-US","potentialAction":[{"@type":"ReadAction","target":["https:\/\/schweizversand.ch\/en\/produkt\/jilong-farbige-luftmatratze-2\/"]}]},{"@type":"ImageObject","inLanguage":"en-US","@id":"https:\/\/schweizversand.ch\/en\/produkt\/jilong-farbige-luftmatratze-2\/#primaryimage","url":"https:\/\/schweizversand.ch\/wp-content\/uploads\/2026\/04\/5471973202.png","contentUrl":"https:\/\/schweizversand.ch\/wp-content\/uploads\/2026\/04\/5471973202.png","width":1024,"height":762},{"@type":"BreadcrumbList","@id":"https:\/\/schweizversand.ch\/en\/produkt\/jilong-farbige-luftmatratze-2\/#breadcrumb","itemListElement":[{"@type":"ListItem","position":1,"name":"Startseite","item":"https:\/\/schweizversand.ch\/en\/"},{"@type":"ListItem","position":2,"name":"Shop","item":"https:\/\/schweizversand.ch\/en\/shop\/"},{"@type":"ListItem","position":3,"name":"Jilong Colored Air Mattress"}]},{"@type":"WebSite","@id":"https:\/\/schweizversand.ch\/en\/#website","url":"https:\/\/schweizversand.ch\/en\/","name":"Schweizer Shop f\u00fcr Sport, Spiel und Freizeit","description":"Gratisversand ab 50.- (netto), ab eigenem schweizer Lager, Lieferung innert 48h","publisher":{"@id":"https:\/\/schweizversand.ch\/en\/#organization"},"alternateName":"Schweizversand.ch","potentialAction":[{"@type":"SearchAction","target":{"@type":"EntryPoint","urlTemplate":"https:\/\/schweizversand.ch\/en\/?s={search_term_string}"},"query-input":{"@type":"PropertyValueSpecification","valueRequired":true,"valueName":"search_term_string"}}],"inLanguage":"en-US"},{"@type":"Organization","@id":"https:\/\/schweizversand.ch\/en\/#organization","name":"Schweizversand.ch","url":"https:\/\/schweizversand.ch\/en\/","logo":{"@type":"ImageObject","inLanguage":"en-US","@id":"https:\/\/schweizversand.ch\/en\/#\/schema\/logo\/image\/","url":"https:\/\/schweizversand.ch\/wp-content\/uploads\/2026\/03\/Logo_Rund_Final-1.png","contentUrl":"https:\/\/schweizversand.ch\/wp-content\/uploads\/2026\/03\/Logo_Rund_Final-1.png","width":404,"height":404,"caption":"Schweizversand.ch"},"image":{"@id":"https:\/\/schweizversand.ch\/en\/#\/schema\/logo\/image\/"},"sameAs":["https:\/\/www.facebook.com\/Schweizversand","https:\/\/www.instagram.com\/schweizversand.ch\/"]}]}},"jetpack_sharing_enabled":true,"_links":{"self":[{"href":"https:\/\/schweizversand.ch\/en\/wp-json\/wp\/v2\/product\/264037","targetHints":{"allow":["GET"]}}],"collection":[{"href":"https:\/\/schweizversand.ch\/en\/wp-json\/wp\/v2\/product"}],"about":[{"href":"https:\/\/schweizversand.ch\/en\/wp-json\/wp\/v2\/types\/product"}],"replies":[{"embeddable":true,"href":"https:\/\/schweizversand.ch\/en\/wp-json\/wp\/v2\/comments?post=264037"}],"wp:featuredmedia":[{"embeddable":true,"href":"https:\/\/schweizversand.ch\/en\/wp-json\/wp\/v2\/media\/266571"}],"wp:attachment":[{"href":"https:\/\/schweizversand.ch\/en\/wp-json\/wp\/v2\/media?parent=264037"}],"wp:term":[{"taxonomy":"product_brand","embeddable":true,"href":"https:\/\/schweizversand.ch\/en\/wp-json\/wp\/v2\/product_brand?post=264037"},{"taxonomy":"product_cat","embeddable":true,"href":"https:\/\/schweizversand.ch\/en\/wp-json\/wp\/v2\/product_cat?post=264037"},{"taxonomy":"product_tag","embeddable":true,"href":"https:\/\/schweizversand.ch\/en\/wp-json\/wp\/v2\/product_tag?post=264037"}],"curies":[{"name":"wp","href":"https:\/\/api.w.org\/{rel}","templated":true}]}}