{"id":264071,"date":"2026-04-11T02:00:48","date_gmt":"2026-04-11T00:00:48","guid":{"rendered":"https:\/\/schweizversand.ch\/produkt\/jilong-aufblasbarer-kinder-pool-2\/"},"modified":"2026-04-15T02:01:51","modified_gmt":"2026-04-15T00:01:51","slug":"jilong-aufblasbarer-kinder-pool","status":"publish","type":"product","link":"https:\/\/schweizversand.ch\/en\/produkt\/jilong-aufblasbarer-kinder-pool\/","title":{"rendered":"Jilong Inflatable Kids Pool"},"content":{"rendered":"<p>This inflatable pool is specially designed for children aged 2-6 years and offers a safe and fun way to enjoy the water on warm days. This pool allows children to splash and play safely, while giving parents peace of mind knowing their little ones are safe.<\/p>\n<\/p>\n<p>Here are some key features and information:<\/p>\n<\/p>\n<p>\u2022 Inflatable Rings: The pool has 3 inflatable rings that ensure stability and security.<\/p>\n<\/p>\n<p>\u2022 Age Group: The pool is suitable for children aged 2-6 years.<\/p>\n<\/p>\n<p>\u2022 Safety: The inflatable bottom of the pool provides added safety by cushioning falls and protecting against damage.<\/p>\n<\/p>\n<p>\u2022 Material: The pool is made of durable PVC, ensuring a long lifespan. A repair patch is included in case of damage.<\/p>\n<\/p>\n<p>\u2022 Easy setup: The pool is easy to set up.<\/p>\n<\/p>\n<p>\u2022 Dimensions: The diameter (outer diameter) is 150 cm, and the height (inflated\/set up) is approximately 29 cm.<\/p>\n<\/p>\n<p>\u2022 Capacity: The pool holds 300 liters of water when filled to 75%.<\/p>\n","protected":false},"excerpt":{"rendered":"<p>Jilong Aufblasbarer Kinder Pool bietet sicheren Badespa\u00df f\u00fcr 2-6 Jahre mit 3 stabilen Ringen, gepolstertem Boden und langlebigem PVC \u2013 perfekt f\u00fcr sonnige Tage im Garten.<\/p>\n","protected":false},"featured_media":266817,"comment_status":"open","ping_status":"closed","template":"","meta":[],"product_brand":[],"product_cat":[39233],"product_tag":[],"class_list":{"0":"post-264071","1":"product","2":"type-product","3":"status-publish","4":"has-post-thumbnail","6":"product_cat-pool","7":"product_shipping_class-global_methods","9":"first","10":"instock","11":"taxable","12":"shipping-taxable","13":"purchasable","14":"product-type-simple"},"yoast_head":"<!-- This site is optimized with the Yoast SEO plugin v27.4 - https:\/\/yoast.com\/product\/yoast-seo-wordpress\/ -->\n<title>Jilong Aufblasbarer Kinder Pool<\/title>\n<meta name=\"description\" content=\"Dieser aufblasbare Pool ist speziell f\u00fcr Kinder im Alter von 2-6 Jahren konzipiert und bietet eine sichere und unterhaltsame M\u00f6glichkeit, an warmen Tagen Spa\u00df i\" \/>\n<meta name=\"robots\" content=\"index, follow, max-snippet:-1, max-image-preview:large, max-video-preview:-1\" \/>\n<link rel=\"canonical\" href=\"https:\/\/schweizversand.ch\/en\/produkt\/jilong-aufblasbarer-kinder-pool\/\" \/>\n<meta property=\"og:locale\" content=\"en_US\" \/>\n<meta property=\"og:type\" content=\"article\" \/>\n<meta property=\"og:title\" content=\"Jilong Aufblasbarer Kinder Pool\" \/>\n<meta property=\"og:description\" content=\"Dieser aufblasbare Pool ist speziell f\u00fcr Kinder im Alter von 2-6 Jahren konzipiert und bietet eine sichere und unterhaltsame M\u00f6glichkeit, an warmen Tagen Spa\u00df i\" \/>\n<meta property=\"og:url\" content=\"https:\/\/schweizversand.ch\/en\/produkt\/jilong-aufblasbarer-kinder-pool\/\" \/>\n<meta property=\"og:site_name\" content=\"Schweizer Shop f\u00fcr Sport, Spiel und Freizeit\" \/>\n<meta property=\"article:publisher\" content=\"https:\/\/www.facebook.com\/Schweizversand\" \/>\n<meta property=\"article:modified_time\" content=\"2026-04-15T00:01:51+00:00\" \/>\n<meta property=\"og:image\" content=\"https:\/\/schweizversand.ch\/wp-content\/uploads\/2026\/04\/5471480228-1.jpg\" \/>\n\t<meta property=\"og:image:width\" content=\"1024\" \/>\n\t<meta property=\"og:image:height\" content=\"819\" \/>\n\t<meta property=\"og:image:type\" content=\"image\/jpeg\" \/>\n<meta name=\"twitter:card\" content=\"summary_large_image\" \/>\n<meta name=\"twitter:label1\" content=\"Est. reading time\" \/>\n\t<meta name=\"twitter:data1\" content=\"1 minute\" \/>\n<script type=\"application\/ld+json\" class=\"yoast-schema-graph\">{\"@context\":\"https:\\\/\\\/schema.org\",\"@graph\":[{\"@type\":\"WebPage\",\"@id\":\"https:\\\/\\\/schweizversand.ch\\\/en\\\/produkt\\\/jilong-aufblasbarer-kinder-pool\\\/\",\"url\":\"https:\\\/\\\/schweizversand.ch\\\/en\\\/produkt\\\/jilong-aufblasbarer-kinder-pool\\\/\",\"name\":\"Jilong Aufblasbarer Kinder Pool\",\"isPartOf\":{\"@id\":\"https:\\\/\\\/schweizversand.ch\\\/en\\\/#website\"},\"primaryImageOfPage\":{\"@id\":\"https:\\\/\\\/schweizversand.ch\\\/en\\\/produkt\\\/jilong-aufblasbarer-kinder-pool\\\/#primaryimage\"},\"image\":{\"@id\":\"https:\\\/\\\/schweizversand.ch\\\/en\\\/produkt\\\/jilong-aufblasbarer-kinder-pool\\\/#primaryimage\"},\"thumbnailUrl\":\"https:\\\/\\\/schweizversand.ch\\\/wp-content\\\/uploads\\\/2026\\\/04\\\/5471480228.jpg\",\"datePublished\":\"2026-04-11T00:00:48+00:00\",\"dateModified\":\"2026-04-15T00:01:51+00:00\",\"description\":\"Dieser aufblasbare Pool ist speziell f\u00fcr Kinder im Alter von 2-6 Jahren konzipiert und bietet eine sichere und unterhaltsame M\u00f6glichkeit, an warmen Tagen Spa\u00df i\",\"breadcrumb\":{\"@id\":\"https:\\\/\\\/schweizversand.ch\\\/en\\\/produkt\\\/jilong-aufblasbarer-kinder-pool\\\/#breadcrumb\"},\"inLanguage\":\"en-US\",\"potentialAction\":[{\"@type\":\"ReadAction\",\"target\":[\"https:\\\/\\\/schweizversand.ch\\\/en\\\/produkt\\\/jilong-aufblasbarer-kinder-pool\\\/\"]}]},{\"@type\":\"ImageObject\",\"inLanguage\":\"en-US\",\"@id\":\"https:\\\/\\\/schweizversand.ch\\\/en\\\/produkt\\\/jilong-aufblasbarer-kinder-pool\\\/#primaryimage\",\"url\":\"https:\\\/\\\/schweizversand.ch\\\/wp-content\\\/uploads\\\/2026\\\/04\\\/5471480228.jpg\",\"contentUrl\":\"https:\\\/\\\/schweizversand.ch\\\/wp-content\\\/uploads\\\/2026\\\/04\\\/5471480228.jpg\",\"width\":1024,\"height\":819},{\"@type\":\"BreadcrumbList\",\"@id\":\"https:\\\/\\\/schweizversand.ch\\\/en\\\/produkt\\\/jilong-aufblasbarer-kinder-pool\\\/#breadcrumb\",\"itemListElement\":[{\"@type\":\"ListItem\",\"position\":1,\"name\":\"Startseite\",\"item\":\"https:\\\/\\\/schweizversand.ch\\\/en\\\/\"},{\"@type\":\"ListItem\",\"position\":2,\"name\":\"Shop\",\"item\":\"https:\\\/\\\/schweizversand.ch\\\/en\\\/shop\\\/\"},{\"@type\":\"ListItem\",\"position\":3,\"name\":\"Pool\",\"item\":\"https:\\\/\\\/schweizversand.ch\\\/en\\\/produkt-kategorie\\\/pool\\\/\"},{\"@type\":\"ListItem\",\"position\":4,\"name\":\"Jilong Inflatable Kids Pool\"}]},{\"@type\":\"WebSite\",\"@id\":\"https:\\\/\\\/schweizversand.ch\\\/en\\\/#website\",\"url\":\"https:\\\/\\\/schweizversand.ch\\\/en\\\/\",\"name\":\"Schweizer Shop f\u00fcr Sport, Spiel und Freizeit\",\"description\":\"Gratisversand ab 50.- (netto), ab eigenem schweizer Lager, Lieferung innert 48h\",\"publisher\":{\"@id\":\"https:\\\/\\\/schweizversand.ch\\\/en\\\/#organization\"},\"alternateName\":\"Schweizversand.ch\",\"potentialAction\":[{\"@type\":\"SearchAction\",\"target\":{\"@type\":\"EntryPoint\",\"urlTemplate\":\"https:\\\/\\\/schweizversand.ch\\\/en\\\/?s={search_term_string}\"},\"query-input\":{\"@type\":\"PropertyValueSpecification\",\"valueRequired\":true,\"valueName\":\"search_term_string\"}}],\"inLanguage\":\"en-US\"},{\"@type\":\"Organization\",\"@id\":\"https:\\\/\\\/schweizversand.ch\\\/en\\\/#organization\",\"name\":\"Schweizversand.ch\",\"url\":\"https:\\\/\\\/schweizversand.ch\\\/en\\\/\",\"logo\":{\"@type\":\"ImageObject\",\"inLanguage\":\"en-US\",\"@id\":\"https:\\\/\\\/schweizversand.ch\\\/en\\\/#\\\/schema\\\/logo\\\/image\\\/\",\"url\":\"https:\\\/\\\/schweizversand.ch\\\/wp-content\\\/uploads\\\/2026\\\/03\\\/Logo_Rund_Final-1.png\",\"contentUrl\":\"https:\\\/\\\/schweizversand.ch\\\/wp-content\\\/uploads\\\/2026\\\/03\\\/Logo_Rund_Final-1.png\",\"width\":404,\"height\":404,\"caption\":\"Schweizversand.ch\"},\"image\":{\"@id\":\"https:\\\/\\\/schweizversand.ch\\\/en\\\/#\\\/schema\\\/logo\\\/image\\\/\"},\"sameAs\":[\"https:\\\/\\\/www.facebook.com\\\/Schweizversand\",\"https:\\\/\\\/www.instagram.com\\\/schweizversand.ch\\\/\"]}]}<\/script>\n<!-- \/ Yoast SEO plugin. -->","yoast_head_json":{"title":"Jilong Aufblasbarer Kinder Pool","description":"Dieser aufblasbare Pool ist speziell f\u00fcr Kinder im Alter von 2-6 Jahren konzipiert und bietet eine sichere und unterhaltsame M\u00f6glichkeit, an warmen Tagen Spa\u00df i","robots":{"index":"index","follow":"follow","max-snippet":"max-snippet:-1","max-image-preview":"max-image-preview:large","max-video-preview":"max-video-preview:-1"},"canonical":"https:\/\/schweizversand.ch\/en\/produkt\/jilong-aufblasbarer-kinder-pool\/","og_locale":"en_US","og_type":"article","og_title":"Jilong Aufblasbarer Kinder Pool","og_description":"Dieser aufblasbare Pool ist speziell f\u00fcr Kinder im Alter von 2-6 Jahren konzipiert und bietet eine sichere und unterhaltsame M\u00f6glichkeit, an warmen Tagen Spa\u00df i","og_url":"https:\/\/schweizversand.ch\/en\/produkt\/jilong-aufblasbarer-kinder-pool\/","og_site_name":"Schweizer Shop f\u00fcr Sport, Spiel und Freizeit","article_publisher":"https:\/\/www.facebook.com\/Schweizversand","article_modified_time":"2026-04-15T00:01:51+00:00","og_image":[{"width":1024,"height":819,"url":"https:\/\/schweizversand.ch\/wp-content\/uploads\/2026\/04\/5471480228-1.jpg","type":"image\/jpeg"}],"twitter_card":"summary_large_image","twitter_misc":{"Est. reading time":"1 minute"},"schema":{"@context":"https:\/\/schema.org","@graph":[{"@type":"WebPage","@id":"https:\/\/schweizversand.ch\/en\/produkt\/jilong-aufblasbarer-kinder-pool\/","url":"https:\/\/schweizversand.ch\/en\/produkt\/jilong-aufblasbarer-kinder-pool\/","name":"Jilong Aufblasbarer Kinder Pool","isPartOf":{"@id":"https:\/\/schweizversand.ch\/en\/#website"},"primaryImageOfPage":{"@id":"https:\/\/schweizversand.ch\/en\/produkt\/jilong-aufblasbarer-kinder-pool\/#primaryimage"},"image":{"@id":"https:\/\/schweizversand.ch\/en\/produkt\/jilong-aufblasbarer-kinder-pool\/#primaryimage"},"thumbnailUrl":"https:\/\/schweizversand.ch\/wp-content\/uploads\/2026\/04\/5471480228.jpg","datePublished":"2026-04-11T00:00:48+00:00","dateModified":"2026-04-15T00:01:51+00:00","description":"Dieser aufblasbare Pool ist speziell f\u00fcr Kinder im Alter von 2-6 Jahren konzipiert und bietet eine sichere und unterhaltsame M\u00f6glichkeit, an warmen Tagen Spa\u00df i","breadcrumb":{"@id":"https:\/\/schweizversand.ch\/en\/produkt\/jilong-aufblasbarer-kinder-pool\/#breadcrumb"},"inLanguage":"en-US","potentialAction":[{"@type":"ReadAction","target":["https:\/\/schweizversand.ch\/en\/produkt\/jilong-aufblasbarer-kinder-pool\/"]}]},{"@type":"ImageObject","inLanguage":"en-US","@id":"https:\/\/schweizversand.ch\/en\/produkt\/jilong-aufblasbarer-kinder-pool\/#primaryimage","url":"https:\/\/schweizversand.ch\/wp-content\/uploads\/2026\/04\/5471480228.jpg","contentUrl":"https:\/\/schweizversand.ch\/wp-content\/uploads\/2026\/04\/5471480228.jpg","width":1024,"height":819},{"@type":"BreadcrumbList","@id":"https:\/\/schweizversand.ch\/en\/produkt\/jilong-aufblasbarer-kinder-pool\/#breadcrumb","itemListElement":[{"@type":"ListItem","position":1,"name":"Startseite","item":"https:\/\/schweizversand.ch\/en\/"},{"@type":"ListItem","position":2,"name":"Shop","item":"https:\/\/schweizversand.ch\/en\/shop\/"},{"@type":"ListItem","position":3,"name":"Pool","item":"https:\/\/schweizversand.ch\/en\/produkt-kategorie\/pool\/"},{"@type":"ListItem","position":4,"name":"Jilong Inflatable Kids Pool"}]},{"@type":"WebSite","@id":"https:\/\/schweizversand.ch\/en\/#website","url":"https:\/\/schweizversand.ch\/en\/","name":"Schweizer Shop f\u00fcr Sport, Spiel und Freizeit","description":"Gratisversand ab 50.- (netto), ab eigenem schweizer Lager, Lieferung innert 48h","publisher":{"@id":"https:\/\/schweizversand.ch\/en\/#organization"},"alternateName":"Schweizversand.ch","potentialAction":[{"@type":"SearchAction","target":{"@type":"EntryPoint","urlTemplate":"https:\/\/schweizversand.ch\/en\/?s={search_term_string}"},"query-input":{"@type":"PropertyValueSpecification","valueRequired":true,"valueName":"search_term_string"}}],"inLanguage":"en-US"},{"@type":"Organization","@id":"https:\/\/schweizversand.ch\/en\/#organization","name":"Schweizversand.ch","url":"https:\/\/schweizversand.ch\/en\/","logo":{"@type":"ImageObject","inLanguage":"en-US","@id":"https:\/\/schweizversand.ch\/en\/#\/schema\/logo\/image\/","url":"https:\/\/schweizversand.ch\/wp-content\/uploads\/2026\/03\/Logo_Rund_Final-1.png","contentUrl":"https:\/\/schweizversand.ch\/wp-content\/uploads\/2026\/03\/Logo_Rund_Final-1.png","width":404,"height":404,"caption":"Schweizversand.ch"},"image":{"@id":"https:\/\/schweizversand.ch\/en\/#\/schema\/logo\/image\/"},"sameAs":["https:\/\/www.facebook.com\/Schweizversand","https:\/\/www.instagram.com\/schweizversand.ch\/"]}]}},"jetpack_sharing_enabled":true,"_links":{"self":[{"href":"https:\/\/schweizversand.ch\/en\/wp-json\/wp\/v2\/product\/264071","targetHints":{"allow":["GET"]}}],"collection":[{"href":"https:\/\/schweizversand.ch\/en\/wp-json\/wp\/v2\/product"}],"about":[{"href":"https:\/\/schweizversand.ch\/en\/wp-json\/wp\/v2\/types\/product"}],"replies":[{"embeddable":true,"href":"https:\/\/schweizversand.ch\/en\/wp-json\/wp\/v2\/comments?post=264071"}],"wp:featuredmedia":[{"embeddable":true,"href":"https:\/\/schweizversand.ch\/en\/wp-json\/wp\/v2\/media\/266817"}],"wp:attachment":[{"href":"https:\/\/schweizversand.ch\/en\/wp-json\/wp\/v2\/media?parent=264071"}],"wp:term":[{"taxonomy":"product_brand","embeddable":true,"href":"https:\/\/schweizversand.ch\/en\/wp-json\/wp\/v2\/product_brand?post=264071"},{"taxonomy":"product_cat","embeddable":true,"href":"https:\/\/schweizversand.ch\/en\/wp-json\/wp\/v2\/product_cat?post=264071"},{"taxonomy":"product_tag","embeddable":true,"href":"https:\/\/schweizversand.ch\/en\/wp-json\/wp\/v2\/product_tag?post=264071"}],"curies":[{"name":"wp","href":"https:\/\/api.w.org\/{rel}","templated":true}]}}