{"id":267138,"date":"2026-04-12T02:00:17","date_gmt":"2026-04-12T00:00:17","guid":{"rendered":"https:\/\/schweizversand.ch\/produkt\/toitoys-vehicool-monster-truckset-big-foot\/"},"modified":"2026-04-21T15:31:24","modified_gmt":"2026-04-21T13:31:24","slug":"toitoys-vehicool-monster-truckset-big-foot","status":"publish","type":"product","link":"https:\/\/schweizversand.ch\/en\/produkt\/toitoys-vehicool-monster-truckset-big-foot\/","title":{"rendered":"TOITOYS Vehicool Monster Truck Set Big Foot"},"content":{"rendered":"<p>Vehicool Monster Truck Set Big Foot \u2013 Cool Play Action for Little Racing Fans<\/p>\n<p>Bring tons of action and adventure into any child&#8217;s room with the Vehicool Monster Truck Set Big Foot. These robust monster trucks are ideal for wild races, daring stunts, and imaginative play. Thanks to their solid design with large tires and sturdy plastic, they&#8217;re perfect for any terrain \u2013 indoors or out.<\/p>\n<p>Children aged 4 and up will not only discover their creativity with these trucks but also develop their motor skills. The eye-catching colors and detailed design make the set a real head-turner. Whether playing alone or with friends, the Vehicool monster trucks offer hours of fun and encourage social interaction.<\/p>\n","protected":false},"excerpt":{"rendered":"<p>TOITOYS Vehicool Monster Truckset Big Foot begeistert mit robusten Trucks, gro\u00dfen Reifen und detailreichem Design f\u00fcr actionreiche Rennen und kreativen Spielspa\u00df ab 4 Jahren.<\/p>\n","protected":false},"featured_media":267144,"comment_status":"open","ping_status":"closed","template":"","meta":[],"product_brand":[],"product_cat":[38007],"product_tag":[],"class_list":{"0":"post-267138","1":"product","2":"type-product","3":"status-publish","4":"has-post-thumbnail","6":"product_cat-toy-vehicles","7":"product_shipping_class-global_methods","9":"first","10":"instock","11":"taxable","12":"shipping-taxable","13":"purchasable","14":"product-type-simple"},"yoast_head":"<!-- This site is optimized with the Yoast SEO plugin v27.4 - https:\/\/yoast.com\/product\/yoast-seo-wordpress\/ -->\n<title>TOITOYS Vehicool Monster Truckset Big Foot<\/title>\n<meta name=\"description\" content=\"Vehicool Monster Truckset Big Foot \u2013 Coole Spiel-Action f\u00fcr kleine Rennfans Mit dem Vehicool Monster Truckset Big Foot bringen Sie jede Menge Action und Abente\" \/>\n<meta name=\"robots\" content=\"index, follow, max-snippet:-1, max-image-preview:large, max-video-preview:-1\" \/>\n<link rel=\"canonical\" href=\"https:\/\/schweizversand.ch\/en\/produkt\/toitoys-vehicool-monster-truckset-big-foot\/\" \/>\n<meta property=\"og:locale\" content=\"en_US\" \/>\n<meta property=\"og:type\" content=\"article\" \/>\n<meta property=\"og:title\" content=\"TOITOYS Vehicool Monster Truckset Big Foot\" \/>\n<meta property=\"og:description\" content=\"Vehicool Monster Truckset Big Foot \u2013 Coole Spiel-Action f\u00fcr kleine Rennfans Mit dem Vehicool Monster Truckset Big Foot bringen Sie jede Menge Action und Abente\" \/>\n<meta property=\"og:url\" content=\"https:\/\/schweizversand.ch\/en\/produkt\/toitoys-vehicool-monster-truckset-big-foot\/\" \/>\n<meta property=\"og:site_name\" content=\"Schweizer Shop f\u00fcr Sport, Spiel und Freizeit\" \/>\n<meta property=\"article:publisher\" content=\"https:\/\/www.facebook.com\/Schweizversand\" \/>\n<meta property=\"article:modified_time\" content=\"2026-04-21T13:31:24+00:00\" \/>\n<meta name=\"twitter:card\" content=\"summary_large_image\" \/>\n<meta name=\"twitter:label1\" content=\"Est. reading time\" \/>\n\t<meta name=\"twitter:data1\" content=\"1 minute\" \/>\n<script type=\"application\/ld+json\" class=\"yoast-schema-graph\">{\"@context\":\"https:\\\/\\\/schema.org\",\"@graph\":[{\"@type\":\"WebPage\",\"@id\":\"https:\\\/\\\/schweizversand.ch\\\/en\\\/produkt\\\/toitoys-vehicool-monster-truckset-big-foot\\\/\",\"url\":\"https:\\\/\\\/schweizversand.ch\\\/en\\\/produkt\\\/toitoys-vehicool-monster-truckset-big-foot\\\/\",\"name\":\"TOITOYS Vehicool Monster Truckset Big Foot\",\"isPartOf\":{\"@id\":\"https:\\\/\\\/schweizversand.ch\\\/en\\\/#website\"},\"primaryImageOfPage\":{\"@id\":\"https:\\\/\\\/schweizversand.ch\\\/en\\\/produkt\\\/toitoys-vehicool-monster-truckset-big-foot\\\/#primaryimage\"},\"image\":{\"@id\":\"https:\\\/\\\/schweizversand.ch\\\/en\\\/produkt\\\/toitoys-vehicool-monster-truckset-big-foot\\\/#primaryimage\"},\"thumbnailUrl\":\"https:\\\/\\\/schweizversand.ch\\\/wp-content\\\/uploads\\\/2026\\\/04\\\/5471938618.jpg\",\"datePublished\":\"2026-04-12T00:00:17+00:00\",\"dateModified\":\"2026-04-21T13:31:24+00:00\",\"description\":\"Vehicool Monster Truckset Big Foot \u2013 Coole Spiel-Action f\u00fcr kleine Rennfans Mit dem Vehicool Monster Truckset Big Foot bringen Sie jede Menge Action und Abente\",\"breadcrumb\":{\"@id\":\"https:\\\/\\\/schweizversand.ch\\\/en\\\/produkt\\\/toitoys-vehicool-monster-truckset-big-foot\\\/#breadcrumb\"},\"inLanguage\":\"en-US\",\"potentialAction\":[{\"@type\":\"ReadAction\",\"target\":[\"https:\\\/\\\/schweizversand.ch\\\/en\\\/produkt\\\/toitoys-vehicool-monster-truckset-big-foot\\\/\"]}]},{\"@type\":\"ImageObject\",\"inLanguage\":\"en-US\",\"@id\":\"https:\\\/\\\/schweizversand.ch\\\/en\\\/produkt\\\/toitoys-vehicool-monster-truckset-big-foot\\\/#primaryimage\",\"url\":\"https:\\\/\\\/schweizversand.ch\\\/wp-content\\\/uploads\\\/2026\\\/04\\\/5471938618.jpg\",\"contentUrl\":\"https:\\\/\\\/schweizversand.ch\\\/wp-content\\\/uploads\\\/2026\\\/04\\\/5471938618.jpg\",\"width\":1024,\"height\":1024},{\"@type\":\"BreadcrumbList\",\"@id\":\"https:\\\/\\\/schweizversand.ch\\\/en\\\/produkt\\\/toitoys-vehicool-monster-truckset-big-foot\\\/#breadcrumb\",\"itemListElement\":[{\"@type\":\"ListItem\",\"position\":1,\"name\":\"Startseite\",\"item\":\"https:\\\/\\\/schweizversand.ch\\\/en\\\/\"},{\"@type\":\"ListItem\",\"position\":2,\"name\":\"Shop\",\"item\":\"https:\\\/\\\/schweizversand.ch\\\/en\\\/shop\\\/\"},{\"@type\":\"ListItem\",\"position\":3,\"name\":\"Toys &amp; Games\",\"item\":\"https:\\\/\\\/schweizversand.ch\\\/en\\\/produkt-kategorie\\\/toys-games\\\/\"},{\"@type\":\"ListItem\",\"position\":4,\"name\":\"Toy Vehicles\",\"item\":\"https:\\\/\\\/schweizversand.ch\\\/en\\\/produkt-kategorie\\\/toys-games\\\/toy-vehicles\\\/\"},{\"@type\":\"ListItem\",\"position\":5,\"name\":\"TOITOYS Vehicool Monster Truck Set Big Foot\"}]},{\"@type\":\"WebSite\",\"@id\":\"https:\\\/\\\/schweizversand.ch\\\/en\\\/#website\",\"url\":\"https:\\\/\\\/schweizversand.ch\\\/en\\\/\",\"name\":\"Schweizer Shop f\u00fcr Sport, Spiel und Freizeit\",\"description\":\"Gratisversand ab 50.- (netto), ab eigenem schweizer Lager, Lieferung innert 48h\",\"publisher\":{\"@id\":\"https:\\\/\\\/schweizversand.ch\\\/en\\\/#organization\"},\"alternateName\":\"Schweizversand.ch\",\"potentialAction\":[{\"@type\":\"SearchAction\",\"target\":{\"@type\":\"EntryPoint\",\"urlTemplate\":\"https:\\\/\\\/schweizversand.ch\\\/en\\\/?s={search_term_string}\"},\"query-input\":{\"@type\":\"PropertyValueSpecification\",\"valueRequired\":true,\"valueName\":\"search_term_string\"}}],\"inLanguage\":\"en-US\"},{\"@type\":\"Organization\",\"@id\":\"https:\\\/\\\/schweizversand.ch\\\/en\\\/#organization\",\"name\":\"Schweizversand.ch\",\"url\":\"https:\\\/\\\/schweizversand.ch\\\/en\\\/\",\"logo\":{\"@type\":\"ImageObject\",\"inLanguage\":\"en-US\",\"@id\":\"https:\\\/\\\/schweizversand.ch\\\/en\\\/#\\\/schema\\\/logo\\\/image\\\/\",\"url\":\"https:\\\/\\\/schweizversand.ch\\\/wp-content\\\/uploads\\\/2026\\\/03\\\/Logo_Rund_Final-1.png\",\"contentUrl\":\"https:\\\/\\\/schweizversand.ch\\\/wp-content\\\/uploads\\\/2026\\\/03\\\/Logo_Rund_Final-1.png\",\"width\":404,\"height\":404,\"caption\":\"Schweizversand.ch\"},\"image\":{\"@id\":\"https:\\\/\\\/schweizversand.ch\\\/en\\\/#\\\/schema\\\/logo\\\/image\\\/\"},\"sameAs\":[\"https:\\\/\\\/www.facebook.com\\\/Schweizversand\",\"https:\\\/\\\/www.instagram.com\\\/schweizversand.ch\\\/\"]}]}<\/script>\n<!-- \/ Yoast SEO plugin. -->","yoast_head_json":{"title":"TOITOYS Vehicool Monster Truckset Big Foot","description":"Vehicool Monster Truckset Big Foot \u2013 Coole Spiel-Action f\u00fcr kleine Rennfans Mit dem Vehicool Monster Truckset Big Foot bringen Sie jede Menge Action und Abente","robots":{"index":"index","follow":"follow","max-snippet":"max-snippet:-1","max-image-preview":"max-image-preview:large","max-video-preview":"max-video-preview:-1"},"canonical":"https:\/\/schweizversand.ch\/en\/produkt\/toitoys-vehicool-monster-truckset-big-foot\/","og_locale":"en_US","og_type":"article","og_title":"TOITOYS Vehicool Monster Truckset Big Foot","og_description":"Vehicool Monster Truckset Big Foot \u2013 Coole Spiel-Action f\u00fcr kleine Rennfans Mit dem Vehicool Monster Truckset Big Foot bringen Sie jede Menge Action und Abente","og_url":"https:\/\/schweizversand.ch\/en\/produkt\/toitoys-vehicool-monster-truckset-big-foot\/","og_site_name":"Schweizer Shop f\u00fcr Sport, Spiel und Freizeit","article_publisher":"https:\/\/www.facebook.com\/Schweizversand","article_modified_time":"2026-04-21T13:31:24+00:00","twitter_card":"summary_large_image","twitter_misc":{"Est. reading time":"1 minute"},"schema":{"@context":"https:\/\/schema.org","@graph":[{"@type":"WebPage","@id":"https:\/\/schweizversand.ch\/en\/produkt\/toitoys-vehicool-monster-truckset-big-foot\/","url":"https:\/\/schweizversand.ch\/en\/produkt\/toitoys-vehicool-monster-truckset-big-foot\/","name":"TOITOYS Vehicool Monster Truckset Big Foot","isPartOf":{"@id":"https:\/\/schweizversand.ch\/en\/#website"},"primaryImageOfPage":{"@id":"https:\/\/schweizversand.ch\/en\/produkt\/toitoys-vehicool-monster-truckset-big-foot\/#primaryimage"},"image":{"@id":"https:\/\/schweizversand.ch\/en\/produkt\/toitoys-vehicool-monster-truckset-big-foot\/#primaryimage"},"thumbnailUrl":"https:\/\/schweizversand.ch\/wp-content\/uploads\/2026\/04\/5471938618.jpg","datePublished":"2026-04-12T00:00:17+00:00","dateModified":"2026-04-21T13:31:24+00:00","description":"Vehicool Monster Truckset Big Foot \u2013 Coole Spiel-Action f\u00fcr kleine Rennfans Mit dem Vehicool Monster Truckset Big Foot bringen Sie jede Menge Action und Abente","breadcrumb":{"@id":"https:\/\/schweizversand.ch\/en\/produkt\/toitoys-vehicool-monster-truckset-big-foot\/#breadcrumb"},"inLanguage":"en-US","potentialAction":[{"@type":"ReadAction","target":["https:\/\/schweizversand.ch\/en\/produkt\/toitoys-vehicool-monster-truckset-big-foot\/"]}]},{"@type":"ImageObject","inLanguage":"en-US","@id":"https:\/\/schweizversand.ch\/en\/produkt\/toitoys-vehicool-monster-truckset-big-foot\/#primaryimage","url":"https:\/\/schweizversand.ch\/wp-content\/uploads\/2026\/04\/5471938618.jpg","contentUrl":"https:\/\/schweizversand.ch\/wp-content\/uploads\/2026\/04\/5471938618.jpg","width":1024,"height":1024},{"@type":"BreadcrumbList","@id":"https:\/\/schweizversand.ch\/en\/produkt\/toitoys-vehicool-monster-truckset-big-foot\/#breadcrumb","itemListElement":[{"@type":"ListItem","position":1,"name":"Startseite","item":"https:\/\/schweizversand.ch\/en\/"},{"@type":"ListItem","position":2,"name":"Shop","item":"https:\/\/schweizversand.ch\/en\/shop\/"},{"@type":"ListItem","position":3,"name":"Toys &amp; Games","item":"https:\/\/schweizversand.ch\/en\/produkt-kategorie\/toys-games\/"},{"@type":"ListItem","position":4,"name":"Toy Vehicles","item":"https:\/\/schweizversand.ch\/en\/produkt-kategorie\/toys-games\/toy-vehicles\/"},{"@type":"ListItem","position":5,"name":"TOITOYS Vehicool Monster Truck Set Big Foot"}]},{"@type":"WebSite","@id":"https:\/\/schweizversand.ch\/en\/#website","url":"https:\/\/schweizversand.ch\/en\/","name":"Schweizer Shop f\u00fcr Sport, Spiel und Freizeit","description":"Gratisversand ab 50.- (netto), ab eigenem schweizer Lager, Lieferung innert 48h","publisher":{"@id":"https:\/\/schweizversand.ch\/en\/#organization"},"alternateName":"Schweizversand.ch","potentialAction":[{"@type":"SearchAction","target":{"@type":"EntryPoint","urlTemplate":"https:\/\/schweizversand.ch\/en\/?s={search_term_string}"},"query-input":{"@type":"PropertyValueSpecification","valueRequired":true,"valueName":"search_term_string"}}],"inLanguage":"en-US"},{"@type":"Organization","@id":"https:\/\/schweizversand.ch\/en\/#organization","name":"Schweizversand.ch","url":"https:\/\/schweizversand.ch\/en\/","logo":{"@type":"ImageObject","inLanguage":"en-US","@id":"https:\/\/schweizversand.ch\/en\/#\/schema\/logo\/image\/","url":"https:\/\/schweizversand.ch\/wp-content\/uploads\/2026\/03\/Logo_Rund_Final-1.png","contentUrl":"https:\/\/schweizversand.ch\/wp-content\/uploads\/2026\/03\/Logo_Rund_Final-1.png","width":404,"height":404,"caption":"Schweizversand.ch"},"image":{"@id":"https:\/\/schweizversand.ch\/en\/#\/schema\/logo\/image\/"},"sameAs":["https:\/\/www.facebook.com\/Schweizversand","https:\/\/www.instagram.com\/schweizversand.ch\/"]}]}},"jetpack_sharing_enabled":true,"_links":{"self":[{"href":"https:\/\/schweizversand.ch\/en\/wp-json\/wp\/v2\/product\/267138","targetHints":{"allow":["GET"]}}],"collection":[{"href":"https:\/\/schweizversand.ch\/en\/wp-json\/wp\/v2\/product"}],"about":[{"href":"https:\/\/schweizversand.ch\/en\/wp-json\/wp\/v2\/types\/product"}],"replies":[{"embeddable":true,"href":"https:\/\/schweizversand.ch\/en\/wp-json\/wp\/v2\/comments?post=267138"}],"wp:featuredmedia":[{"embeddable":true,"href":"https:\/\/schweizversand.ch\/en\/wp-json\/wp\/v2\/media\/267144"}],"wp:attachment":[{"href":"https:\/\/schweizversand.ch\/en\/wp-json\/wp\/v2\/media?parent=267138"}],"wp:term":[{"taxonomy":"product_brand","embeddable":true,"href":"https:\/\/schweizversand.ch\/en\/wp-json\/wp\/v2\/product_brand?post=267138"},{"taxonomy":"product_cat","embeddable":true,"href":"https:\/\/schweizversand.ch\/en\/wp-json\/wp\/v2\/product_cat?post=267138"},{"taxonomy":"product_tag","embeddable":true,"href":"https:\/\/schweizversand.ch\/en\/wp-json\/wp\/v2\/product_tag?post=267138"}],"curies":[{"name":"wp","href":"https:\/\/api.w.org\/{rel}","templated":true}]}}