{"id":267253,"date":"2026-04-15T02:00:33","date_gmt":"2026-04-15T00:00:33","guid":{"rendered":"https:\/\/schweizversand.ch\/produkt\/unicorn-vanguard-dart-tasche-4\/"},"modified":"2026-04-15T02:02:18","modified_gmt":"2026-04-15T00:02:18","slug":"unicorn-vanguard-dart-tasche-4","status":"publish","type":"product","link":"https:\/\/schweizversand.ch\/en\/produkt\/unicorn-vanguard-dart-tasche-4\/","title":{"rendered":"Unicorn Vanguard Dart Bag"},"content":{"rendered":"<h1><strong>Vanguard Dart Bag \u2013 Premium Protection and Style for Your Dart Equipment<\/strong><\/h1>\n<div>The Vanguard dart bag is the ideal choice for all ambitious dart players who value <strong>quality, style, and functionality<\/strong>. This high-quality dart wallet impresses with its elegant design, robust materials, and a well-thought-out layout to transport your equipment safely and stylishly.<\/p>\n<\/div>\n<div><strong>Maximum Capacity and Organization<\/strong><br \/>This bag is designed to ensure order and protection. It offers space for <strong>2 fully assembled dart sets<\/strong>, so you&#8217;re ready to play immediately. Thanks to the generous compartment layout, all your accessories are always neatly organized.<\/p>\n<\/div>\n<div><strong>Detailed Features<\/strong><br \/>&#8211; Space for 2 assembled dart sets<br \/>&#8211; 9 flight compartments for optimal organization and protection of flights<br \/>&#8211; 18 shaft holders for maximum organization and quick access to spare shafts<br \/>&#8211; Practical zippered compartment for accessories, spare parts, or tools<br \/>&#8211; Includes wrist strap for comfortable and secure transport<\/p>\n<\/div>\n<div><strong>Exclusive Design and Feel<\/strong><br \/>The elegant design is accentuated by the <strong>Unicorn logo<\/strong> and the special Vanguard Tactile Finish, which gives the bag an exclusive look and feel. The robust materials guarantee a long service life and reliably protect your valuable darts from damage.<\/p>\n<\/div>\n<div>Ensure that your equipment is always optimally protected and perfectly organized. With the Vanguard dart case, you&#8217;re ready for any game.<\/p>\n<p>Contents not included.<\/p><\/div>\n<div><\/div>\n","protected":false},"excerpt":{"rendered":"<p>Unicorn Vanguard Dart-Tasche sch\u00fctzt 2 montierte Dart-Sets stilvoll und organisiert. Robust, elegant und mit 9 Flight-F\u00e4chern f\u00fcr perfektes Dart-Equipment-Management.<\/p>\n","protected":false},"featured_media":267265,"comment_status":"open","ping_status":"closed","template":"","meta":[],"product_brand":[],"product_cat":[38030],"product_tag":[],"class_list":{"0":"post-267253","1":"product","2":"type-product","3":"status-publish","4":"has-post-thumbnail","6":"product_cat-diverses-zubehoer","7":"product_shipping_class-global_methods","9":"first","10":"instock","11":"taxable","12":"shipping-taxable","13":"purchasable","14":"product-type-simple"},"yoast_head":"<!-- This site is optimized with the Yoast SEO plugin v27.4 - https:\/\/yoast.com\/product\/yoast-seo-wordpress\/ -->\n<title>Unicorn Vanguard Dart-Tasche<\/title>\n<meta name=\"description\" content=\"Vanguard Dart-Tasche \u2013 Premium Schutz und Stil f\u00fcr Ihr Dart-Equipment Die Vanguard Dart-Tasche ist die ideale Wahl f\u00fcr alle ambitionierten Dartspieler, die Wert\" \/>\n<meta name=\"robots\" content=\"index, follow, max-snippet:-1, max-image-preview:large, max-video-preview:-1\" \/>\n<link rel=\"canonical\" href=\"https:\/\/schweizversand.ch\/en\/produkt\/unicorn-vanguard-dart-tasche-4\/\" \/>\n<meta property=\"og:locale\" content=\"en_US\" \/>\n<meta property=\"og:type\" content=\"article\" \/>\n<meta property=\"og:title\" content=\"Unicorn Vanguard Dart-Tasche\" \/>\n<meta property=\"og:description\" content=\"Vanguard Dart-Tasche \u2013 Premium Schutz und Stil f\u00fcr Ihr Dart-Equipment Die Vanguard Dart-Tasche ist die ideale Wahl f\u00fcr alle ambitionierten Dartspieler, die Wert\" \/>\n<meta property=\"og:url\" content=\"https:\/\/schweizversand.ch\/en\/produkt\/unicorn-vanguard-dart-tasche-4\/\" \/>\n<meta property=\"og:site_name\" content=\"Schweizer Shop f\u00fcr Sport, Spiel und Freizeit\" \/>\n<meta property=\"article:publisher\" content=\"https:\/\/www.facebook.com\/Schweizversand\" \/>\n<meta property=\"article:modified_time\" content=\"2026-04-15T00:02:18+00:00\" \/>\n<meta name=\"twitter:card\" content=\"summary_large_image\" \/>\n<meta name=\"twitter:label1\" content=\"Est. reading time\" \/>\n\t<meta name=\"twitter:data1\" content=\"1 minute\" \/>\n<script type=\"application\/ld+json\" class=\"yoast-schema-graph\">{\"@context\":\"https:\\\/\\\/schema.org\",\"@graph\":[{\"@type\":\"WebPage\",\"@id\":\"https:\\\/\\\/schweizversand.ch\\\/en\\\/produkt\\\/unicorn-vanguard-dart-tasche-4\\\/\",\"url\":\"https:\\\/\\\/schweizversand.ch\\\/en\\\/produkt\\\/unicorn-vanguard-dart-tasche-4\\\/\",\"name\":\"Unicorn Vanguard Dart-Tasche\",\"isPartOf\":{\"@id\":\"https:\\\/\\\/schweizversand.ch\\\/en\\\/#website\"},\"primaryImageOfPage\":{\"@id\":\"https:\\\/\\\/schweizversand.ch\\\/en\\\/produkt\\\/unicorn-vanguard-dart-tasche-4\\\/#primaryimage\"},\"image\":{\"@id\":\"https:\\\/\\\/schweizversand.ch\\\/en\\\/produkt\\\/unicorn-vanguard-dart-tasche-4\\\/#primaryimage\"},\"thumbnailUrl\":\"https:\\\/\\\/schweizversand.ch\\\/wp-content\\\/uploads\\\/2026\\\/04\\\/5520093503.jpg\",\"datePublished\":\"2026-04-15T00:00:33+00:00\",\"dateModified\":\"2026-04-15T00:02:18+00:00\",\"description\":\"Vanguard Dart-Tasche \u2013 Premium Schutz und Stil f\u00fcr Ihr Dart-Equipment Die Vanguard Dart-Tasche ist die ideale Wahl f\u00fcr alle ambitionierten Dartspieler, die Wert\",\"breadcrumb\":{\"@id\":\"https:\\\/\\\/schweizversand.ch\\\/en\\\/produkt\\\/unicorn-vanguard-dart-tasche-4\\\/#breadcrumb\"},\"inLanguage\":\"en-US\",\"potentialAction\":[{\"@type\":\"ReadAction\",\"target\":[\"https:\\\/\\\/schweizversand.ch\\\/en\\\/produkt\\\/unicorn-vanguard-dart-tasche-4\\\/\"]}]},{\"@type\":\"ImageObject\",\"inLanguage\":\"en-US\",\"@id\":\"https:\\\/\\\/schweizversand.ch\\\/en\\\/produkt\\\/unicorn-vanguard-dart-tasche-4\\\/#primaryimage\",\"url\":\"https:\\\/\\\/schweizversand.ch\\\/wp-content\\\/uploads\\\/2026\\\/04\\\/5520093503.jpg\",\"contentUrl\":\"https:\\\/\\\/schweizversand.ch\\\/wp-content\\\/uploads\\\/2026\\\/04\\\/5520093503.jpg\",\"width\":1024,\"height\":1024},{\"@type\":\"BreadcrumbList\",\"@id\":\"https:\\\/\\\/schweizversand.ch\\\/en\\\/produkt\\\/unicorn-vanguard-dart-tasche-4\\\/#breadcrumb\",\"itemListElement\":[{\"@type\":\"ListItem\",\"position\":1,\"name\":\"Startseite\",\"item\":\"https:\\\/\\\/schweizversand.ch\\\/en\\\/\"},{\"@type\":\"ListItem\",\"position\":2,\"name\":\"Shop\",\"item\":\"https:\\\/\\\/schweizversand.ch\\\/en\\\/shop\\\/\"},{\"@type\":\"ListItem\",\"position\":3,\"name\":\"Unicorn Vanguard Dart Bag\"}]},{\"@type\":\"WebSite\",\"@id\":\"https:\\\/\\\/schweizversand.ch\\\/en\\\/#website\",\"url\":\"https:\\\/\\\/schweizversand.ch\\\/en\\\/\",\"name\":\"Schweizer Shop f\u00fcr Sport, Spiel und Freizeit\",\"description\":\"Gratisversand ab 50.- (netto), ab eigenem schweizer Lager, Lieferung innert 48h\",\"publisher\":{\"@id\":\"https:\\\/\\\/schweizversand.ch\\\/en\\\/#organization\"},\"alternateName\":\"Schweizversand.ch\",\"potentialAction\":[{\"@type\":\"SearchAction\",\"target\":{\"@type\":\"EntryPoint\",\"urlTemplate\":\"https:\\\/\\\/schweizversand.ch\\\/en\\\/?s={search_term_string}\"},\"query-input\":{\"@type\":\"PropertyValueSpecification\",\"valueRequired\":true,\"valueName\":\"search_term_string\"}}],\"inLanguage\":\"en-US\"},{\"@type\":\"Organization\",\"@id\":\"https:\\\/\\\/schweizversand.ch\\\/en\\\/#organization\",\"name\":\"Schweizversand.ch\",\"url\":\"https:\\\/\\\/schweizversand.ch\\\/en\\\/\",\"logo\":{\"@type\":\"ImageObject\",\"inLanguage\":\"en-US\",\"@id\":\"https:\\\/\\\/schweizversand.ch\\\/en\\\/#\\\/schema\\\/logo\\\/image\\\/\",\"url\":\"https:\\\/\\\/schweizversand.ch\\\/wp-content\\\/uploads\\\/2026\\\/03\\\/Logo_Rund_Final-1.png\",\"contentUrl\":\"https:\\\/\\\/schweizversand.ch\\\/wp-content\\\/uploads\\\/2026\\\/03\\\/Logo_Rund_Final-1.png\",\"width\":404,\"height\":404,\"caption\":\"Schweizversand.ch\"},\"image\":{\"@id\":\"https:\\\/\\\/schweizversand.ch\\\/en\\\/#\\\/schema\\\/logo\\\/image\\\/\"},\"sameAs\":[\"https:\\\/\\\/www.facebook.com\\\/Schweizversand\",\"https:\\\/\\\/www.instagram.com\\\/schweizversand.ch\\\/\"]}]}<\/script>\n<!-- \/ Yoast SEO plugin. -->","yoast_head_json":{"title":"Unicorn Vanguard Dart-Tasche","description":"Vanguard Dart-Tasche \u2013 Premium Schutz und Stil f\u00fcr Ihr Dart-Equipment Die Vanguard Dart-Tasche ist die ideale Wahl f\u00fcr alle ambitionierten Dartspieler, die Wert","robots":{"index":"index","follow":"follow","max-snippet":"max-snippet:-1","max-image-preview":"max-image-preview:large","max-video-preview":"max-video-preview:-1"},"canonical":"https:\/\/schweizversand.ch\/en\/produkt\/unicorn-vanguard-dart-tasche-4\/","og_locale":"en_US","og_type":"article","og_title":"Unicorn Vanguard Dart-Tasche","og_description":"Vanguard Dart-Tasche \u2013 Premium Schutz und Stil f\u00fcr Ihr Dart-Equipment Die Vanguard Dart-Tasche ist die ideale Wahl f\u00fcr alle ambitionierten Dartspieler, die Wert","og_url":"https:\/\/schweizversand.ch\/en\/produkt\/unicorn-vanguard-dart-tasche-4\/","og_site_name":"Schweizer Shop f\u00fcr Sport, Spiel und Freizeit","article_publisher":"https:\/\/www.facebook.com\/Schweizversand","article_modified_time":"2026-04-15T00:02:18+00:00","twitter_card":"summary_large_image","twitter_misc":{"Est. reading time":"1 minute"},"schema":{"@context":"https:\/\/schema.org","@graph":[{"@type":"WebPage","@id":"https:\/\/schweizversand.ch\/en\/produkt\/unicorn-vanguard-dart-tasche-4\/","url":"https:\/\/schweizversand.ch\/en\/produkt\/unicorn-vanguard-dart-tasche-4\/","name":"Unicorn Vanguard Dart-Tasche","isPartOf":{"@id":"https:\/\/schweizversand.ch\/en\/#website"},"primaryImageOfPage":{"@id":"https:\/\/schweizversand.ch\/en\/produkt\/unicorn-vanguard-dart-tasche-4\/#primaryimage"},"image":{"@id":"https:\/\/schweizversand.ch\/en\/produkt\/unicorn-vanguard-dart-tasche-4\/#primaryimage"},"thumbnailUrl":"https:\/\/schweizversand.ch\/wp-content\/uploads\/2026\/04\/5520093503.jpg","datePublished":"2026-04-15T00:00:33+00:00","dateModified":"2026-04-15T00:02:18+00:00","description":"Vanguard Dart-Tasche \u2013 Premium Schutz und Stil f\u00fcr Ihr Dart-Equipment Die Vanguard Dart-Tasche ist die ideale Wahl f\u00fcr alle ambitionierten Dartspieler, die Wert","breadcrumb":{"@id":"https:\/\/schweizversand.ch\/en\/produkt\/unicorn-vanguard-dart-tasche-4\/#breadcrumb"},"inLanguage":"en-US","potentialAction":[{"@type":"ReadAction","target":["https:\/\/schweizversand.ch\/en\/produkt\/unicorn-vanguard-dart-tasche-4\/"]}]},{"@type":"ImageObject","inLanguage":"en-US","@id":"https:\/\/schweizversand.ch\/en\/produkt\/unicorn-vanguard-dart-tasche-4\/#primaryimage","url":"https:\/\/schweizversand.ch\/wp-content\/uploads\/2026\/04\/5520093503.jpg","contentUrl":"https:\/\/schweizversand.ch\/wp-content\/uploads\/2026\/04\/5520093503.jpg","width":1024,"height":1024},{"@type":"BreadcrumbList","@id":"https:\/\/schweizversand.ch\/en\/produkt\/unicorn-vanguard-dart-tasche-4\/#breadcrumb","itemListElement":[{"@type":"ListItem","position":1,"name":"Startseite","item":"https:\/\/schweizversand.ch\/en\/"},{"@type":"ListItem","position":2,"name":"Shop","item":"https:\/\/schweizversand.ch\/en\/shop\/"},{"@type":"ListItem","position":3,"name":"Unicorn Vanguard Dart Bag"}]},{"@type":"WebSite","@id":"https:\/\/schweizversand.ch\/en\/#website","url":"https:\/\/schweizversand.ch\/en\/","name":"Schweizer Shop f\u00fcr Sport, Spiel und Freizeit","description":"Gratisversand ab 50.- (netto), ab eigenem schweizer Lager, Lieferung innert 48h","publisher":{"@id":"https:\/\/schweizversand.ch\/en\/#organization"},"alternateName":"Schweizversand.ch","potentialAction":[{"@type":"SearchAction","target":{"@type":"EntryPoint","urlTemplate":"https:\/\/schweizversand.ch\/en\/?s={search_term_string}"},"query-input":{"@type":"PropertyValueSpecification","valueRequired":true,"valueName":"search_term_string"}}],"inLanguage":"en-US"},{"@type":"Organization","@id":"https:\/\/schweizversand.ch\/en\/#organization","name":"Schweizversand.ch","url":"https:\/\/schweizversand.ch\/en\/","logo":{"@type":"ImageObject","inLanguage":"en-US","@id":"https:\/\/schweizversand.ch\/en\/#\/schema\/logo\/image\/","url":"https:\/\/schweizversand.ch\/wp-content\/uploads\/2026\/03\/Logo_Rund_Final-1.png","contentUrl":"https:\/\/schweizversand.ch\/wp-content\/uploads\/2026\/03\/Logo_Rund_Final-1.png","width":404,"height":404,"caption":"Schweizversand.ch"},"image":{"@id":"https:\/\/schweizversand.ch\/en\/#\/schema\/logo\/image\/"},"sameAs":["https:\/\/www.facebook.com\/Schweizversand","https:\/\/www.instagram.com\/schweizversand.ch\/"]}]}},"jetpack_sharing_enabled":true,"_links":{"self":[{"href":"https:\/\/schweizversand.ch\/en\/wp-json\/wp\/v2\/product\/267253","targetHints":{"allow":["GET"]}}],"collection":[{"href":"https:\/\/schweizversand.ch\/en\/wp-json\/wp\/v2\/product"}],"about":[{"href":"https:\/\/schweizversand.ch\/en\/wp-json\/wp\/v2\/types\/product"}],"replies":[{"embeddable":true,"href":"https:\/\/schweizversand.ch\/en\/wp-json\/wp\/v2\/comments?post=267253"}],"wp:featuredmedia":[{"embeddable":true,"href":"https:\/\/schweizversand.ch\/en\/wp-json\/wp\/v2\/media\/267265"}],"wp:attachment":[{"href":"https:\/\/schweizversand.ch\/en\/wp-json\/wp\/v2\/media?parent=267253"}],"wp:term":[{"taxonomy":"product_brand","embeddable":true,"href":"https:\/\/schweizversand.ch\/en\/wp-json\/wp\/v2\/product_brand?post=267253"},{"taxonomy":"product_cat","embeddable":true,"href":"https:\/\/schweizversand.ch\/en\/wp-json\/wp\/v2\/product_cat?post=267253"},{"taxonomy":"product_tag","embeddable":true,"href":"https:\/\/schweizversand.ch\/en\/wp-json\/wp\/v2\/product_tag?post=267253"}],"curies":[{"name":"wp","href":"https:\/\/api.w.org\/{rel}","templated":true}]}}