{"id":267255,"date":"2026-04-15T02:00:33","date_gmt":"2026-04-15T00:00:33","guid":{"rendered":"https:\/\/schweizversand.ch\/produkt\/unicorn-forge-all-in-one-flight-shaft-3\/"},"modified":"2026-04-19T02:02:20","modified_gmt":"2026-04-19T00:02:20","slug":"unicorn-forge-all-in-one-flight-shaft-3","status":"publish","type":"product","link":"https:\/\/schweizversand.ch\/en\/produkt\/unicorn-forge-all-in-one-flight-shaft-3\/","title":{"rendered":"Unicorn Forge All-In-One Flight &amp; Shaft"},"content":{"rendered":"<h1><strong>Unicorn Forge All-In-One Flight &amp; Shaft (Black, Medium, 3 pcs.)<\/strong><\/h1>\n<div>Experience the next level of darts with the <strong>Unicorn Forge<\/strong> Integrated Flight &amp; Shaft System \u2013 the modern evolution of the classic dart setup. The fused construction of these <strong>dart flights<\/strong> and <strong>dart shafts<\/strong> offers maximum durability and exceptional shock absorption. This ensures consistent and precise throws in every game.<\/p>\n<p><strong>Innovation and Stability<\/strong><br \/>The <strong>Unicorn Forge<\/strong> system is a true <strong>all-in-one dart system<\/strong>. Thanks to its integrated design, you&#8217;ll enjoy improved flight speed and optimal flight stability. The lightweight one-piece design minimizes distractions and allows for tighter groupings and higher scores. The design offers a perfect balance of flexibility and strength. Precision and material quality: The advanced polymer material ensures long-lasting durability and excellent resistance \u2013 even during intense matches. The integrated 90\u00b0 wing angle guarantees a precise trajectory and consistent accuracy. This <strong>dart accessory<\/strong> is ideal for improving your throwing technique, precision, and control, as the <strong>integrated flights<\/strong> always remain at the optimal angle.<\/p>\n<p><strong>Product Details at a Glance<\/strong><br \/>&#8211; Integrated flight and shaft system for maximum stability<br \/>&#8211; Perfect 90\u00b0 flight angle for consistent flight characteristics<br \/>&#8211; High-quality polymer material, extremely robust and impact-resistant<br \/>&#8211; Universal 2BA thread, compatible with most dart barrels<br \/>&#8211; Lightweight construction for maximum control<br \/>&#8211; Shaft length: Medium<\/p>\n<p>With the Unicorn Forge System, you&#8217;re choosing quality, performance, and precision. Discover now how this modern technology will revolutionize your dart game and help you reach your full potential.<\/p>\n<\/div>\n<div><\/div>\n","protected":false},"excerpt":{"rendered":"<p>Unicorn Forge All-In-One Flight &amp; Shaft bietet maximale Haltbarkeit, erstklassige Stossd\u00e4mpfung und optimale Flugstabilit\u00e4t f\u00fcr pr\u00e4zise und konstante Dartw\u00fcrfe.<\/p>\n","protected":false},"featured_media":267277,"comment_status":"open","ping_status":"closed","template":"","meta":[],"product_brand":[],"product_cat":[38030],"product_tag":[],"class_list":{"0":"post-267255","1":"product","2":"type-product","3":"status-publish","4":"has-post-thumbnail","6":"product_cat-diverses-zubehoer","7":"product_shipping_class-global_methods","9":"first","10":"instock","11":"taxable","12":"shipping-taxable","13":"purchasable","14":"product-type-simple"},"yoast_head":"<!-- This site is optimized with the Yoast SEO plugin v27.4 - https:\/\/yoast.com\/product\/yoast-seo-wordpress\/ -->\n<title>Unicorn Forge All-In-One Flight &amp; Shaft<\/title>\n<meta name=\"description\" content=\"Unicorn Forge Integrated Flight &amp; Shaft System Erleben Sie das n\u00e4chste Level des Dartspiels mit dem Unicorn Forge Integrated Flight &amp; Shaft System \u2013 der moderne\" \/>\n<meta name=\"robots\" content=\"index, follow, max-snippet:-1, max-image-preview:large, max-video-preview:-1\" \/>\n<link rel=\"canonical\" href=\"https:\/\/schweizversand.ch\/en\/produkt\/unicorn-forge-all-in-one-flight-shaft-3\/\" \/>\n<meta property=\"og:locale\" content=\"en_US\" \/>\n<meta property=\"og:type\" content=\"article\" \/>\n<meta property=\"og:title\" content=\"Unicorn Forge All-In-One Flight &amp; Shaft\" \/>\n<meta property=\"og:description\" content=\"Unicorn Forge Integrated Flight &amp; Shaft System Erleben Sie das n\u00e4chste Level des Dartspiels mit dem Unicorn Forge Integrated Flight &amp; Shaft System \u2013 der moderne\" \/>\n<meta property=\"og:url\" content=\"https:\/\/schweizversand.ch\/en\/produkt\/unicorn-forge-all-in-one-flight-shaft-3\/\" \/>\n<meta property=\"og:site_name\" content=\"Schweizer Shop f\u00fcr Sport, Spiel und Freizeit\" \/>\n<meta property=\"article:publisher\" content=\"https:\/\/www.facebook.com\/Schweizversand\" \/>\n<meta property=\"article:modified_time\" content=\"2026-04-19T00:02:20+00:00\" \/>\n<meta property=\"og:image\" content=\"https:\/\/schweizversand.ch\/wp-content\/uploads\/2026\/04\/5520093623.jpg\" \/>\n\t<meta property=\"og:image:width\" content=\"1024\" \/>\n\t<meta property=\"og:image:height\" content=\"1024\" \/>\n\t<meta property=\"og:image:type\" content=\"image\/jpeg\" \/>\n<meta name=\"twitter:card\" content=\"summary_large_image\" \/>\n<meta name=\"twitter:label1\" content=\"Est. reading time\" \/>\n\t<meta name=\"twitter:data1\" content=\"1 minute\" \/>\n<script type=\"application\/ld+json\" class=\"yoast-schema-graph\">{\"@context\":\"https:\\\/\\\/schema.org\",\"@graph\":[{\"@type\":\"WebPage\",\"@id\":\"https:\\\/\\\/schweizversand.ch\\\/en\\\/produkt\\\/unicorn-forge-all-in-one-flight-shaft-3\\\/\",\"url\":\"https:\\\/\\\/schweizversand.ch\\\/en\\\/produkt\\\/unicorn-forge-all-in-one-flight-shaft-3\\\/\",\"name\":\"Unicorn Forge All-In-One Flight & Shaft\",\"isPartOf\":{\"@id\":\"https:\\\/\\\/schweizversand.ch\\\/en\\\/#website\"},\"primaryImageOfPage\":{\"@id\":\"https:\\\/\\\/schweizversand.ch\\\/en\\\/produkt\\\/unicorn-forge-all-in-one-flight-shaft-3\\\/#primaryimage\"},\"image\":{\"@id\":\"https:\\\/\\\/schweizversand.ch\\\/en\\\/produkt\\\/unicorn-forge-all-in-one-flight-shaft-3\\\/#primaryimage\"},\"thumbnailUrl\":\"https:\\\/\\\/schweizversand.ch\\\/wp-content\\\/uploads\\\/2026\\\/04\\\/5520093623.jpg\",\"datePublished\":\"2026-04-15T00:00:33+00:00\",\"dateModified\":\"2026-04-19T00:02:20+00:00\",\"description\":\"Unicorn Forge Integrated Flight & Shaft System Erleben Sie das n\u00e4chste Level des Dartspiels mit dem Unicorn Forge Integrated Flight & Shaft System \u2013 der moderne\",\"breadcrumb\":{\"@id\":\"https:\\\/\\\/schweizversand.ch\\\/en\\\/produkt\\\/unicorn-forge-all-in-one-flight-shaft-3\\\/#breadcrumb\"},\"inLanguage\":\"en-US\",\"potentialAction\":[{\"@type\":\"ReadAction\",\"target\":[\"https:\\\/\\\/schweizversand.ch\\\/en\\\/produkt\\\/unicorn-forge-all-in-one-flight-shaft-3\\\/\"]}]},{\"@type\":\"ImageObject\",\"inLanguage\":\"en-US\",\"@id\":\"https:\\\/\\\/schweizversand.ch\\\/en\\\/produkt\\\/unicorn-forge-all-in-one-flight-shaft-3\\\/#primaryimage\",\"url\":\"https:\\\/\\\/schweizversand.ch\\\/wp-content\\\/uploads\\\/2026\\\/04\\\/5520093623.jpg\",\"contentUrl\":\"https:\\\/\\\/schweizversand.ch\\\/wp-content\\\/uploads\\\/2026\\\/04\\\/5520093623.jpg\",\"width\":1024,\"height\":1024},{\"@type\":\"BreadcrumbList\",\"@id\":\"https:\\\/\\\/schweizversand.ch\\\/en\\\/produkt\\\/unicorn-forge-all-in-one-flight-shaft-3\\\/#breadcrumb\",\"itemListElement\":[{\"@type\":\"ListItem\",\"position\":1,\"name\":\"Startseite\",\"item\":\"https:\\\/\\\/schweizversand.ch\\\/en\\\/\"},{\"@type\":\"ListItem\",\"position\":2,\"name\":\"Shop\",\"item\":\"https:\\\/\\\/schweizversand.ch\\\/en\\\/shop\\\/\"},{\"@type\":\"ListItem\",\"position\":3,\"name\":\"Sports\",\"item\":\"https:\\\/\\\/schweizversand.ch\\\/en\\\/produkt-kategorie\\\/sports\\\/\"},{\"@type\":\"ListItem\",\"position\":4,\"name\":\"ball sports &amp; darts\",\"item\":\"https:\\\/\\\/schweizversand.ch\\\/en\\\/produkt-kategorie\\\/sports\\\/ball-sports-darts\\\/\"},{\"@type\":\"ListItem\",\"position\":5,\"name\":\"Miscellaneous &amp; Accessories\",\"item\":\"https:\\\/\\\/schweizversand.ch\\\/en\\\/produkt-kategorie\\\/sports\\\/ball-sports-darts\\\/diverses-zubehoer\\\/\"},{\"@type\":\"ListItem\",\"position\":6,\"name\":\"Unicorn Forge All-In-One Flight &amp; Shaft\"}]},{\"@type\":\"WebSite\",\"@id\":\"https:\\\/\\\/schweizversand.ch\\\/en\\\/#website\",\"url\":\"https:\\\/\\\/schweizversand.ch\\\/en\\\/\",\"name\":\"Schweizer Shop f\u00fcr Sport, Spiel und Freizeit\",\"description\":\"Gratisversand ab 50.- (netto), ab eigenem schweizer Lager, Lieferung innert 48h\",\"publisher\":{\"@id\":\"https:\\\/\\\/schweizversand.ch\\\/en\\\/#organization\"},\"alternateName\":\"Schweizversand.ch\",\"potentialAction\":[{\"@type\":\"SearchAction\",\"target\":{\"@type\":\"EntryPoint\",\"urlTemplate\":\"https:\\\/\\\/schweizversand.ch\\\/en\\\/?s={search_term_string}\"},\"query-input\":{\"@type\":\"PropertyValueSpecification\",\"valueRequired\":true,\"valueName\":\"search_term_string\"}}],\"inLanguage\":\"en-US\"},{\"@type\":\"Organization\",\"@id\":\"https:\\\/\\\/schweizversand.ch\\\/en\\\/#organization\",\"name\":\"Schweizversand.ch\",\"url\":\"https:\\\/\\\/schweizversand.ch\\\/en\\\/\",\"logo\":{\"@type\":\"ImageObject\",\"inLanguage\":\"en-US\",\"@id\":\"https:\\\/\\\/schweizversand.ch\\\/en\\\/#\\\/schema\\\/logo\\\/image\\\/\",\"url\":\"https:\\\/\\\/schweizversand.ch\\\/wp-content\\\/uploads\\\/2026\\\/03\\\/Logo_Rund_Final-1.png\",\"contentUrl\":\"https:\\\/\\\/schweizversand.ch\\\/wp-content\\\/uploads\\\/2026\\\/03\\\/Logo_Rund_Final-1.png\",\"width\":404,\"height\":404,\"caption\":\"Schweizversand.ch\"},\"image\":{\"@id\":\"https:\\\/\\\/schweizversand.ch\\\/en\\\/#\\\/schema\\\/logo\\\/image\\\/\"},\"sameAs\":[\"https:\\\/\\\/www.facebook.com\\\/Schweizversand\",\"https:\\\/\\\/www.instagram.com\\\/schweizversand.ch\\\/\"]}]}<\/script>\n<!-- \/ Yoast SEO plugin. -->","yoast_head_json":{"title":"Unicorn Forge All-In-One Flight & Shaft","description":"Unicorn Forge Integrated Flight & Shaft System Erleben Sie das n\u00e4chste Level des Dartspiels mit dem Unicorn Forge Integrated Flight & Shaft System \u2013 der moderne","robots":{"index":"index","follow":"follow","max-snippet":"max-snippet:-1","max-image-preview":"max-image-preview:large","max-video-preview":"max-video-preview:-1"},"canonical":"https:\/\/schweizversand.ch\/en\/produkt\/unicorn-forge-all-in-one-flight-shaft-3\/","og_locale":"en_US","og_type":"article","og_title":"Unicorn Forge All-In-One Flight & Shaft","og_description":"Unicorn Forge Integrated Flight & Shaft System Erleben Sie das n\u00e4chste Level des Dartspiels mit dem Unicorn Forge Integrated Flight & Shaft System \u2013 der moderne","og_url":"https:\/\/schweizversand.ch\/en\/produkt\/unicorn-forge-all-in-one-flight-shaft-3\/","og_site_name":"Schweizer Shop f\u00fcr Sport, Spiel und Freizeit","article_publisher":"https:\/\/www.facebook.com\/Schweizversand","article_modified_time":"2026-04-19T00:02:20+00:00","og_image":[{"width":1024,"height":1024,"url":"https:\/\/schweizversand.ch\/wp-content\/uploads\/2026\/04\/5520093623.jpg","type":"image\/jpeg"}],"twitter_card":"summary_large_image","twitter_misc":{"Est. reading time":"1 minute"},"schema":{"@context":"https:\/\/schema.org","@graph":[{"@type":"WebPage","@id":"https:\/\/schweizversand.ch\/en\/produkt\/unicorn-forge-all-in-one-flight-shaft-3\/","url":"https:\/\/schweizversand.ch\/en\/produkt\/unicorn-forge-all-in-one-flight-shaft-3\/","name":"Unicorn Forge All-In-One Flight & Shaft","isPartOf":{"@id":"https:\/\/schweizversand.ch\/en\/#website"},"primaryImageOfPage":{"@id":"https:\/\/schweizversand.ch\/en\/produkt\/unicorn-forge-all-in-one-flight-shaft-3\/#primaryimage"},"image":{"@id":"https:\/\/schweizversand.ch\/en\/produkt\/unicorn-forge-all-in-one-flight-shaft-3\/#primaryimage"},"thumbnailUrl":"https:\/\/schweizversand.ch\/wp-content\/uploads\/2026\/04\/5520093623.jpg","datePublished":"2026-04-15T00:00:33+00:00","dateModified":"2026-04-19T00:02:20+00:00","description":"Unicorn Forge Integrated Flight & Shaft System Erleben Sie das n\u00e4chste Level des Dartspiels mit dem Unicorn Forge Integrated Flight & Shaft System \u2013 der moderne","breadcrumb":{"@id":"https:\/\/schweizversand.ch\/en\/produkt\/unicorn-forge-all-in-one-flight-shaft-3\/#breadcrumb"},"inLanguage":"en-US","potentialAction":[{"@type":"ReadAction","target":["https:\/\/schweizversand.ch\/en\/produkt\/unicorn-forge-all-in-one-flight-shaft-3\/"]}]},{"@type":"ImageObject","inLanguage":"en-US","@id":"https:\/\/schweizversand.ch\/en\/produkt\/unicorn-forge-all-in-one-flight-shaft-3\/#primaryimage","url":"https:\/\/schweizversand.ch\/wp-content\/uploads\/2026\/04\/5520093623.jpg","contentUrl":"https:\/\/schweizversand.ch\/wp-content\/uploads\/2026\/04\/5520093623.jpg","width":1024,"height":1024},{"@type":"BreadcrumbList","@id":"https:\/\/schweizversand.ch\/en\/produkt\/unicorn-forge-all-in-one-flight-shaft-3\/#breadcrumb","itemListElement":[{"@type":"ListItem","position":1,"name":"Startseite","item":"https:\/\/schweizversand.ch\/en\/"},{"@type":"ListItem","position":2,"name":"Shop","item":"https:\/\/schweizversand.ch\/en\/shop\/"},{"@type":"ListItem","position":3,"name":"Sports","item":"https:\/\/schweizversand.ch\/en\/produkt-kategorie\/sports\/"},{"@type":"ListItem","position":4,"name":"ball sports &amp; darts","item":"https:\/\/schweizversand.ch\/en\/produkt-kategorie\/sports\/ball-sports-darts\/"},{"@type":"ListItem","position":5,"name":"Miscellaneous &amp; Accessories","item":"https:\/\/schweizversand.ch\/en\/produkt-kategorie\/sports\/ball-sports-darts\/diverses-zubehoer\/"},{"@type":"ListItem","position":6,"name":"Unicorn Forge All-In-One Flight &amp; Shaft"}]},{"@type":"WebSite","@id":"https:\/\/schweizversand.ch\/en\/#website","url":"https:\/\/schweizversand.ch\/en\/","name":"Schweizer Shop f\u00fcr Sport, Spiel und Freizeit","description":"Gratisversand ab 50.- (netto), ab eigenem schweizer Lager, Lieferung innert 48h","publisher":{"@id":"https:\/\/schweizversand.ch\/en\/#organization"},"alternateName":"Schweizversand.ch","potentialAction":[{"@type":"SearchAction","target":{"@type":"EntryPoint","urlTemplate":"https:\/\/schweizversand.ch\/en\/?s={search_term_string}"},"query-input":{"@type":"PropertyValueSpecification","valueRequired":true,"valueName":"search_term_string"}}],"inLanguage":"en-US"},{"@type":"Organization","@id":"https:\/\/schweizversand.ch\/en\/#organization","name":"Schweizversand.ch","url":"https:\/\/schweizversand.ch\/en\/","logo":{"@type":"ImageObject","inLanguage":"en-US","@id":"https:\/\/schweizversand.ch\/en\/#\/schema\/logo\/image\/","url":"https:\/\/schweizversand.ch\/wp-content\/uploads\/2026\/03\/Logo_Rund_Final-1.png","contentUrl":"https:\/\/schweizversand.ch\/wp-content\/uploads\/2026\/03\/Logo_Rund_Final-1.png","width":404,"height":404,"caption":"Schweizversand.ch"},"image":{"@id":"https:\/\/schweizversand.ch\/en\/#\/schema\/logo\/image\/"},"sameAs":["https:\/\/www.facebook.com\/Schweizversand","https:\/\/www.instagram.com\/schweizversand.ch\/"]}]}},"jetpack_sharing_enabled":true,"_links":{"self":[{"href":"https:\/\/schweizversand.ch\/en\/wp-json\/wp\/v2\/product\/267255","targetHints":{"allow":["GET"]}}],"collection":[{"href":"https:\/\/schweizversand.ch\/en\/wp-json\/wp\/v2\/product"}],"about":[{"href":"https:\/\/schweizversand.ch\/en\/wp-json\/wp\/v2\/types\/product"}],"replies":[{"embeddable":true,"href":"https:\/\/schweizversand.ch\/en\/wp-json\/wp\/v2\/comments?post=267255"}],"wp:featuredmedia":[{"embeddable":true,"href":"https:\/\/schweizversand.ch\/en\/wp-json\/wp\/v2\/media\/267277"}],"wp:attachment":[{"href":"https:\/\/schweizversand.ch\/en\/wp-json\/wp\/v2\/media?parent=267255"}],"wp:term":[{"taxonomy":"product_brand","embeddable":true,"href":"https:\/\/schweizversand.ch\/en\/wp-json\/wp\/v2\/product_brand?post=267255"},{"taxonomy":"product_cat","embeddable":true,"href":"https:\/\/schweizversand.ch\/en\/wp-json\/wp\/v2\/product_cat?post=267255"},{"taxonomy":"product_tag","embeddable":true,"href":"https:\/\/schweizversand.ch\/en\/wp-json\/wp\/v2\/product_tag?post=267255"}],"curies":[{"name":"wp","href":"https:\/\/api.w.org\/{rel}","templated":true}]}}