{"id":267256,"date":"2026-04-15T02:00:39","date_gmt":"2026-04-15T00:00:39","guid":{"rendered":"https:\/\/schweizversand.ch\/produkt\/hudora-skater-rampen-set-5-teilig\/"},"modified":"2026-04-22T15:33:15","modified_gmt":"2026-04-22T13:33:15","slug":"hudora-skater-rampen-set-5-teilig","status":"publish","type":"product","link":"https:\/\/schweizversand.ch\/en\/produkt\/hudora-skater-rampen-set-5-teilig\/","title":{"rendered":"Hudora Skater Ramp Set, 5-piece"},"content":{"rendered":"<h1><strong>HUDORA Skater Ramp Set \u2013 The Modular Skatepark Set<\/strong><\/h1>\n<div>Transform your garden or yard into an exciting skatepark with the versatile HUDORA Skater Ramp Set. This <strong>modular ramp system<\/strong> was specially developed to allow for maximum riding fun and creative course design. It is the ideal <strong>roller sports accessory<\/strong> to safely promote your children&#8217;s skills.<\/p>\n<\/div>\n<div><strong>Your personal skatepark at home<\/strong><br \/>This set offers you the opportunity to create individual courses for various roller sports. With four sturdy ramps and a central connector, an impressive <strong>skater ramp<\/strong> can be built in no time. The assembled dimensions of approximately 154 x 121.5 x 16.5 cm offer ample space for exciting tricks. Stability and Versatility: The ramps are made of reinforced plastic, ensuring high durability and a load capacity of up to 80 kg. The surface is non-slip and provides extra grip, ensuring the necessary safety during use. This set is perfect as a scooter ramp, inline skate ramp, as well as for skateboards and casterboards.<\/p>\n<\/div>\n<div><strong>Product Details and Dimensions<\/strong><br \/>&#8211; Modular ramp system consisting of 4 ramps and 1 connector<br \/>&#8211; Suitable for stunt scooters, skateboards, inline skates, and casterboards<br \/>&#8211; Maximum load capacity: 80 kg<br \/>&#8211; Ramp dimensions: approx. 56.5 x 39.5 x 15.5 cm<br \/>&#8211; Connector dimensions: approx. 67.5 x 33 x 3.2 cm<\/p>\n<\/div>\n<div><strong>Safety Instructions<\/strong><br \/>Please note that this skatepark set must only be used with appropriate protective gear. Use on public roads is prohibited. Please refer to the enclosed assembly and operating instructions for all other important details.<\/p>\n<\/div>\n<div>Get the HUDORA Skater Ramp Set now and offer young roller sports enthusiasts the perfect foundation to improve their skills and try out creative tricks.<\/p>\n<\/div>\n<div><\/div>\n","protected":false},"excerpt":{"rendered":"<p>Hudora Skater Rampen Set, 5-teilig: Modulares Skatepark-Set f\u00fcr zuhause, stabile Rampen und vielseitige Parcoursgestaltung \u2013 perfektes Zubeh\u00f6r f\u00fcr sicheren Fahrspa\u00df und Tricks.<\/p>\n","protected":false},"featured_media":267283,"comment_status":"open","ping_status":"closed","template":"","meta":[],"product_brand":[],"product_cat":[39243],"product_tag":[],"class_list":{"0":"post-267256","1":"product","2":"type-product","3":"status-publish","4":"has-post-thumbnail","6":"product_cat-skateboards","7":"product_shipping_class-global_methods","9":"first","10":"instock","11":"taxable","12":"shipping-taxable","13":"purchasable","14":"product-type-simple"},"yoast_head":"<!-- This site is optimized with the Yoast SEO plugin v27.4 - https:\/\/yoast.com\/product\/yoast-seo-wordpress\/ -->\n<title>Hudora Skater Rampen Set, 5-teilig<\/title>\n<meta name=\"description\" content=\"HUDORA Skater Rampen Set \u2013 Das modulare Skatepark Set Verwandeln Sie Ihren Garten oder Hof in einen aufregenden Skatepark mit dem vielseitigen HUDORA Skater Ram\" \/>\n<meta name=\"robots\" content=\"index, follow, max-snippet:-1, max-image-preview:large, max-video-preview:-1\" \/>\n<link rel=\"canonical\" href=\"https:\/\/schweizversand.ch\/en\/produkt\/hudora-skater-rampen-set-5-teilig\/\" \/>\n<meta property=\"og:locale\" content=\"en_US\" \/>\n<meta property=\"og:type\" content=\"article\" \/>\n<meta property=\"og:title\" content=\"Hudora Skater Rampen Set, 5-teilig\" \/>\n<meta property=\"og:description\" content=\"HUDORA Skater Rampen Set \u2013 Das modulare Skatepark Set Verwandeln Sie Ihren Garten oder Hof in einen aufregenden Skatepark mit dem vielseitigen HUDORA Skater Ram\" \/>\n<meta property=\"og:url\" content=\"https:\/\/schweizversand.ch\/en\/produkt\/hudora-skater-rampen-set-5-teilig\/\" \/>\n<meta property=\"og:site_name\" content=\"Schweizer Shop f\u00fcr Sport, Spiel und Freizeit\" \/>\n<meta property=\"article:publisher\" content=\"https:\/\/www.facebook.com\/Schweizversand\" \/>\n<meta property=\"article:modified_time\" content=\"2026-04-22T13:33:15+00:00\" \/>\n<meta name=\"twitter:card\" content=\"summary_large_image\" \/>\n<meta name=\"twitter:label1\" content=\"Est. reading time\" \/>\n\t<meta name=\"twitter:data1\" content=\"1 minute\" \/>\n<script type=\"application\/ld+json\" class=\"yoast-schema-graph\">{\"@context\":\"https:\\\/\\\/schema.org\",\"@graph\":[{\"@type\":\"WebPage\",\"@id\":\"https:\\\/\\\/schweizversand.ch\\\/en\\\/produkt\\\/hudora-skater-rampen-set-5-teilig\\\/\",\"url\":\"https:\\\/\\\/schweizversand.ch\\\/en\\\/produkt\\\/hudora-skater-rampen-set-5-teilig\\\/\",\"name\":\"Hudora Skater Rampen Set, 5-teilig\",\"isPartOf\":{\"@id\":\"https:\\\/\\\/schweizversand.ch\\\/en\\\/#website\"},\"primaryImageOfPage\":{\"@id\":\"https:\\\/\\\/schweizversand.ch\\\/en\\\/produkt\\\/hudora-skater-rampen-set-5-teilig\\\/#primaryimage\"},\"image\":{\"@id\":\"https:\\\/\\\/schweizversand.ch\\\/en\\\/produkt\\\/hudora-skater-rampen-set-5-teilig\\\/#primaryimage\"},\"thumbnailUrl\":\"https:\\\/\\\/schweizversand.ch\\\/wp-content\\\/uploads\\\/2026\\\/04\\\/5471484322.jpg\",\"datePublished\":\"2026-04-15T00:00:39+00:00\",\"dateModified\":\"2026-04-22T13:33:15+00:00\",\"description\":\"HUDORA Skater Rampen Set \u2013 Das modulare Skatepark Set Verwandeln Sie Ihren Garten oder Hof in einen aufregenden Skatepark mit dem vielseitigen HUDORA Skater Ram\",\"breadcrumb\":{\"@id\":\"https:\\\/\\\/schweizversand.ch\\\/en\\\/produkt\\\/hudora-skater-rampen-set-5-teilig\\\/#breadcrumb\"},\"inLanguage\":\"en-US\",\"potentialAction\":[{\"@type\":\"ReadAction\",\"target\":[\"https:\\\/\\\/schweizversand.ch\\\/en\\\/produkt\\\/hudora-skater-rampen-set-5-teilig\\\/\"]}]},{\"@type\":\"ImageObject\",\"inLanguage\":\"en-US\",\"@id\":\"https:\\\/\\\/schweizversand.ch\\\/en\\\/produkt\\\/hudora-skater-rampen-set-5-teilig\\\/#primaryimage\",\"url\":\"https:\\\/\\\/schweizversand.ch\\\/wp-content\\\/uploads\\\/2026\\\/04\\\/5471484322.jpg\",\"contentUrl\":\"https:\\\/\\\/schweizversand.ch\\\/wp-content\\\/uploads\\\/2026\\\/04\\\/5471484322.jpg\",\"width\":1024,\"height\":760},{\"@type\":\"BreadcrumbList\",\"@id\":\"https:\\\/\\\/schweizversand.ch\\\/en\\\/produkt\\\/hudora-skater-rampen-set-5-teilig\\\/#breadcrumb\",\"itemListElement\":[{\"@type\":\"ListItem\",\"position\":1,\"name\":\"Startseite\",\"item\":\"https:\\\/\\\/schweizversand.ch\\\/en\\\/\"},{\"@type\":\"ListItem\",\"position\":2,\"name\":\"Shop\",\"item\":\"https:\\\/\\\/schweizversand.ch\\\/en\\\/shop\\\/\"},{\"@type\":\"ListItem\",\"position\":3,\"name\":\"Hudora Skater Ramp Set, 5-piece\"}]},{\"@type\":\"WebSite\",\"@id\":\"https:\\\/\\\/schweizversand.ch\\\/en\\\/#website\",\"url\":\"https:\\\/\\\/schweizversand.ch\\\/en\\\/\",\"name\":\"Schweizer Shop f\u00fcr Sport, Spiel und Freizeit\",\"description\":\"Gratisversand ab 50.- (netto), ab eigenem schweizer Lager, Lieferung innert 48h\",\"publisher\":{\"@id\":\"https:\\\/\\\/schweizversand.ch\\\/en\\\/#organization\"},\"alternateName\":\"Schweizversand.ch\",\"potentialAction\":[{\"@type\":\"SearchAction\",\"target\":{\"@type\":\"EntryPoint\",\"urlTemplate\":\"https:\\\/\\\/schweizversand.ch\\\/en\\\/?s={search_term_string}\"},\"query-input\":{\"@type\":\"PropertyValueSpecification\",\"valueRequired\":true,\"valueName\":\"search_term_string\"}}],\"inLanguage\":\"en-US\"},{\"@type\":\"Organization\",\"@id\":\"https:\\\/\\\/schweizversand.ch\\\/en\\\/#organization\",\"name\":\"Schweizversand.ch\",\"url\":\"https:\\\/\\\/schweizversand.ch\\\/en\\\/\",\"logo\":{\"@type\":\"ImageObject\",\"inLanguage\":\"en-US\",\"@id\":\"https:\\\/\\\/schweizversand.ch\\\/en\\\/#\\\/schema\\\/logo\\\/image\\\/\",\"url\":\"https:\\\/\\\/schweizversand.ch\\\/wp-content\\\/uploads\\\/2026\\\/03\\\/Logo_Rund_Final-1.png\",\"contentUrl\":\"https:\\\/\\\/schweizversand.ch\\\/wp-content\\\/uploads\\\/2026\\\/03\\\/Logo_Rund_Final-1.png\",\"width\":404,\"height\":404,\"caption\":\"Schweizversand.ch\"},\"image\":{\"@id\":\"https:\\\/\\\/schweizversand.ch\\\/en\\\/#\\\/schema\\\/logo\\\/image\\\/\"},\"sameAs\":[\"https:\\\/\\\/www.facebook.com\\\/Schweizversand\",\"https:\\\/\\\/www.instagram.com\\\/schweizversand.ch\\\/\"]}]}<\/script>\n<!-- \/ Yoast SEO plugin. -->","yoast_head_json":{"title":"Hudora Skater Rampen Set, 5-teilig","description":"HUDORA Skater Rampen Set \u2013 Das modulare Skatepark Set Verwandeln Sie Ihren Garten oder Hof in einen aufregenden Skatepark mit dem vielseitigen HUDORA Skater Ram","robots":{"index":"index","follow":"follow","max-snippet":"max-snippet:-1","max-image-preview":"max-image-preview:large","max-video-preview":"max-video-preview:-1"},"canonical":"https:\/\/schweizversand.ch\/en\/produkt\/hudora-skater-rampen-set-5-teilig\/","og_locale":"en_US","og_type":"article","og_title":"Hudora Skater Rampen Set, 5-teilig","og_description":"HUDORA Skater Rampen Set \u2013 Das modulare Skatepark Set Verwandeln Sie Ihren Garten oder Hof in einen aufregenden Skatepark mit dem vielseitigen HUDORA Skater Ram","og_url":"https:\/\/schweizversand.ch\/en\/produkt\/hudora-skater-rampen-set-5-teilig\/","og_site_name":"Schweizer Shop f\u00fcr Sport, Spiel und Freizeit","article_publisher":"https:\/\/www.facebook.com\/Schweizversand","article_modified_time":"2026-04-22T13:33:15+00:00","twitter_card":"summary_large_image","twitter_misc":{"Est. reading time":"1 minute"},"schema":{"@context":"https:\/\/schema.org","@graph":[{"@type":"WebPage","@id":"https:\/\/schweizversand.ch\/en\/produkt\/hudora-skater-rampen-set-5-teilig\/","url":"https:\/\/schweizversand.ch\/en\/produkt\/hudora-skater-rampen-set-5-teilig\/","name":"Hudora Skater Rampen Set, 5-teilig","isPartOf":{"@id":"https:\/\/schweizversand.ch\/en\/#website"},"primaryImageOfPage":{"@id":"https:\/\/schweizversand.ch\/en\/produkt\/hudora-skater-rampen-set-5-teilig\/#primaryimage"},"image":{"@id":"https:\/\/schweizversand.ch\/en\/produkt\/hudora-skater-rampen-set-5-teilig\/#primaryimage"},"thumbnailUrl":"https:\/\/schweizversand.ch\/wp-content\/uploads\/2026\/04\/5471484322.jpg","datePublished":"2026-04-15T00:00:39+00:00","dateModified":"2026-04-22T13:33:15+00:00","description":"HUDORA Skater Rampen Set \u2013 Das modulare Skatepark Set Verwandeln Sie Ihren Garten oder Hof in einen aufregenden Skatepark mit dem vielseitigen HUDORA Skater Ram","breadcrumb":{"@id":"https:\/\/schweizversand.ch\/en\/produkt\/hudora-skater-rampen-set-5-teilig\/#breadcrumb"},"inLanguage":"en-US","potentialAction":[{"@type":"ReadAction","target":["https:\/\/schweizversand.ch\/en\/produkt\/hudora-skater-rampen-set-5-teilig\/"]}]},{"@type":"ImageObject","inLanguage":"en-US","@id":"https:\/\/schweizversand.ch\/en\/produkt\/hudora-skater-rampen-set-5-teilig\/#primaryimage","url":"https:\/\/schweizversand.ch\/wp-content\/uploads\/2026\/04\/5471484322.jpg","contentUrl":"https:\/\/schweizversand.ch\/wp-content\/uploads\/2026\/04\/5471484322.jpg","width":1024,"height":760},{"@type":"BreadcrumbList","@id":"https:\/\/schweizversand.ch\/en\/produkt\/hudora-skater-rampen-set-5-teilig\/#breadcrumb","itemListElement":[{"@type":"ListItem","position":1,"name":"Startseite","item":"https:\/\/schweizversand.ch\/en\/"},{"@type":"ListItem","position":2,"name":"Shop","item":"https:\/\/schweizversand.ch\/en\/shop\/"},{"@type":"ListItem","position":3,"name":"Hudora Skater Ramp Set, 5-piece"}]},{"@type":"WebSite","@id":"https:\/\/schweizversand.ch\/en\/#website","url":"https:\/\/schweizversand.ch\/en\/","name":"Schweizer Shop f\u00fcr Sport, Spiel und Freizeit","description":"Gratisversand ab 50.- (netto), ab eigenem schweizer Lager, Lieferung innert 48h","publisher":{"@id":"https:\/\/schweizversand.ch\/en\/#organization"},"alternateName":"Schweizversand.ch","potentialAction":[{"@type":"SearchAction","target":{"@type":"EntryPoint","urlTemplate":"https:\/\/schweizversand.ch\/en\/?s={search_term_string}"},"query-input":{"@type":"PropertyValueSpecification","valueRequired":true,"valueName":"search_term_string"}}],"inLanguage":"en-US"},{"@type":"Organization","@id":"https:\/\/schweizversand.ch\/en\/#organization","name":"Schweizversand.ch","url":"https:\/\/schweizversand.ch\/en\/","logo":{"@type":"ImageObject","inLanguage":"en-US","@id":"https:\/\/schweizversand.ch\/en\/#\/schema\/logo\/image\/","url":"https:\/\/schweizversand.ch\/wp-content\/uploads\/2026\/03\/Logo_Rund_Final-1.png","contentUrl":"https:\/\/schweizversand.ch\/wp-content\/uploads\/2026\/03\/Logo_Rund_Final-1.png","width":404,"height":404,"caption":"Schweizversand.ch"},"image":{"@id":"https:\/\/schweizversand.ch\/en\/#\/schema\/logo\/image\/"},"sameAs":["https:\/\/www.facebook.com\/Schweizversand","https:\/\/www.instagram.com\/schweizversand.ch\/"]}]}},"jetpack_sharing_enabled":true,"_links":{"self":[{"href":"https:\/\/schweizversand.ch\/en\/wp-json\/wp\/v2\/product\/267256","targetHints":{"allow":["GET"]}}],"collection":[{"href":"https:\/\/schweizversand.ch\/en\/wp-json\/wp\/v2\/product"}],"about":[{"href":"https:\/\/schweizversand.ch\/en\/wp-json\/wp\/v2\/types\/product"}],"replies":[{"embeddable":true,"href":"https:\/\/schweizversand.ch\/en\/wp-json\/wp\/v2\/comments?post=267256"}],"wp:featuredmedia":[{"embeddable":true,"href":"https:\/\/schweizversand.ch\/en\/wp-json\/wp\/v2\/media\/267283"}],"wp:attachment":[{"href":"https:\/\/schweizversand.ch\/en\/wp-json\/wp\/v2\/media?parent=267256"}],"wp:term":[{"taxonomy":"product_brand","embeddable":true,"href":"https:\/\/schweizversand.ch\/en\/wp-json\/wp\/v2\/product_brand?post=267256"},{"taxonomy":"product_cat","embeddable":true,"href":"https:\/\/schweizversand.ch\/en\/wp-json\/wp\/v2\/product_cat?post=267256"},{"taxonomy":"product_tag","embeddable":true,"href":"https:\/\/schweizversand.ch\/en\/wp-json\/wp\/v2\/product_tag?post=267256"}],"curies":[{"name":"wp","href":"https:\/\/api.w.org\/{rel}","templated":true}]}}