{"id":267362,"date":"2026-04-15T15:31:09","date_gmt":"2026-04-15T13:31:09","guid":{"rendered":"https:\/\/schweizversand.ch\/produkt\/hudora-rollschuh-skate-wonders\/"},"modified":"2026-04-18T15:33:09","modified_gmt":"2026-04-18T13:33:09","slug":"hudora-rollschuh-skate-wonders","status":"publish","type":"product","link":"https:\/\/schweizversand.ch\/en\/produkt\/hudora-rollschuh-skate-wonders\/","title":{"rendered":"Hudora roller skate Skate Wonders"},"content":{"rendered":"<p>The HUDORA Skate Wonders roller skate is a sporty, comfortable, and cool roller skate that will make any girl&#8217;s heart beat faster.<\/p>\n<p>With many features that ensure both fun and safety.<\/p>\n<p>The HUDORA Skate Wonders roller skate is part of the Skate Wonders design line \u2013 colorful newcomers that make life not only more sporty but also more vibrant.<\/p>\n<p>Roller skates, inline skates, and roller skates are currently experiencing a resurgence in popularity, especially among young girls.<\/p>\n<p>&#8220;&#8220;&#8220;&#8220;&#8220;&#8220;&#8220;&#8220;&#8220;&#8220;&#8220;&#8220;&#8220;&#8220;&#8220;&#8220;&#8220;)&#8220;&#8220;`)&#8220;)`)`)`)`)`)`)`)`)`)`)`)`) <br \/>These soft faux leather boots are incredibly comfortable and sit on a sturdy PP high-impact chassis with an aluminum truck, ABEC 5 ball bearings, and 82A PU wheels. A PU toe stop ensures safe stopping.<\/p>\n<p>The insole is made of soft polyester, and the heel and toe are reinforced.<\/p>\n<p>&#8211; Soft faux leather boot<\/p>\n<p>&#8211; Impact-resistant PP high-impact chassis with aluminum truck<\/p>\n<p>&#8211; Cast PU wheels, 82A<\/p>\n<p>Wheel size: 58 x 33 mm<\/p>\n<p>ABEC 5 chrome ball bearings<\/p>\n<p>PU toe stop<\/p>\n<p>Comfortable polyester insole<\/p>\n<p>Reinforced heel and toe<\/p>\n<p>Dual size<\/p>\n","protected":false},"excerpt":{"rendered":"<p>Hudora Rollschuh Skate Wonders bietet M\u00e4dchen bequemen Kunstlederkomfort, sichere PU-Rollen 82A und stabile Aluminiumtrucks f\u00fcr bunten, sportlichen Fahrspa\u00df mit Stopper.<\/p>\n","protected":false},"featured_media":267391,"comment_status":"open","ping_status":"closed","template":"","meta":[],"product_brand":[],"product_cat":[39079],"product_tag":[],"class_list":{"0":"post-267362","1":"product","2":"type-product","3":"status-publish","4":"has-post-thumbnail","6":"product_cat-uncategorized","7":"product_shipping_class-global_methods","9":"first","10":"instock","11":"taxable","12":"shipping-taxable","13":"purchasable","14":"product-type-simple"},"yoast_head":"<!-- This site is optimized with the Yoast SEO plugin v27.4 - https:\/\/yoast.com\/product\/yoast-seo-wordpress\/ -->\n<title>Hudora Rollschuh Skate Wonders<\/title>\n<meta name=\"description\" content=\"Der HUDORA Rollschuh Skate Wonders ist ein sportlicher,\u00a0 \u00a0 \u00a0 bequemer und cooler Rollschuh, der M\u00e4dchenherzen h\u00f6her schlagen l\u00e4sst. \u00a0 Mit vielen Features, die\" \/>\n<meta name=\"robots\" content=\"index, follow, max-snippet:-1, max-image-preview:large, max-video-preview:-1\" \/>\n<link rel=\"canonical\" href=\"https:\/\/schweizversand.ch\/en\/produkt\/hudora-rollschuh-skate-wonders\/\" \/>\n<meta property=\"og:locale\" content=\"en_US\" \/>\n<meta property=\"og:type\" content=\"article\" \/>\n<meta property=\"og:title\" content=\"Hudora Rollschuh Skate Wonders\" \/>\n<meta property=\"og:description\" content=\"Der HUDORA Rollschuh Skate Wonders ist ein sportlicher,\u00a0 \u00a0 \u00a0 bequemer und cooler Rollschuh, der M\u00e4dchenherzen h\u00f6her schlagen l\u00e4sst. \u00a0 Mit vielen Features, die\" \/>\n<meta property=\"og:url\" content=\"https:\/\/schweizversand.ch\/en\/produkt\/hudora-rollschuh-skate-wonders\/\" \/>\n<meta property=\"og:site_name\" content=\"Schweizer Shop f\u00fcr Sport, Spiel und Freizeit\" \/>\n<meta property=\"article:publisher\" content=\"https:\/\/www.facebook.com\/Schweizversand\" \/>\n<meta property=\"article:modified_time\" content=\"2026-04-18T13:33:09+00:00\" \/>\n<meta name=\"twitter:card\" content=\"summary_large_image\" \/>\n<meta name=\"twitter:label1\" content=\"Est. reading time\" \/>\n\t<meta name=\"twitter:data1\" content=\"1 minute\" \/>\n<script type=\"application\/ld+json\" class=\"yoast-schema-graph\">{\"@context\":\"https:\\\/\\\/schema.org\",\"@graph\":[{\"@type\":\"WebPage\",\"@id\":\"https:\\\/\\\/schweizversand.ch\\\/en\\\/produkt\\\/hudora-rollschuh-skate-wonders\\\/\",\"url\":\"https:\\\/\\\/schweizversand.ch\\\/en\\\/produkt\\\/hudora-rollschuh-skate-wonders\\\/\",\"name\":\"Hudora Rollschuh Skate Wonders\",\"isPartOf\":{\"@id\":\"https:\\\/\\\/schweizversand.ch\\\/en\\\/#website\"},\"primaryImageOfPage\":{\"@id\":\"https:\\\/\\\/schweizversand.ch\\\/en\\\/produkt\\\/hudora-rollschuh-skate-wonders\\\/#primaryimage\"},\"image\":{\"@id\":\"https:\\\/\\\/schweizversand.ch\\\/en\\\/produkt\\\/hudora-rollschuh-skate-wonders\\\/#primaryimage\"},\"thumbnailUrl\":\"https:\\\/\\\/schweizversand.ch\\\/wp-content\\\/uploads\\\/2026\\\/04\\\/5471495898.jpg\",\"datePublished\":\"2026-04-15T13:31:09+00:00\",\"dateModified\":\"2026-04-18T13:33:09+00:00\",\"description\":\"Der HUDORA Rollschuh Skate Wonders ist ein sportlicher,\u00a0 \u00a0 \u00a0 bequemer und cooler Rollschuh, der M\u00e4dchenherzen h\u00f6her schlagen l\u00e4sst. \u00a0 Mit vielen Features, die\",\"breadcrumb\":{\"@id\":\"https:\\\/\\\/schweizversand.ch\\\/en\\\/produkt\\\/hudora-rollschuh-skate-wonders\\\/#breadcrumb\"},\"inLanguage\":\"en-US\",\"potentialAction\":[{\"@type\":\"ReadAction\",\"target\":[\"https:\\\/\\\/schweizversand.ch\\\/en\\\/produkt\\\/hudora-rollschuh-skate-wonders\\\/\"]}]},{\"@type\":\"ImageObject\",\"inLanguage\":\"en-US\",\"@id\":\"https:\\\/\\\/schweizversand.ch\\\/en\\\/produkt\\\/hudora-rollschuh-skate-wonders\\\/#primaryimage\",\"url\":\"https:\\\/\\\/schweizversand.ch\\\/wp-content\\\/uploads\\\/2026\\\/04\\\/5471495898.jpg\",\"contentUrl\":\"https:\\\/\\\/schweizversand.ch\\\/wp-content\\\/uploads\\\/2026\\\/04\\\/5471495898.jpg\",\"width\":932,\"height\":1024},{\"@type\":\"BreadcrumbList\",\"@id\":\"https:\\\/\\\/schweizversand.ch\\\/en\\\/produkt\\\/hudora-rollschuh-skate-wonders\\\/#breadcrumb\",\"itemListElement\":[{\"@type\":\"ListItem\",\"position\":1,\"name\":\"Startseite\",\"item\":\"https:\\\/\\\/schweizversand.ch\\\/en\\\/\"},{\"@type\":\"ListItem\",\"position\":2,\"name\":\"Shop\",\"item\":\"https:\\\/\\\/schweizversand.ch\\\/en\\\/shop\\\/\"},{\"@type\":\"ListItem\",\"position\":3,\"name\":\"Hudora roller skate Skate Wonders\"}]},{\"@type\":\"WebSite\",\"@id\":\"https:\\\/\\\/schweizversand.ch\\\/en\\\/#website\",\"url\":\"https:\\\/\\\/schweizversand.ch\\\/en\\\/\",\"name\":\"Schweizer Shop f\u00fcr Sport, Spiel und Freizeit\",\"description\":\"Gratisversand ab 50.- (netto), ab eigenem schweizer Lager, Lieferung innert 48h\",\"publisher\":{\"@id\":\"https:\\\/\\\/schweizversand.ch\\\/en\\\/#organization\"},\"alternateName\":\"Schweizversand.ch\",\"potentialAction\":[{\"@type\":\"SearchAction\",\"target\":{\"@type\":\"EntryPoint\",\"urlTemplate\":\"https:\\\/\\\/schweizversand.ch\\\/en\\\/?s={search_term_string}\"},\"query-input\":{\"@type\":\"PropertyValueSpecification\",\"valueRequired\":true,\"valueName\":\"search_term_string\"}}],\"inLanguage\":\"en-US\"},{\"@type\":\"Organization\",\"@id\":\"https:\\\/\\\/schweizversand.ch\\\/en\\\/#organization\",\"name\":\"Schweizversand.ch\",\"url\":\"https:\\\/\\\/schweizversand.ch\\\/en\\\/\",\"logo\":{\"@type\":\"ImageObject\",\"inLanguage\":\"en-US\",\"@id\":\"https:\\\/\\\/schweizversand.ch\\\/en\\\/#\\\/schema\\\/logo\\\/image\\\/\",\"url\":\"https:\\\/\\\/schweizversand.ch\\\/wp-content\\\/uploads\\\/2026\\\/03\\\/Logo_Rund_Final-1.png\",\"contentUrl\":\"https:\\\/\\\/schweizversand.ch\\\/wp-content\\\/uploads\\\/2026\\\/03\\\/Logo_Rund_Final-1.png\",\"width\":404,\"height\":404,\"caption\":\"Schweizversand.ch\"},\"image\":{\"@id\":\"https:\\\/\\\/schweizversand.ch\\\/en\\\/#\\\/schema\\\/logo\\\/image\\\/\"},\"sameAs\":[\"https:\\\/\\\/www.facebook.com\\\/Schweizversand\",\"https:\\\/\\\/www.instagram.com\\\/schweizversand.ch\\\/\"]}]}<\/script>\n<!-- \/ Yoast SEO plugin. -->","yoast_head_json":{"title":"Hudora Rollschuh Skate Wonders","description":"Der HUDORA Rollschuh Skate Wonders ist ein sportlicher,\u00a0 \u00a0 \u00a0 bequemer und cooler Rollschuh, der M\u00e4dchenherzen h\u00f6her schlagen l\u00e4sst. \u00a0 Mit vielen Features, die","robots":{"index":"index","follow":"follow","max-snippet":"max-snippet:-1","max-image-preview":"max-image-preview:large","max-video-preview":"max-video-preview:-1"},"canonical":"https:\/\/schweizversand.ch\/en\/produkt\/hudora-rollschuh-skate-wonders\/","og_locale":"en_US","og_type":"article","og_title":"Hudora Rollschuh Skate Wonders","og_description":"Der HUDORA Rollschuh Skate Wonders ist ein sportlicher,\u00a0 \u00a0 \u00a0 bequemer und cooler Rollschuh, der M\u00e4dchenherzen h\u00f6her schlagen l\u00e4sst. \u00a0 Mit vielen Features, die","og_url":"https:\/\/schweizversand.ch\/en\/produkt\/hudora-rollschuh-skate-wonders\/","og_site_name":"Schweizer Shop f\u00fcr Sport, Spiel und Freizeit","article_publisher":"https:\/\/www.facebook.com\/Schweizversand","article_modified_time":"2026-04-18T13:33:09+00:00","twitter_card":"summary_large_image","twitter_misc":{"Est. reading time":"1 minute"},"schema":{"@context":"https:\/\/schema.org","@graph":[{"@type":"WebPage","@id":"https:\/\/schweizversand.ch\/en\/produkt\/hudora-rollschuh-skate-wonders\/","url":"https:\/\/schweizversand.ch\/en\/produkt\/hudora-rollschuh-skate-wonders\/","name":"Hudora Rollschuh Skate Wonders","isPartOf":{"@id":"https:\/\/schweizversand.ch\/en\/#website"},"primaryImageOfPage":{"@id":"https:\/\/schweizversand.ch\/en\/produkt\/hudora-rollschuh-skate-wonders\/#primaryimage"},"image":{"@id":"https:\/\/schweizversand.ch\/en\/produkt\/hudora-rollschuh-skate-wonders\/#primaryimage"},"thumbnailUrl":"https:\/\/schweizversand.ch\/wp-content\/uploads\/2026\/04\/5471495898.jpg","datePublished":"2026-04-15T13:31:09+00:00","dateModified":"2026-04-18T13:33:09+00:00","description":"Der HUDORA Rollschuh Skate Wonders ist ein sportlicher,\u00a0 \u00a0 \u00a0 bequemer und cooler Rollschuh, der M\u00e4dchenherzen h\u00f6her schlagen l\u00e4sst. \u00a0 Mit vielen Features, die","breadcrumb":{"@id":"https:\/\/schweizversand.ch\/en\/produkt\/hudora-rollschuh-skate-wonders\/#breadcrumb"},"inLanguage":"en-US","potentialAction":[{"@type":"ReadAction","target":["https:\/\/schweizversand.ch\/en\/produkt\/hudora-rollschuh-skate-wonders\/"]}]},{"@type":"ImageObject","inLanguage":"en-US","@id":"https:\/\/schweizversand.ch\/en\/produkt\/hudora-rollschuh-skate-wonders\/#primaryimage","url":"https:\/\/schweizversand.ch\/wp-content\/uploads\/2026\/04\/5471495898.jpg","contentUrl":"https:\/\/schweizversand.ch\/wp-content\/uploads\/2026\/04\/5471495898.jpg","width":932,"height":1024},{"@type":"BreadcrumbList","@id":"https:\/\/schweizversand.ch\/en\/produkt\/hudora-rollschuh-skate-wonders\/#breadcrumb","itemListElement":[{"@type":"ListItem","position":1,"name":"Startseite","item":"https:\/\/schweizversand.ch\/en\/"},{"@type":"ListItem","position":2,"name":"Shop","item":"https:\/\/schweizversand.ch\/en\/shop\/"},{"@type":"ListItem","position":3,"name":"Hudora roller skate Skate Wonders"}]},{"@type":"WebSite","@id":"https:\/\/schweizversand.ch\/en\/#website","url":"https:\/\/schweizversand.ch\/en\/","name":"Schweizer Shop f\u00fcr Sport, Spiel und Freizeit","description":"Gratisversand ab 50.- (netto), ab eigenem schweizer Lager, Lieferung innert 48h","publisher":{"@id":"https:\/\/schweizversand.ch\/en\/#organization"},"alternateName":"Schweizversand.ch","potentialAction":[{"@type":"SearchAction","target":{"@type":"EntryPoint","urlTemplate":"https:\/\/schweizversand.ch\/en\/?s={search_term_string}"},"query-input":{"@type":"PropertyValueSpecification","valueRequired":true,"valueName":"search_term_string"}}],"inLanguage":"en-US"},{"@type":"Organization","@id":"https:\/\/schweizversand.ch\/en\/#organization","name":"Schweizversand.ch","url":"https:\/\/schweizversand.ch\/en\/","logo":{"@type":"ImageObject","inLanguage":"en-US","@id":"https:\/\/schweizversand.ch\/en\/#\/schema\/logo\/image\/","url":"https:\/\/schweizversand.ch\/wp-content\/uploads\/2026\/03\/Logo_Rund_Final-1.png","contentUrl":"https:\/\/schweizversand.ch\/wp-content\/uploads\/2026\/03\/Logo_Rund_Final-1.png","width":404,"height":404,"caption":"Schweizversand.ch"},"image":{"@id":"https:\/\/schweizversand.ch\/en\/#\/schema\/logo\/image\/"},"sameAs":["https:\/\/www.facebook.com\/Schweizversand","https:\/\/www.instagram.com\/schweizversand.ch\/"]}]}},"jetpack_sharing_enabled":true,"_links":{"self":[{"href":"https:\/\/schweizversand.ch\/en\/wp-json\/wp\/v2\/product\/267362","targetHints":{"allow":["GET"]}}],"collection":[{"href":"https:\/\/schweizversand.ch\/en\/wp-json\/wp\/v2\/product"}],"about":[{"href":"https:\/\/schweizversand.ch\/en\/wp-json\/wp\/v2\/types\/product"}],"replies":[{"embeddable":true,"href":"https:\/\/schweizversand.ch\/en\/wp-json\/wp\/v2\/comments?post=267362"}],"wp:featuredmedia":[{"embeddable":true,"href":"https:\/\/schweizversand.ch\/en\/wp-json\/wp\/v2\/media\/267391"}],"wp:attachment":[{"href":"https:\/\/schweizversand.ch\/en\/wp-json\/wp\/v2\/media?parent=267362"}],"wp:term":[{"taxonomy":"product_brand","embeddable":true,"href":"https:\/\/schweizversand.ch\/en\/wp-json\/wp\/v2\/product_brand?post=267362"},{"taxonomy":"product_cat","embeddable":true,"href":"https:\/\/schweizversand.ch\/en\/wp-json\/wp\/v2\/product_cat?post=267362"},{"taxonomy":"product_tag","embeddable":true,"href":"https:\/\/schweizversand.ch\/en\/wp-json\/wp\/v2\/product_tag?post=267362"}],"curies":[{"name":"wp","href":"https:\/\/api.w.org\/{rel}","templated":true}]}}