{"id":267525,"date":"2026-04-17T12:27:16","date_gmt":"2026-04-17T10:27:16","guid":{"rendered":"https:\/\/schweizversand.ch\/produkt\/kynast-mittelstocksonnenschirm-mit-kurbel-und-kippfunktion\/"},"modified":"2026-04-22T15:33:04","modified_gmt":"2026-04-22T13:33:04","slug":"kynast-mittelstocksonnenschirm-mit-kurbel-und-kippfunktion","status":"publish","type":"product","link":"https:\/\/schweizversand.ch\/en\/produkt\/kynast-mittelstocksonnenschirm-mit-kurbel-und-kippfunktion\/","title":{"rendered":"Kynast center pole parasol with crank and tilt function"},"content":{"rendered":"<p>This parasol is a great addition to your garden or patio, providing shade and protection from the sun. Here are some details about this parasol:<\/p>\n<\/p>\n<p>\u2022 Diameter: The parasol has a diameter of 3 meters, offering ample shade.<\/p>\n<\/p>\n<p>\u2022 Color: The parasol is a beautiful shade of red, contributing to a relaxed outdoor atmosphere.<\/p>\n<\/p>\n<p>\u2022 Material: The pole is made of aluminum, making it lightweight yet sturdy. The canopy is made of 180 g\/m\u00b2 polyester, which is durable and weather-resistant.<\/p>\n<\/p>\n<p>\u2022 Crank and tilt function: The parasol features a crank, allowing you to easily open and close it. It also features a tilt function, allowing you to adjust the angle of the canopy to increase or decrease the shaded area as needed.<\/p>\n<\/p>\n<p>\u2022 Tube Diameter: The tube diameter is 48 mm, ensuring a stable base.<\/p>\n<\/p>\n<p>\u2022 Ribs: The canopy is equipped with 8 metal ribs that enhance its stability.<\/p>\n<\/p>\n<p>This parasol is perfect for protecting yourself from the sun outdoors and enjoying pleasant hours in the shade. With its crank and tilt function, it is easy to use and adaptable to your needs.<\/p>\n","protected":false},"excerpt":{"rendered":"<p>Kynast Mittelstocksonnenschirm mit Kurbel und Kippfunktion bietet 3 m Schatten, robustes Aluminium, wetterbest\u00e4ndiges Polyester und flexible Neigung f\u00fcr optimalen Sonnenschutz.<\/p>\n","protected":false},"featured_media":267563,"comment_status":"open","ping_status":"closed","template":"","meta":[],"product_brand":[],"product_cat":[38080],"product_tag":[],"class_list":{"0":"post-267525","1":"product","2":"type-product","3":"status-publish","4":"has-post-thumbnail","6":"product_cat-sonnen-u-wetterschutz","7":"product_shipping_class-global_methods","9":"first","10":"instock","11":"taxable","12":"shipping-taxable","13":"purchasable","14":"product-type-simple"},"yoast_head":"<!-- This site is optimized with the Yoast SEO plugin v27.4 - https:\/\/yoast.com\/product\/yoast-seo-wordpress\/ -->\n<title>Kynast Mittelstocksonnenschirm mit Kurbel und Kippfunktion<\/title>\n<meta name=\"description\" content=\"Dieser Sonnenschirm ist eine gro\u00dfartige Erg\u00e4nzung f\u00fcr Ihren Garten oder Ihre Terrasse und bietet Schatten und Schutz vor der Sonne. Hier sind einige Details zu\" \/>\n<meta name=\"robots\" content=\"index, follow, max-snippet:-1, max-image-preview:large, max-video-preview:-1\" \/>\n<link rel=\"canonical\" href=\"https:\/\/schweizversand.ch\/en\/produkt\/kynast-mittelstocksonnenschirm-mit-kurbel-und-kippfunktion\/\" \/>\n<meta property=\"og:locale\" content=\"en_US\" \/>\n<meta property=\"og:type\" content=\"article\" \/>\n<meta property=\"og:title\" content=\"Kynast Mittelstocksonnenschirm mit Kurbel und Kippfunktion\" \/>\n<meta property=\"og:description\" content=\"Dieser Sonnenschirm ist eine gro\u00dfartige Erg\u00e4nzung f\u00fcr Ihren Garten oder Ihre Terrasse und bietet Schatten und Schutz vor der Sonne. Hier sind einige Details zu\" \/>\n<meta property=\"og:url\" content=\"https:\/\/schweizversand.ch\/en\/produkt\/kynast-mittelstocksonnenschirm-mit-kurbel-und-kippfunktion\/\" \/>\n<meta property=\"og:site_name\" content=\"Schweizer Shop f\u00fcr Sport, Spiel und Freizeit\" \/>\n<meta property=\"article:publisher\" content=\"https:\/\/www.facebook.com\/Schweizversand\" \/>\n<meta property=\"article:modified_time\" content=\"2026-04-22T13:33:04+00:00\" \/>\n<meta name=\"twitter:card\" content=\"summary_large_image\" \/>\n<meta name=\"twitter:label1\" content=\"Est. reading time\" \/>\n\t<meta name=\"twitter:data1\" content=\"1 minute\" \/>\n<script type=\"application\/ld+json\" class=\"yoast-schema-graph\">{\"@context\":\"https:\\\/\\\/schema.org\",\"@graph\":[{\"@type\":\"WebPage\",\"@id\":\"https:\\\/\\\/schweizversand.ch\\\/en\\\/produkt\\\/kynast-mittelstocksonnenschirm-mit-kurbel-und-kippfunktion\\\/\",\"url\":\"https:\\\/\\\/schweizversand.ch\\\/en\\\/produkt\\\/kynast-mittelstocksonnenschirm-mit-kurbel-und-kippfunktion\\\/\",\"name\":\"Kynast Mittelstocksonnenschirm mit Kurbel und Kippfunktion\",\"isPartOf\":{\"@id\":\"https:\\\/\\\/schweizversand.ch\\\/en\\\/#website\"},\"primaryImageOfPage\":{\"@id\":\"https:\\\/\\\/schweizversand.ch\\\/en\\\/produkt\\\/kynast-mittelstocksonnenschirm-mit-kurbel-und-kippfunktion\\\/#primaryimage\"},\"image\":{\"@id\":\"https:\\\/\\\/schweizversand.ch\\\/en\\\/produkt\\\/kynast-mittelstocksonnenschirm-mit-kurbel-und-kippfunktion\\\/#primaryimage\"},\"thumbnailUrl\":\"https:\\\/\\\/schweizversand.ch\\\/wp-content\\\/uploads\\\/2026\\\/04\\\/5471705207.jpg\",\"datePublished\":\"2026-04-17T10:27:16+00:00\",\"dateModified\":\"2026-04-22T13:33:04+00:00\",\"description\":\"Dieser Sonnenschirm ist eine gro\u00dfartige Erg\u00e4nzung f\u00fcr Ihren Garten oder Ihre Terrasse und bietet Schatten und Schutz vor der Sonne. Hier sind einige Details zu\",\"breadcrumb\":{\"@id\":\"https:\\\/\\\/schweizversand.ch\\\/en\\\/produkt\\\/kynast-mittelstocksonnenschirm-mit-kurbel-und-kippfunktion\\\/#breadcrumb\"},\"inLanguage\":\"en-US\",\"potentialAction\":[{\"@type\":\"ReadAction\",\"target\":[\"https:\\\/\\\/schweizversand.ch\\\/en\\\/produkt\\\/kynast-mittelstocksonnenschirm-mit-kurbel-und-kippfunktion\\\/\"]}]},{\"@type\":\"ImageObject\",\"inLanguage\":\"en-US\",\"@id\":\"https:\\\/\\\/schweizversand.ch\\\/en\\\/produkt\\\/kynast-mittelstocksonnenschirm-mit-kurbel-und-kippfunktion\\\/#primaryimage\",\"url\":\"https:\\\/\\\/schweizversand.ch\\\/wp-content\\\/uploads\\\/2026\\\/04\\\/5471705207.jpg\",\"contentUrl\":\"https:\\\/\\\/schweizversand.ch\\\/wp-content\\\/uploads\\\/2026\\\/04\\\/5471705207.jpg\",\"width\":1024,\"height\":895},{\"@type\":\"BreadcrumbList\",\"@id\":\"https:\\\/\\\/schweizversand.ch\\\/en\\\/produkt\\\/kynast-mittelstocksonnenschirm-mit-kurbel-und-kippfunktion\\\/#breadcrumb\",\"itemListElement\":[{\"@type\":\"ListItem\",\"position\":1,\"name\":\"Startseite\",\"item\":\"https:\\\/\\\/schweizversand.ch\\\/en\\\/\"},{\"@type\":\"ListItem\",\"position\":2,\"name\":\"Shop\",\"item\":\"https:\\\/\\\/schweizversand.ch\\\/en\\\/shop\\\/\"},{\"@type\":\"ListItem\",\"position\":3,\"name\":\"Home &amp; Garden\",\"item\":\"https:\\\/\\\/schweizversand.ch\\\/en\\\/produkt-kategorie\\\/home-garden\\\/\"},{\"@type\":\"ListItem\",\"position\":4,\"name\":\"Garden Furniture\",\"item\":\"https:\\\/\\\/schweizversand.ch\\\/en\\\/produkt-kategorie\\\/home-garden\\\/garden-furnishings\\\/\"},{\"@type\":\"ListItem\",\"position\":5,\"name\":\"Sun and Weather Protection\",\"item\":\"https:\\\/\\\/schweizversand.ch\\\/en\\\/produkt-kategorie\\\/home-garden\\\/garden-furnishings\\\/sonnen-u-wetterschutz\\\/\"},{\"@type\":\"ListItem\",\"position\":6,\"name\":\"Kynast center pole parasol with crank and tilt function\"}]},{\"@type\":\"WebSite\",\"@id\":\"https:\\\/\\\/schweizversand.ch\\\/en\\\/#website\",\"url\":\"https:\\\/\\\/schweizversand.ch\\\/en\\\/\",\"name\":\"Schweizer Shop f\u00fcr Sport, Spiel und Freizeit\",\"description\":\"Gratisversand ab 50.- (netto), ab eigenem schweizer Lager, Lieferung innert 48h\",\"publisher\":{\"@id\":\"https:\\\/\\\/schweizversand.ch\\\/en\\\/#organization\"},\"alternateName\":\"Schweizversand.ch\",\"potentialAction\":[{\"@type\":\"SearchAction\",\"target\":{\"@type\":\"EntryPoint\",\"urlTemplate\":\"https:\\\/\\\/schweizversand.ch\\\/en\\\/?s={search_term_string}\"},\"query-input\":{\"@type\":\"PropertyValueSpecification\",\"valueRequired\":true,\"valueName\":\"search_term_string\"}}],\"inLanguage\":\"en-US\"},{\"@type\":\"Organization\",\"@id\":\"https:\\\/\\\/schweizversand.ch\\\/en\\\/#organization\",\"name\":\"Schweizversand.ch\",\"url\":\"https:\\\/\\\/schweizversand.ch\\\/en\\\/\",\"logo\":{\"@type\":\"ImageObject\",\"inLanguage\":\"en-US\",\"@id\":\"https:\\\/\\\/schweizversand.ch\\\/en\\\/#\\\/schema\\\/logo\\\/image\\\/\",\"url\":\"https:\\\/\\\/schweizversand.ch\\\/wp-content\\\/uploads\\\/2026\\\/03\\\/Logo_Rund_Final-1.png\",\"contentUrl\":\"https:\\\/\\\/schweizversand.ch\\\/wp-content\\\/uploads\\\/2026\\\/03\\\/Logo_Rund_Final-1.png\",\"width\":404,\"height\":404,\"caption\":\"Schweizversand.ch\"},\"image\":{\"@id\":\"https:\\\/\\\/schweizversand.ch\\\/en\\\/#\\\/schema\\\/logo\\\/image\\\/\"},\"sameAs\":[\"https:\\\/\\\/www.facebook.com\\\/Schweizversand\",\"https:\\\/\\\/www.instagram.com\\\/schweizversand.ch\\\/\"]}]}<\/script>\n<!-- \/ Yoast SEO plugin. -->","yoast_head_json":{"title":"Kynast Mittelstocksonnenschirm mit Kurbel und Kippfunktion","description":"Dieser Sonnenschirm ist eine gro\u00dfartige Erg\u00e4nzung f\u00fcr Ihren Garten oder Ihre Terrasse und bietet Schatten und Schutz vor der Sonne. Hier sind einige Details zu","robots":{"index":"index","follow":"follow","max-snippet":"max-snippet:-1","max-image-preview":"max-image-preview:large","max-video-preview":"max-video-preview:-1"},"canonical":"https:\/\/schweizversand.ch\/en\/produkt\/kynast-mittelstocksonnenschirm-mit-kurbel-und-kippfunktion\/","og_locale":"en_US","og_type":"article","og_title":"Kynast Mittelstocksonnenschirm mit Kurbel und Kippfunktion","og_description":"Dieser Sonnenschirm ist eine gro\u00dfartige Erg\u00e4nzung f\u00fcr Ihren Garten oder Ihre Terrasse und bietet Schatten und Schutz vor der Sonne. Hier sind einige Details zu","og_url":"https:\/\/schweizversand.ch\/en\/produkt\/kynast-mittelstocksonnenschirm-mit-kurbel-und-kippfunktion\/","og_site_name":"Schweizer Shop f\u00fcr Sport, Spiel und Freizeit","article_publisher":"https:\/\/www.facebook.com\/Schweizversand","article_modified_time":"2026-04-22T13:33:04+00:00","twitter_card":"summary_large_image","twitter_misc":{"Est. reading time":"1 minute"},"schema":{"@context":"https:\/\/schema.org","@graph":[{"@type":"WebPage","@id":"https:\/\/schweizversand.ch\/en\/produkt\/kynast-mittelstocksonnenschirm-mit-kurbel-und-kippfunktion\/","url":"https:\/\/schweizversand.ch\/en\/produkt\/kynast-mittelstocksonnenschirm-mit-kurbel-und-kippfunktion\/","name":"Kynast Mittelstocksonnenschirm mit Kurbel und Kippfunktion","isPartOf":{"@id":"https:\/\/schweizversand.ch\/en\/#website"},"primaryImageOfPage":{"@id":"https:\/\/schweizversand.ch\/en\/produkt\/kynast-mittelstocksonnenschirm-mit-kurbel-und-kippfunktion\/#primaryimage"},"image":{"@id":"https:\/\/schweizversand.ch\/en\/produkt\/kynast-mittelstocksonnenschirm-mit-kurbel-und-kippfunktion\/#primaryimage"},"thumbnailUrl":"https:\/\/schweizversand.ch\/wp-content\/uploads\/2026\/04\/5471705207.jpg","datePublished":"2026-04-17T10:27:16+00:00","dateModified":"2026-04-22T13:33:04+00:00","description":"Dieser Sonnenschirm ist eine gro\u00dfartige Erg\u00e4nzung f\u00fcr Ihren Garten oder Ihre Terrasse und bietet Schatten und Schutz vor der Sonne. Hier sind einige Details zu","breadcrumb":{"@id":"https:\/\/schweizversand.ch\/en\/produkt\/kynast-mittelstocksonnenschirm-mit-kurbel-und-kippfunktion\/#breadcrumb"},"inLanguage":"en-US","potentialAction":[{"@type":"ReadAction","target":["https:\/\/schweizversand.ch\/en\/produkt\/kynast-mittelstocksonnenschirm-mit-kurbel-und-kippfunktion\/"]}]},{"@type":"ImageObject","inLanguage":"en-US","@id":"https:\/\/schweizversand.ch\/en\/produkt\/kynast-mittelstocksonnenschirm-mit-kurbel-und-kippfunktion\/#primaryimage","url":"https:\/\/schweizversand.ch\/wp-content\/uploads\/2026\/04\/5471705207.jpg","contentUrl":"https:\/\/schweizversand.ch\/wp-content\/uploads\/2026\/04\/5471705207.jpg","width":1024,"height":895},{"@type":"BreadcrumbList","@id":"https:\/\/schweizversand.ch\/en\/produkt\/kynast-mittelstocksonnenschirm-mit-kurbel-und-kippfunktion\/#breadcrumb","itemListElement":[{"@type":"ListItem","position":1,"name":"Startseite","item":"https:\/\/schweizversand.ch\/en\/"},{"@type":"ListItem","position":2,"name":"Shop","item":"https:\/\/schweizversand.ch\/en\/shop\/"},{"@type":"ListItem","position":3,"name":"Home &amp; Garden","item":"https:\/\/schweizversand.ch\/en\/produkt-kategorie\/home-garden\/"},{"@type":"ListItem","position":4,"name":"Garden Furniture","item":"https:\/\/schweizversand.ch\/en\/produkt-kategorie\/home-garden\/garden-furnishings\/"},{"@type":"ListItem","position":5,"name":"Sun and Weather Protection","item":"https:\/\/schweizversand.ch\/en\/produkt-kategorie\/home-garden\/garden-furnishings\/sonnen-u-wetterschutz\/"},{"@type":"ListItem","position":6,"name":"Kynast center pole parasol with crank and tilt function"}]},{"@type":"WebSite","@id":"https:\/\/schweizversand.ch\/en\/#website","url":"https:\/\/schweizversand.ch\/en\/","name":"Schweizer Shop f\u00fcr Sport, Spiel und Freizeit","description":"Gratisversand ab 50.- (netto), ab eigenem schweizer Lager, Lieferung innert 48h","publisher":{"@id":"https:\/\/schweizversand.ch\/en\/#organization"},"alternateName":"Schweizversand.ch","potentialAction":[{"@type":"SearchAction","target":{"@type":"EntryPoint","urlTemplate":"https:\/\/schweizversand.ch\/en\/?s={search_term_string}"},"query-input":{"@type":"PropertyValueSpecification","valueRequired":true,"valueName":"search_term_string"}}],"inLanguage":"en-US"},{"@type":"Organization","@id":"https:\/\/schweizversand.ch\/en\/#organization","name":"Schweizversand.ch","url":"https:\/\/schweizversand.ch\/en\/","logo":{"@type":"ImageObject","inLanguage":"en-US","@id":"https:\/\/schweizversand.ch\/en\/#\/schema\/logo\/image\/","url":"https:\/\/schweizversand.ch\/wp-content\/uploads\/2026\/03\/Logo_Rund_Final-1.png","contentUrl":"https:\/\/schweizversand.ch\/wp-content\/uploads\/2026\/03\/Logo_Rund_Final-1.png","width":404,"height":404,"caption":"Schweizversand.ch"},"image":{"@id":"https:\/\/schweizversand.ch\/en\/#\/schema\/logo\/image\/"},"sameAs":["https:\/\/www.facebook.com\/Schweizversand","https:\/\/www.instagram.com\/schweizversand.ch\/"]}]}},"jetpack_sharing_enabled":true,"_links":{"self":[{"href":"https:\/\/schweizversand.ch\/en\/wp-json\/wp\/v2\/product\/267525","targetHints":{"allow":["GET"]}}],"collection":[{"href":"https:\/\/schweizversand.ch\/en\/wp-json\/wp\/v2\/product"}],"about":[{"href":"https:\/\/schweizversand.ch\/en\/wp-json\/wp\/v2\/types\/product"}],"replies":[{"embeddable":true,"href":"https:\/\/schweizversand.ch\/en\/wp-json\/wp\/v2\/comments?post=267525"}],"wp:featuredmedia":[{"embeddable":true,"href":"https:\/\/schweizversand.ch\/en\/wp-json\/wp\/v2\/media\/267563"}],"wp:attachment":[{"href":"https:\/\/schweizversand.ch\/en\/wp-json\/wp\/v2\/media?parent=267525"}],"wp:term":[{"taxonomy":"product_brand","embeddable":true,"href":"https:\/\/schweizversand.ch\/en\/wp-json\/wp\/v2\/product_brand?post=267525"},{"taxonomy":"product_cat","embeddable":true,"href":"https:\/\/schweizversand.ch\/en\/wp-json\/wp\/v2\/product_cat?post=267525"},{"taxonomy":"product_tag","embeddable":true,"href":"https:\/\/schweizversand.ch\/en\/wp-json\/wp\/v2\/product_tag?post=267525"}],"curies":[{"name":"wp","href":"https:\/\/api.w.org\/{rel}","templated":true}]}}