{"id":267526,"date":"2026-04-17T12:27:19","date_gmt":"2026-04-17T10:27:19","guid":{"rendered":"https:\/\/schweizversand.ch\/produkt\/hudora-fussballtor-advanced-300\/"},"modified":"2026-04-21T15:33:04","modified_gmt":"2026-04-21T13:33:04","slug":"hudora-fussballtor-advanced-300","status":"publish","type":"product","link":"https:\/\/schweizversand.ch\/en\/produkt\/hudora-fussballtor-advanced-300\/","title":{"rendered":"Hudora football goal Advanced 300"},"content":{"rendered":"<h1><strong>Hudora Football Goal Advanced 300<\/strong><\/h1>\n<div>Experience professional-level football in your own garden. The <strong>Hudora Football Goal Advanced 300<\/strong> is the ideal choice for ambitious players and offers excellent playing opportunities for intensive training and recreational fun. This goal combines robust materials and a well-thought-out design to guarantee you a long-lasting and authentic playing experience.<\/p>\n<\/div>\n<div><strong>Perfect for your training<\/strong><br \/>The <strong>Hudora Football Goal 300&#215;200<\/strong>, with its generous dimensions, provides the perfect foundation for effective <strong>football goal training<\/strong>. Whether you want to develop young talent or improve your own shooting skills, this goal provides the mass and stability you need. It is the ideal <strong>garden football goal<\/strong> model, capable of withstanding even the heaviest use.<\/p>\n<\/div>\n<div><strong>Construction and Stability<\/strong><br \/>This <strong>professional football goal<\/strong> is designed for durability. The frame is made of powder-coated steel tubing, which is not only extremely stable but also <strong>weatherproof<\/strong>. This makes the goal ideal for year-round outdoor use. The impressive stability is ensured by thick tubing:<\/p>\n<\/div>\n<div><strong>Frame Details<\/strong><br \/>&#8211; Post diameter: 75 mm<br \/>&#8211; Rear goalpost diameter: 32 mm<br \/>&#8211; Material: Powder-coated steel tubing<\/p>\n<\/div>\n<div><strong>Net Quality and Assembly<\/strong><br \/>The included polyester net is black, weather-resistant, and can withstand even hard shots. The net thickness of 5 mm and a mesh size of approximately 7 cm ensure maximum reliability. The net tension is ensured by an innovative hook design that allows for quick and easy assembly. Metal hooks on the back make attaching the net even easier. Dimensions and Sizes: The Hudora Advanced 300 football goal offers official dimensions for an intense playing experience: Product Details: &#8211; Width: 300 cm &#8211; Height: 200 cm &#8211; Depth: 120 cm Easy Assembly and Secure Stability: Thanks to sturdy screw connections and labeled poles, the goal is easy to assemble. To ensure absolute stability, especially during intense matches, 5 ground stakes are included. These provide additional anchoring in the ground, ensuring your goal stays firmly in place even under full shot power. Get the Hudora Advanced 300 football goal now and transform your garden into a professional training ground. This versatile and robust goal offers long-lasting fun for the whole family.<\/p>\n","protected":false},"excerpt":{"rendered":"<p>Hudora Fussballtor Advanced 300 bietet Profi-Qualit\u00e4t, robuste Bauweise und ideale Gr\u00f6\u00dfe f\u00fcr intensives Training und Freizeitspa\u00df \u2013 perfekt f\u00fcr Ihren Garten.<\/p>\n","protected":false},"featured_media":167477,"comment_status":"open","ping_status":"closed","template":"","meta":[],"product_brand":[],"product_cat":[39179],"product_tag":[],"class_list":{"0":"post-267526","1":"product","2":"type-product","3":"status-publish","4":"has-post-thumbnail","6":"product_cat-fussball","7":"product_shipping_class-global_methods","9":"first","10":"instock","11":"taxable","12":"shipping-taxable","13":"purchasable","14":"product-type-simple"},"yoast_head":"<!-- This site is optimized with the Yoast SEO plugin v27.4 - https:\/\/yoast.com\/product\/yoast-seo-wordpress\/ -->\n<title>Hudora Fussballtor Advanced 300<\/title>\n<meta name=\"description\" content=\"Hudora Fu\u00dfballtor Advanced 300 Erleben Sie Fu\u00dfball auf Profi-Niveau in Ihrem eigenen Garten. Das Hudora Fu\u00dfballtor Advanced 300 ist die ideale Wahl f\u00fcr ambition\" \/>\n<meta name=\"robots\" content=\"index, follow, max-snippet:-1, max-image-preview:large, max-video-preview:-1\" \/>\n<link rel=\"canonical\" href=\"https:\/\/schweizversand.ch\/en\/produkt\/hudora-fussballtor-advanced-300\/\" \/>\n<meta property=\"og:locale\" content=\"en_US\" \/>\n<meta property=\"og:type\" content=\"article\" \/>\n<meta property=\"og:title\" content=\"Hudora Fussballtor Advanced 300\" \/>\n<meta property=\"og:description\" content=\"Hudora Fu\u00dfballtor Advanced 300 Erleben Sie Fu\u00dfball auf Profi-Niveau in Ihrem eigenen Garten. Das Hudora Fu\u00dfballtor Advanced 300 ist die ideale Wahl f\u00fcr ambition\" \/>\n<meta property=\"og:url\" content=\"https:\/\/schweizversand.ch\/en\/produkt\/hudora-fussballtor-advanced-300\/\" \/>\n<meta property=\"og:site_name\" content=\"Schweizer Shop f\u00fcr Sport, Spiel und Freizeit\" \/>\n<meta property=\"article:publisher\" content=\"https:\/\/www.facebook.com\/Schweizversand\" \/>\n<meta property=\"article:modified_time\" content=\"2026-04-21T13:33:04+00:00\" \/>\n<meta name=\"twitter:card\" content=\"summary_large_image\" \/>\n<meta name=\"twitter:label1\" content=\"Est. reading time\" \/>\n\t<meta name=\"twitter:data1\" content=\"2 minutes\" \/>\n<script type=\"application\/ld+json\" class=\"yoast-schema-graph\">{\"@context\":\"https:\\\/\\\/schema.org\",\"@graph\":[{\"@type\":\"WebPage\",\"@id\":\"https:\\\/\\\/schweizversand.ch\\\/en\\\/produkt\\\/hudora-fussballtor-advanced-300\\\/\",\"url\":\"https:\\\/\\\/schweizversand.ch\\\/en\\\/produkt\\\/hudora-fussballtor-advanced-300\\\/\",\"name\":\"Hudora Fussballtor Advanced 300\",\"isPartOf\":{\"@id\":\"https:\\\/\\\/schweizversand.ch\\\/en\\\/#website\"},\"primaryImageOfPage\":{\"@id\":\"https:\\\/\\\/schweizversand.ch\\\/en\\\/produkt\\\/hudora-fussballtor-advanced-300\\\/#primaryimage\"},\"image\":{\"@id\":\"https:\\\/\\\/schweizversand.ch\\\/en\\\/produkt\\\/hudora-fussballtor-advanced-300\\\/#primaryimage\"},\"thumbnailUrl\":\"https:\\\/\\\/schweizversand.ch\\\/wp-content\\\/uploads\\\/2026\\\/02\\\/5471740766.jpg\",\"datePublished\":\"2026-04-17T10:27:19+00:00\",\"dateModified\":\"2026-04-21T13:33:04+00:00\",\"description\":\"Hudora Fu\u00dfballtor Advanced 300 Erleben Sie Fu\u00dfball auf Profi-Niveau in Ihrem eigenen Garten. Das Hudora Fu\u00dfballtor Advanced 300 ist die ideale Wahl f\u00fcr ambition\",\"breadcrumb\":{\"@id\":\"https:\\\/\\\/schweizversand.ch\\\/en\\\/produkt\\\/hudora-fussballtor-advanced-300\\\/#breadcrumb\"},\"inLanguage\":\"en-US\",\"potentialAction\":[{\"@type\":\"ReadAction\",\"target\":[\"https:\\\/\\\/schweizversand.ch\\\/en\\\/produkt\\\/hudora-fussballtor-advanced-300\\\/\"]}]},{\"@type\":\"ImageObject\",\"inLanguage\":\"en-US\",\"@id\":\"https:\\\/\\\/schweizversand.ch\\\/en\\\/produkt\\\/hudora-fussballtor-advanced-300\\\/#primaryimage\",\"url\":\"https:\\\/\\\/schweizversand.ch\\\/wp-content\\\/uploads\\\/2026\\\/02\\\/5471740766.jpg\",\"contentUrl\":\"https:\\\/\\\/schweizversand.ch\\\/wp-content\\\/uploads\\\/2026\\\/02\\\/5471740766.jpg\",\"width\":1024,\"height\":786},{\"@type\":\"BreadcrumbList\",\"@id\":\"https:\\\/\\\/schweizversand.ch\\\/en\\\/produkt\\\/hudora-fussballtor-advanced-300\\\/#breadcrumb\",\"itemListElement\":[{\"@type\":\"ListItem\",\"position\":1,\"name\":\"Startseite\",\"item\":\"https:\\\/\\\/schweizversand.ch\\\/en\\\/\"},{\"@type\":\"ListItem\",\"position\":2,\"name\":\"Shop\",\"item\":\"https:\\\/\\\/schweizversand.ch\\\/en\\\/shop\\\/\"},{\"@type\":\"ListItem\",\"position\":3,\"name\":\"Sports\",\"item\":\"https:\\\/\\\/schweizversand.ch\\\/en\\\/produkt-kategorie\\\/sports\\\/\"},{\"@type\":\"ListItem\",\"position\":4,\"name\":\"ball sports &amp; darts\",\"item\":\"https:\\\/\\\/schweizversand.ch\\\/en\\\/produkt-kategorie\\\/sports\\\/ball-sports-darts\\\/\"},{\"@type\":\"ListItem\",\"position\":5,\"name\":\"Fussball\",\"item\":\"https:\\\/\\\/schweizversand.ch\\\/en\\\/produkt-kategorie\\\/sports\\\/ball-sports-darts\\\/fussball\\\/\"},{\"@type\":\"ListItem\",\"position\":6,\"name\":\"Hudora football goal Advanced 300\"}]},{\"@type\":\"WebSite\",\"@id\":\"https:\\\/\\\/schweizversand.ch\\\/en\\\/#website\",\"url\":\"https:\\\/\\\/schweizversand.ch\\\/en\\\/\",\"name\":\"Schweizer Shop f\u00fcr Sport, Spiel und Freizeit\",\"description\":\"Gratisversand ab 50.- (netto), ab eigenem schweizer Lager, Lieferung innert 48h\",\"publisher\":{\"@id\":\"https:\\\/\\\/schweizversand.ch\\\/en\\\/#organization\"},\"alternateName\":\"Schweizversand.ch\",\"potentialAction\":[{\"@type\":\"SearchAction\",\"target\":{\"@type\":\"EntryPoint\",\"urlTemplate\":\"https:\\\/\\\/schweizversand.ch\\\/en\\\/?s={search_term_string}\"},\"query-input\":{\"@type\":\"PropertyValueSpecification\",\"valueRequired\":true,\"valueName\":\"search_term_string\"}}],\"inLanguage\":\"en-US\"},{\"@type\":\"Organization\",\"@id\":\"https:\\\/\\\/schweizversand.ch\\\/en\\\/#organization\",\"name\":\"Schweizversand.ch\",\"url\":\"https:\\\/\\\/schweizversand.ch\\\/en\\\/\",\"logo\":{\"@type\":\"ImageObject\",\"inLanguage\":\"en-US\",\"@id\":\"https:\\\/\\\/schweizversand.ch\\\/en\\\/#\\\/schema\\\/logo\\\/image\\\/\",\"url\":\"https:\\\/\\\/schweizversand.ch\\\/wp-content\\\/uploads\\\/2026\\\/03\\\/Logo_Rund_Final-1.png\",\"contentUrl\":\"https:\\\/\\\/schweizversand.ch\\\/wp-content\\\/uploads\\\/2026\\\/03\\\/Logo_Rund_Final-1.png\",\"width\":404,\"height\":404,\"caption\":\"Schweizversand.ch\"},\"image\":{\"@id\":\"https:\\\/\\\/schweizversand.ch\\\/en\\\/#\\\/schema\\\/logo\\\/image\\\/\"},\"sameAs\":[\"https:\\\/\\\/www.facebook.com\\\/Schweizversand\",\"https:\\\/\\\/www.instagram.com\\\/schweizversand.ch\\\/\"]}]}<\/script>\n<!-- \/ Yoast SEO plugin. -->","yoast_head_json":{"title":"Hudora Fussballtor Advanced 300","description":"Hudora Fu\u00dfballtor Advanced 300 Erleben Sie Fu\u00dfball auf Profi-Niveau in Ihrem eigenen Garten. Das Hudora Fu\u00dfballtor Advanced 300 ist die ideale Wahl f\u00fcr ambition","robots":{"index":"index","follow":"follow","max-snippet":"max-snippet:-1","max-image-preview":"max-image-preview:large","max-video-preview":"max-video-preview:-1"},"canonical":"https:\/\/schweizversand.ch\/en\/produkt\/hudora-fussballtor-advanced-300\/","og_locale":"en_US","og_type":"article","og_title":"Hudora Fussballtor Advanced 300","og_description":"Hudora Fu\u00dfballtor Advanced 300 Erleben Sie Fu\u00dfball auf Profi-Niveau in Ihrem eigenen Garten. Das Hudora Fu\u00dfballtor Advanced 300 ist die ideale Wahl f\u00fcr ambition","og_url":"https:\/\/schweizversand.ch\/en\/produkt\/hudora-fussballtor-advanced-300\/","og_site_name":"Schweizer Shop f\u00fcr Sport, Spiel und Freizeit","article_publisher":"https:\/\/www.facebook.com\/Schweizversand","article_modified_time":"2026-04-21T13:33:04+00:00","twitter_card":"summary_large_image","twitter_misc":{"Est. reading time":"2 minutes"},"schema":{"@context":"https:\/\/schema.org","@graph":[{"@type":"WebPage","@id":"https:\/\/schweizversand.ch\/en\/produkt\/hudora-fussballtor-advanced-300\/","url":"https:\/\/schweizversand.ch\/en\/produkt\/hudora-fussballtor-advanced-300\/","name":"Hudora Fussballtor Advanced 300","isPartOf":{"@id":"https:\/\/schweizversand.ch\/en\/#website"},"primaryImageOfPage":{"@id":"https:\/\/schweizversand.ch\/en\/produkt\/hudora-fussballtor-advanced-300\/#primaryimage"},"image":{"@id":"https:\/\/schweizversand.ch\/en\/produkt\/hudora-fussballtor-advanced-300\/#primaryimage"},"thumbnailUrl":"https:\/\/schweizversand.ch\/wp-content\/uploads\/2026\/02\/5471740766.jpg","datePublished":"2026-04-17T10:27:19+00:00","dateModified":"2026-04-21T13:33:04+00:00","description":"Hudora Fu\u00dfballtor Advanced 300 Erleben Sie Fu\u00dfball auf Profi-Niveau in Ihrem eigenen Garten. Das Hudora Fu\u00dfballtor Advanced 300 ist die ideale Wahl f\u00fcr ambition","breadcrumb":{"@id":"https:\/\/schweizversand.ch\/en\/produkt\/hudora-fussballtor-advanced-300\/#breadcrumb"},"inLanguage":"en-US","potentialAction":[{"@type":"ReadAction","target":["https:\/\/schweizversand.ch\/en\/produkt\/hudora-fussballtor-advanced-300\/"]}]},{"@type":"ImageObject","inLanguage":"en-US","@id":"https:\/\/schweizversand.ch\/en\/produkt\/hudora-fussballtor-advanced-300\/#primaryimage","url":"https:\/\/schweizversand.ch\/wp-content\/uploads\/2026\/02\/5471740766.jpg","contentUrl":"https:\/\/schweizversand.ch\/wp-content\/uploads\/2026\/02\/5471740766.jpg","width":1024,"height":786},{"@type":"BreadcrumbList","@id":"https:\/\/schweizversand.ch\/en\/produkt\/hudora-fussballtor-advanced-300\/#breadcrumb","itemListElement":[{"@type":"ListItem","position":1,"name":"Startseite","item":"https:\/\/schweizversand.ch\/en\/"},{"@type":"ListItem","position":2,"name":"Shop","item":"https:\/\/schweizversand.ch\/en\/shop\/"},{"@type":"ListItem","position":3,"name":"Sports","item":"https:\/\/schweizversand.ch\/en\/produkt-kategorie\/sports\/"},{"@type":"ListItem","position":4,"name":"ball sports &amp; darts","item":"https:\/\/schweizversand.ch\/en\/produkt-kategorie\/sports\/ball-sports-darts\/"},{"@type":"ListItem","position":5,"name":"Fussball","item":"https:\/\/schweizversand.ch\/en\/produkt-kategorie\/sports\/ball-sports-darts\/fussball\/"},{"@type":"ListItem","position":6,"name":"Hudora football goal Advanced 300"}]},{"@type":"WebSite","@id":"https:\/\/schweizversand.ch\/en\/#website","url":"https:\/\/schweizversand.ch\/en\/","name":"Schweizer Shop f\u00fcr Sport, Spiel und Freizeit","description":"Gratisversand ab 50.- (netto), ab eigenem schweizer Lager, Lieferung innert 48h","publisher":{"@id":"https:\/\/schweizversand.ch\/en\/#organization"},"alternateName":"Schweizversand.ch","potentialAction":[{"@type":"SearchAction","target":{"@type":"EntryPoint","urlTemplate":"https:\/\/schweizversand.ch\/en\/?s={search_term_string}"},"query-input":{"@type":"PropertyValueSpecification","valueRequired":true,"valueName":"search_term_string"}}],"inLanguage":"en-US"},{"@type":"Organization","@id":"https:\/\/schweizversand.ch\/en\/#organization","name":"Schweizversand.ch","url":"https:\/\/schweizversand.ch\/en\/","logo":{"@type":"ImageObject","inLanguage":"en-US","@id":"https:\/\/schweizversand.ch\/en\/#\/schema\/logo\/image\/","url":"https:\/\/schweizversand.ch\/wp-content\/uploads\/2026\/03\/Logo_Rund_Final-1.png","contentUrl":"https:\/\/schweizversand.ch\/wp-content\/uploads\/2026\/03\/Logo_Rund_Final-1.png","width":404,"height":404,"caption":"Schweizversand.ch"},"image":{"@id":"https:\/\/schweizversand.ch\/en\/#\/schema\/logo\/image\/"},"sameAs":["https:\/\/www.facebook.com\/Schweizversand","https:\/\/www.instagram.com\/schweizversand.ch\/"]}]}},"jetpack_sharing_enabled":true,"_links":{"self":[{"href":"https:\/\/schweizversand.ch\/en\/wp-json\/wp\/v2\/product\/267526","targetHints":{"allow":["GET"]}}],"collection":[{"href":"https:\/\/schweizversand.ch\/en\/wp-json\/wp\/v2\/product"}],"about":[{"href":"https:\/\/schweizversand.ch\/en\/wp-json\/wp\/v2\/types\/product"}],"replies":[{"embeddable":true,"href":"https:\/\/schweizversand.ch\/en\/wp-json\/wp\/v2\/comments?post=267526"}],"wp:featuredmedia":[{"embeddable":true,"href":"https:\/\/schweizversand.ch\/en\/wp-json\/wp\/v2\/media\/167477"}],"wp:attachment":[{"href":"https:\/\/schweizversand.ch\/en\/wp-json\/wp\/v2\/media?parent=267526"}],"wp:term":[{"taxonomy":"product_brand","embeddable":true,"href":"https:\/\/schweizversand.ch\/en\/wp-json\/wp\/v2\/product_brand?post=267526"},{"taxonomy":"product_cat","embeddable":true,"href":"https:\/\/schweizversand.ch\/en\/wp-json\/wp\/v2\/product_cat?post=267526"},{"taxonomy":"product_tag","embeddable":true,"href":"https:\/\/schweizversand.ch\/en\/wp-json\/wp\/v2\/product_tag?post=267526"}],"curies":[{"name":"wp","href":"https:\/\/api.w.org\/{rel}","templated":true}]}}