{"id":267707,"date":"2026-04-18T15:31:01","date_gmt":"2026-04-18T13:31:01","guid":{"rendered":"https:\/\/schweizversand.ch\/produkt\/hudora-fantastic-complete-trampolin-300v\/"},"modified":"2026-04-19T02:02:40","modified_gmt":"2026-04-19T00:02:40","slug":"hudora-fantastic-complete-trampolin-300v","status":"publish","type":"product","link":"https:\/\/schweizversand.ch\/en\/produkt\/hudora-fantastic-complete-trampolin-300v\/","title":{"rendered":"Hudora Fantastic Complete Trampoline 300V"},"content":{"rendered":"<p>The HUDORA Fantastic Complete Trampoline: Fantastically spacious, fantastically safe<\/p>\n<p>The HUDORA Fantastic Complete Trampoline is the all-inclusive garden trampoline package, complete with a crawl-proof cover, foot mat, storage compartment, and ladder. Fantastically spacious, fantastically padded, and fantastically elegant. Jumping fun for young and old simply doesn&#8217;t get more complete than this.<\/p>\n<p>Trampoline jumping is a true fitness marvel: We burn about three times as many calories on a trampoline as we do jogging and activate around 400 muscles in our body. The HUDORA Fantastic Complete Trampoline enables fitness training with everything you need: storage compartments for shoes, cell phones, and keys, a crawl-proof cover, a ladder, a foot mat, and ground anchors. 60 extra-long steel springs ensure fantastically spacious jumping fun. A hot-dip galvanized steel frame, three sturdy double legs, and curved main poles give this garden trampoline reassuring stability. A frame diameter of 300 cm \u2013 with a height of 70 cm \u2013 offers jumping fun for all ages. The woven jumping mat ensures excellent bounce. The safety net, the large safety distance to the poles, and the extra-wide and thick tarpaulin edge cover guarantee maximum safety.<\/p>\n<p>This all-around worry-free trampoline from HUDORA is suitable for users weighing up to 100 kg. Fitness and fun for the whole family are guaranteed!<\/p>\n<p>Further details:<\/p>\n<p>Packaged in 3 boxes<\/p>\n<p>The safety net should be replaced every 3 years. A 2-meter clearance is required around the trampoline. Please note the information regarding maximum user weight and assembly dimensions.<\/p>\n<p>Caution: Only one user at a time. Risk of collision. For private use only. Suitable for outdoor use! Caution! Not suitable for children under 36 months due to lack of skills. Risk of injury!<\/p>\n<p>Features<\/p>\n<p>For: Adults, teenagers, children<\/p>\n<p>Bundle: No<\/p>\n<p>Assembly dimensions (L x W x H in cm): 340 x 340 x 252<\/p>\n<p>Diameter (cm): 300<\/p>\n<p>Color: Green, Turquoise<\/p>\n<p>Number of Legs: 3<\/p>\n<p>Number of Springs: 60<\/p>\n<p>Frame Height (cm): 70<\/p>\n<p>Accessories: Ground Anchor, Door Mat, Crawl-Out Protection, Ladder, Shoe, Cell Phone, and Key Storage<\/p>\n<p>Material: Steel<\/p>\n<p>Application: Outdoor<\/p>\n<p>Max. User Weight (kg): 100<\/p>\n","protected":false},"excerpt":{"rendered":"<p>Hudora Fantastic Complete Trampolin 300V bietet sicheren, ger\u00e4umigen Sprungspa\u00df mit Krabbelschutz, Leiter, Fu\u00dfmatte und praktischem Butler \u2013 Fitness und Spa\u00df f\u00fcr die ganze Familie.<\/p>\n","protected":false},"featured_media":258502,"comment_status":"open","ping_status":"closed","template":"","meta":[],"product_brand":[],"product_cat":[38320],"product_tag":[],"class_list":{"0":"post-267707","1":"product","2":"type-product","3":"status-publish","4":"has-post-thumbnail","6":"product_cat-gartenspielgeraete","7":"product_shipping_class-global_methods","9":"first","10":"instock","11":"taxable","12":"shipping-taxable","13":"purchasable","14":"product-type-simple"},"yoast_head":"<!-- This site is optimized with the Yoast SEO plugin v27.4 - https:\/\/yoast.com\/product\/yoast-seo-wordpress\/ -->\n<title>Hudora Fantastic Complete Trampolin 300V<\/title>\n<meta name=\"description\" content=\"Das HUDORA Fantastic Complete Trampolin: Fantastisch ger\u00e4umig, fantastisch sicher\u00a0 \u00a0\u00a0 Das HUDORA Fantastic Complete Trampolin ist das Gartentrampolin im Rundum\" \/>\n<meta name=\"robots\" content=\"index, follow, max-snippet:-1, max-image-preview:large, max-video-preview:-1\" \/>\n<link rel=\"canonical\" href=\"https:\/\/schweizversand.ch\/en\/produkt\/hudora-fantastic-complete-trampolin-300v\/\" \/>\n<meta property=\"og:locale\" content=\"en_US\" \/>\n<meta property=\"og:type\" content=\"article\" \/>\n<meta property=\"og:title\" content=\"Hudora Fantastic Complete Trampolin 300V\" \/>\n<meta property=\"og:description\" content=\"Das HUDORA Fantastic Complete Trampolin: Fantastisch ger\u00e4umig, fantastisch sicher\u00a0 \u00a0\u00a0 Das HUDORA Fantastic Complete Trampolin ist das Gartentrampolin im Rundum\" \/>\n<meta property=\"og:url\" content=\"https:\/\/schweizversand.ch\/en\/produkt\/hudora-fantastic-complete-trampolin-300v\/\" \/>\n<meta property=\"og:site_name\" content=\"Schweizer Shop f\u00fcr Sport, Spiel und Freizeit\" \/>\n<meta property=\"article:publisher\" content=\"https:\/\/www.facebook.com\/Schweizversand\" \/>\n<meta property=\"article:modified_time\" content=\"2026-04-19T00:02:40+00:00\" \/>\n<meta property=\"og:image\" content=\"https:\/\/schweizversand.ch\/wp-content\/uploads\/2026\/03\/5471493512.jpg\" \/>\n\t<meta property=\"og:image:width\" content=\"1024\" \/>\n\t<meta property=\"og:image:height\" content=\"1024\" \/>\n\t<meta property=\"og:image:type\" content=\"image\/jpeg\" \/>\n<meta name=\"twitter:card\" content=\"summary_large_image\" \/>\n<meta name=\"twitter:label1\" content=\"Est. reading time\" \/>\n\t<meta name=\"twitter:data1\" content=\"2 minutes\" \/>\n<script type=\"application\/ld+json\" class=\"yoast-schema-graph\">{\"@context\":\"https:\\\/\\\/schema.org\",\"@graph\":[{\"@type\":\"WebPage\",\"@id\":\"https:\\\/\\\/schweizversand.ch\\\/en\\\/produkt\\\/hudora-fantastic-complete-trampolin-300v\\\/\",\"url\":\"https:\\\/\\\/schweizversand.ch\\\/en\\\/produkt\\\/hudora-fantastic-complete-trampolin-300v\\\/\",\"name\":\"Hudora Fantastic Complete Trampolin 300V\",\"isPartOf\":{\"@id\":\"https:\\\/\\\/schweizversand.ch\\\/en\\\/#website\"},\"primaryImageOfPage\":{\"@id\":\"https:\\\/\\\/schweizversand.ch\\\/en\\\/produkt\\\/hudora-fantastic-complete-trampolin-300v\\\/#primaryimage\"},\"image\":{\"@id\":\"https:\\\/\\\/schweizversand.ch\\\/en\\\/produkt\\\/hudora-fantastic-complete-trampolin-300v\\\/#primaryimage\"},\"thumbnailUrl\":\"https:\\\/\\\/schweizversand.ch\\\/wp-content\\\/uploads\\\/2026\\\/03\\\/5471493512.jpg\",\"datePublished\":\"2026-04-18T13:31:01+00:00\",\"dateModified\":\"2026-04-19T00:02:40+00:00\",\"description\":\"Das HUDORA Fantastic Complete Trampolin: Fantastisch ger\u00e4umig, fantastisch sicher\u00a0 \u00a0\u00a0 Das HUDORA Fantastic Complete Trampolin ist das Gartentrampolin im Rundum\",\"breadcrumb\":{\"@id\":\"https:\\\/\\\/schweizversand.ch\\\/en\\\/produkt\\\/hudora-fantastic-complete-trampolin-300v\\\/#breadcrumb\"},\"inLanguage\":\"en-US\",\"potentialAction\":[{\"@type\":\"ReadAction\",\"target\":[\"https:\\\/\\\/schweizversand.ch\\\/en\\\/produkt\\\/hudora-fantastic-complete-trampolin-300v\\\/\"]}]},{\"@type\":\"ImageObject\",\"inLanguage\":\"en-US\",\"@id\":\"https:\\\/\\\/schweizversand.ch\\\/en\\\/produkt\\\/hudora-fantastic-complete-trampolin-300v\\\/#primaryimage\",\"url\":\"https:\\\/\\\/schweizversand.ch\\\/wp-content\\\/uploads\\\/2026\\\/03\\\/5471493512.jpg\",\"contentUrl\":\"https:\\\/\\\/schweizversand.ch\\\/wp-content\\\/uploads\\\/2026\\\/03\\\/5471493512.jpg\",\"width\":1024,\"height\":1024},{\"@type\":\"BreadcrumbList\",\"@id\":\"https:\\\/\\\/schweizversand.ch\\\/en\\\/produkt\\\/hudora-fantastic-complete-trampolin-300v\\\/#breadcrumb\",\"itemListElement\":[{\"@type\":\"ListItem\",\"position\":1,\"name\":\"Startseite\",\"item\":\"https:\\\/\\\/schweizversand.ch\\\/en\\\/\"},{\"@type\":\"ListItem\",\"position\":2,\"name\":\"Shop\",\"item\":\"https:\\\/\\\/schweizversand.ch\\\/en\\\/shop\\\/\"},{\"@type\":\"ListItem\",\"position\":3,\"name\":\"Toys &amp; Games\",\"item\":\"https:\\\/\\\/schweizversand.ch\\\/en\\\/produkt-kategorie\\\/toys-games\\\/\"},{\"@type\":\"ListItem\",\"position\":4,\"name\":\"Outdoor Games\",\"item\":\"https:\\\/\\\/schweizversand.ch\\\/en\\\/produkt-kategorie\\\/toys-games\\\/outdoor-games\\\/\"},{\"@type\":\"ListItem\",\"position\":5,\"name\":\"Garden Play Equipment\",\"item\":\"https:\\\/\\\/schweizversand.ch\\\/en\\\/produkt-kategorie\\\/toys-games\\\/outdoor-games\\\/gartenspielgeraete\\\/\"},{\"@type\":\"ListItem\",\"position\":6,\"name\":\"Hudora Fantastic Complete Trampoline 300V\"}]},{\"@type\":\"WebSite\",\"@id\":\"https:\\\/\\\/schweizversand.ch\\\/en\\\/#website\",\"url\":\"https:\\\/\\\/schweizversand.ch\\\/en\\\/\",\"name\":\"Schweizer Shop f\u00fcr Sport, Spiel und Freizeit\",\"description\":\"Gratisversand ab 50.- (netto), ab eigenem schweizer Lager, Lieferung innert 48h\",\"publisher\":{\"@id\":\"https:\\\/\\\/schweizversand.ch\\\/en\\\/#organization\"},\"alternateName\":\"Schweizversand.ch\",\"potentialAction\":[{\"@type\":\"SearchAction\",\"target\":{\"@type\":\"EntryPoint\",\"urlTemplate\":\"https:\\\/\\\/schweizversand.ch\\\/en\\\/?s={search_term_string}\"},\"query-input\":{\"@type\":\"PropertyValueSpecification\",\"valueRequired\":true,\"valueName\":\"search_term_string\"}}],\"inLanguage\":\"en-US\"},{\"@type\":\"Organization\",\"@id\":\"https:\\\/\\\/schweizversand.ch\\\/en\\\/#organization\",\"name\":\"Schweizversand.ch\",\"url\":\"https:\\\/\\\/schweizversand.ch\\\/en\\\/\",\"logo\":{\"@type\":\"ImageObject\",\"inLanguage\":\"en-US\",\"@id\":\"https:\\\/\\\/schweizversand.ch\\\/en\\\/#\\\/schema\\\/logo\\\/image\\\/\",\"url\":\"https:\\\/\\\/schweizversand.ch\\\/wp-content\\\/uploads\\\/2026\\\/03\\\/Logo_Rund_Final-1.png\",\"contentUrl\":\"https:\\\/\\\/schweizversand.ch\\\/wp-content\\\/uploads\\\/2026\\\/03\\\/Logo_Rund_Final-1.png\",\"width\":404,\"height\":404,\"caption\":\"Schweizversand.ch\"},\"image\":{\"@id\":\"https:\\\/\\\/schweizversand.ch\\\/en\\\/#\\\/schema\\\/logo\\\/image\\\/\"},\"sameAs\":[\"https:\\\/\\\/www.facebook.com\\\/Schweizversand\",\"https:\\\/\\\/www.instagram.com\\\/schweizversand.ch\\\/\"]}]}<\/script>\n<!-- \/ Yoast SEO plugin. -->","yoast_head_json":{"title":"Hudora Fantastic Complete Trampolin 300V","description":"Das HUDORA Fantastic Complete Trampolin: Fantastisch ger\u00e4umig, fantastisch sicher\u00a0 \u00a0\u00a0 Das HUDORA Fantastic Complete Trampolin ist das Gartentrampolin im Rundum","robots":{"index":"index","follow":"follow","max-snippet":"max-snippet:-1","max-image-preview":"max-image-preview:large","max-video-preview":"max-video-preview:-1"},"canonical":"https:\/\/schweizversand.ch\/en\/produkt\/hudora-fantastic-complete-trampolin-300v\/","og_locale":"en_US","og_type":"article","og_title":"Hudora Fantastic Complete Trampolin 300V","og_description":"Das HUDORA Fantastic Complete Trampolin: Fantastisch ger\u00e4umig, fantastisch sicher\u00a0 \u00a0\u00a0 Das HUDORA Fantastic Complete Trampolin ist das Gartentrampolin im Rundum","og_url":"https:\/\/schweizversand.ch\/en\/produkt\/hudora-fantastic-complete-trampolin-300v\/","og_site_name":"Schweizer Shop f\u00fcr Sport, Spiel und Freizeit","article_publisher":"https:\/\/www.facebook.com\/Schweizversand","article_modified_time":"2026-04-19T00:02:40+00:00","og_image":[{"width":1024,"height":1024,"url":"https:\/\/schweizversand.ch\/wp-content\/uploads\/2026\/03\/5471493512.jpg","type":"image\/jpeg"}],"twitter_card":"summary_large_image","twitter_misc":{"Est. reading time":"2 minutes"},"schema":{"@context":"https:\/\/schema.org","@graph":[{"@type":"WebPage","@id":"https:\/\/schweizversand.ch\/en\/produkt\/hudora-fantastic-complete-trampolin-300v\/","url":"https:\/\/schweizversand.ch\/en\/produkt\/hudora-fantastic-complete-trampolin-300v\/","name":"Hudora Fantastic Complete Trampolin 300V","isPartOf":{"@id":"https:\/\/schweizversand.ch\/en\/#website"},"primaryImageOfPage":{"@id":"https:\/\/schweizversand.ch\/en\/produkt\/hudora-fantastic-complete-trampolin-300v\/#primaryimage"},"image":{"@id":"https:\/\/schweizversand.ch\/en\/produkt\/hudora-fantastic-complete-trampolin-300v\/#primaryimage"},"thumbnailUrl":"https:\/\/schweizversand.ch\/wp-content\/uploads\/2026\/03\/5471493512.jpg","datePublished":"2026-04-18T13:31:01+00:00","dateModified":"2026-04-19T00:02:40+00:00","description":"Das HUDORA Fantastic Complete Trampolin: Fantastisch ger\u00e4umig, fantastisch sicher\u00a0 \u00a0\u00a0 Das HUDORA Fantastic Complete Trampolin ist das Gartentrampolin im Rundum","breadcrumb":{"@id":"https:\/\/schweizversand.ch\/en\/produkt\/hudora-fantastic-complete-trampolin-300v\/#breadcrumb"},"inLanguage":"en-US","potentialAction":[{"@type":"ReadAction","target":["https:\/\/schweizversand.ch\/en\/produkt\/hudora-fantastic-complete-trampolin-300v\/"]}]},{"@type":"ImageObject","inLanguage":"en-US","@id":"https:\/\/schweizversand.ch\/en\/produkt\/hudora-fantastic-complete-trampolin-300v\/#primaryimage","url":"https:\/\/schweizversand.ch\/wp-content\/uploads\/2026\/03\/5471493512.jpg","contentUrl":"https:\/\/schweizversand.ch\/wp-content\/uploads\/2026\/03\/5471493512.jpg","width":1024,"height":1024},{"@type":"BreadcrumbList","@id":"https:\/\/schweizversand.ch\/en\/produkt\/hudora-fantastic-complete-trampolin-300v\/#breadcrumb","itemListElement":[{"@type":"ListItem","position":1,"name":"Startseite","item":"https:\/\/schweizversand.ch\/en\/"},{"@type":"ListItem","position":2,"name":"Shop","item":"https:\/\/schweizversand.ch\/en\/shop\/"},{"@type":"ListItem","position":3,"name":"Toys &amp; Games","item":"https:\/\/schweizversand.ch\/en\/produkt-kategorie\/toys-games\/"},{"@type":"ListItem","position":4,"name":"Outdoor Games","item":"https:\/\/schweizversand.ch\/en\/produkt-kategorie\/toys-games\/outdoor-games\/"},{"@type":"ListItem","position":5,"name":"Garden Play Equipment","item":"https:\/\/schweizversand.ch\/en\/produkt-kategorie\/toys-games\/outdoor-games\/gartenspielgeraete\/"},{"@type":"ListItem","position":6,"name":"Hudora Fantastic Complete Trampoline 300V"}]},{"@type":"WebSite","@id":"https:\/\/schweizversand.ch\/en\/#website","url":"https:\/\/schweizversand.ch\/en\/","name":"Schweizer Shop f\u00fcr Sport, Spiel und Freizeit","description":"Gratisversand ab 50.- (netto), ab eigenem schweizer Lager, Lieferung innert 48h","publisher":{"@id":"https:\/\/schweizversand.ch\/en\/#organization"},"alternateName":"Schweizversand.ch","potentialAction":[{"@type":"SearchAction","target":{"@type":"EntryPoint","urlTemplate":"https:\/\/schweizversand.ch\/en\/?s={search_term_string}"},"query-input":{"@type":"PropertyValueSpecification","valueRequired":true,"valueName":"search_term_string"}}],"inLanguage":"en-US"},{"@type":"Organization","@id":"https:\/\/schweizversand.ch\/en\/#organization","name":"Schweizversand.ch","url":"https:\/\/schweizversand.ch\/en\/","logo":{"@type":"ImageObject","inLanguage":"en-US","@id":"https:\/\/schweizversand.ch\/en\/#\/schema\/logo\/image\/","url":"https:\/\/schweizversand.ch\/wp-content\/uploads\/2026\/03\/Logo_Rund_Final-1.png","contentUrl":"https:\/\/schweizversand.ch\/wp-content\/uploads\/2026\/03\/Logo_Rund_Final-1.png","width":404,"height":404,"caption":"Schweizversand.ch"},"image":{"@id":"https:\/\/schweizversand.ch\/en\/#\/schema\/logo\/image\/"},"sameAs":["https:\/\/www.facebook.com\/Schweizversand","https:\/\/www.instagram.com\/schweizversand.ch\/"]}]}},"jetpack_sharing_enabled":true,"_links":{"self":[{"href":"https:\/\/schweizversand.ch\/en\/wp-json\/wp\/v2\/product\/267707","targetHints":{"allow":["GET"]}}],"collection":[{"href":"https:\/\/schweizversand.ch\/en\/wp-json\/wp\/v2\/product"}],"about":[{"href":"https:\/\/schweizversand.ch\/en\/wp-json\/wp\/v2\/types\/product"}],"replies":[{"embeddable":true,"href":"https:\/\/schweizversand.ch\/en\/wp-json\/wp\/v2\/comments?post=267707"}],"wp:featuredmedia":[{"embeddable":true,"href":"https:\/\/schweizversand.ch\/en\/wp-json\/wp\/v2\/media\/258502"}],"wp:attachment":[{"href":"https:\/\/schweizversand.ch\/en\/wp-json\/wp\/v2\/media?parent=267707"}],"wp:term":[{"taxonomy":"product_brand","embeddable":true,"href":"https:\/\/schweizversand.ch\/en\/wp-json\/wp\/v2\/product_brand?post=267707"},{"taxonomy":"product_cat","embeddable":true,"href":"https:\/\/schweizversand.ch\/en\/wp-json\/wp\/v2\/product_cat?post=267707"},{"taxonomy":"product_tag","embeddable":true,"href":"https:\/\/schweizversand.ch\/en\/wp-json\/wp\/v2\/product_tag?post=267707"}],"curies":[{"name":"wp","href":"https:\/\/api.w.org\/{rel}","templated":true}]}}