{"id":267710,"date":"2026-04-18T15:31:02","date_gmt":"2026-04-18T13:31:02","guid":{"rendered":"https:\/\/schweizversand.ch\/produkt\/hudora-start-basketballstaender-205\/"},"modified":"2026-04-20T02:02:35","modified_gmt":"2026-04-20T00:02:35","slug":"hudora-start-basketballstaender-205","status":"publish","type":"product","link":"https:\/\/schweizversand.ch\/en\/produkt\/hudora-start-basketballstaender-205\/","title":{"rendered":"Hudora Start basketball stand 205"},"content":{"rendered":"<h1><strong>Portable Basketball Stand with Height Adjustment<\/strong><\/h1>\n<div>Experience limitless basketball fun, wherever you are. This <strong>portable basketball stand<\/strong> offers the perfect combination of stability, flexibility, and adaptability, making it ideal for use in the <strong>garden<\/strong> or yard. Thanks to its easy height adjustment, this <strong>basketball system<\/strong> is portable and grows with the players.<\/p>\n<\/div>\n<div><strong>Versatile Height Adjustment<\/strong><br \/>The <strong>height-adjustable basketball hoop<\/strong> effortlessly adapts to the needs of players of all ages. The system allows for height adjustment from 165 cm to 205 cm, making it ideal for both small children&#8217;s basketball hoops (height adjustable) and ambitious teenagers and adults. Robust and durable construction: This outdoor basketball stand is designed for permanent outdoor use. The backboard (70 x 45 cm) is made of weatherproof plastic. The sturdy metal rim (40 cm diameter, 1.6 cm thick) is powder-coated and equipped with a durable, 53 cm long polyester net to withstand any level of play. Stability and mobility: This mobile garden basketball stand guarantees stability. The robust PE base can be filled with up to 30 liters of water or sand for secure anchoring. For easy relocation, the portable basketball hoop features two integrated wheels, making transport extremely simple. Product details at a glance: &#8211; Height adjustable: 165 cm to 205 cm &#8211; Backboard dimensions: 70 x 45 cm &#8211; Rim diameter: 40 cm (1.6 cm thick) &#8211; Net material: Durable polyester (53 cm) &#8211; Base filling volume: Up to 30 liters (water or sand) &#8211; Pole: Steel, 42-45 mm \u00d8 Get this versatile and height-adjustable basketball hoop and bring basketball flexibly to your outdoor space. It&#8217;s the perfect investment for training and recreational fun.<\/p>\n","protected":false},"excerpt":{"rendered":"<p>Hudora Start Basketballst\u00e4nder 205 bietet flexible H\u00f6henverstellung von 165\u2013205 cm, robuste Konstruktion und transportablen Basketballspa\u00df f\u00fcr alle Altersgruppen \u2013 jederzeit, \u00fcberall.<\/p>\n","protected":false},"featured_media":47408,"comment_status":"open","ping_status":"closed","template":"","meta":[],"product_brand":[],"product_cat":[39216],"product_tag":[],"class_list":{"0":"post-267710","1":"product","2":"type-product","3":"status-publish","4":"has-post-thumbnail","6":"product_cat-basketball","7":"product_shipping_class-global_methods","9":"first","10":"instock","11":"taxable","12":"shipping-taxable","13":"purchasable","14":"product-type-simple"},"yoast_head":"<!-- This site is optimized with the Yoast SEO plugin v27.4 - https:\/\/yoast.com\/product\/yoast-seo-wordpress\/ -->\n<title>Hudora Start Basketballst\u00e4nder 205<\/title>\n<meta name=\"description\" content=\"Transportabler Basketballst\u00e4nder mit H\u00f6henverstellung Erleben Sie grenzenlosen Basketballspass, egal wo Sie sind. Dieser transportable Basketballst\u00e4nder bietet\" \/>\n<meta name=\"robots\" content=\"index, follow, max-snippet:-1, max-image-preview:large, max-video-preview:-1\" \/>\n<link rel=\"canonical\" href=\"https:\/\/schweizversand.ch\/en\/produkt\/hudora-start-basketballstaender-205\/\" \/>\n<meta property=\"og:locale\" content=\"en_US\" \/>\n<meta property=\"og:type\" content=\"article\" \/>\n<meta property=\"og:title\" content=\"Hudora Start Basketballst\u00e4nder 205\" \/>\n<meta property=\"og:description\" content=\"Transportabler Basketballst\u00e4nder mit H\u00f6henverstellung Erleben Sie grenzenlosen Basketballspass, egal wo Sie sind. Dieser transportable Basketballst\u00e4nder bietet\" \/>\n<meta property=\"og:url\" content=\"https:\/\/schweizversand.ch\/en\/produkt\/hudora-start-basketballstaender-205\/\" \/>\n<meta property=\"og:site_name\" content=\"Schweizer Shop f\u00fcr Sport, Spiel und Freizeit\" \/>\n<meta property=\"article:publisher\" content=\"https:\/\/www.facebook.com\/Schweizversand\" \/>\n<meta property=\"article:modified_time\" content=\"2026-04-20T00:02:35+00:00\" \/>\n<meta property=\"og:image\" content=\"https:\/\/schweizversand.ch\/wp-content\/uploads\/2026\/01\/5471779119.jpg\" \/>\n\t<meta property=\"og:image:width\" content=\"447\" \/>\n\t<meta property=\"og:image:height\" content=\"1024\" \/>\n\t<meta property=\"og:image:type\" content=\"image\/jpeg\" \/>\n<meta name=\"twitter:card\" content=\"summary_large_image\" \/>\n<meta name=\"twitter:label1\" content=\"Est. reading time\" \/>\n\t<meta name=\"twitter:data1\" content=\"1 minute\" \/>\n<script type=\"application\/ld+json\" class=\"yoast-schema-graph\">{\"@context\":\"https:\\\/\\\/schema.org\",\"@graph\":[{\"@type\":\"WebPage\",\"@id\":\"https:\\\/\\\/schweizversand.ch\\\/en\\\/produkt\\\/hudora-start-basketballstaender-205\\\/\",\"url\":\"https:\\\/\\\/schweizversand.ch\\\/en\\\/produkt\\\/hudora-start-basketballstaender-205\\\/\",\"name\":\"Hudora Start Basketballst\u00e4nder 205\",\"isPartOf\":{\"@id\":\"https:\\\/\\\/schweizversand.ch\\\/en\\\/#website\"},\"primaryImageOfPage\":{\"@id\":\"https:\\\/\\\/schweizversand.ch\\\/en\\\/produkt\\\/hudora-start-basketballstaender-205\\\/#primaryimage\"},\"image\":{\"@id\":\"https:\\\/\\\/schweizversand.ch\\\/en\\\/produkt\\\/hudora-start-basketballstaender-205\\\/#primaryimage\"},\"thumbnailUrl\":\"https:\\\/\\\/schweizversand.ch\\\/wp-content\\\/uploads\\\/2026\\\/01\\\/5471779119.jpg\",\"datePublished\":\"2026-04-18T13:31:02+00:00\",\"dateModified\":\"2026-04-20T00:02:35+00:00\",\"description\":\"Transportabler Basketballst\u00e4nder mit H\u00f6henverstellung Erleben Sie grenzenlosen Basketballspass, egal wo Sie sind. Dieser transportable Basketballst\u00e4nder bietet\",\"breadcrumb\":{\"@id\":\"https:\\\/\\\/schweizversand.ch\\\/en\\\/produkt\\\/hudora-start-basketballstaender-205\\\/#breadcrumb\"},\"inLanguage\":\"en-US\",\"potentialAction\":[{\"@type\":\"ReadAction\",\"target\":[\"https:\\\/\\\/schweizversand.ch\\\/en\\\/produkt\\\/hudora-start-basketballstaender-205\\\/\"]}]},{\"@type\":\"ImageObject\",\"inLanguage\":\"en-US\",\"@id\":\"https:\\\/\\\/schweizversand.ch\\\/en\\\/produkt\\\/hudora-start-basketballstaender-205\\\/#primaryimage\",\"url\":\"https:\\\/\\\/schweizversand.ch\\\/wp-content\\\/uploads\\\/2026\\\/01\\\/5471779119.jpg\",\"contentUrl\":\"https:\\\/\\\/schweizversand.ch\\\/wp-content\\\/uploads\\\/2026\\\/01\\\/5471779119.jpg\",\"width\":447,\"height\":1024},{\"@type\":\"BreadcrumbList\",\"@id\":\"https:\\\/\\\/schweizversand.ch\\\/en\\\/produkt\\\/hudora-start-basketballstaender-205\\\/#breadcrumb\",\"itemListElement\":[{\"@type\":\"ListItem\",\"position\":1,\"name\":\"Startseite\",\"item\":\"https:\\\/\\\/schweizversand.ch\\\/en\\\/\"},{\"@type\":\"ListItem\",\"position\":2,\"name\":\"Shop\",\"item\":\"https:\\\/\\\/schweizversand.ch\\\/en\\\/shop\\\/\"},{\"@type\":\"ListItem\",\"position\":3,\"name\":\"Sports\",\"item\":\"https:\\\/\\\/schweizversand.ch\\\/en\\\/produkt-kategorie\\\/sports\\\/\"},{\"@type\":\"ListItem\",\"position\":4,\"name\":\"ball sports &amp; darts\",\"item\":\"https:\\\/\\\/schweizversand.ch\\\/en\\\/produkt-kategorie\\\/sports\\\/ball-sports-darts\\\/\"},{\"@type\":\"ListItem\",\"position\":5,\"name\":\"Basketball\",\"item\":\"https:\\\/\\\/schweizversand.ch\\\/en\\\/produkt-kategorie\\\/sports\\\/ball-sports-darts\\\/basketball\\\/\"},{\"@type\":\"ListItem\",\"position\":6,\"name\":\"Hudora Start basketball stand 205\"}]},{\"@type\":\"WebSite\",\"@id\":\"https:\\\/\\\/schweizversand.ch\\\/en\\\/#website\",\"url\":\"https:\\\/\\\/schweizversand.ch\\\/en\\\/\",\"name\":\"Schweizer Shop f\u00fcr Sport, Spiel und Freizeit\",\"description\":\"Gratisversand ab 50.- (netto), ab eigenem schweizer Lager, Lieferung innert 48h\",\"publisher\":{\"@id\":\"https:\\\/\\\/schweizversand.ch\\\/en\\\/#organization\"},\"alternateName\":\"Schweizversand.ch\",\"potentialAction\":[{\"@type\":\"SearchAction\",\"target\":{\"@type\":\"EntryPoint\",\"urlTemplate\":\"https:\\\/\\\/schweizversand.ch\\\/en\\\/?s={search_term_string}\"},\"query-input\":{\"@type\":\"PropertyValueSpecification\",\"valueRequired\":true,\"valueName\":\"search_term_string\"}}],\"inLanguage\":\"en-US\"},{\"@type\":\"Organization\",\"@id\":\"https:\\\/\\\/schweizversand.ch\\\/en\\\/#organization\",\"name\":\"Schweizversand.ch\",\"url\":\"https:\\\/\\\/schweizversand.ch\\\/en\\\/\",\"logo\":{\"@type\":\"ImageObject\",\"inLanguage\":\"en-US\",\"@id\":\"https:\\\/\\\/schweizversand.ch\\\/en\\\/#\\\/schema\\\/logo\\\/image\\\/\",\"url\":\"https:\\\/\\\/schweizversand.ch\\\/wp-content\\\/uploads\\\/2026\\\/03\\\/Logo_Rund_Final-1.png\",\"contentUrl\":\"https:\\\/\\\/schweizversand.ch\\\/wp-content\\\/uploads\\\/2026\\\/03\\\/Logo_Rund_Final-1.png\",\"width\":404,\"height\":404,\"caption\":\"Schweizversand.ch\"},\"image\":{\"@id\":\"https:\\\/\\\/schweizversand.ch\\\/en\\\/#\\\/schema\\\/logo\\\/image\\\/\"},\"sameAs\":[\"https:\\\/\\\/www.facebook.com\\\/Schweizversand\",\"https:\\\/\\\/www.instagram.com\\\/schweizversand.ch\\\/\"]}]}<\/script>\n<!-- \/ Yoast SEO plugin. -->","yoast_head_json":{"title":"Hudora Start Basketballst\u00e4nder 205","description":"Transportabler Basketballst\u00e4nder mit H\u00f6henverstellung Erleben Sie grenzenlosen Basketballspass, egal wo Sie sind. Dieser transportable Basketballst\u00e4nder bietet","robots":{"index":"index","follow":"follow","max-snippet":"max-snippet:-1","max-image-preview":"max-image-preview:large","max-video-preview":"max-video-preview:-1"},"canonical":"https:\/\/schweizversand.ch\/en\/produkt\/hudora-start-basketballstaender-205\/","og_locale":"en_US","og_type":"article","og_title":"Hudora Start Basketballst\u00e4nder 205","og_description":"Transportabler Basketballst\u00e4nder mit H\u00f6henverstellung Erleben Sie grenzenlosen Basketballspass, egal wo Sie sind. Dieser transportable Basketballst\u00e4nder bietet","og_url":"https:\/\/schweizversand.ch\/en\/produkt\/hudora-start-basketballstaender-205\/","og_site_name":"Schweizer Shop f\u00fcr Sport, Spiel und Freizeit","article_publisher":"https:\/\/www.facebook.com\/Schweizversand","article_modified_time":"2026-04-20T00:02:35+00:00","og_image":[{"width":447,"height":1024,"url":"https:\/\/schweizversand.ch\/wp-content\/uploads\/2026\/01\/5471779119.jpg","type":"image\/jpeg"}],"twitter_card":"summary_large_image","twitter_misc":{"Est. reading time":"1 minute"},"schema":{"@context":"https:\/\/schema.org","@graph":[{"@type":"WebPage","@id":"https:\/\/schweizversand.ch\/en\/produkt\/hudora-start-basketballstaender-205\/","url":"https:\/\/schweizversand.ch\/en\/produkt\/hudora-start-basketballstaender-205\/","name":"Hudora Start Basketballst\u00e4nder 205","isPartOf":{"@id":"https:\/\/schweizversand.ch\/en\/#website"},"primaryImageOfPage":{"@id":"https:\/\/schweizversand.ch\/en\/produkt\/hudora-start-basketballstaender-205\/#primaryimage"},"image":{"@id":"https:\/\/schweizversand.ch\/en\/produkt\/hudora-start-basketballstaender-205\/#primaryimage"},"thumbnailUrl":"https:\/\/schweizversand.ch\/wp-content\/uploads\/2026\/01\/5471779119.jpg","datePublished":"2026-04-18T13:31:02+00:00","dateModified":"2026-04-20T00:02:35+00:00","description":"Transportabler Basketballst\u00e4nder mit H\u00f6henverstellung Erleben Sie grenzenlosen Basketballspass, egal wo Sie sind. Dieser transportable Basketballst\u00e4nder bietet","breadcrumb":{"@id":"https:\/\/schweizversand.ch\/en\/produkt\/hudora-start-basketballstaender-205\/#breadcrumb"},"inLanguage":"en-US","potentialAction":[{"@type":"ReadAction","target":["https:\/\/schweizversand.ch\/en\/produkt\/hudora-start-basketballstaender-205\/"]}]},{"@type":"ImageObject","inLanguage":"en-US","@id":"https:\/\/schweizversand.ch\/en\/produkt\/hudora-start-basketballstaender-205\/#primaryimage","url":"https:\/\/schweizversand.ch\/wp-content\/uploads\/2026\/01\/5471779119.jpg","contentUrl":"https:\/\/schweizversand.ch\/wp-content\/uploads\/2026\/01\/5471779119.jpg","width":447,"height":1024},{"@type":"BreadcrumbList","@id":"https:\/\/schweizversand.ch\/en\/produkt\/hudora-start-basketballstaender-205\/#breadcrumb","itemListElement":[{"@type":"ListItem","position":1,"name":"Startseite","item":"https:\/\/schweizversand.ch\/en\/"},{"@type":"ListItem","position":2,"name":"Shop","item":"https:\/\/schweizversand.ch\/en\/shop\/"},{"@type":"ListItem","position":3,"name":"Sports","item":"https:\/\/schweizversand.ch\/en\/produkt-kategorie\/sports\/"},{"@type":"ListItem","position":4,"name":"ball sports &amp; darts","item":"https:\/\/schweizversand.ch\/en\/produkt-kategorie\/sports\/ball-sports-darts\/"},{"@type":"ListItem","position":5,"name":"Basketball","item":"https:\/\/schweizversand.ch\/en\/produkt-kategorie\/sports\/ball-sports-darts\/basketball\/"},{"@type":"ListItem","position":6,"name":"Hudora Start basketball stand 205"}]},{"@type":"WebSite","@id":"https:\/\/schweizversand.ch\/en\/#website","url":"https:\/\/schweizversand.ch\/en\/","name":"Schweizer Shop f\u00fcr Sport, Spiel und Freizeit","description":"Gratisversand ab 50.- (netto), ab eigenem schweizer Lager, Lieferung innert 48h","publisher":{"@id":"https:\/\/schweizversand.ch\/en\/#organization"},"alternateName":"Schweizversand.ch","potentialAction":[{"@type":"SearchAction","target":{"@type":"EntryPoint","urlTemplate":"https:\/\/schweizversand.ch\/en\/?s={search_term_string}"},"query-input":{"@type":"PropertyValueSpecification","valueRequired":true,"valueName":"search_term_string"}}],"inLanguage":"en-US"},{"@type":"Organization","@id":"https:\/\/schweizversand.ch\/en\/#organization","name":"Schweizversand.ch","url":"https:\/\/schweizversand.ch\/en\/","logo":{"@type":"ImageObject","inLanguage":"en-US","@id":"https:\/\/schweizversand.ch\/en\/#\/schema\/logo\/image\/","url":"https:\/\/schweizversand.ch\/wp-content\/uploads\/2026\/03\/Logo_Rund_Final-1.png","contentUrl":"https:\/\/schweizversand.ch\/wp-content\/uploads\/2026\/03\/Logo_Rund_Final-1.png","width":404,"height":404,"caption":"Schweizversand.ch"},"image":{"@id":"https:\/\/schweizversand.ch\/en\/#\/schema\/logo\/image\/"},"sameAs":["https:\/\/www.facebook.com\/Schweizversand","https:\/\/www.instagram.com\/schweizversand.ch\/"]}]}},"jetpack_sharing_enabled":true,"_links":{"self":[{"href":"https:\/\/schweizversand.ch\/en\/wp-json\/wp\/v2\/product\/267710","targetHints":{"allow":["GET"]}}],"collection":[{"href":"https:\/\/schweizversand.ch\/en\/wp-json\/wp\/v2\/product"}],"about":[{"href":"https:\/\/schweizversand.ch\/en\/wp-json\/wp\/v2\/types\/product"}],"replies":[{"embeddable":true,"href":"https:\/\/schweizversand.ch\/en\/wp-json\/wp\/v2\/comments?post=267710"}],"wp:featuredmedia":[{"embeddable":true,"href":"https:\/\/schweizversand.ch\/en\/wp-json\/wp\/v2\/media\/47408"}],"wp:attachment":[{"href":"https:\/\/schweizversand.ch\/en\/wp-json\/wp\/v2\/media?parent=267710"}],"wp:term":[{"taxonomy":"product_brand","embeddable":true,"href":"https:\/\/schweizversand.ch\/en\/wp-json\/wp\/v2\/product_brand?post=267710"},{"taxonomy":"product_cat","embeddable":true,"href":"https:\/\/schweizversand.ch\/en\/wp-json\/wp\/v2\/product_cat?post=267710"},{"taxonomy":"product_tag","embeddable":true,"href":"https:\/\/schweizversand.ch\/en\/wp-json\/wp\/v2\/product_tag?post=267710"}],"curies":[{"name":"wp","href":"https:\/\/api.w.org\/{rel}","templated":true}]}}