{"id":267711,"date":"2026-04-18T15:31:03","date_gmt":"2026-04-18T13:31:03","guid":{"rendered":"https:\/\/schweizversand.ch\/produkt\/hudora-fantastic-trampolin-300v\/"},"modified":"2026-04-19T02:02:42","modified_gmt":"2026-04-19T00:02:42","slug":"hudora-fantastic-trampolin-300v","status":"publish","type":"product","link":"https:\/\/schweizversand.ch\/en\/produkt\/hudora-fantastic-trampolin-300v\/","title":{"rendered":"Hudora Fantastic Trampoline 300V"},"content":{"rendered":"<h1><strong>HUDORA Fantastic Trampoline<\/strong><\/h1>\n<div>Discover the <strong>HUDORA Fantastic Trampoline<\/strong> and experience boundless fun in your own garden. This <strong>garden trampoline<\/strong> combines innovative design with maximum functionality and offers a stylish and safe jumping experience for the whole family.<\/p>\n<\/div>\n<div><strong>Safety and Innovative Design<\/strong><br \/>The <strong>trampoline with safety net<\/strong> offers dual benefits: The large distance to the poles maximizes safety, while the centrally located net creates an extremely spacious jumping surface. This makes the <strong>large trampoline<\/strong> the ideal choice for active hours outdoors.<\/p>\n<\/div>\n<div><strong>Highest Jumping Quality and Durability<\/strong><br \/>The high-quality jumping mat made of durable fabric, secured by 60 quality springs, guarantees excellent <strong>jump acceleration<\/strong>. The extra-wide and thick edge padding made of tear-resistant, nylon-reinforced tarpaulin ensures additional protection and a long lifespan for your outdoor trampoline. The sturdy double legs guarantee a secure footing at all times. Product Details and Suitability: The HUDORA trampoline, with a maximum weight capacity of 100 kg, is equally suitable for adults, teenagers, and children. Please note that this product is intended exclusively for outdoor use and for use by one person.<\/p>\n<\/div>\n<div><strong>Technical Data<\/strong><br \/>&#8211; Assembled dimensions (L x W x H in cm): 340 x 340 x 252<br \/>&#8211; Diameter (cm): 300<br \/>&#8211; Color: Red<br \/>&#8211; Number of legs: 3<br \/>&#8211; Number of springs: 60<br \/>&#8211; Frame height (cm): 70<br \/>&#8211; Material: Steel<br \/>&#8211; Area of \u200b\u200bapplication: Outdoor<br \/>&#8211; Max. user weight (kg): 100<\/p>\n<\/div>\n<div><strong>Scope of delivery<\/strong><br \/>&#8211; The <strong>HUDORA Fantastic Trampoline<\/strong> is delivered in 2 boxes<br \/>&#8211; Box 1: 169 x 37 x 21 cm \/ 27.8 kg<br \/>&#8211; Box 2: 160 x 37 x 16 cm \/ 30.2 kg<\/p>\n<\/div>\n<div>Get the <strong>HUDORA Fantastic Trampoline<\/strong> now and make your dream of ultimate jumping fun a reality. Just a few clicks separate you from unforgettable jumping moments in your garden!<\/p>\n<\/div>\n<div><\/div>\n","protected":false},"excerpt":{"rendered":"<p>Hudora Fantastic Trampolin 300V bietet h\u00f6chste Sicherheit, extra gro\u00dfe Sprungfl\u00e4che und langlebige Qualit\u00e4t f\u00fcr grenzenlosen Familienspa\u00df im Garten.<\/p>\n","protected":false},"featured_media":165657,"comment_status":"open","ping_status":"closed","template":"","meta":[],"product_brand":[],"product_cat":[38320],"product_tag":[],"class_list":{"0":"post-267711","1":"product","2":"type-product","3":"status-publish","4":"has-post-thumbnail","6":"product_cat-gartenspielgeraete","7":"product_shipping_class-global_methods","9":"first","10":"instock","11":"taxable","12":"shipping-taxable","13":"purchasable","14":"product-type-simple"},"yoast_head":"<!-- This site is optimized with the Yoast SEO plugin v27.4 - https:\/\/yoast.com\/product\/yoast-seo-wordpress\/ -->\n<title>Hudora Fantastic Trampolin 300V<\/title>\n<meta name=\"description\" content=\"HUDORA Fantastic Trampolin Entdecken Sie das HUDORA Fantastic Trampolin und erleben Sie grenzenlosen Spass im eigenen Garten. Dieses Gartentrampolin vereint inn\" \/>\n<meta name=\"robots\" content=\"index, follow, max-snippet:-1, max-image-preview:large, max-video-preview:-1\" \/>\n<link rel=\"canonical\" href=\"https:\/\/schweizversand.ch\/en\/produkt\/hudora-fantastic-trampolin-300v\/\" \/>\n<meta property=\"og:locale\" content=\"en_US\" \/>\n<meta property=\"og:type\" content=\"article\" \/>\n<meta property=\"og:title\" content=\"Hudora Fantastic Trampolin 300V\" \/>\n<meta property=\"og:description\" content=\"HUDORA Fantastic Trampolin Entdecken Sie das HUDORA Fantastic Trampolin und erleben Sie grenzenlosen Spass im eigenen Garten. Dieses Gartentrampolin vereint inn\" \/>\n<meta property=\"og:url\" content=\"https:\/\/schweizversand.ch\/en\/produkt\/hudora-fantastic-trampolin-300v\/\" \/>\n<meta property=\"og:site_name\" content=\"Schweizer Shop f\u00fcr Sport, Spiel und Freizeit\" \/>\n<meta property=\"article:publisher\" content=\"https:\/\/www.facebook.com\/Schweizversand\" \/>\n<meta property=\"article:modified_time\" content=\"2026-04-19T00:02:42+00:00\" \/>\n<meta property=\"og:image\" content=\"https:\/\/schweizversand.ch\/wp-content\/uploads\/2026\/02\/5471487085.jpg\" \/>\n\t<meta property=\"og:image:width\" content=\"1024\" \/>\n\t<meta property=\"og:image:height\" content=\"985\" \/>\n\t<meta property=\"og:image:type\" content=\"image\/jpeg\" \/>\n<meta name=\"twitter:card\" content=\"summary_large_image\" \/>\n<meta name=\"twitter:label1\" content=\"Est. reading time\" \/>\n\t<meta name=\"twitter:data1\" content=\"1 minute\" \/>\n<script type=\"application\/ld+json\" class=\"yoast-schema-graph\">{\"@context\":\"https:\\\/\\\/schema.org\",\"@graph\":[{\"@type\":\"WebPage\",\"@id\":\"https:\\\/\\\/schweizversand.ch\\\/en\\\/produkt\\\/hudora-fantastic-trampolin-300v\\\/\",\"url\":\"https:\\\/\\\/schweizversand.ch\\\/en\\\/produkt\\\/hudora-fantastic-trampolin-300v\\\/\",\"name\":\"Hudora Fantastic Trampolin 300V\",\"isPartOf\":{\"@id\":\"https:\\\/\\\/schweizversand.ch\\\/en\\\/#website\"},\"primaryImageOfPage\":{\"@id\":\"https:\\\/\\\/schweizversand.ch\\\/en\\\/produkt\\\/hudora-fantastic-trampolin-300v\\\/#primaryimage\"},\"image\":{\"@id\":\"https:\\\/\\\/schweizversand.ch\\\/en\\\/produkt\\\/hudora-fantastic-trampolin-300v\\\/#primaryimage\"},\"thumbnailUrl\":\"https:\\\/\\\/schweizversand.ch\\\/wp-content\\\/uploads\\\/2026\\\/02\\\/5471487085.jpg\",\"datePublished\":\"2026-04-18T13:31:03+00:00\",\"dateModified\":\"2026-04-19T00:02:42+00:00\",\"description\":\"HUDORA Fantastic Trampolin Entdecken Sie das HUDORA Fantastic Trampolin und erleben Sie grenzenlosen Spass im eigenen Garten. Dieses Gartentrampolin vereint inn\",\"breadcrumb\":{\"@id\":\"https:\\\/\\\/schweizversand.ch\\\/en\\\/produkt\\\/hudora-fantastic-trampolin-300v\\\/#breadcrumb\"},\"inLanguage\":\"en-US\",\"potentialAction\":[{\"@type\":\"ReadAction\",\"target\":[\"https:\\\/\\\/schweizversand.ch\\\/en\\\/produkt\\\/hudora-fantastic-trampolin-300v\\\/\"]}]},{\"@type\":\"ImageObject\",\"inLanguage\":\"en-US\",\"@id\":\"https:\\\/\\\/schweizversand.ch\\\/en\\\/produkt\\\/hudora-fantastic-trampolin-300v\\\/#primaryimage\",\"url\":\"https:\\\/\\\/schweizversand.ch\\\/wp-content\\\/uploads\\\/2026\\\/02\\\/5471487085.jpg\",\"contentUrl\":\"https:\\\/\\\/schweizversand.ch\\\/wp-content\\\/uploads\\\/2026\\\/02\\\/5471487085.jpg\",\"width\":1024,\"height\":985},{\"@type\":\"BreadcrumbList\",\"@id\":\"https:\\\/\\\/schweizversand.ch\\\/en\\\/produkt\\\/hudora-fantastic-trampolin-300v\\\/#breadcrumb\",\"itemListElement\":[{\"@type\":\"ListItem\",\"position\":1,\"name\":\"Startseite\",\"item\":\"https:\\\/\\\/schweizversand.ch\\\/en\\\/\"},{\"@type\":\"ListItem\",\"position\":2,\"name\":\"Shop\",\"item\":\"https:\\\/\\\/schweizversand.ch\\\/en\\\/shop\\\/\"},{\"@type\":\"ListItem\",\"position\":3,\"name\":\"Toys &amp; Games\",\"item\":\"https:\\\/\\\/schweizversand.ch\\\/en\\\/produkt-kategorie\\\/toys-games\\\/\"},{\"@type\":\"ListItem\",\"position\":4,\"name\":\"Outdoor Games\",\"item\":\"https:\\\/\\\/schweizversand.ch\\\/en\\\/produkt-kategorie\\\/toys-games\\\/outdoor-games\\\/\"},{\"@type\":\"ListItem\",\"position\":5,\"name\":\"Garden Play Equipment\",\"item\":\"https:\\\/\\\/schweizversand.ch\\\/en\\\/produkt-kategorie\\\/toys-games\\\/outdoor-games\\\/gartenspielgeraete\\\/\"},{\"@type\":\"ListItem\",\"position\":6,\"name\":\"Hudora Fantastic Trampoline 300V\"}]},{\"@type\":\"WebSite\",\"@id\":\"https:\\\/\\\/schweizversand.ch\\\/en\\\/#website\",\"url\":\"https:\\\/\\\/schweizversand.ch\\\/en\\\/\",\"name\":\"Schweizer Shop f\u00fcr Sport, Spiel und Freizeit\",\"description\":\"Gratisversand ab 50.- (netto), ab eigenem schweizer Lager, Lieferung innert 48h\",\"publisher\":{\"@id\":\"https:\\\/\\\/schweizversand.ch\\\/en\\\/#organization\"},\"alternateName\":\"Schweizversand.ch\",\"potentialAction\":[{\"@type\":\"SearchAction\",\"target\":{\"@type\":\"EntryPoint\",\"urlTemplate\":\"https:\\\/\\\/schweizversand.ch\\\/en\\\/?s={search_term_string}\"},\"query-input\":{\"@type\":\"PropertyValueSpecification\",\"valueRequired\":true,\"valueName\":\"search_term_string\"}}],\"inLanguage\":\"en-US\"},{\"@type\":\"Organization\",\"@id\":\"https:\\\/\\\/schweizversand.ch\\\/en\\\/#organization\",\"name\":\"Schweizversand.ch\",\"url\":\"https:\\\/\\\/schweizversand.ch\\\/en\\\/\",\"logo\":{\"@type\":\"ImageObject\",\"inLanguage\":\"en-US\",\"@id\":\"https:\\\/\\\/schweizversand.ch\\\/en\\\/#\\\/schema\\\/logo\\\/image\\\/\",\"url\":\"https:\\\/\\\/schweizversand.ch\\\/wp-content\\\/uploads\\\/2026\\\/03\\\/Logo_Rund_Final-1.png\",\"contentUrl\":\"https:\\\/\\\/schweizversand.ch\\\/wp-content\\\/uploads\\\/2026\\\/03\\\/Logo_Rund_Final-1.png\",\"width\":404,\"height\":404,\"caption\":\"Schweizversand.ch\"},\"image\":{\"@id\":\"https:\\\/\\\/schweizversand.ch\\\/en\\\/#\\\/schema\\\/logo\\\/image\\\/\"},\"sameAs\":[\"https:\\\/\\\/www.facebook.com\\\/Schweizversand\",\"https:\\\/\\\/www.instagram.com\\\/schweizversand.ch\\\/\"]}]}<\/script>\n<!-- \/ Yoast SEO plugin. -->","yoast_head_json":{"title":"Hudora Fantastic Trampolin 300V","description":"HUDORA Fantastic Trampolin Entdecken Sie das HUDORA Fantastic Trampolin und erleben Sie grenzenlosen Spass im eigenen Garten. Dieses Gartentrampolin vereint inn","robots":{"index":"index","follow":"follow","max-snippet":"max-snippet:-1","max-image-preview":"max-image-preview:large","max-video-preview":"max-video-preview:-1"},"canonical":"https:\/\/schweizversand.ch\/en\/produkt\/hudora-fantastic-trampolin-300v\/","og_locale":"en_US","og_type":"article","og_title":"Hudora Fantastic Trampolin 300V","og_description":"HUDORA Fantastic Trampolin Entdecken Sie das HUDORA Fantastic Trampolin und erleben Sie grenzenlosen Spass im eigenen Garten. Dieses Gartentrampolin vereint inn","og_url":"https:\/\/schweizversand.ch\/en\/produkt\/hudora-fantastic-trampolin-300v\/","og_site_name":"Schweizer Shop f\u00fcr Sport, Spiel und Freizeit","article_publisher":"https:\/\/www.facebook.com\/Schweizversand","article_modified_time":"2026-04-19T00:02:42+00:00","og_image":[{"width":1024,"height":985,"url":"https:\/\/schweizversand.ch\/wp-content\/uploads\/2026\/02\/5471487085.jpg","type":"image\/jpeg"}],"twitter_card":"summary_large_image","twitter_misc":{"Est. reading time":"1 minute"},"schema":{"@context":"https:\/\/schema.org","@graph":[{"@type":"WebPage","@id":"https:\/\/schweizversand.ch\/en\/produkt\/hudora-fantastic-trampolin-300v\/","url":"https:\/\/schweizversand.ch\/en\/produkt\/hudora-fantastic-trampolin-300v\/","name":"Hudora Fantastic Trampolin 300V","isPartOf":{"@id":"https:\/\/schweizversand.ch\/en\/#website"},"primaryImageOfPage":{"@id":"https:\/\/schweizversand.ch\/en\/produkt\/hudora-fantastic-trampolin-300v\/#primaryimage"},"image":{"@id":"https:\/\/schweizversand.ch\/en\/produkt\/hudora-fantastic-trampolin-300v\/#primaryimage"},"thumbnailUrl":"https:\/\/schweizversand.ch\/wp-content\/uploads\/2026\/02\/5471487085.jpg","datePublished":"2026-04-18T13:31:03+00:00","dateModified":"2026-04-19T00:02:42+00:00","description":"HUDORA Fantastic Trampolin Entdecken Sie das HUDORA Fantastic Trampolin und erleben Sie grenzenlosen Spass im eigenen Garten. Dieses Gartentrampolin vereint inn","breadcrumb":{"@id":"https:\/\/schweizversand.ch\/en\/produkt\/hudora-fantastic-trampolin-300v\/#breadcrumb"},"inLanguage":"en-US","potentialAction":[{"@type":"ReadAction","target":["https:\/\/schweizversand.ch\/en\/produkt\/hudora-fantastic-trampolin-300v\/"]}]},{"@type":"ImageObject","inLanguage":"en-US","@id":"https:\/\/schweizversand.ch\/en\/produkt\/hudora-fantastic-trampolin-300v\/#primaryimage","url":"https:\/\/schweizversand.ch\/wp-content\/uploads\/2026\/02\/5471487085.jpg","contentUrl":"https:\/\/schweizversand.ch\/wp-content\/uploads\/2026\/02\/5471487085.jpg","width":1024,"height":985},{"@type":"BreadcrumbList","@id":"https:\/\/schweizversand.ch\/en\/produkt\/hudora-fantastic-trampolin-300v\/#breadcrumb","itemListElement":[{"@type":"ListItem","position":1,"name":"Startseite","item":"https:\/\/schweizversand.ch\/en\/"},{"@type":"ListItem","position":2,"name":"Shop","item":"https:\/\/schweizversand.ch\/en\/shop\/"},{"@type":"ListItem","position":3,"name":"Toys &amp; Games","item":"https:\/\/schweizversand.ch\/en\/produkt-kategorie\/toys-games\/"},{"@type":"ListItem","position":4,"name":"Outdoor Games","item":"https:\/\/schweizversand.ch\/en\/produkt-kategorie\/toys-games\/outdoor-games\/"},{"@type":"ListItem","position":5,"name":"Garden Play Equipment","item":"https:\/\/schweizversand.ch\/en\/produkt-kategorie\/toys-games\/outdoor-games\/gartenspielgeraete\/"},{"@type":"ListItem","position":6,"name":"Hudora Fantastic Trampoline 300V"}]},{"@type":"WebSite","@id":"https:\/\/schweizversand.ch\/en\/#website","url":"https:\/\/schweizversand.ch\/en\/","name":"Schweizer Shop f\u00fcr Sport, Spiel und Freizeit","description":"Gratisversand ab 50.- (netto), ab eigenem schweizer Lager, Lieferung innert 48h","publisher":{"@id":"https:\/\/schweizversand.ch\/en\/#organization"},"alternateName":"Schweizversand.ch","potentialAction":[{"@type":"SearchAction","target":{"@type":"EntryPoint","urlTemplate":"https:\/\/schweizversand.ch\/en\/?s={search_term_string}"},"query-input":{"@type":"PropertyValueSpecification","valueRequired":true,"valueName":"search_term_string"}}],"inLanguage":"en-US"},{"@type":"Organization","@id":"https:\/\/schweizversand.ch\/en\/#organization","name":"Schweizversand.ch","url":"https:\/\/schweizversand.ch\/en\/","logo":{"@type":"ImageObject","inLanguage":"en-US","@id":"https:\/\/schweizversand.ch\/en\/#\/schema\/logo\/image\/","url":"https:\/\/schweizversand.ch\/wp-content\/uploads\/2026\/03\/Logo_Rund_Final-1.png","contentUrl":"https:\/\/schweizversand.ch\/wp-content\/uploads\/2026\/03\/Logo_Rund_Final-1.png","width":404,"height":404,"caption":"Schweizversand.ch"},"image":{"@id":"https:\/\/schweizversand.ch\/en\/#\/schema\/logo\/image\/"},"sameAs":["https:\/\/www.facebook.com\/Schweizversand","https:\/\/www.instagram.com\/schweizversand.ch\/"]}]}},"jetpack_sharing_enabled":true,"_links":{"self":[{"href":"https:\/\/schweizversand.ch\/en\/wp-json\/wp\/v2\/product\/267711","targetHints":{"allow":["GET"]}}],"collection":[{"href":"https:\/\/schweizversand.ch\/en\/wp-json\/wp\/v2\/product"}],"about":[{"href":"https:\/\/schweizversand.ch\/en\/wp-json\/wp\/v2\/types\/product"}],"replies":[{"embeddable":true,"href":"https:\/\/schweizversand.ch\/en\/wp-json\/wp\/v2\/comments?post=267711"}],"wp:featuredmedia":[{"embeddable":true,"href":"https:\/\/schweizversand.ch\/en\/wp-json\/wp\/v2\/media\/165657"}],"wp:attachment":[{"href":"https:\/\/schweizversand.ch\/en\/wp-json\/wp\/v2\/media?parent=267711"}],"wp:term":[{"taxonomy":"product_brand","embeddable":true,"href":"https:\/\/schweizversand.ch\/en\/wp-json\/wp\/v2\/product_brand?post=267711"},{"taxonomy":"product_cat","embeddable":true,"href":"https:\/\/schweizversand.ch\/en\/wp-json\/wp\/v2\/product_cat?post=267711"},{"taxonomy":"product_tag","embeddable":true,"href":"https:\/\/schweizversand.ch\/en\/wp-json\/wp\/v2\/product_tag?post=267711"}],"curies":[{"name":"wp","href":"https:\/\/api.w.org\/{rel}","templated":true}]}}