{"id":268038,"date":"2026-04-23T15:31:24","date_gmt":"2026-04-23T13:31:24","guid":{"rendered":"https:\/\/schweizversand.ch\/produkt\/hudora-fussballtor-expert-180\/"},"modified":"2026-05-01T15:32:48","modified_gmt":"2026-05-01T13:32:48","slug":"hudora-fussballtor-expert-180","status":"publish","type":"product","link":"https:\/\/schweizversand.ch\/en\/produkt\/hudora-fussballtor-expert-180\/","title":{"rendered":"Hudora Football Goal Expert 180"},"content":{"rendered":"<p>What a goal! The sturdy Expert soccer goal from HUDORA transforms any garden into a child-friendly soccer pitch. Thanks to its 75 mm diameter posts and screw connections, the Expert is particularly robust. The weatherproof, tightly woven polyester net can withstand even the hardest shots from young strikers. This high-quality soccer goal is ideal for leisure and training \u2013 with a secure stand thanks to the included ground stakes and weather resistance due to the powder-coated steel tube frame.<\/p>\n<p>Training can begin in no time:<\/p>\n<p>The sturdy screw connections of the labeled poles make assembly child&#8217;s play. Attaching the net is also a breeze thanks to the corrugated metal profile on the back. This goal is built to last \u2013 and will make the hearts of all little soccer fans beat faster!<\/p>\n<p>The soccer goal measures 180 cm.<\/p>\n<p>Features:<\/p>\n<p>For: Adults, teenagers, children<\/p>\n<p>Area of \u200b\u200buse: Outdoor<\/p>\n<p>Features: Easy net assembly thanks to metal corrugated profile, including pegs, screw connection of the labeled poles, weatherproof polyester net<\/p>\n<p>For: Adults, teenagers, children<br \/>\n&#8230; <br \/>Material: powder-coated steel tube frame<\/p>\n","protected":false},"excerpt":{"rendered":"<p>Hudora Fussballtor Expert 180 bietet maximale Stabilit\u00e4t, wetterfesten Stahlrahmen und schnellen Aufbau \u2013 ideal f\u00fcr pr\u00e4zises Training und ambitionierte Freizeitspieler im Garten.<\/p>\n","protected":false},"featured_media":165450,"comment_status":"open","ping_status":"closed","template":"","meta":[],"product_brand":[],"product_cat":[39179],"product_tag":[],"class_list":{"0":"post-268038","1":"product","2":"type-product","3":"status-publish","4":"has-post-thumbnail","6":"product_cat-fussball","7":"product_shipping_class-global_methods","9":"first","10":"instock","11":"taxable","12":"shipping-taxable","13":"purchasable","14":"product-type-simple"},"yoast_head":"<!-- This site is optimized with the Yoast SEO plugin v27.5 - https:\/\/yoast.com\/product\/yoast-seo-wordpress\/ -->\n<title>Hudora Fussballtor Expert 180<\/title>\n<meta name=\"description\" content=\"Was f\u00fcr ein Toooor! Das stabile Fu\u00dfballtor Expert von HUDORA verwandelt jeden Garten in einen kindgerechten Fu\u00dfballplatz. Durch den 75 mm dicken Pfostendurchmes\" \/>\n<meta name=\"robots\" content=\"index, follow, max-snippet:-1, max-image-preview:large, max-video-preview:-1\" \/>\n<link rel=\"canonical\" href=\"https:\/\/schweizversand.ch\/en\/produkt\/hudora-fussballtor-expert-180\/\" \/>\n<meta property=\"og:locale\" content=\"en_US\" \/>\n<meta property=\"og:type\" content=\"article\" \/>\n<meta property=\"og:title\" content=\"Hudora Fussballtor Expert 180\" \/>\n<meta property=\"og:description\" content=\"Was f\u00fcr ein Toooor! Das stabile Fu\u00dfballtor Expert von HUDORA verwandelt jeden Garten in einen kindgerechten Fu\u00dfballplatz. Durch den 75 mm dicken Pfostendurchmes\" \/>\n<meta property=\"og:url\" content=\"https:\/\/schweizversand.ch\/en\/produkt\/hudora-fussballtor-expert-180\/\" \/>\n<meta property=\"og:site_name\" content=\"Schweizer Shop f\u00fcr Sport, Spiel und Freizeit\" \/>\n<meta property=\"article:publisher\" content=\"https:\/\/www.facebook.com\/Schweizversand\" \/>\n<meta property=\"article:modified_time\" content=\"2026-05-01T13:32:48+00:00\" \/>\n<meta property=\"og:image\" content=\"https:\/\/schweizversand.ch\/wp-content\/uploads\/2026\/02\/5471525175.jpg\" \/>\n\t<meta property=\"og:image:width\" content=\"1024\" \/>\n\t<meta property=\"og:image:height\" content=\"744\" \/>\n\t<meta property=\"og:image:type\" content=\"image\/jpeg\" \/>\n<meta name=\"twitter:card\" content=\"summary_large_image\" \/>\n<meta name=\"twitter:label1\" content=\"Est. reading time\" \/>\n\t<meta name=\"twitter:data1\" content=\"1 minute\" \/>\n<script type=\"application\/ld+json\" class=\"yoast-schema-graph\">{\"@context\":\"https:\\\/\\\/schema.org\",\"@graph\":[{\"@type\":\"WebPage\",\"@id\":\"https:\\\/\\\/schweizversand.ch\\\/en\\\/produkt\\\/hudora-fussballtor-expert-180\\\/\",\"url\":\"https:\\\/\\\/schweizversand.ch\\\/en\\\/produkt\\\/hudora-fussballtor-expert-180\\\/\",\"name\":\"Hudora Fussballtor Expert 180\",\"isPartOf\":{\"@id\":\"https:\\\/\\\/schweizversand.ch\\\/en\\\/#website\"},\"primaryImageOfPage\":{\"@id\":\"https:\\\/\\\/schweizversand.ch\\\/en\\\/produkt\\\/hudora-fussballtor-expert-180\\\/#primaryimage\"},\"image\":{\"@id\":\"https:\\\/\\\/schweizversand.ch\\\/en\\\/produkt\\\/hudora-fussballtor-expert-180\\\/#primaryimage\"},\"thumbnailUrl\":\"https:\\\/\\\/schweizversand.ch\\\/wp-content\\\/uploads\\\/2026\\\/02\\\/5471525175.jpg\",\"datePublished\":\"2026-04-23T13:31:24+00:00\",\"dateModified\":\"2026-05-01T13:32:48+00:00\",\"description\":\"Was f\u00fcr ein Toooor! Das stabile Fu\u00dfballtor Expert von HUDORA verwandelt jeden Garten in einen kindgerechten Fu\u00dfballplatz. Durch den 75 mm dicken Pfostendurchmes\",\"breadcrumb\":{\"@id\":\"https:\\\/\\\/schweizversand.ch\\\/en\\\/produkt\\\/hudora-fussballtor-expert-180\\\/#breadcrumb\"},\"inLanguage\":\"en-US\",\"potentialAction\":[{\"@type\":\"ReadAction\",\"target\":[\"https:\\\/\\\/schweizversand.ch\\\/en\\\/produkt\\\/hudora-fussballtor-expert-180\\\/\"]}]},{\"@type\":\"ImageObject\",\"inLanguage\":\"en-US\",\"@id\":\"https:\\\/\\\/schweizversand.ch\\\/en\\\/produkt\\\/hudora-fussballtor-expert-180\\\/#primaryimage\",\"url\":\"https:\\\/\\\/schweizversand.ch\\\/wp-content\\\/uploads\\\/2026\\\/02\\\/5471525175.jpg\",\"contentUrl\":\"https:\\\/\\\/schweizversand.ch\\\/wp-content\\\/uploads\\\/2026\\\/02\\\/5471525175.jpg\",\"width\":1024,\"height\":744},{\"@type\":\"BreadcrumbList\",\"@id\":\"https:\\\/\\\/schweizversand.ch\\\/en\\\/produkt\\\/hudora-fussballtor-expert-180\\\/#breadcrumb\",\"itemListElement\":[{\"@type\":\"ListItem\",\"position\":1,\"name\":\"Startseite\",\"item\":\"https:\\\/\\\/schweizversand.ch\\\/en\\\/\"},{\"@type\":\"ListItem\",\"position\":2,\"name\":\"Shop\",\"item\":\"https:\\\/\\\/schweizversand.ch\\\/en\\\/shop\\\/\"},{\"@type\":\"ListItem\",\"position\":3,\"name\":\"Sports\",\"item\":\"https:\\\/\\\/schweizversand.ch\\\/en\\\/produkt-kategorie\\\/sports\\\/\"},{\"@type\":\"ListItem\",\"position\":4,\"name\":\"ball sports &amp; darts\",\"item\":\"https:\\\/\\\/schweizversand.ch\\\/en\\\/produkt-kategorie\\\/sports\\\/ball-sports-darts\\\/\"},{\"@type\":\"ListItem\",\"position\":5,\"name\":\"Fussball\",\"item\":\"https:\\\/\\\/schweizversand.ch\\\/en\\\/produkt-kategorie\\\/sports\\\/ball-sports-darts\\\/fussball\\\/\"},{\"@type\":\"ListItem\",\"position\":6,\"name\":\"Hudora Football Goal Expert 180\"}]},{\"@type\":\"WebSite\",\"@id\":\"https:\\\/\\\/schweizversand.ch\\\/en\\\/#website\",\"url\":\"https:\\\/\\\/schweizversand.ch\\\/en\\\/\",\"name\":\"Schweizer Shop f\u00fcr Sport, Spiel und Freizeit\",\"description\":\"Gratisversand ab 50.- (netto), ab eigenem schweizer Lager, Lieferung innert 48h\",\"publisher\":{\"@id\":\"https:\\\/\\\/schweizversand.ch\\\/en\\\/#organization\"},\"alternateName\":\"Schweizversand.ch\",\"potentialAction\":[{\"@type\":\"SearchAction\",\"target\":{\"@type\":\"EntryPoint\",\"urlTemplate\":\"https:\\\/\\\/schweizversand.ch\\\/en\\\/?s={search_term_string}\"},\"query-input\":{\"@type\":\"PropertyValueSpecification\",\"valueRequired\":true,\"valueName\":\"search_term_string\"}}],\"inLanguage\":\"en-US\"},{\"@type\":\"Organization\",\"@id\":\"https:\\\/\\\/schweizversand.ch\\\/en\\\/#organization\",\"name\":\"Schweizversand.ch\",\"url\":\"https:\\\/\\\/schweizversand.ch\\\/en\\\/\",\"logo\":{\"@type\":\"ImageObject\",\"inLanguage\":\"en-US\",\"@id\":\"https:\\\/\\\/schweizversand.ch\\\/en\\\/#\\\/schema\\\/logo\\\/image\\\/\",\"url\":\"https:\\\/\\\/schweizversand.ch\\\/wp-content\\\/uploads\\\/2026\\\/03\\\/Logo_Rund_Final-1.png\",\"contentUrl\":\"https:\\\/\\\/schweizversand.ch\\\/wp-content\\\/uploads\\\/2026\\\/03\\\/Logo_Rund_Final-1.png\",\"width\":404,\"height\":404,\"caption\":\"Schweizversand.ch\"},\"image\":{\"@id\":\"https:\\\/\\\/schweizversand.ch\\\/en\\\/#\\\/schema\\\/logo\\\/image\\\/\"},\"sameAs\":[\"https:\\\/\\\/www.facebook.com\\\/Schweizversand\",\"https:\\\/\\\/www.instagram.com\\\/schweizversand.ch\\\/\"]}]}<\/script>\n<!-- \/ Yoast SEO plugin. -->","yoast_head_json":{"title":"Hudora Fussballtor Expert 180","description":"Was f\u00fcr ein Toooor! Das stabile Fu\u00dfballtor Expert von HUDORA verwandelt jeden Garten in einen kindgerechten Fu\u00dfballplatz. Durch den 75 mm dicken Pfostendurchmes","robots":{"index":"index","follow":"follow","max-snippet":"max-snippet:-1","max-image-preview":"max-image-preview:large","max-video-preview":"max-video-preview:-1"},"canonical":"https:\/\/schweizversand.ch\/en\/produkt\/hudora-fussballtor-expert-180\/","og_locale":"en_US","og_type":"article","og_title":"Hudora Fussballtor Expert 180","og_description":"Was f\u00fcr ein Toooor! Das stabile Fu\u00dfballtor Expert von HUDORA verwandelt jeden Garten in einen kindgerechten Fu\u00dfballplatz. Durch den 75 mm dicken Pfostendurchmes","og_url":"https:\/\/schweizversand.ch\/en\/produkt\/hudora-fussballtor-expert-180\/","og_site_name":"Schweizer Shop f\u00fcr Sport, Spiel und Freizeit","article_publisher":"https:\/\/www.facebook.com\/Schweizversand","article_modified_time":"2026-05-01T13:32:48+00:00","og_image":[{"width":1024,"height":744,"url":"https:\/\/schweizversand.ch\/wp-content\/uploads\/2026\/02\/5471525175.jpg","type":"image\/jpeg"}],"twitter_card":"summary_large_image","twitter_misc":{"Est. reading time":"1 minute"},"schema":{"@context":"https:\/\/schema.org","@graph":[{"@type":"WebPage","@id":"https:\/\/schweizversand.ch\/en\/produkt\/hudora-fussballtor-expert-180\/","url":"https:\/\/schweizversand.ch\/en\/produkt\/hudora-fussballtor-expert-180\/","name":"Hudora Fussballtor Expert 180","isPartOf":{"@id":"https:\/\/schweizversand.ch\/en\/#website"},"primaryImageOfPage":{"@id":"https:\/\/schweizversand.ch\/en\/produkt\/hudora-fussballtor-expert-180\/#primaryimage"},"image":{"@id":"https:\/\/schweizversand.ch\/en\/produkt\/hudora-fussballtor-expert-180\/#primaryimage"},"thumbnailUrl":"https:\/\/schweizversand.ch\/wp-content\/uploads\/2026\/02\/5471525175.jpg","datePublished":"2026-04-23T13:31:24+00:00","dateModified":"2026-05-01T13:32:48+00:00","description":"Was f\u00fcr ein Toooor! Das stabile Fu\u00dfballtor Expert von HUDORA verwandelt jeden Garten in einen kindgerechten Fu\u00dfballplatz. Durch den 75 mm dicken Pfostendurchmes","breadcrumb":{"@id":"https:\/\/schweizversand.ch\/en\/produkt\/hudora-fussballtor-expert-180\/#breadcrumb"},"inLanguage":"en-US","potentialAction":[{"@type":"ReadAction","target":["https:\/\/schweizversand.ch\/en\/produkt\/hudora-fussballtor-expert-180\/"]}]},{"@type":"ImageObject","inLanguage":"en-US","@id":"https:\/\/schweizversand.ch\/en\/produkt\/hudora-fussballtor-expert-180\/#primaryimage","url":"https:\/\/schweizversand.ch\/wp-content\/uploads\/2026\/02\/5471525175.jpg","contentUrl":"https:\/\/schweizversand.ch\/wp-content\/uploads\/2026\/02\/5471525175.jpg","width":1024,"height":744},{"@type":"BreadcrumbList","@id":"https:\/\/schweizversand.ch\/en\/produkt\/hudora-fussballtor-expert-180\/#breadcrumb","itemListElement":[{"@type":"ListItem","position":1,"name":"Startseite","item":"https:\/\/schweizversand.ch\/en\/"},{"@type":"ListItem","position":2,"name":"Shop","item":"https:\/\/schweizversand.ch\/en\/shop\/"},{"@type":"ListItem","position":3,"name":"Sports","item":"https:\/\/schweizversand.ch\/en\/produkt-kategorie\/sports\/"},{"@type":"ListItem","position":4,"name":"ball sports &amp; darts","item":"https:\/\/schweizversand.ch\/en\/produkt-kategorie\/sports\/ball-sports-darts\/"},{"@type":"ListItem","position":5,"name":"Fussball","item":"https:\/\/schweizversand.ch\/en\/produkt-kategorie\/sports\/ball-sports-darts\/fussball\/"},{"@type":"ListItem","position":6,"name":"Hudora Football Goal Expert 180"}]},{"@type":"WebSite","@id":"https:\/\/schweizversand.ch\/en\/#website","url":"https:\/\/schweizversand.ch\/en\/","name":"Schweizer Shop f\u00fcr Sport, Spiel und Freizeit","description":"Gratisversand ab 50.- (netto), ab eigenem schweizer Lager, Lieferung innert 48h","publisher":{"@id":"https:\/\/schweizversand.ch\/en\/#organization"},"alternateName":"Schweizversand.ch","potentialAction":[{"@type":"SearchAction","target":{"@type":"EntryPoint","urlTemplate":"https:\/\/schweizversand.ch\/en\/?s={search_term_string}"},"query-input":{"@type":"PropertyValueSpecification","valueRequired":true,"valueName":"search_term_string"}}],"inLanguage":"en-US"},{"@type":"Organization","@id":"https:\/\/schweizversand.ch\/en\/#organization","name":"Schweizversand.ch","url":"https:\/\/schweizversand.ch\/en\/","logo":{"@type":"ImageObject","inLanguage":"en-US","@id":"https:\/\/schweizversand.ch\/en\/#\/schema\/logo\/image\/","url":"https:\/\/schweizversand.ch\/wp-content\/uploads\/2026\/03\/Logo_Rund_Final-1.png","contentUrl":"https:\/\/schweizversand.ch\/wp-content\/uploads\/2026\/03\/Logo_Rund_Final-1.png","width":404,"height":404,"caption":"Schweizversand.ch"},"image":{"@id":"https:\/\/schweizversand.ch\/en\/#\/schema\/logo\/image\/"},"sameAs":["https:\/\/www.facebook.com\/Schweizversand","https:\/\/www.instagram.com\/schweizversand.ch\/"]}]}},"jetpack_sharing_enabled":true,"_links":{"self":[{"href":"https:\/\/schweizversand.ch\/en\/wp-json\/wp\/v2\/product\/268038","targetHints":{"allow":["GET"]}}],"collection":[{"href":"https:\/\/schweizversand.ch\/en\/wp-json\/wp\/v2\/product"}],"about":[{"href":"https:\/\/schweizversand.ch\/en\/wp-json\/wp\/v2\/types\/product"}],"replies":[{"embeddable":true,"href":"https:\/\/schweizversand.ch\/en\/wp-json\/wp\/v2\/comments?post=268038"}],"wp:featuredmedia":[{"embeddable":true,"href":"https:\/\/schweizversand.ch\/en\/wp-json\/wp\/v2\/media\/165450"}],"wp:attachment":[{"href":"https:\/\/schweizversand.ch\/en\/wp-json\/wp\/v2\/media?parent=268038"}],"wp:term":[{"taxonomy":"product_brand","embeddable":true,"href":"https:\/\/schweizversand.ch\/en\/wp-json\/wp\/v2\/product_brand?post=268038"},{"taxonomy":"product_cat","embeddable":true,"href":"https:\/\/schweizversand.ch\/en\/wp-json\/wp\/v2\/product_cat?post=268038"},{"taxonomy":"product_tag","embeddable":true,"href":"https:\/\/schweizversand.ch\/en\/wp-json\/wp\/v2\/product_tag?post=268038"}],"curies":[{"name":"wp","href":"https:\/\/api.w.org\/{rel}","templated":true}]}}