{"id":268041,"date":"2026-04-23T15:31:24","date_gmt":"2026-04-23T13:31:24","guid":{"rendered":"https:\/\/schweizversand.ch\/produkt\/hudora-fussballtor-roco-300-mit-torwand\/"},"modified":"2026-05-01T15:32:49","modified_gmt":"2026-05-01T13:32:49","slug":"hudora-fussballtor-roco-300-mit-torwand","status":"publish","type":"product","link":"https:\/\/schweizversand.ch\/en\/produkt\/hudora-fussballtor-roco-300-mit-torwand\/","title":{"rendered":"Hudora soccer goal Roco 300 with goal wall"},"content":{"rendered":"<p>This high-quality soccer goal offers everything you need for an intense and safe game. The sturdy, powder-coated steel tube frame ensures durability and resilience, while the 75 mm diameter posts and crossbar, along with the practical folding mechanism, allow for easy storage and transport. The rear goalposts have a 38 mm diameter, providing additional stability.<\/p>\n<p>Measuring 315.5 x 208.1 x 131.3 cm, the goal offers ample space for realistic shots on goal. The robust screw connections of the posts guarantee a secure and stable construction. Plastic hooks allow for easy net installation, while the weather-resistant net, with its wide bottom hem (all around) and approximately 8 cm mesh size, is particularly durable.<\/p>\n<p>The goal is equipped with three sturdy ground anchors that are screwed into the ground to securely fix the goal in place. The sturdy target wall features 5 holes and 5 patches, allowing for variable closure of the shooting holes and thus ensuring varied training.<\/p>\n<p>This soccer goal is perfect for training sessions, games, and drills \u2013 robust, flexible, and easy to use!<\/p>\n","protected":false},"excerpt":{"rendered":"<p>Hudora Fussballtor Roco 300 mit Torwand bietet stabilen Stahlrahmen, wetterfestes Netz und praktischen Faltmechanismus f\u00fcr langlebigen Spielspa\u00df und einfache Lagerung.<\/p>\n","protected":false},"featured_media":268106,"comment_status":"open","ping_status":"closed","template":"","meta":[],"product_brand":[],"product_cat":[39179],"product_tag":[],"class_list":{"0":"post-268041","1":"product","2":"type-product","3":"status-publish","4":"has-post-thumbnail","6":"product_cat-fussball","7":"product_shipping_class-global_methods","9":"first","10":"instock","11":"taxable","12":"shipping-taxable","13":"purchasable","14":"product-type-simple"},"yoast_head":"<!-- This site is optimized with the Yoast SEO plugin v27.5 - https:\/\/yoast.com\/product\/yoast-seo-wordpress\/ -->\n<title>Hudora Fussballtor Roco 300 mit Torwand<\/title>\n<meta name=\"description\" content=\"Dieses hochwertige Fu\u00dfballtor bietet dir alles, was du f\u00fcr ein intensives und sicheres Spiel ben\u00f6tigst. Der stabile, pulverbeschichtete Stahlrohrrahmen sorgt f\u00fc\" \/>\n<meta name=\"robots\" content=\"index, follow, max-snippet:-1, max-image-preview:large, max-video-preview:-1\" \/>\n<link rel=\"canonical\" href=\"https:\/\/schweizversand.ch\/en\/produkt\/hudora-fussballtor-roco-300-mit-torwand\/\" \/>\n<meta property=\"og:locale\" content=\"en_US\" \/>\n<meta property=\"og:type\" content=\"article\" \/>\n<meta property=\"og:title\" content=\"Hudora Fussballtor Roco 300 mit Torwand\" \/>\n<meta property=\"og:description\" content=\"Dieses hochwertige Fu\u00dfballtor bietet dir alles, was du f\u00fcr ein intensives und sicheres Spiel ben\u00f6tigst. Der stabile, pulverbeschichtete Stahlrohrrahmen sorgt f\u00fc\" \/>\n<meta property=\"og:url\" content=\"https:\/\/schweizversand.ch\/en\/produkt\/hudora-fussballtor-roco-300-mit-torwand\/\" \/>\n<meta property=\"og:site_name\" content=\"Schweizer Shop f\u00fcr Sport, Spiel und Freizeit\" \/>\n<meta property=\"article:publisher\" content=\"https:\/\/www.facebook.com\/Schweizversand\" \/>\n<meta property=\"article:modified_time\" content=\"2026-05-01T13:32:49+00:00\" \/>\n<meta property=\"og:image\" content=\"https:\/\/schweizversand.ch\/wp-content\/uploads\/2026\/04\/5471778536.jpg\" \/>\n\t<meta property=\"og:image:width\" content=\"1024\" \/>\n\t<meta property=\"og:image:height\" content=\"576\" \/>\n\t<meta property=\"og:image:type\" content=\"image\/jpeg\" \/>\n<meta name=\"twitter:card\" content=\"summary_large_image\" \/>\n<meta name=\"twitter:label1\" content=\"Est. reading time\" \/>\n\t<meta name=\"twitter:data1\" content=\"1 minute\" \/>\n<script type=\"application\/ld+json\" class=\"yoast-schema-graph\">{\"@context\":\"https:\\\/\\\/schema.org\",\"@graph\":[{\"@type\":\"WebPage\",\"@id\":\"https:\\\/\\\/schweizversand.ch\\\/en\\\/produkt\\\/hudora-fussballtor-roco-300-mit-torwand\\\/\",\"url\":\"https:\\\/\\\/schweizversand.ch\\\/en\\\/produkt\\\/hudora-fussballtor-roco-300-mit-torwand\\\/\",\"name\":\"Hudora Fussballtor Roco 300 mit Torwand\",\"isPartOf\":{\"@id\":\"https:\\\/\\\/schweizversand.ch\\\/en\\\/#website\"},\"primaryImageOfPage\":{\"@id\":\"https:\\\/\\\/schweizversand.ch\\\/en\\\/produkt\\\/hudora-fussballtor-roco-300-mit-torwand\\\/#primaryimage\"},\"image\":{\"@id\":\"https:\\\/\\\/schweizversand.ch\\\/en\\\/produkt\\\/hudora-fussballtor-roco-300-mit-torwand\\\/#primaryimage\"},\"thumbnailUrl\":\"https:\\\/\\\/schweizversand.ch\\\/wp-content\\\/uploads\\\/2026\\\/04\\\/5471778536.jpg\",\"datePublished\":\"2026-04-23T13:31:24+00:00\",\"dateModified\":\"2026-05-01T13:32:49+00:00\",\"description\":\"Dieses hochwertige Fu\u00dfballtor bietet dir alles, was du f\u00fcr ein intensives und sicheres Spiel ben\u00f6tigst. Der stabile, pulverbeschichtete Stahlrohrrahmen sorgt f\u00fc\",\"breadcrumb\":{\"@id\":\"https:\\\/\\\/schweizversand.ch\\\/en\\\/produkt\\\/hudora-fussballtor-roco-300-mit-torwand\\\/#breadcrumb\"},\"inLanguage\":\"en-US\",\"potentialAction\":[{\"@type\":\"ReadAction\",\"target\":[\"https:\\\/\\\/schweizversand.ch\\\/en\\\/produkt\\\/hudora-fussballtor-roco-300-mit-torwand\\\/\"]}]},{\"@type\":\"ImageObject\",\"inLanguage\":\"en-US\",\"@id\":\"https:\\\/\\\/schweizversand.ch\\\/en\\\/produkt\\\/hudora-fussballtor-roco-300-mit-torwand\\\/#primaryimage\",\"url\":\"https:\\\/\\\/schweizversand.ch\\\/wp-content\\\/uploads\\\/2026\\\/04\\\/5471778536.jpg\",\"contentUrl\":\"https:\\\/\\\/schweizversand.ch\\\/wp-content\\\/uploads\\\/2026\\\/04\\\/5471778536.jpg\",\"width\":1024,\"height\":576},{\"@type\":\"BreadcrumbList\",\"@id\":\"https:\\\/\\\/schweizversand.ch\\\/en\\\/produkt\\\/hudora-fussballtor-roco-300-mit-torwand\\\/#breadcrumb\",\"itemListElement\":[{\"@type\":\"ListItem\",\"position\":1,\"name\":\"Startseite\",\"item\":\"https:\\\/\\\/schweizversand.ch\\\/en\\\/\"},{\"@type\":\"ListItem\",\"position\":2,\"name\":\"Shop\",\"item\":\"https:\\\/\\\/schweizversand.ch\\\/en\\\/shop\\\/\"},{\"@type\":\"ListItem\",\"position\":3,\"name\":\"Sports\",\"item\":\"https:\\\/\\\/schweizversand.ch\\\/en\\\/produkt-kategorie\\\/sports\\\/\"},{\"@type\":\"ListItem\",\"position\":4,\"name\":\"ball sports &amp; darts\",\"item\":\"https:\\\/\\\/schweizversand.ch\\\/en\\\/produkt-kategorie\\\/sports\\\/ball-sports-darts\\\/\"},{\"@type\":\"ListItem\",\"position\":5,\"name\":\"Fussball\",\"item\":\"https:\\\/\\\/schweizversand.ch\\\/en\\\/produkt-kategorie\\\/sports\\\/ball-sports-darts\\\/fussball\\\/\"},{\"@type\":\"ListItem\",\"position\":6,\"name\":\"Hudora soccer goal Roco 300 with goal wall\"}]},{\"@type\":\"WebSite\",\"@id\":\"https:\\\/\\\/schweizversand.ch\\\/en\\\/#website\",\"url\":\"https:\\\/\\\/schweizversand.ch\\\/en\\\/\",\"name\":\"Schweizer Shop f\u00fcr Sport, Spiel und Freizeit\",\"description\":\"Gratisversand ab 50.- (netto), ab eigenem schweizer Lager, Lieferung innert 48h\",\"publisher\":{\"@id\":\"https:\\\/\\\/schweizversand.ch\\\/en\\\/#organization\"},\"alternateName\":\"Schweizversand.ch\",\"potentialAction\":[{\"@type\":\"SearchAction\",\"target\":{\"@type\":\"EntryPoint\",\"urlTemplate\":\"https:\\\/\\\/schweizversand.ch\\\/en\\\/?s={search_term_string}\"},\"query-input\":{\"@type\":\"PropertyValueSpecification\",\"valueRequired\":true,\"valueName\":\"search_term_string\"}}],\"inLanguage\":\"en-US\"},{\"@type\":\"Organization\",\"@id\":\"https:\\\/\\\/schweizversand.ch\\\/en\\\/#organization\",\"name\":\"Schweizversand.ch\",\"url\":\"https:\\\/\\\/schweizversand.ch\\\/en\\\/\",\"logo\":{\"@type\":\"ImageObject\",\"inLanguage\":\"en-US\",\"@id\":\"https:\\\/\\\/schweizversand.ch\\\/en\\\/#\\\/schema\\\/logo\\\/image\\\/\",\"url\":\"https:\\\/\\\/schweizversand.ch\\\/wp-content\\\/uploads\\\/2026\\\/03\\\/Logo_Rund_Final-1.png\",\"contentUrl\":\"https:\\\/\\\/schweizversand.ch\\\/wp-content\\\/uploads\\\/2026\\\/03\\\/Logo_Rund_Final-1.png\",\"width\":404,\"height\":404,\"caption\":\"Schweizversand.ch\"},\"image\":{\"@id\":\"https:\\\/\\\/schweizversand.ch\\\/en\\\/#\\\/schema\\\/logo\\\/image\\\/\"},\"sameAs\":[\"https:\\\/\\\/www.facebook.com\\\/Schweizversand\",\"https:\\\/\\\/www.instagram.com\\\/schweizversand.ch\\\/\"]}]}<\/script>\n<!-- \/ Yoast SEO plugin. -->","yoast_head_json":{"title":"Hudora Fussballtor Roco 300 mit Torwand","description":"Dieses hochwertige Fu\u00dfballtor bietet dir alles, was du f\u00fcr ein intensives und sicheres Spiel ben\u00f6tigst. Der stabile, pulverbeschichtete Stahlrohrrahmen sorgt f\u00fc","robots":{"index":"index","follow":"follow","max-snippet":"max-snippet:-1","max-image-preview":"max-image-preview:large","max-video-preview":"max-video-preview:-1"},"canonical":"https:\/\/schweizversand.ch\/en\/produkt\/hudora-fussballtor-roco-300-mit-torwand\/","og_locale":"en_US","og_type":"article","og_title":"Hudora Fussballtor Roco 300 mit Torwand","og_description":"Dieses hochwertige Fu\u00dfballtor bietet dir alles, was du f\u00fcr ein intensives und sicheres Spiel ben\u00f6tigst. Der stabile, pulverbeschichtete Stahlrohrrahmen sorgt f\u00fc","og_url":"https:\/\/schweizversand.ch\/en\/produkt\/hudora-fussballtor-roco-300-mit-torwand\/","og_site_name":"Schweizer Shop f\u00fcr Sport, Spiel und Freizeit","article_publisher":"https:\/\/www.facebook.com\/Schweizversand","article_modified_time":"2026-05-01T13:32:49+00:00","og_image":[{"width":1024,"height":576,"url":"https:\/\/schweizversand.ch\/wp-content\/uploads\/2026\/04\/5471778536.jpg","type":"image\/jpeg"}],"twitter_card":"summary_large_image","twitter_misc":{"Est. reading time":"1 minute"},"schema":{"@context":"https:\/\/schema.org","@graph":[{"@type":"WebPage","@id":"https:\/\/schweizversand.ch\/en\/produkt\/hudora-fussballtor-roco-300-mit-torwand\/","url":"https:\/\/schweizversand.ch\/en\/produkt\/hudora-fussballtor-roco-300-mit-torwand\/","name":"Hudora Fussballtor Roco 300 mit Torwand","isPartOf":{"@id":"https:\/\/schweizversand.ch\/en\/#website"},"primaryImageOfPage":{"@id":"https:\/\/schweizversand.ch\/en\/produkt\/hudora-fussballtor-roco-300-mit-torwand\/#primaryimage"},"image":{"@id":"https:\/\/schweizversand.ch\/en\/produkt\/hudora-fussballtor-roco-300-mit-torwand\/#primaryimage"},"thumbnailUrl":"https:\/\/schweizversand.ch\/wp-content\/uploads\/2026\/04\/5471778536.jpg","datePublished":"2026-04-23T13:31:24+00:00","dateModified":"2026-05-01T13:32:49+00:00","description":"Dieses hochwertige Fu\u00dfballtor bietet dir alles, was du f\u00fcr ein intensives und sicheres Spiel ben\u00f6tigst. Der stabile, pulverbeschichtete Stahlrohrrahmen sorgt f\u00fc","breadcrumb":{"@id":"https:\/\/schweizversand.ch\/en\/produkt\/hudora-fussballtor-roco-300-mit-torwand\/#breadcrumb"},"inLanguage":"en-US","potentialAction":[{"@type":"ReadAction","target":["https:\/\/schweizversand.ch\/en\/produkt\/hudora-fussballtor-roco-300-mit-torwand\/"]}]},{"@type":"ImageObject","inLanguage":"en-US","@id":"https:\/\/schweizversand.ch\/en\/produkt\/hudora-fussballtor-roco-300-mit-torwand\/#primaryimage","url":"https:\/\/schweizversand.ch\/wp-content\/uploads\/2026\/04\/5471778536.jpg","contentUrl":"https:\/\/schweizversand.ch\/wp-content\/uploads\/2026\/04\/5471778536.jpg","width":1024,"height":576},{"@type":"BreadcrumbList","@id":"https:\/\/schweizversand.ch\/en\/produkt\/hudora-fussballtor-roco-300-mit-torwand\/#breadcrumb","itemListElement":[{"@type":"ListItem","position":1,"name":"Startseite","item":"https:\/\/schweizversand.ch\/en\/"},{"@type":"ListItem","position":2,"name":"Shop","item":"https:\/\/schweizversand.ch\/en\/shop\/"},{"@type":"ListItem","position":3,"name":"Sports","item":"https:\/\/schweizversand.ch\/en\/produkt-kategorie\/sports\/"},{"@type":"ListItem","position":4,"name":"ball sports &amp; darts","item":"https:\/\/schweizversand.ch\/en\/produkt-kategorie\/sports\/ball-sports-darts\/"},{"@type":"ListItem","position":5,"name":"Fussball","item":"https:\/\/schweizversand.ch\/en\/produkt-kategorie\/sports\/ball-sports-darts\/fussball\/"},{"@type":"ListItem","position":6,"name":"Hudora soccer goal Roco 300 with goal wall"}]},{"@type":"WebSite","@id":"https:\/\/schweizversand.ch\/en\/#website","url":"https:\/\/schweizversand.ch\/en\/","name":"Schweizer Shop f\u00fcr Sport, Spiel und Freizeit","description":"Gratisversand ab 50.- (netto), ab eigenem schweizer Lager, Lieferung innert 48h","publisher":{"@id":"https:\/\/schweizversand.ch\/en\/#organization"},"alternateName":"Schweizversand.ch","potentialAction":[{"@type":"SearchAction","target":{"@type":"EntryPoint","urlTemplate":"https:\/\/schweizversand.ch\/en\/?s={search_term_string}"},"query-input":{"@type":"PropertyValueSpecification","valueRequired":true,"valueName":"search_term_string"}}],"inLanguage":"en-US"},{"@type":"Organization","@id":"https:\/\/schweizversand.ch\/en\/#organization","name":"Schweizversand.ch","url":"https:\/\/schweizversand.ch\/en\/","logo":{"@type":"ImageObject","inLanguage":"en-US","@id":"https:\/\/schweizversand.ch\/en\/#\/schema\/logo\/image\/","url":"https:\/\/schweizversand.ch\/wp-content\/uploads\/2026\/03\/Logo_Rund_Final-1.png","contentUrl":"https:\/\/schweizversand.ch\/wp-content\/uploads\/2026\/03\/Logo_Rund_Final-1.png","width":404,"height":404,"caption":"Schweizversand.ch"},"image":{"@id":"https:\/\/schweizversand.ch\/en\/#\/schema\/logo\/image\/"},"sameAs":["https:\/\/www.facebook.com\/Schweizversand","https:\/\/www.instagram.com\/schweizversand.ch\/"]}]}},"jetpack_sharing_enabled":true,"_links":{"self":[{"href":"https:\/\/schweizversand.ch\/en\/wp-json\/wp\/v2\/product\/268041","targetHints":{"allow":["GET"]}}],"collection":[{"href":"https:\/\/schweizversand.ch\/en\/wp-json\/wp\/v2\/product"}],"about":[{"href":"https:\/\/schweizversand.ch\/en\/wp-json\/wp\/v2\/types\/product"}],"replies":[{"embeddable":true,"href":"https:\/\/schweizversand.ch\/en\/wp-json\/wp\/v2\/comments?post=268041"}],"wp:featuredmedia":[{"embeddable":true,"href":"https:\/\/schweizversand.ch\/en\/wp-json\/wp\/v2\/media\/268106"}],"wp:attachment":[{"href":"https:\/\/schweizversand.ch\/en\/wp-json\/wp\/v2\/media?parent=268041"}],"wp:term":[{"taxonomy":"product_brand","embeddable":true,"href":"https:\/\/schweizversand.ch\/en\/wp-json\/wp\/v2\/product_brand?post=268041"},{"taxonomy":"product_cat","embeddable":true,"href":"https:\/\/schweizversand.ch\/en\/wp-json\/wp\/v2\/product_cat?post=268041"},{"taxonomy":"product_tag","embeddable":true,"href":"https:\/\/schweizversand.ch\/en\/wp-json\/wp\/v2\/product_tag?post=268041"}],"curies":[{"name":"wp","href":"https:\/\/api.w.org\/{rel}","templated":true}]}}