{"id":268042,"date":"2026-04-23T15:31:25","date_gmt":"2026-04-23T13:31:25","guid":{"rendered":"https:\/\/schweizversand.ch\/produkt\/hudora-fussballtor-roco-240-mit-torwand\/"},"modified":"2026-05-01T15:32:49","modified_gmt":"2026-05-01T13:32:49","slug":"hudora-fussballtor-roco-240-mit-torwand","status":"publish","type":"product","link":"https:\/\/schweizversand.ch\/en\/produkt\/hudora-fussballtor-roco-240-mit-torwand\/","title":{"rendered":"Hudora soccer goal Roco 240 with goal wall"},"content":{"rendered":"<p>This high-quality soccer goal offers everything you need for intensive and varied training. The powder-coated steel tube frame ensures outstanding stability and durability, while the 75 mm diameter posts and crossbar, along with the practical folding mechanism, make the goal particularly space-saving and easy to transport. The rear goalposts have a 38 mm diameter, providing additional strength.<\/p>\n<p>With its generous dimensions of 255.4 x 167.7 x 96 cm, this goal is perfect for realistic shots on goal and intensive training, yet it also offers a compact solution for smaller playing fields. The sturdy screw connections of the posts guarantee a secure and durable construction. Plastic hooks allow for quick and easy net assembly.<\/p>\n<p>The weather-resistant net with a wide bottom border (all around) and a mesh size of approximately 8 cm provides additional robustness and durability. The goal is securely and reliably fixed in place with the three sturdy screw anchors that are screwed into the ground.<\/p>\n<p>The robust target wall features five holes and five patches, allowing for variable closure of the shooting holes. This double-sided design gives you the flexibility to use the goal for different training scenarios or target practice.<\/p>\n<p>This soccer goal is the ideal choice for your training or your next match \u2013 it offers stability, flexibility, and ease of use!<\/p>\n","protected":false},"excerpt":{"rendered":"<p>Hudora Fussballtor Roco 240 mit Torwand bietet stabile Stahlrahmen, platzsparenden Faltmechanismus und optimale Ma\u00dfe f\u00fcr intensives, realistisches Fu\u00dfballtraining.<\/p>\n","protected":false},"featured_media":268112,"comment_status":"open","ping_status":"closed","template":"","meta":[],"product_brand":[],"product_cat":[39179],"product_tag":[],"class_list":{"0":"post-268042","1":"product","2":"type-product","3":"status-publish","4":"has-post-thumbnail","6":"product_cat-fussball","7":"product_shipping_class-global_methods","9":"first","10":"instock","11":"taxable","12":"shipping-taxable","13":"purchasable","14":"product-type-simple"},"yoast_head":"<!-- This site is optimized with the Yoast SEO plugin v27.5 - https:\/\/yoast.com\/product\/yoast-seo-wordpress\/ -->\n<title>Hudora Fussballtor Roco 240 mit Torwand<\/title>\n<meta name=\"description\" content=\"Das hochwertige Fu\u00dfballtor bietet dir alles, was du f\u00fcr ein intensives und abwechslungsreiches Training ben\u00f6tigst. Der pulverbeschichtete Stahlrohrrahmen sorgt\" \/>\n<meta name=\"robots\" content=\"index, follow, max-snippet:-1, max-image-preview:large, max-video-preview:-1\" \/>\n<link rel=\"canonical\" href=\"https:\/\/schweizversand.ch\/en\/produkt\/hudora-fussballtor-roco-240-mit-torwand\/\" \/>\n<meta property=\"og:locale\" content=\"en_US\" \/>\n<meta property=\"og:type\" content=\"article\" \/>\n<meta property=\"og:title\" content=\"Hudora Fussballtor Roco 240 mit Torwand\" \/>\n<meta property=\"og:description\" content=\"Das hochwertige Fu\u00dfballtor bietet dir alles, was du f\u00fcr ein intensives und abwechslungsreiches Training ben\u00f6tigst. Der pulverbeschichtete Stahlrohrrahmen sorgt\" \/>\n<meta property=\"og:url\" content=\"https:\/\/schweizversand.ch\/en\/produkt\/hudora-fussballtor-roco-240-mit-torwand\/\" \/>\n<meta property=\"og:site_name\" content=\"Schweizer Shop f\u00fcr Sport, Spiel und Freizeit\" \/>\n<meta property=\"article:publisher\" content=\"https:\/\/www.facebook.com\/Schweizversand\" \/>\n<meta property=\"article:modified_time\" content=\"2026-05-01T13:32:49+00:00\" \/>\n<meta property=\"og:image\" content=\"https:\/\/schweizversand.ch\/wp-content\/uploads\/2026\/04\/5471778574.jpg\" \/>\n\t<meta property=\"og:image:width\" content=\"1024\" \/>\n\t<meta property=\"og:image:height\" content=\"576\" \/>\n\t<meta property=\"og:image:type\" content=\"image\/jpeg\" \/>\n<meta name=\"twitter:card\" content=\"summary_large_image\" \/>\n<meta name=\"twitter:label1\" content=\"Est. reading time\" \/>\n\t<meta name=\"twitter:data1\" content=\"1 minute\" \/>\n<script type=\"application\/ld+json\" class=\"yoast-schema-graph\">{\"@context\":\"https:\\\/\\\/schema.org\",\"@graph\":[{\"@type\":\"WebPage\",\"@id\":\"https:\\\/\\\/schweizversand.ch\\\/en\\\/produkt\\\/hudora-fussballtor-roco-240-mit-torwand\\\/\",\"url\":\"https:\\\/\\\/schweizversand.ch\\\/en\\\/produkt\\\/hudora-fussballtor-roco-240-mit-torwand\\\/\",\"name\":\"Hudora Fussballtor Roco 240 mit Torwand\",\"isPartOf\":{\"@id\":\"https:\\\/\\\/schweizversand.ch\\\/en\\\/#website\"},\"primaryImageOfPage\":{\"@id\":\"https:\\\/\\\/schweizversand.ch\\\/en\\\/produkt\\\/hudora-fussballtor-roco-240-mit-torwand\\\/#primaryimage\"},\"image\":{\"@id\":\"https:\\\/\\\/schweizversand.ch\\\/en\\\/produkt\\\/hudora-fussballtor-roco-240-mit-torwand\\\/#primaryimage\"},\"thumbnailUrl\":\"https:\\\/\\\/schweizversand.ch\\\/wp-content\\\/uploads\\\/2026\\\/04\\\/5471778574.jpg\",\"datePublished\":\"2026-04-23T13:31:25+00:00\",\"dateModified\":\"2026-05-01T13:32:49+00:00\",\"description\":\"Das hochwertige Fu\u00dfballtor bietet dir alles, was du f\u00fcr ein intensives und abwechslungsreiches Training ben\u00f6tigst. Der pulverbeschichtete Stahlrohrrahmen sorgt\",\"breadcrumb\":{\"@id\":\"https:\\\/\\\/schweizversand.ch\\\/en\\\/produkt\\\/hudora-fussballtor-roco-240-mit-torwand\\\/#breadcrumb\"},\"inLanguage\":\"en-US\",\"potentialAction\":[{\"@type\":\"ReadAction\",\"target\":[\"https:\\\/\\\/schweizversand.ch\\\/en\\\/produkt\\\/hudora-fussballtor-roco-240-mit-torwand\\\/\"]}]},{\"@type\":\"ImageObject\",\"inLanguage\":\"en-US\",\"@id\":\"https:\\\/\\\/schweizversand.ch\\\/en\\\/produkt\\\/hudora-fussballtor-roco-240-mit-torwand\\\/#primaryimage\",\"url\":\"https:\\\/\\\/schweizversand.ch\\\/wp-content\\\/uploads\\\/2026\\\/04\\\/5471778574.jpg\",\"contentUrl\":\"https:\\\/\\\/schweizversand.ch\\\/wp-content\\\/uploads\\\/2026\\\/04\\\/5471778574.jpg\",\"width\":1024,\"height\":576},{\"@type\":\"BreadcrumbList\",\"@id\":\"https:\\\/\\\/schweizversand.ch\\\/en\\\/produkt\\\/hudora-fussballtor-roco-240-mit-torwand\\\/#breadcrumb\",\"itemListElement\":[{\"@type\":\"ListItem\",\"position\":1,\"name\":\"Startseite\",\"item\":\"https:\\\/\\\/schweizversand.ch\\\/en\\\/\"},{\"@type\":\"ListItem\",\"position\":2,\"name\":\"Shop\",\"item\":\"https:\\\/\\\/schweizversand.ch\\\/en\\\/shop\\\/\"},{\"@type\":\"ListItem\",\"position\":3,\"name\":\"Sports\",\"item\":\"https:\\\/\\\/schweizversand.ch\\\/en\\\/produkt-kategorie\\\/sports\\\/\"},{\"@type\":\"ListItem\",\"position\":4,\"name\":\"ball sports &amp; darts\",\"item\":\"https:\\\/\\\/schweizversand.ch\\\/en\\\/produkt-kategorie\\\/sports\\\/ball-sports-darts\\\/\"},{\"@type\":\"ListItem\",\"position\":5,\"name\":\"Fussball\",\"item\":\"https:\\\/\\\/schweizversand.ch\\\/en\\\/produkt-kategorie\\\/sports\\\/ball-sports-darts\\\/fussball\\\/\"},{\"@type\":\"ListItem\",\"position\":6,\"name\":\"Hudora soccer goal Roco 240 with goal wall\"}]},{\"@type\":\"WebSite\",\"@id\":\"https:\\\/\\\/schweizversand.ch\\\/en\\\/#website\",\"url\":\"https:\\\/\\\/schweizversand.ch\\\/en\\\/\",\"name\":\"Schweizer Shop f\u00fcr Sport, Spiel und Freizeit\",\"description\":\"Gratisversand ab 50.- (netto), ab eigenem schweizer Lager, Lieferung innert 48h\",\"publisher\":{\"@id\":\"https:\\\/\\\/schweizversand.ch\\\/en\\\/#organization\"},\"alternateName\":\"Schweizversand.ch\",\"potentialAction\":[{\"@type\":\"SearchAction\",\"target\":{\"@type\":\"EntryPoint\",\"urlTemplate\":\"https:\\\/\\\/schweizversand.ch\\\/en\\\/?s={search_term_string}\"},\"query-input\":{\"@type\":\"PropertyValueSpecification\",\"valueRequired\":true,\"valueName\":\"search_term_string\"}}],\"inLanguage\":\"en-US\"},{\"@type\":\"Organization\",\"@id\":\"https:\\\/\\\/schweizversand.ch\\\/en\\\/#organization\",\"name\":\"Schweizversand.ch\",\"url\":\"https:\\\/\\\/schweizversand.ch\\\/en\\\/\",\"logo\":{\"@type\":\"ImageObject\",\"inLanguage\":\"en-US\",\"@id\":\"https:\\\/\\\/schweizversand.ch\\\/en\\\/#\\\/schema\\\/logo\\\/image\\\/\",\"url\":\"https:\\\/\\\/schweizversand.ch\\\/wp-content\\\/uploads\\\/2026\\\/03\\\/Logo_Rund_Final-1.png\",\"contentUrl\":\"https:\\\/\\\/schweizversand.ch\\\/wp-content\\\/uploads\\\/2026\\\/03\\\/Logo_Rund_Final-1.png\",\"width\":404,\"height\":404,\"caption\":\"Schweizversand.ch\"},\"image\":{\"@id\":\"https:\\\/\\\/schweizversand.ch\\\/en\\\/#\\\/schema\\\/logo\\\/image\\\/\"},\"sameAs\":[\"https:\\\/\\\/www.facebook.com\\\/Schweizversand\",\"https:\\\/\\\/www.instagram.com\\\/schweizversand.ch\\\/\"]}]}<\/script>\n<!-- \/ Yoast SEO plugin. -->","yoast_head_json":{"title":"Hudora Fussballtor Roco 240 mit Torwand","description":"Das hochwertige Fu\u00dfballtor bietet dir alles, was du f\u00fcr ein intensives und abwechslungsreiches Training ben\u00f6tigst. Der pulverbeschichtete Stahlrohrrahmen sorgt","robots":{"index":"index","follow":"follow","max-snippet":"max-snippet:-1","max-image-preview":"max-image-preview:large","max-video-preview":"max-video-preview:-1"},"canonical":"https:\/\/schweizversand.ch\/en\/produkt\/hudora-fussballtor-roco-240-mit-torwand\/","og_locale":"en_US","og_type":"article","og_title":"Hudora Fussballtor Roco 240 mit Torwand","og_description":"Das hochwertige Fu\u00dfballtor bietet dir alles, was du f\u00fcr ein intensives und abwechslungsreiches Training ben\u00f6tigst. Der pulverbeschichtete Stahlrohrrahmen sorgt","og_url":"https:\/\/schweizversand.ch\/en\/produkt\/hudora-fussballtor-roco-240-mit-torwand\/","og_site_name":"Schweizer Shop f\u00fcr Sport, Spiel und Freizeit","article_publisher":"https:\/\/www.facebook.com\/Schweizversand","article_modified_time":"2026-05-01T13:32:49+00:00","og_image":[{"width":1024,"height":576,"url":"https:\/\/schweizversand.ch\/wp-content\/uploads\/2026\/04\/5471778574.jpg","type":"image\/jpeg"}],"twitter_card":"summary_large_image","twitter_misc":{"Est. reading time":"1 minute"},"schema":{"@context":"https:\/\/schema.org","@graph":[{"@type":"WebPage","@id":"https:\/\/schweizversand.ch\/en\/produkt\/hudora-fussballtor-roco-240-mit-torwand\/","url":"https:\/\/schweizversand.ch\/en\/produkt\/hudora-fussballtor-roco-240-mit-torwand\/","name":"Hudora Fussballtor Roco 240 mit Torwand","isPartOf":{"@id":"https:\/\/schweizversand.ch\/en\/#website"},"primaryImageOfPage":{"@id":"https:\/\/schweizversand.ch\/en\/produkt\/hudora-fussballtor-roco-240-mit-torwand\/#primaryimage"},"image":{"@id":"https:\/\/schweizversand.ch\/en\/produkt\/hudora-fussballtor-roco-240-mit-torwand\/#primaryimage"},"thumbnailUrl":"https:\/\/schweizversand.ch\/wp-content\/uploads\/2026\/04\/5471778574.jpg","datePublished":"2026-04-23T13:31:25+00:00","dateModified":"2026-05-01T13:32:49+00:00","description":"Das hochwertige Fu\u00dfballtor bietet dir alles, was du f\u00fcr ein intensives und abwechslungsreiches Training ben\u00f6tigst. Der pulverbeschichtete Stahlrohrrahmen sorgt","breadcrumb":{"@id":"https:\/\/schweizversand.ch\/en\/produkt\/hudora-fussballtor-roco-240-mit-torwand\/#breadcrumb"},"inLanguage":"en-US","potentialAction":[{"@type":"ReadAction","target":["https:\/\/schweizversand.ch\/en\/produkt\/hudora-fussballtor-roco-240-mit-torwand\/"]}]},{"@type":"ImageObject","inLanguage":"en-US","@id":"https:\/\/schweizversand.ch\/en\/produkt\/hudora-fussballtor-roco-240-mit-torwand\/#primaryimage","url":"https:\/\/schweizversand.ch\/wp-content\/uploads\/2026\/04\/5471778574.jpg","contentUrl":"https:\/\/schweizversand.ch\/wp-content\/uploads\/2026\/04\/5471778574.jpg","width":1024,"height":576},{"@type":"BreadcrumbList","@id":"https:\/\/schweizversand.ch\/en\/produkt\/hudora-fussballtor-roco-240-mit-torwand\/#breadcrumb","itemListElement":[{"@type":"ListItem","position":1,"name":"Startseite","item":"https:\/\/schweizversand.ch\/en\/"},{"@type":"ListItem","position":2,"name":"Shop","item":"https:\/\/schweizversand.ch\/en\/shop\/"},{"@type":"ListItem","position":3,"name":"Sports","item":"https:\/\/schweizversand.ch\/en\/produkt-kategorie\/sports\/"},{"@type":"ListItem","position":4,"name":"ball sports &amp; darts","item":"https:\/\/schweizversand.ch\/en\/produkt-kategorie\/sports\/ball-sports-darts\/"},{"@type":"ListItem","position":5,"name":"Fussball","item":"https:\/\/schweizversand.ch\/en\/produkt-kategorie\/sports\/ball-sports-darts\/fussball\/"},{"@type":"ListItem","position":6,"name":"Hudora soccer goal Roco 240 with goal wall"}]},{"@type":"WebSite","@id":"https:\/\/schweizversand.ch\/en\/#website","url":"https:\/\/schweizversand.ch\/en\/","name":"Schweizer Shop f\u00fcr Sport, Spiel und Freizeit","description":"Gratisversand ab 50.- (netto), ab eigenem schweizer Lager, Lieferung innert 48h","publisher":{"@id":"https:\/\/schweizversand.ch\/en\/#organization"},"alternateName":"Schweizversand.ch","potentialAction":[{"@type":"SearchAction","target":{"@type":"EntryPoint","urlTemplate":"https:\/\/schweizversand.ch\/en\/?s={search_term_string}"},"query-input":{"@type":"PropertyValueSpecification","valueRequired":true,"valueName":"search_term_string"}}],"inLanguage":"en-US"},{"@type":"Organization","@id":"https:\/\/schweizversand.ch\/en\/#organization","name":"Schweizversand.ch","url":"https:\/\/schweizversand.ch\/en\/","logo":{"@type":"ImageObject","inLanguage":"en-US","@id":"https:\/\/schweizversand.ch\/en\/#\/schema\/logo\/image\/","url":"https:\/\/schweizversand.ch\/wp-content\/uploads\/2026\/03\/Logo_Rund_Final-1.png","contentUrl":"https:\/\/schweizversand.ch\/wp-content\/uploads\/2026\/03\/Logo_Rund_Final-1.png","width":404,"height":404,"caption":"Schweizversand.ch"},"image":{"@id":"https:\/\/schweizversand.ch\/en\/#\/schema\/logo\/image\/"},"sameAs":["https:\/\/www.facebook.com\/Schweizversand","https:\/\/www.instagram.com\/schweizversand.ch\/"]}]}},"jetpack_sharing_enabled":true,"_links":{"self":[{"href":"https:\/\/schweizversand.ch\/en\/wp-json\/wp\/v2\/product\/268042","targetHints":{"allow":["GET"]}}],"collection":[{"href":"https:\/\/schweizversand.ch\/en\/wp-json\/wp\/v2\/product"}],"about":[{"href":"https:\/\/schweizversand.ch\/en\/wp-json\/wp\/v2\/types\/product"}],"replies":[{"embeddable":true,"href":"https:\/\/schweizversand.ch\/en\/wp-json\/wp\/v2\/comments?post=268042"}],"wp:featuredmedia":[{"embeddable":true,"href":"https:\/\/schweizversand.ch\/en\/wp-json\/wp\/v2\/media\/268112"}],"wp:attachment":[{"href":"https:\/\/schweizversand.ch\/en\/wp-json\/wp\/v2\/media?parent=268042"}],"wp:term":[{"taxonomy":"product_brand","embeddable":true,"href":"https:\/\/schweizversand.ch\/en\/wp-json\/wp\/v2\/product_brand?post=268042"},{"taxonomy":"product_cat","embeddable":true,"href":"https:\/\/schweizversand.ch\/en\/wp-json\/wp\/v2\/product_cat?post=268042"},{"taxonomy":"product_tag","embeddable":true,"href":"https:\/\/schweizversand.ch\/en\/wp-json\/wp\/v2\/product_tag?post=268042"}],"curies":[{"name":"wp","href":"https:\/\/api.w.org\/{rel}","templated":true}]}}