{"id":268046,"date":"2026-04-23T15:31:25","date_gmt":"2026-04-23T13:31:25","guid":{"rendered":"https:\/\/schweizversand.ch\/produkt\/hudora-basketballstaender-roco-305\/"},"modified":"2026-04-27T15:33:06","modified_gmt":"2026-04-27T13:33:06","slug":"hudora-basketballstaender-roco-305","status":"publish","type":"product","link":"https:\/\/schweizversand.ch\/en\/produkt\/hudora-basketballstaender-roco-305\/","title":{"rendered":"Hudora basketball stand Roco 305"},"content":{"rendered":"<h1><strong>Pro-Line Portable Basketball Stand<\/strong><\/h1>\n<div>Looking for a <strong>robust and flexible<\/strong> solution for your outdoor basketball training? This <strong>portable basketball hoop<\/strong> offers maximum stability and adaptability to take your game to the next level \u2013 whether in the garden or on the sports field.<\/p>\n<\/div>\n<div><strong>Stability and Stability<\/strong><br \/>This <strong>basketball stand with base<\/strong> guarantees a secure hold during every game. The blowmold base (with Hudora logo) can be easily filled with water or sand, providing a <strong>solid foundation<\/strong> that can withstand even intense use.<\/p>\n<\/div>\n<div><strong>High-Quality Backboard and Rim<\/strong><br \/>The backboard made of transparent <strong>polycarbonate<\/strong> (110 x 70 cm) is extremely durable and provides a clear playing surface. The powder-coated rim (\u00d8 45.7 cm) is equipped with a spring mechanism that allows for powerful dunks without deforming the rim. Height-adjustable system: The outdoor basketball system can be quickly adjusted thanks to the practical BW adjustment mechanism. The height-adjustable basketball system is adjustable in 6 increments: &#8211; Adjustment range: 230 cm to 305 cm &#8211; Ideal for players of all ages and sizes. Safety and transport: Your safety is important to us. The vertical pole is padded with EPE foam and Oxford fabric to minimize the risk of injury. Furthermore, the system is foldable and equipped with two wheels, making transport and space-saving storage effortless. Invest in this versatile and durable portable basketball stand to train anytime, anywhere, and reach your full potential.<\/p>\n","protected":false},"excerpt":{"rendered":"<p>Hudora Basketballst\u00e4nder Roco 305 bietet maximale Stabilit\u00e4t, flexiblen Transport und ein robustes Polycarbonat-Backboard f\u00fcr professionelles Basketballtraining im Freien.<\/p>\n","protected":false},"featured_media":268130,"comment_status":"open","ping_status":"closed","template":"","meta":[],"product_brand":[],"product_cat":[39216],"product_tag":[],"class_list":{"0":"post-268046","1":"product","2":"type-product","3":"status-publish","4":"has-post-thumbnail","6":"product_cat-basketball","7":"product_shipping_class-global_methods","9":"first","10":"instock","11":"taxable","12":"shipping-taxable","13":"purchasable","14":"product-type-simple"},"yoast_head":"<!-- This site is optimized with the Yoast SEO plugin v27.4 - https:\/\/yoast.com\/product\/yoast-seo-wordpress\/ -->\n<title>Hudora Basketballst\u00e4nder Roco 305<\/title>\n<meta name=\"description\" content=\"Basketballst\u00e4nder transportabel Pro-Line Suchen Sie nach einer robusten und flexiblen L\u00f6sung f\u00fcr Ihr Basketballtraining im Freien? Dieser mobile Basketballkorb\" \/>\n<meta name=\"robots\" content=\"index, follow, max-snippet:-1, max-image-preview:large, max-video-preview:-1\" \/>\n<link rel=\"canonical\" href=\"https:\/\/schweizversand.ch\/en\/produkt\/hudora-basketballstaender-roco-305\/\" \/>\n<meta property=\"og:locale\" content=\"en_US\" \/>\n<meta property=\"og:type\" content=\"article\" \/>\n<meta property=\"og:title\" content=\"Hudora Basketballst\u00e4nder Roco 305\" \/>\n<meta property=\"og:description\" content=\"Basketballst\u00e4nder transportabel Pro-Line Suchen Sie nach einer robusten und flexiblen L\u00f6sung f\u00fcr Ihr Basketballtraining im Freien? Dieser mobile Basketballkorb\" \/>\n<meta property=\"og:url\" content=\"https:\/\/schweizversand.ch\/en\/produkt\/hudora-basketballstaender-roco-305\/\" \/>\n<meta property=\"og:site_name\" content=\"Schweizer Shop f\u00fcr Sport, Spiel und Freizeit\" \/>\n<meta property=\"article:publisher\" content=\"https:\/\/www.facebook.com\/Schweizversand\" \/>\n<meta property=\"article:modified_time\" content=\"2026-04-27T13:33:06+00:00\" \/>\n<meta property=\"og:image\" content=\"https:\/\/schweizversand.ch\/wp-content\/uploads\/2026\/04\/5565547761.png\" \/>\n\t<meta property=\"og:image:width\" content=\"1024\" \/>\n\t<meta property=\"og:image:height\" content=\"1024\" \/>\n\t<meta property=\"og:image:type\" content=\"image\/png\" \/>\n<meta name=\"twitter:card\" content=\"summary_large_image\" \/>\n<meta name=\"twitter:label1\" content=\"Est. reading time\" \/>\n\t<meta name=\"twitter:data1\" content=\"1 minute\" \/>\n<script type=\"application\/ld+json\" class=\"yoast-schema-graph\">{\"@context\":\"https:\\\/\\\/schema.org\",\"@graph\":[{\"@type\":\"WebPage\",\"@id\":\"https:\\\/\\\/schweizversand.ch\\\/en\\\/produkt\\\/hudora-basketballstaender-roco-305\\\/\",\"url\":\"https:\\\/\\\/schweizversand.ch\\\/en\\\/produkt\\\/hudora-basketballstaender-roco-305\\\/\",\"name\":\"Hudora Basketballst\u00e4nder Roco 305\",\"isPartOf\":{\"@id\":\"https:\\\/\\\/schweizversand.ch\\\/en\\\/#website\"},\"primaryImageOfPage\":{\"@id\":\"https:\\\/\\\/schweizversand.ch\\\/en\\\/produkt\\\/hudora-basketballstaender-roco-305\\\/#primaryimage\"},\"image\":{\"@id\":\"https:\\\/\\\/schweizversand.ch\\\/en\\\/produkt\\\/hudora-basketballstaender-roco-305\\\/#primaryimage\"},\"thumbnailUrl\":\"https:\\\/\\\/schweizversand.ch\\\/wp-content\\\/uploads\\\/2026\\\/04\\\/5565547761.png\",\"datePublished\":\"2026-04-23T13:31:25+00:00\",\"dateModified\":\"2026-04-27T13:33:06+00:00\",\"description\":\"Basketballst\u00e4nder transportabel Pro-Line Suchen Sie nach einer robusten und flexiblen L\u00f6sung f\u00fcr Ihr Basketballtraining im Freien? Dieser mobile Basketballkorb\",\"breadcrumb\":{\"@id\":\"https:\\\/\\\/schweizversand.ch\\\/en\\\/produkt\\\/hudora-basketballstaender-roco-305\\\/#breadcrumb\"},\"inLanguage\":\"en-US\",\"potentialAction\":[{\"@type\":\"ReadAction\",\"target\":[\"https:\\\/\\\/schweizversand.ch\\\/en\\\/produkt\\\/hudora-basketballstaender-roco-305\\\/\"]}]},{\"@type\":\"ImageObject\",\"inLanguage\":\"en-US\",\"@id\":\"https:\\\/\\\/schweizversand.ch\\\/en\\\/produkt\\\/hudora-basketballstaender-roco-305\\\/#primaryimage\",\"url\":\"https:\\\/\\\/schweizversand.ch\\\/wp-content\\\/uploads\\\/2026\\\/04\\\/5565547761.png\",\"contentUrl\":\"https:\\\/\\\/schweizversand.ch\\\/wp-content\\\/uploads\\\/2026\\\/04\\\/5565547761.png\",\"width\":1024,\"height\":1024},{\"@type\":\"BreadcrumbList\",\"@id\":\"https:\\\/\\\/schweizversand.ch\\\/en\\\/produkt\\\/hudora-basketballstaender-roco-305\\\/#breadcrumb\",\"itemListElement\":[{\"@type\":\"ListItem\",\"position\":1,\"name\":\"Startseite\",\"item\":\"https:\\\/\\\/schweizversand.ch\\\/en\\\/\"},{\"@type\":\"ListItem\",\"position\":2,\"name\":\"Shop\",\"item\":\"https:\\\/\\\/schweizversand.ch\\\/en\\\/shop\\\/\"},{\"@type\":\"ListItem\",\"position\":3,\"name\":\"Sports\",\"item\":\"https:\\\/\\\/schweizversand.ch\\\/en\\\/produkt-kategorie\\\/sports\\\/\"},{\"@type\":\"ListItem\",\"position\":4,\"name\":\"ball sports &amp; darts\",\"item\":\"https:\\\/\\\/schweizversand.ch\\\/en\\\/produkt-kategorie\\\/sports\\\/ball-sports-darts\\\/\"},{\"@type\":\"ListItem\",\"position\":5,\"name\":\"Basketball\",\"item\":\"https:\\\/\\\/schweizversand.ch\\\/en\\\/produkt-kategorie\\\/sports\\\/ball-sports-darts\\\/basketball\\\/\"},{\"@type\":\"ListItem\",\"position\":6,\"name\":\"Hudora basketball stand Roco 305\"}]},{\"@type\":\"WebSite\",\"@id\":\"https:\\\/\\\/schweizversand.ch\\\/en\\\/#website\",\"url\":\"https:\\\/\\\/schweizversand.ch\\\/en\\\/\",\"name\":\"Schweizer Shop f\u00fcr Sport, Spiel und Freizeit\",\"description\":\"Gratisversand ab 50.- (netto), ab eigenem schweizer Lager, Lieferung innert 48h\",\"publisher\":{\"@id\":\"https:\\\/\\\/schweizversand.ch\\\/en\\\/#organization\"},\"alternateName\":\"Schweizversand.ch\",\"potentialAction\":[{\"@type\":\"SearchAction\",\"target\":{\"@type\":\"EntryPoint\",\"urlTemplate\":\"https:\\\/\\\/schweizversand.ch\\\/en\\\/?s={search_term_string}\"},\"query-input\":{\"@type\":\"PropertyValueSpecification\",\"valueRequired\":true,\"valueName\":\"search_term_string\"}}],\"inLanguage\":\"en-US\"},{\"@type\":\"Organization\",\"@id\":\"https:\\\/\\\/schweizversand.ch\\\/en\\\/#organization\",\"name\":\"Schweizversand.ch\",\"url\":\"https:\\\/\\\/schweizversand.ch\\\/en\\\/\",\"logo\":{\"@type\":\"ImageObject\",\"inLanguage\":\"en-US\",\"@id\":\"https:\\\/\\\/schweizversand.ch\\\/en\\\/#\\\/schema\\\/logo\\\/image\\\/\",\"url\":\"https:\\\/\\\/schweizversand.ch\\\/wp-content\\\/uploads\\\/2026\\\/03\\\/Logo_Rund_Final-1.png\",\"contentUrl\":\"https:\\\/\\\/schweizversand.ch\\\/wp-content\\\/uploads\\\/2026\\\/03\\\/Logo_Rund_Final-1.png\",\"width\":404,\"height\":404,\"caption\":\"Schweizversand.ch\"},\"image\":{\"@id\":\"https:\\\/\\\/schweizversand.ch\\\/en\\\/#\\\/schema\\\/logo\\\/image\\\/\"},\"sameAs\":[\"https:\\\/\\\/www.facebook.com\\\/Schweizversand\",\"https:\\\/\\\/www.instagram.com\\\/schweizversand.ch\\\/\"]}]}<\/script>\n<!-- \/ Yoast SEO plugin. -->","yoast_head_json":{"title":"Hudora Basketballst\u00e4nder Roco 305","description":"Basketballst\u00e4nder transportabel Pro-Line Suchen Sie nach einer robusten und flexiblen L\u00f6sung f\u00fcr Ihr Basketballtraining im Freien? Dieser mobile Basketballkorb","robots":{"index":"index","follow":"follow","max-snippet":"max-snippet:-1","max-image-preview":"max-image-preview:large","max-video-preview":"max-video-preview:-1"},"canonical":"https:\/\/schweizversand.ch\/en\/produkt\/hudora-basketballstaender-roco-305\/","og_locale":"en_US","og_type":"article","og_title":"Hudora Basketballst\u00e4nder Roco 305","og_description":"Basketballst\u00e4nder transportabel Pro-Line Suchen Sie nach einer robusten und flexiblen L\u00f6sung f\u00fcr Ihr Basketballtraining im Freien? Dieser mobile Basketballkorb","og_url":"https:\/\/schweizversand.ch\/en\/produkt\/hudora-basketballstaender-roco-305\/","og_site_name":"Schweizer Shop f\u00fcr Sport, Spiel und Freizeit","article_publisher":"https:\/\/www.facebook.com\/Schweizversand","article_modified_time":"2026-04-27T13:33:06+00:00","og_image":[{"width":1024,"height":1024,"url":"https:\/\/schweizversand.ch\/wp-content\/uploads\/2026\/04\/5565547761.png","type":"image\/png"}],"twitter_card":"summary_large_image","twitter_misc":{"Est. reading time":"1 minute"},"schema":{"@context":"https:\/\/schema.org","@graph":[{"@type":"WebPage","@id":"https:\/\/schweizversand.ch\/en\/produkt\/hudora-basketballstaender-roco-305\/","url":"https:\/\/schweizversand.ch\/en\/produkt\/hudora-basketballstaender-roco-305\/","name":"Hudora Basketballst\u00e4nder Roco 305","isPartOf":{"@id":"https:\/\/schweizversand.ch\/en\/#website"},"primaryImageOfPage":{"@id":"https:\/\/schweizversand.ch\/en\/produkt\/hudora-basketballstaender-roco-305\/#primaryimage"},"image":{"@id":"https:\/\/schweizversand.ch\/en\/produkt\/hudora-basketballstaender-roco-305\/#primaryimage"},"thumbnailUrl":"https:\/\/schweizversand.ch\/wp-content\/uploads\/2026\/04\/5565547761.png","datePublished":"2026-04-23T13:31:25+00:00","dateModified":"2026-04-27T13:33:06+00:00","description":"Basketballst\u00e4nder transportabel Pro-Line Suchen Sie nach einer robusten und flexiblen L\u00f6sung f\u00fcr Ihr Basketballtraining im Freien? Dieser mobile Basketballkorb","breadcrumb":{"@id":"https:\/\/schweizversand.ch\/en\/produkt\/hudora-basketballstaender-roco-305\/#breadcrumb"},"inLanguage":"en-US","potentialAction":[{"@type":"ReadAction","target":["https:\/\/schweizversand.ch\/en\/produkt\/hudora-basketballstaender-roco-305\/"]}]},{"@type":"ImageObject","inLanguage":"en-US","@id":"https:\/\/schweizversand.ch\/en\/produkt\/hudora-basketballstaender-roco-305\/#primaryimage","url":"https:\/\/schweizversand.ch\/wp-content\/uploads\/2026\/04\/5565547761.png","contentUrl":"https:\/\/schweizversand.ch\/wp-content\/uploads\/2026\/04\/5565547761.png","width":1024,"height":1024},{"@type":"BreadcrumbList","@id":"https:\/\/schweizversand.ch\/en\/produkt\/hudora-basketballstaender-roco-305\/#breadcrumb","itemListElement":[{"@type":"ListItem","position":1,"name":"Startseite","item":"https:\/\/schweizversand.ch\/en\/"},{"@type":"ListItem","position":2,"name":"Shop","item":"https:\/\/schweizversand.ch\/en\/shop\/"},{"@type":"ListItem","position":3,"name":"Sports","item":"https:\/\/schweizversand.ch\/en\/produkt-kategorie\/sports\/"},{"@type":"ListItem","position":4,"name":"ball sports &amp; darts","item":"https:\/\/schweizversand.ch\/en\/produkt-kategorie\/sports\/ball-sports-darts\/"},{"@type":"ListItem","position":5,"name":"Basketball","item":"https:\/\/schweizversand.ch\/en\/produkt-kategorie\/sports\/ball-sports-darts\/basketball\/"},{"@type":"ListItem","position":6,"name":"Hudora basketball stand Roco 305"}]},{"@type":"WebSite","@id":"https:\/\/schweizversand.ch\/en\/#website","url":"https:\/\/schweizversand.ch\/en\/","name":"Schweizer Shop f\u00fcr Sport, Spiel und Freizeit","description":"Gratisversand ab 50.- (netto), ab eigenem schweizer Lager, Lieferung innert 48h","publisher":{"@id":"https:\/\/schweizversand.ch\/en\/#organization"},"alternateName":"Schweizversand.ch","potentialAction":[{"@type":"SearchAction","target":{"@type":"EntryPoint","urlTemplate":"https:\/\/schweizversand.ch\/en\/?s={search_term_string}"},"query-input":{"@type":"PropertyValueSpecification","valueRequired":true,"valueName":"search_term_string"}}],"inLanguage":"en-US"},{"@type":"Organization","@id":"https:\/\/schweizversand.ch\/en\/#organization","name":"Schweizversand.ch","url":"https:\/\/schweizversand.ch\/en\/","logo":{"@type":"ImageObject","inLanguage":"en-US","@id":"https:\/\/schweizversand.ch\/en\/#\/schema\/logo\/image\/","url":"https:\/\/schweizversand.ch\/wp-content\/uploads\/2026\/03\/Logo_Rund_Final-1.png","contentUrl":"https:\/\/schweizversand.ch\/wp-content\/uploads\/2026\/03\/Logo_Rund_Final-1.png","width":404,"height":404,"caption":"Schweizversand.ch"},"image":{"@id":"https:\/\/schweizversand.ch\/en\/#\/schema\/logo\/image\/"},"sameAs":["https:\/\/www.facebook.com\/Schweizversand","https:\/\/www.instagram.com\/schweizversand.ch\/"]}]}},"jetpack_sharing_enabled":true,"_links":{"self":[{"href":"https:\/\/schweizversand.ch\/en\/wp-json\/wp\/v2\/product\/268046","targetHints":{"allow":["GET"]}}],"collection":[{"href":"https:\/\/schweizversand.ch\/en\/wp-json\/wp\/v2\/product"}],"about":[{"href":"https:\/\/schweizversand.ch\/en\/wp-json\/wp\/v2\/types\/product"}],"replies":[{"embeddable":true,"href":"https:\/\/schweizversand.ch\/en\/wp-json\/wp\/v2\/comments?post=268046"}],"wp:featuredmedia":[{"embeddable":true,"href":"https:\/\/schweizversand.ch\/en\/wp-json\/wp\/v2\/media\/268130"}],"wp:attachment":[{"href":"https:\/\/schweizversand.ch\/en\/wp-json\/wp\/v2\/media?parent=268046"}],"wp:term":[{"taxonomy":"product_brand","embeddable":true,"href":"https:\/\/schweizversand.ch\/en\/wp-json\/wp\/v2\/product_brand?post=268046"},{"taxonomy":"product_cat","embeddable":true,"href":"https:\/\/schweizversand.ch\/en\/wp-json\/wp\/v2\/product_cat?post=268046"},{"taxonomy":"product_tag","embeddable":true,"href":"https:\/\/schweizversand.ch\/en\/wp-json\/wp\/v2\/product_tag?post=268046"}],"curies":[{"name":"wp","href":"https:\/\/api.w.org\/{rel}","templated":true}]}}