{"id":268213,"date":"2026-04-24T15:31:16","date_gmt":"2026-04-24T13:31:16","guid":{"rendered":"https:\/\/schweizversand.ch\/produkt\/trespass-folda-sitzmatte-faltbar\/"},"modified":"2026-05-01T02:02:22","modified_gmt":"2026-05-01T00:02:22","slug":"trespass-folda-sitzmatte-faltbar","status":"publish","type":"product","link":"https:\/\/schweizversand.ch\/en\/produkt\/trespass-folda-sitzmatte-faltbar\/","title":{"rendered":"Trespass FOLDA &#8211; Foldable Seat Mat"},"content":{"rendered":"<p>Folda Universal Mat &#8211; Your companion for outdoor comfort!<\/p>\n<\/p>\n<p>The Folda Universal Mat is a great addition to your outdoor activities. Whether you want to sit or exercise outdoors, this mat provides the necessary comfort and protection from wet ground.<\/p>\n<\/p>\n<p>Key features of the Folda Universal Mat:<\/p>\n<\/p>\n<p>\u2022 The Folda Universal Mat effectively insulates you from wet ground. This keeps you dry and warm, even when the ground is damp.<\/p>\n<\/p>\n<p>\u2022 This mat provides a soft and comfortable surface on which you can sit or exercise comfortably. It ensures pleasant comfort while you are active outdoors.<\/p>\n<\/p>\n<p>\u2022 The Folda Universal Mat folds down to a compact size. This makes it easy to transport and store. You can easily stow the mat in your backpack.<\/p>\n<\/p>\n<p>\u2022 The surface of the mat is non-slip, giving you added safety. You can move around on it without the mat slipping.<\/p>\n<\/p>\n<p>The Folda Universal Mat is versatile and perfect for various outdoor activities. Whether camping, picnicking, playing sports, or simply relaxing outdoors, this mat will provide the comfort you need. Get ready to make your time outdoors even more enjoyable by taking the Folda Universal Mat with you!<\/p>\n","protected":false},"excerpt":{"rendered":"<p>Trespass FOLDA &#8211; Sitzmatte Faltbar sch\u00fctzt vor Feuchtigkeit, bietet bequemen Sitzkomfort und l\u00e4sst sich kompakt zusammenfalten \u2013 ideal f\u00fcr Outdoor und Training unterwegs.<\/p>\n","protected":false},"featured_media":268323,"comment_status":"open","ping_status":"closed","template":"","meta":[],"product_brand":[],"product_cat":[38055],"product_tag":[],"class_list":{"0":"post-268213","1":"product","2":"type-product","3":"status-publish","4":"has-post-thumbnail","6":"product_cat-outdoorausruestung","7":"product_shipping_class-global_methods","9":"first","10":"instock","11":"taxable","12":"shipping-taxable","13":"purchasable","14":"product-type-simple"},"yoast_head":"<!-- This site is optimized with the Yoast SEO plugin v27.5 - https:\/\/yoast.com\/product\/yoast-seo-wordpress\/ -->\n<title>Trespass FOLDA - Sitzmatte Faltbar<\/title>\n<meta name=\"description\" content=\"Folda Universalmatte - Ihr Begleiter f\u00fcr Komfort im Freien!\u00a0 Die Folda Universalmatte ist eine gro\u00dfartige Erg\u00e4nzung f\u00fcr Ihre Outdoor-Aktivit\u00e4ten. Egal, ob Sie\" \/>\n<meta name=\"robots\" content=\"index, follow, max-snippet:-1, max-image-preview:large, max-video-preview:-1\" \/>\n<link rel=\"canonical\" href=\"https:\/\/schweizversand.ch\/en\/produkt\/trespass-folda-sitzmatte-faltbar\/\" \/>\n<meta property=\"og:locale\" content=\"en_US\" \/>\n<meta property=\"og:type\" content=\"article\" \/>\n<meta property=\"og:title\" content=\"Trespass FOLDA - Sitzmatte Faltbar\" \/>\n<meta property=\"og:description\" content=\"Folda Universalmatte - Ihr Begleiter f\u00fcr Komfort im Freien!\u00a0 Die Folda Universalmatte ist eine gro\u00dfartige Erg\u00e4nzung f\u00fcr Ihre Outdoor-Aktivit\u00e4ten. Egal, ob Sie\" \/>\n<meta property=\"og:url\" content=\"https:\/\/schweizversand.ch\/en\/produkt\/trespass-folda-sitzmatte-faltbar\/\" \/>\n<meta property=\"og:site_name\" content=\"Schweizer Shop f\u00fcr Sport, Spiel und Freizeit\" \/>\n<meta property=\"article:publisher\" content=\"https:\/\/www.facebook.com\/Schweizversand\" \/>\n<meta property=\"article:modified_time\" content=\"2026-05-01T00:02:22+00:00\" \/>\n<meta property=\"og:image\" content=\"https:\/\/schweizversand.ch\/wp-content\/uploads\/2026\/04\/5471495941.jpg\" \/>\n\t<meta property=\"og:image:width\" content=\"865\" \/>\n\t<meta property=\"og:image:height\" content=\"1024\" \/>\n\t<meta property=\"og:image:type\" content=\"image\/jpeg\" \/>\n<meta name=\"twitter:card\" content=\"summary_large_image\" \/>\n<meta name=\"twitter:label1\" content=\"Est. reading time\" \/>\n\t<meta name=\"twitter:data1\" content=\"1 minute\" \/>\n<script type=\"application\/ld+json\" class=\"yoast-schema-graph\">{\"@context\":\"https:\\\/\\\/schema.org\",\"@graph\":[{\"@type\":\"WebPage\",\"@id\":\"https:\\\/\\\/schweizversand.ch\\\/en\\\/produkt\\\/trespass-folda-sitzmatte-faltbar\\\/\",\"url\":\"https:\\\/\\\/schweizversand.ch\\\/en\\\/produkt\\\/trespass-folda-sitzmatte-faltbar\\\/\",\"name\":\"Trespass FOLDA - Sitzmatte Faltbar\",\"isPartOf\":{\"@id\":\"https:\\\/\\\/schweizversand.ch\\\/en\\\/#website\"},\"primaryImageOfPage\":{\"@id\":\"https:\\\/\\\/schweizversand.ch\\\/en\\\/produkt\\\/trespass-folda-sitzmatte-faltbar\\\/#primaryimage\"},\"image\":{\"@id\":\"https:\\\/\\\/schweizversand.ch\\\/en\\\/produkt\\\/trespass-folda-sitzmatte-faltbar\\\/#primaryimage\"},\"thumbnailUrl\":\"https:\\\/\\\/schweizversand.ch\\\/wp-content\\\/uploads\\\/2026\\\/04\\\/5471495941.jpg\",\"datePublished\":\"2026-04-24T13:31:16+00:00\",\"dateModified\":\"2026-05-01T00:02:22+00:00\",\"description\":\"Folda Universalmatte - Ihr Begleiter f\u00fcr Komfort im Freien!\u00a0 Die Folda Universalmatte ist eine gro\u00dfartige Erg\u00e4nzung f\u00fcr Ihre Outdoor-Aktivit\u00e4ten. Egal, ob Sie\",\"breadcrumb\":{\"@id\":\"https:\\\/\\\/schweizversand.ch\\\/en\\\/produkt\\\/trespass-folda-sitzmatte-faltbar\\\/#breadcrumb\"},\"inLanguage\":\"en-US\",\"potentialAction\":[{\"@type\":\"ReadAction\",\"target\":[\"https:\\\/\\\/schweizversand.ch\\\/en\\\/produkt\\\/trespass-folda-sitzmatte-faltbar\\\/\"]}]},{\"@type\":\"ImageObject\",\"inLanguage\":\"en-US\",\"@id\":\"https:\\\/\\\/schweizversand.ch\\\/en\\\/produkt\\\/trespass-folda-sitzmatte-faltbar\\\/#primaryimage\",\"url\":\"https:\\\/\\\/schweizversand.ch\\\/wp-content\\\/uploads\\\/2026\\\/04\\\/5471495941.jpg\",\"contentUrl\":\"https:\\\/\\\/schweizversand.ch\\\/wp-content\\\/uploads\\\/2026\\\/04\\\/5471495941.jpg\",\"width\":865,\"height\":1024},{\"@type\":\"BreadcrumbList\",\"@id\":\"https:\\\/\\\/schweizversand.ch\\\/en\\\/produkt\\\/trespass-folda-sitzmatte-faltbar\\\/#breadcrumb\",\"itemListElement\":[{\"@type\":\"ListItem\",\"position\":1,\"name\":\"Startseite\",\"item\":\"https:\\\/\\\/schweizversand.ch\\\/en\\\/\"},{\"@type\":\"ListItem\",\"position\":2,\"name\":\"Shop\",\"item\":\"https:\\\/\\\/schweizversand.ch\\\/en\\\/shop\\\/\"},{\"@type\":\"ListItem\",\"position\":3,\"name\":\"Sports\",\"item\":\"https:\\\/\\\/schweizversand.ch\\\/en\\\/produkt-kategorie\\\/sports\\\/\"},{\"@type\":\"ListItem\",\"position\":4,\"name\":\"Outdoor\",\"item\":\"https:\\\/\\\/schweizversand.ch\\\/en\\\/produkt-kategorie\\\/sports\\\/outdoor\\\/\"},{\"@type\":\"ListItem\",\"position\":5,\"name\":\"Outdoor Equipment\",\"item\":\"https:\\\/\\\/schweizversand.ch\\\/en\\\/produkt-kategorie\\\/sports\\\/outdoor\\\/outdoorausruestung\\\/\"},{\"@type\":\"ListItem\",\"position\":6,\"name\":\"Trespass FOLDA &#8211; Foldable Seat Mat\"}]},{\"@type\":\"WebSite\",\"@id\":\"https:\\\/\\\/schweizversand.ch\\\/en\\\/#website\",\"url\":\"https:\\\/\\\/schweizversand.ch\\\/en\\\/\",\"name\":\"Schweizer Shop f\u00fcr Sport, Spiel und Freizeit\",\"description\":\"Gratisversand ab 50.- (netto), ab eigenem schweizer Lager, Lieferung innert 48h\",\"publisher\":{\"@id\":\"https:\\\/\\\/schweizversand.ch\\\/en\\\/#organization\"},\"alternateName\":\"Schweizversand.ch\",\"potentialAction\":[{\"@type\":\"SearchAction\",\"target\":{\"@type\":\"EntryPoint\",\"urlTemplate\":\"https:\\\/\\\/schweizversand.ch\\\/en\\\/?s={search_term_string}\"},\"query-input\":{\"@type\":\"PropertyValueSpecification\",\"valueRequired\":true,\"valueName\":\"search_term_string\"}}],\"inLanguage\":\"en-US\"},{\"@type\":\"Organization\",\"@id\":\"https:\\\/\\\/schweizversand.ch\\\/en\\\/#organization\",\"name\":\"Schweizversand.ch\",\"url\":\"https:\\\/\\\/schweizversand.ch\\\/en\\\/\",\"logo\":{\"@type\":\"ImageObject\",\"inLanguage\":\"en-US\",\"@id\":\"https:\\\/\\\/schweizversand.ch\\\/en\\\/#\\\/schema\\\/logo\\\/image\\\/\",\"url\":\"https:\\\/\\\/schweizversand.ch\\\/wp-content\\\/uploads\\\/2026\\\/03\\\/Logo_Rund_Final-1.png\",\"contentUrl\":\"https:\\\/\\\/schweizversand.ch\\\/wp-content\\\/uploads\\\/2026\\\/03\\\/Logo_Rund_Final-1.png\",\"width\":404,\"height\":404,\"caption\":\"Schweizversand.ch\"},\"image\":{\"@id\":\"https:\\\/\\\/schweizversand.ch\\\/en\\\/#\\\/schema\\\/logo\\\/image\\\/\"},\"sameAs\":[\"https:\\\/\\\/www.facebook.com\\\/Schweizversand\",\"https:\\\/\\\/www.instagram.com\\\/schweizversand.ch\\\/\"]}]}<\/script>\n<!-- \/ Yoast SEO plugin. -->","yoast_head_json":{"title":"Trespass FOLDA - Sitzmatte Faltbar","description":"Folda Universalmatte - Ihr Begleiter f\u00fcr Komfort im Freien!\u00a0 Die Folda Universalmatte ist eine gro\u00dfartige Erg\u00e4nzung f\u00fcr Ihre Outdoor-Aktivit\u00e4ten. Egal, ob Sie","robots":{"index":"index","follow":"follow","max-snippet":"max-snippet:-1","max-image-preview":"max-image-preview:large","max-video-preview":"max-video-preview:-1"},"canonical":"https:\/\/schweizversand.ch\/en\/produkt\/trespass-folda-sitzmatte-faltbar\/","og_locale":"en_US","og_type":"article","og_title":"Trespass FOLDA - Sitzmatte Faltbar","og_description":"Folda Universalmatte - Ihr Begleiter f\u00fcr Komfort im Freien!\u00a0 Die Folda Universalmatte ist eine gro\u00dfartige Erg\u00e4nzung f\u00fcr Ihre Outdoor-Aktivit\u00e4ten. Egal, ob Sie","og_url":"https:\/\/schweizversand.ch\/en\/produkt\/trespass-folda-sitzmatte-faltbar\/","og_site_name":"Schweizer Shop f\u00fcr Sport, Spiel und Freizeit","article_publisher":"https:\/\/www.facebook.com\/Schweizversand","article_modified_time":"2026-05-01T00:02:22+00:00","og_image":[{"width":865,"height":1024,"url":"https:\/\/schweizversand.ch\/wp-content\/uploads\/2026\/04\/5471495941.jpg","type":"image\/jpeg"}],"twitter_card":"summary_large_image","twitter_misc":{"Est. reading time":"1 minute"},"schema":{"@context":"https:\/\/schema.org","@graph":[{"@type":"WebPage","@id":"https:\/\/schweizversand.ch\/en\/produkt\/trespass-folda-sitzmatte-faltbar\/","url":"https:\/\/schweizversand.ch\/en\/produkt\/trespass-folda-sitzmatte-faltbar\/","name":"Trespass FOLDA - Sitzmatte Faltbar","isPartOf":{"@id":"https:\/\/schweizversand.ch\/en\/#website"},"primaryImageOfPage":{"@id":"https:\/\/schweizversand.ch\/en\/produkt\/trespass-folda-sitzmatte-faltbar\/#primaryimage"},"image":{"@id":"https:\/\/schweizversand.ch\/en\/produkt\/trespass-folda-sitzmatte-faltbar\/#primaryimage"},"thumbnailUrl":"https:\/\/schweizversand.ch\/wp-content\/uploads\/2026\/04\/5471495941.jpg","datePublished":"2026-04-24T13:31:16+00:00","dateModified":"2026-05-01T00:02:22+00:00","description":"Folda Universalmatte - Ihr Begleiter f\u00fcr Komfort im Freien!\u00a0 Die Folda Universalmatte ist eine gro\u00dfartige Erg\u00e4nzung f\u00fcr Ihre Outdoor-Aktivit\u00e4ten. Egal, ob Sie","breadcrumb":{"@id":"https:\/\/schweizversand.ch\/en\/produkt\/trespass-folda-sitzmatte-faltbar\/#breadcrumb"},"inLanguage":"en-US","potentialAction":[{"@type":"ReadAction","target":["https:\/\/schweizversand.ch\/en\/produkt\/trespass-folda-sitzmatte-faltbar\/"]}]},{"@type":"ImageObject","inLanguage":"en-US","@id":"https:\/\/schweizversand.ch\/en\/produkt\/trespass-folda-sitzmatte-faltbar\/#primaryimage","url":"https:\/\/schweizversand.ch\/wp-content\/uploads\/2026\/04\/5471495941.jpg","contentUrl":"https:\/\/schweizversand.ch\/wp-content\/uploads\/2026\/04\/5471495941.jpg","width":865,"height":1024},{"@type":"BreadcrumbList","@id":"https:\/\/schweizversand.ch\/en\/produkt\/trespass-folda-sitzmatte-faltbar\/#breadcrumb","itemListElement":[{"@type":"ListItem","position":1,"name":"Startseite","item":"https:\/\/schweizversand.ch\/en\/"},{"@type":"ListItem","position":2,"name":"Shop","item":"https:\/\/schweizversand.ch\/en\/shop\/"},{"@type":"ListItem","position":3,"name":"Sports","item":"https:\/\/schweizversand.ch\/en\/produkt-kategorie\/sports\/"},{"@type":"ListItem","position":4,"name":"Outdoor","item":"https:\/\/schweizversand.ch\/en\/produkt-kategorie\/sports\/outdoor\/"},{"@type":"ListItem","position":5,"name":"Outdoor Equipment","item":"https:\/\/schweizversand.ch\/en\/produkt-kategorie\/sports\/outdoor\/outdoorausruestung\/"},{"@type":"ListItem","position":6,"name":"Trespass FOLDA &#8211; Foldable Seat Mat"}]},{"@type":"WebSite","@id":"https:\/\/schweizversand.ch\/en\/#website","url":"https:\/\/schweizversand.ch\/en\/","name":"Schweizer Shop f\u00fcr Sport, Spiel und Freizeit","description":"Gratisversand ab 50.- (netto), ab eigenem schweizer Lager, Lieferung innert 48h","publisher":{"@id":"https:\/\/schweizversand.ch\/en\/#organization"},"alternateName":"Schweizversand.ch","potentialAction":[{"@type":"SearchAction","target":{"@type":"EntryPoint","urlTemplate":"https:\/\/schweizversand.ch\/en\/?s={search_term_string}"},"query-input":{"@type":"PropertyValueSpecification","valueRequired":true,"valueName":"search_term_string"}}],"inLanguage":"en-US"},{"@type":"Organization","@id":"https:\/\/schweizversand.ch\/en\/#organization","name":"Schweizversand.ch","url":"https:\/\/schweizversand.ch\/en\/","logo":{"@type":"ImageObject","inLanguage":"en-US","@id":"https:\/\/schweizversand.ch\/en\/#\/schema\/logo\/image\/","url":"https:\/\/schweizversand.ch\/wp-content\/uploads\/2026\/03\/Logo_Rund_Final-1.png","contentUrl":"https:\/\/schweizversand.ch\/wp-content\/uploads\/2026\/03\/Logo_Rund_Final-1.png","width":404,"height":404,"caption":"Schweizversand.ch"},"image":{"@id":"https:\/\/schweizversand.ch\/en\/#\/schema\/logo\/image\/"},"sameAs":["https:\/\/www.facebook.com\/Schweizversand","https:\/\/www.instagram.com\/schweizversand.ch\/"]}]}},"jetpack_sharing_enabled":true,"_links":{"self":[{"href":"https:\/\/schweizversand.ch\/en\/wp-json\/wp\/v2\/product\/268213","targetHints":{"allow":["GET"]}}],"collection":[{"href":"https:\/\/schweizversand.ch\/en\/wp-json\/wp\/v2\/product"}],"about":[{"href":"https:\/\/schweizversand.ch\/en\/wp-json\/wp\/v2\/types\/product"}],"replies":[{"embeddable":true,"href":"https:\/\/schweizversand.ch\/en\/wp-json\/wp\/v2\/comments?post=268213"}],"wp:featuredmedia":[{"embeddable":true,"href":"https:\/\/schweizversand.ch\/en\/wp-json\/wp\/v2\/media\/268323"}],"wp:attachment":[{"href":"https:\/\/schweizversand.ch\/en\/wp-json\/wp\/v2\/media?parent=268213"}],"wp:term":[{"taxonomy":"product_brand","embeddable":true,"href":"https:\/\/schweizversand.ch\/en\/wp-json\/wp\/v2\/product_brand?post=268213"},{"taxonomy":"product_cat","embeddable":true,"href":"https:\/\/schweizversand.ch\/en\/wp-json\/wp\/v2\/product_cat?post=268213"},{"taxonomy":"product_tag","embeddable":true,"href":"https:\/\/schweizversand.ch\/en\/wp-json\/wp\/v2\/product_tag?post=268213"}],"curies":[{"name":"wp","href":"https:\/\/api.w.org\/{rel}","templated":true}]}}