{"id":268220,"date":"2026-04-24T15:31:18","date_gmt":"2026-04-24T13:31:18","guid":{"rendered":"https:\/\/schweizversand.ch\/produkt\/trespass-click-clack-kinder-fangspiel\/"},"modified":"2026-05-01T02:02:30","modified_gmt":"2026-05-01T00:02:30","slug":"trespass-click-clack-kinder-fangspiel","status":"publish","type":"product","link":"https:\/\/schweizversand.ch\/en\/produkt\/trespass-click-clack-kinder-fangspiel\/","title":{"rendered":"Trespass CLICK CLACK children&#8217;s catch game"},"content":{"rendered":"<h1><strong>Ball Catching Game Set for Children \u2013 Dexterity and Motor Skills<\/strong><\/h1>\n<div>Give your children hours of exercise and exciting challenges with this popular <strong>ball catching game for children<\/strong>. This throwing game set not only guarantees endless fun, but also specifically promotes hand-eye coordination, motor skills, and reaction time in a playful way.<\/p>\n<\/div>\n<div><strong>The Exciting Game Principle<\/strong><br \/>The catching game is easy to understand and offers quick fun. Players place the small ball in the basket of the catching cup. With a simple press of the lever, the ball is activated and shoots into the air \u2013 the challenge is to catch the ball quickly and skillfully back in the basket<\/strong>. An exciting dexterity game for children that trains concentration.<\/p>\n<\/div>\n<div><strong>Versatile play options<\/strong><br \/>&#8211; Individual play: Ideal for improving hand-eye coordination and practicing throwing technique on your own.<br \/>&#8211; Group play: Pass the ball to each other and increase the challenge of the catching game. Who will demonstrate the best reaction time?<\/p>\n<\/div>\n<div><strong>Developing important skills<\/strong><br \/>This <strong>motor skills toy<\/strong> is excellent training for fine motor skills and coordination. Constantly practicing catching the ball improves children&#8217;s <strong>reaction time<\/strong> in a playful and effective way. It&#8217;s the perfect outdoor toy for children, but can also be used indoors without any problems. Perfect for any occasion! Whether as an indoor game for rainy days or as an action-packed outdoor toy for children in the garden \u2013 this ball-catching game guarantees exciting entertainment at any time. Get this set and make your children&#8217;s development a playful highlight!<\/p>\n","protected":false},"excerpt":{"rendered":"<p>Trespass CLICK CLACK Kinder Fangspiel f\u00f6rdert spielerisch Motorik, Hand-Augen-Koordination und Reaktionsf\u00e4higkeit f\u00fcr stundenlangen, spannenden Spielspa\u00df bei Kindern.<\/p>\n","protected":false},"featured_media":268369,"comment_status":"open","ping_status":"closed","template":"","meta":[],"product_brand":[],"product_cat":[38300],"product_tag":[],"class_list":{"0":"post-268220","1":"product","2":"type-product","3":"status-publish","4":"has-post-thumbnail","6":"product_cat-gartenspielzeug","7":"product_shipping_class-global_methods","9":"first","10":"instock","11":"taxable","12":"shipping-taxable","13":"purchasable","14":"product-type-simple"},"yoast_head":"<!-- This site is optimized with the Yoast SEO plugin v27.5 - https:\/\/yoast.com\/product\/yoast-seo-wordpress\/ -->\n<title>Trespass CLICK CLACK Kinder Fangspiel<\/title>\n<meta name=\"description\" content=\"Ball-Fangspiel Set f\u00fcr Kinder \u2013 Geschicklichkeit und Motorik Schenken Sie Ihren Kindern Stunden voller Bewegung und spannender Herausforderungen mit diesem beli\" \/>\n<meta name=\"robots\" content=\"index, follow, max-snippet:-1, max-image-preview:large, max-video-preview:-1\" \/>\n<link rel=\"canonical\" href=\"https:\/\/schweizversand.ch\/en\/produkt\/trespass-click-clack-kinder-fangspiel\/\" \/>\n<meta property=\"og:locale\" content=\"en_US\" \/>\n<meta property=\"og:type\" content=\"article\" \/>\n<meta property=\"og:title\" content=\"Trespass CLICK CLACK Kinder Fangspiel\" \/>\n<meta property=\"og:description\" content=\"Ball-Fangspiel Set f\u00fcr Kinder \u2013 Geschicklichkeit und Motorik Schenken Sie Ihren Kindern Stunden voller Bewegung und spannender Herausforderungen mit diesem beli\" \/>\n<meta property=\"og:url\" content=\"https:\/\/schweizversand.ch\/en\/produkt\/trespass-click-clack-kinder-fangspiel\/\" \/>\n<meta property=\"og:site_name\" content=\"Schweizer Shop f\u00fcr Sport, Spiel und Freizeit\" \/>\n<meta property=\"article:publisher\" content=\"https:\/\/www.facebook.com\/Schweizversand\" \/>\n<meta property=\"article:modified_time\" content=\"2026-05-01T00:02:30+00:00\" \/>\n<meta property=\"og:image\" content=\"https:\/\/schweizversand.ch\/wp-content\/uploads\/2026\/04\/5646670957.jpg\" \/>\n\t<meta property=\"og:image:width\" content=\"1024\" \/>\n\t<meta property=\"og:image:height\" content=\"842\" \/>\n\t<meta property=\"og:image:type\" content=\"image\/jpeg\" \/>\n<meta name=\"twitter:card\" content=\"summary_large_image\" \/>\n<meta name=\"twitter:label1\" content=\"Est. reading time\" \/>\n\t<meta name=\"twitter:data1\" content=\"1 minute\" \/>\n<script type=\"application\/ld+json\" class=\"yoast-schema-graph\">{\"@context\":\"https:\\\/\\\/schema.org\",\"@graph\":[{\"@type\":\"WebPage\",\"@id\":\"https:\\\/\\\/schweizversand.ch\\\/en\\\/produkt\\\/trespass-click-clack-kinder-fangspiel\\\/\",\"url\":\"https:\\\/\\\/schweizversand.ch\\\/en\\\/produkt\\\/trespass-click-clack-kinder-fangspiel\\\/\",\"name\":\"Trespass CLICK CLACK Kinder Fangspiel\",\"isPartOf\":{\"@id\":\"https:\\\/\\\/schweizversand.ch\\\/en\\\/#website\"},\"primaryImageOfPage\":{\"@id\":\"https:\\\/\\\/schweizversand.ch\\\/en\\\/produkt\\\/trespass-click-clack-kinder-fangspiel\\\/#primaryimage\"},\"image\":{\"@id\":\"https:\\\/\\\/schweizversand.ch\\\/en\\\/produkt\\\/trespass-click-clack-kinder-fangspiel\\\/#primaryimage\"},\"thumbnailUrl\":\"https:\\\/\\\/schweizversand.ch\\\/wp-content\\\/uploads\\\/2026\\\/04\\\/5646670957.jpg\",\"datePublished\":\"2026-04-24T13:31:18+00:00\",\"dateModified\":\"2026-05-01T00:02:30+00:00\",\"description\":\"Ball-Fangspiel Set f\u00fcr Kinder \u2013 Geschicklichkeit und Motorik Schenken Sie Ihren Kindern Stunden voller Bewegung und spannender Herausforderungen mit diesem beli\",\"breadcrumb\":{\"@id\":\"https:\\\/\\\/schweizversand.ch\\\/en\\\/produkt\\\/trespass-click-clack-kinder-fangspiel\\\/#breadcrumb\"},\"inLanguage\":\"en-US\",\"potentialAction\":[{\"@type\":\"ReadAction\",\"target\":[\"https:\\\/\\\/schweizversand.ch\\\/en\\\/produkt\\\/trespass-click-clack-kinder-fangspiel\\\/\"]}]},{\"@type\":\"ImageObject\",\"inLanguage\":\"en-US\",\"@id\":\"https:\\\/\\\/schweizversand.ch\\\/en\\\/produkt\\\/trespass-click-clack-kinder-fangspiel\\\/#primaryimage\",\"url\":\"https:\\\/\\\/schweizversand.ch\\\/wp-content\\\/uploads\\\/2026\\\/04\\\/5646670957.jpg\",\"contentUrl\":\"https:\\\/\\\/schweizversand.ch\\\/wp-content\\\/uploads\\\/2026\\\/04\\\/5646670957.jpg\",\"width\":1024,\"height\":842},{\"@type\":\"BreadcrumbList\",\"@id\":\"https:\\\/\\\/schweizversand.ch\\\/en\\\/produkt\\\/trespass-click-clack-kinder-fangspiel\\\/#breadcrumb\",\"itemListElement\":[{\"@type\":\"ListItem\",\"position\":1,\"name\":\"Startseite\",\"item\":\"https:\\\/\\\/schweizversand.ch\\\/en\\\/\"},{\"@type\":\"ListItem\",\"position\":2,\"name\":\"Shop\",\"item\":\"https:\\\/\\\/schweizversand.ch\\\/en\\\/shop\\\/\"},{\"@type\":\"ListItem\",\"position\":3,\"name\":\"Toys &amp; Games\",\"item\":\"https:\\\/\\\/schweizversand.ch\\\/en\\\/produkt-kategorie\\\/toys-games\\\/\"},{\"@type\":\"ListItem\",\"position\":4,\"name\":\"Outdoor Games\",\"item\":\"https:\\\/\\\/schweizversand.ch\\\/en\\\/produkt-kategorie\\\/toys-games\\\/outdoor-games\\\/\"},{\"@type\":\"ListItem\",\"position\":5,\"name\":\"Garden Toys\",\"item\":\"https:\\\/\\\/schweizversand.ch\\\/en\\\/produkt-kategorie\\\/toys-games\\\/outdoor-games\\\/gartenspielzeug\\\/\"},{\"@type\":\"ListItem\",\"position\":6,\"name\":\"Trespass CLICK CLACK children&#8217;s catch game\"}]},{\"@type\":\"WebSite\",\"@id\":\"https:\\\/\\\/schweizversand.ch\\\/en\\\/#website\",\"url\":\"https:\\\/\\\/schweizversand.ch\\\/en\\\/\",\"name\":\"Schweizer Shop f\u00fcr Sport, Spiel und Freizeit\",\"description\":\"Gratisversand ab 50.- (netto), ab eigenem schweizer Lager, Lieferung innert 48h\",\"publisher\":{\"@id\":\"https:\\\/\\\/schweizversand.ch\\\/en\\\/#organization\"},\"alternateName\":\"Schweizversand.ch\",\"potentialAction\":[{\"@type\":\"SearchAction\",\"target\":{\"@type\":\"EntryPoint\",\"urlTemplate\":\"https:\\\/\\\/schweizversand.ch\\\/en\\\/?s={search_term_string}\"},\"query-input\":{\"@type\":\"PropertyValueSpecification\",\"valueRequired\":true,\"valueName\":\"search_term_string\"}}],\"inLanguage\":\"en-US\"},{\"@type\":\"Organization\",\"@id\":\"https:\\\/\\\/schweizversand.ch\\\/en\\\/#organization\",\"name\":\"Schweizversand.ch\",\"url\":\"https:\\\/\\\/schweizversand.ch\\\/en\\\/\",\"logo\":{\"@type\":\"ImageObject\",\"inLanguage\":\"en-US\",\"@id\":\"https:\\\/\\\/schweizversand.ch\\\/en\\\/#\\\/schema\\\/logo\\\/image\\\/\",\"url\":\"https:\\\/\\\/schweizversand.ch\\\/wp-content\\\/uploads\\\/2026\\\/03\\\/Logo_Rund_Final-1.png\",\"contentUrl\":\"https:\\\/\\\/schweizversand.ch\\\/wp-content\\\/uploads\\\/2026\\\/03\\\/Logo_Rund_Final-1.png\",\"width\":404,\"height\":404,\"caption\":\"Schweizversand.ch\"},\"image\":{\"@id\":\"https:\\\/\\\/schweizversand.ch\\\/en\\\/#\\\/schema\\\/logo\\\/image\\\/\"},\"sameAs\":[\"https:\\\/\\\/www.facebook.com\\\/Schweizversand\",\"https:\\\/\\\/www.instagram.com\\\/schweizversand.ch\\\/\"]}]}<\/script>\n<!-- \/ Yoast SEO plugin. -->","yoast_head_json":{"title":"Trespass CLICK CLACK Kinder Fangspiel","description":"Ball-Fangspiel Set f\u00fcr Kinder \u2013 Geschicklichkeit und Motorik Schenken Sie Ihren Kindern Stunden voller Bewegung und spannender Herausforderungen mit diesem beli","robots":{"index":"index","follow":"follow","max-snippet":"max-snippet:-1","max-image-preview":"max-image-preview:large","max-video-preview":"max-video-preview:-1"},"canonical":"https:\/\/schweizversand.ch\/en\/produkt\/trespass-click-clack-kinder-fangspiel\/","og_locale":"en_US","og_type":"article","og_title":"Trespass CLICK CLACK Kinder Fangspiel","og_description":"Ball-Fangspiel Set f\u00fcr Kinder \u2013 Geschicklichkeit und Motorik Schenken Sie Ihren Kindern Stunden voller Bewegung und spannender Herausforderungen mit diesem beli","og_url":"https:\/\/schweizversand.ch\/en\/produkt\/trespass-click-clack-kinder-fangspiel\/","og_site_name":"Schweizer Shop f\u00fcr Sport, Spiel und Freizeit","article_publisher":"https:\/\/www.facebook.com\/Schweizversand","article_modified_time":"2026-05-01T00:02:30+00:00","og_image":[{"width":1024,"height":842,"url":"https:\/\/schweizversand.ch\/wp-content\/uploads\/2026\/04\/5646670957.jpg","type":"image\/jpeg"}],"twitter_card":"summary_large_image","twitter_misc":{"Est. reading time":"1 minute"},"schema":{"@context":"https:\/\/schema.org","@graph":[{"@type":"WebPage","@id":"https:\/\/schweizversand.ch\/en\/produkt\/trespass-click-clack-kinder-fangspiel\/","url":"https:\/\/schweizversand.ch\/en\/produkt\/trespass-click-clack-kinder-fangspiel\/","name":"Trespass CLICK CLACK Kinder Fangspiel","isPartOf":{"@id":"https:\/\/schweizversand.ch\/en\/#website"},"primaryImageOfPage":{"@id":"https:\/\/schweizversand.ch\/en\/produkt\/trespass-click-clack-kinder-fangspiel\/#primaryimage"},"image":{"@id":"https:\/\/schweizversand.ch\/en\/produkt\/trespass-click-clack-kinder-fangspiel\/#primaryimage"},"thumbnailUrl":"https:\/\/schweizversand.ch\/wp-content\/uploads\/2026\/04\/5646670957.jpg","datePublished":"2026-04-24T13:31:18+00:00","dateModified":"2026-05-01T00:02:30+00:00","description":"Ball-Fangspiel Set f\u00fcr Kinder \u2013 Geschicklichkeit und Motorik Schenken Sie Ihren Kindern Stunden voller Bewegung und spannender Herausforderungen mit diesem beli","breadcrumb":{"@id":"https:\/\/schweizversand.ch\/en\/produkt\/trespass-click-clack-kinder-fangspiel\/#breadcrumb"},"inLanguage":"en-US","potentialAction":[{"@type":"ReadAction","target":["https:\/\/schweizversand.ch\/en\/produkt\/trespass-click-clack-kinder-fangspiel\/"]}]},{"@type":"ImageObject","inLanguage":"en-US","@id":"https:\/\/schweizversand.ch\/en\/produkt\/trespass-click-clack-kinder-fangspiel\/#primaryimage","url":"https:\/\/schweizversand.ch\/wp-content\/uploads\/2026\/04\/5646670957.jpg","contentUrl":"https:\/\/schweizversand.ch\/wp-content\/uploads\/2026\/04\/5646670957.jpg","width":1024,"height":842},{"@type":"BreadcrumbList","@id":"https:\/\/schweizversand.ch\/en\/produkt\/trespass-click-clack-kinder-fangspiel\/#breadcrumb","itemListElement":[{"@type":"ListItem","position":1,"name":"Startseite","item":"https:\/\/schweizversand.ch\/en\/"},{"@type":"ListItem","position":2,"name":"Shop","item":"https:\/\/schweizversand.ch\/en\/shop\/"},{"@type":"ListItem","position":3,"name":"Toys &amp; Games","item":"https:\/\/schweizversand.ch\/en\/produkt-kategorie\/toys-games\/"},{"@type":"ListItem","position":4,"name":"Outdoor Games","item":"https:\/\/schweizversand.ch\/en\/produkt-kategorie\/toys-games\/outdoor-games\/"},{"@type":"ListItem","position":5,"name":"Garden Toys","item":"https:\/\/schweizversand.ch\/en\/produkt-kategorie\/toys-games\/outdoor-games\/gartenspielzeug\/"},{"@type":"ListItem","position":6,"name":"Trespass CLICK CLACK children&#8217;s catch game"}]},{"@type":"WebSite","@id":"https:\/\/schweizversand.ch\/en\/#website","url":"https:\/\/schweizversand.ch\/en\/","name":"Schweizer Shop f\u00fcr Sport, Spiel und Freizeit","description":"Gratisversand ab 50.- (netto), ab eigenem schweizer Lager, Lieferung innert 48h","publisher":{"@id":"https:\/\/schweizversand.ch\/en\/#organization"},"alternateName":"Schweizversand.ch","potentialAction":[{"@type":"SearchAction","target":{"@type":"EntryPoint","urlTemplate":"https:\/\/schweizversand.ch\/en\/?s={search_term_string}"},"query-input":{"@type":"PropertyValueSpecification","valueRequired":true,"valueName":"search_term_string"}}],"inLanguage":"en-US"},{"@type":"Organization","@id":"https:\/\/schweizversand.ch\/en\/#organization","name":"Schweizversand.ch","url":"https:\/\/schweizversand.ch\/en\/","logo":{"@type":"ImageObject","inLanguage":"en-US","@id":"https:\/\/schweizversand.ch\/en\/#\/schema\/logo\/image\/","url":"https:\/\/schweizversand.ch\/wp-content\/uploads\/2026\/03\/Logo_Rund_Final-1.png","contentUrl":"https:\/\/schweizversand.ch\/wp-content\/uploads\/2026\/03\/Logo_Rund_Final-1.png","width":404,"height":404,"caption":"Schweizversand.ch"},"image":{"@id":"https:\/\/schweizversand.ch\/en\/#\/schema\/logo\/image\/"},"sameAs":["https:\/\/www.facebook.com\/Schweizversand","https:\/\/www.instagram.com\/schweizversand.ch\/"]}]}},"jetpack_sharing_enabled":true,"_links":{"self":[{"href":"https:\/\/schweizversand.ch\/en\/wp-json\/wp\/v2\/product\/268220","targetHints":{"allow":["GET"]}}],"collection":[{"href":"https:\/\/schweizversand.ch\/en\/wp-json\/wp\/v2\/product"}],"about":[{"href":"https:\/\/schweizversand.ch\/en\/wp-json\/wp\/v2\/types\/product"}],"replies":[{"embeddable":true,"href":"https:\/\/schweizversand.ch\/en\/wp-json\/wp\/v2\/comments?post=268220"}],"wp:featuredmedia":[{"embeddable":true,"href":"https:\/\/schweizversand.ch\/en\/wp-json\/wp\/v2\/media\/268369"}],"wp:attachment":[{"href":"https:\/\/schweizversand.ch\/en\/wp-json\/wp\/v2\/media?parent=268220"}],"wp:term":[{"taxonomy":"product_brand","embeddable":true,"href":"https:\/\/schweizversand.ch\/en\/wp-json\/wp\/v2\/product_brand?post=268220"},{"taxonomy":"product_cat","embeddable":true,"href":"https:\/\/schweizversand.ch\/en\/wp-json\/wp\/v2\/product_cat?post=268220"},{"taxonomy":"product_tag","embeddable":true,"href":"https:\/\/schweizversand.ch\/en\/wp-json\/wp\/v2\/product_tag?post=268220"}],"curies":[{"name":"wp","href":"https:\/\/api.w.org\/{rel}","templated":true}]}}