{"id":268222,"date":"2026-04-24T15:31:18","date_gmt":"2026-04-24T13:31:18","guid":{"rendered":"https:\/\/schweizversand.ch\/produkt\/trespass-spoke-endkappen-fuer-wanderstoecke\/"},"modified":"2026-05-01T02:02:31","modified_gmt":"2026-05-01T00:02:31","slug":"trespass-spoke-endkappen-fuer-wanderstoecke","status":"publish","type":"product","link":"https:\/\/schweizversand.ch\/en\/produkt\/trespass-spoke-endkappen-fuer-wanderstoecke\/","title":{"rendered":"Trespass SPOKE &#8211; WALKING TIPS"},"content":{"rendered":"<h1><strong>TRESPASS Spoke &#8211; End Caps for Trekking Poles (Set of 2)<\/strong><\/h1>\n<div>Secure your hikes and protect your equipment with <strong>TRESPASS Spoke End Caps<\/strong>. These high-quality rubber end caps for trekking poles are the ideal replacement for worn-out tips and offer optimal grip and cushioning on hard surfaces.<\/p>\n<\/div>\n<div><strong>Perfect Protection and Grip<\/strong><br \/>These replacement end caps for trekking poles are specially designed to extend the lifespan of your poles. The robust rubber construction provides excellent traction on asphalt, sidewalks, or rocky trails, minimizing the risk of slipping. You will receive a <strong>2-pack<\/strong> so you can equip both poles immediately.<\/p>\n<\/div>\n<div><strong>Noise Reduction and Comfort<\/strong><br \/>As an essential hiking accessory, these rubber trekking pole tips effectively reduce the noise generated when the metal tips hit hard ground. Enjoy a quieter and more comfortable hike while also protecting the environment. The <strong>trekking pole end caps<\/strong> are easy to attach and fit most common trekking pole models.<\/p>\n<\/div>\n<div><strong>Material and Scope of Delivery<\/strong><br \/>&#8211; Material: 100% rubber (robust and durable)<br \/>&#8211; Set contents: 2 pieces (one pair)<br \/>&#8211; Function: Optimal cushioning and grip on hard surfaces<\/p>\n<\/div>\n<div>Equip your poles now with the durable TRESPASS end caps and experience the difference on your next hike.<\/p>\n<\/div>\n<div><\/div>\n","protected":false},"excerpt":{"rendered":"<p>Trespass SPOKE Endkappen bieten optimalen Halt und D\u00e4mpfung auf hartem Untergrund. Verl\u00e4ngern Sie die Lebensdauer Ihrer Wanderst\u00f6cke mit dem praktischen 2er-Set.<\/p>\n","protected":false},"featured_media":268376,"comment_status":"open","ping_status":"closed","template":"","meta":[],"product_brand":[],"product_cat":[38055],"product_tag":[],"class_list":{"0":"post-268222","1":"product","2":"type-product","3":"status-publish","4":"has-post-thumbnail","6":"product_cat-outdoorausruestung","7":"product_shipping_class-global_methods","9":"first","10":"instock","11":"taxable","12":"shipping-taxable","13":"purchasable","14":"product-type-simple"},"yoast_head":"<!-- This site is optimized with the Yoast SEO plugin v27.5 - https:\/\/yoast.com\/product\/yoast-seo-wordpress\/ -->\n<title>Trespass SPOKE - WALKING TIPS<\/title>\n<meta name=\"description\" content=\"TRESPASS Spoke \u2013 Endkappen f\u00fcr Wanderst\u00f6cke (2er-Set) Sichern Sie Ihre Wanderungen und schonen Sie Ihre Ausr\u00fcstung mit den TRESPASS Spoke Endkappen . Diese hoch\" \/>\n<meta name=\"robots\" content=\"index, follow, max-snippet:-1, max-image-preview:large, max-video-preview:-1\" \/>\n<link rel=\"canonical\" href=\"https:\/\/schweizversand.ch\/en\/produkt\/trespass-spoke-endkappen-fuer-wanderstoecke\/\" \/>\n<meta property=\"og:locale\" content=\"en_US\" \/>\n<meta property=\"og:type\" content=\"article\" \/>\n<meta property=\"og:title\" content=\"Trespass SPOKE - WALKING TIPS\" \/>\n<meta property=\"og:description\" content=\"TRESPASS Spoke \u2013 Endkappen f\u00fcr Wanderst\u00f6cke (2er-Set) Sichern Sie Ihre Wanderungen und schonen Sie Ihre Ausr\u00fcstung mit den TRESPASS Spoke Endkappen . Diese hoch\" \/>\n<meta property=\"og:url\" content=\"https:\/\/schweizversand.ch\/en\/produkt\/trespass-spoke-endkappen-fuer-wanderstoecke\/\" \/>\n<meta property=\"og:site_name\" content=\"Schweizer Shop f\u00fcr Sport, Spiel und Freizeit\" \/>\n<meta property=\"article:publisher\" content=\"https:\/\/www.facebook.com\/Schweizversand\" \/>\n<meta property=\"article:modified_time\" content=\"2026-05-01T00:02:31+00:00\" \/>\n<meta property=\"og:image\" content=\"https:\/\/schweizversand.ch\/wp-content\/uploads\/2026\/04\/5471506909.jpg\" \/>\n\t<meta property=\"og:image:width\" content=\"1024\" \/>\n\t<meta property=\"og:image:height\" content=\"1024\" \/>\n\t<meta property=\"og:image:type\" content=\"image\/jpeg\" \/>\n<meta name=\"twitter:card\" content=\"summary_large_image\" \/>\n<meta name=\"twitter:label1\" content=\"Est. reading time\" \/>\n\t<meta name=\"twitter:data1\" content=\"1 minute\" \/>\n<script type=\"application\/ld+json\" class=\"yoast-schema-graph\">{\"@context\":\"https:\\\/\\\/schema.org\",\"@graph\":[{\"@type\":\"WebPage\",\"@id\":\"https:\\\/\\\/schweizversand.ch\\\/en\\\/produkt\\\/trespass-spoke-endkappen-fuer-wanderstoecke\\\/\",\"url\":\"https:\\\/\\\/schweizversand.ch\\\/en\\\/produkt\\\/trespass-spoke-endkappen-fuer-wanderstoecke\\\/\",\"name\":\"Trespass SPOKE - WALKING TIPS\",\"isPartOf\":{\"@id\":\"https:\\\/\\\/schweizversand.ch\\\/en\\\/#website\"},\"primaryImageOfPage\":{\"@id\":\"https:\\\/\\\/schweizversand.ch\\\/en\\\/produkt\\\/trespass-spoke-endkappen-fuer-wanderstoecke\\\/#primaryimage\"},\"image\":{\"@id\":\"https:\\\/\\\/schweizversand.ch\\\/en\\\/produkt\\\/trespass-spoke-endkappen-fuer-wanderstoecke\\\/#primaryimage\"},\"thumbnailUrl\":\"https:\\\/\\\/schweizversand.ch\\\/wp-content\\\/uploads\\\/2026\\\/04\\\/5471506909.jpg\",\"datePublished\":\"2026-04-24T13:31:18+00:00\",\"dateModified\":\"2026-05-01T00:02:31+00:00\",\"description\":\"TRESPASS Spoke \u2013 Endkappen f\u00fcr Wanderst\u00f6cke (2er-Set) Sichern Sie Ihre Wanderungen und schonen Sie Ihre Ausr\u00fcstung mit den TRESPASS Spoke Endkappen . Diese hoch\",\"breadcrumb\":{\"@id\":\"https:\\\/\\\/schweizversand.ch\\\/en\\\/produkt\\\/trespass-spoke-endkappen-fuer-wanderstoecke\\\/#breadcrumb\"},\"inLanguage\":\"en-US\",\"potentialAction\":[{\"@type\":\"ReadAction\",\"target\":[\"https:\\\/\\\/schweizversand.ch\\\/en\\\/produkt\\\/trespass-spoke-endkappen-fuer-wanderstoecke\\\/\"]}]},{\"@type\":\"ImageObject\",\"inLanguage\":\"en-US\",\"@id\":\"https:\\\/\\\/schweizversand.ch\\\/en\\\/produkt\\\/trespass-spoke-endkappen-fuer-wanderstoecke\\\/#primaryimage\",\"url\":\"https:\\\/\\\/schweizversand.ch\\\/wp-content\\\/uploads\\\/2026\\\/04\\\/5471506909.jpg\",\"contentUrl\":\"https:\\\/\\\/schweizversand.ch\\\/wp-content\\\/uploads\\\/2026\\\/04\\\/5471506909.jpg\",\"width\":1024,\"height\":1024},{\"@type\":\"BreadcrumbList\",\"@id\":\"https:\\\/\\\/schweizversand.ch\\\/en\\\/produkt\\\/trespass-spoke-endkappen-fuer-wanderstoecke\\\/#breadcrumb\",\"itemListElement\":[{\"@type\":\"ListItem\",\"position\":1,\"name\":\"Startseite\",\"item\":\"https:\\\/\\\/schweizversand.ch\\\/en\\\/\"},{\"@type\":\"ListItem\",\"position\":2,\"name\":\"Shop\",\"item\":\"https:\\\/\\\/schweizversand.ch\\\/en\\\/shop\\\/\"},{\"@type\":\"ListItem\",\"position\":3,\"name\":\"Sports\",\"item\":\"https:\\\/\\\/schweizversand.ch\\\/en\\\/produkt-kategorie\\\/sports\\\/\"},{\"@type\":\"ListItem\",\"position\":4,\"name\":\"Outdoor\",\"item\":\"https:\\\/\\\/schweizversand.ch\\\/en\\\/produkt-kategorie\\\/sports\\\/outdoor\\\/\"},{\"@type\":\"ListItem\",\"position\":5,\"name\":\"Outdoor Equipment\",\"item\":\"https:\\\/\\\/schweizversand.ch\\\/en\\\/produkt-kategorie\\\/sports\\\/outdoor\\\/outdoorausruestung\\\/\"},{\"@type\":\"ListItem\",\"position\":6,\"name\":\"Trespass SPOKE &#8211; WALKING TIPS\"}]},{\"@type\":\"WebSite\",\"@id\":\"https:\\\/\\\/schweizversand.ch\\\/en\\\/#website\",\"url\":\"https:\\\/\\\/schweizversand.ch\\\/en\\\/\",\"name\":\"Schweizer Shop f\u00fcr Sport, Spiel und Freizeit\",\"description\":\"Gratisversand ab 50.- (netto), ab eigenem schweizer Lager, Lieferung innert 48h\",\"publisher\":{\"@id\":\"https:\\\/\\\/schweizversand.ch\\\/en\\\/#organization\"},\"alternateName\":\"Schweizversand.ch\",\"potentialAction\":[{\"@type\":\"SearchAction\",\"target\":{\"@type\":\"EntryPoint\",\"urlTemplate\":\"https:\\\/\\\/schweizversand.ch\\\/en\\\/?s={search_term_string}\"},\"query-input\":{\"@type\":\"PropertyValueSpecification\",\"valueRequired\":true,\"valueName\":\"search_term_string\"}}],\"inLanguage\":\"en-US\"},{\"@type\":\"Organization\",\"@id\":\"https:\\\/\\\/schweizversand.ch\\\/en\\\/#organization\",\"name\":\"Schweizversand.ch\",\"url\":\"https:\\\/\\\/schweizversand.ch\\\/en\\\/\",\"logo\":{\"@type\":\"ImageObject\",\"inLanguage\":\"en-US\",\"@id\":\"https:\\\/\\\/schweizversand.ch\\\/en\\\/#\\\/schema\\\/logo\\\/image\\\/\",\"url\":\"https:\\\/\\\/schweizversand.ch\\\/wp-content\\\/uploads\\\/2026\\\/03\\\/Logo_Rund_Final-1.png\",\"contentUrl\":\"https:\\\/\\\/schweizversand.ch\\\/wp-content\\\/uploads\\\/2026\\\/03\\\/Logo_Rund_Final-1.png\",\"width\":404,\"height\":404,\"caption\":\"Schweizversand.ch\"},\"image\":{\"@id\":\"https:\\\/\\\/schweizversand.ch\\\/en\\\/#\\\/schema\\\/logo\\\/image\\\/\"},\"sameAs\":[\"https:\\\/\\\/www.facebook.com\\\/Schweizversand\",\"https:\\\/\\\/www.instagram.com\\\/schweizversand.ch\\\/\"]}]}<\/script>\n<!-- \/ Yoast SEO plugin. -->","yoast_head_json":{"title":"Trespass SPOKE - WALKING TIPS","description":"TRESPASS Spoke \u2013 Endkappen f\u00fcr Wanderst\u00f6cke (2er-Set) Sichern Sie Ihre Wanderungen und schonen Sie Ihre Ausr\u00fcstung mit den TRESPASS Spoke Endkappen . Diese hoch","robots":{"index":"index","follow":"follow","max-snippet":"max-snippet:-1","max-image-preview":"max-image-preview:large","max-video-preview":"max-video-preview:-1"},"canonical":"https:\/\/schweizversand.ch\/en\/produkt\/trespass-spoke-endkappen-fuer-wanderstoecke\/","og_locale":"en_US","og_type":"article","og_title":"Trespass SPOKE - WALKING TIPS","og_description":"TRESPASS Spoke \u2013 Endkappen f\u00fcr Wanderst\u00f6cke (2er-Set) Sichern Sie Ihre Wanderungen und schonen Sie Ihre Ausr\u00fcstung mit den TRESPASS Spoke Endkappen . Diese hoch","og_url":"https:\/\/schweizversand.ch\/en\/produkt\/trespass-spoke-endkappen-fuer-wanderstoecke\/","og_site_name":"Schweizer Shop f\u00fcr Sport, Spiel und Freizeit","article_publisher":"https:\/\/www.facebook.com\/Schweizversand","article_modified_time":"2026-05-01T00:02:31+00:00","og_image":[{"width":1024,"height":1024,"url":"https:\/\/schweizversand.ch\/wp-content\/uploads\/2026\/04\/5471506909.jpg","type":"image\/jpeg"}],"twitter_card":"summary_large_image","twitter_misc":{"Est. reading time":"1 minute"},"schema":{"@context":"https:\/\/schema.org","@graph":[{"@type":"WebPage","@id":"https:\/\/schweizversand.ch\/en\/produkt\/trespass-spoke-endkappen-fuer-wanderstoecke\/","url":"https:\/\/schweizversand.ch\/en\/produkt\/trespass-spoke-endkappen-fuer-wanderstoecke\/","name":"Trespass SPOKE - WALKING TIPS","isPartOf":{"@id":"https:\/\/schweizversand.ch\/en\/#website"},"primaryImageOfPage":{"@id":"https:\/\/schweizversand.ch\/en\/produkt\/trespass-spoke-endkappen-fuer-wanderstoecke\/#primaryimage"},"image":{"@id":"https:\/\/schweizversand.ch\/en\/produkt\/trespass-spoke-endkappen-fuer-wanderstoecke\/#primaryimage"},"thumbnailUrl":"https:\/\/schweizversand.ch\/wp-content\/uploads\/2026\/04\/5471506909.jpg","datePublished":"2026-04-24T13:31:18+00:00","dateModified":"2026-05-01T00:02:31+00:00","description":"TRESPASS Spoke \u2013 Endkappen f\u00fcr Wanderst\u00f6cke (2er-Set) Sichern Sie Ihre Wanderungen und schonen Sie Ihre Ausr\u00fcstung mit den TRESPASS Spoke Endkappen . Diese hoch","breadcrumb":{"@id":"https:\/\/schweizversand.ch\/en\/produkt\/trespass-spoke-endkappen-fuer-wanderstoecke\/#breadcrumb"},"inLanguage":"en-US","potentialAction":[{"@type":"ReadAction","target":["https:\/\/schweizversand.ch\/en\/produkt\/trespass-spoke-endkappen-fuer-wanderstoecke\/"]}]},{"@type":"ImageObject","inLanguage":"en-US","@id":"https:\/\/schweizversand.ch\/en\/produkt\/trespass-spoke-endkappen-fuer-wanderstoecke\/#primaryimage","url":"https:\/\/schweizversand.ch\/wp-content\/uploads\/2026\/04\/5471506909.jpg","contentUrl":"https:\/\/schweizversand.ch\/wp-content\/uploads\/2026\/04\/5471506909.jpg","width":1024,"height":1024},{"@type":"BreadcrumbList","@id":"https:\/\/schweizversand.ch\/en\/produkt\/trespass-spoke-endkappen-fuer-wanderstoecke\/#breadcrumb","itemListElement":[{"@type":"ListItem","position":1,"name":"Startseite","item":"https:\/\/schweizversand.ch\/en\/"},{"@type":"ListItem","position":2,"name":"Shop","item":"https:\/\/schweizversand.ch\/en\/shop\/"},{"@type":"ListItem","position":3,"name":"Sports","item":"https:\/\/schweizversand.ch\/en\/produkt-kategorie\/sports\/"},{"@type":"ListItem","position":4,"name":"Outdoor","item":"https:\/\/schweizversand.ch\/en\/produkt-kategorie\/sports\/outdoor\/"},{"@type":"ListItem","position":5,"name":"Outdoor Equipment","item":"https:\/\/schweizversand.ch\/en\/produkt-kategorie\/sports\/outdoor\/outdoorausruestung\/"},{"@type":"ListItem","position":6,"name":"Trespass SPOKE &#8211; WALKING TIPS"}]},{"@type":"WebSite","@id":"https:\/\/schweizversand.ch\/en\/#website","url":"https:\/\/schweizversand.ch\/en\/","name":"Schweizer Shop f\u00fcr Sport, Spiel und Freizeit","description":"Gratisversand ab 50.- (netto), ab eigenem schweizer Lager, Lieferung innert 48h","publisher":{"@id":"https:\/\/schweizversand.ch\/en\/#organization"},"alternateName":"Schweizversand.ch","potentialAction":[{"@type":"SearchAction","target":{"@type":"EntryPoint","urlTemplate":"https:\/\/schweizversand.ch\/en\/?s={search_term_string}"},"query-input":{"@type":"PropertyValueSpecification","valueRequired":true,"valueName":"search_term_string"}}],"inLanguage":"en-US"},{"@type":"Organization","@id":"https:\/\/schweizversand.ch\/en\/#organization","name":"Schweizversand.ch","url":"https:\/\/schweizversand.ch\/en\/","logo":{"@type":"ImageObject","inLanguage":"en-US","@id":"https:\/\/schweizversand.ch\/en\/#\/schema\/logo\/image\/","url":"https:\/\/schweizversand.ch\/wp-content\/uploads\/2026\/03\/Logo_Rund_Final-1.png","contentUrl":"https:\/\/schweizversand.ch\/wp-content\/uploads\/2026\/03\/Logo_Rund_Final-1.png","width":404,"height":404,"caption":"Schweizversand.ch"},"image":{"@id":"https:\/\/schweizversand.ch\/en\/#\/schema\/logo\/image\/"},"sameAs":["https:\/\/www.facebook.com\/Schweizversand","https:\/\/www.instagram.com\/schweizversand.ch\/"]}]}},"jetpack_sharing_enabled":true,"_links":{"self":[{"href":"https:\/\/schweizversand.ch\/en\/wp-json\/wp\/v2\/product\/268222","targetHints":{"allow":["GET"]}}],"collection":[{"href":"https:\/\/schweizversand.ch\/en\/wp-json\/wp\/v2\/product"}],"about":[{"href":"https:\/\/schweizversand.ch\/en\/wp-json\/wp\/v2\/types\/product"}],"replies":[{"embeddable":true,"href":"https:\/\/schweizversand.ch\/en\/wp-json\/wp\/v2\/comments?post=268222"}],"wp:featuredmedia":[{"embeddable":true,"href":"https:\/\/schweizversand.ch\/en\/wp-json\/wp\/v2\/media\/268376"}],"wp:attachment":[{"href":"https:\/\/schweizversand.ch\/en\/wp-json\/wp\/v2\/media?parent=268222"}],"wp:term":[{"taxonomy":"product_brand","embeddable":true,"href":"https:\/\/schweizversand.ch\/en\/wp-json\/wp\/v2\/product_brand?post=268222"},{"taxonomy":"product_cat","embeddable":true,"href":"https:\/\/schweizversand.ch\/en\/wp-json\/wp\/v2\/product_cat?post=268222"},{"taxonomy":"product_tag","embeddable":true,"href":"https:\/\/schweizversand.ch\/en\/wp-json\/wp\/v2\/product_tag?post=268222"}],"curies":[{"name":"wp","href":"https:\/\/api.w.org\/{rel}","templated":true}]}}