{"id":268846,"date":"2026-05-01T02:00:29","date_gmt":"2026-05-01T00:00:29","guid":{"rendered":"https:\/\/schweizversand.ch\/produkt\/eurostick-apache-80-91-links\/"},"modified":"2026-05-02T02:01:24","modified_gmt":"2026-05-02T00:01:24","slug":"eurostick-apache-80-91-links","status":"publish","type":"product","link":"https:\/\/schweizversand.ch\/en\/produkt\/eurostick-apache-80-91-links\/","title":{"rendered":"Eurostick Apache 80\/91 Links"},"content":{"rendered":"<p>Ideal floorball stick for schools and children who want to start playing this sport. This floorball stick is specially designed for beginners learning how to dribble, control, catch, and shoot the ball.<\/p>\n<p>Shaft Length: 80 cm<\/p>\n<p>Total Length: 91 cm<\/p>\n<p>Shaft Diameter: 26 mm<\/p>\n<p>Weight: 222 g<\/p>\n<p>Material: shaft &#8211; PP, blade &#8211; HDPE<\/p>\n<p>Left: The stick is positioned on the left side of the body.<\/p>\n","protected":false},"excerpt":{"rendered":"<p>Eurostick Apache 80\/91 Links ist der ideale Unihockeyschl\u00e4ger f\u00fcr Kinder und Schulen. Leicht, 91 cm lang und perfekt f\u00fcr Anf\u00e4nger zur Ballkontrolle und Schusstechnik.<\/p>\n","protected":false},"featured_media":268899,"comment_status":"open","ping_status":"closed","template":"","meta":[],"product_brand":[],"product_cat":[39259],"product_tag":[],"class_list":{"0":"post-268846","1":"product","2":"type-product","3":"status-publish","4":"has-post-thumbnail","6":"product_cat-unihockey-2","7":"product_shipping_class-global_methods","9":"first","10":"instock","11":"taxable","12":"shipping-taxable","13":"purchasable","14":"product-type-simple"},"yoast_head":"<!-- This site is optimized with the Yoast SEO plugin v27.5 - https:\/\/yoast.com\/product\/yoast-seo-wordpress\/ -->\n<title>Eurostick Apache 80\/91 Links<\/title>\n<meta name=\"description\" content=\"Idealer Unihockeyschl\u00e4ger f\u00fcr Schulen und f\u00fcr Kinder, welche mit diesem Sport beginnen m\u00f6chten. Dieser Unihockeyschl\u00e4ger ist speziell f\u00fcr Anf\u00e4nger, welche lerne\" \/>\n<meta name=\"robots\" content=\"index, follow, max-snippet:-1, max-image-preview:large, max-video-preview:-1\" \/>\n<link rel=\"canonical\" href=\"https:\/\/schweizversand.ch\/en\/produkt\/eurostick-apache-80-91-links\/\" \/>\n<meta property=\"og:locale\" content=\"en_US\" \/>\n<meta property=\"og:type\" content=\"article\" \/>\n<meta property=\"og:title\" content=\"Eurostick Apache 80\/91 Links\" \/>\n<meta property=\"og:description\" content=\"Idealer Unihockeyschl\u00e4ger f\u00fcr Schulen und f\u00fcr Kinder, welche mit diesem Sport beginnen m\u00f6chten. Dieser Unihockeyschl\u00e4ger ist speziell f\u00fcr Anf\u00e4nger, welche lerne\" \/>\n<meta property=\"og:url\" content=\"https:\/\/schweizversand.ch\/en\/produkt\/eurostick-apache-80-91-links\/\" \/>\n<meta property=\"og:site_name\" content=\"Schweizer Shop f\u00fcr Sport, Spiel und Freizeit\" \/>\n<meta property=\"article:publisher\" content=\"https:\/\/www.facebook.com\/Schweizversand\" \/>\n<meta property=\"article:modified_time\" content=\"2026-05-02T00:01:24+00:00\" \/>\n<meta name=\"twitter:card\" content=\"summary_large_image\" \/>\n<script type=\"application\/ld+json\" class=\"yoast-schema-graph\">{\"@context\":\"https:\\\/\\\/schema.org\",\"@graph\":[{\"@type\":\"WebPage\",\"@id\":\"https:\\\/\\\/schweizversand.ch\\\/en\\\/produkt\\\/eurostick-apache-80-91-links\\\/\",\"url\":\"https:\\\/\\\/schweizversand.ch\\\/en\\\/produkt\\\/eurostick-apache-80-91-links\\\/\",\"name\":\"Eurostick Apache 80\\\/91 Links\",\"isPartOf\":{\"@id\":\"https:\\\/\\\/schweizversand.ch\\\/en\\\/#website\"},\"primaryImageOfPage\":{\"@id\":\"https:\\\/\\\/schweizversand.ch\\\/en\\\/produkt\\\/eurostick-apache-80-91-links\\\/#primaryimage\"},\"image\":{\"@id\":\"https:\\\/\\\/schweizversand.ch\\\/en\\\/produkt\\\/eurostick-apache-80-91-links\\\/#primaryimage\"},\"thumbnailUrl\":\"https:\\\/\\\/schweizversand.ch\\\/wp-content\\\/uploads\\\/2026\\\/05\\\/5471531481.jpg\",\"datePublished\":\"2026-05-01T00:00:29+00:00\",\"dateModified\":\"2026-05-02T00:01:24+00:00\",\"description\":\"Idealer Unihockeyschl\u00e4ger f\u00fcr Schulen und f\u00fcr Kinder, welche mit diesem Sport beginnen m\u00f6chten. Dieser Unihockeyschl\u00e4ger ist speziell f\u00fcr Anf\u00e4nger, welche lerne\",\"breadcrumb\":{\"@id\":\"https:\\\/\\\/schweizversand.ch\\\/en\\\/produkt\\\/eurostick-apache-80-91-links\\\/#breadcrumb\"},\"inLanguage\":\"en-US\",\"potentialAction\":[{\"@type\":\"ReadAction\",\"target\":[\"https:\\\/\\\/schweizversand.ch\\\/en\\\/produkt\\\/eurostick-apache-80-91-links\\\/\"]}]},{\"@type\":\"ImageObject\",\"inLanguage\":\"en-US\",\"@id\":\"https:\\\/\\\/schweizversand.ch\\\/en\\\/produkt\\\/eurostick-apache-80-91-links\\\/#primaryimage\",\"url\":\"https:\\\/\\\/schweizversand.ch\\\/wp-content\\\/uploads\\\/2026\\\/05\\\/5471531481.jpg\",\"contentUrl\":\"https:\\\/\\\/schweizversand.ch\\\/wp-content\\\/uploads\\\/2026\\\/05\\\/5471531481.jpg\",\"width\":512,\"height\":1024},{\"@type\":\"BreadcrumbList\",\"@id\":\"https:\\\/\\\/schweizversand.ch\\\/en\\\/produkt\\\/eurostick-apache-80-91-links\\\/#breadcrumb\",\"itemListElement\":[{\"@type\":\"ListItem\",\"position\":1,\"name\":\"Startseite\",\"item\":\"https:\\\/\\\/schweizversand.ch\\\/en\\\/\"},{\"@type\":\"ListItem\",\"position\":2,\"name\":\"Shop\",\"item\":\"https:\\\/\\\/schweizversand.ch\\\/en\\\/shop\\\/\"},{\"@type\":\"ListItem\",\"position\":3,\"name\":\"Eurostick Apache 80\\\/91 Links\"}]},{\"@type\":\"WebSite\",\"@id\":\"https:\\\/\\\/schweizversand.ch\\\/en\\\/#website\",\"url\":\"https:\\\/\\\/schweizversand.ch\\\/en\\\/\",\"name\":\"Schweizer Shop f\u00fcr Sport, Spiel und Freizeit\",\"description\":\"Gratisversand ab 50.- (netto), ab eigenem schweizer Lager, Lieferung innert 48h\",\"publisher\":{\"@id\":\"https:\\\/\\\/schweizversand.ch\\\/en\\\/#organization\"},\"alternateName\":\"Schweizversand.ch\",\"potentialAction\":[{\"@type\":\"SearchAction\",\"target\":{\"@type\":\"EntryPoint\",\"urlTemplate\":\"https:\\\/\\\/schweizversand.ch\\\/en\\\/?s={search_term_string}\"},\"query-input\":{\"@type\":\"PropertyValueSpecification\",\"valueRequired\":true,\"valueName\":\"search_term_string\"}}],\"inLanguage\":\"en-US\"},{\"@type\":\"Organization\",\"@id\":\"https:\\\/\\\/schweizversand.ch\\\/en\\\/#organization\",\"name\":\"Schweizversand.ch\",\"url\":\"https:\\\/\\\/schweizversand.ch\\\/en\\\/\",\"logo\":{\"@type\":\"ImageObject\",\"inLanguage\":\"en-US\",\"@id\":\"https:\\\/\\\/schweizversand.ch\\\/en\\\/#\\\/schema\\\/logo\\\/image\\\/\",\"url\":\"https:\\\/\\\/schweizversand.ch\\\/wp-content\\\/uploads\\\/2026\\\/03\\\/Logo_Rund_Final-1.png\",\"contentUrl\":\"https:\\\/\\\/schweizversand.ch\\\/wp-content\\\/uploads\\\/2026\\\/03\\\/Logo_Rund_Final-1.png\",\"width\":404,\"height\":404,\"caption\":\"Schweizversand.ch\"},\"image\":{\"@id\":\"https:\\\/\\\/schweizversand.ch\\\/en\\\/#\\\/schema\\\/logo\\\/image\\\/\"},\"sameAs\":[\"https:\\\/\\\/www.facebook.com\\\/Schweizversand\",\"https:\\\/\\\/www.instagram.com\\\/schweizversand.ch\\\/\"]}]}<\/script>\n<!-- \/ Yoast SEO plugin. -->","yoast_head_json":{"title":"Eurostick Apache 80\/91 Links","description":"Idealer Unihockeyschl\u00e4ger f\u00fcr Schulen und f\u00fcr Kinder, welche mit diesem Sport beginnen m\u00f6chten. Dieser Unihockeyschl\u00e4ger ist speziell f\u00fcr Anf\u00e4nger, welche lerne","robots":{"index":"index","follow":"follow","max-snippet":"max-snippet:-1","max-image-preview":"max-image-preview:large","max-video-preview":"max-video-preview:-1"},"canonical":"https:\/\/schweizversand.ch\/en\/produkt\/eurostick-apache-80-91-links\/","og_locale":"en_US","og_type":"article","og_title":"Eurostick Apache 80\/91 Links","og_description":"Idealer Unihockeyschl\u00e4ger f\u00fcr Schulen und f\u00fcr Kinder, welche mit diesem Sport beginnen m\u00f6chten. Dieser Unihockeyschl\u00e4ger ist speziell f\u00fcr Anf\u00e4nger, welche lerne","og_url":"https:\/\/schweizversand.ch\/en\/produkt\/eurostick-apache-80-91-links\/","og_site_name":"Schweizer Shop f\u00fcr Sport, Spiel und Freizeit","article_publisher":"https:\/\/www.facebook.com\/Schweizversand","article_modified_time":"2026-05-02T00:01:24+00:00","twitter_card":"summary_large_image","schema":{"@context":"https:\/\/schema.org","@graph":[{"@type":"WebPage","@id":"https:\/\/schweizversand.ch\/en\/produkt\/eurostick-apache-80-91-links\/","url":"https:\/\/schweizversand.ch\/en\/produkt\/eurostick-apache-80-91-links\/","name":"Eurostick Apache 80\/91 Links","isPartOf":{"@id":"https:\/\/schweizversand.ch\/en\/#website"},"primaryImageOfPage":{"@id":"https:\/\/schweizversand.ch\/en\/produkt\/eurostick-apache-80-91-links\/#primaryimage"},"image":{"@id":"https:\/\/schweizversand.ch\/en\/produkt\/eurostick-apache-80-91-links\/#primaryimage"},"thumbnailUrl":"https:\/\/schweizversand.ch\/wp-content\/uploads\/2026\/05\/5471531481.jpg","datePublished":"2026-05-01T00:00:29+00:00","dateModified":"2026-05-02T00:01:24+00:00","description":"Idealer Unihockeyschl\u00e4ger f\u00fcr Schulen und f\u00fcr Kinder, welche mit diesem Sport beginnen m\u00f6chten. Dieser Unihockeyschl\u00e4ger ist speziell f\u00fcr Anf\u00e4nger, welche lerne","breadcrumb":{"@id":"https:\/\/schweizversand.ch\/en\/produkt\/eurostick-apache-80-91-links\/#breadcrumb"},"inLanguage":"en-US","potentialAction":[{"@type":"ReadAction","target":["https:\/\/schweizversand.ch\/en\/produkt\/eurostick-apache-80-91-links\/"]}]},{"@type":"ImageObject","inLanguage":"en-US","@id":"https:\/\/schweizversand.ch\/en\/produkt\/eurostick-apache-80-91-links\/#primaryimage","url":"https:\/\/schweizversand.ch\/wp-content\/uploads\/2026\/05\/5471531481.jpg","contentUrl":"https:\/\/schweizversand.ch\/wp-content\/uploads\/2026\/05\/5471531481.jpg","width":512,"height":1024},{"@type":"BreadcrumbList","@id":"https:\/\/schweizversand.ch\/en\/produkt\/eurostick-apache-80-91-links\/#breadcrumb","itemListElement":[{"@type":"ListItem","position":1,"name":"Startseite","item":"https:\/\/schweizversand.ch\/en\/"},{"@type":"ListItem","position":2,"name":"Shop","item":"https:\/\/schweizversand.ch\/en\/shop\/"},{"@type":"ListItem","position":3,"name":"Eurostick Apache 80\/91 Links"}]},{"@type":"WebSite","@id":"https:\/\/schweizversand.ch\/en\/#website","url":"https:\/\/schweizversand.ch\/en\/","name":"Schweizer Shop f\u00fcr Sport, Spiel und Freizeit","description":"Gratisversand ab 50.- (netto), ab eigenem schweizer Lager, Lieferung innert 48h","publisher":{"@id":"https:\/\/schweizversand.ch\/en\/#organization"},"alternateName":"Schweizversand.ch","potentialAction":[{"@type":"SearchAction","target":{"@type":"EntryPoint","urlTemplate":"https:\/\/schweizversand.ch\/en\/?s={search_term_string}"},"query-input":{"@type":"PropertyValueSpecification","valueRequired":true,"valueName":"search_term_string"}}],"inLanguage":"en-US"},{"@type":"Organization","@id":"https:\/\/schweizversand.ch\/en\/#organization","name":"Schweizversand.ch","url":"https:\/\/schweizversand.ch\/en\/","logo":{"@type":"ImageObject","inLanguage":"en-US","@id":"https:\/\/schweizversand.ch\/en\/#\/schema\/logo\/image\/","url":"https:\/\/schweizversand.ch\/wp-content\/uploads\/2026\/03\/Logo_Rund_Final-1.png","contentUrl":"https:\/\/schweizversand.ch\/wp-content\/uploads\/2026\/03\/Logo_Rund_Final-1.png","width":404,"height":404,"caption":"Schweizversand.ch"},"image":{"@id":"https:\/\/schweizversand.ch\/en\/#\/schema\/logo\/image\/"},"sameAs":["https:\/\/www.facebook.com\/Schweizversand","https:\/\/www.instagram.com\/schweizversand.ch\/"]}]}},"jetpack_sharing_enabled":true,"_links":{"self":[{"href":"https:\/\/schweizversand.ch\/en\/wp-json\/wp\/v2\/product\/268846","targetHints":{"allow":["GET"]}}],"collection":[{"href":"https:\/\/schweizversand.ch\/en\/wp-json\/wp\/v2\/product"}],"about":[{"href":"https:\/\/schweizversand.ch\/en\/wp-json\/wp\/v2\/types\/product"}],"replies":[{"embeddable":true,"href":"https:\/\/schweizversand.ch\/en\/wp-json\/wp\/v2\/comments?post=268846"}],"wp:featuredmedia":[{"embeddable":true,"href":"https:\/\/schweizversand.ch\/en\/wp-json\/wp\/v2\/media\/268899"}],"wp:attachment":[{"href":"https:\/\/schweizversand.ch\/en\/wp-json\/wp\/v2\/media?parent=268846"}],"wp:term":[{"taxonomy":"product_brand","embeddable":true,"href":"https:\/\/schweizversand.ch\/en\/wp-json\/wp\/v2\/product_brand?post=268846"},{"taxonomy":"product_cat","embeddable":true,"href":"https:\/\/schweizversand.ch\/en\/wp-json\/wp\/v2\/product_cat?post=268846"},{"taxonomy":"product_tag","embeddable":true,"href":"https:\/\/schweizversand.ch\/en\/wp-json\/wp\/v2\/product_tag?post=268846"}],"curies":[{"name":"wp","href":"https:\/\/api.w.org\/{rel}","templated":true}]}}