{"id":268851,"date":"2026-05-01T02:00:30","date_gmt":"2026-05-01T00:00:30","guid":{"rendered":"https:\/\/schweizversand.ch\/produkt\/eurostick-medigoal-set\/"},"modified":"2026-05-02T02:01:24","modified_gmt":"2026-05-02T00:01:24","slug":"eurostick-medigoal-set","status":"publish","type":"product","link":"https:\/\/schweizversand.ch\/en\/produkt\/eurostick-medigoal-set\/","title":{"rendered":"Eurostick Medium Set"},"content":{"rendered":"<h1><strong>Mini Hockey Set \u2013 The Ultimate Fun for Kids<\/strong><\/h1>\n<div>Looking for an exciting indoor or outdoor activity? This <strong>Mini Hockey Set<\/strong> offers everything you need for instant fun. It&#8217;s the perfect <strong>kids&#8217; hockey set<\/strong> to playfully promote skill and teamwork.<\/p>\n<\/div>\n<div><strong>Comprehensive Package Contents<\/strong><br \/>Ideal for beginners, this set includes all the necessary components to start playing immediately. It comes conveniently packaged in a plastic PP bag, so you can take the <strong>hockey goal set<\/strong> anywhere.<\/p>\n<\/div>\n<div><strong>High-Quality Hockey Goal Set<\/strong><br \/>The sturdy goal is the centerpiece of every game and can withstand even the most intense matches. The <strong>Mini Ice Hockey Set<\/strong> is designed for quick and easy setup.<\/p>\n<\/div>\n<div><strong>Goal Details<\/strong><br \/>&#8211; Dimensions: 60 x 90 x 40 cm<br \/>&#8211; Material: Red, powder-coated goal with snap fasteners<br \/>&#8211; Tube diameter: 2.5 cm<br \/>&#8211; Net: Black polyester net (4&#215;4 cm mesh)<br \/>&#8211; Accessories: 4 steel floor inserts and fastening cord<br \/>&#8211; Weight: 1.8 kg<\/p>\n<\/div>\n<div><strong>High-Performance Hockey Stick Set<\/strong><br \/>The included sticks are lightweight and ideally designed for children&#8217;s hands to ensure optimal control. The <strong>hockey toy<\/strong> is made of durable materials to guarantee a long lifespan.<\/p>\n<\/div>\n<div><strong>Stick Details (2 pieces)<\/strong><br \/>&#8211; Total length: 96 cm<br \/>&#8211; Shaft length: 85 cm<br \/>&#8211; Weight per stick: 220 g<br \/>&#8211; Stick material: PP<br \/>&#8211; Blade material: PEHD<\/p>\n<p><\/div>\n<div><strong>Safe and durable balls<\/strong><br \/>Two balls are included, specially designed for the <strong>Mini Hockey Set<\/strong>. They are phthalate-free and offer excellent flight characteristics.<\/p>\n<\/div>\n<div><strong>Details about the balls (2 pieces)<\/strong><br \/>&#8211; Material: Polyethylene, thermoplastic (phthalate-free)<br \/>&#8211; Diameter: 7.5 cm<br \/>&#8211; Weight per ball: 26 g<\/p>\n<\/div>\n<div>Get this complete <strong>Mini Hockey Set<\/strong> today and experience unforgettable fun with family and friends.<\/p>\n<\/div>\n<div><\/div>\n","protected":false},"excerpt":{"rendered":"<p>Eurostick Medigoal Set bietet Mini Hockey-Spa\u00df f\u00fcr drinnen und drau\u00dfen. Robust, komplett und mobil \u2013 perfekt f\u00fcr spielerisches Training von Geschicklichkeit und Teamgeist bei Kindern.<\/p>\n","protected":false},"featured_media":268919,"comment_status":"open","ping_status":"closed","template":"","meta":[],"product_brand":[],"product_cat":[39259],"product_tag":[],"class_list":{"0":"post-268851","1":"product","2":"type-product","3":"status-publish","4":"has-post-thumbnail","6":"product_cat-unihockey-2","7":"product_shipping_class-global_methods","9":"first","10":"instock","11":"taxable","12":"shipping-taxable","13":"purchasable","14":"product-type-simple"},"yoast_head":"<!-- This site is optimized with the Yoast SEO plugin v27.5 - https:\/\/yoast.com\/product\/yoast-seo-wordpress\/ -->\n<title>Eurostick Medigoal Set<\/title>\n<meta name=\"description\" content=\"Mini Hockey Set \u2013 Das ultimative Spielvergn\u00fcgen f\u00fcr Kinder Suchen Sie nach einer spannenden Aktivit\u00e4t f\u00fcr drinnen oder draussen? Dieses Mini Hockey Set bietet a\" \/>\n<meta name=\"robots\" content=\"index, follow, max-snippet:-1, max-image-preview:large, max-video-preview:-1\" \/>\n<link rel=\"canonical\" href=\"https:\/\/schweizversand.ch\/en\/produkt\/eurostick-medigoal-set\/\" \/>\n<meta property=\"og:locale\" content=\"en_US\" \/>\n<meta property=\"og:type\" content=\"article\" \/>\n<meta property=\"og:title\" content=\"Eurostick Medigoal Set\" \/>\n<meta property=\"og:description\" content=\"Mini Hockey Set \u2013 Das ultimative Spielvergn\u00fcgen f\u00fcr Kinder Suchen Sie nach einer spannenden Aktivit\u00e4t f\u00fcr drinnen oder draussen? Dieses Mini Hockey Set bietet a\" \/>\n<meta property=\"og:url\" content=\"https:\/\/schweizversand.ch\/en\/produkt\/eurostick-medigoal-set\/\" \/>\n<meta property=\"og:site_name\" content=\"Schweizer Shop f\u00fcr Sport, Spiel und Freizeit\" \/>\n<meta property=\"article:publisher\" content=\"https:\/\/www.facebook.com\/Schweizversand\" \/>\n<meta property=\"article:modified_time\" content=\"2026-05-02T00:01:24+00:00\" \/>\n<meta name=\"twitter:card\" content=\"summary_large_image\" \/>\n<meta name=\"twitter:label1\" content=\"Est. reading time\" \/>\n\t<meta name=\"twitter:data1\" content=\"1 minute\" \/>\n<script type=\"application\/ld+json\" class=\"yoast-schema-graph\">{\"@context\":\"https:\\\/\\\/schema.org\",\"@graph\":[{\"@type\":\"WebPage\",\"@id\":\"https:\\\/\\\/schweizversand.ch\\\/en\\\/produkt\\\/eurostick-medigoal-set\\\/\",\"url\":\"https:\\\/\\\/schweizversand.ch\\\/en\\\/produkt\\\/eurostick-medigoal-set\\\/\",\"name\":\"Eurostick Medigoal Set\",\"isPartOf\":{\"@id\":\"https:\\\/\\\/schweizversand.ch\\\/en\\\/#website\"},\"primaryImageOfPage\":{\"@id\":\"https:\\\/\\\/schweizversand.ch\\\/en\\\/produkt\\\/eurostick-medigoal-set\\\/#primaryimage\"},\"image\":{\"@id\":\"https:\\\/\\\/schweizversand.ch\\\/en\\\/produkt\\\/eurostick-medigoal-set\\\/#primaryimage\"},\"thumbnailUrl\":\"https:\\\/\\\/schweizversand.ch\\\/wp-content\\\/uploads\\\/2026\\\/05\\\/5471481117.jpg\",\"datePublished\":\"2026-05-01T00:00:30+00:00\",\"dateModified\":\"2026-05-02T00:01:24+00:00\",\"description\":\"Mini Hockey Set \u2013 Das ultimative Spielvergn\u00fcgen f\u00fcr Kinder Suchen Sie nach einer spannenden Aktivit\u00e4t f\u00fcr drinnen oder draussen? Dieses Mini Hockey Set bietet a\",\"breadcrumb\":{\"@id\":\"https:\\\/\\\/schweizversand.ch\\\/en\\\/produkt\\\/eurostick-medigoal-set\\\/#breadcrumb\"},\"inLanguage\":\"en-US\",\"potentialAction\":[{\"@type\":\"ReadAction\",\"target\":[\"https:\\\/\\\/schweizversand.ch\\\/en\\\/produkt\\\/eurostick-medigoal-set\\\/\"]}]},{\"@type\":\"ImageObject\",\"inLanguage\":\"en-US\",\"@id\":\"https:\\\/\\\/schweizversand.ch\\\/en\\\/produkt\\\/eurostick-medigoal-set\\\/#primaryimage\",\"url\":\"https:\\\/\\\/schweizversand.ch\\\/wp-content\\\/uploads\\\/2026\\\/05\\\/5471481117.jpg\",\"contentUrl\":\"https:\\\/\\\/schweizversand.ch\\\/wp-content\\\/uploads\\\/2026\\\/05\\\/5471481117.jpg\",\"width\":791,\"height\":1024},{\"@type\":\"BreadcrumbList\",\"@id\":\"https:\\\/\\\/schweizversand.ch\\\/en\\\/produkt\\\/eurostick-medigoal-set\\\/#breadcrumb\",\"itemListElement\":[{\"@type\":\"ListItem\",\"position\":1,\"name\":\"Startseite\",\"item\":\"https:\\\/\\\/schweizversand.ch\\\/en\\\/\"},{\"@type\":\"ListItem\",\"position\":2,\"name\":\"Shop\",\"item\":\"https:\\\/\\\/schweizversand.ch\\\/en\\\/shop\\\/\"},{\"@type\":\"ListItem\",\"position\":3,\"name\":\"Eurostick Medium Set\"}]},{\"@type\":\"WebSite\",\"@id\":\"https:\\\/\\\/schweizversand.ch\\\/en\\\/#website\",\"url\":\"https:\\\/\\\/schweizversand.ch\\\/en\\\/\",\"name\":\"Schweizer Shop f\u00fcr Sport, Spiel und Freizeit\",\"description\":\"Gratisversand ab 50.- (netto), ab eigenem schweizer Lager, Lieferung innert 48h\",\"publisher\":{\"@id\":\"https:\\\/\\\/schweizversand.ch\\\/en\\\/#organization\"},\"alternateName\":\"Schweizversand.ch\",\"potentialAction\":[{\"@type\":\"SearchAction\",\"target\":{\"@type\":\"EntryPoint\",\"urlTemplate\":\"https:\\\/\\\/schweizversand.ch\\\/en\\\/?s={search_term_string}\"},\"query-input\":{\"@type\":\"PropertyValueSpecification\",\"valueRequired\":true,\"valueName\":\"search_term_string\"}}],\"inLanguage\":\"en-US\"},{\"@type\":\"Organization\",\"@id\":\"https:\\\/\\\/schweizversand.ch\\\/en\\\/#organization\",\"name\":\"Schweizversand.ch\",\"url\":\"https:\\\/\\\/schweizversand.ch\\\/en\\\/\",\"logo\":{\"@type\":\"ImageObject\",\"inLanguage\":\"en-US\",\"@id\":\"https:\\\/\\\/schweizversand.ch\\\/en\\\/#\\\/schema\\\/logo\\\/image\\\/\",\"url\":\"https:\\\/\\\/schweizversand.ch\\\/wp-content\\\/uploads\\\/2026\\\/03\\\/Logo_Rund_Final-1.png\",\"contentUrl\":\"https:\\\/\\\/schweizversand.ch\\\/wp-content\\\/uploads\\\/2026\\\/03\\\/Logo_Rund_Final-1.png\",\"width\":404,\"height\":404,\"caption\":\"Schweizversand.ch\"},\"image\":{\"@id\":\"https:\\\/\\\/schweizversand.ch\\\/en\\\/#\\\/schema\\\/logo\\\/image\\\/\"},\"sameAs\":[\"https:\\\/\\\/www.facebook.com\\\/Schweizversand\",\"https:\\\/\\\/www.instagram.com\\\/schweizversand.ch\\\/\"]}]}<\/script>\n<!-- \/ Yoast SEO plugin. -->","yoast_head_json":{"title":"Eurostick Medigoal Set","description":"Mini Hockey Set \u2013 Das ultimative Spielvergn\u00fcgen f\u00fcr Kinder Suchen Sie nach einer spannenden Aktivit\u00e4t f\u00fcr drinnen oder draussen? Dieses Mini Hockey Set bietet a","robots":{"index":"index","follow":"follow","max-snippet":"max-snippet:-1","max-image-preview":"max-image-preview:large","max-video-preview":"max-video-preview:-1"},"canonical":"https:\/\/schweizversand.ch\/en\/produkt\/eurostick-medigoal-set\/","og_locale":"en_US","og_type":"article","og_title":"Eurostick Medigoal Set","og_description":"Mini Hockey Set \u2013 Das ultimative Spielvergn\u00fcgen f\u00fcr Kinder Suchen Sie nach einer spannenden Aktivit\u00e4t f\u00fcr drinnen oder draussen? Dieses Mini Hockey Set bietet a","og_url":"https:\/\/schweizversand.ch\/en\/produkt\/eurostick-medigoal-set\/","og_site_name":"Schweizer Shop f\u00fcr Sport, Spiel und Freizeit","article_publisher":"https:\/\/www.facebook.com\/Schweizversand","article_modified_time":"2026-05-02T00:01:24+00:00","twitter_card":"summary_large_image","twitter_misc":{"Est. reading time":"1 minute"},"schema":{"@context":"https:\/\/schema.org","@graph":[{"@type":"WebPage","@id":"https:\/\/schweizversand.ch\/en\/produkt\/eurostick-medigoal-set\/","url":"https:\/\/schweizversand.ch\/en\/produkt\/eurostick-medigoal-set\/","name":"Eurostick Medigoal Set","isPartOf":{"@id":"https:\/\/schweizversand.ch\/en\/#website"},"primaryImageOfPage":{"@id":"https:\/\/schweizversand.ch\/en\/produkt\/eurostick-medigoal-set\/#primaryimage"},"image":{"@id":"https:\/\/schweizversand.ch\/en\/produkt\/eurostick-medigoal-set\/#primaryimage"},"thumbnailUrl":"https:\/\/schweizversand.ch\/wp-content\/uploads\/2026\/05\/5471481117.jpg","datePublished":"2026-05-01T00:00:30+00:00","dateModified":"2026-05-02T00:01:24+00:00","description":"Mini Hockey Set \u2013 Das ultimative Spielvergn\u00fcgen f\u00fcr Kinder Suchen Sie nach einer spannenden Aktivit\u00e4t f\u00fcr drinnen oder draussen? Dieses Mini Hockey Set bietet a","breadcrumb":{"@id":"https:\/\/schweizversand.ch\/en\/produkt\/eurostick-medigoal-set\/#breadcrumb"},"inLanguage":"en-US","potentialAction":[{"@type":"ReadAction","target":["https:\/\/schweizversand.ch\/en\/produkt\/eurostick-medigoal-set\/"]}]},{"@type":"ImageObject","inLanguage":"en-US","@id":"https:\/\/schweizversand.ch\/en\/produkt\/eurostick-medigoal-set\/#primaryimage","url":"https:\/\/schweizversand.ch\/wp-content\/uploads\/2026\/05\/5471481117.jpg","contentUrl":"https:\/\/schweizversand.ch\/wp-content\/uploads\/2026\/05\/5471481117.jpg","width":791,"height":1024},{"@type":"BreadcrumbList","@id":"https:\/\/schweizversand.ch\/en\/produkt\/eurostick-medigoal-set\/#breadcrumb","itemListElement":[{"@type":"ListItem","position":1,"name":"Startseite","item":"https:\/\/schweizversand.ch\/en\/"},{"@type":"ListItem","position":2,"name":"Shop","item":"https:\/\/schweizversand.ch\/en\/shop\/"},{"@type":"ListItem","position":3,"name":"Eurostick Medium Set"}]},{"@type":"WebSite","@id":"https:\/\/schweizversand.ch\/en\/#website","url":"https:\/\/schweizversand.ch\/en\/","name":"Schweizer Shop f\u00fcr Sport, Spiel und Freizeit","description":"Gratisversand ab 50.- (netto), ab eigenem schweizer Lager, Lieferung innert 48h","publisher":{"@id":"https:\/\/schweizversand.ch\/en\/#organization"},"alternateName":"Schweizversand.ch","potentialAction":[{"@type":"SearchAction","target":{"@type":"EntryPoint","urlTemplate":"https:\/\/schweizversand.ch\/en\/?s={search_term_string}"},"query-input":{"@type":"PropertyValueSpecification","valueRequired":true,"valueName":"search_term_string"}}],"inLanguage":"en-US"},{"@type":"Organization","@id":"https:\/\/schweizversand.ch\/en\/#organization","name":"Schweizversand.ch","url":"https:\/\/schweizversand.ch\/en\/","logo":{"@type":"ImageObject","inLanguage":"en-US","@id":"https:\/\/schweizversand.ch\/en\/#\/schema\/logo\/image\/","url":"https:\/\/schweizversand.ch\/wp-content\/uploads\/2026\/03\/Logo_Rund_Final-1.png","contentUrl":"https:\/\/schweizversand.ch\/wp-content\/uploads\/2026\/03\/Logo_Rund_Final-1.png","width":404,"height":404,"caption":"Schweizversand.ch"},"image":{"@id":"https:\/\/schweizversand.ch\/en\/#\/schema\/logo\/image\/"},"sameAs":["https:\/\/www.facebook.com\/Schweizversand","https:\/\/www.instagram.com\/schweizversand.ch\/"]}]}},"jetpack_sharing_enabled":true,"_links":{"self":[{"href":"https:\/\/schweizversand.ch\/en\/wp-json\/wp\/v2\/product\/268851","targetHints":{"allow":["GET"]}}],"collection":[{"href":"https:\/\/schweizversand.ch\/en\/wp-json\/wp\/v2\/product"}],"about":[{"href":"https:\/\/schweizversand.ch\/en\/wp-json\/wp\/v2\/types\/product"}],"replies":[{"embeddable":true,"href":"https:\/\/schweizversand.ch\/en\/wp-json\/wp\/v2\/comments?post=268851"}],"wp:featuredmedia":[{"embeddable":true,"href":"https:\/\/schweizversand.ch\/en\/wp-json\/wp\/v2\/media\/268919"}],"wp:attachment":[{"href":"https:\/\/schweizversand.ch\/en\/wp-json\/wp\/v2\/media?parent=268851"}],"wp:term":[{"taxonomy":"product_brand","embeddable":true,"href":"https:\/\/schweizversand.ch\/en\/wp-json\/wp\/v2\/product_brand?post=268851"},{"taxonomy":"product_cat","embeddable":true,"href":"https:\/\/schweizversand.ch\/en\/wp-json\/wp\/v2\/product_cat?post=268851"},{"taxonomy":"product_tag","embeddable":true,"href":"https:\/\/schweizversand.ch\/en\/wp-json\/wp\/v2\/product_tag?post=268851"}],"curies":[{"name":"wp","href":"https:\/\/api.w.org\/{rel}","templated":true}]}}