{"id":268853,"date":"2026-05-01T02:00:31","date_gmt":"2026-05-01T00:00:31","guid":{"rendered":"https:\/\/schweizversand.ch\/produkt\/eurostick-unihockeybaelle-3er-pack-2\/"},"modified":"2026-05-02T02:01:24","modified_gmt":"2026-05-02T00:01:24","slug":"eurostick-unihockeybaelle-3er-pack-2","status":"publish","type":"product","link":"https:\/\/schweizversand.ch\/en\/produkt\/eurostick-unihockeybaelle-3er-pack-2\/","title":{"rendered":"Eurostick Unihockey Balls 3-Pack"},"content":{"rendered":"<h1><strong>Floorball Balls 3-Pack \u2013 Floorball Ball Set 75mm<\/strong><\/h1>\n<div>Enhance your playing experience with this high-quality <strong>floorball balls 3-pack<\/strong>. This <strong>floorball ball set<\/strong> is perfectly designed for training, recreational play, and intense matches, offering durable quality for all ages.<\/p>\n<\/div>\n<div><strong>High-quality material and safety<\/strong><br \/>These sports balls are made of robust, thermoplastic <strong>polyethylene<\/strong>. We value your safety and the environment: The balls are guaranteed <strong>phthalate-free<\/strong>, making them an excellent and safe choice for your <strong>floorball equipment<\/strong>.<\/p>\n<\/div>\n<div><strong>Optimal dimensions for play<\/strong><br \/>Each ball in this <strong>floorball ball set<\/strong> has been designed for precise playability. The standardized diameter of 75 mm and the ideal weight of 26 g per ball ensure excellent flight characteristics and a consistent feel. Product details and scope of delivery: &#8211; Set contents: 3-pack of balls &#8211; Material: Phthalate-free polyethylene (thermoplastic) &#8211; Diameter: 75 mm &#8211; Weight: 26 g per ball &#8211; Colors: 1x blue, 1x red, 1x yellow for better differentiation during the game. Secure this essential 3-pack of floorball balls now and experience maximum versatility and quality in every game. Order today and optimize your floorball training!<\/p>\n","protected":false},"excerpt":{"rendered":"<p>Eurostick Unihockeyb\u00e4lle 3er Pack \u2013 robuste, phthalatfreie Floorball B\u00e4lle mit genormtem 75 mm Durchmesser f\u00fcr pr\u00e4zises Spiel und langanhaltenden Spielspa\u00df.<\/p>\n","protected":false},"featured_media":258867,"comment_status":"open","ping_status":"closed","template":"","meta":[],"product_brand":[],"product_cat":[39259],"product_tag":[],"class_list":{"0":"post-268853","1":"product","2":"type-product","3":"status-publish","4":"has-post-thumbnail","6":"product_cat-unihockey-2","7":"product_shipping_class-global_methods","9":"first","10":"instock","11":"taxable","12":"shipping-taxable","13":"purchasable","14":"product-type-simple"},"yoast_head":"<!-- This site is optimized with the Yoast SEO plugin v27.5 - https:\/\/yoast.com\/product\/yoast-seo-wordpress\/ -->\n<title>Eurostick Unihockeyb\u00e4lle 3er Pack<\/title>\n<meta name=\"description\" content=\"Unihockeyb\u00e4lle 3er Pack \u2013 Floorball B\u00e4lle Set 75mm Steigern Sie Ihr Spielerlebnis mit diesem hochwertigen Unihockeyb\u00e4lle 3er Pack . Dieses Floorball B\u00e4lle Set i\" \/>\n<meta name=\"robots\" content=\"index, follow, max-snippet:-1, max-image-preview:large, max-video-preview:-1\" \/>\n<link rel=\"canonical\" href=\"https:\/\/schweizversand.ch\/en\/produkt\/eurostick-unihockeybaelle-3er-pack-2\/\" \/>\n<meta property=\"og:locale\" content=\"en_US\" \/>\n<meta property=\"og:type\" content=\"article\" \/>\n<meta property=\"og:title\" content=\"Eurostick Unihockeyb\u00e4lle 3er Pack\" \/>\n<meta property=\"og:description\" content=\"Unihockeyb\u00e4lle 3er Pack \u2013 Floorball B\u00e4lle Set 75mm Steigern Sie Ihr Spielerlebnis mit diesem hochwertigen Unihockeyb\u00e4lle 3er Pack . Dieses Floorball B\u00e4lle Set i\" \/>\n<meta property=\"og:url\" content=\"https:\/\/schweizversand.ch\/en\/produkt\/eurostick-unihockeybaelle-3er-pack-2\/\" \/>\n<meta property=\"og:site_name\" content=\"Schweizer Shop f\u00fcr Sport, Spiel und Freizeit\" \/>\n<meta property=\"article:publisher\" content=\"https:\/\/www.facebook.com\/Schweizversand\" \/>\n<meta property=\"article:modified_time\" content=\"2026-05-02T00:01:24+00:00\" \/>\n<meta name=\"twitter:card\" content=\"summary_large_image\" \/>\n<meta name=\"twitter:label1\" content=\"Est. reading time\" \/>\n\t<meta name=\"twitter:data1\" content=\"1 minute\" \/>\n<script type=\"application\/ld+json\" class=\"yoast-schema-graph\">{\"@context\":\"https:\\\/\\\/schema.org\",\"@graph\":[{\"@type\":\"WebPage\",\"@id\":\"https:\\\/\\\/schweizversand.ch\\\/en\\\/produkt\\\/eurostick-unihockeybaelle-3er-pack-2\\\/\",\"url\":\"https:\\\/\\\/schweizversand.ch\\\/en\\\/produkt\\\/eurostick-unihockeybaelle-3er-pack-2\\\/\",\"name\":\"Eurostick Unihockeyb\u00e4lle 3er Pack\",\"isPartOf\":{\"@id\":\"https:\\\/\\\/schweizversand.ch\\\/en\\\/#website\"},\"primaryImageOfPage\":{\"@id\":\"https:\\\/\\\/schweizversand.ch\\\/en\\\/produkt\\\/eurostick-unihockeybaelle-3er-pack-2\\\/#primaryimage\"},\"image\":{\"@id\":\"https:\\\/\\\/schweizversand.ch\\\/en\\\/produkt\\\/eurostick-unihockeybaelle-3er-pack-2\\\/#primaryimage\"},\"thumbnailUrl\":\"https:\\\/\\\/schweizversand.ch\\\/wp-content\\\/uploads\\\/2026\\\/03\\\/5471482113.jpg\",\"datePublished\":\"2026-05-01T00:00:31+00:00\",\"dateModified\":\"2026-05-02T00:01:24+00:00\",\"description\":\"Unihockeyb\u00e4lle 3er Pack \u2013 Floorball B\u00e4lle Set 75mm Steigern Sie Ihr Spielerlebnis mit diesem hochwertigen Unihockeyb\u00e4lle 3er Pack . Dieses Floorball B\u00e4lle Set i\",\"breadcrumb\":{\"@id\":\"https:\\\/\\\/schweizversand.ch\\\/en\\\/produkt\\\/eurostick-unihockeybaelle-3er-pack-2\\\/#breadcrumb\"},\"inLanguage\":\"en-US\",\"potentialAction\":[{\"@type\":\"ReadAction\",\"target\":[\"https:\\\/\\\/schweizversand.ch\\\/en\\\/produkt\\\/eurostick-unihockeybaelle-3er-pack-2\\\/\"]}]},{\"@type\":\"ImageObject\",\"inLanguage\":\"en-US\",\"@id\":\"https:\\\/\\\/schweizversand.ch\\\/en\\\/produkt\\\/eurostick-unihockeybaelle-3er-pack-2\\\/#primaryimage\",\"url\":\"https:\\\/\\\/schweizversand.ch\\\/wp-content\\\/uploads\\\/2026\\\/03\\\/5471482113.jpg\",\"contentUrl\":\"https:\\\/\\\/schweizversand.ch\\\/wp-content\\\/uploads\\\/2026\\\/03\\\/5471482113.jpg\",\"width\":1024,\"height\":768},{\"@type\":\"BreadcrumbList\",\"@id\":\"https:\\\/\\\/schweizversand.ch\\\/en\\\/produkt\\\/eurostick-unihockeybaelle-3er-pack-2\\\/#breadcrumb\",\"itemListElement\":[{\"@type\":\"ListItem\",\"position\":1,\"name\":\"Startseite\",\"item\":\"https:\\\/\\\/schweizversand.ch\\\/en\\\/\"},{\"@type\":\"ListItem\",\"position\":2,\"name\":\"Shop\",\"item\":\"https:\\\/\\\/schweizversand.ch\\\/en\\\/shop\\\/\"},{\"@type\":\"ListItem\",\"position\":3,\"name\":\"Eurostick Unihockey Balls 3-Pack\"}]},{\"@type\":\"WebSite\",\"@id\":\"https:\\\/\\\/schweizversand.ch\\\/en\\\/#website\",\"url\":\"https:\\\/\\\/schweizversand.ch\\\/en\\\/\",\"name\":\"Schweizer Shop f\u00fcr Sport, Spiel und Freizeit\",\"description\":\"Gratisversand ab 50.- (netto), ab eigenem schweizer Lager, Lieferung innert 48h\",\"publisher\":{\"@id\":\"https:\\\/\\\/schweizversand.ch\\\/en\\\/#organization\"},\"alternateName\":\"Schweizversand.ch\",\"potentialAction\":[{\"@type\":\"SearchAction\",\"target\":{\"@type\":\"EntryPoint\",\"urlTemplate\":\"https:\\\/\\\/schweizversand.ch\\\/en\\\/?s={search_term_string}\"},\"query-input\":{\"@type\":\"PropertyValueSpecification\",\"valueRequired\":true,\"valueName\":\"search_term_string\"}}],\"inLanguage\":\"en-US\"},{\"@type\":\"Organization\",\"@id\":\"https:\\\/\\\/schweizversand.ch\\\/en\\\/#organization\",\"name\":\"Schweizversand.ch\",\"url\":\"https:\\\/\\\/schweizversand.ch\\\/en\\\/\",\"logo\":{\"@type\":\"ImageObject\",\"inLanguage\":\"en-US\",\"@id\":\"https:\\\/\\\/schweizversand.ch\\\/en\\\/#\\\/schema\\\/logo\\\/image\\\/\",\"url\":\"https:\\\/\\\/schweizversand.ch\\\/wp-content\\\/uploads\\\/2026\\\/03\\\/Logo_Rund_Final-1.png\",\"contentUrl\":\"https:\\\/\\\/schweizversand.ch\\\/wp-content\\\/uploads\\\/2026\\\/03\\\/Logo_Rund_Final-1.png\",\"width\":404,\"height\":404,\"caption\":\"Schweizversand.ch\"},\"image\":{\"@id\":\"https:\\\/\\\/schweizversand.ch\\\/en\\\/#\\\/schema\\\/logo\\\/image\\\/\"},\"sameAs\":[\"https:\\\/\\\/www.facebook.com\\\/Schweizversand\",\"https:\\\/\\\/www.instagram.com\\\/schweizversand.ch\\\/\"]}]}<\/script>\n<!-- \/ Yoast SEO plugin. -->","yoast_head_json":{"title":"Eurostick Unihockeyb\u00e4lle 3er Pack","description":"Unihockeyb\u00e4lle 3er Pack \u2013 Floorball B\u00e4lle Set 75mm Steigern Sie Ihr Spielerlebnis mit diesem hochwertigen Unihockeyb\u00e4lle 3er Pack . Dieses Floorball B\u00e4lle Set i","robots":{"index":"index","follow":"follow","max-snippet":"max-snippet:-1","max-image-preview":"max-image-preview:large","max-video-preview":"max-video-preview:-1"},"canonical":"https:\/\/schweizversand.ch\/en\/produkt\/eurostick-unihockeybaelle-3er-pack-2\/","og_locale":"en_US","og_type":"article","og_title":"Eurostick Unihockeyb\u00e4lle 3er Pack","og_description":"Unihockeyb\u00e4lle 3er Pack \u2013 Floorball B\u00e4lle Set 75mm Steigern Sie Ihr Spielerlebnis mit diesem hochwertigen Unihockeyb\u00e4lle 3er Pack . Dieses Floorball B\u00e4lle Set i","og_url":"https:\/\/schweizversand.ch\/en\/produkt\/eurostick-unihockeybaelle-3er-pack-2\/","og_site_name":"Schweizer Shop f\u00fcr Sport, Spiel und Freizeit","article_publisher":"https:\/\/www.facebook.com\/Schweizversand","article_modified_time":"2026-05-02T00:01:24+00:00","twitter_card":"summary_large_image","twitter_misc":{"Est. reading time":"1 minute"},"schema":{"@context":"https:\/\/schema.org","@graph":[{"@type":"WebPage","@id":"https:\/\/schweizversand.ch\/en\/produkt\/eurostick-unihockeybaelle-3er-pack-2\/","url":"https:\/\/schweizversand.ch\/en\/produkt\/eurostick-unihockeybaelle-3er-pack-2\/","name":"Eurostick Unihockeyb\u00e4lle 3er Pack","isPartOf":{"@id":"https:\/\/schweizversand.ch\/en\/#website"},"primaryImageOfPage":{"@id":"https:\/\/schweizversand.ch\/en\/produkt\/eurostick-unihockeybaelle-3er-pack-2\/#primaryimage"},"image":{"@id":"https:\/\/schweizversand.ch\/en\/produkt\/eurostick-unihockeybaelle-3er-pack-2\/#primaryimage"},"thumbnailUrl":"https:\/\/schweizversand.ch\/wp-content\/uploads\/2026\/03\/5471482113.jpg","datePublished":"2026-05-01T00:00:31+00:00","dateModified":"2026-05-02T00:01:24+00:00","description":"Unihockeyb\u00e4lle 3er Pack \u2013 Floorball B\u00e4lle Set 75mm Steigern Sie Ihr Spielerlebnis mit diesem hochwertigen Unihockeyb\u00e4lle 3er Pack . Dieses Floorball B\u00e4lle Set i","breadcrumb":{"@id":"https:\/\/schweizversand.ch\/en\/produkt\/eurostick-unihockeybaelle-3er-pack-2\/#breadcrumb"},"inLanguage":"en-US","potentialAction":[{"@type":"ReadAction","target":["https:\/\/schweizversand.ch\/en\/produkt\/eurostick-unihockeybaelle-3er-pack-2\/"]}]},{"@type":"ImageObject","inLanguage":"en-US","@id":"https:\/\/schweizversand.ch\/en\/produkt\/eurostick-unihockeybaelle-3er-pack-2\/#primaryimage","url":"https:\/\/schweizversand.ch\/wp-content\/uploads\/2026\/03\/5471482113.jpg","contentUrl":"https:\/\/schweizversand.ch\/wp-content\/uploads\/2026\/03\/5471482113.jpg","width":1024,"height":768},{"@type":"BreadcrumbList","@id":"https:\/\/schweizversand.ch\/en\/produkt\/eurostick-unihockeybaelle-3er-pack-2\/#breadcrumb","itemListElement":[{"@type":"ListItem","position":1,"name":"Startseite","item":"https:\/\/schweizversand.ch\/en\/"},{"@type":"ListItem","position":2,"name":"Shop","item":"https:\/\/schweizversand.ch\/en\/shop\/"},{"@type":"ListItem","position":3,"name":"Eurostick Unihockey Balls 3-Pack"}]},{"@type":"WebSite","@id":"https:\/\/schweizversand.ch\/en\/#website","url":"https:\/\/schweizversand.ch\/en\/","name":"Schweizer Shop f\u00fcr Sport, Spiel und Freizeit","description":"Gratisversand ab 50.- (netto), ab eigenem schweizer Lager, Lieferung innert 48h","publisher":{"@id":"https:\/\/schweizversand.ch\/en\/#organization"},"alternateName":"Schweizversand.ch","potentialAction":[{"@type":"SearchAction","target":{"@type":"EntryPoint","urlTemplate":"https:\/\/schweizversand.ch\/en\/?s={search_term_string}"},"query-input":{"@type":"PropertyValueSpecification","valueRequired":true,"valueName":"search_term_string"}}],"inLanguage":"en-US"},{"@type":"Organization","@id":"https:\/\/schweizversand.ch\/en\/#organization","name":"Schweizversand.ch","url":"https:\/\/schweizversand.ch\/en\/","logo":{"@type":"ImageObject","inLanguage":"en-US","@id":"https:\/\/schweizversand.ch\/en\/#\/schema\/logo\/image\/","url":"https:\/\/schweizversand.ch\/wp-content\/uploads\/2026\/03\/Logo_Rund_Final-1.png","contentUrl":"https:\/\/schweizversand.ch\/wp-content\/uploads\/2026\/03\/Logo_Rund_Final-1.png","width":404,"height":404,"caption":"Schweizversand.ch"},"image":{"@id":"https:\/\/schweizversand.ch\/en\/#\/schema\/logo\/image\/"},"sameAs":["https:\/\/www.facebook.com\/Schweizversand","https:\/\/www.instagram.com\/schweizversand.ch\/"]}]}},"jetpack_sharing_enabled":true,"_links":{"self":[{"href":"https:\/\/schweizversand.ch\/en\/wp-json\/wp\/v2\/product\/268853","targetHints":{"allow":["GET"]}}],"collection":[{"href":"https:\/\/schweizversand.ch\/en\/wp-json\/wp\/v2\/product"}],"about":[{"href":"https:\/\/schweizversand.ch\/en\/wp-json\/wp\/v2\/types\/product"}],"replies":[{"embeddable":true,"href":"https:\/\/schweizversand.ch\/en\/wp-json\/wp\/v2\/comments?post=268853"}],"wp:featuredmedia":[{"embeddable":true,"href":"https:\/\/schweizversand.ch\/en\/wp-json\/wp\/v2\/media\/258867"}],"wp:attachment":[{"href":"https:\/\/schweizversand.ch\/en\/wp-json\/wp\/v2\/media?parent=268853"}],"wp:term":[{"taxonomy":"product_brand","embeddable":true,"href":"https:\/\/schweizversand.ch\/en\/wp-json\/wp\/v2\/product_brand?post=268853"},{"taxonomy":"product_cat","embeddable":true,"href":"https:\/\/schweizversand.ch\/en\/wp-json\/wp\/v2\/product_cat?post=268853"},{"taxonomy":"product_tag","embeddable":true,"href":"https:\/\/schweizversand.ch\/en\/wp-json\/wp\/v2\/product_tag?post=268853"}],"curies":[{"name":"wp","href":"https:\/\/api.w.org\/{rel}","templated":true}]}}