{"id":268855,"date":"2026-03-15T00:55:20","date_gmt":"2026-03-14T23:55:20","guid":{"rendered":"https:\/\/schweizversand.ch\/produkt\/eurostick-unihockeybaelle-3-pack\/"},"modified":"2026-05-02T02:01:24","modified_gmt":"2026-05-02T00:01:24","slug":"eurostick-unihockeybaelle-3-pack","status":"publish","type":"product","link":"https:\/\/schweizversand.ch\/en\/produkt\/eurostick-unihockeybaelle-3-pack\/","title":{"rendered":"Eurostick Unihockeyballs 3-pack"},"content":{"rendered":"<h1><strong>PE Floorball Balls \u2013 75mm Competition and Training<\/strong><\/h1>\n<div>Take your game to the next level with these high-quality floorball balls, specially designed for maximum precision and durability. Made from robust PE material, these floorball balls offer optimal flight characteristics for training and intense competition.<\/p>\n<\/div>\n<div><strong>Superior Material Quality and Precision<\/strong><br \/>These PE floorball models are made from durable, phthalate-free polyethylene (thermoplastic), guaranteeing exceptional shape retention. The precise manufacturing ensures perfect balance and a reliable trajectory, making them ideal competition floorball balls. Optimal playing characteristics: Thanks to their light weight and standardized diameter, you&#8217;ll experience maximum control and quick reactions. The smooth surface with precisely placed holes ensures consistent aerodynamics and high speed. These balls are break-resistant and can withstand even intense play, making them perfect for demanding floorball training.<\/p>\n<\/div>\n<div><strong>Product Details and Specifications<\/strong><br \/>&#8211; Material: High-quality polyethylene (PE), phthalate-free<br \/>&#8211; Diameter: 75mm floorball (standard size)<br \/>&#8211; Weight: Only 26g per ball<br \/>&#8211; Features: Robust, dimensionally stable, perfectly balanced<br \/>&#8211; Intended Use: Ideal for school, club training, and tournaments<\/p>\n<\/div>\n<div>Choose these floorballs for a dynamic, fair, and professional playing experience that will appeal to players of all ages and skill levels.<\/p>\n<\/div>\n<div><\/div>\n","protected":false},"excerpt":{"rendered":"<p>Eurostick Unihockeyb\u00e4lle 3-pack bieten pr\u00e4zise Flugbahn, hohe Haltbarkeit und optimale Kontrolle \u2013 ideal f\u00fcr Training und Wettkampf auf h\u00f6chstem Niveau.<\/p>\n","protected":false},"featured_media":160266,"comment_status":"open","ping_status":"closed","template":"","meta":[],"product_brand":[],"product_cat":[39259],"product_tag":[],"class_list":{"0":"post-268855","1":"product","2":"type-product","3":"status-publish","4":"has-post-thumbnail","6":"product_cat-unihockey-2","7":"product_shipping_class-global_methods","9":"first","10":"instock","11":"taxable","12":"shipping-taxable","13":"purchasable","14":"product-type-simple"},"yoast_head":"<!-- This site is optimized with the Yoast SEO plugin v27.5 - https:\/\/yoast.com\/product\/yoast-seo-wordpress\/ -->\n<title>Eurostick Unihockeyb\u00e4lle 3-pack<\/title>\n<meta name=\"description\" content=\"Unihockeyb\u00e4lle PE \u2013 75mm Wettkampf und Training Steigern Sie Ihr Spielniveau mit diesen hochwertigen Unihockeyb\u00e4llen , die speziell f\u00fcr maximale Pr\u00e4zision und H\" \/>\n<meta name=\"robots\" content=\"index, follow, max-snippet:-1, max-image-preview:large, max-video-preview:-1\" \/>\n<link rel=\"canonical\" href=\"https:\/\/schweizversand.ch\/en\/produkt\/eurostick-unihockeybaelle-3-pack\/\" \/>\n<meta property=\"og:locale\" content=\"en_US\" \/>\n<meta property=\"og:type\" content=\"article\" \/>\n<meta property=\"og:title\" content=\"Eurostick Unihockeyb\u00e4lle 3-pack\" \/>\n<meta property=\"og:description\" content=\"Unihockeyb\u00e4lle PE \u2013 75mm Wettkampf und Training Steigern Sie Ihr Spielniveau mit diesen hochwertigen Unihockeyb\u00e4llen , die speziell f\u00fcr maximale Pr\u00e4zision und H\" \/>\n<meta property=\"og:url\" content=\"https:\/\/schweizversand.ch\/en\/produkt\/eurostick-unihockeybaelle-3-pack\/\" \/>\n<meta property=\"og:site_name\" content=\"Schweizer Shop f\u00fcr Sport, Spiel und Freizeit\" \/>\n<meta property=\"article:publisher\" content=\"https:\/\/www.facebook.com\/Schweizversand\" \/>\n<meta property=\"article:modified_time\" content=\"2026-05-02T00:01:24+00:00\" \/>\n<meta property=\"og:image\" content=\"https:\/\/schweizversand.ch\/wp-content\/uploads\/2026\/02\/5471482270.jpg\" \/>\n\t<meta property=\"og:image:width\" content=\"461\" \/>\n\t<meta property=\"og:image:height\" content=\"1024\" \/>\n\t<meta property=\"og:image:type\" content=\"image\/jpeg\" \/>\n<meta name=\"twitter:card\" content=\"summary_large_image\" \/>\n<meta name=\"twitter:label1\" content=\"Est. reading time\" \/>\n\t<meta name=\"twitter:data1\" content=\"1 minute\" \/>\n<script type=\"application\/ld+json\" class=\"yoast-schema-graph\">{\"@context\":\"https:\\\/\\\/schema.org\",\"@graph\":[{\"@type\":\"WebPage\",\"@id\":\"https:\\\/\\\/schweizversand.ch\\\/en\\\/produkt\\\/eurostick-unihockeybaelle-3-pack\\\/\",\"url\":\"https:\\\/\\\/schweizversand.ch\\\/en\\\/produkt\\\/eurostick-unihockeybaelle-3-pack\\\/\",\"name\":\"Eurostick Unihockeyb\u00e4lle 3-pack\",\"isPartOf\":{\"@id\":\"https:\\\/\\\/schweizversand.ch\\\/en\\\/#website\"},\"primaryImageOfPage\":{\"@id\":\"https:\\\/\\\/schweizversand.ch\\\/en\\\/produkt\\\/eurostick-unihockeybaelle-3-pack\\\/#primaryimage\"},\"image\":{\"@id\":\"https:\\\/\\\/schweizversand.ch\\\/en\\\/produkt\\\/eurostick-unihockeybaelle-3-pack\\\/#primaryimage\"},\"thumbnailUrl\":\"https:\\\/\\\/schweizversand.ch\\\/wp-content\\\/uploads\\\/2026\\\/02\\\/5471482270.jpg\",\"datePublished\":\"2026-03-14T23:55:20+00:00\",\"dateModified\":\"2026-05-02T00:01:24+00:00\",\"description\":\"Unihockeyb\u00e4lle PE \u2013 75mm Wettkampf und Training Steigern Sie Ihr Spielniveau mit diesen hochwertigen Unihockeyb\u00e4llen , die speziell f\u00fcr maximale Pr\u00e4zision und H\",\"breadcrumb\":{\"@id\":\"https:\\\/\\\/schweizversand.ch\\\/en\\\/produkt\\\/eurostick-unihockeybaelle-3-pack\\\/#breadcrumb\"},\"inLanguage\":\"en-US\",\"potentialAction\":[{\"@type\":\"ReadAction\",\"target\":[\"https:\\\/\\\/schweizversand.ch\\\/en\\\/produkt\\\/eurostick-unihockeybaelle-3-pack\\\/\"]}]},{\"@type\":\"ImageObject\",\"inLanguage\":\"en-US\",\"@id\":\"https:\\\/\\\/schweizversand.ch\\\/en\\\/produkt\\\/eurostick-unihockeybaelle-3-pack\\\/#primaryimage\",\"url\":\"https:\\\/\\\/schweizversand.ch\\\/wp-content\\\/uploads\\\/2026\\\/02\\\/5471482270.jpg\",\"contentUrl\":\"https:\\\/\\\/schweizversand.ch\\\/wp-content\\\/uploads\\\/2026\\\/02\\\/5471482270.jpg\",\"width\":461,\"height\":1024},{\"@type\":\"BreadcrumbList\",\"@id\":\"https:\\\/\\\/schweizversand.ch\\\/en\\\/produkt\\\/eurostick-unihockeybaelle-3-pack\\\/#breadcrumb\",\"itemListElement\":[{\"@type\":\"ListItem\",\"position\":1,\"name\":\"Startseite\",\"item\":\"https:\\\/\\\/schweizversand.ch\\\/en\\\/\"},{\"@type\":\"ListItem\",\"position\":2,\"name\":\"Shop\",\"item\":\"https:\\\/\\\/schweizversand.ch\\\/en\\\/shop\\\/\"},{\"@type\":\"ListItem\",\"position\":3,\"name\":\"Eurostick Unihockeyballs 3-pack\"}]},{\"@type\":\"WebSite\",\"@id\":\"https:\\\/\\\/schweizversand.ch\\\/en\\\/#website\",\"url\":\"https:\\\/\\\/schweizversand.ch\\\/en\\\/\",\"name\":\"Schweizer Shop f\u00fcr Sport, Spiel und Freizeit\",\"description\":\"Gratisversand ab 50.- (netto), ab eigenem schweizer Lager, Lieferung innert 48h\",\"publisher\":{\"@id\":\"https:\\\/\\\/schweizversand.ch\\\/en\\\/#organization\"},\"alternateName\":\"Schweizversand.ch\",\"potentialAction\":[{\"@type\":\"SearchAction\",\"target\":{\"@type\":\"EntryPoint\",\"urlTemplate\":\"https:\\\/\\\/schweizversand.ch\\\/en\\\/?s={search_term_string}\"},\"query-input\":{\"@type\":\"PropertyValueSpecification\",\"valueRequired\":true,\"valueName\":\"search_term_string\"}}],\"inLanguage\":\"en-US\"},{\"@type\":\"Organization\",\"@id\":\"https:\\\/\\\/schweizversand.ch\\\/en\\\/#organization\",\"name\":\"Schweizversand.ch\",\"url\":\"https:\\\/\\\/schweizversand.ch\\\/en\\\/\",\"logo\":{\"@type\":\"ImageObject\",\"inLanguage\":\"en-US\",\"@id\":\"https:\\\/\\\/schweizversand.ch\\\/en\\\/#\\\/schema\\\/logo\\\/image\\\/\",\"url\":\"https:\\\/\\\/schweizversand.ch\\\/wp-content\\\/uploads\\\/2026\\\/03\\\/Logo_Rund_Final-1.png\",\"contentUrl\":\"https:\\\/\\\/schweizversand.ch\\\/wp-content\\\/uploads\\\/2026\\\/03\\\/Logo_Rund_Final-1.png\",\"width\":404,\"height\":404,\"caption\":\"Schweizversand.ch\"},\"image\":{\"@id\":\"https:\\\/\\\/schweizversand.ch\\\/en\\\/#\\\/schema\\\/logo\\\/image\\\/\"},\"sameAs\":[\"https:\\\/\\\/www.facebook.com\\\/Schweizversand\",\"https:\\\/\\\/www.instagram.com\\\/schweizversand.ch\\\/\"]}]}<\/script>\n<!-- \/ Yoast SEO plugin. -->","yoast_head_json":{"title":"Eurostick Unihockeyb\u00e4lle 3-pack","description":"Unihockeyb\u00e4lle PE \u2013 75mm Wettkampf und Training Steigern Sie Ihr Spielniveau mit diesen hochwertigen Unihockeyb\u00e4llen , die speziell f\u00fcr maximale Pr\u00e4zision und H","robots":{"index":"index","follow":"follow","max-snippet":"max-snippet:-1","max-image-preview":"max-image-preview:large","max-video-preview":"max-video-preview:-1"},"canonical":"https:\/\/schweizversand.ch\/en\/produkt\/eurostick-unihockeybaelle-3-pack\/","og_locale":"en_US","og_type":"article","og_title":"Eurostick Unihockeyb\u00e4lle 3-pack","og_description":"Unihockeyb\u00e4lle PE \u2013 75mm Wettkampf und Training Steigern Sie Ihr Spielniveau mit diesen hochwertigen Unihockeyb\u00e4llen , die speziell f\u00fcr maximale Pr\u00e4zision und H","og_url":"https:\/\/schweizversand.ch\/en\/produkt\/eurostick-unihockeybaelle-3-pack\/","og_site_name":"Schweizer Shop f\u00fcr Sport, Spiel und Freizeit","article_publisher":"https:\/\/www.facebook.com\/Schweizversand","article_modified_time":"2026-05-02T00:01:24+00:00","og_image":[{"width":461,"height":1024,"url":"https:\/\/schweizversand.ch\/wp-content\/uploads\/2026\/02\/5471482270.jpg","type":"image\/jpeg"}],"twitter_card":"summary_large_image","twitter_misc":{"Est. reading time":"1 minute"},"schema":{"@context":"https:\/\/schema.org","@graph":[{"@type":"WebPage","@id":"https:\/\/schweizversand.ch\/en\/produkt\/eurostick-unihockeybaelle-3-pack\/","url":"https:\/\/schweizversand.ch\/en\/produkt\/eurostick-unihockeybaelle-3-pack\/","name":"Eurostick Unihockeyb\u00e4lle 3-pack","isPartOf":{"@id":"https:\/\/schweizversand.ch\/en\/#website"},"primaryImageOfPage":{"@id":"https:\/\/schweizversand.ch\/en\/produkt\/eurostick-unihockeybaelle-3-pack\/#primaryimage"},"image":{"@id":"https:\/\/schweizversand.ch\/en\/produkt\/eurostick-unihockeybaelle-3-pack\/#primaryimage"},"thumbnailUrl":"https:\/\/schweizversand.ch\/wp-content\/uploads\/2026\/02\/5471482270.jpg","datePublished":"2026-03-14T23:55:20+00:00","dateModified":"2026-05-02T00:01:24+00:00","description":"Unihockeyb\u00e4lle PE \u2013 75mm Wettkampf und Training Steigern Sie Ihr Spielniveau mit diesen hochwertigen Unihockeyb\u00e4llen , die speziell f\u00fcr maximale Pr\u00e4zision und H","breadcrumb":{"@id":"https:\/\/schweizversand.ch\/en\/produkt\/eurostick-unihockeybaelle-3-pack\/#breadcrumb"},"inLanguage":"en-US","potentialAction":[{"@type":"ReadAction","target":["https:\/\/schweizversand.ch\/en\/produkt\/eurostick-unihockeybaelle-3-pack\/"]}]},{"@type":"ImageObject","inLanguage":"en-US","@id":"https:\/\/schweizversand.ch\/en\/produkt\/eurostick-unihockeybaelle-3-pack\/#primaryimage","url":"https:\/\/schweizversand.ch\/wp-content\/uploads\/2026\/02\/5471482270.jpg","contentUrl":"https:\/\/schweizversand.ch\/wp-content\/uploads\/2026\/02\/5471482270.jpg","width":461,"height":1024},{"@type":"BreadcrumbList","@id":"https:\/\/schweizversand.ch\/en\/produkt\/eurostick-unihockeybaelle-3-pack\/#breadcrumb","itemListElement":[{"@type":"ListItem","position":1,"name":"Startseite","item":"https:\/\/schweizversand.ch\/en\/"},{"@type":"ListItem","position":2,"name":"Shop","item":"https:\/\/schweizversand.ch\/en\/shop\/"},{"@type":"ListItem","position":3,"name":"Eurostick Unihockeyballs 3-pack"}]},{"@type":"WebSite","@id":"https:\/\/schweizversand.ch\/en\/#website","url":"https:\/\/schweizversand.ch\/en\/","name":"Schweizer Shop f\u00fcr Sport, Spiel und Freizeit","description":"Gratisversand ab 50.- (netto), ab eigenem schweizer Lager, Lieferung innert 48h","publisher":{"@id":"https:\/\/schweizversand.ch\/en\/#organization"},"alternateName":"Schweizversand.ch","potentialAction":[{"@type":"SearchAction","target":{"@type":"EntryPoint","urlTemplate":"https:\/\/schweizversand.ch\/en\/?s={search_term_string}"},"query-input":{"@type":"PropertyValueSpecification","valueRequired":true,"valueName":"search_term_string"}}],"inLanguage":"en-US"},{"@type":"Organization","@id":"https:\/\/schweizversand.ch\/en\/#organization","name":"Schweizversand.ch","url":"https:\/\/schweizversand.ch\/en\/","logo":{"@type":"ImageObject","inLanguage":"en-US","@id":"https:\/\/schweizversand.ch\/en\/#\/schema\/logo\/image\/","url":"https:\/\/schweizversand.ch\/wp-content\/uploads\/2026\/03\/Logo_Rund_Final-1.png","contentUrl":"https:\/\/schweizversand.ch\/wp-content\/uploads\/2026\/03\/Logo_Rund_Final-1.png","width":404,"height":404,"caption":"Schweizversand.ch"},"image":{"@id":"https:\/\/schweizversand.ch\/en\/#\/schema\/logo\/image\/"},"sameAs":["https:\/\/www.facebook.com\/Schweizversand","https:\/\/www.instagram.com\/schweizversand.ch\/"]}]}},"jetpack_sharing_enabled":true,"_links":{"self":[{"href":"https:\/\/schweizversand.ch\/en\/wp-json\/wp\/v2\/product\/268855","targetHints":{"allow":["GET"]}}],"collection":[{"href":"https:\/\/schweizversand.ch\/en\/wp-json\/wp\/v2\/product"}],"about":[{"href":"https:\/\/schweizversand.ch\/en\/wp-json\/wp\/v2\/types\/product"}],"replies":[{"embeddable":true,"href":"https:\/\/schweizversand.ch\/en\/wp-json\/wp\/v2\/comments?post=268855"}],"wp:featuredmedia":[{"embeddable":true,"href":"https:\/\/schweizversand.ch\/en\/wp-json\/wp\/v2\/media\/160266"}],"wp:attachment":[{"href":"https:\/\/schweizversand.ch\/en\/wp-json\/wp\/v2\/media?parent=268855"}],"wp:term":[{"taxonomy":"product_brand","embeddable":true,"href":"https:\/\/schweizversand.ch\/en\/wp-json\/wp\/v2\/product_brand?post=268855"},{"taxonomy":"product_cat","embeddable":true,"href":"https:\/\/schweizversand.ch\/en\/wp-json\/wp\/v2\/product_cat?post=268855"},{"taxonomy":"product_tag","embeddable":true,"href":"https:\/\/schweizversand.ch\/en\/wp-json\/wp\/v2\/product_tag?post=268855"}],"curies":[{"name":"wp","href":"https:\/\/api.w.org\/{rel}","templated":true}]}}