{"id":268856,"date":"2026-05-01T02:00:31","date_gmt":"2026-05-01T00:00:31","guid":{"rendered":"https:\/\/schweizversand.ch\/produkt\/eurostick-unihockeybaelle-6er-pack\/"},"modified":"2026-05-02T02:01:24","modified_gmt":"2026-05-02T00:01:24","slug":"eurostick-unihockeybaelle-6er-pack","status":"publish","type":"product","link":"https:\/\/schweizversand.ch\/en\/produkt\/eurostick-unihockeybaelle-6er-pack\/","title":{"rendered":"Eurostick Unihockey balls, 6-pack"},"content":{"rendered":"<h1><strong>6-Pack Floorball Balls \u2013 Robust and Precise<\/strong><\/h1>\n<div>This high-quality <strong>floorball ball set<\/strong> is the ideal choice for intensive training and exciting competitions. Made from robust polyethylene, these balls offer <strong>optimal playing characteristics<\/strong> and maximum durability for players of all levels.<\/p>\n<\/div>\n<div><strong>Convincing Quality and Durability<\/strong><br \/>The <strong>floorball balls<\/strong> are made from durable, phthalate-free polyethylene, which guarantees the highest <strong>dimensional stability<\/strong> and break resistance. These robust floorball balls can withstand even the most intense play and are therefore the perfect floorball accessory for schools, clubs, and recreational use. Precision and Aerodynamics: Each ball in the 6-pack of floorball balls is perfectly balanced and weighs only 26 g with a diameter of 75 mm. The smooth surface with precisely placed holes ensures even aerodynamics, a stable trajectory, and high speed. Experience maximum control and lightning-fast reactions on the field.<\/p>\n<\/div>\n<div><strong>Product Details and Scope of Delivery<\/strong><br \/>&#8211; Material: High-quality <strong>polyethylene floorball<\/strong> (thermoplastic)<br \/>&#8211; Weight per ball: approx. 26 g<br \/>&#8211; Diameter: 75 mm<br \/>&#8211; Features: Break-resistant, dimensionally stable, phthalate-free<br \/>&#8211; Scope of Delivery: 6 floorballs<\/p>\n<\/div>\n<div>Secure this set and benefit from the <strong>precision and stability<\/strong> that will take your game to the next level. Order now and experience the difference!<\/p>\n<\/div>\n<div><\/div>\n","protected":false},"excerpt":{"rendered":"<p>Eurostick Unihockeyb\u00e4lle 6er Pack bieten robuste, phthalatfreie Qualit\u00e4t und optimale Aerodynamik f\u00fcr pr\u00e4zises Spiel und langanhaltenden Einsatz im Training und Wettkampf.<\/p>\n","protected":false},"featured_media":268925,"comment_status":"open","ping_status":"closed","template":"","meta":[],"product_brand":[],"product_cat":[39259],"product_tag":[],"class_list":{"0":"post-268856","1":"product","2":"type-product","3":"status-publish","4":"has-post-thumbnail","6":"product_cat-unihockey-2","7":"product_shipping_class-global_methods","9":"first","10":"instock","11":"taxable","12":"shipping-taxable","13":"purchasable","14":"product-type-simple"},"yoast_head":"<!-- This site is optimized with the Yoast SEO plugin v27.5 - https:\/\/yoast.com\/product\/yoast-seo-wordpress\/ -->\n<title>Eurostick Unihockeyb\u00e4lle 6er Pack<\/title>\n<meta name=\"description\" content=\"6er Pack Unihockeyb\u00e4lle \u2013 Robust und Pr\u00e4zise Dieses hochwertige Floorball B\u00e4lle Set ist die ideale Wahl f\u00fcr intensives Training und spannende Wettk\u00e4mpfe. Gefert\" \/>\n<meta name=\"robots\" content=\"index, follow, max-snippet:-1, max-image-preview:large, max-video-preview:-1\" \/>\n<link rel=\"canonical\" href=\"https:\/\/schweizversand.ch\/en\/produkt\/eurostick-unihockeybaelle-6er-pack\/\" \/>\n<meta property=\"og:locale\" content=\"en_US\" \/>\n<meta property=\"og:type\" content=\"article\" \/>\n<meta property=\"og:title\" content=\"Eurostick Unihockeyb\u00e4lle 6er Pack\" \/>\n<meta property=\"og:description\" content=\"6er Pack Unihockeyb\u00e4lle \u2013 Robust und Pr\u00e4zise Dieses hochwertige Floorball B\u00e4lle Set ist die ideale Wahl f\u00fcr intensives Training und spannende Wettk\u00e4mpfe. Gefert\" \/>\n<meta property=\"og:url\" content=\"https:\/\/schweizversand.ch\/en\/produkt\/eurostick-unihockeybaelle-6er-pack\/\" \/>\n<meta property=\"og:site_name\" content=\"Schweizer Shop f\u00fcr Sport, Spiel und Freizeit\" \/>\n<meta property=\"article:publisher\" content=\"https:\/\/www.facebook.com\/Schweizversand\" \/>\n<meta property=\"article:modified_time\" content=\"2026-05-02T00:01:24+00:00\" \/>\n<meta name=\"twitter:card\" content=\"summary_large_image\" \/>\n<meta name=\"twitter:label1\" content=\"Est. reading time\" \/>\n\t<meta name=\"twitter:data1\" content=\"1 minute\" \/>\n<script type=\"application\/ld+json\" class=\"yoast-schema-graph\">{\"@context\":\"https:\\\/\\\/schema.org\",\"@graph\":[{\"@type\":\"WebPage\",\"@id\":\"https:\\\/\\\/schweizversand.ch\\\/en\\\/produkt\\\/eurostick-unihockeybaelle-6er-pack\\\/\",\"url\":\"https:\\\/\\\/schweizversand.ch\\\/en\\\/produkt\\\/eurostick-unihockeybaelle-6er-pack\\\/\",\"name\":\"Eurostick Unihockeyb\u00e4lle 6er Pack\",\"isPartOf\":{\"@id\":\"https:\\\/\\\/schweizversand.ch\\\/en\\\/#website\"},\"primaryImageOfPage\":{\"@id\":\"https:\\\/\\\/schweizversand.ch\\\/en\\\/produkt\\\/eurostick-unihockeybaelle-6er-pack\\\/#primaryimage\"},\"image\":{\"@id\":\"https:\\\/\\\/schweizversand.ch\\\/en\\\/produkt\\\/eurostick-unihockeybaelle-6er-pack\\\/#primaryimage\"},\"thumbnailUrl\":\"https:\\\/\\\/schweizversand.ch\\\/wp-content\\\/uploads\\\/2026\\\/05\\\/5471480105.jpg\",\"datePublished\":\"2026-05-01T00:00:31+00:00\",\"dateModified\":\"2026-05-02T00:01:24+00:00\",\"description\":\"6er Pack Unihockeyb\u00e4lle \u2013 Robust und Pr\u00e4zise Dieses hochwertige Floorball B\u00e4lle Set ist die ideale Wahl f\u00fcr intensives Training und spannende Wettk\u00e4mpfe. Gefert\",\"breadcrumb\":{\"@id\":\"https:\\\/\\\/schweizversand.ch\\\/en\\\/produkt\\\/eurostick-unihockeybaelle-6er-pack\\\/#breadcrumb\"},\"inLanguage\":\"en-US\",\"potentialAction\":[{\"@type\":\"ReadAction\",\"target\":[\"https:\\\/\\\/schweizversand.ch\\\/en\\\/produkt\\\/eurostick-unihockeybaelle-6er-pack\\\/\"]}]},{\"@type\":\"ImageObject\",\"inLanguage\":\"en-US\",\"@id\":\"https:\\\/\\\/schweizversand.ch\\\/en\\\/produkt\\\/eurostick-unihockeybaelle-6er-pack\\\/#primaryimage\",\"url\":\"https:\\\/\\\/schweizversand.ch\\\/wp-content\\\/uploads\\\/2026\\\/05\\\/5471480105.jpg\",\"contentUrl\":\"https:\\\/\\\/schweizversand.ch\\\/wp-content\\\/uploads\\\/2026\\\/05\\\/5471480105.jpg\",\"width\":1024,\"height\":706},{\"@type\":\"BreadcrumbList\",\"@id\":\"https:\\\/\\\/schweizversand.ch\\\/en\\\/produkt\\\/eurostick-unihockeybaelle-6er-pack\\\/#breadcrumb\",\"itemListElement\":[{\"@type\":\"ListItem\",\"position\":1,\"name\":\"Startseite\",\"item\":\"https:\\\/\\\/schweizversand.ch\\\/en\\\/\"},{\"@type\":\"ListItem\",\"position\":2,\"name\":\"Shop\",\"item\":\"https:\\\/\\\/schweizversand.ch\\\/en\\\/shop\\\/\"},{\"@type\":\"ListItem\",\"position\":3,\"name\":\"Eurostick Unihockey balls, 6-pack\"}]},{\"@type\":\"WebSite\",\"@id\":\"https:\\\/\\\/schweizversand.ch\\\/en\\\/#website\",\"url\":\"https:\\\/\\\/schweizversand.ch\\\/en\\\/\",\"name\":\"Schweizer Shop f\u00fcr Sport, Spiel und Freizeit\",\"description\":\"Gratisversand ab 50.- (netto), ab eigenem schweizer Lager, Lieferung innert 48h\",\"publisher\":{\"@id\":\"https:\\\/\\\/schweizversand.ch\\\/en\\\/#organization\"},\"alternateName\":\"Schweizversand.ch\",\"potentialAction\":[{\"@type\":\"SearchAction\",\"target\":{\"@type\":\"EntryPoint\",\"urlTemplate\":\"https:\\\/\\\/schweizversand.ch\\\/en\\\/?s={search_term_string}\"},\"query-input\":{\"@type\":\"PropertyValueSpecification\",\"valueRequired\":true,\"valueName\":\"search_term_string\"}}],\"inLanguage\":\"en-US\"},{\"@type\":\"Organization\",\"@id\":\"https:\\\/\\\/schweizversand.ch\\\/en\\\/#organization\",\"name\":\"Schweizversand.ch\",\"url\":\"https:\\\/\\\/schweizversand.ch\\\/en\\\/\",\"logo\":{\"@type\":\"ImageObject\",\"inLanguage\":\"en-US\",\"@id\":\"https:\\\/\\\/schweizversand.ch\\\/en\\\/#\\\/schema\\\/logo\\\/image\\\/\",\"url\":\"https:\\\/\\\/schweizversand.ch\\\/wp-content\\\/uploads\\\/2026\\\/03\\\/Logo_Rund_Final-1.png\",\"contentUrl\":\"https:\\\/\\\/schweizversand.ch\\\/wp-content\\\/uploads\\\/2026\\\/03\\\/Logo_Rund_Final-1.png\",\"width\":404,\"height\":404,\"caption\":\"Schweizversand.ch\"},\"image\":{\"@id\":\"https:\\\/\\\/schweizversand.ch\\\/en\\\/#\\\/schema\\\/logo\\\/image\\\/\"},\"sameAs\":[\"https:\\\/\\\/www.facebook.com\\\/Schweizversand\",\"https:\\\/\\\/www.instagram.com\\\/schweizversand.ch\\\/\"]}]}<\/script>\n<!-- \/ Yoast SEO plugin. -->","yoast_head_json":{"title":"Eurostick Unihockeyb\u00e4lle 6er Pack","description":"6er Pack Unihockeyb\u00e4lle \u2013 Robust und Pr\u00e4zise Dieses hochwertige Floorball B\u00e4lle Set ist die ideale Wahl f\u00fcr intensives Training und spannende Wettk\u00e4mpfe. Gefert","robots":{"index":"index","follow":"follow","max-snippet":"max-snippet:-1","max-image-preview":"max-image-preview:large","max-video-preview":"max-video-preview:-1"},"canonical":"https:\/\/schweizversand.ch\/en\/produkt\/eurostick-unihockeybaelle-6er-pack\/","og_locale":"en_US","og_type":"article","og_title":"Eurostick Unihockeyb\u00e4lle 6er Pack","og_description":"6er Pack Unihockeyb\u00e4lle \u2013 Robust und Pr\u00e4zise Dieses hochwertige Floorball B\u00e4lle Set ist die ideale Wahl f\u00fcr intensives Training und spannende Wettk\u00e4mpfe. Gefert","og_url":"https:\/\/schweizversand.ch\/en\/produkt\/eurostick-unihockeybaelle-6er-pack\/","og_site_name":"Schweizer Shop f\u00fcr Sport, Spiel und Freizeit","article_publisher":"https:\/\/www.facebook.com\/Schweizversand","article_modified_time":"2026-05-02T00:01:24+00:00","twitter_card":"summary_large_image","twitter_misc":{"Est. reading time":"1 minute"},"schema":{"@context":"https:\/\/schema.org","@graph":[{"@type":"WebPage","@id":"https:\/\/schweizversand.ch\/en\/produkt\/eurostick-unihockeybaelle-6er-pack\/","url":"https:\/\/schweizversand.ch\/en\/produkt\/eurostick-unihockeybaelle-6er-pack\/","name":"Eurostick Unihockeyb\u00e4lle 6er Pack","isPartOf":{"@id":"https:\/\/schweizversand.ch\/en\/#website"},"primaryImageOfPage":{"@id":"https:\/\/schweizversand.ch\/en\/produkt\/eurostick-unihockeybaelle-6er-pack\/#primaryimage"},"image":{"@id":"https:\/\/schweizversand.ch\/en\/produkt\/eurostick-unihockeybaelle-6er-pack\/#primaryimage"},"thumbnailUrl":"https:\/\/schweizversand.ch\/wp-content\/uploads\/2026\/05\/5471480105.jpg","datePublished":"2026-05-01T00:00:31+00:00","dateModified":"2026-05-02T00:01:24+00:00","description":"6er Pack Unihockeyb\u00e4lle \u2013 Robust und Pr\u00e4zise Dieses hochwertige Floorball B\u00e4lle Set ist die ideale Wahl f\u00fcr intensives Training und spannende Wettk\u00e4mpfe. Gefert","breadcrumb":{"@id":"https:\/\/schweizversand.ch\/en\/produkt\/eurostick-unihockeybaelle-6er-pack\/#breadcrumb"},"inLanguage":"en-US","potentialAction":[{"@type":"ReadAction","target":["https:\/\/schweizversand.ch\/en\/produkt\/eurostick-unihockeybaelle-6er-pack\/"]}]},{"@type":"ImageObject","inLanguage":"en-US","@id":"https:\/\/schweizversand.ch\/en\/produkt\/eurostick-unihockeybaelle-6er-pack\/#primaryimage","url":"https:\/\/schweizversand.ch\/wp-content\/uploads\/2026\/05\/5471480105.jpg","contentUrl":"https:\/\/schweizversand.ch\/wp-content\/uploads\/2026\/05\/5471480105.jpg","width":1024,"height":706},{"@type":"BreadcrumbList","@id":"https:\/\/schweizversand.ch\/en\/produkt\/eurostick-unihockeybaelle-6er-pack\/#breadcrumb","itemListElement":[{"@type":"ListItem","position":1,"name":"Startseite","item":"https:\/\/schweizversand.ch\/en\/"},{"@type":"ListItem","position":2,"name":"Shop","item":"https:\/\/schweizversand.ch\/en\/shop\/"},{"@type":"ListItem","position":3,"name":"Eurostick Unihockey balls, 6-pack"}]},{"@type":"WebSite","@id":"https:\/\/schweizversand.ch\/en\/#website","url":"https:\/\/schweizversand.ch\/en\/","name":"Schweizer Shop f\u00fcr Sport, Spiel und Freizeit","description":"Gratisversand ab 50.- (netto), ab eigenem schweizer Lager, Lieferung innert 48h","publisher":{"@id":"https:\/\/schweizversand.ch\/en\/#organization"},"alternateName":"Schweizversand.ch","potentialAction":[{"@type":"SearchAction","target":{"@type":"EntryPoint","urlTemplate":"https:\/\/schweizversand.ch\/en\/?s={search_term_string}"},"query-input":{"@type":"PropertyValueSpecification","valueRequired":true,"valueName":"search_term_string"}}],"inLanguage":"en-US"},{"@type":"Organization","@id":"https:\/\/schweizversand.ch\/en\/#organization","name":"Schweizversand.ch","url":"https:\/\/schweizversand.ch\/en\/","logo":{"@type":"ImageObject","inLanguage":"en-US","@id":"https:\/\/schweizversand.ch\/en\/#\/schema\/logo\/image\/","url":"https:\/\/schweizversand.ch\/wp-content\/uploads\/2026\/03\/Logo_Rund_Final-1.png","contentUrl":"https:\/\/schweizversand.ch\/wp-content\/uploads\/2026\/03\/Logo_Rund_Final-1.png","width":404,"height":404,"caption":"Schweizversand.ch"},"image":{"@id":"https:\/\/schweizversand.ch\/en\/#\/schema\/logo\/image\/"},"sameAs":["https:\/\/www.facebook.com\/Schweizversand","https:\/\/www.instagram.com\/schweizversand.ch\/"]}]}},"jetpack_sharing_enabled":true,"_links":{"self":[{"href":"https:\/\/schweizversand.ch\/en\/wp-json\/wp\/v2\/product\/268856","targetHints":{"allow":["GET"]}}],"collection":[{"href":"https:\/\/schweizversand.ch\/en\/wp-json\/wp\/v2\/product"}],"about":[{"href":"https:\/\/schweizversand.ch\/en\/wp-json\/wp\/v2\/types\/product"}],"replies":[{"embeddable":true,"href":"https:\/\/schweizversand.ch\/en\/wp-json\/wp\/v2\/comments?post=268856"}],"wp:featuredmedia":[{"embeddable":true,"href":"https:\/\/schweizversand.ch\/en\/wp-json\/wp\/v2\/media\/268925"}],"wp:attachment":[{"href":"https:\/\/schweizversand.ch\/en\/wp-json\/wp\/v2\/media?parent=268856"}],"wp:term":[{"taxonomy":"product_brand","embeddable":true,"href":"https:\/\/schweizversand.ch\/en\/wp-json\/wp\/v2\/product_brand?post=268856"},{"taxonomy":"product_cat","embeddable":true,"href":"https:\/\/schweizversand.ch\/en\/wp-json\/wp\/v2\/product_cat?post=268856"},{"taxonomy":"product_tag","embeddable":true,"href":"https:\/\/schweizversand.ch\/en\/wp-json\/wp\/v2\/product_tag?post=268856"}],"curies":[{"name":"wp","href":"https:\/\/api.w.org\/{rel}","templated":true}]}}