{"id":139722,"date":"2025-10-02T10:18:27","date_gmt":"2025-10-02T08:18:27","guid":{"rendered":"http:\/\/wordpress.p698403.webspaceconfig.de\/about-us\/"},"modified":"2026-02-19T11:06:37","modified_gmt":"2026-02-19T10:06:37","slug":"about-us","status":"publish","type":"page","link":"https:\/\/schweizversand.ch\/fr\/about-us\/","title":{"rendered":"\u00c0 propos de nous"},"content":{"rendered":"\n<p>Vos experts en sport, jeux et loisirs<\/p>\n\n\n\n<p>Bienvenue sur Schweizversand.ch ! Nous sommes ravis que vous ayez trouv\u00e9 le chemin de notre nouvelle boutique en ligne. En tant que passionn\u00e9s de sport et de loisirs, notre mission est de vous proposer une gamme soigneusement s\u00e9lectionn\u00e9e de produits de haute qualit\u00e9 qui apportent plaisir, mouvement et aventure dans votre quotidien.<\/p>\n\n\n\n<h2 class=\"wp-block-heading\">Notre histoire : De la passion au service<\/h2>\n\n\n\n<p>Derri\u00e8re Schweizversand.ch se trouve Optitrade &amp; Service AG, une entreprise solidement implant\u00e9e \u00e0 Muri (AG). Ce qui nous anime, c&rsquo;est un pur enthousiasme pour le sport et les loisirs. Nous souhaitons partager cette passion avec vous en vous offrant une exp\u00e9rience d&rsquo;achat aussi simple qu&rsquo;inspirante. Chez nous, vous trouverez tout ce que votre c\u0153ur d\u00e9sire \u2013 confortablement depuis chez vous, mais avec la touche personnelle d&rsquo;un magasin sp\u00e9cialis\u00e9 local.<\/p>\n\n\n\n<h2 class=\"wp-block-heading\">Notre philosophie : Qualit\u00e9, service et entrep\u00f4t suisse<\/h2>\n\n\n\n<p>Nous en sommes convaincus : un excellent produit et un service exceptionnel vont de pair. C&rsquo;est pourquoi nous nous concentrons sur trois principes clairs :<\/p>\n\n\n\n<p>\u2022La plus haute qualit\u00e9 de produit \u00e0 des prix \u00e9quitables : Nous s\u00e9lectionnons nos articles avec soin pour vous garantir le meilleur rapport qualit\u00e9-prix.<\/p>\n\n\n\n<p>\u2022Entrep\u00f4t 100 % suisse : Tous les produits command\u00e9s chez nous quittent notre propre entrep\u00f4t en Suisse. Pour vous, cela signifie des livraisons rapides et fiables sur lesquelles vous pouvez compter.<\/p>\n\n\n\n<p>\u2022Proximit\u00e9 client et enthousiasme : Votre satisfaction est notre plus grande motivation. Nous ne voulons pas seulement vous satisfaire ; nous voulons vous inspirer durablement par nos performances et notre engagement. Notre \u00e9quipe sympathique et comp\u00e9tente est toujours \u00e0 votre disposition pour r\u00e9pondre \u00e0 vos questions et vous conseiller au mieux.<\/p>\n\n\n\n<h2 class=\"wp-block-heading\">Plus qu&rsquo;une simple boutique en ligne : un service personnalis\u00e9 sur place<\/h2>\n\n\n\n<p>En plus de nos offres en ligne, nous vous offrons \u00e9galement la possibilit\u00e9 de retirer votre commande directement chez nous \u00e0 Muri (AG). Vous pouvez ainsi \u00e9conomiser sur les frais de port et recevoir vos nouveaux articles pr\u00e9f\u00e9r\u00e9s encore plus rapidement.<\/p>\n\n\n\n<p>N&rsquo;h\u00e9sitez pas \u00e0 nous contacter pour toute question ou suggestion. Utilisez simplement la fonction de chat sur notre site ou \u00e9crivez-nous un e-mail \u00e0 <a href=\"mailto:webshop@schweizversand.ch\" rel=\"noreferrer noopener\" target=\"_blank\">webshop@schweizversand.ch<\/a>.<\/p>\n\n\n\n<p>Votre \u00e9quipe Schweizversand.ch<\/p>\n\n\n\n<figure class=\"wp-block-image size-large\"><img loading=\"lazy\" decoding=\"async\" width=\"1024\" height=\"572\" src=\"https:\/\/schweizversand.ch\/wp-content\/uploads\/2026\/02\/ueber_uns_bild-1024x572.png\" alt=\"\" class=\"wp-image-166991\" srcset=\"https:\/\/schweizversand.ch\/wp-content\/uploads\/2026\/02\/ueber_uns_bild-1024x572.png 1024w, https:\/\/schweizversand.ch\/wp-content\/uploads\/2026\/02\/ueber_uns_bild-300x168.png 300w, https:\/\/schweizversand.ch\/wp-content\/uploads\/2026\/02\/ueber_uns_bild-768x429.png 768w, https:\/\/schweizversand.ch\/wp-content\/uploads\/2026\/02\/ueber_uns_bild-1536x858.png 1536w, https:\/\/schweizversand.ch\/wp-content\/uploads\/2026\/02\/ueber_uns_bild-2048x1144.png 2048w, https:\/\/schweizversand.ch\/wp-content\/uploads\/2026\/02\/ueber_uns_bild-330x184.png 330w, https:\/\/schweizversand.ch\/wp-content\/uploads\/2026\/02\/ueber_uns_bild-680x380.png 680w\" sizes=\"auto, (max-width: 1024px) 100vw, 1024px\" \/><\/figure>\n","protected":false},"excerpt":{"rendered":"<p>Vos experts en sport, jeux et loisirs Bienvenue sur Schweizversand.ch ! Nous sommes ravis que vous ayez trouv\u00e9 le chemin de notre nouvelle boutique en ligne. En tant que passionn\u00e9s de sport et de loisirs, notre mission est de vous proposer une gamme soigneusement s\u00e9lectionn\u00e9e de produits de haute qualit\u00e9 qui apportent plaisir, mouvement et aventure dans votre quotidien. Notre histoire : De la passion au service Derri\u00e8re Schweizversand.ch se trouve Optitrade &amp; Service AG,&hellip;<\/p>\n","protected":false},"author":2,"featured_media":0,"parent":0,"menu_order":0,"comment_status":"closed","ping_status":"closed","template":"page-featured-header.php","meta":{"footnotes":""},"class_list":["post-139722","page","type-page","status-publish","hentry"],"yoast_head":"<!-- This site is optimized with the Yoast SEO plugin v27.4 - https:\/\/yoast.com\/product\/yoast-seo-wordpress\/ -->\n<title>\u00c0 propos de nous | Schweizer Shop f\u00fcr Sport, Spiel und Freizeit<\/title>\n<meta name=\"robots\" content=\"index, follow, max-snippet:-1, max-image-preview:large, max-video-preview:-1\" \/>\n<link rel=\"canonical\" href=\"https:\/\/schweizversand.ch\/fr\/about-us\/\" \/>\n<meta property=\"og:locale\" content=\"fr_FR\" \/>\n<meta property=\"og:type\" content=\"article\" \/>\n<meta property=\"og:title\" content=\"\u00c0 propos de nous | Schweizer Shop f\u00fcr Sport, Spiel und Freizeit\" \/>\n<meta property=\"og:description\" content=\"Vos experts en sport, jeux et loisirs Bienvenue sur Schweizversand.ch ! Nous sommes ravis que vous ayez trouv\u00e9 le chemin de notre nouvelle boutique en ligne. En tant que passionn\u00e9s de sport et de loisirs, notre mission est de vous proposer une gamme soigneusement s\u00e9lectionn\u00e9e de produits de haute qualit\u00e9 qui apportent plaisir, mouvement et aventure dans votre quotidien. Notre histoire : De la passion au service Derri\u00e8re Schweizversand.ch se trouve Optitrade &amp; Service AG,&hellip;\" \/>\n<meta property=\"og:url\" content=\"https:\/\/schweizversand.ch\/fr\/about-us\/\" \/>\n<meta property=\"og:site_name\" content=\"Schweizer Shop f\u00fcr Sport, Spiel und Freizeit\" \/>\n<meta property=\"article:publisher\" content=\"https:\/\/www.facebook.com\/Schweizversand\" \/>\n<meta property=\"article:modified_time\" content=\"2026-02-19T10:06:37+00:00\" \/>\n<meta property=\"og:image\" content=\"https:\/\/schweizversand.ch\/wp-content\/uploads\/2026\/02\/ueber_uns_bild-1024x572.png\" \/>\n<meta name=\"twitter:card\" content=\"summary_large_image\" \/>\n<script type=\"application\/ld+json\" class=\"yoast-schema-graph\">{\"@context\":\"https:\\\/\\\/schema.org\",\"@graph\":[{\"@type\":\"WebPage\",\"@id\":\"https:\\\/\\\/schweizversand.ch\\\/fr\\\/about-us\\\/\",\"url\":\"https:\\\/\\\/schweizversand.ch\\\/fr\\\/about-us\\\/\",\"name\":\"\u00c0 propos de nous | Schweizer Shop f\u00fcr Sport, Spiel und Freizeit\",\"isPartOf\":{\"@id\":\"https:\\\/\\\/schweizversand.ch\\\/fr\\\/#website\"},\"primaryImageOfPage\":{\"@id\":\"https:\\\/\\\/schweizversand.ch\\\/fr\\\/about-us\\\/#primaryimage\"},\"image\":{\"@id\":\"https:\\\/\\\/schweizversand.ch\\\/fr\\\/about-us\\\/#primaryimage\"},\"thumbnailUrl\":\"https:\\\/\\\/schweizversand.ch\\\/wp-content\\\/uploads\\\/2026\\\/02\\\/ueber_uns_bild-1024x572.png\",\"datePublished\":\"2025-10-02T08:18:27+00:00\",\"dateModified\":\"2026-02-19T10:06:37+00:00\",\"breadcrumb\":{\"@id\":\"https:\\\/\\\/schweizversand.ch\\\/fr\\\/about-us\\\/#breadcrumb\"},\"inLanguage\":\"fr-FR\",\"potentialAction\":[{\"@type\":\"ReadAction\",\"target\":[\"https:\\\/\\\/schweizversand.ch\\\/fr\\\/about-us\\\/\"]}]},{\"@type\":\"ImageObject\",\"inLanguage\":\"fr-FR\",\"@id\":\"https:\\\/\\\/schweizversand.ch\\\/fr\\\/about-us\\\/#primaryimage\",\"url\":\"https:\\\/\\\/schweizversand.ch\\\/wp-content\\\/uploads\\\/2026\\\/02\\\/ueber_uns_bild-1024x572.png\",\"contentUrl\":\"https:\\\/\\\/schweizversand.ch\\\/wp-content\\\/uploads\\\/2026\\\/02\\\/ueber_uns_bild-1024x572.png\"},{\"@type\":\"BreadcrumbList\",\"@id\":\"https:\\\/\\\/schweizversand.ch\\\/fr\\\/about-us\\\/#breadcrumb\",\"itemListElement\":[{\"@type\":\"ListItem\",\"position\":1,\"name\":\"Startseite\",\"item\":\"https:\\\/\\\/schweizversand.ch\\\/fr\\\/home\\\/\"},{\"@type\":\"ListItem\",\"position\":2,\"name\":\"\u00c0 propos de nous\"}]},{\"@type\":\"WebSite\",\"@id\":\"https:\\\/\\\/schweizversand.ch\\\/fr\\\/#website\",\"url\":\"https:\\\/\\\/schweizversand.ch\\\/fr\\\/\",\"name\":\"Schweizer Shop f\u00fcr Sport, Spiel und Freizeit\",\"description\":\"Gratisversand ab 50.- (netto), ab eigenem schweizer Lager, Lieferung innert 48h\",\"publisher\":{\"@id\":\"https:\\\/\\\/schweizversand.ch\\\/fr\\\/#organization\"},\"alternateName\":\"Schweizversand.ch\",\"potentialAction\":[{\"@type\":\"SearchAction\",\"target\":{\"@type\":\"EntryPoint\",\"urlTemplate\":\"https:\\\/\\\/schweizversand.ch\\\/fr\\\/?s={search_term_string}\"},\"query-input\":{\"@type\":\"PropertyValueSpecification\",\"valueRequired\":true,\"valueName\":\"search_term_string\"}}],\"inLanguage\":\"fr-FR\"},{\"@type\":\"Organization\",\"@id\":\"https:\\\/\\\/schweizversand.ch\\\/fr\\\/#organization\",\"name\":\"Schweizversand.ch\",\"url\":\"https:\\\/\\\/schweizversand.ch\\\/fr\\\/\",\"logo\":{\"@type\":\"ImageObject\",\"inLanguage\":\"fr-FR\",\"@id\":\"https:\\\/\\\/schweizversand.ch\\\/fr\\\/#\\\/schema\\\/logo\\\/image\\\/\",\"url\":\"https:\\\/\\\/schweizversand.ch\\\/wp-content\\\/uploads\\\/2026\\\/03\\\/Logo_Rund_Final-1.png\",\"contentUrl\":\"https:\\\/\\\/schweizversand.ch\\\/wp-content\\\/uploads\\\/2026\\\/03\\\/Logo_Rund_Final-1.png\",\"width\":404,\"height\":404,\"caption\":\"Schweizversand.ch\"},\"image\":{\"@id\":\"https:\\\/\\\/schweizversand.ch\\\/fr\\\/#\\\/schema\\\/logo\\\/image\\\/\"},\"sameAs\":[\"https:\\\/\\\/www.facebook.com\\\/Schweizversand\",\"https:\\\/\\\/www.instagram.com\\\/schweizversand.ch\\\/\"]}]}<\/script>\n<!-- \/ Yoast SEO plugin. -->","yoast_head_json":{"title":"\u00c0 propos de nous | Schweizer Shop f\u00fcr Sport, Spiel und Freizeit","robots":{"index":"index","follow":"follow","max-snippet":"max-snippet:-1","max-image-preview":"max-image-preview:large","max-video-preview":"max-video-preview:-1"},"canonical":"https:\/\/schweizversand.ch\/fr\/about-us\/","og_locale":"fr_FR","og_type":"article","og_title":"\u00c0 propos de nous | Schweizer Shop f\u00fcr Sport, Spiel und Freizeit","og_description":"Vos experts en sport, jeux et loisirs Bienvenue sur Schweizversand.ch ! Nous sommes ravis que vous ayez trouv\u00e9 le chemin de notre nouvelle boutique en ligne. En tant que passionn\u00e9s de sport et de loisirs, notre mission est de vous proposer une gamme soigneusement s\u00e9lectionn\u00e9e de produits de haute qualit\u00e9 qui apportent plaisir, mouvement et aventure dans votre quotidien. Notre histoire : De la passion au service Derri\u00e8re Schweizversand.ch se trouve Optitrade &amp; Service AG,&hellip;","og_url":"https:\/\/schweizversand.ch\/fr\/about-us\/","og_site_name":"Schweizer Shop f\u00fcr Sport, Spiel und Freizeit","article_publisher":"https:\/\/www.facebook.com\/Schweizversand","article_modified_time":"2026-02-19T10:06:37+00:00","og_image":[{"url":"https:\/\/schweizversand.ch\/wp-content\/uploads\/2026\/02\/ueber_uns_bild-1024x572.png","type":"","width":"","height":""}],"twitter_card":"summary_large_image","schema":{"@context":"https:\/\/schema.org","@graph":[{"@type":"WebPage","@id":"https:\/\/schweizversand.ch\/fr\/about-us\/","url":"https:\/\/schweizversand.ch\/fr\/about-us\/","name":"\u00c0 propos de nous | Schweizer Shop f\u00fcr Sport, Spiel und Freizeit","isPartOf":{"@id":"https:\/\/schweizversand.ch\/fr\/#website"},"primaryImageOfPage":{"@id":"https:\/\/schweizversand.ch\/fr\/about-us\/#primaryimage"},"image":{"@id":"https:\/\/schweizversand.ch\/fr\/about-us\/#primaryimage"},"thumbnailUrl":"https:\/\/schweizversand.ch\/wp-content\/uploads\/2026\/02\/ueber_uns_bild-1024x572.png","datePublished":"2025-10-02T08:18:27+00:00","dateModified":"2026-02-19T10:06:37+00:00","breadcrumb":{"@id":"https:\/\/schweizversand.ch\/fr\/about-us\/#breadcrumb"},"inLanguage":"fr-FR","potentialAction":[{"@type":"ReadAction","target":["https:\/\/schweizversand.ch\/fr\/about-us\/"]}]},{"@type":"ImageObject","inLanguage":"fr-FR","@id":"https:\/\/schweizversand.ch\/fr\/about-us\/#primaryimage","url":"https:\/\/schweizversand.ch\/wp-content\/uploads\/2026\/02\/ueber_uns_bild-1024x572.png","contentUrl":"https:\/\/schweizversand.ch\/wp-content\/uploads\/2026\/02\/ueber_uns_bild-1024x572.png"},{"@type":"BreadcrumbList","@id":"https:\/\/schweizversand.ch\/fr\/about-us\/#breadcrumb","itemListElement":[{"@type":"ListItem","position":1,"name":"Startseite","item":"https:\/\/schweizversand.ch\/fr\/home\/"},{"@type":"ListItem","position":2,"name":"\u00c0 propos de nous"}]},{"@type":"WebSite","@id":"https:\/\/schweizversand.ch\/fr\/#website","url":"https:\/\/schweizversand.ch\/fr\/","name":"Schweizer Shop f\u00fcr Sport, Spiel und Freizeit","description":"Gratisversand ab 50.- (netto), ab eigenem schweizer Lager, Lieferung innert 48h","publisher":{"@id":"https:\/\/schweizversand.ch\/fr\/#organization"},"alternateName":"Schweizversand.ch","potentialAction":[{"@type":"SearchAction","target":{"@type":"EntryPoint","urlTemplate":"https:\/\/schweizversand.ch\/fr\/?s={search_term_string}"},"query-input":{"@type":"PropertyValueSpecification","valueRequired":true,"valueName":"search_term_string"}}],"inLanguage":"fr-FR"},{"@type":"Organization","@id":"https:\/\/schweizversand.ch\/fr\/#organization","name":"Schweizversand.ch","url":"https:\/\/schweizversand.ch\/fr\/","logo":{"@type":"ImageObject","inLanguage":"fr-FR","@id":"https:\/\/schweizversand.ch\/fr\/#\/schema\/logo\/image\/","url":"https:\/\/schweizversand.ch\/wp-content\/uploads\/2026\/03\/Logo_Rund_Final-1.png","contentUrl":"https:\/\/schweizversand.ch\/wp-content\/uploads\/2026\/03\/Logo_Rund_Final-1.png","width":404,"height":404,"caption":"Schweizversand.ch"},"image":{"@id":"https:\/\/schweizversand.ch\/fr\/#\/schema\/logo\/image\/"},"sameAs":["https:\/\/www.facebook.com\/Schweizversand","https:\/\/www.instagram.com\/schweizversand.ch\/"]}]}},"jetpack_sharing_enabled":true,"_links":{"self":[{"href":"https:\/\/schweizversand.ch\/fr\/wp-json\/wp\/v2\/pages\/139722","targetHints":{"allow":["GET"]}}],"collection":[{"href":"https:\/\/schweizversand.ch\/fr\/wp-json\/wp\/v2\/pages"}],"about":[{"href":"https:\/\/schweizversand.ch\/fr\/wp-json\/wp\/v2\/types\/page"}],"author":[{"embeddable":true,"href":"https:\/\/schweizversand.ch\/fr\/wp-json\/wp\/v2\/users\/2"}],"replies":[{"embeddable":true,"href":"https:\/\/schweizversand.ch\/fr\/wp-json\/wp\/v2\/comments?post=139722"}],"version-history":[{"count":4,"href":"https:\/\/schweizversand.ch\/fr\/wp-json\/wp\/v2\/pages\/139722\/revisions"}],"predecessor-version":[{"id":166999,"href":"https:\/\/schweizversand.ch\/fr\/wp-json\/wp\/v2\/pages\/139722\/revisions\/166999"}],"wp:attachment":[{"href":"https:\/\/schweizversand.ch\/fr\/wp-json\/wp\/v2\/media?parent=139722"}],"curies":[{"name":"wp","href":"https:\/\/api.w.org\/{rel}","templated":true}]}}