{"id":139731,"date":"2025-10-02T10:17:54","date_gmt":"2025-10-02T08:17:54","guid":{"rendered":"http:\/\/wordpress.p698403.webspaceconfig.de\/e-mail-newsletter\/"},"modified":"2026-03-03T11:50:01","modified_gmt":"2026-03-03T10:50:01","slug":"e-mail-newsletter","status":"publish","type":"page","link":"https:\/\/schweizversand.ch\/fr\/e-mail-newsletter\/","title":{"rendered":"E-Mail Newsletter"},"content":{"rendered":"\n<h3 class=\"wp-block-heading\">\ud83d\udcec Notre newsletter par e-mail : votre lien direct vers des avantages exclusifs \u2013 bient\u00f4t disponible !<\/h3>\n\n\n\n<p>Nous pr\u00e9parons quelque chose de sp\u00e9cial pour vous !<\/p>\n\n\n\n<p>Vous souhaitez toujours recevoir nos derni\u00e8res actualit\u00e9s et promotions par e-mail ? Alors vous \u00eates au bon endroit. Nous pr\u00e9parons actuellement tout pour le lancement de notre nouveau service de newsletter par e-mail \u2013 l&rsquo;inscription sera bient\u00f4t disponible ici.<\/p>\n\n\n\n<p>Ce qui vous attend en tant qu&rsquo;abonn\u00e9 \u00e0 la newsletter :<\/p>\n\n\n\n<p>\u2022Des mises \u00e0 jour r\u00e9guli\u00e8res sur les nouveaut\u00e9s et tendances dans les domaines des sports de balle et fl\u00e9chettes, du fitness ainsi que des jouets et jeux.<\/p>\n\n\n\n<p>\u2022Un acc\u00e8s anticip\u00e9 \u00e0 des promotions et offres sp\u00e9ciales exclusives.<\/p>\n\n\n\n<p>\u2022Des recommandations personnelles et des conseils sur notre assortiment.<\/p>\n\n\n\n<p>Et le meilleur : votre r\u00e9duction de bienvenue exclusive !<\/p>\n\n\n\n<p>Pour vous souhaiter la bienvenue, nous vous offrons une r\u00e9duction suppl\u00e9mentaire de 25 % sur les prix d\u00e9j\u00e0 r\u00e9duits de notre boutique en ligne <a href=\"https:\/\/schweizversand.ch\" rel=\"noreferrer noopener\" target=\"_blank\">schweizversand.ch<\/a>.<\/p>\n\n\n\n<p>D\u00e8s que l&rsquo;inscription sera activ\u00e9e, il vous suffira d&rsquo;entrer votre adresse e-mail ainsi que votre pr\u00e9nom et nom \u2013 et vous recevrez plus d&rsquo;informations et votre code de r\u00e9duction personnel pour la remise de bienvenue.<\/p>\n\n\n\n<p>Revenez nous voir bient\u00f4t \u2013 nous vous informerons d\u00e8s que tout sera pr\u00eat !<\/p>\n","protected":false},"excerpt":{"rendered":"<p>\ud83d\udcec Notre newsletter par e-mail : votre lien direct vers des avantages exclusifs \u2013 bient\u00f4t disponible ! Nous pr\u00e9parons quelque chose de sp\u00e9cial pour vous ! Vous souhaitez toujours recevoir nos derni\u00e8res actualit\u00e9s et promotions par e-mail ? Alors vous \u00eates au bon endroit. Nous pr\u00e9parons actuellement tout pour le lancement de notre nouveau service de newsletter par e-mail \u2013 l&rsquo;inscription sera bient\u00f4t disponible ici. Ce qui vous attend en tant qu&rsquo;abonn\u00e9 \u00e0 la newsletter&hellip;<\/p>\n","protected":false},"author":2,"featured_media":0,"parent":0,"menu_order":0,"comment_status":"closed","ping_status":"closed","template":"","meta":{"footnotes":""},"class_list":["post-139731","page","type-page","status-publish","hentry"],"yoast_head":"<!-- This site is optimized with the Yoast SEO plugin v27.4 - https:\/\/yoast.com\/product\/yoast-seo-wordpress\/ -->\n<title>E-Mail Newsletter | Schweizer Shop f\u00fcr Sport, Spiel und Freizeit<\/title>\n<meta name=\"robots\" content=\"index, follow, max-snippet:-1, max-image-preview:large, max-video-preview:-1\" \/>\n<link rel=\"canonical\" href=\"https:\/\/schweizversand.ch\/fr\/e-mail-newsletter\/\" \/>\n<meta property=\"og:locale\" content=\"fr_FR\" \/>\n<meta property=\"og:type\" content=\"article\" \/>\n<meta property=\"og:title\" content=\"E-Mail Newsletter | Schweizer Shop f\u00fcr Sport, Spiel und Freizeit\" \/>\n<meta property=\"og:description\" content=\"\ud83d\udcec Notre newsletter par e-mail : votre lien direct vers des avantages exclusifs \u2013 bient\u00f4t disponible ! Nous pr\u00e9parons quelque chose de sp\u00e9cial pour vous ! Vous souhaitez toujours recevoir nos derni\u00e8res actualit\u00e9s et promotions par e-mail ? Alors vous \u00eates au bon endroit. Nous pr\u00e9parons actuellement tout pour le lancement de notre nouveau service de newsletter par e-mail \u2013 l&rsquo;inscription sera bient\u00f4t disponible ici. Ce qui vous attend en tant qu&rsquo;abonn\u00e9 \u00e0 la newsletter&hellip;\" \/>\n<meta property=\"og:url\" content=\"https:\/\/schweizversand.ch\/fr\/e-mail-newsletter\/\" \/>\n<meta property=\"og:site_name\" content=\"Schweizer Shop f\u00fcr Sport, Spiel und Freizeit\" \/>\n<meta property=\"article:publisher\" content=\"https:\/\/www.facebook.com\/Schweizversand\" \/>\n<meta property=\"article:modified_time\" content=\"2026-03-03T10:50:01+00:00\" \/>\n<meta name=\"twitter:card\" content=\"summary_large_image\" \/>\n<meta name=\"twitter:label1\" content=\"Dur\u00e9e de lecture estim\u00e9e\" \/>\n\t<meta name=\"twitter:data1\" content=\"1 minute\" \/>\n<script type=\"application\/ld+json\" class=\"yoast-schema-graph\">{\"@context\":\"https:\\\/\\\/schema.org\",\"@graph\":[{\"@type\":\"WebPage\",\"@id\":\"https:\\\/\\\/schweizversand.ch\\\/fr\\\/e-mail-newsletter\\\/\",\"url\":\"https:\\\/\\\/schweizversand.ch\\\/fr\\\/e-mail-newsletter\\\/\",\"name\":\"E-Mail Newsletter | Schweizer Shop f\u00fcr Sport, Spiel und Freizeit\",\"isPartOf\":{\"@id\":\"https:\\\/\\\/schweizversand.ch\\\/fr\\\/#website\"},\"datePublished\":\"2025-10-02T08:17:54+00:00\",\"dateModified\":\"2026-03-03T10:50:01+00:00\",\"breadcrumb\":{\"@id\":\"https:\\\/\\\/schweizversand.ch\\\/fr\\\/e-mail-newsletter\\\/#breadcrumb\"},\"inLanguage\":\"fr-FR\",\"potentialAction\":[{\"@type\":\"ReadAction\",\"target\":[\"https:\\\/\\\/schweizversand.ch\\\/fr\\\/e-mail-newsletter\\\/\"]}]},{\"@type\":\"BreadcrumbList\",\"@id\":\"https:\\\/\\\/schweizversand.ch\\\/fr\\\/e-mail-newsletter\\\/#breadcrumb\",\"itemListElement\":[{\"@type\":\"ListItem\",\"position\":1,\"name\":\"Startseite\",\"item\":\"https:\\\/\\\/schweizversand.ch\\\/fr\\\/home\\\/\"},{\"@type\":\"ListItem\",\"position\":2,\"name\":\"E-Mail Newsletter\"}]},{\"@type\":\"WebSite\",\"@id\":\"https:\\\/\\\/schweizversand.ch\\\/fr\\\/#website\",\"url\":\"https:\\\/\\\/schweizversand.ch\\\/fr\\\/\",\"name\":\"Schweizer Shop f\u00fcr Sport, Spiel und Freizeit\",\"description\":\"Gratisversand ab 50.- (netto), ab eigenem schweizer Lager, Lieferung innert 48h\",\"publisher\":{\"@id\":\"https:\\\/\\\/schweizversand.ch\\\/fr\\\/#organization\"},\"alternateName\":\"Schweizversand.ch\",\"potentialAction\":[{\"@type\":\"SearchAction\",\"target\":{\"@type\":\"EntryPoint\",\"urlTemplate\":\"https:\\\/\\\/schweizversand.ch\\\/fr\\\/?s={search_term_string}\"},\"query-input\":{\"@type\":\"PropertyValueSpecification\",\"valueRequired\":true,\"valueName\":\"search_term_string\"}}],\"inLanguage\":\"fr-FR\"},{\"@type\":\"Organization\",\"@id\":\"https:\\\/\\\/schweizversand.ch\\\/fr\\\/#organization\",\"name\":\"Schweizversand.ch\",\"url\":\"https:\\\/\\\/schweizversand.ch\\\/fr\\\/\",\"logo\":{\"@type\":\"ImageObject\",\"inLanguage\":\"fr-FR\",\"@id\":\"https:\\\/\\\/schweizversand.ch\\\/fr\\\/#\\\/schema\\\/logo\\\/image\\\/\",\"url\":\"https:\\\/\\\/schweizversand.ch\\\/wp-content\\\/uploads\\\/2026\\\/03\\\/Logo_Rund_Final-1.png\",\"contentUrl\":\"https:\\\/\\\/schweizversand.ch\\\/wp-content\\\/uploads\\\/2026\\\/03\\\/Logo_Rund_Final-1.png\",\"width\":404,\"height\":404,\"caption\":\"Schweizversand.ch\"},\"image\":{\"@id\":\"https:\\\/\\\/schweizversand.ch\\\/fr\\\/#\\\/schema\\\/logo\\\/image\\\/\"},\"sameAs\":[\"https:\\\/\\\/www.facebook.com\\\/Schweizversand\",\"https:\\\/\\\/www.instagram.com\\\/schweizversand.ch\\\/\"]}]}<\/script>\n<!-- \/ Yoast SEO plugin. -->","yoast_head_json":{"title":"E-Mail Newsletter | Schweizer Shop f\u00fcr Sport, Spiel und Freizeit","robots":{"index":"index","follow":"follow","max-snippet":"max-snippet:-1","max-image-preview":"max-image-preview:large","max-video-preview":"max-video-preview:-1"},"canonical":"https:\/\/schweizversand.ch\/fr\/e-mail-newsletter\/","og_locale":"fr_FR","og_type":"article","og_title":"E-Mail Newsletter | Schweizer Shop f\u00fcr Sport, Spiel und Freizeit","og_description":"\ud83d\udcec Notre newsletter par e-mail : votre lien direct vers des avantages exclusifs \u2013 bient\u00f4t disponible ! Nous pr\u00e9parons quelque chose de sp\u00e9cial pour vous ! Vous souhaitez toujours recevoir nos derni\u00e8res actualit\u00e9s et promotions par e-mail ? Alors vous \u00eates au bon endroit. Nous pr\u00e9parons actuellement tout pour le lancement de notre nouveau service de newsletter par e-mail \u2013 l&rsquo;inscription sera bient\u00f4t disponible ici. Ce qui vous attend en tant qu&rsquo;abonn\u00e9 \u00e0 la newsletter&hellip;","og_url":"https:\/\/schweizversand.ch\/fr\/e-mail-newsletter\/","og_site_name":"Schweizer Shop f\u00fcr Sport, Spiel und Freizeit","article_publisher":"https:\/\/www.facebook.com\/Schweizversand","article_modified_time":"2026-03-03T10:50:01+00:00","twitter_card":"summary_large_image","twitter_misc":{"Dur\u00e9e de lecture estim\u00e9e":"1 minute"},"schema":{"@context":"https:\/\/schema.org","@graph":[{"@type":"WebPage","@id":"https:\/\/schweizversand.ch\/fr\/e-mail-newsletter\/","url":"https:\/\/schweizversand.ch\/fr\/e-mail-newsletter\/","name":"E-Mail Newsletter | Schweizer Shop f\u00fcr Sport, Spiel und Freizeit","isPartOf":{"@id":"https:\/\/schweizversand.ch\/fr\/#website"},"datePublished":"2025-10-02T08:17:54+00:00","dateModified":"2026-03-03T10:50:01+00:00","breadcrumb":{"@id":"https:\/\/schweizversand.ch\/fr\/e-mail-newsletter\/#breadcrumb"},"inLanguage":"fr-FR","potentialAction":[{"@type":"ReadAction","target":["https:\/\/schweizversand.ch\/fr\/e-mail-newsletter\/"]}]},{"@type":"BreadcrumbList","@id":"https:\/\/schweizversand.ch\/fr\/e-mail-newsletter\/#breadcrumb","itemListElement":[{"@type":"ListItem","position":1,"name":"Startseite","item":"https:\/\/schweizversand.ch\/fr\/home\/"},{"@type":"ListItem","position":2,"name":"E-Mail Newsletter"}]},{"@type":"WebSite","@id":"https:\/\/schweizversand.ch\/fr\/#website","url":"https:\/\/schweizversand.ch\/fr\/","name":"Schweizer Shop f\u00fcr Sport, Spiel und Freizeit","description":"Gratisversand ab 50.- (netto), ab eigenem schweizer Lager, Lieferung innert 48h","publisher":{"@id":"https:\/\/schweizversand.ch\/fr\/#organization"},"alternateName":"Schweizversand.ch","potentialAction":[{"@type":"SearchAction","target":{"@type":"EntryPoint","urlTemplate":"https:\/\/schweizversand.ch\/fr\/?s={search_term_string}"},"query-input":{"@type":"PropertyValueSpecification","valueRequired":true,"valueName":"search_term_string"}}],"inLanguage":"fr-FR"},{"@type":"Organization","@id":"https:\/\/schweizversand.ch\/fr\/#organization","name":"Schweizversand.ch","url":"https:\/\/schweizversand.ch\/fr\/","logo":{"@type":"ImageObject","inLanguage":"fr-FR","@id":"https:\/\/schweizversand.ch\/fr\/#\/schema\/logo\/image\/","url":"https:\/\/schweizversand.ch\/wp-content\/uploads\/2026\/03\/Logo_Rund_Final-1.png","contentUrl":"https:\/\/schweizversand.ch\/wp-content\/uploads\/2026\/03\/Logo_Rund_Final-1.png","width":404,"height":404,"caption":"Schweizversand.ch"},"image":{"@id":"https:\/\/schweizversand.ch\/fr\/#\/schema\/logo\/image\/"},"sameAs":["https:\/\/www.facebook.com\/Schweizversand","https:\/\/www.instagram.com\/schweizversand.ch\/"]}]}},"jetpack_sharing_enabled":true,"_links":{"self":[{"href":"https:\/\/schweizversand.ch\/fr\/wp-json\/wp\/v2\/pages\/139731","targetHints":{"allow":["GET"]}}],"collection":[{"href":"https:\/\/schweizversand.ch\/fr\/wp-json\/wp\/v2\/pages"}],"about":[{"href":"https:\/\/schweizversand.ch\/fr\/wp-json\/wp\/v2\/types\/page"}],"author":[{"embeddable":true,"href":"https:\/\/schweizversand.ch\/fr\/wp-json\/wp\/v2\/users\/2"}],"replies":[{"embeddable":true,"href":"https:\/\/schweizversand.ch\/fr\/wp-json\/wp\/v2\/comments?post=139731"}],"version-history":[{"count":2,"href":"https:\/\/schweizversand.ch\/fr\/wp-json\/wp\/v2\/pages\/139731\/revisions"}],"predecessor-version":[{"id":229547,"href":"https:\/\/schweizversand.ch\/fr\/wp-json\/wp\/v2\/pages\/139731\/revisions\/229547"}],"wp:attachment":[{"href":"https:\/\/schweizversand.ch\/fr\/wp-json\/wp\/v2\/media?parent=139731"}],"curies":[{"name":"wp","href":"https:\/\/api.w.org\/{rel}","templated":true}]}}