{"id":167031,"date":"2025-10-02T10:18:11","date_gmt":"2025-10-02T08:18:11","guid":{"rendered":"https:\/\/schweizversand.ch\/bulletin-dinformation-whats-app\/"},"modified":"2026-03-18T16:53:32","modified_gmt":"2026-03-18T15:53:32","slug":"whats-app-newsletter","status":"publish","type":"page","link":"https:\/\/schweizversand.ch\/fr\/whats-app-newsletter\/","title":{"rendered":"Whats App Newsletter"},"content":{"rendered":"\n<h3 class=\"wp-block-heading\"><strong><a href=\"https:\/\/wa.me\/41566641576?text=S%27abonner\">Des avantages exclusifs directement sur votre smartphone : inscrivez-vous \u00e0 notre newsletter WhatsApp !<\/a><\/strong><\/h3>\n\n\n\n<p>Ayez toujours une longueur d&rsquo;avance ! Avec notre newsletter WhatsApp gratuite de Schweizversand.ch, vous ne manquerez plus aucune nouvelle ni offre. Nous vous informons rapidement, directement et simplement.<\/p>\n\n\n\n<p><strong>Vos avantages en un coup d&rsquo;\u0153il :<\/strong><\/p>\n\n\n\n<ul class=\"wp-block-list\">\n<li><strong>Derni\u00e8res nouvelles et nouveaut\u00e9s produits :<\/strong>\u00a0Soyez le premier \u00e0 \u00eatre inform\u00e9 des nouveaux articles dans nos cat\u00e9gories populaires\u00a0<strong>Sports de balle &amp; fl\u00e9chettes<\/strong>,\u00a0<strong>Fitness<\/strong>\u00a0et\u00a0<strong>Jouets &amp; jeux<\/strong>.<\/li>\n\n\n\n<li><strong>Offres sp\u00e9ciales exclusives :<\/strong>\u00a0Profitez de promotions et de r\u00e9ductions r\u00e9serv\u00e9es uniquement \u00e0 nos abonn\u00e9s \u00e0 la newsletter.<\/li>\n\n\n\n<li><strong>Pratique &amp; Direct :<\/strong>\u00a0Recevez toutes les informations importantes directement sur votre smartphone \u2013 sans bo\u00eete de r\u00e9ception surcharg\u00e9e.<\/li>\n<\/ul>\n\n\n\n<p><strong>Inscrivez-vous maintenant et profitez-en :<\/strong> <a href=\"https:\/\/wa.me\/41566641576?text=S%27abonner\">Cliquez ici \ud83d\udc48<\/a><\/p>\n","protected":false},"excerpt":{"rendered":"<p>Des avantages exclusifs directement sur votre smartphone : inscrivez-vous \u00e0 notre newsletter WhatsApp ! Ayez toujours une longueur d&rsquo;avance ! Avec notre newsletter WhatsApp gratuite de Schweizversand.ch, vous ne manquerez plus aucune nouvelle ni offre. Nous vous informons rapidement, directement et simplement. Vos avantages en un coup d&rsquo;\u0153il : Inscrivez-vous maintenant et profitez-en : Cliquez ici \ud83d\udc48<\/p>\n","protected":false},"author":2,"featured_media":0,"parent":0,"menu_order":0,"comment_status":"closed","ping_status":"closed","template":"page-featured-header.php","meta":{"footnotes":""},"class_list":["post-167031","page","type-page","status-publish","hentry"],"yoast_head":"<!-- This site is optimized with the Yoast SEO plugin v27.4 - https:\/\/yoast.com\/product\/yoast-seo-wordpress\/ -->\n<title>Whats App Newsletter | Schweizer Shop f\u00fcr Sport, Spiel und Freizeit<\/title>\n<meta name=\"robots\" content=\"index, follow, max-snippet:-1, max-image-preview:large, max-video-preview:-1\" \/>\n<link rel=\"canonical\" href=\"https:\/\/schweizversand.ch\/fr\/whats-app-newsletter\/\" \/>\n<meta property=\"og:locale\" content=\"fr_FR\" \/>\n<meta property=\"og:type\" content=\"article\" \/>\n<meta property=\"og:title\" content=\"Whats App Newsletter | Schweizer Shop f\u00fcr Sport, Spiel und Freizeit\" \/>\n<meta property=\"og:description\" content=\"Des avantages exclusifs directement sur votre smartphone : inscrivez-vous \u00e0 notre newsletter WhatsApp ! Ayez toujours une longueur d&rsquo;avance ! Avec notre newsletter WhatsApp gratuite de Schweizversand.ch, vous ne manquerez plus aucune nouvelle ni offre. Nous vous informons rapidement, directement et simplement. Vos avantages en un coup d&rsquo;\u0153il : Inscrivez-vous maintenant et profitez-en : Cliquez ici \ud83d\udc48\" \/>\n<meta property=\"og:url\" content=\"https:\/\/schweizversand.ch\/fr\/whats-app-newsletter\/\" \/>\n<meta property=\"og:site_name\" content=\"Schweizer Shop f\u00fcr Sport, Spiel und Freizeit\" \/>\n<meta property=\"article:publisher\" content=\"https:\/\/www.facebook.com\/Schweizversand\" \/>\n<meta property=\"article:modified_time\" content=\"2026-03-18T15:53:32+00:00\" \/>\n<meta name=\"twitter:card\" content=\"summary_large_image\" \/>\n<meta name=\"twitter:label1\" content=\"Dur\u00e9e de lecture estim\u00e9e\" \/>\n\t<meta name=\"twitter:data1\" content=\"1 minute\" \/>\n<script type=\"application\/ld+json\" class=\"yoast-schema-graph\">{\"@context\":\"https:\\\/\\\/schema.org\",\"@graph\":[{\"@type\":\"WebPage\",\"@id\":\"https:\\\/\\\/schweizversand.ch\\\/fr\\\/whats-app-newsletter\\\/\",\"url\":\"https:\\\/\\\/schweizversand.ch\\\/fr\\\/whats-app-newsletter\\\/\",\"name\":\"Whats App Newsletter | Schweizer Shop f\u00fcr Sport, Spiel und Freizeit\",\"isPartOf\":{\"@id\":\"https:\\\/\\\/schweizversand.ch\\\/fr\\\/#website\"},\"datePublished\":\"2025-10-02T08:18:11+00:00\",\"dateModified\":\"2026-03-18T15:53:32+00:00\",\"breadcrumb\":{\"@id\":\"https:\\\/\\\/schweizversand.ch\\\/fr\\\/whats-app-newsletter\\\/#breadcrumb\"},\"inLanguage\":\"fr-FR\",\"potentialAction\":[{\"@type\":\"ReadAction\",\"target\":[\"https:\\\/\\\/schweizversand.ch\\\/fr\\\/whats-app-newsletter\\\/\"]}]},{\"@type\":\"BreadcrumbList\",\"@id\":\"https:\\\/\\\/schweizversand.ch\\\/fr\\\/whats-app-newsletter\\\/#breadcrumb\",\"itemListElement\":[{\"@type\":\"ListItem\",\"position\":1,\"name\":\"Startseite\",\"item\":\"https:\\\/\\\/schweizversand.ch\\\/fr\\\/home\\\/\"},{\"@type\":\"ListItem\",\"position\":2,\"name\":\"Whats App Newsletter\"}]},{\"@type\":\"WebSite\",\"@id\":\"https:\\\/\\\/schweizversand.ch\\\/fr\\\/#website\",\"url\":\"https:\\\/\\\/schweizversand.ch\\\/fr\\\/\",\"name\":\"Schweizer Shop f\u00fcr Sport, Spiel und Freizeit\",\"description\":\"Gratisversand ab 50.- (netto), ab eigenem schweizer Lager, Lieferung innert 48h\",\"publisher\":{\"@id\":\"https:\\\/\\\/schweizversand.ch\\\/fr\\\/#organization\"},\"alternateName\":\"Schweizversand.ch\",\"potentialAction\":[{\"@type\":\"SearchAction\",\"target\":{\"@type\":\"EntryPoint\",\"urlTemplate\":\"https:\\\/\\\/schweizversand.ch\\\/fr\\\/?s={search_term_string}\"},\"query-input\":{\"@type\":\"PropertyValueSpecification\",\"valueRequired\":true,\"valueName\":\"search_term_string\"}}],\"inLanguage\":\"fr-FR\"},{\"@type\":\"Organization\",\"@id\":\"https:\\\/\\\/schweizversand.ch\\\/fr\\\/#organization\",\"name\":\"Schweizversand.ch\",\"url\":\"https:\\\/\\\/schweizversand.ch\\\/fr\\\/\",\"logo\":{\"@type\":\"ImageObject\",\"inLanguage\":\"fr-FR\",\"@id\":\"https:\\\/\\\/schweizversand.ch\\\/fr\\\/#\\\/schema\\\/logo\\\/image\\\/\",\"url\":\"https:\\\/\\\/schweizversand.ch\\\/wp-content\\\/uploads\\\/2026\\\/03\\\/Logo_Rund_Final-1.png\",\"contentUrl\":\"https:\\\/\\\/schweizversand.ch\\\/wp-content\\\/uploads\\\/2026\\\/03\\\/Logo_Rund_Final-1.png\",\"width\":404,\"height\":404,\"caption\":\"Schweizversand.ch\"},\"image\":{\"@id\":\"https:\\\/\\\/schweizversand.ch\\\/fr\\\/#\\\/schema\\\/logo\\\/image\\\/\"},\"sameAs\":[\"https:\\\/\\\/www.facebook.com\\\/Schweizversand\",\"https:\\\/\\\/www.instagram.com\\\/schweizversand.ch\\\/\"]}]}<\/script>\n<!-- \/ Yoast SEO plugin. -->","yoast_head_json":{"title":"Whats App Newsletter | Schweizer Shop f\u00fcr Sport, Spiel und Freizeit","robots":{"index":"index","follow":"follow","max-snippet":"max-snippet:-1","max-image-preview":"max-image-preview:large","max-video-preview":"max-video-preview:-1"},"canonical":"https:\/\/schweizversand.ch\/fr\/whats-app-newsletter\/","og_locale":"fr_FR","og_type":"article","og_title":"Whats App Newsletter | Schweizer Shop f\u00fcr Sport, Spiel und Freizeit","og_description":"Des avantages exclusifs directement sur votre smartphone : inscrivez-vous \u00e0 notre newsletter WhatsApp ! Ayez toujours une longueur d&rsquo;avance ! Avec notre newsletter WhatsApp gratuite de Schweizversand.ch, vous ne manquerez plus aucune nouvelle ni offre. Nous vous informons rapidement, directement et simplement. Vos avantages en un coup d&rsquo;\u0153il : Inscrivez-vous maintenant et profitez-en : Cliquez ici \ud83d\udc48","og_url":"https:\/\/schweizversand.ch\/fr\/whats-app-newsletter\/","og_site_name":"Schweizer Shop f\u00fcr Sport, Spiel und Freizeit","article_publisher":"https:\/\/www.facebook.com\/Schweizversand","article_modified_time":"2026-03-18T15:53:32+00:00","twitter_card":"summary_large_image","twitter_misc":{"Dur\u00e9e de lecture estim\u00e9e":"1 minute"},"schema":{"@context":"https:\/\/schema.org","@graph":[{"@type":"WebPage","@id":"https:\/\/schweizversand.ch\/fr\/whats-app-newsletter\/","url":"https:\/\/schweizversand.ch\/fr\/whats-app-newsletter\/","name":"Whats App Newsletter | Schweizer Shop f\u00fcr Sport, Spiel und Freizeit","isPartOf":{"@id":"https:\/\/schweizversand.ch\/fr\/#website"},"datePublished":"2025-10-02T08:18:11+00:00","dateModified":"2026-03-18T15:53:32+00:00","breadcrumb":{"@id":"https:\/\/schweizversand.ch\/fr\/whats-app-newsletter\/#breadcrumb"},"inLanguage":"fr-FR","potentialAction":[{"@type":"ReadAction","target":["https:\/\/schweizversand.ch\/fr\/whats-app-newsletter\/"]}]},{"@type":"BreadcrumbList","@id":"https:\/\/schweizversand.ch\/fr\/whats-app-newsletter\/#breadcrumb","itemListElement":[{"@type":"ListItem","position":1,"name":"Startseite","item":"https:\/\/schweizversand.ch\/fr\/home\/"},{"@type":"ListItem","position":2,"name":"Whats App Newsletter"}]},{"@type":"WebSite","@id":"https:\/\/schweizversand.ch\/fr\/#website","url":"https:\/\/schweizversand.ch\/fr\/","name":"Schweizer Shop f\u00fcr Sport, Spiel und Freizeit","description":"Gratisversand ab 50.- (netto), ab eigenem schweizer Lager, Lieferung innert 48h","publisher":{"@id":"https:\/\/schweizversand.ch\/fr\/#organization"},"alternateName":"Schweizversand.ch","potentialAction":[{"@type":"SearchAction","target":{"@type":"EntryPoint","urlTemplate":"https:\/\/schweizversand.ch\/fr\/?s={search_term_string}"},"query-input":{"@type":"PropertyValueSpecification","valueRequired":true,"valueName":"search_term_string"}}],"inLanguage":"fr-FR"},{"@type":"Organization","@id":"https:\/\/schweizversand.ch\/fr\/#organization","name":"Schweizversand.ch","url":"https:\/\/schweizversand.ch\/fr\/","logo":{"@type":"ImageObject","inLanguage":"fr-FR","@id":"https:\/\/schweizversand.ch\/fr\/#\/schema\/logo\/image\/","url":"https:\/\/schweizversand.ch\/wp-content\/uploads\/2026\/03\/Logo_Rund_Final-1.png","contentUrl":"https:\/\/schweizversand.ch\/wp-content\/uploads\/2026\/03\/Logo_Rund_Final-1.png","width":404,"height":404,"caption":"Schweizversand.ch"},"image":{"@id":"https:\/\/schweizversand.ch\/fr\/#\/schema\/logo\/image\/"},"sameAs":["https:\/\/www.facebook.com\/Schweizversand","https:\/\/www.instagram.com\/schweizversand.ch\/"]}]}},"jetpack_sharing_enabled":true,"_links":{"self":[{"href":"https:\/\/schweizversand.ch\/fr\/wp-json\/wp\/v2\/pages\/167031","targetHints":{"allow":["GET"]}}],"collection":[{"href":"https:\/\/schweizversand.ch\/fr\/wp-json\/wp\/v2\/pages"}],"about":[{"href":"https:\/\/schweizversand.ch\/fr\/wp-json\/wp\/v2\/types\/page"}],"author":[{"embeddable":true,"href":"https:\/\/schweizversand.ch\/fr\/wp-json\/wp\/v2\/users\/2"}],"replies":[{"embeddable":true,"href":"https:\/\/schweizversand.ch\/fr\/wp-json\/wp\/v2\/comments?post=167031"}],"version-history":[{"count":7,"href":"https:\/\/schweizversand.ch\/fr\/wp-json\/wp\/v2\/pages\/167031\/revisions"}],"predecessor-version":[{"id":257616,"href":"https:\/\/schweizversand.ch\/fr\/wp-json\/wp\/v2\/pages\/167031\/revisions\/257616"}],"wp:attachment":[{"href":"https:\/\/schweizversand.ch\/fr\/wp-json\/wp\/v2\/media?parent=167031"}],"curies":[{"name":"wp","href":"https:\/\/api.w.org\/{rel}","templated":true}]}}