{"id":186572,"date":"2026-02-25T10:39:30","date_gmt":"2026-02-25T09:39:30","guid":{"rendered":"https:\/\/schweizversand.ch\/?page_id=186572"},"modified":"2026-02-26T13:00:53","modified_gmt":"2026-02-26T12:00:53","slug":"liefer-und-versandkosten","status":"publish","type":"page","link":"https:\/\/schweizversand.ch\/fr\/liefer-und-versandkosten\/","title":{"rendered":"Frais de livraison et d&rsquo;exp\u00e9dition"},"content":{"rendered":"\n<h2 class=\"wp-block-heading\">Informations sur l&rsquo;exp\u00e9dition<\/h2>\n\n\n\n<p>Nous livrons actuellement nos produits exclusivement en Suisse et au Liechtenstein. Toutes les commandes sont trait\u00e9es et exp\u00e9di\u00e9es d\u00e8s r\u00e9ception du paiement. L&rsquo;exp\u00e9dition est g\u00e9n\u00e9ralement effectu\u00e9e par un service de messagerie (DPD). Pour les articles qui ne peuvent pas \u00eatre exp\u00e9di\u00e9s par colis, nous faisons appel \u00e0 un transporteur.<\/p>\n\n\n\n<p>\u2022Frais d&rsquo;exp\u00e9dition : Forfait de 9,90 CHF (frais de port et d&#8217;emballage inclus)<\/p>\n\n\n\n<p>\u2022Livraison gratuite : Pour toute commande d&rsquo;une valeur nette de 50,00 CHF ou plus<\/p>\n\n\n\n<p>\u2022Livraison express : Les commandes pay\u00e9es avant 14h00 sont g\u00e9n\u00e9ralement livr\u00e9es le jour ouvrable suivant.<\/p>\n\n\n\n<p>\u2022Entrep\u00f4t : Tous les articles sont exp\u00e9di\u00e9s directement depuis notre entrep\u00f4t en Suisse.<\/p>\n\n\n\n<p>Veuillez noter que pour une commande de plusieurs articles, l&rsquo;envoi peut \u00eatre group\u00e9 mais livr\u00e9 en plusieurs colis. Des livraisons partielles sont possibles.<\/p>\n\n\n\n<h2 class=\"wp-block-heading\">Informations de paiement<\/h2>\n\n\n\n<p>Pour les paiements effectu\u00e9s au guichet de la poste, des frais suppl\u00e9mentaires de 1,50 CHF doivent \u00eatre ajout\u00e9s au montant total. Veuillez toujours indiquer le num\u00e9ro de commande comme r\u00e9f\u00e9rence lors de votre paiement.<\/p>\n\n\n\n<p>Nos coordonn\u00e9es bancaires :<\/p>\n\n\n\n<p>Banque Cantonale d&rsquo;Argovie, Aarau<\/p>\n\n\n\n<p>IBAN : CH61 0076 1639 4298 7200 1<\/p>\n\n\n\n<p>Titulaire du compte : Optitrade &amp; Service AG, Muri<\/p>\n\n\n\n<h2 class=\"wp-block-heading\">Droit de retour et politique d&rsquo;annulation<\/h2>\n\n\n\n<p>Vous avez le droit de nous retourner les produits command\u00e9s dans un d\u00e9lai de 7 jours calendaires \u00e0 compter de leur exp\u00e9dition ou de leur retrait. Les frais de retour sont \u00e0 votre charge.<\/p>\n\n\n\n<p>Conditions de retour :<\/p>\n\n\n\n<p>Les produits doivent \u00eatre en parfait \u00e9tat, non utilis\u00e9s et nous \u00eatre retourn\u00e9s correctement emball\u00e9s dans leur emballage d&rsquo;origine avec tous leurs accessoires. Les produits endommag\u00e9s ou incomplets ne seront pas repris et seront factur\u00e9s en totalit\u00e9.<\/p>\n\n\n\n<p>Remboursement :<\/p>\n\n\n\n<p>Si les conditions ci-dessus sont remplies et que le paiement a d\u00e9j\u00e0 \u00e9t\u00e9 effectu\u00e9 \u00e0 l&rsquo;avance, Optitrade &amp; Service AG remboursera le prix d&rsquo;achat total sous la forme d&rsquo;un bon d&rsquo;achat (coupon en ligne) pour notre boutique. Un paiement en esp\u00e8ces ou un virement bancaire du montant de l&rsquo;achat est exclu.<\/p>\n\n\n\n<p><\/p>\n","protected":false},"excerpt":{"rendered":"<p>Informations sur l&rsquo;exp\u00e9dition Nous livrons actuellement nos produits exclusivement en Suisse et au Liechtenstein. Toutes les commandes sont trait\u00e9es et exp\u00e9di\u00e9es d\u00e8s r\u00e9ception du paiement. L&rsquo;exp\u00e9dition est g\u00e9n\u00e9ralement effectu\u00e9e par un service de messagerie (DPD). Pour les articles qui ne peuvent pas \u00eatre exp\u00e9di\u00e9s par colis, nous faisons appel \u00e0 un transporteur. \u2022Frais d&rsquo;exp\u00e9dition : Forfait de 9,90 CHF (frais de port et d&#8217;emballage inclus) \u2022Livraison gratuite : Pour toute commande d&rsquo;une valeur nette de&hellip;<\/p>\n","protected":false},"author":2,"featured_media":0,"parent":0,"menu_order":0,"comment_status":"closed","ping_status":"closed","template":"page-featured-header.php","meta":{"footnotes":""},"class_list":["post-186572","page","type-page","status-publish","hentry"],"yoast_head":"<!-- This site is optimized with the Yoast SEO plugin v27.4 - https:\/\/yoast.com\/product\/yoast-seo-wordpress\/ -->\n<title>Frais de livraison et d&#039;exp\u00e9dition | Schweizer Shop f\u00fcr Sport, Spiel und Freizeit<\/title>\n<meta name=\"robots\" content=\"index, follow, max-snippet:-1, max-image-preview:large, max-video-preview:-1\" \/>\n<link rel=\"canonical\" href=\"https:\/\/schweizversand.ch\/fr\/liefer-und-versandkosten\/\" \/>\n<meta property=\"og:locale\" content=\"fr_FR\" \/>\n<meta property=\"og:type\" content=\"article\" \/>\n<meta property=\"og:title\" content=\"Frais de livraison et d&#039;exp\u00e9dition | Schweizer Shop f\u00fcr Sport, Spiel und Freizeit\" \/>\n<meta property=\"og:description\" content=\"Informations sur l&rsquo;exp\u00e9dition Nous livrons actuellement nos produits exclusivement en Suisse et au Liechtenstein. Toutes les commandes sont trait\u00e9es et exp\u00e9di\u00e9es d\u00e8s r\u00e9ception du paiement. L&rsquo;exp\u00e9dition est g\u00e9n\u00e9ralement effectu\u00e9e par un service de messagerie (DPD). Pour les articles qui ne peuvent pas \u00eatre exp\u00e9di\u00e9s par colis, nous faisons appel \u00e0 un transporteur. \u2022Frais d&rsquo;exp\u00e9dition : Forfait de 9,90 CHF (frais de port et d&#8217;emballage inclus) \u2022Livraison gratuite : Pour toute commande d&rsquo;une valeur nette de&hellip;\" \/>\n<meta property=\"og:url\" content=\"https:\/\/schweizversand.ch\/fr\/liefer-und-versandkosten\/\" \/>\n<meta property=\"og:site_name\" content=\"Schweizer Shop f\u00fcr Sport, Spiel und Freizeit\" \/>\n<meta property=\"article:publisher\" content=\"https:\/\/www.facebook.com\/Schweizversand\" \/>\n<meta property=\"article:modified_time\" content=\"2026-02-26T12:00:53+00:00\" \/>\n<meta name=\"twitter:card\" content=\"summary_large_image\" \/>\n<meta name=\"twitter:label1\" content=\"Dur\u00e9e de lecture estim\u00e9e\" \/>\n\t<meta name=\"twitter:data1\" content=\"2 minutes\" \/>\n<script type=\"application\/ld+json\" class=\"yoast-schema-graph\">{\"@context\":\"https:\\\/\\\/schema.org\",\"@graph\":[{\"@type\":\"WebPage\",\"@id\":\"https:\\\/\\\/schweizversand.ch\\\/fr\\\/liefer-und-versandkosten\\\/\",\"url\":\"https:\\\/\\\/schweizversand.ch\\\/fr\\\/liefer-und-versandkosten\\\/\",\"name\":\"Frais de livraison et d'exp\u00e9dition | Schweizer Shop f\u00fcr Sport, Spiel und Freizeit\",\"isPartOf\":{\"@id\":\"https:\\\/\\\/schweizversand.ch\\\/fr\\\/#website\"},\"datePublished\":\"2026-02-25T09:39:30+00:00\",\"dateModified\":\"2026-02-26T12:00:53+00:00\",\"breadcrumb\":{\"@id\":\"https:\\\/\\\/schweizversand.ch\\\/fr\\\/liefer-und-versandkosten\\\/#breadcrumb\"},\"inLanguage\":\"fr-FR\",\"potentialAction\":[{\"@type\":\"ReadAction\",\"target\":[\"https:\\\/\\\/schweizversand.ch\\\/fr\\\/liefer-und-versandkosten\\\/\"]}]},{\"@type\":\"BreadcrumbList\",\"@id\":\"https:\\\/\\\/schweizversand.ch\\\/fr\\\/liefer-und-versandkosten\\\/#breadcrumb\",\"itemListElement\":[{\"@type\":\"ListItem\",\"position\":1,\"name\":\"Startseite\",\"item\":\"https:\\\/\\\/schweizversand.ch\\\/fr\\\/home\\\/\"},{\"@type\":\"ListItem\",\"position\":2,\"name\":\"Frais de livraison et d&#8217;exp\u00e9dition\"}]},{\"@type\":\"WebSite\",\"@id\":\"https:\\\/\\\/schweizversand.ch\\\/fr\\\/#website\",\"url\":\"https:\\\/\\\/schweizversand.ch\\\/fr\\\/\",\"name\":\"Schweizer Shop f\u00fcr Sport, Spiel und Freizeit\",\"description\":\"Gratisversand ab 50.- (netto), ab eigenem schweizer Lager, Lieferung innert 48h\",\"publisher\":{\"@id\":\"https:\\\/\\\/schweizversand.ch\\\/fr\\\/#organization\"},\"alternateName\":\"Schweizversand.ch\",\"potentialAction\":[{\"@type\":\"SearchAction\",\"target\":{\"@type\":\"EntryPoint\",\"urlTemplate\":\"https:\\\/\\\/schweizversand.ch\\\/fr\\\/?s={search_term_string}\"},\"query-input\":{\"@type\":\"PropertyValueSpecification\",\"valueRequired\":true,\"valueName\":\"search_term_string\"}}],\"inLanguage\":\"fr-FR\"},{\"@type\":\"Organization\",\"@id\":\"https:\\\/\\\/schweizversand.ch\\\/fr\\\/#organization\",\"name\":\"Schweizversand.ch\",\"url\":\"https:\\\/\\\/schweizversand.ch\\\/fr\\\/\",\"logo\":{\"@type\":\"ImageObject\",\"inLanguage\":\"fr-FR\",\"@id\":\"https:\\\/\\\/schweizversand.ch\\\/fr\\\/#\\\/schema\\\/logo\\\/image\\\/\",\"url\":\"https:\\\/\\\/schweizversand.ch\\\/wp-content\\\/uploads\\\/2026\\\/03\\\/Logo_Rund_Final-1.png\",\"contentUrl\":\"https:\\\/\\\/schweizversand.ch\\\/wp-content\\\/uploads\\\/2026\\\/03\\\/Logo_Rund_Final-1.png\",\"width\":404,\"height\":404,\"caption\":\"Schweizversand.ch\"},\"image\":{\"@id\":\"https:\\\/\\\/schweizversand.ch\\\/fr\\\/#\\\/schema\\\/logo\\\/image\\\/\"},\"sameAs\":[\"https:\\\/\\\/www.facebook.com\\\/Schweizversand\",\"https:\\\/\\\/www.instagram.com\\\/schweizversand.ch\\\/\"]}]}<\/script>\n<!-- \/ Yoast SEO plugin. -->","yoast_head_json":{"title":"Frais de livraison et d'exp\u00e9dition | Schweizer Shop f\u00fcr Sport, Spiel und Freizeit","robots":{"index":"index","follow":"follow","max-snippet":"max-snippet:-1","max-image-preview":"max-image-preview:large","max-video-preview":"max-video-preview:-1"},"canonical":"https:\/\/schweizversand.ch\/fr\/liefer-und-versandkosten\/","og_locale":"fr_FR","og_type":"article","og_title":"Frais de livraison et d'exp\u00e9dition | Schweizer Shop f\u00fcr Sport, Spiel und Freizeit","og_description":"Informations sur l&rsquo;exp\u00e9dition Nous livrons actuellement nos produits exclusivement en Suisse et au Liechtenstein. Toutes les commandes sont trait\u00e9es et exp\u00e9di\u00e9es d\u00e8s r\u00e9ception du paiement. L&rsquo;exp\u00e9dition est g\u00e9n\u00e9ralement effectu\u00e9e par un service de messagerie (DPD). Pour les articles qui ne peuvent pas \u00eatre exp\u00e9di\u00e9s par colis, nous faisons appel \u00e0 un transporteur. \u2022Frais d&rsquo;exp\u00e9dition : Forfait de 9,90 CHF (frais de port et d&#8217;emballage inclus) \u2022Livraison gratuite : Pour toute commande d&rsquo;une valeur nette de&hellip;","og_url":"https:\/\/schweizversand.ch\/fr\/liefer-und-versandkosten\/","og_site_name":"Schweizer Shop f\u00fcr Sport, Spiel und Freizeit","article_publisher":"https:\/\/www.facebook.com\/Schweizversand","article_modified_time":"2026-02-26T12:00:53+00:00","twitter_card":"summary_large_image","twitter_misc":{"Dur\u00e9e de lecture estim\u00e9e":"2 minutes"},"schema":{"@context":"https:\/\/schema.org","@graph":[{"@type":"WebPage","@id":"https:\/\/schweizversand.ch\/fr\/liefer-und-versandkosten\/","url":"https:\/\/schweizversand.ch\/fr\/liefer-und-versandkosten\/","name":"Frais de livraison et d'exp\u00e9dition | Schweizer Shop f\u00fcr Sport, Spiel und Freizeit","isPartOf":{"@id":"https:\/\/schweizversand.ch\/fr\/#website"},"datePublished":"2026-02-25T09:39:30+00:00","dateModified":"2026-02-26T12:00:53+00:00","breadcrumb":{"@id":"https:\/\/schweizversand.ch\/fr\/liefer-und-versandkosten\/#breadcrumb"},"inLanguage":"fr-FR","potentialAction":[{"@type":"ReadAction","target":["https:\/\/schweizversand.ch\/fr\/liefer-und-versandkosten\/"]}]},{"@type":"BreadcrumbList","@id":"https:\/\/schweizversand.ch\/fr\/liefer-und-versandkosten\/#breadcrumb","itemListElement":[{"@type":"ListItem","position":1,"name":"Startseite","item":"https:\/\/schweizversand.ch\/fr\/home\/"},{"@type":"ListItem","position":2,"name":"Frais de livraison et d&#8217;exp\u00e9dition"}]},{"@type":"WebSite","@id":"https:\/\/schweizversand.ch\/fr\/#website","url":"https:\/\/schweizversand.ch\/fr\/","name":"Schweizer Shop f\u00fcr Sport, Spiel und Freizeit","description":"Gratisversand ab 50.- (netto), ab eigenem schweizer Lager, Lieferung innert 48h","publisher":{"@id":"https:\/\/schweizversand.ch\/fr\/#organization"},"alternateName":"Schweizversand.ch","potentialAction":[{"@type":"SearchAction","target":{"@type":"EntryPoint","urlTemplate":"https:\/\/schweizversand.ch\/fr\/?s={search_term_string}"},"query-input":{"@type":"PropertyValueSpecification","valueRequired":true,"valueName":"search_term_string"}}],"inLanguage":"fr-FR"},{"@type":"Organization","@id":"https:\/\/schweizversand.ch\/fr\/#organization","name":"Schweizversand.ch","url":"https:\/\/schweizversand.ch\/fr\/","logo":{"@type":"ImageObject","inLanguage":"fr-FR","@id":"https:\/\/schweizversand.ch\/fr\/#\/schema\/logo\/image\/","url":"https:\/\/schweizversand.ch\/wp-content\/uploads\/2026\/03\/Logo_Rund_Final-1.png","contentUrl":"https:\/\/schweizversand.ch\/wp-content\/uploads\/2026\/03\/Logo_Rund_Final-1.png","width":404,"height":404,"caption":"Schweizversand.ch"},"image":{"@id":"https:\/\/schweizversand.ch\/fr\/#\/schema\/logo\/image\/"},"sameAs":["https:\/\/www.facebook.com\/Schweizversand","https:\/\/www.instagram.com\/schweizversand.ch\/"]}]}},"jetpack_sharing_enabled":true,"_links":{"self":[{"href":"https:\/\/schweizversand.ch\/fr\/wp-json\/wp\/v2\/pages\/186572","targetHints":{"allow":["GET"]}}],"collection":[{"href":"https:\/\/schweizversand.ch\/fr\/wp-json\/wp\/v2\/pages"}],"about":[{"href":"https:\/\/schweizversand.ch\/fr\/wp-json\/wp\/v2\/types\/page"}],"author":[{"embeddable":true,"href":"https:\/\/schweizversand.ch\/fr\/wp-json\/wp\/v2\/users\/2"}],"replies":[{"embeddable":true,"href":"https:\/\/schweizversand.ch\/fr\/wp-json\/wp\/v2\/comments?post=186572"}],"version-history":[{"count":7,"href":"https:\/\/schweizversand.ch\/fr\/wp-json\/wp\/v2\/pages\/186572\/revisions"}],"predecessor-version":[{"id":216719,"href":"https:\/\/schweizversand.ch\/fr\/wp-json\/wp\/v2\/pages\/186572\/revisions\/216719"}],"wp:attachment":[{"href":"https:\/\/schweizversand.ch\/fr\/wp-json\/wp\/v2\/media?parent=186572"}],"curies":[{"name":"wp","href":"https:\/\/api.w.org\/{rel}","templated":true}]}}