{"id":247193,"date":"2026-03-14T23:20:36","date_gmt":"2026-03-14T22:20:36","guid":{"rendered":"https:\/\/schweizversand.ch\/produkt\/carrera-rc-profi-boat-speedray\/"},"modified":"2026-04-19T02:02:53","modified_gmt":"2026-04-19T00:02:53","slug":"carrera-rc-profi-boat-speedray","status":"publish","type":"product","link":"https:\/\/schweizversand.ch\/fr\/produkt\/carrera-rc-profi-boat-speedray\/","title":{"rendered":"Bateau professionnel Carrera RC Speedray"},"content":{"rendered":"<h1><strong>Bateau radiocommand\u00e9 professionnel Carrera Speedray<\/strong><\/h1>\n<div>Pr\u00eat pour une puissance et une vitesse maximales sur l&rsquo;eau\u00a0? Le bateau radiocommand\u00e9 professionnel Carrera Speedray vous offre des sensations fortes sur tous les lacs, \u00e9tangs et piscines. Avec une vitesse de pointe impressionnante de 25\u00a0km\/h, ce bateau radiocommand\u00e9 haute vitesse promet des sensations fortes aux passionn\u00e9s de mod\u00e9lisme.<\/p>\n<\/div>\n<div><strong>Performance et contr\u00f4le<\/strong><br \/>Ce bateau radiocommand\u00e9 professionnel est \u00e9quip\u00e9 d&rsquo;une technologie radio 2,4\u00a0GHz de pointe, garantissant un fonctionnement sans interf\u00e9rences \u2013 id\u00e9al pour des courses simultan\u00e9es jusqu&rsquo;\u00e0 16\u00a0bateaux. La commande proportionnelle num\u00e9rique permet des man\u0153uvres pr\u00e9cises et un contr\u00f4le total, que ce soit dans les virages serr\u00e9s ou en glisse \u00e0 pleine vitesse sur l&rsquo;eau. Design puissant et grande autonomie\u00a0: le Carrera RC Speedray de 45\u00a0cm de long impressionne par son design sportif et sa propulsion puissante. Gr\u00e2ce \u00e0 sa batterie LiFePO4 haute performance, profitez d\u2019une autonomie allant jusqu\u2019\u00e0 15\u00a0minutes et repartez de plus belle apr\u00e8s seulement 80\u00a0minutes de charge. Remarque\u00a0: pour des raisons de s\u00e9curit\u00e9, la propulsion ne fonctionne que lorsque le bateau est dans l\u2019eau.<\/p>\n<\/div>\n<div><strong>Caract\u00e9ristiques techniques<\/strong><br \/>&#8211; Mod\u00e8le\u00a0: Bateau RC Profi Speedray<br \/>&#8211; Vitesse maximale\u00a0: jusqu\u2019\u00e0 25\u00a0km\/h<br \/>&#8211; Fr\u00e9quence\u00a0: 2,4\u00a0GHz (jusqu\u2019\u00e0 16\u00a0joueurs)<br \/>&#8211; Autonomie\u00a0: environ 15\u00a0minutes<br \/>&#8211; Temps de charge\u00a0: environ 80\u00a0minutes 80 minutes<br \/>&#8211; Batterie\u00a0: LiFePO4 6,4\u00a0V \u2013 1300\u00a0mAh<br \/>&#8211; Commande\u00a0: Proportionnelle num\u00e9rique<\/p>\n<\/div>\n<div><strong>Contenu de la livraison (pr\u00eat \u00e0 l&#8217;emploi)<\/strong><br \/>&#8211; 1\u00a0bateau radiocommand\u00e9 Carrera Profi Speedray (45\u00a0cm)<br \/>&#8211; 1\u00a0t\u00e9l\u00e9commande 2,4\u00a0GHz<br \/>&#8211; 1\u00a0batterie LiFePO4 (6,4\u00a0V \u2013 1300\u00a0mAh)<br \/>&#8211; 1\u00a0c\u00e2ble de chargement USB (1\u00a0A)<br \/>&#8211; 2\u00a0piles AA pour la t\u00e9l\u00e9commande<br \/>&#8211; Notice d&rsquo;utilisation<\/p>\n<\/div>\n<div>Le bateau radiocommand\u00e9 Pro Speedray vous ouvre les portes du monde des courses de bateaux \u00e0 grande vitesse. Procurez-vous ce bateau de course t\u00e9l\u00e9command\u00e9 et vivez des sensations inoubliables sur l&rsquo;eau\u00a0!<\/p>\n","protected":false},"excerpt":{"rendered":"<p>Bateau radiocommand\u00e9 professionnel Carrera Speedray Pr\u00eat pour une puissance et une vitesse maximales sur l&rsquo;eau\u00a0? Le bateau radiocommand\u00e9 professionnel Carrera Speedray vous offre des sensations fortes sur tous les lacs, \u00e9tangs et piscines. Avec une vitesse de pointe impressionnante de 25\u00a0km\/h, ce bateau radiocommand\u00e9 haute vitesse promet des sensations fortes aux passionn\u00e9s de mod\u00e9lisme. Performance et contr\u00f4leCe bateau radiocommand\u00e9 professionnel est \u00e9quip\u00e9 d&rsquo;une technologie radio 2,4\u00a0GHz de pointe, garantissant un fonctionnement sans interf\u00e9rences \u2013 id\u00e9al&hellip;<\/p>\n","protected":false},"featured_media":156491,"comment_status":"open","ping_status":"closed","template":"","meta":[],"product_brand":[],"product_cat":[38093],"product_tag":[],"class_list":{"0":"post-247193","1":"product","2":"type-product","3":"status-publish","4":"has-post-thumbnail","6":"product_cat-ferngesteuerte-fahrzeuge","7":"product_shipping_class-global_methods","9":"first","10":"instock","11":"taxable","12":"shipping-taxable","13":"purchasable","14":"product-type-simple"},"yoast_head":"<!-- This site is optimized with the Yoast SEO plugin v27.4 - https:\/\/yoast.com\/product\/yoast-seo-wordpress\/ -->\n<title>Carrera RC Profi Boat Speedray | Jetzt kaufen | Schweizversand.ch<\/title>\n<meta name=\"description\" content=\"Carrera RC Profi Boat Speedray g\u00fcnstig kaufen bei Schweizversand.ch. Schnelle Lieferung in der Schweiz. Gratisversand ab CHF 50.\" \/>\n<meta name=\"robots\" content=\"index, follow, max-snippet:-1, max-image-preview:large, max-video-preview:-1\" \/>\n<link rel=\"canonical\" href=\"https:\/\/schweizversand.ch\/fr\/produkt\/carrera-rc-profi-boat-speedray\/\" \/>\n<meta property=\"og:locale\" content=\"fr_FR\" \/>\n<meta property=\"og:type\" content=\"article\" \/>\n<meta property=\"og:title\" content=\"Carrera RC Profi Boat Speedray | Jetzt kaufen | Schweizversand.ch\" \/>\n<meta property=\"og:description\" content=\"Carrera RC Profi Boat Speedray g\u00fcnstig kaufen bei Schweizversand.ch. Schnelle Lieferung in der Schweiz. Gratisversand ab CHF 50.\" \/>\n<meta property=\"og:url\" content=\"https:\/\/schweizversand.ch\/fr\/produkt\/carrera-rc-profi-boat-speedray\/\" \/>\n<meta property=\"og:site_name\" content=\"Schweizer Shop f\u00fcr Sport, Spiel und Freizeit\" \/>\n<meta property=\"article:publisher\" content=\"https:\/\/www.facebook.com\/Schweizversand\" \/>\n<meta property=\"article:modified_time\" content=\"2026-04-19T00:02:53+00:00\" \/>\n<meta property=\"og:image\" content=\"https:\/\/schweizversand.ch\/wp-content\/uploads\/2026\/02\/5472034598.jpg\" \/>\n\t<meta property=\"og:image:width\" content=\"1024\" \/>\n\t<meta property=\"og:image:height\" content=\"697\" \/>\n\t<meta property=\"og:image:type\" content=\"image\/jpeg\" \/>\n<meta name=\"twitter:card\" content=\"summary_large_image\" \/>\n<meta name=\"twitter:label1\" content=\"Dur\u00e9e de lecture estim\u00e9e\" \/>\n\t<meta name=\"twitter:data1\" content=\"1 minute\" \/>\n<script type=\"application\/ld+json\" class=\"yoast-schema-graph\">{\"@context\":\"https:\\\/\\\/schema.org\",\"@graph\":[{\"@type\":\"WebPage\",\"@id\":\"https:\\\/\\\/schweizversand.ch\\\/fr\\\/produkt\\\/carrera-rc-profi-boat-speedray\\\/\",\"url\":\"https:\\\/\\\/schweizversand.ch\\\/fr\\\/produkt\\\/carrera-rc-profi-boat-speedray\\\/\",\"name\":\"Carrera RC Profi Boat Speedray | Jetzt kaufen | Schweizversand.ch\",\"isPartOf\":{\"@id\":\"https:\\\/\\\/schweizversand.ch\\\/fr\\\/#website\"},\"primaryImageOfPage\":{\"@id\":\"https:\\\/\\\/schweizversand.ch\\\/fr\\\/produkt\\\/carrera-rc-profi-boat-speedray\\\/#primaryimage\"},\"image\":{\"@id\":\"https:\\\/\\\/schweizversand.ch\\\/fr\\\/produkt\\\/carrera-rc-profi-boat-speedray\\\/#primaryimage\"},\"thumbnailUrl\":\"https:\\\/\\\/schweizversand.ch\\\/wp-content\\\/uploads\\\/2026\\\/02\\\/5472034598.jpg\",\"datePublished\":\"2026-03-14T22:20:36+00:00\",\"dateModified\":\"2026-04-19T00:02:53+00:00\",\"description\":\"Carrera RC Profi Boat Speedray g\u00fcnstig kaufen bei Schweizversand.ch. Schnelle Lieferung in der Schweiz. Gratisversand ab CHF 50.\",\"breadcrumb\":{\"@id\":\"https:\\\/\\\/schweizversand.ch\\\/fr\\\/produkt\\\/carrera-rc-profi-boat-speedray\\\/#breadcrumb\"},\"inLanguage\":\"fr-FR\",\"potentialAction\":[{\"@type\":\"ReadAction\",\"target\":[\"https:\\\/\\\/schweizversand.ch\\\/fr\\\/produkt\\\/carrera-rc-profi-boat-speedray\\\/\"]}]},{\"@type\":\"ImageObject\",\"inLanguage\":\"fr-FR\",\"@id\":\"https:\\\/\\\/schweizversand.ch\\\/fr\\\/produkt\\\/carrera-rc-profi-boat-speedray\\\/#primaryimage\",\"url\":\"https:\\\/\\\/schweizversand.ch\\\/wp-content\\\/uploads\\\/2026\\\/02\\\/5472034598.jpg\",\"contentUrl\":\"https:\\\/\\\/schweizversand.ch\\\/wp-content\\\/uploads\\\/2026\\\/02\\\/5472034598.jpg\",\"width\":1024,\"height\":697},{\"@type\":\"BreadcrumbList\",\"@id\":\"https:\\\/\\\/schweizversand.ch\\\/fr\\\/produkt\\\/carrera-rc-profi-boat-speedray\\\/#breadcrumb\",\"itemListElement\":[{\"@type\":\"ListItem\",\"position\":1,\"name\":\"Startseite\",\"item\":\"https:\\\/\\\/schweizversand.ch\\\/fr\\\/home\\\/\"},{\"@type\":\"ListItem\",\"position\":2,\"name\":\"Boutique\",\"item\":\"https:\\\/\\\/schweizversand.ch\\\/fr\\\/boutique\\\/\"},{\"@type\":\"ListItem\",\"position\":3,\"name\":\"Jouets et jeux\",\"item\":\"https:\\\/\\\/schweizversand.ch\\\/fr\\\/produkt-kategorie\\\/jouets-et-jeux\\\/\"},{\"@type\":\"ListItem\",\"position\":4,\"name\":\"V\u00e9hicules miniatures\",\"item\":\"https:\\\/\\\/schweizversand.ch\\\/fr\\\/produkt-kategorie\\\/jouets-et-jeux\\\/vehicules-miniatures\\\/\"},{\"@type\":\"ListItem\",\"position\":5,\"name\":\"V\u00e9hicules t\u00e9l\u00e9command\u00e9s\",\"item\":\"https:\\\/\\\/schweizversand.ch\\\/fr\\\/produkt-kategorie\\\/jouets-et-jeux\\\/vehicules-miniatures\\\/ferngesteuerte-fahrzeuge\\\/\"},{\"@type\":\"ListItem\",\"position\":6,\"name\":\"Bateau professionnel Carrera RC Speedray\"}]},{\"@type\":\"WebSite\",\"@id\":\"https:\\\/\\\/schweizversand.ch\\\/fr\\\/#website\",\"url\":\"https:\\\/\\\/schweizversand.ch\\\/fr\\\/\",\"name\":\"Schweizer Shop f\u00fcr Sport, Spiel und Freizeit\",\"description\":\"Gratisversand ab 50.- (netto), ab eigenem schweizer Lager, Lieferung innert 48h\",\"publisher\":{\"@id\":\"https:\\\/\\\/schweizversand.ch\\\/fr\\\/#organization\"},\"alternateName\":\"Schweizversand.ch\",\"potentialAction\":[{\"@type\":\"SearchAction\",\"target\":{\"@type\":\"EntryPoint\",\"urlTemplate\":\"https:\\\/\\\/schweizversand.ch\\\/fr\\\/?s={search_term_string}\"},\"query-input\":{\"@type\":\"PropertyValueSpecification\",\"valueRequired\":true,\"valueName\":\"search_term_string\"}}],\"inLanguage\":\"fr-FR\"},{\"@type\":\"Organization\",\"@id\":\"https:\\\/\\\/schweizversand.ch\\\/fr\\\/#organization\",\"name\":\"Schweizversand.ch\",\"url\":\"https:\\\/\\\/schweizversand.ch\\\/fr\\\/\",\"logo\":{\"@type\":\"ImageObject\",\"inLanguage\":\"fr-FR\",\"@id\":\"https:\\\/\\\/schweizversand.ch\\\/fr\\\/#\\\/schema\\\/logo\\\/image\\\/\",\"url\":\"https:\\\/\\\/schweizversand.ch\\\/wp-content\\\/uploads\\\/2026\\\/03\\\/Logo_Rund_Final-1.png\",\"contentUrl\":\"https:\\\/\\\/schweizversand.ch\\\/wp-content\\\/uploads\\\/2026\\\/03\\\/Logo_Rund_Final-1.png\",\"width\":404,\"height\":404,\"caption\":\"Schweizversand.ch\"},\"image\":{\"@id\":\"https:\\\/\\\/schweizversand.ch\\\/fr\\\/#\\\/schema\\\/logo\\\/image\\\/\"},\"sameAs\":[\"https:\\\/\\\/www.facebook.com\\\/Schweizversand\",\"https:\\\/\\\/www.instagram.com\\\/schweizversand.ch\\\/\"]}]}<\/script>\n<!-- \/ Yoast SEO plugin. -->","yoast_head_json":{"title":"Carrera RC Profi Boat Speedray | Jetzt kaufen | Schweizversand.ch","description":"Carrera RC Profi Boat Speedray g\u00fcnstig kaufen bei Schweizversand.ch. Schnelle Lieferung in der Schweiz. Gratisversand ab CHF 50.","robots":{"index":"index","follow":"follow","max-snippet":"max-snippet:-1","max-image-preview":"max-image-preview:large","max-video-preview":"max-video-preview:-1"},"canonical":"https:\/\/schweizversand.ch\/fr\/produkt\/carrera-rc-profi-boat-speedray\/","og_locale":"fr_FR","og_type":"article","og_title":"Carrera RC Profi Boat Speedray | Jetzt kaufen | Schweizversand.ch","og_description":"Carrera RC Profi Boat Speedray g\u00fcnstig kaufen bei Schweizversand.ch. Schnelle Lieferung in der Schweiz. Gratisversand ab CHF 50.","og_url":"https:\/\/schweizversand.ch\/fr\/produkt\/carrera-rc-profi-boat-speedray\/","og_site_name":"Schweizer Shop f\u00fcr Sport, Spiel und Freizeit","article_publisher":"https:\/\/www.facebook.com\/Schweizversand","article_modified_time":"2026-04-19T00:02:53+00:00","og_image":[{"width":1024,"height":697,"url":"https:\/\/schweizversand.ch\/wp-content\/uploads\/2026\/02\/5472034598.jpg","type":"image\/jpeg"}],"twitter_card":"summary_large_image","twitter_misc":{"Dur\u00e9e de lecture estim\u00e9e":"1 minute"},"schema":{"@context":"https:\/\/schema.org","@graph":[{"@type":"WebPage","@id":"https:\/\/schweizversand.ch\/fr\/produkt\/carrera-rc-profi-boat-speedray\/","url":"https:\/\/schweizversand.ch\/fr\/produkt\/carrera-rc-profi-boat-speedray\/","name":"Carrera RC Profi Boat Speedray | Jetzt kaufen | Schweizversand.ch","isPartOf":{"@id":"https:\/\/schweizversand.ch\/fr\/#website"},"primaryImageOfPage":{"@id":"https:\/\/schweizversand.ch\/fr\/produkt\/carrera-rc-profi-boat-speedray\/#primaryimage"},"image":{"@id":"https:\/\/schweizversand.ch\/fr\/produkt\/carrera-rc-profi-boat-speedray\/#primaryimage"},"thumbnailUrl":"https:\/\/schweizversand.ch\/wp-content\/uploads\/2026\/02\/5472034598.jpg","datePublished":"2026-03-14T22:20:36+00:00","dateModified":"2026-04-19T00:02:53+00:00","description":"Carrera RC Profi Boat Speedray g\u00fcnstig kaufen bei Schweizversand.ch. Schnelle Lieferung in der Schweiz. Gratisversand ab CHF 50.","breadcrumb":{"@id":"https:\/\/schweizversand.ch\/fr\/produkt\/carrera-rc-profi-boat-speedray\/#breadcrumb"},"inLanguage":"fr-FR","potentialAction":[{"@type":"ReadAction","target":["https:\/\/schweizversand.ch\/fr\/produkt\/carrera-rc-profi-boat-speedray\/"]}]},{"@type":"ImageObject","inLanguage":"fr-FR","@id":"https:\/\/schweizversand.ch\/fr\/produkt\/carrera-rc-profi-boat-speedray\/#primaryimage","url":"https:\/\/schweizversand.ch\/wp-content\/uploads\/2026\/02\/5472034598.jpg","contentUrl":"https:\/\/schweizversand.ch\/wp-content\/uploads\/2026\/02\/5472034598.jpg","width":1024,"height":697},{"@type":"BreadcrumbList","@id":"https:\/\/schweizversand.ch\/fr\/produkt\/carrera-rc-profi-boat-speedray\/#breadcrumb","itemListElement":[{"@type":"ListItem","position":1,"name":"Startseite","item":"https:\/\/schweizversand.ch\/fr\/home\/"},{"@type":"ListItem","position":2,"name":"Boutique","item":"https:\/\/schweizversand.ch\/fr\/boutique\/"},{"@type":"ListItem","position":3,"name":"Jouets et jeux","item":"https:\/\/schweizversand.ch\/fr\/produkt-kategorie\/jouets-et-jeux\/"},{"@type":"ListItem","position":4,"name":"V\u00e9hicules miniatures","item":"https:\/\/schweizversand.ch\/fr\/produkt-kategorie\/jouets-et-jeux\/vehicules-miniatures\/"},{"@type":"ListItem","position":5,"name":"V\u00e9hicules t\u00e9l\u00e9command\u00e9s","item":"https:\/\/schweizversand.ch\/fr\/produkt-kategorie\/jouets-et-jeux\/vehicules-miniatures\/ferngesteuerte-fahrzeuge\/"},{"@type":"ListItem","position":6,"name":"Bateau professionnel Carrera RC Speedray"}]},{"@type":"WebSite","@id":"https:\/\/schweizversand.ch\/fr\/#website","url":"https:\/\/schweizversand.ch\/fr\/","name":"Schweizer Shop f\u00fcr Sport, Spiel und Freizeit","description":"Gratisversand ab 50.- (netto), ab eigenem schweizer Lager, Lieferung innert 48h","publisher":{"@id":"https:\/\/schweizversand.ch\/fr\/#organization"},"alternateName":"Schweizversand.ch","potentialAction":[{"@type":"SearchAction","target":{"@type":"EntryPoint","urlTemplate":"https:\/\/schweizversand.ch\/fr\/?s={search_term_string}"},"query-input":{"@type":"PropertyValueSpecification","valueRequired":true,"valueName":"search_term_string"}}],"inLanguage":"fr-FR"},{"@type":"Organization","@id":"https:\/\/schweizversand.ch\/fr\/#organization","name":"Schweizversand.ch","url":"https:\/\/schweizversand.ch\/fr\/","logo":{"@type":"ImageObject","inLanguage":"fr-FR","@id":"https:\/\/schweizversand.ch\/fr\/#\/schema\/logo\/image\/","url":"https:\/\/schweizversand.ch\/wp-content\/uploads\/2026\/03\/Logo_Rund_Final-1.png","contentUrl":"https:\/\/schweizversand.ch\/wp-content\/uploads\/2026\/03\/Logo_Rund_Final-1.png","width":404,"height":404,"caption":"Schweizversand.ch"},"image":{"@id":"https:\/\/schweizversand.ch\/fr\/#\/schema\/logo\/image\/"},"sameAs":["https:\/\/www.facebook.com\/Schweizversand","https:\/\/www.instagram.com\/schweizversand.ch\/"]}]}},"jetpack_sharing_enabled":true,"_links":{"self":[{"href":"https:\/\/schweizversand.ch\/fr\/wp-json\/wp\/v2\/product\/247193","targetHints":{"allow":["GET"]}}],"collection":[{"href":"https:\/\/schweizversand.ch\/fr\/wp-json\/wp\/v2\/product"}],"about":[{"href":"https:\/\/schweizversand.ch\/fr\/wp-json\/wp\/v2\/types\/product"}],"replies":[{"embeddable":true,"href":"https:\/\/schweizversand.ch\/fr\/wp-json\/wp\/v2\/comments?post=247193"}],"wp:featuredmedia":[{"embeddable":true,"href":"https:\/\/schweizversand.ch\/fr\/wp-json\/wp\/v2\/media\/156491"}],"wp:attachment":[{"href":"https:\/\/schweizversand.ch\/fr\/wp-json\/wp\/v2\/media?parent=247193"}],"wp:term":[{"taxonomy":"product_brand","embeddable":true,"href":"https:\/\/schweizversand.ch\/fr\/wp-json\/wp\/v2\/product_brand?post=247193"},{"taxonomy":"product_cat","embeddable":true,"href":"https:\/\/schweizversand.ch\/fr\/wp-json\/wp\/v2\/product_cat?post=247193"},{"taxonomy":"product_tag","embeddable":true,"href":"https:\/\/schweizversand.ch\/fr\/wp-json\/wp\/v2\/product_tag?post=247193"}],"curies":[{"name":"wp","href":"https:\/\/api.w.org\/{rel}","templated":true}]}}