{"id":247194,"date":"2026-03-14T23:20:36","date_gmt":"2026-03-14T22:20:36","guid":{"rendered":"https:\/\/schweizversand.ch\/produkt\/gowi-baby-sized-feuerwehrauto\/"},"modified":"2026-04-19T02:02:53","modified_gmt":"2026-04-19T00:02:53","slug":"gowi-baby-sized-feuerwehrauto","status":"publish","type":"product","link":"https:\/\/schweizversand.ch\/fr\/produkt\/gowi-baby-sized-feuerwehrauto\/","title":{"rendered":"Camion de pompiers Gowi pour b\u00e9b\u00e9"},"content":{"rendered":"<h1><strong>Camion de pompiers GOWI \u2013 Robuste et durable<\/strong><\/h1>\n<div>Pr\u00e9parez vos petits h\u00e9ros \u00e0 des missions de sauvetage palpitantes\u00a0! Ce camion de pompiers robuste allie qualit\u00e9 sup\u00e9rieure et design adapt\u00e9 aux enfants, pour des heures d&rsquo;amusement en toute s\u00e9curit\u00e9.<\/p>\n<\/div>\n<div><strong>Parfait pour les petits explorateurs<\/strong><br \/>Le camion de pompiers GOWI est sp\u00e9cialement con\u00e7u pour les petites mains des b\u00e9b\u00e9s et des jeunes enfants. Il favorise le d\u00e9veloppement de la motricit\u00e9 fine et encourage le jeu de r\u00f4le imaginatif, o\u00f9 votre enfant se transforme en pompier courageux.<\/p>\n<\/div>\n<div><strong>Stabilit\u00e9 et qualit\u00e9 maximales<\/strong><br \/>Ce camion de pompiers en plastique est particuli\u00e8rement durable et stable. Gr\u00e2ce \u00e0 son essieu en acier robuste et \u00e0 ses roues en caoutchouc, il r\u00e9siste aux aventures les plus intenses. Sa fabrication de haute qualit\u00e9 garantit la s\u00e9curit\u00e9 des b\u00e9b\u00e9s. Adapt\u00e9 \u00e0 une utilisation int\u00e9rieure et ext\u00e9rieure\u00a0: que ce soit dans la chambre des enfants ou dans le jardin, ce camion de pompiers est adapt\u00e9 \u00e0 tous les terrains. Sa construction robuste en fait le jouet id\u00e9al pour l&rsquo;int\u00e9rieur et l&rsquo;ext\u00e9rieur. Facile \u00e0 nettoyer, il garantit des heures de joie o\u00f9 qu&rsquo;il soit utilis\u00e9. Fabriqu\u00e9 en plastique de haute qualit\u00e9, il lui assure une longue dur\u00e9e de vie.<\/p>\n<\/div>\n<div><strong>Caract\u00e9ristiques du produit<\/strong><br \/>&#8211; Design de camion de pompiers <strong>GOWI<\/strong> de haute qualit\u00e9<br \/>&#8211; Particuli\u00e8rement robuste gr\u00e2ce \u00e0 son essieu en acier renforc\u00e9<br \/>&#8211; Roues caoutchout\u00e9es pour une conduite silencieuse et s\u00fbre<br \/>&#8211; Fabriqu\u00e9 en plastique de haute qualit\u00e9 et facile d&rsquo;entretien<br \/>&#8211; Parfaitement adapt\u00e9 \u00e0 une utilisation int\u00e9rieure et ext\u00e9rieure<\/p>\n<\/div>\n<div>D\u00e9couvrez d\u00e8s maintenant ce jouet <strong>robuste<\/strong> indispensable et offrez \u00e0 votre enfant un jouet qui allie qualit\u00e9 et aventure.<\/p>\n<\/div>\n<div><\/div>\n","protected":false},"excerpt":{"rendered":"<p>Camion de pompiers GOWI \u2013 Robuste et durable Pr\u00e9parez vos petits h\u00e9ros \u00e0 des missions de sauvetage palpitantes\u00a0! Ce camion de pompiers robuste allie qualit\u00e9 sup\u00e9rieure et design adapt\u00e9 aux enfants, pour des heures d&rsquo;amusement en toute s\u00e9curit\u00e9. Parfait pour les petits explorateursLe camion de pompiers GOWI est sp\u00e9cialement con\u00e7u pour les petites mains des b\u00e9b\u00e9s et des jeunes enfants. Il favorise le d\u00e9veloppement de la motricit\u00e9 fine et encourage le jeu de r\u00f4le imaginatif,&hellip;<\/p>\n","protected":false},"featured_media":156503,"comment_status":"open","ping_status":"closed","template":"","meta":[],"product_brand":[],"product_cat":[38096],"product_tag":[],"class_list":{"0":"post-247194","1":"product","2":"type-product","3":"status-publish","4":"has-post-thumbnail","6":"product_cat-spielzeugauto","7":"product_shipping_class-global_methods","9":"first","10":"instock","11":"taxable","12":"shipping-taxable","13":"purchasable","14":"product-type-simple"},"yoast_head":"<!-- This site is optimized with the Yoast SEO plugin v27.4 - https:\/\/yoast.com\/product\/yoast-seo-wordpress\/ -->\n<title>Gowi Baby-Sized Feuerwehrauto | Jetzt kaufen | Schweizversand.ch<\/title>\n<meta name=\"description\" content=\"Gowi Baby-Sized Feuerwehrauto g\u00fcnstig kaufen bei Schweizversand.ch. Schnelle Lieferung in der Schweiz. Gratisversand ab CHF 50.\" \/>\n<meta name=\"robots\" content=\"index, follow, max-snippet:-1, max-image-preview:large, max-video-preview:-1\" \/>\n<link rel=\"canonical\" href=\"https:\/\/schweizversand.ch\/fr\/produkt\/gowi-baby-sized-feuerwehrauto\/\" \/>\n<meta property=\"og:locale\" content=\"fr_FR\" \/>\n<meta property=\"og:type\" content=\"article\" \/>\n<meta property=\"og:title\" content=\"Gowi Baby-Sized Feuerwehrauto | Jetzt kaufen | Schweizversand.ch\" \/>\n<meta property=\"og:description\" content=\"Gowi Baby-Sized Feuerwehrauto g\u00fcnstig kaufen bei Schweizversand.ch. Schnelle Lieferung in der Schweiz. Gratisversand ab CHF 50.\" \/>\n<meta property=\"og:url\" content=\"https:\/\/schweizversand.ch\/fr\/produkt\/gowi-baby-sized-feuerwehrauto\/\" \/>\n<meta property=\"og:site_name\" content=\"Schweizer Shop f\u00fcr Sport, Spiel und Freizeit\" \/>\n<meta property=\"article:publisher\" content=\"https:\/\/www.facebook.com\/Schweizversand\" \/>\n<meta property=\"article:modified_time\" content=\"2026-04-19T00:02:53+00:00\" \/>\n<meta property=\"og:image\" content=\"https:\/\/schweizversand.ch\/wp-content\/uploads\/2026\/02\/5471827641.jpg\" \/>\n\t<meta property=\"og:image:width\" content=\"871\" \/>\n\t<meta property=\"og:image:height\" content=\"1024\" \/>\n\t<meta property=\"og:image:type\" content=\"image\/jpeg\" \/>\n<meta name=\"twitter:card\" content=\"summary_large_image\" \/>\n<meta name=\"twitter:label1\" content=\"Dur\u00e9e de lecture estim\u00e9e\" \/>\n\t<meta name=\"twitter:data1\" content=\"1 minute\" \/>\n<script type=\"application\/ld+json\" class=\"yoast-schema-graph\">{\"@context\":\"https:\\\/\\\/schema.org\",\"@graph\":[{\"@type\":\"WebPage\",\"@id\":\"https:\\\/\\\/schweizversand.ch\\\/fr\\\/produkt\\\/gowi-baby-sized-feuerwehrauto\\\/\",\"url\":\"https:\\\/\\\/schweizversand.ch\\\/fr\\\/produkt\\\/gowi-baby-sized-feuerwehrauto\\\/\",\"name\":\"Gowi Baby-Sized Feuerwehrauto | Jetzt kaufen | Schweizversand.ch\",\"isPartOf\":{\"@id\":\"https:\\\/\\\/schweizversand.ch\\\/fr\\\/#website\"},\"primaryImageOfPage\":{\"@id\":\"https:\\\/\\\/schweizversand.ch\\\/fr\\\/produkt\\\/gowi-baby-sized-feuerwehrauto\\\/#primaryimage\"},\"image\":{\"@id\":\"https:\\\/\\\/schweizversand.ch\\\/fr\\\/produkt\\\/gowi-baby-sized-feuerwehrauto\\\/#primaryimage\"},\"thumbnailUrl\":\"https:\\\/\\\/schweizversand.ch\\\/wp-content\\\/uploads\\\/2026\\\/02\\\/5471827641.jpg\",\"datePublished\":\"2026-03-14T22:20:36+00:00\",\"dateModified\":\"2026-04-19T00:02:53+00:00\",\"description\":\"Gowi Baby-Sized Feuerwehrauto g\u00fcnstig kaufen bei Schweizversand.ch. Schnelle Lieferung in der Schweiz. Gratisversand ab CHF 50.\",\"breadcrumb\":{\"@id\":\"https:\\\/\\\/schweizversand.ch\\\/fr\\\/produkt\\\/gowi-baby-sized-feuerwehrauto\\\/#breadcrumb\"},\"inLanguage\":\"fr-FR\",\"potentialAction\":[{\"@type\":\"ReadAction\",\"target\":[\"https:\\\/\\\/schweizversand.ch\\\/fr\\\/produkt\\\/gowi-baby-sized-feuerwehrauto\\\/\"]}]},{\"@type\":\"ImageObject\",\"inLanguage\":\"fr-FR\",\"@id\":\"https:\\\/\\\/schweizversand.ch\\\/fr\\\/produkt\\\/gowi-baby-sized-feuerwehrauto\\\/#primaryimage\",\"url\":\"https:\\\/\\\/schweizversand.ch\\\/wp-content\\\/uploads\\\/2026\\\/02\\\/5471827641.jpg\",\"contentUrl\":\"https:\\\/\\\/schweizversand.ch\\\/wp-content\\\/uploads\\\/2026\\\/02\\\/5471827641.jpg\",\"width\":871,\"height\":1024},{\"@type\":\"BreadcrumbList\",\"@id\":\"https:\\\/\\\/schweizversand.ch\\\/fr\\\/produkt\\\/gowi-baby-sized-feuerwehrauto\\\/#breadcrumb\",\"itemListElement\":[{\"@type\":\"ListItem\",\"position\":1,\"name\":\"Startseite\",\"item\":\"https:\\\/\\\/schweizversand.ch\\\/fr\\\/home\\\/\"},{\"@type\":\"ListItem\",\"position\":2,\"name\":\"Boutique\",\"item\":\"https:\\\/\\\/schweizversand.ch\\\/fr\\\/boutique\\\/\"},{\"@type\":\"ListItem\",\"position\":3,\"name\":\"Jouets et jeux\",\"item\":\"https:\\\/\\\/schweizversand.ch\\\/fr\\\/produkt-kategorie\\\/jouets-et-jeux\\\/\"},{\"@type\":\"ListItem\",\"position\":4,\"name\":\"V\u00e9hicules miniatures\",\"item\":\"https:\\\/\\\/schweizversand.ch\\\/fr\\\/produkt-kategorie\\\/jouets-et-jeux\\\/vehicules-miniatures\\\/\"},{\"@type\":\"ListItem\",\"position\":5,\"name\":\"Voitures miniatures\",\"item\":\"https:\\\/\\\/schweizversand.ch\\\/fr\\\/produkt-kategorie\\\/jouets-et-jeux\\\/vehicules-miniatures\\\/spielzeugauto\\\/\"},{\"@type\":\"ListItem\",\"position\":6,\"name\":\"Camion de pompiers Gowi pour b\u00e9b\u00e9\"}]},{\"@type\":\"WebSite\",\"@id\":\"https:\\\/\\\/schweizversand.ch\\\/fr\\\/#website\",\"url\":\"https:\\\/\\\/schweizversand.ch\\\/fr\\\/\",\"name\":\"Schweizer Shop f\u00fcr Sport, Spiel und Freizeit\",\"description\":\"Gratisversand ab 50.- (netto), ab eigenem schweizer Lager, Lieferung innert 48h\",\"publisher\":{\"@id\":\"https:\\\/\\\/schweizversand.ch\\\/fr\\\/#organization\"},\"alternateName\":\"Schweizversand.ch\",\"potentialAction\":[{\"@type\":\"SearchAction\",\"target\":{\"@type\":\"EntryPoint\",\"urlTemplate\":\"https:\\\/\\\/schweizversand.ch\\\/fr\\\/?s={search_term_string}\"},\"query-input\":{\"@type\":\"PropertyValueSpecification\",\"valueRequired\":true,\"valueName\":\"search_term_string\"}}],\"inLanguage\":\"fr-FR\"},{\"@type\":\"Organization\",\"@id\":\"https:\\\/\\\/schweizversand.ch\\\/fr\\\/#organization\",\"name\":\"Schweizversand.ch\",\"url\":\"https:\\\/\\\/schweizversand.ch\\\/fr\\\/\",\"logo\":{\"@type\":\"ImageObject\",\"inLanguage\":\"fr-FR\",\"@id\":\"https:\\\/\\\/schweizversand.ch\\\/fr\\\/#\\\/schema\\\/logo\\\/image\\\/\",\"url\":\"https:\\\/\\\/schweizversand.ch\\\/wp-content\\\/uploads\\\/2026\\\/03\\\/Logo_Rund_Final-1.png\",\"contentUrl\":\"https:\\\/\\\/schweizversand.ch\\\/wp-content\\\/uploads\\\/2026\\\/03\\\/Logo_Rund_Final-1.png\",\"width\":404,\"height\":404,\"caption\":\"Schweizversand.ch\"},\"image\":{\"@id\":\"https:\\\/\\\/schweizversand.ch\\\/fr\\\/#\\\/schema\\\/logo\\\/image\\\/\"},\"sameAs\":[\"https:\\\/\\\/www.facebook.com\\\/Schweizversand\",\"https:\\\/\\\/www.instagram.com\\\/schweizversand.ch\\\/\"]}]}<\/script>\n<!-- \/ Yoast SEO plugin. -->","yoast_head_json":{"title":"Gowi Baby-Sized Feuerwehrauto | Jetzt kaufen | Schweizversand.ch","description":"Gowi Baby-Sized Feuerwehrauto g\u00fcnstig kaufen bei Schweizversand.ch. Schnelle Lieferung in der Schweiz. Gratisversand ab CHF 50.","robots":{"index":"index","follow":"follow","max-snippet":"max-snippet:-1","max-image-preview":"max-image-preview:large","max-video-preview":"max-video-preview:-1"},"canonical":"https:\/\/schweizversand.ch\/fr\/produkt\/gowi-baby-sized-feuerwehrauto\/","og_locale":"fr_FR","og_type":"article","og_title":"Gowi Baby-Sized Feuerwehrauto | Jetzt kaufen | Schweizversand.ch","og_description":"Gowi Baby-Sized Feuerwehrauto g\u00fcnstig kaufen bei Schweizversand.ch. Schnelle Lieferung in der Schweiz. Gratisversand ab CHF 50.","og_url":"https:\/\/schweizversand.ch\/fr\/produkt\/gowi-baby-sized-feuerwehrauto\/","og_site_name":"Schweizer Shop f\u00fcr Sport, Spiel und Freizeit","article_publisher":"https:\/\/www.facebook.com\/Schweizversand","article_modified_time":"2026-04-19T00:02:53+00:00","og_image":[{"width":871,"height":1024,"url":"https:\/\/schweizversand.ch\/wp-content\/uploads\/2026\/02\/5471827641.jpg","type":"image\/jpeg"}],"twitter_card":"summary_large_image","twitter_misc":{"Dur\u00e9e de lecture estim\u00e9e":"1 minute"},"schema":{"@context":"https:\/\/schema.org","@graph":[{"@type":"WebPage","@id":"https:\/\/schweizversand.ch\/fr\/produkt\/gowi-baby-sized-feuerwehrauto\/","url":"https:\/\/schweizversand.ch\/fr\/produkt\/gowi-baby-sized-feuerwehrauto\/","name":"Gowi Baby-Sized Feuerwehrauto | Jetzt kaufen | Schweizversand.ch","isPartOf":{"@id":"https:\/\/schweizversand.ch\/fr\/#website"},"primaryImageOfPage":{"@id":"https:\/\/schweizversand.ch\/fr\/produkt\/gowi-baby-sized-feuerwehrauto\/#primaryimage"},"image":{"@id":"https:\/\/schweizversand.ch\/fr\/produkt\/gowi-baby-sized-feuerwehrauto\/#primaryimage"},"thumbnailUrl":"https:\/\/schweizversand.ch\/wp-content\/uploads\/2026\/02\/5471827641.jpg","datePublished":"2026-03-14T22:20:36+00:00","dateModified":"2026-04-19T00:02:53+00:00","description":"Gowi Baby-Sized Feuerwehrauto g\u00fcnstig kaufen bei Schweizversand.ch. Schnelle Lieferung in der Schweiz. Gratisversand ab CHF 50.","breadcrumb":{"@id":"https:\/\/schweizversand.ch\/fr\/produkt\/gowi-baby-sized-feuerwehrauto\/#breadcrumb"},"inLanguage":"fr-FR","potentialAction":[{"@type":"ReadAction","target":["https:\/\/schweizversand.ch\/fr\/produkt\/gowi-baby-sized-feuerwehrauto\/"]}]},{"@type":"ImageObject","inLanguage":"fr-FR","@id":"https:\/\/schweizversand.ch\/fr\/produkt\/gowi-baby-sized-feuerwehrauto\/#primaryimage","url":"https:\/\/schweizversand.ch\/wp-content\/uploads\/2026\/02\/5471827641.jpg","contentUrl":"https:\/\/schweizversand.ch\/wp-content\/uploads\/2026\/02\/5471827641.jpg","width":871,"height":1024},{"@type":"BreadcrumbList","@id":"https:\/\/schweizversand.ch\/fr\/produkt\/gowi-baby-sized-feuerwehrauto\/#breadcrumb","itemListElement":[{"@type":"ListItem","position":1,"name":"Startseite","item":"https:\/\/schweizversand.ch\/fr\/home\/"},{"@type":"ListItem","position":2,"name":"Boutique","item":"https:\/\/schweizversand.ch\/fr\/boutique\/"},{"@type":"ListItem","position":3,"name":"Jouets et jeux","item":"https:\/\/schweizversand.ch\/fr\/produkt-kategorie\/jouets-et-jeux\/"},{"@type":"ListItem","position":4,"name":"V\u00e9hicules miniatures","item":"https:\/\/schweizversand.ch\/fr\/produkt-kategorie\/jouets-et-jeux\/vehicules-miniatures\/"},{"@type":"ListItem","position":5,"name":"Voitures miniatures","item":"https:\/\/schweizversand.ch\/fr\/produkt-kategorie\/jouets-et-jeux\/vehicules-miniatures\/spielzeugauto\/"},{"@type":"ListItem","position":6,"name":"Camion de pompiers Gowi pour b\u00e9b\u00e9"}]},{"@type":"WebSite","@id":"https:\/\/schweizversand.ch\/fr\/#website","url":"https:\/\/schweizversand.ch\/fr\/","name":"Schweizer Shop f\u00fcr Sport, Spiel und Freizeit","description":"Gratisversand ab 50.- (netto), ab eigenem schweizer Lager, Lieferung innert 48h","publisher":{"@id":"https:\/\/schweizversand.ch\/fr\/#organization"},"alternateName":"Schweizversand.ch","potentialAction":[{"@type":"SearchAction","target":{"@type":"EntryPoint","urlTemplate":"https:\/\/schweizversand.ch\/fr\/?s={search_term_string}"},"query-input":{"@type":"PropertyValueSpecification","valueRequired":true,"valueName":"search_term_string"}}],"inLanguage":"fr-FR"},{"@type":"Organization","@id":"https:\/\/schweizversand.ch\/fr\/#organization","name":"Schweizversand.ch","url":"https:\/\/schweizversand.ch\/fr\/","logo":{"@type":"ImageObject","inLanguage":"fr-FR","@id":"https:\/\/schweizversand.ch\/fr\/#\/schema\/logo\/image\/","url":"https:\/\/schweizversand.ch\/wp-content\/uploads\/2026\/03\/Logo_Rund_Final-1.png","contentUrl":"https:\/\/schweizversand.ch\/wp-content\/uploads\/2026\/03\/Logo_Rund_Final-1.png","width":404,"height":404,"caption":"Schweizversand.ch"},"image":{"@id":"https:\/\/schweizversand.ch\/fr\/#\/schema\/logo\/image\/"},"sameAs":["https:\/\/www.facebook.com\/Schweizversand","https:\/\/www.instagram.com\/schweizversand.ch\/"]}]}},"jetpack_sharing_enabled":true,"_links":{"self":[{"href":"https:\/\/schweizversand.ch\/fr\/wp-json\/wp\/v2\/product\/247194","targetHints":{"allow":["GET"]}}],"collection":[{"href":"https:\/\/schweizversand.ch\/fr\/wp-json\/wp\/v2\/product"}],"about":[{"href":"https:\/\/schweizversand.ch\/fr\/wp-json\/wp\/v2\/types\/product"}],"replies":[{"embeddable":true,"href":"https:\/\/schweizversand.ch\/fr\/wp-json\/wp\/v2\/comments?post=247194"}],"wp:featuredmedia":[{"embeddable":true,"href":"https:\/\/schweizversand.ch\/fr\/wp-json\/wp\/v2\/media\/156503"}],"wp:attachment":[{"href":"https:\/\/schweizversand.ch\/fr\/wp-json\/wp\/v2\/media?parent=247194"}],"wp:term":[{"taxonomy":"product_brand","embeddable":true,"href":"https:\/\/schweizversand.ch\/fr\/wp-json\/wp\/v2\/product_brand?post=247194"},{"taxonomy":"product_cat","embeddable":true,"href":"https:\/\/schweizversand.ch\/fr\/wp-json\/wp\/v2\/product_cat?post=247194"},{"taxonomy":"product_tag","embeddable":true,"href":"https:\/\/schweizversand.ch\/fr\/wp-json\/wp\/v2\/product_tag?post=247194"}],"curies":[{"name":"wp","href":"https:\/\/api.w.org\/{rel}","templated":true}]}}