{"id":247233,"date":"2026-03-14T23:20:43","date_gmt":"2026-03-14T22:20:43","guid":{"rendered":"https:\/\/schweizversand.ch\/produkt\/plan-toys-spiel-set-mixer-holz\/"},"modified":"2026-04-26T15:33:18","modified_gmt":"2026-04-26T13:33:18","slug":"plan-toys-spiel-set-mixer-holz","status":"publish","type":"product","link":"https:\/\/schweizversand.ch\/fr\/produkt\/plan-toys-spiel-set-mixer-holz\/","title":{"rendered":"Ensemble de jeu Plan Toys m\u00e9langeur en bois"},"content":{"rendered":"<h1><strong>Ensemble de mixeur en bois PlanToys pour enfants<\/strong><\/h1>\n<div>D\u00e9couvrez un monde d&rsquo;aventures culinaires pour votre enfant avec l&rsquo;ensemble de mixeur en bois PlanToys. Ce charmant mixeur en bois permet aux petits p\u00e2tissiers de concocter de d\u00e9licieuses p\u00e2tes pour tartes, g\u00e2teaux et pizzas en un rien de temps, tout en stimulant leur cr\u00e9ativit\u00e9 de mani\u00e8re ludique.<\/p>\n<\/div>\n<div><strong>Un jouet de cuisine polyvalent<\/strong><br \/>Ce <strong>mixeur en bois pour enfants<\/strong> est non seulement un accessoire de cuisine attrayant pour les <strong>enfants<\/strong>, mais aussi extr\u00eamement fonctionnel. Le mixeur peut \u00eatre d\u00e9tach\u00e9 de son support et utilis\u00e9 comme un <strong>batteur \u00e0 main<\/strong>, rendant les jeux de r\u00f4le en cuisine encore plus r\u00e9alistes. Le fouet pivote \u00e0 360 degr\u00e9s pour un plaisir de jeu authentique. Accessoires complets\u00a0: L&rsquo;ensemble comprend tout ce dont les petits p\u00e2tissiers ont besoin pour leurs cr\u00e9ations. Avec du beurre, un \u0153uf \u00e0 casser, un sachet de farine et une boule de p\u00e2te, votre enfant est parfaitement \u00e9quip\u00e9 pour \u00ab\u00a0cuisiner\u00a0\u00bb des plats imaginatifs. Ce set de mixeur en bois offre des heures de divertissement et stimule l&rsquo;imagination. Production durable\u00a0: En tant que mixeur Plantoys, ce produit est issu d&rsquo;une fabrication responsable. PlanToys utilise des mat\u00e9riaux durables tels que des h\u00e9v\u00e9as anciens qui ne produisent plus de latex et qui seraient normalement br\u00fbl\u00e9s. En achetant ce produit, vous contribuez \u00e0 la protection de l&rsquo;environnement.<\/p>\n<\/div>\n<div><strong>Contenu de la livraison<\/strong><br \/>&#8211; 1 mixeur en bois avec bol<br \/>&#8211; 1 cube de beurre<br \/>&#8211; 1 \u0153uf en bois<br \/>&#8211; 1 sachet de farine en tissu<br \/>&#8211; 1 boule de p\u00e2te en tissu<\/p>\n<\/div>\n<div>Enrichissez la cuisine de jeu de votre enfant avec ce jouet de cuisine en bois de haute qualit\u00e9 et durable et laissez ses r\u00eaves de p\u00e2tisserie devenir r\u00e9alit\u00e9.<\/p>\n<\/div>\n<div><\/div>\n","protected":false},"excerpt":{"rendered":"<p>Ensemble de mixeur en bois PlanToys pour enfants D\u00e9couvrez un monde d&rsquo;aventures culinaires pour votre enfant avec l&rsquo;ensemble de mixeur en bois PlanToys. Ce charmant mixeur en bois permet aux petits p\u00e2tissiers de concocter de d\u00e9licieuses p\u00e2tes pour tartes, g\u00e2teaux et pizzas en un rien de temps, tout en stimulant leur cr\u00e9ativit\u00e9 de mani\u00e8re ludique. Un jouet de cuisine polyvalentCe mixeur en bois pour enfants est non seulement un accessoire de cuisine attrayant pour les&hellip;<\/p>\n","protected":false},"featured_media":156690,"comment_status":"open","ping_status":"closed","template":"","meta":[],"product_brand":[],"product_cat":[38118],"product_tag":[],"class_list":{"0":"post-247233","1":"product","2":"type-product","3":"status-publish","4":"has-post-thumbnail","6":"product_cat-lernspiel","7":"product_shipping_class-global_methods","9":"first","10":"instock","11":"taxable","12":"shipping-taxable","13":"purchasable","14":"product-type-simple"},"yoast_head":"<!-- This site is optimized with the Yoast SEO plugin v27.4 - https:\/\/yoast.com\/product\/yoast-seo-wordpress\/ -->\n<title>Plan Toys Spiel-Set Mixer Holz | Jetzt kaufen | Schweizversand.ch<\/title>\n<meta name=\"description\" content=\"Plan Toys Spiel-Set Mixer Holz g\u00fcnstig kaufen bei Schweizversand.ch. Schnelle Lieferung in der Schweiz. Gratisversand ab CHF 50.\" \/>\n<meta name=\"robots\" content=\"index, follow, max-snippet:-1, max-image-preview:large, max-video-preview:-1\" \/>\n<link rel=\"canonical\" href=\"https:\/\/schweizversand.ch\/fr\/produkt\/plan-toys-spiel-set-mixer-holz\/\" \/>\n<meta property=\"og:locale\" content=\"fr_FR\" \/>\n<meta property=\"og:type\" content=\"article\" \/>\n<meta property=\"og:title\" content=\"Plan Toys Spiel-Set Mixer Holz | Jetzt kaufen | Schweizversand.ch\" \/>\n<meta property=\"og:description\" content=\"Plan Toys Spiel-Set Mixer Holz g\u00fcnstig kaufen bei Schweizversand.ch. Schnelle Lieferung in der Schweiz. Gratisversand ab CHF 50.\" \/>\n<meta property=\"og:url\" content=\"https:\/\/schweizversand.ch\/fr\/produkt\/plan-toys-spiel-set-mixer-holz\/\" \/>\n<meta property=\"og:site_name\" content=\"Schweizer Shop f\u00fcr Sport, Spiel und Freizeit\" \/>\n<meta property=\"article:publisher\" content=\"https:\/\/www.facebook.com\/Schweizversand\" \/>\n<meta property=\"article:modified_time\" content=\"2026-04-26T13:33:18+00:00\" \/>\n<meta property=\"og:image\" content=\"https:\/\/schweizversand.ch\/wp-content\/uploads\/2026\/02\/5507597269.png\" \/>\n\t<meta property=\"og:image:width\" content=\"1024\" \/>\n\t<meta property=\"og:image:height\" content=\"1024\" \/>\n\t<meta property=\"og:image:type\" content=\"image\/png\" \/>\n<meta name=\"twitter:card\" content=\"summary_large_image\" \/>\n<meta name=\"twitter:label1\" content=\"Dur\u00e9e de lecture estim\u00e9e\" \/>\n\t<meta name=\"twitter:data1\" content=\"1 minute\" \/>\n<script type=\"application\/ld+json\" class=\"yoast-schema-graph\">{\"@context\":\"https:\\\/\\\/schema.org\",\"@graph\":[{\"@type\":\"WebPage\",\"@id\":\"https:\\\/\\\/schweizversand.ch\\\/fr\\\/produkt\\\/plan-toys-spiel-set-mixer-holz\\\/\",\"url\":\"https:\\\/\\\/schweizversand.ch\\\/fr\\\/produkt\\\/plan-toys-spiel-set-mixer-holz\\\/\",\"name\":\"Plan Toys Spiel-Set Mixer Holz | Jetzt kaufen | Schweizversand.ch\",\"isPartOf\":{\"@id\":\"https:\\\/\\\/schweizversand.ch\\\/fr\\\/#website\"},\"primaryImageOfPage\":{\"@id\":\"https:\\\/\\\/schweizversand.ch\\\/fr\\\/produkt\\\/plan-toys-spiel-set-mixer-holz\\\/#primaryimage\"},\"image\":{\"@id\":\"https:\\\/\\\/schweizversand.ch\\\/fr\\\/produkt\\\/plan-toys-spiel-set-mixer-holz\\\/#primaryimage\"},\"thumbnailUrl\":\"https:\\\/\\\/schweizversand.ch\\\/wp-content\\\/uploads\\\/2026\\\/02\\\/5507597269.png\",\"datePublished\":\"2026-03-14T22:20:43+00:00\",\"dateModified\":\"2026-04-26T13:33:18+00:00\",\"description\":\"Plan Toys Spiel-Set Mixer Holz g\u00fcnstig kaufen bei Schweizversand.ch. Schnelle Lieferung in der Schweiz. Gratisversand ab CHF 50.\",\"breadcrumb\":{\"@id\":\"https:\\\/\\\/schweizversand.ch\\\/fr\\\/produkt\\\/plan-toys-spiel-set-mixer-holz\\\/#breadcrumb\"},\"inLanguage\":\"fr-FR\",\"potentialAction\":[{\"@type\":\"ReadAction\",\"target\":[\"https:\\\/\\\/schweizversand.ch\\\/fr\\\/produkt\\\/plan-toys-spiel-set-mixer-holz\\\/\"]}]},{\"@type\":\"ImageObject\",\"inLanguage\":\"fr-FR\",\"@id\":\"https:\\\/\\\/schweizversand.ch\\\/fr\\\/produkt\\\/plan-toys-spiel-set-mixer-holz\\\/#primaryimage\",\"url\":\"https:\\\/\\\/schweizversand.ch\\\/wp-content\\\/uploads\\\/2026\\\/02\\\/5507597269.png\",\"contentUrl\":\"https:\\\/\\\/schweizversand.ch\\\/wp-content\\\/uploads\\\/2026\\\/02\\\/5507597269.png\",\"width\":1024,\"height\":1024},{\"@type\":\"BreadcrumbList\",\"@id\":\"https:\\\/\\\/schweizversand.ch\\\/fr\\\/produkt\\\/plan-toys-spiel-set-mixer-holz\\\/#breadcrumb\",\"itemListElement\":[{\"@type\":\"ListItem\",\"position\":1,\"name\":\"Startseite\",\"item\":\"https:\\\/\\\/schweizversand.ch\\\/fr\\\/home\\\/\"},{\"@type\":\"ListItem\",\"position\":2,\"name\":\"Boutique\",\"item\":\"https:\\\/\\\/schweizversand.ch\\\/fr\\\/boutique\\\/\"},{\"@type\":\"ListItem\",\"position\":3,\"name\":\"Jouets et jeux\",\"item\":\"https:\\\/\\\/schweizversand.ch\\\/fr\\\/produkt-kategorie\\\/jouets-et-jeux\\\/\"},{\"@type\":\"ListItem\",\"position\":4,\"name\":\"Jeux et puzzles\",\"item\":\"https:\\\/\\\/schweizversand.ch\\\/fr\\\/produkt-kategorie\\\/jouets-et-jeux\\\/jeux-et-puzzles\\\/\"},{\"@type\":\"ListItem\",\"position\":5,\"name\":\"Jeux \u00e9ducatifs\",\"item\":\"https:\\\/\\\/schweizversand.ch\\\/fr\\\/produkt-kategorie\\\/lernspiel\\\/\"},{\"@type\":\"ListItem\",\"position\":6,\"name\":\"Ensemble de jeu Plan Toys m\u00e9langeur en bois\"}]},{\"@type\":\"WebSite\",\"@id\":\"https:\\\/\\\/schweizversand.ch\\\/fr\\\/#website\",\"url\":\"https:\\\/\\\/schweizversand.ch\\\/fr\\\/\",\"name\":\"Schweizer Shop f\u00fcr Sport, Spiel und Freizeit\",\"description\":\"Gratisversand ab 50.- (netto), ab eigenem schweizer Lager, Lieferung innert 48h\",\"publisher\":{\"@id\":\"https:\\\/\\\/schweizversand.ch\\\/fr\\\/#organization\"},\"alternateName\":\"Schweizversand.ch\",\"potentialAction\":[{\"@type\":\"SearchAction\",\"target\":{\"@type\":\"EntryPoint\",\"urlTemplate\":\"https:\\\/\\\/schweizversand.ch\\\/fr\\\/?s={search_term_string}\"},\"query-input\":{\"@type\":\"PropertyValueSpecification\",\"valueRequired\":true,\"valueName\":\"search_term_string\"}}],\"inLanguage\":\"fr-FR\"},{\"@type\":\"Organization\",\"@id\":\"https:\\\/\\\/schweizversand.ch\\\/fr\\\/#organization\",\"name\":\"Schweizversand.ch\",\"url\":\"https:\\\/\\\/schweizversand.ch\\\/fr\\\/\",\"logo\":{\"@type\":\"ImageObject\",\"inLanguage\":\"fr-FR\",\"@id\":\"https:\\\/\\\/schweizversand.ch\\\/fr\\\/#\\\/schema\\\/logo\\\/image\\\/\",\"url\":\"https:\\\/\\\/schweizversand.ch\\\/wp-content\\\/uploads\\\/2026\\\/03\\\/Logo_Rund_Final-1.png\",\"contentUrl\":\"https:\\\/\\\/schweizversand.ch\\\/wp-content\\\/uploads\\\/2026\\\/03\\\/Logo_Rund_Final-1.png\",\"width\":404,\"height\":404,\"caption\":\"Schweizversand.ch\"},\"image\":{\"@id\":\"https:\\\/\\\/schweizversand.ch\\\/fr\\\/#\\\/schema\\\/logo\\\/image\\\/\"},\"sameAs\":[\"https:\\\/\\\/www.facebook.com\\\/Schweizversand\",\"https:\\\/\\\/www.instagram.com\\\/schweizversand.ch\\\/\"]}]}<\/script>\n<!-- \/ Yoast SEO plugin. -->","yoast_head_json":{"title":"Plan Toys Spiel-Set Mixer Holz | Jetzt kaufen | Schweizversand.ch","description":"Plan Toys Spiel-Set Mixer Holz g\u00fcnstig kaufen bei Schweizversand.ch. Schnelle Lieferung in der Schweiz. Gratisversand ab CHF 50.","robots":{"index":"index","follow":"follow","max-snippet":"max-snippet:-1","max-image-preview":"max-image-preview:large","max-video-preview":"max-video-preview:-1"},"canonical":"https:\/\/schweizversand.ch\/fr\/produkt\/plan-toys-spiel-set-mixer-holz\/","og_locale":"fr_FR","og_type":"article","og_title":"Plan Toys Spiel-Set Mixer Holz | Jetzt kaufen | Schweizversand.ch","og_description":"Plan Toys Spiel-Set Mixer Holz g\u00fcnstig kaufen bei Schweizversand.ch. Schnelle Lieferung in der Schweiz. Gratisversand ab CHF 50.","og_url":"https:\/\/schweizversand.ch\/fr\/produkt\/plan-toys-spiel-set-mixer-holz\/","og_site_name":"Schweizer Shop f\u00fcr Sport, Spiel und Freizeit","article_publisher":"https:\/\/www.facebook.com\/Schweizversand","article_modified_time":"2026-04-26T13:33:18+00:00","og_image":[{"width":1024,"height":1024,"url":"https:\/\/schweizversand.ch\/wp-content\/uploads\/2026\/02\/5507597269.png","type":"image\/png"}],"twitter_card":"summary_large_image","twitter_misc":{"Dur\u00e9e de lecture estim\u00e9e":"1 minute"},"schema":{"@context":"https:\/\/schema.org","@graph":[{"@type":"WebPage","@id":"https:\/\/schweizversand.ch\/fr\/produkt\/plan-toys-spiel-set-mixer-holz\/","url":"https:\/\/schweizversand.ch\/fr\/produkt\/plan-toys-spiel-set-mixer-holz\/","name":"Plan Toys Spiel-Set Mixer Holz | Jetzt kaufen | Schweizversand.ch","isPartOf":{"@id":"https:\/\/schweizversand.ch\/fr\/#website"},"primaryImageOfPage":{"@id":"https:\/\/schweizversand.ch\/fr\/produkt\/plan-toys-spiel-set-mixer-holz\/#primaryimage"},"image":{"@id":"https:\/\/schweizversand.ch\/fr\/produkt\/plan-toys-spiel-set-mixer-holz\/#primaryimage"},"thumbnailUrl":"https:\/\/schweizversand.ch\/wp-content\/uploads\/2026\/02\/5507597269.png","datePublished":"2026-03-14T22:20:43+00:00","dateModified":"2026-04-26T13:33:18+00:00","description":"Plan Toys Spiel-Set Mixer Holz g\u00fcnstig kaufen bei Schweizversand.ch. Schnelle Lieferung in der Schweiz. Gratisversand ab CHF 50.","breadcrumb":{"@id":"https:\/\/schweizversand.ch\/fr\/produkt\/plan-toys-spiel-set-mixer-holz\/#breadcrumb"},"inLanguage":"fr-FR","potentialAction":[{"@type":"ReadAction","target":["https:\/\/schweizversand.ch\/fr\/produkt\/plan-toys-spiel-set-mixer-holz\/"]}]},{"@type":"ImageObject","inLanguage":"fr-FR","@id":"https:\/\/schweizversand.ch\/fr\/produkt\/plan-toys-spiel-set-mixer-holz\/#primaryimage","url":"https:\/\/schweizversand.ch\/wp-content\/uploads\/2026\/02\/5507597269.png","contentUrl":"https:\/\/schweizversand.ch\/wp-content\/uploads\/2026\/02\/5507597269.png","width":1024,"height":1024},{"@type":"BreadcrumbList","@id":"https:\/\/schweizversand.ch\/fr\/produkt\/plan-toys-spiel-set-mixer-holz\/#breadcrumb","itemListElement":[{"@type":"ListItem","position":1,"name":"Startseite","item":"https:\/\/schweizversand.ch\/fr\/home\/"},{"@type":"ListItem","position":2,"name":"Boutique","item":"https:\/\/schweizversand.ch\/fr\/boutique\/"},{"@type":"ListItem","position":3,"name":"Jouets et jeux","item":"https:\/\/schweizversand.ch\/fr\/produkt-kategorie\/jouets-et-jeux\/"},{"@type":"ListItem","position":4,"name":"Jeux et puzzles","item":"https:\/\/schweizversand.ch\/fr\/produkt-kategorie\/jouets-et-jeux\/jeux-et-puzzles\/"},{"@type":"ListItem","position":5,"name":"Jeux \u00e9ducatifs","item":"https:\/\/schweizversand.ch\/fr\/produkt-kategorie\/lernspiel\/"},{"@type":"ListItem","position":6,"name":"Ensemble de jeu Plan Toys m\u00e9langeur en bois"}]},{"@type":"WebSite","@id":"https:\/\/schweizversand.ch\/fr\/#website","url":"https:\/\/schweizversand.ch\/fr\/","name":"Schweizer Shop f\u00fcr Sport, Spiel und Freizeit","description":"Gratisversand ab 50.- (netto), ab eigenem schweizer Lager, Lieferung innert 48h","publisher":{"@id":"https:\/\/schweizversand.ch\/fr\/#organization"},"alternateName":"Schweizversand.ch","potentialAction":[{"@type":"SearchAction","target":{"@type":"EntryPoint","urlTemplate":"https:\/\/schweizversand.ch\/fr\/?s={search_term_string}"},"query-input":{"@type":"PropertyValueSpecification","valueRequired":true,"valueName":"search_term_string"}}],"inLanguage":"fr-FR"},{"@type":"Organization","@id":"https:\/\/schweizversand.ch\/fr\/#organization","name":"Schweizversand.ch","url":"https:\/\/schweizversand.ch\/fr\/","logo":{"@type":"ImageObject","inLanguage":"fr-FR","@id":"https:\/\/schweizversand.ch\/fr\/#\/schema\/logo\/image\/","url":"https:\/\/schweizversand.ch\/wp-content\/uploads\/2026\/03\/Logo_Rund_Final-1.png","contentUrl":"https:\/\/schweizversand.ch\/wp-content\/uploads\/2026\/03\/Logo_Rund_Final-1.png","width":404,"height":404,"caption":"Schweizversand.ch"},"image":{"@id":"https:\/\/schweizversand.ch\/fr\/#\/schema\/logo\/image\/"},"sameAs":["https:\/\/www.facebook.com\/Schweizversand","https:\/\/www.instagram.com\/schweizversand.ch\/"]}]}},"jetpack_sharing_enabled":true,"_links":{"self":[{"href":"https:\/\/schweizversand.ch\/fr\/wp-json\/wp\/v2\/product\/247233","targetHints":{"allow":["GET"]}}],"collection":[{"href":"https:\/\/schweizversand.ch\/fr\/wp-json\/wp\/v2\/product"}],"about":[{"href":"https:\/\/schweizversand.ch\/fr\/wp-json\/wp\/v2\/types\/product"}],"replies":[{"embeddable":true,"href":"https:\/\/schweizversand.ch\/fr\/wp-json\/wp\/v2\/comments?post=247233"}],"wp:featuredmedia":[{"embeddable":true,"href":"https:\/\/schweizversand.ch\/fr\/wp-json\/wp\/v2\/media\/156690"}],"wp:attachment":[{"href":"https:\/\/schweizversand.ch\/fr\/wp-json\/wp\/v2\/media?parent=247233"}],"wp:term":[{"taxonomy":"product_brand","embeddable":true,"href":"https:\/\/schweizversand.ch\/fr\/wp-json\/wp\/v2\/product_brand?post=247233"},{"taxonomy":"product_cat","embeddable":true,"href":"https:\/\/schweizversand.ch\/fr\/wp-json\/wp\/v2\/product_cat?post=247233"},{"taxonomy":"product_tag","embeddable":true,"href":"https:\/\/schweizversand.ch\/fr\/wp-json\/wp\/v2\/product_tag?post=247233"}],"curies":[{"name":"wp","href":"https:\/\/api.w.org\/{rel}","templated":true}]}}