{"id":247235,"date":"2026-03-14T23:20:44","date_gmt":"2026-03-14T22:20:44","guid":{"rendered":"https:\/\/schweizversand.ch\/produkt\/spielba-wohnzimmer-living-room\/"},"modified":"2026-04-19T02:02:54","modified_gmt":"2026-04-19T00:02:54","slug":"spielba-wohnzimmer-living-room","status":"publish","type":"product","link":"https:\/\/schweizversand.ch\/fr\/produkt\/spielba-wohnzimmer-living-room\/","title":{"rendered":"Aire de jeux dans le salon"},"content":{"rendered":"<h1><strong>Mobilier de maison de poup\u00e9e Spielba \u2013 Ensemble de salon<\/strong><\/h1>\n<div>Plongez dans l&rsquo;univers du mobilier de maison de poup\u00e9e Spielba et cr\u00e9ez un int\u00e9rieur \u00e9l\u00e9gant pour vos poup\u00e9es. Cet ensemble de salon complet en bois offre tout le n\u00e9cessaire pour des moments de jeu confortables, tout en stimulant la cr\u00e9ativit\u00e9 et l&rsquo;imagination.<\/p>\n<\/div>\n<div><strong>Jouet en bois de haute qualit\u00e9<\/strong><br \/>L&rsquo;ensemble de salon Spielba impressionne par sa construction robuste en bois massif. Les mat\u00e9riaux durables et sans danger pour les enfants garantissent des heures de jeu et sont id\u00e9aux pour les enfants \u00e0 partir de 3 ans.<\/p>\n<\/div>\n<div><strong>Design r\u00e9aliste et grande valeur ludique<\/strong><br \/>Avec cet ensemble, apportez une touche de modernit\u00e9 \u00e0 n&rsquo;importe quelle maison de poup\u00e9e. Le mobilier d\u00e9taill\u00e9 permet aux enfants de recr\u00e9er des situations du quotidien et de d\u00e9velopper leurs comp\u00e9tences sociales. Les accessoires sont parfaitement adapt\u00e9s aux maisons de poup\u00e9e standard. Cet ensemble complet comprend : un canap\u00e9 confortable, deux fauteuils confortables, une table pratique, un lampadaire \u00e9l\u00e9gant, une t\u00e9l\u00e9vision moderne, un magn\u00e9toscope et un petit meuble TV. L&rsquo;avantage : offrir \u00e0 votre enfant des jouets en bois de haute qualit\u00e9 qui, en plus de l&rsquo;amuser, stimulent sa motricit\u00e9 fine et son imagination. Ce salon est le compl\u00e9ment id\u00e9al de toute maison de poup\u00e9e.<\/p>\n","protected":false},"excerpt":{"rendered":"<p>Mobilier de maison de poup\u00e9e Spielba \u2013 Ensemble de salon Plongez dans l&rsquo;univers du mobilier de maison de poup\u00e9e Spielba et cr\u00e9ez un int\u00e9rieur \u00e9l\u00e9gant pour vos poup\u00e9es. Cet ensemble de salon complet en bois offre tout le n\u00e9cessaire pour des moments de jeu confortables, tout en stimulant la cr\u00e9ativit\u00e9 et l&rsquo;imagination. Jouet en bois de haute qualit\u00e9L&rsquo;ensemble de salon Spielba impressionne par sa construction robuste en bois massif. Les mat\u00e9riaux durables et sans danger&hellip;<\/p>\n","protected":false},"featured_media":156707,"comment_status":"open","ping_status":"closed","template":"","meta":[],"product_brand":[],"product_cat":[38119],"product_tag":[],"class_list":{"0":"post-247235","1":"product","2":"type-product","3":"status-publish","4":"has-post-thumbnail","6":"product_cat-spielsets","7":"product_shipping_class-global_methods","9":"first","10":"instock","11":"taxable","12":"shipping-taxable","13":"purchasable","14":"product-type-simple"},"yoast_head":"<!-- This site is optimized with the Yoast SEO plugin v27.4 - https:\/\/yoast.com\/product\/yoast-seo-wordpress\/ -->\n<title>Spielba Wohnzimmer (Living Room) | Jetzt kaufen | Schweizversand.ch<\/title>\n<meta name=\"description\" content=\"Spielba Wohnzimmer (Living Room) g\u00fcnstig kaufen bei Schweizversand.ch. Schnelle Lieferung in der Schweiz. Gratisversand ab CHF 50.\" \/>\n<meta name=\"robots\" content=\"index, follow, max-snippet:-1, max-image-preview:large, max-video-preview:-1\" \/>\n<link rel=\"canonical\" href=\"https:\/\/schweizversand.ch\/fr\/produkt\/spielba-wohnzimmer-living-room\/\" \/>\n<meta property=\"og:locale\" content=\"fr_FR\" \/>\n<meta property=\"og:type\" content=\"article\" \/>\n<meta property=\"og:title\" content=\"Spielba Wohnzimmer (Living Room) | Jetzt kaufen | Schweizversand.ch\" \/>\n<meta property=\"og:description\" content=\"Spielba Wohnzimmer (Living Room) g\u00fcnstig kaufen bei Schweizversand.ch. Schnelle Lieferung in der Schweiz. Gratisversand ab CHF 50.\" \/>\n<meta property=\"og:url\" content=\"https:\/\/schweizversand.ch\/fr\/produkt\/spielba-wohnzimmer-living-room\/\" \/>\n<meta property=\"og:site_name\" content=\"Schweizer Shop f\u00fcr Sport, Spiel und Freizeit\" \/>\n<meta property=\"article:publisher\" content=\"https:\/\/www.facebook.com\/Schweizversand\" \/>\n<meta property=\"article:modified_time\" content=\"2026-04-19T00:02:54+00:00\" \/>\n<meta property=\"og:image\" content=\"https:\/\/schweizversand.ch\/wp-content\/uploads\/2026\/02\/5472097142.jpg\" \/>\n\t<meta property=\"og:image:width\" content=\"1024\" \/>\n\t<meta property=\"og:image:height\" content=\"1024\" \/>\n\t<meta property=\"og:image:type\" content=\"image\/jpeg\" \/>\n<meta name=\"twitter:card\" content=\"summary_large_image\" \/>\n<meta name=\"twitter:label1\" content=\"Dur\u00e9e de lecture estim\u00e9e\" \/>\n\t<meta name=\"twitter:data1\" content=\"1 minute\" \/>\n<script type=\"application\/ld+json\" class=\"yoast-schema-graph\">{\"@context\":\"https:\\\/\\\/schema.org\",\"@graph\":[{\"@type\":\"WebPage\",\"@id\":\"https:\\\/\\\/schweizversand.ch\\\/fr\\\/produkt\\\/spielba-wohnzimmer-living-room\\\/\",\"url\":\"https:\\\/\\\/schweizversand.ch\\\/fr\\\/produkt\\\/spielba-wohnzimmer-living-room\\\/\",\"name\":\"Spielba Wohnzimmer (Living Room) | Jetzt kaufen | Schweizversand.ch\",\"isPartOf\":{\"@id\":\"https:\\\/\\\/schweizversand.ch\\\/fr\\\/#website\"},\"primaryImageOfPage\":{\"@id\":\"https:\\\/\\\/schweizversand.ch\\\/fr\\\/produkt\\\/spielba-wohnzimmer-living-room\\\/#primaryimage\"},\"image\":{\"@id\":\"https:\\\/\\\/schweizversand.ch\\\/fr\\\/produkt\\\/spielba-wohnzimmer-living-room\\\/#primaryimage\"},\"thumbnailUrl\":\"https:\\\/\\\/schweizversand.ch\\\/wp-content\\\/uploads\\\/2026\\\/02\\\/5472097142.jpg\",\"datePublished\":\"2026-03-14T22:20:44+00:00\",\"dateModified\":\"2026-04-19T00:02:54+00:00\",\"description\":\"Spielba Wohnzimmer (Living Room) g\u00fcnstig kaufen bei Schweizversand.ch. Schnelle Lieferung in der Schweiz. Gratisversand ab CHF 50.\",\"breadcrumb\":{\"@id\":\"https:\\\/\\\/schweizversand.ch\\\/fr\\\/produkt\\\/spielba-wohnzimmer-living-room\\\/#breadcrumb\"},\"inLanguage\":\"fr-FR\",\"potentialAction\":[{\"@type\":\"ReadAction\",\"target\":[\"https:\\\/\\\/schweizversand.ch\\\/fr\\\/produkt\\\/spielba-wohnzimmer-living-room\\\/\"]}]},{\"@type\":\"ImageObject\",\"inLanguage\":\"fr-FR\",\"@id\":\"https:\\\/\\\/schweizversand.ch\\\/fr\\\/produkt\\\/spielba-wohnzimmer-living-room\\\/#primaryimage\",\"url\":\"https:\\\/\\\/schweizversand.ch\\\/wp-content\\\/uploads\\\/2026\\\/02\\\/5472097142.jpg\",\"contentUrl\":\"https:\\\/\\\/schweizversand.ch\\\/wp-content\\\/uploads\\\/2026\\\/02\\\/5472097142.jpg\",\"width\":1024,\"height\":1024},{\"@type\":\"BreadcrumbList\",\"@id\":\"https:\\\/\\\/schweizversand.ch\\\/fr\\\/produkt\\\/spielba-wohnzimmer-living-room\\\/#breadcrumb\",\"itemListElement\":[{\"@type\":\"ListItem\",\"position\":1,\"name\":\"Startseite\",\"item\":\"https:\\\/\\\/schweizversand.ch\\\/fr\\\/home\\\/\"},{\"@type\":\"ListItem\",\"position\":2,\"name\":\"Boutique\",\"item\":\"https:\\\/\\\/schweizversand.ch\\\/fr\\\/boutique\\\/\"},{\"@type\":\"ListItem\",\"position\":3,\"name\":\"B\u00e9b\u00e9 et parents\",\"item\":\"https:\\\/\\\/schweizversand.ch\\\/fr\\\/produkt-kategorie\\\/bebe-et-parents\\\/\"},{\"@type\":\"ListItem\",\"position\":4,\"name\":\"Jouets pour b\u00e9b\u00e9s\",\"item\":\"https:\\\/\\\/schweizversand.ch\\\/fr\\\/produkt-kategorie\\\/bebe-et-parents\\\/jouets-pour-bebes\\\/\"},{\"@type\":\"ListItem\",\"position\":5,\"name\":\"Coffrets de jeu\",\"item\":\"https:\\\/\\\/schweizversand.ch\\\/fr\\\/produkt-kategorie\\\/bebe-et-parents\\\/jouets-pour-bebes\\\/spielsets\\\/\"},{\"@type\":\"ListItem\",\"position\":6,\"name\":\"Aire de jeux dans le salon\"}]},{\"@type\":\"WebSite\",\"@id\":\"https:\\\/\\\/schweizversand.ch\\\/fr\\\/#website\",\"url\":\"https:\\\/\\\/schweizversand.ch\\\/fr\\\/\",\"name\":\"Schweizer Shop f\u00fcr Sport, Spiel und Freizeit\",\"description\":\"Gratisversand ab 50.- (netto), ab eigenem schweizer Lager, Lieferung innert 48h\",\"publisher\":{\"@id\":\"https:\\\/\\\/schweizversand.ch\\\/fr\\\/#organization\"},\"alternateName\":\"Schweizversand.ch\",\"potentialAction\":[{\"@type\":\"SearchAction\",\"target\":{\"@type\":\"EntryPoint\",\"urlTemplate\":\"https:\\\/\\\/schweizversand.ch\\\/fr\\\/?s={search_term_string}\"},\"query-input\":{\"@type\":\"PropertyValueSpecification\",\"valueRequired\":true,\"valueName\":\"search_term_string\"}}],\"inLanguage\":\"fr-FR\"},{\"@type\":\"Organization\",\"@id\":\"https:\\\/\\\/schweizversand.ch\\\/fr\\\/#organization\",\"name\":\"Schweizversand.ch\",\"url\":\"https:\\\/\\\/schweizversand.ch\\\/fr\\\/\",\"logo\":{\"@type\":\"ImageObject\",\"inLanguage\":\"fr-FR\",\"@id\":\"https:\\\/\\\/schweizversand.ch\\\/fr\\\/#\\\/schema\\\/logo\\\/image\\\/\",\"url\":\"https:\\\/\\\/schweizversand.ch\\\/wp-content\\\/uploads\\\/2026\\\/03\\\/Logo_Rund_Final-1.png\",\"contentUrl\":\"https:\\\/\\\/schweizversand.ch\\\/wp-content\\\/uploads\\\/2026\\\/03\\\/Logo_Rund_Final-1.png\",\"width\":404,\"height\":404,\"caption\":\"Schweizversand.ch\"},\"image\":{\"@id\":\"https:\\\/\\\/schweizversand.ch\\\/fr\\\/#\\\/schema\\\/logo\\\/image\\\/\"},\"sameAs\":[\"https:\\\/\\\/www.facebook.com\\\/Schweizversand\",\"https:\\\/\\\/www.instagram.com\\\/schweizversand.ch\\\/\"]}]}<\/script>\n<!-- \/ Yoast SEO plugin. -->","yoast_head_json":{"title":"Spielba Wohnzimmer (Living Room) | Jetzt kaufen | Schweizversand.ch","description":"Spielba Wohnzimmer (Living Room) g\u00fcnstig kaufen bei Schweizversand.ch. Schnelle Lieferung in der Schweiz. Gratisversand ab CHF 50.","robots":{"index":"index","follow":"follow","max-snippet":"max-snippet:-1","max-image-preview":"max-image-preview:large","max-video-preview":"max-video-preview:-1"},"canonical":"https:\/\/schweizversand.ch\/fr\/produkt\/spielba-wohnzimmer-living-room\/","og_locale":"fr_FR","og_type":"article","og_title":"Spielba Wohnzimmer (Living Room) | Jetzt kaufen | Schweizversand.ch","og_description":"Spielba Wohnzimmer (Living Room) g\u00fcnstig kaufen bei Schweizversand.ch. Schnelle Lieferung in der Schweiz. Gratisversand ab CHF 50.","og_url":"https:\/\/schweizversand.ch\/fr\/produkt\/spielba-wohnzimmer-living-room\/","og_site_name":"Schweizer Shop f\u00fcr Sport, Spiel und Freizeit","article_publisher":"https:\/\/www.facebook.com\/Schweizversand","article_modified_time":"2026-04-19T00:02:54+00:00","og_image":[{"width":1024,"height":1024,"url":"https:\/\/schweizversand.ch\/wp-content\/uploads\/2026\/02\/5472097142.jpg","type":"image\/jpeg"}],"twitter_card":"summary_large_image","twitter_misc":{"Dur\u00e9e de lecture estim\u00e9e":"1 minute"},"schema":{"@context":"https:\/\/schema.org","@graph":[{"@type":"WebPage","@id":"https:\/\/schweizversand.ch\/fr\/produkt\/spielba-wohnzimmer-living-room\/","url":"https:\/\/schweizversand.ch\/fr\/produkt\/spielba-wohnzimmer-living-room\/","name":"Spielba Wohnzimmer (Living Room) | Jetzt kaufen | Schweizversand.ch","isPartOf":{"@id":"https:\/\/schweizversand.ch\/fr\/#website"},"primaryImageOfPage":{"@id":"https:\/\/schweizversand.ch\/fr\/produkt\/spielba-wohnzimmer-living-room\/#primaryimage"},"image":{"@id":"https:\/\/schweizversand.ch\/fr\/produkt\/spielba-wohnzimmer-living-room\/#primaryimage"},"thumbnailUrl":"https:\/\/schweizversand.ch\/wp-content\/uploads\/2026\/02\/5472097142.jpg","datePublished":"2026-03-14T22:20:44+00:00","dateModified":"2026-04-19T00:02:54+00:00","description":"Spielba Wohnzimmer (Living Room) g\u00fcnstig kaufen bei Schweizversand.ch. Schnelle Lieferung in der Schweiz. Gratisversand ab CHF 50.","breadcrumb":{"@id":"https:\/\/schweizversand.ch\/fr\/produkt\/spielba-wohnzimmer-living-room\/#breadcrumb"},"inLanguage":"fr-FR","potentialAction":[{"@type":"ReadAction","target":["https:\/\/schweizversand.ch\/fr\/produkt\/spielba-wohnzimmer-living-room\/"]}]},{"@type":"ImageObject","inLanguage":"fr-FR","@id":"https:\/\/schweizversand.ch\/fr\/produkt\/spielba-wohnzimmer-living-room\/#primaryimage","url":"https:\/\/schweizversand.ch\/wp-content\/uploads\/2026\/02\/5472097142.jpg","contentUrl":"https:\/\/schweizversand.ch\/wp-content\/uploads\/2026\/02\/5472097142.jpg","width":1024,"height":1024},{"@type":"BreadcrumbList","@id":"https:\/\/schweizversand.ch\/fr\/produkt\/spielba-wohnzimmer-living-room\/#breadcrumb","itemListElement":[{"@type":"ListItem","position":1,"name":"Startseite","item":"https:\/\/schweizversand.ch\/fr\/home\/"},{"@type":"ListItem","position":2,"name":"Boutique","item":"https:\/\/schweizversand.ch\/fr\/boutique\/"},{"@type":"ListItem","position":3,"name":"B\u00e9b\u00e9 et parents","item":"https:\/\/schweizversand.ch\/fr\/produkt-kategorie\/bebe-et-parents\/"},{"@type":"ListItem","position":4,"name":"Jouets pour b\u00e9b\u00e9s","item":"https:\/\/schweizversand.ch\/fr\/produkt-kategorie\/bebe-et-parents\/jouets-pour-bebes\/"},{"@type":"ListItem","position":5,"name":"Coffrets de jeu","item":"https:\/\/schweizversand.ch\/fr\/produkt-kategorie\/bebe-et-parents\/jouets-pour-bebes\/spielsets\/"},{"@type":"ListItem","position":6,"name":"Aire de jeux dans le salon"}]},{"@type":"WebSite","@id":"https:\/\/schweizversand.ch\/fr\/#website","url":"https:\/\/schweizversand.ch\/fr\/","name":"Schweizer Shop f\u00fcr Sport, Spiel und Freizeit","description":"Gratisversand ab 50.- (netto), ab eigenem schweizer Lager, Lieferung innert 48h","publisher":{"@id":"https:\/\/schweizversand.ch\/fr\/#organization"},"alternateName":"Schweizversand.ch","potentialAction":[{"@type":"SearchAction","target":{"@type":"EntryPoint","urlTemplate":"https:\/\/schweizversand.ch\/fr\/?s={search_term_string}"},"query-input":{"@type":"PropertyValueSpecification","valueRequired":true,"valueName":"search_term_string"}}],"inLanguage":"fr-FR"},{"@type":"Organization","@id":"https:\/\/schweizversand.ch\/fr\/#organization","name":"Schweizversand.ch","url":"https:\/\/schweizversand.ch\/fr\/","logo":{"@type":"ImageObject","inLanguage":"fr-FR","@id":"https:\/\/schweizversand.ch\/fr\/#\/schema\/logo\/image\/","url":"https:\/\/schweizversand.ch\/wp-content\/uploads\/2026\/03\/Logo_Rund_Final-1.png","contentUrl":"https:\/\/schweizversand.ch\/wp-content\/uploads\/2026\/03\/Logo_Rund_Final-1.png","width":404,"height":404,"caption":"Schweizversand.ch"},"image":{"@id":"https:\/\/schweizversand.ch\/fr\/#\/schema\/logo\/image\/"},"sameAs":["https:\/\/www.facebook.com\/Schweizversand","https:\/\/www.instagram.com\/schweizversand.ch\/"]}]}},"jetpack_sharing_enabled":true,"_links":{"self":[{"href":"https:\/\/schweizversand.ch\/fr\/wp-json\/wp\/v2\/product\/247235","targetHints":{"allow":["GET"]}}],"collection":[{"href":"https:\/\/schweizversand.ch\/fr\/wp-json\/wp\/v2\/product"}],"about":[{"href":"https:\/\/schweizversand.ch\/fr\/wp-json\/wp\/v2\/types\/product"}],"replies":[{"embeddable":true,"href":"https:\/\/schweizversand.ch\/fr\/wp-json\/wp\/v2\/comments?post=247235"}],"wp:featuredmedia":[{"embeddable":true,"href":"https:\/\/schweizversand.ch\/fr\/wp-json\/wp\/v2\/media\/156707"}],"wp:attachment":[{"href":"https:\/\/schweizversand.ch\/fr\/wp-json\/wp\/v2\/media?parent=247235"}],"wp:term":[{"taxonomy":"product_brand","embeddable":true,"href":"https:\/\/schweizversand.ch\/fr\/wp-json\/wp\/v2\/product_brand?post=247235"},{"taxonomy":"product_cat","embeddable":true,"href":"https:\/\/schweizversand.ch\/fr\/wp-json\/wp\/v2\/product_cat?post=247235"},{"taxonomy":"product_tag","embeddable":true,"href":"https:\/\/schweizversand.ch\/fr\/wp-json\/wp\/v2\/product_tag?post=247235"}],"curies":[{"name":"wp","href":"https:\/\/api.w.org\/{rel}","templated":true}]}}