{"id":247248,"date":"2026-03-14T23:20:46","date_gmt":"2026-03-14T22:20:46","guid":{"rendered":"https:\/\/schweizversand.ch\/produkt\/fx-tools-arbeitshandschuhe-6-paar\/"},"modified":"2026-04-20T02:02:47","modified_gmt":"2026-04-20T00:02:47","slug":"fx-tools-arbeitshandschuhe-6-paar","status":"publish","type":"product","link":"https:\/\/schweizversand.ch\/fr\/produkt\/fx-tools-arbeitshandschuhe-6-paar\/","title":{"rendered":"Gants de travail FX Tools, 6 paires"},"content":{"rendered":"<p>Gants de travail robustes (lot de 6) \u2013 Gants en nitrile EXCELLENT pour une protection fiable<\/p>\n<p>Ce lot de 6 gants de travail en nitrile EXCELLENT offre une protection optimale pour les travaux manuels en atelier, au jardin ou sur les chantiers. Fabriqu\u00e9s en polyester r\u00e9sistant de calibre 13, ces gants sont dot\u00e9s d&rsquo;un rev\u00eatement en nitrile noir antid\u00e9rapant sur les paumes pour une prise en main s\u00fbre. Leur conception ergonomique assure un confort optimal et une grande libert\u00e9 de mouvement. Leur couleur rouge et noire permet une visibilit\u00e9 imm\u00e9diate. Certifi\u00e9s CE, ils r\u00e9pondent aux normes de s\u00e9curit\u00e9 europ\u00e9ennes. Id\u00e9aux pour les bricoleurs et les professionnels\u00a0: souples, r\u00e9sistants et fiables.<\/p>\n<p>Commandez d\u00e8s maintenant vos gants de protection polyvalents pour toutes vos activit\u00e9s\u00a0!<\/p>\n","protected":false},"excerpt":{"rendered":"<p>Gants de travail robustes (lot de 6) \u2013 Gants en nitrile EXCELLENT pour une protection fiable Ce lot de 6 gants de travail en nitrile EXCELLENT offre une protection optimale pour les travaux manuels en atelier, au jardin ou sur les chantiers. Fabriqu\u00e9s en polyester r\u00e9sistant de calibre 13, ces gants sont dot\u00e9s d&rsquo;un rev\u00eatement en nitrile noir antid\u00e9rapant sur les paumes pour une prise en main s\u00fbre. Leur conception ergonomique assure un confort optimal&hellip;<\/p>\n","protected":false},"featured_media":156743,"comment_status":"open","ping_status":"closed","template":"","meta":[],"product_brand":[],"product_cat":[38132],"product_tag":[],"class_list":{"0":"post-247248","1":"product","2":"type-product","3":"status-publish","4":"has-post-thumbnail","6":"product_cat-diverses","7":"product_shipping_class-global_methods","9":"first","10":"instock","11":"taxable","12":"shipping-taxable","13":"purchasable","14":"product-type-simple"},"yoast_head":"<!-- This site is optimized with the Yoast SEO plugin v27.4 - https:\/\/yoast.com\/product\/yoast-seo-wordpress\/ -->\n<title>FX Tools Arbeitshandschuhe, 6 Paar | Jetzt kaufen | Schweizversand.ch<\/title>\n<meta name=\"description\" content=\"FX Tools Arbeitshandschuhe, 6 Paar g\u00fcnstig kaufen bei Schweizversand.ch. Schnelle Lieferung in der Schweiz. Gratisversand ab CHF 50.\" \/>\n<meta name=\"robots\" content=\"index, follow, max-snippet:-1, max-image-preview:large, max-video-preview:-1\" \/>\n<link rel=\"canonical\" href=\"https:\/\/schweizversand.ch\/fr\/produkt\/fx-tools-arbeitshandschuhe-6-paar\/\" \/>\n<meta property=\"og:locale\" content=\"fr_FR\" \/>\n<meta property=\"og:type\" content=\"article\" \/>\n<meta property=\"og:title\" content=\"FX Tools Arbeitshandschuhe, 6 Paar | Jetzt kaufen | Schweizversand.ch\" \/>\n<meta property=\"og:description\" content=\"FX Tools Arbeitshandschuhe, 6 Paar g\u00fcnstig kaufen bei Schweizversand.ch. Schnelle Lieferung in der Schweiz. Gratisversand ab CHF 50.\" \/>\n<meta property=\"og:url\" content=\"https:\/\/schweizversand.ch\/fr\/produkt\/fx-tools-arbeitshandschuhe-6-paar\/\" \/>\n<meta property=\"og:site_name\" content=\"Schweizer Shop f\u00fcr Sport, Spiel und Freizeit\" \/>\n<meta property=\"article:publisher\" content=\"https:\/\/www.facebook.com\/Schweizversand\" \/>\n<meta property=\"article:modified_time\" content=\"2026-04-20T00:02:47+00:00\" \/>\n<meta property=\"og:image\" content=\"https:\/\/schweizversand.ch\/wp-content\/uploads\/2026\/02\/5471887960.jpg\" \/>\n\t<meta property=\"og:image:width\" content=\"594\" \/>\n\t<meta property=\"og:image:height\" content=\"1024\" \/>\n\t<meta property=\"og:image:type\" content=\"image\/jpeg\" \/>\n<meta name=\"twitter:card\" content=\"summary_large_image\" \/>\n<meta name=\"twitter:label1\" content=\"Dur\u00e9e de lecture estim\u00e9e\" \/>\n\t<meta name=\"twitter:data1\" content=\"1 minute\" \/>\n<script type=\"application\/ld+json\" class=\"yoast-schema-graph\">{\"@context\":\"https:\\\/\\\/schema.org\",\"@graph\":[{\"@type\":\"WebPage\",\"@id\":\"https:\\\/\\\/schweizversand.ch\\\/fr\\\/produkt\\\/fx-tools-arbeitshandschuhe-6-paar\\\/\",\"url\":\"https:\\\/\\\/schweizversand.ch\\\/fr\\\/produkt\\\/fx-tools-arbeitshandschuhe-6-paar\\\/\",\"name\":\"FX Tools Arbeitshandschuhe, 6 Paar | Jetzt kaufen | Schweizversand.ch\",\"isPartOf\":{\"@id\":\"https:\\\/\\\/schweizversand.ch\\\/fr\\\/#website\"},\"primaryImageOfPage\":{\"@id\":\"https:\\\/\\\/schweizversand.ch\\\/fr\\\/produkt\\\/fx-tools-arbeitshandschuhe-6-paar\\\/#primaryimage\"},\"image\":{\"@id\":\"https:\\\/\\\/schweizversand.ch\\\/fr\\\/produkt\\\/fx-tools-arbeitshandschuhe-6-paar\\\/#primaryimage\"},\"thumbnailUrl\":\"https:\\\/\\\/schweizversand.ch\\\/wp-content\\\/uploads\\\/2026\\\/02\\\/5471887960.jpg\",\"datePublished\":\"2026-03-14T22:20:46+00:00\",\"dateModified\":\"2026-04-20T00:02:47+00:00\",\"description\":\"FX Tools Arbeitshandschuhe, 6 Paar g\u00fcnstig kaufen bei Schweizversand.ch. Schnelle Lieferung in der Schweiz. Gratisversand ab CHF 50.\",\"breadcrumb\":{\"@id\":\"https:\\\/\\\/schweizversand.ch\\\/fr\\\/produkt\\\/fx-tools-arbeitshandschuhe-6-paar\\\/#breadcrumb\"},\"inLanguage\":\"fr-FR\",\"potentialAction\":[{\"@type\":\"ReadAction\",\"target\":[\"https:\\\/\\\/schweizversand.ch\\\/fr\\\/produkt\\\/fx-tools-arbeitshandschuhe-6-paar\\\/\"]}]},{\"@type\":\"ImageObject\",\"inLanguage\":\"fr-FR\",\"@id\":\"https:\\\/\\\/schweizversand.ch\\\/fr\\\/produkt\\\/fx-tools-arbeitshandschuhe-6-paar\\\/#primaryimage\",\"url\":\"https:\\\/\\\/schweizversand.ch\\\/wp-content\\\/uploads\\\/2026\\\/02\\\/5471887960.jpg\",\"contentUrl\":\"https:\\\/\\\/schweizversand.ch\\\/wp-content\\\/uploads\\\/2026\\\/02\\\/5471887960.jpg\",\"width\":594,\"height\":1024},{\"@type\":\"BreadcrumbList\",\"@id\":\"https:\\\/\\\/schweizversand.ch\\\/fr\\\/produkt\\\/fx-tools-arbeitshandschuhe-6-paar\\\/#breadcrumb\",\"itemListElement\":[{\"@type\":\"ListItem\",\"position\":1,\"name\":\"Startseite\",\"item\":\"https:\\\/\\\/schweizversand.ch\\\/fr\\\/home\\\/\"},{\"@type\":\"ListItem\",\"position\":2,\"name\":\"Boutique\",\"item\":\"https:\\\/\\\/schweizversand.ch\\\/fr\\\/boutique\\\/\"},{\"@type\":\"ListItem\",\"position\":3,\"name\":\"Maison et jardin\",\"item\":\"https:\\\/\\\/schweizversand.ch\\\/fr\\\/produkt-kategorie\\\/maison-et-jardin\\\/\"},{\"@type\":\"ListItem\",\"position\":4,\"name\":\"Outils et atelier\",\"item\":\"https:\\\/\\\/schweizversand.ch\\\/fr\\\/produkt-kategorie\\\/maison-et-jardin\\\/outils-et-atelier\\\/\"},{\"@type\":\"ListItem\",\"position\":5,\"name\":\"Divers\",\"item\":\"https:\\\/\\\/schweizversand.ch\\\/fr\\\/produkt-kategorie\\\/maison-et-jardin\\\/outils-et-atelier\\\/diverses\\\/\"},{\"@type\":\"ListItem\",\"position\":6,\"name\":\"Gants de travail FX Tools, 6 paires\"}]},{\"@type\":\"WebSite\",\"@id\":\"https:\\\/\\\/schweizversand.ch\\\/fr\\\/#website\",\"url\":\"https:\\\/\\\/schweizversand.ch\\\/fr\\\/\",\"name\":\"Schweizer Shop f\u00fcr Sport, Spiel und Freizeit\",\"description\":\"Gratisversand ab 50.- (netto), ab eigenem schweizer Lager, Lieferung innert 48h\",\"publisher\":{\"@id\":\"https:\\\/\\\/schweizversand.ch\\\/fr\\\/#organization\"},\"alternateName\":\"Schweizversand.ch\",\"potentialAction\":[{\"@type\":\"SearchAction\",\"target\":{\"@type\":\"EntryPoint\",\"urlTemplate\":\"https:\\\/\\\/schweizversand.ch\\\/fr\\\/?s={search_term_string}\"},\"query-input\":{\"@type\":\"PropertyValueSpecification\",\"valueRequired\":true,\"valueName\":\"search_term_string\"}}],\"inLanguage\":\"fr-FR\"},{\"@type\":\"Organization\",\"@id\":\"https:\\\/\\\/schweizversand.ch\\\/fr\\\/#organization\",\"name\":\"Schweizversand.ch\",\"url\":\"https:\\\/\\\/schweizversand.ch\\\/fr\\\/\",\"logo\":{\"@type\":\"ImageObject\",\"inLanguage\":\"fr-FR\",\"@id\":\"https:\\\/\\\/schweizversand.ch\\\/fr\\\/#\\\/schema\\\/logo\\\/image\\\/\",\"url\":\"https:\\\/\\\/schweizversand.ch\\\/wp-content\\\/uploads\\\/2026\\\/03\\\/Logo_Rund_Final-1.png\",\"contentUrl\":\"https:\\\/\\\/schweizversand.ch\\\/wp-content\\\/uploads\\\/2026\\\/03\\\/Logo_Rund_Final-1.png\",\"width\":404,\"height\":404,\"caption\":\"Schweizversand.ch\"},\"image\":{\"@id\":\"https:\\\/\\\/schweizversand.ch\\\/fr\\\/#\\\/schema\\\/logo\\\/image\\\/\"},\"sameAs\":[\"https:\\\/\\\/www.facebook.com\\\/Schweizversand\",\"https:\\\/\\\/www.instagram.com\\\/schweizversand.ch\\\/\"]}]}<\/script>\n<!-- \/ Yoast SEO plugin. -->","yoast_head_json":{"title":"FX Tools Arbeitshandschuhe, 6 Paar | Jetzt kaufen | Schweizversand.ch","description":"FX Tools Arbeitshandschuhe, 6 Paar g\u00fcnstig kaufen bei Schweizversand.ch. Schnelle Lieferung in der Schweiz. Gratisversand ab CHF 50.","robots":{"index":"index","follow":"follow","max-snippet":"max-snippet:-1","max-image-preview":"max-image-preview:large","max-video-preview":"max-video-preview:-1"},"canonical":"https:\/\/schweizversand.ch\/fr\/produkt\/fx-tools-arbeitshandschuhe-6-paar\/","og_locale":"fr_FR","og_type":"article","og_title":"FX Tools Arbeitshandschuhe, 6 Paar | Jetzt kaufen | Schweizversand.ch","og_description":"FX Tools Arbeitshandschuhe, 6 Paar g\u00fcnstig kaufen bei Schweizversand.ch. Schnelle Lieferung in der Schweiz. Gratisversand ab CHF 50.","og_url":"https:\/\/schweizversand.ch\/fr\/produkt\/fx-tools-arbeitshandschuhe-6-paar\/","og_site_name":"Schweizer Shop f\u00fcr Sport, Spiel und Freizeit","article_publisher":"https:\/\/www.facebook.com\/Schweizversand","article_modified_time":"2026-04-20T00:02:47+00:00","og_image":[{"width":594,"height":1024,"url":"https:\/\/schweizversand.ch\/wp-content\/uploads\/2026\/02\/5471887960.jpg","type":"image\/jpeg"}],"twitter_card":"summary_large_image","twitter_misc":{"Dur\u00e9e de lecture estim\u00e9e":"1 minute"},"schema":{"@context":"https:\/\/schema.org","@graph":[{"@type":"WebPage","@id":"https:\/\/schweizversand.ch\/fr\/produkt\/fx-tools-arbeitshandschuhe-6-paar\/","url":"https:\/\/schweizversand.ch\/fr\/produkt\/fx-tools-arbeitshandschuhe-6-paar\/","name":"FX Tools Arbeitshandschuhe, 6 Paar | Jetzt kaufen | Schweizversand.ch","isPartOf":{"@id":"https:\/\/schweizversand.ch\/fr\/#website"},"primaryImageOfPage":{"@id":"https:\/\/schweizversand.ch\/fr\/produkt\/fx-tools-arbeitshandschuhe-6-paar\/#primaryimage"},"image":{"@id":"https:\/\/schweizversand.ch\/fr\/produkt\/fx-tools-arbeitshandschuhe-6-paar\/#primaryimage"},"thumbnailUrl":"https:\/\/schweizversand.ch\/wp-content\/uploads\/2026\/02\/5471887960.jpg","datePublished":"2026-03-14T22:20:46+00:00","dateModified":"2026-04-20T00:02:47+00:00","description":"FX Tools Arbeitshandschuhe, 6 Paar g\u00fcnstig kaufen bei Schweizversand.ch. Schnelle Lieferung in der Schweiz. Gratisversand ab CHF 50.","breadcrumb":{"@id":"https:\/\/schweizversand.ch\/fr\/produkt\/fx-tools-arbeitshandschuhe-6-paar\/#breadcrumb"},"inLanguage":"fr-FR","potentialAction":[{"@type":"ReadAction","target":["https:\/\/schweizversand.ch\/fr\/produkt\/fx-tools-arbeitshandschuhe-6-paar\/"]}]},{"@type":"ImageObject","inLanguage":"fr-FR","@id":"https:\/\/schweizversand.ch\/fr\/produkt\/fx-tools-arbeitshandschuhe-6-paar\/#primaryimage","url":"https:\/\/schweizversand.ch\/wp-content\/uploads\/2026\/02\/5471887960.jpg","contentUrl":"https:\/\/schweizversand.ch\/wp-content\/uploads\/2026\/02\/5471887960.jpg","width":594,"height":1024},{"@type":"BreadcrumbList","@id":"https:\/\/schweizversand.ch\/fr\/produkt\/fx-tools-arbeitshandschuhe-6-paar\/#breadcrumb","itemListElement":[{"@type":"ListItem","position":1,"name":"Startseite","item":"https:\/\/schweizversand.ch\/fr\/home\/"},{"@type":"ListItem","position":2,"name":"Boutique","item":"https:\/\/schweizversand.ch\/fr\/boutique\/"},{"@type":"ListItem","position":3,"name":"Maison et jardin","item":"https:\/\/schweizversand.ch\/fr\/produkt-kategorie\/maison-et-jardin\/"},{"@type":"ListItem","position":4,"name":"Outils et atelier","item":"https:\/\/schweizversand.ch\/fr\/produkt-kategorie\/maison-et-jardin\/outils-et-atelier\/"},{"@type":"ListItem","position":5,"name":"Divers","item":"https:\/\/schweizversand.ch\/fr\/produkt-kategorie\/maison-et-jardin\/outils-et-atelier\/diverses\/"},{"@type":"ListItem","position":6,"name":"Gants de travail FX Tools, 6 paires"}]},{"@type":"WebSite","@id":"https:\/\/schweizversand.ch\/fr\/#website","url":"https:\/\/schweizversand.ch\/fr\/","name":"Schweizer Shop f\u00fcr Sport, Spiel und Freizeit","description":"Gratisversand ab 50.- (netto), ab eigenem schweizer Lager, Lieferung innert 48h","publisher":{"@id":"https:\/\/schweizversand.ch\/fr\/#organization"},"alternateName":"Schweizversand.ch","potentialAction":[{"@type":"SearchAction","target":{"@type":"EntryPoint","urlTemplate":"https:\/\/schweizversand.ch\/fr\/?s={search_term_string}"},"query-input":{"@type":"PropertyValueSpecification","valueRequired":true,"valueName":"search_term_string"}}],"inLanguage":"fr-FR"},{"@type":"Organization","@id":"https:\/\/schweizversand.ch\/fr\/#organization","name":"Schweizversand.ch","url":"https:\/\/schweizversand.ch\/fr\/","logo":{"@type":"ImageObject","inLanguage":"fr-FR","@id":"https:\/\/schweizversand.ch\/fr\/#\/schema\/logo\/image\/","url":"https:\/\/schweizversand.ch\/wp-content\/uploads\/2026\/03\/Logo_Rund_Final-1.png","contentUrl":"https:\/\/schweizversand.ch\/wp-content\/uploads\/2026\/03\/Logo_Rund_Final-1.png","width":404,"height":404,"caption":"Schweizversand.ch"},"image":{"@id":"https:\/\/schweizversand.ch\/fr\/#\/schema\/logo\/image\/"},"sameAs":["https:\/\/www.facebook.com\/Schweizversand","https:\/\/www.instagram.com\/schweizversand.ch\/"]}]}},"jetpack_sharing_enabled":true,"_links":{"self":[{"href":"https:\/\/schweizversand.ch\/fr\/wp-json\/wp\/v2\/product\/247248","targetHints":{"allow":["GET"]}}],"collection":[{"href":"https:\/\/schweizversand.ch\/fr\/wp-json\/wp\/v2\/product"}],"about":[{"href":"https:\/\/schweizversand.ch\/fr\/wp-json\/wp\/v2\/types\/product"}],"replies":[{"embeddable":true,"href":"https:\/\/schweizversand.ch\/fr\/wp-json\/wp\/v2\/comments?post=247248"}],"wp:featuredmedia":[{"embeddable":true,"href":"https:\/\/schweizversand.ch\/fr\/wp-json\/wp\/v2\/media\/156743"}],"wp:attachment":[{"href":"https:\/\/schweizversand.ch\/fr\/wp-json\/wp\/v2\/media?parent=247248"}],"wp:term":[{"taxonomy":"product_brand","embeddable":true,"href":"https:\/\/schweizversand.ch\/fr\/wp-json\/wp\/v2\/product_brand?post=247248"},{"taxonomy":"product_cat","embeddable":true,"href":"https:\/\/schweizversand.ch\/fr\/wp-json\/wp\/v2\/product_cat?post=247248"},{"taxonomy":"product_tag","embeddable":true,"href":"https:\/\/schweizversand.ch\/fr\/wp-json\/wp\/v2\/product_tag?post=247248"}],"curies":[{"name":"wp","href":"https:\/\/api.w.org\/{rel}","templated":true}]}}