{"id":247272,"date":"2026-03-14T23:21:35","date_gmt":"2026-03-14T22:21:35","guid":{"rendered":"https:\/\/schweizversand.ch\/produkt\/nic-fuer-die-spielkueche-salatsieb\/"},"modified":"2026-04-19T02:05:20","modified_gmt":"2026-04-19T00:05:20","slug":"nic-fuer-die-spielkueche-salatsieb","status":"publish","type":"product","link":"https:\/\/schweizversand.ch\/fr\/produkt\/nic-fuer-die-spielkueche-salatsieb\/","title":{"rendered":"Nic Pour la cuisine de jeu \u00ab Passoire \u00e0 salade \u00bb"},"content":{"rendered":"<h1><strong>Passoire \u00e0 salade en acier inoxydable pour enfants \u2013 Accessoire de cuisine pour enfants<\/strong><\/h1>\n<div>Plongez dans l&rsquo;univers de la cuisine cr\u00e9ative\u00a0! Cette passoire \u00e0 salade de haute qualit\u00e9 est l&rsquo;accessoire de cuisine id\u00e9al pour enrichir le jeu de r\u00f4le de vos petits gourmets et leur offrir une exp\u00e9rience de jeu authentique.<\/p>\n<\/div>\n<div><strong>Des heures de jeu authentiques et amusantes<\/strong><br \/>Ce jouet de cuisine pour enfants a \u00e9t\u00e9 sp\u00e9cialement con\u00e7u pour les petites mains. Avec cette cuisine en acier inoxydable, les enfants peuvent d\u00e9velopper leurs comp\u00e9tences culinaires et apprendre \u00e0 pr\u00e9parer des aliments tout en s&rsquo;amusant. Sa conception d\u00e9taill\u00e9e favorise la motricit\u00e9 fine et stimule l&rsquo;imagination.<\/p>\n<\/div>\n<div><strong>Qualit\u00e9 et s\u00e9curit\u00e9<\/strong><br \/>Nous accordons une grande importance \u00e0 la robustesse et \u00e0 la s\u00e9curit\u00e9. Cette passoire de 11\u00a0cm est fabriqu\u00e9e en acier inoxydable durable qui r\u00e9sistera m\u00eame aux jeux les plus intenses dans la cuisine pour enfants. S\u00fbr et stable, ce jouet vous permet de laisser votre enfant s&rsquo;amuser en toute tranquillit\u00e9.<\/p>\n<\/div>\n<div><strong>D\u00e9tails et dimensions du produit<\/strong><br \/>&#8211; Mat\u00e9riau\u00a0: Acier inoxydable de haute qualit\u00e9<\/strong><br \/>&#8211; Taille\u00a0: Environ 11\u00a0cm de diam\u00e8tre (passoire jouet de 11\u00a0cm)<br \/>&#8211; \u00c2ge recommand\u00e9\u00a0: \u00c0 partir de 3\u00a0ans<br \/>&#8211; Remarque\u00a0: Ne convient pas aux enfants de moins de 36\u00a0mois.<\/p>\n<\/div>\n<div>Compl\u00e9tez la collection d&rsquo;accessoires de cuisine de votre enfant avec cette passoire indispensable et regardez-le cr\u00e9er ses premiers chefs-d&rsquo;\u0153uvre culinaires avec joie et cr\u00e9ativit\u00e9.<\/p>\n<\/div>\n<div>\n<\/div>\n","protected":false},"excerpt":{"rendered":"<p>Passoire \u00e0 salade en acier inoxydable pour enfants \u2013 Accessoire de cuisine pour enfants Plongez dans l&rsquo;univers de la cuisine cr\u00e9ative\u00a0! Cette passoire \u00e0 salade de haute qualit\u00e9 est l&rsquo;accessoire de cuisine id\u00e9al pour enrichir le jeu de r\u00f4le de vos petits gourmets et leur offrir une exp\u00e9rience de jeu authentique. Des heures de jeu authentiques et amusantesCe jouet de cuisine pour enfants a \u00e9t\u00e9 sp\u00e9cialement con\u00e7u pour les petites mains. Avec cette cuisine en&hellip;<\/p>\n","protected":false},"featured_media":164979,"comment_status":"open","ping_status":"closed","template":"","meta":[],"product_brand":[],"product_cat":[38118],"product_tag":[],"class_list":{"0":"post-247272","1":"product","2":"type-product","3":"status-publish","4":"has-post-thumbnail","6":"product_cat-lernspiel","7":"product_shipping_class-global_methods","9":"first","10":"instock","11":"taxable","12":"shipping-taxable","13":"purchasable","14":"product-type-simple"},"yoast_head":"<!-- This site is optimized with the Yoast SEO plugin v27.4 - https:\/\/yoast.com\/product\/yoast-seo-wordpress\/ -->\n<title>Nic F\u00fcr die Spielk\u00fcche &quot;Salatsieb&quot; | Jetzt kaufen | Schweizversand.ch<\/title>\n<meta name=\"description\" content=\"Nic F\u00fcr die Spielk\u00fcche &quot;Salatsieb&quot; g\u00fcnstig kaufen bei Schweizversand.ch. Schnelle Lieferung in der Schweiz. Gratisversand ab CHF 50.\" \/>\n<meta name=\"robots\" content=\"index, follow, max-snippet:-1, max-image-preview:large, max-video-preview:-1\" \/>\n<link rel=\"canonical\" href=\"https:\/\/schweizversand.ch\/fr\/produkt\/nic-fuer-die-spielkueche-salatsieb\/\" \/>\n<meta property=\"og:locale\" content=\"fr_FR\" \/>\n<meta property=\"og:type\" content=\"article\" \/>\n<meta property=\"og:title\" content=\"Nic F\u00fcr die Spielk\u00fcche &quot;Salatsieb&quot; | Jetzt kaufen | Schweizversand.ch\" \/>\n<meta property=\"og:description\" content=\"Nic F\u00fcr die Spielk\u00fcche &quot;Salatsieb&quot; g\u00fcnstig kaufen bei Schweizversand.ch. Schnelle Lieferung in der Schweiz. Gratisversand ab CHF 50.\" \/>\n<meta property=\"og:url\" content=\"https:\/\/schweizversand.ch\/fr\/produkt\/nic-fuer-die-spielkueche-salatsieb\/\" \/>\n<meta property=\"og:site_name\" content=\"Schweizer Shop f\u00fcr Sport, Spiel und Freizeit\" \/>\n<meta property=\"article:publisher\" content=\"https:\/\/www.facebook.com\/Schweizversand\" \/>\n<meta property=\"article:modified_time\" content=\"2026-04-19T00:05:20+00:00\" \/>\n<meta property=\"og:image\" content=\"https:\/\/schweizversand.ch\/wp-content\/uploads\/2026\/02\/5471782970.jpg\" \/>\n\t<meta property=\"og:image:width\" content=\"1024\" \/>\n\t<meta property=\"og:image:height\" content=\"731\" \/>\n\t<meta property=\"og:image:type\" content=\"image\/jpeg\" \/>\n<meta name=\"twitter:card\" content=\"summary_large_image\" \/>\n<meta name=\"twitter:label1\" content=\"Dur\u00e9e de lecture estim\u00e9e\" \/>\n\t<meta name=\"twitter:data1\" content=\"1 minute\" \/>\n<script type=\"application\/ld+json\" class=\"yoast-schema-graph\">{\"@context\":\"https:\\\/\\\/schema.org\",\"@graph\":[{\"@type\":\"WebPage\",\"@id\":\"https:\\\/\\\/schweizversand.ch\\\/fr\\\/produkt\\\/nic-fuer-die-spielkueche-salatsieb\\\/\",\"url\":\"https:\\\/\\\/schweizversand.ch\\\/fr\\\/produkt\\\/nic-fuer-die-spielkueche-salatsieb\\\/\",\"name\":\"Nic F\u00fcr die Spielk\u00fcche \\\"Salatsieb\\\" | Jetzt kaufen | Schweizversand.ch\",\"isPartOf\":{\"@id\":\"https:\\\/\\\/schweizversand.ch\\\/fr\\\/#website\"},\"primaryImageOfPage\":{\"@id\":\"https:\\\/\\\/schweizversand.ch\\\/fr\\\/produkt\\\/nic-fuer-die-spielkueche-salatsieb\\\/#primaryimage\"},\"image\":{\"@id\":\"https:\\\/\\\/schweizversand.ch\\\/fr\\\/produkt\\\/nic-fuer-die-spielkueche-salatsieb\\\/#primaryimage\"},\"thumbnailUrl\":\"https:\\\/\\\/schweizversand.ch\\\/wp-content\\\/uploads\\\/2026\\\/02\\\/5471782970.jpg\",\"datePublished\":\"2026-03-14T22:21:35+00:00\",\"dateModified\":\"2026-04-19T00:05:20+00:00\",\"description\":\"Nic F\u00fcr die Spielk\u00fcche \\\"Salatsieb\\\" g\u00fcnstig kaufen bei Schweizversand.ch. Schnelle Lieferung in der Schweiz. Gratisversand ab CHF 50.\",\"breadcrumb\":{\"@id\":\"https:\\\/\\\/schweizversand.ch\\\/fr\\\/produkt\\\/nic-fuer-die-spielkueche-salatsieb\\\/#breadcrumb\"},\"inLanguage\":\"fr-FR\",\"potentialAction\":[{\"@type\":\"ReadAction\",\"target\":[\"https:\\\/\\\/schweizversand.ch\\\/fr\\\/produkt\\\/nic-fuer-die-spielkueche-salatsieb\\\/\"]}]},{\"@type\":\"ImageObject\",\"inLanguage\":\"fr-FR\",\"@id\":\"https:\\\/\\\/schweizversand.ch\\\/fr\\\/produkt\\\/nic-fuer-die-spielkueche-salatsieb\\\/#primaryimage\",\"url\":\"https:\\\/\\\/schweizversand.ch\\\/wp-content\\\/uploads\\\/2026\\\/02\\\/5471782970.jpg\",\"contentUrl\":\"https:\\\/\\\/schweizversand.ch\\\/wp-content\\\/uploads\\\/2026\\\/02\\\/5471782970.jpg\",\"width\":1024,\"height\":731},{\"@type\":\"BreadcrumbList\",\"@id\":\"https:\\\/\\\/schweizversand.ch\\\/fr\\\/produkt\\\/nic-fuer-die-spielkueche-salatsieb\\\/#breadcrumb\",\"itemListElement\":[{\"@type\":\"ListItem\",\"position\":1,\"name\":\"Startseite\",\"item\":\"https:\\\/\\\/schweizversand.ch\\\/fr\\\/home\\\/\"},{\"@type\":\"ListItem\",\"position\":2,\"name\":\"Boutique\",\"item\":\"https:\\\/\\\/schweizversand.ch\\\/fr\\\/boutique\\\/\"},{\"@type\":\"ListItem\",\"position\":3,\"name\":\"Jouets et jeux\",\"item\":\"https:\\\/\\\/schweizversand.ch\\\/fr\\\/produkt-kategorie\\\/jouets-et-jeux\\\/\"},{\"@type\":\"ListItem\",\"position\":4,\"name\":\"Jeux et puzzles\",\"item\":\"https:\\\/\\\/schweizversand.ch\\\/fr\\\/produkt-kategorie\\\/jouets-et-jeux\\\/jeux-et-puzzles\\\/\"},{\"@type\":\"ListItem\",\"position\":5,\"name\":\"Jeux \u00e9ducatifs\",\"item\":\"https:\\\/\\\/schweizversand.ch\\\/fr\\\/produkt-kategorie\\\/lernspiel\\\/\"},{\"@type\":\"ListItem\",\"position\":6,\"name\":\"Nic Pour la cuisine de jeu \u00ab Passoire \u00e0 salade \u00bb\"}]},{\"@type\":\"WebSite\",\"@id\":\"https:\\\/\\\/schweizversand.ch\\\/fr\\\/#website\",\"url\":\"https:\\\/\\\/schweizversand.ch\\\/fr\\\/\",\"name\":\"Schweizer Shop f\u00fcr Sport, Spiel und Freizeit\",\"description\":\"Gratisversand ab 50.- (netto), ab eigenem schweizer Lager, Lieferung innert 48h\",\"publisher\":{\"@id\":\"https:\\\/\\\/schweizversand.ch\\\/fr\\\/#organization\"},\"alternateName\":\"Schweizversand.ch\",\"potentialAction\":[{\"@type\":\"SearchAction\",\"target\":{\"@type\":\"EntryPoint\",\"urlTemplate\":\"https:\\\/\\\/schweizversand.ch\\\/fr\\\/?s={search_term_string}\"},\"query-input\":{\"@type\":\"PropertyValueSpecification\",\"valueRequired\":true,\"valueName\":\"search_term_string\"}}],\"inLanguage\":\"fr-FR\"},{\"@type\":\"Organization\",\"@id\":\"https:\\\/\\\/schweizversand.ch\\\/fr\\\/#organization\",\"name\":\"Schweizversand.ch\",\"url\":\"https:\\\/\\\/schweizversand.ch\\\/fr\\\/\",\"logo\":{\"@type\":\"ImageObject\",\"inLanguage\":\"fr-FR\",\"@id\":\"https:\\\/\\\/schweizversand.ch\\\/fr\\\/#\\\/schema\\\/logo\\\/image\\\/\",\"url\":\"https:\\\/\\\/schweizversand.ch\\\/wp-content\\\/uploads\\\/2026\\\/03\\\/Logo_Rund_Final-1.png\",\"contentUrl\":\"https:\\\/\\\/schweizversand.ch\\\/wp-content\\\/uploads\\\/2026\\\/03\\\/Logo_Rund_Final-1.png\",\"width\":404,\"height\":404,\"caption\":\"Schweizversand.ch\"},\"image\":{\"@id\":\"https:\\\/\\\/schweizversand.ch\\\/fr\\\/#\\\/schema\\\/logo\\\/image\\\/\"},\"sameAs\":[\"https:\\\/\\\/www.facebook.com\\\/Schweizversand\",\"https:\\\/\\\/www.instagram.com\\\/schweizversand.ch\\\/\"]}]}<\/script>\n<!-- \/ Yoast SEO plugin. -->","yoast_head_json":{"title":"Nic F\u00fcr die Spielk\u00fcche \"Salatsieb\" | Jetzt kaufen | Schweizversand.ch","description":"Nic F\u00fcr die Spielk\u00fcche \"Salatsieb\" g\u00fcnstig kaufen bei Schweizversand.ch. Schnelle Lieferung in der Schweiz. Gratisversand ab CHF 50.","robots":{"index":"index","follow":"follow","max-snippet":"max-snippet:-1","max-image-preview":"max-image-preview:large","max-video-preview":"max-video-preview:-1"},"canonical":"https:\/\/schweizversand.ch\/fr\/produkt\/nic-fuer-die-spielkueche-salatsieb\/","og_locale":"fr_FR","og_type":"article","og_title":"Nic F\u00fcr die Spielk\u00fcche \"Salatsieb\" | Jetzt kaufen | Schweizversand.ch","og_description":"Nic F\u00fcr die Spielk\u00fcche \"Salatsieb\" g\u00fcnstig kaufen bei Schweizversand.ch. Schnelle Lieferung in der Schweiz. Gratisversand ab CHF 50.","og_url":"https:\/\/schweizversand.ch\/fr\/produkt\/nic-fuer-die-spielkueche-salatsieb\/","og_site_name":"Schweizer Shop f\u00fcr Sport, Spiel und Freizeit","article_publisher":"https:\/\/www.facebook.com\/Schweizversand","article_modified_time":"2026-04-19T00:05:20+00:00","og_image":[{"width":1024,"height":731,"url":"https:\/\/schweizversand.ch\/wp-content\/uploads\/2026\/02\/5471782970.jpg","type":"image\/jpeg"}],"twitter_card":"summary_large_image","twitter_misc":{"Dur\u00e9e de lecture estim\u00e9e":"1 minute"},"schema":{"@context":"https:\/\/schema.org","@graph":[{"@type":"WebPage","@id":"https:\/\/schweizversand.ch\/fr\/produkt\/nic-fuer-die-spielkueche-salatsieb\/","url":"https:\/\/schweizversand.ch\/fr\/produkt\/nic-fuer-die-spielkueche-salatsieb\/","name":"Nic F\u00fcr die Spielk\u00fcche \"Salatsieb\" | Jetzt kaufen | Schweizversand.ch","isPartOf":{"@id":"https:\/\/schweizversand.ch\/fr\/#website"},"primaryImageOfPage":{"@id":"https:\/\/schweizversand.ch\/fr\/produkt\/nic-fuer-die-spielkueche-salatsieb\/#primaryimage"},"image":{"@id":"https:\/\/schweizversand.ch\/fr\/produkt\/nic-fuer-die-spielkueche-salatsieb\/#primaryimage"},"thumbnailUrl":"https:\/\/schweizversand.ch\/wp-content\/uploads\/2026\/02\/5471782970.jpg","datePublished":"2026-03-14T22:21:35+00:00","dateModified":"2026-04-19T00:05:20+00:00","description":"Nic F\u00fcr die Spielk\u00fcche \"Salatsieb\" g\u00fcnstig kaufen bei Schweizversand.ch. Schnelle Lieferung in der Schweiz. Gratisversand ab CHF 50.","breadcrumb":{"@id":"https:\/\/schweizversand.ch\/fr\/produkt\/nic-fuer-die-spielkueche-salatsieb\/#breadcrumb"},"inLanguage":"fr-FR","potentialAction":[{"@type":"ReadAction","target":["https:\/\/schweizversand.ch\/fr\/produkt\/nic-fuer-die-spielkueche-salatsieb\/"]}]},{"@type":"ImageObject","inLanguage":"fr-FR","@id":"https:\/\/schweizversand.ch\/fr\/produkt\/nic-fuer-die-spielkueche-salatsieb\/#primaryimage","url":"https:\/\/schweizversand.ch\/wp-content\/uploads\/2026\/02\/5471782970.jpg","contentUrl":"https:\/\/schweizversand.ch\/wp-content\/uploads\/2026\/02\/5471782970.jpg","width":1024,"height":731},{"@type":"BreadcrumbList","@id":"https:\/\/schweizversand.ch\/fr\/produkt\/nic-fuer-die-spielkueche-salatsieb\/#breadcrumb","itemListElement":[{"@type":"ListItem","position":1,"name":"Startseite","item":"https:\/\/schweizversand.ch\/fr\/home\/"},{"@type":"ListItem","position":2,"name":"Boutique","item":"https:\/\/schweizversand.ch\/fr\/boutique\/"},{"@type":"ListItem","position":3,"name":"Jouets et jeux","item":"https:\/\/schweizversand.ch\/fr\/produkt-kategorie\/jouets-et-jeux\/"},{"@type":"ListItem","position":4,"name":"Jeux et puzzles","item":"https:\/\/schweizversand.ch\/fr\/produkt-kategorie\/jouets-et-jeux\/jeux-et-puzzles\/"},{"@type":"ListItem","position":5,"name":"Jeux \u00e9ducatifs","item":"https:\/\/schweizversand.ch\/fr\/produkt-kategorie\/lernspiel\/"},{"@type":"ListItem","position":6,"name":"Nic Pour la cuisine de jeu \u00ab Passoire \u00e0 salade \u00bb"}]},{"@type":"WebSite","@id":"https:\/\/schweizversand.ch\/fr\/#website","url":"https:\/\/schweizversand.ch\/fr\/","name":"Schweizer Shop f\u00fcr Sport, Spiel und Freizeit","description":"Gratisversand ab 50.- (netto), ab eigenem schweizer Lager, Lieferung innert 48h","publisher":{"@id":"https:\/\/schweizversand.ch\/fr\/#organization"},"alternateName":"Schweizversand.ch","potentialAction":[{"@type":"SearchAction","target":{"@type":"EntryPoint","urlTemplate":"https:\/\/schweizversand.ch\/fr\/?s={search_term_string}"},"query-input":{"@type":"PropertyValueSpecification","valueRequired":true,"valueName":"search_term_string"}}],"inLanguage":"fr-FR"},{"@type":"Organization","@id":"https:\/\/schweizversand.ch\/fr\/#organization","name":"Schweizversand.ch","url":"https:\/\/schweizversand.ch\/fr\/","logo":{"@type":"ImageObject","inLanguage":"fr-FR","@id":"https:\/\/schweizversand.ch\/fr\/#\/schema\/logo\/image\/","url":"https:\/\/schweizversand.ch\/wp-content\/uploads\/2026\/03\/Logo_Rund_Final-1.png","contentUrl":"https:\/\/schweizversand.ch\/wp-content\/uploads\/2026\/03\/Logo_Rund_Final-1.png","width":404,"height":404,"caption":"Schweizversand.ch"},"image":{"@id":"https:\/\/schweizversand.ch\/fr\/#\/schema\/logo\/image\/"},"sameAs":["https:\/\/www.facebook.com\/Schweizversand","https:\/\/www.instagram.com\/schweizversand.ch\/"]}]}},"jetpack_sharing_enabled":true,"_links":{"self":[{"href":"https:\/\/schweizversand.ch\/fr\/wp-json\/wp\/v2\/product\/247272","targetHints":{"allow":["GET"]}}],"collection":[{"href":"https:\/\/schweizversand.ch\/fr\/wp-json\/wp\/v2\/product"}],"about":[{"href":"https:\/\/schweizversand.ch\/fr\/wp-json\/wp\/v2\/types\/product"}],"replies":[{"embeddable":true,"href":"https:\/\/schweizversand.ch\/fr\/wp-json\/wp\/v2\/comments?post=247272"}],"wp:featuredmedia":[{"embeddable":true,"href":"https:\/\/schweizversand.ch\/fr\/wp-json\/wp\/v2\/media\/164979"}],"wp:attachment":[{"href":"https:\/\/schweizversand.ch\/fr\/wp-json\/wp\/v2\/media?parent=247272"}],"wp:term":[{"taxonomy":"product_brand","embeddable":true,"href":"https:\/\/schweizversand.ch\/fr\/wp-json\/wp\/v2\/product_brand?post=247272"},{"taxonomy":"product_cat","embeddable":true,"href":"https:\/\/schweizversand.ch\/fr\/wp-json\/wp\/v2\/product_cat?post=247272"},{"taxonomy":"product_tag","embeddable":true,"href":"https:\/\/schweizversand.ch\/fr\/wp-json\/wp\/v2\/product_tag?post=247272"}],"curies":[{"name":"wp","href":"https:\/\/api.w.org\/{rel}","templated":true}]}}