{"id":247276,"date":"2026-03-14T23:21:36","date_gmt":"2026-03-14T22:21:36","guid":{"rendered":"https:\/\/schweizversand.ch\/produkt\/champ-decke-sherpa-premium\/"},"modified":"2026-04-20T02:04:22","modified_gmt":"2026-04-20T00:04:22","slug":"champ-decke-sherpa-premium","status":"publish","type":"product","link":"https:\/\/schweizversand.ch\/fr\/produkt\/champ-decke-sherpa-premium\/","title":{"rendered":"Couverture premium CHAMP Sherpa"},"content":{"rendered":"<h1><strong>Couverture Sherpa Premium \u2013 150 x 200 cm<\/strong><\/h1>\n<div>D\u00e9couvrez un confort et une chaleur incomparables avec la couverture Sherpa, qui transforme votre int\u00e9rieur en un v\u00e9ritable havre de paix. Ce plaid de haute qualit\u00e9 de 150 x 200 cm allie un design \u00e9l\u00e9gant \u00e0 une chaleur optimale et est le compagnon id\u00e9al pour des moments de d\u00e9tente sur le canap\u00e9.<\/p>\n<\/div>\n<div><strong>Design et toucher : Douceur velout\u00e9e<\/strong><br \/>Cette couverture red\u00e9finit les standards de douceur. Le devant est confectionn\u00e9 dans une flanelle d&rsquo;une finesse exceptionnelle, offrant une sensation luxueuse comparable \u00e0 celle d&rsquo;une couverture au toucher velout\u00e9. Son \u00e9l\u00e9gante surface matelass\u00e9e lui conf\u00e8re un style moderne, tandis que le dos, en sherpa ultra-doux, garantit un confort imm\u00e9diat. Vous appr\u00e9cierez la diff\u00e9rence que cette couverture premium apporte \u00e0 votre salon. Chaleur et confort pour les journ\u00e9es froides. L&rsquo;association de la flanelle et du sherpa fait de cette couverture le plaid id\u00e9al pour affronter les mois les plus froids. La couverture en flanelle sherpa conserve parfaitement la chaleur corporelle et offre une sensation de s\u00e9curit\u00e9 sans \u00eatre trop lourde. Profitez de douces soir\u00e9es bien au chaud dans cette mati\u00e8re incroyablement douce qui r\u00e9siste m\u00eame aux temp\u00e9ratures les plus froides. Mat\u00e9riaux de haute qualit\u00e9 et grande durabilit\u00e9. Nous accordons une grande importance \u00e0 la qualit\u00e9 de fabrication, vous garantissant ainsi un plaisir durable de ce produit. Les mat\u00e9riaux robustes sont con\u00e7us pour conserver leur forme et leur douceur exceptionnelle, m\u00eame apr\u00e8s de nombreux lavages. Cela rend la couverture extr\u00eamement facile d&rsquo;entretien et adapt\u00e9e \u00e0 un usage quotidien.<\/p>\n<\/div>\n<div><strong>D\u00e9tails techniques et sp\u00e9cifications<\/strong><br \/>&#8211; Dimensions : 150 x 200 cm<br \/>&#8211; Mati\u00e8re avant : Flanelle env. 220 g\/m\u00b2 (pour une surface douce et velout\u00e9e)<br \/>&#8211; Mati\u00e8re arri\u00e8re : Sherpa blanc env. 200 g\/m\u00b2 (pour plus de chaleur et de confort)<br \/>&#8211; Garnissage : Polyester env. 150 g\/m\u00b2 (pour une couverture l\u00e9g\u00e8re et chaude)<br \/>&#8211; Couleurs\u00a0: Disponible en anthracite et taupe<br \/>&#8211; Remarque\u00a0: La livraison se fait en couleur al\u00e9atoire (le choix de la couleur n&rsquo;est pas possible). Le prix indiqu\u00e9 est par couverture.<\/p>\n<\/div>\n<div>Procurez-vous d\u00e8s maintenant cette couverture <strong>Sherpa<\/strong> polyvalente et offrez-vous un confort optimal \u00e0 la maison. Commandez aujourd&rsquo;hui et profitez de nombreux moments de douceur.<\/p>\n<\/div>\n<div><\/div>\n","protected":false},"excerpt":{"rendered":"<p>Couverture Sherpa Premium \u2013 150 x 200 cm D\u00e9couvrez un confort et une chaleur incomparables avec la couverture Sherpa, qui transforme votre int\u00e9rieur en un v\u00e9ritable havre de paix. Ce plaid de haute qualit\u00e9 de 150 x 200 cm allie un design \u00e9l\u00e9gant \u00e0 une chaleur optimale et est le compagnon id\u00e9al pour des moments de d\u00e9tente sur le canap\u00e9. Design et toucher : Douceur velout\u00e9eCette couverture red\u00e9finit les standards de douceur. Le devant est&hellip;<\/p>\n","protected":false},"featured_media":164987,"comment_status":"open","ping_status":"closed","template":"","meta":[],"product_brand":[],"product_cat":[38157],"product_tag":[],"class_list":{"0":"post-247276","1":"product","2":"type-product","3":"status-publish","4":"has-post-thumbnail","6":"product_cat-wohntextilien-teppiche","7":"product_shipping_class-global_methods","9":"first","10":"instock","11":"taxable","12":"shipping-taxable","13":"purchasable","14":"product-type-simple"},"yoast_head":"<!-- This site is optimized with the Yoast SEO plugin v27.4 - https:\/\/yoast.com\/product\/yoast-seo-wordpress\/ -->\n<title>CHAMP Decke Sherpa Premium | Jetzt kaufen | Schweizversand.ch<\/title>\n<meta name=\"description\" content=\"CHAMP Decke Sherpa Premium g\u00fcnstig kaufen bei Schweizversand.ch. Schnelle Lieferung in der Schweiz. Gratisversand ab CHF 50.\" \/>\n<meta name=\"robots\" content=\"index, follow, max-snippet:-1, max-image-preview:large, max-video-preview:-1\" \/>\n<link rel=\"canonical\" href=\"https:\/\/schweizversand.ch\/fr\/produkt\/champ-decke-sherpa-premium\/\" \/>\n<meta property=\"og:locale\" content=\"fr_FR\" \/>\n<meta property=\"og:type\" content=\"article\" \/>\n<meta property=\"og:title\" content=\"CHAMP Decke Sherpa Premium | Jetzt kaufen | Schweizversand.ch\" \/>\n<meta property=\"og:description\" content=\"CHAMP Decke Sherpa Premium g\u00fcnstig kaufen bei Schweizversand.ch. Schnelle Lieferung in der Schweiz. Gratisversand ab CHF 50.\" \/>\n<meta property=\"og:url\" content=\"https:\/\/schweizversand.ch\/fr\/produkt\/champ-decke-sherpa-premium\/\" \/>\n<meta property=\"og:site_name\" content=\"Schweizer Shop f\u00fcr Sport, Spiel und Freizeit\" \/>\n<meta property=\"article:publisher\" content=\"https:\/\/www.facebook.com\/Schweizversand\" \/>\n<meta property=\"article:modified_time\" content=\"2026-04-20T00:04:22+00:00\" \/>\n<meta property=\"og:image\" content=\"https:\/\/schweizversand.ch\/wp-content\/uploads\/2026\/02\/5560396001.jpg\" \/>\n\t<meta property=\"og:image:width\" content=\"1024\" \/>\n\t<meta property=\"og:image:height\" content=\"683\" \/>\n\t<meta property=\"og:image:type\" content=\"image\/jpeg\" \/>\n<meta name=\"twitter:card\" content=\"summary_large_image\" \/>\n<meta name=\"twitter:label1\" content=\"Dur\u00e9e de lecture estim\u00e9e\" \/>\n\t<meta name=\"twitter:data1\" content=\"2 minutes\" \/>\n<script type=\"application\/ld+json\" class=\"yoast-schema-graph\">{\"@context\":\"https:\\\/\\\/schema.org\",\"@graph\":[{\"@type\":\"WebPage\",\"@id\":\"https:\\\/\\\/schweizversand.ch\\\/fr\\\/produkt\\\/champ-decke-sherpa-premium\\\/\",\"url\":\"https:\\\/\\\/schweizversand.ch\\\/fr\\\/produkt\\\/champ-decke-sherpa-premium\\\/\",\"name\":\"CHAMP Decke Sherpa Premium | Jetzt kaufen | Schweizversand.ch\",\"isPartOf\":{\"@id\":\"https:\\\/\\\/schweizversand.ch\\\/fr\\\/#website\"},\"primaryImageOfPage\":{\"@id\":\"https:\\\/\\\/schweizversand.ch\\\/fr\\\/produkt\\\/champ-decke-sherpa-premium\\\/#primaryimage\"},\"image\":{\"@id\":\"https:\\\/\\\/schweizversand.ch\\\/fr\\\/produkt\\\/champ-decke-sherpa-premium\\\/#primaryimage\"},\"thumbnailUrl\":\"https:\\\/\\\/schweizversand.ch\\\/wp-content\\\/uploads\\\/2026\\\/02\\\/5560396001.jpg\",\"datePublished\":\"2026-03-14T22:21:36+00:00\",\"dateModified\":\"2026-04-20T00:04:22+00:00\",\"description\":\"CHAMP Decke Sherpa Premium g\u00fcnstig kaufen bei Schweizversand.ch. Schnelle Lieferung in der Schweiz. Gratisversand ab CHF 50.\",\"breadcrumb\":{\"@id\":\"https:\\\/\\\/schweizversand.ch\\\/fr\\\/produkt\\\/champ-decke-sherpa-premium\\\/#breadcrumb\"},\"inLanguage\":\"fr-FR\",\"potentialAction\":[{\"@type\":\"ReadAction\",\"target\":[\"https:\\\/\\\/schweizversand.ch\\\/fr\\\/produkt\\\/champ-decke-sherpa-premium\\\/\"]}]},{\"@type\":\"ImageObject\",\"inLanguage\":\"fr-FR\",\"@id\":\"https:\\\/\\\/schweizversand.ch\\\/fr\\\/produkt\\\/champ-decke-sherpa-premium\\\/#primaryimage\",\"url\":\"https:\\\/\\\/schweizversand.ch\\\/wp-content\\\/uploads\\\/2026\\\/02\\\/5560396001.jpg\",\"contentUrl\":\"https:\\\/\\\/schweizversand.ch\\\/wp-content\\\/uploads\\\/2026\\\/02\\\/5560396001.jpg\",\"width\":1024,\"height\":683},{\"@type\":\"BreadcrumbList\",\"@id\":\"https:\\\/\\\/schweizversand.ch\\\/fr\\\/produkt\\\/champ-decke-sherpa-premium\\\/#breadcrumb\",\"itemListElement\":[{\"@type\":\"ListItem\",\"position\":1,\"name\":\"Startseite\",\"item\":\"https:\\\/\\\/schweizversand.ch\\\/fr\\\/home\\\/\"},{\"@type\":\"ListItem\",\"position\":2,\"name\":\"Boutique\",\"item\":\"https:\\\/\\\/schweizversand.ch\\\/fr\\\/boutique\\\/\"},{\"@type\":\"ListItem\",\"position\":3,\"name\":\"Accueil\",\"item\":\"https:\\\/\\\/schweizversand.ch\\\/fr\\\/produkt-kategorie\\\/accueil\\\/\"},{\"@type\":\"ListItem\",\"position\":4,\"name\":\"Linge de maison\",\"item\":\"https:\\\/\\\/schweizversand.ch\\\/fr\\\/produkt-kategorie\\\/accueil\\\/textiles-de-maison\\\/\"},{\"@type\":\"ListItem\",\"position\":5,\"name\":\"Textiles et tapis de maison\",\"item\":\"https:\\\/\\\/schweizversand.ch\\\/fr\\\/produkt-kategorie\\\/accueil\\\/textiles-de-maison\\\/wohntextilien-teppiche\\\/\"},{\"@type\":\"ListItem\",\"position\":6,\"name\":\"Couverture premium CHAMP Sherpa\"}]},{\"@type\":\"WebSite\",\"@id\":\"https:\\\/\\\/schweizversand.ch\\\/fr\\\/#website\",\"url\":\"https:\\\/\\\/schweizversand.ch\\\/fr\\\/\",\"name\":\"Schweizer Shop f\u00fcr Sport, Spiel und Freizeit\",\"description\":\"Gratisversand ab 50.- (netto), ab eigenem schweizer Lager, Lieferung innert 48h\",\"publisher\":{\"@id\":\"https:\\\/\\\/schweizversand.ch\\\/fr\\\/#organization\"},\"alternateName\":\"Schweizversand.ch\",\"potentialAction\":[{\"@type\":\"SearchAction\",\"target\":{\"@type\":\"EntryPoint\",\"urlTemplate\":\"https:\\\/\\\/schweizversand.ch\\\/fr\\\/?s={search_term_string}\"},\"query-input\":{\"@type\":\"PropertyValueSpecification\",\"valueRequired\":true,\"valueName\":\"search_term_string\"}}],\"inLanguage\":\"fr-FR\"},{\"@type\":\"Organization\",\"@id\":\"https:\\\/\\\/schweizversand.ch\\\/fr\\\/#organization\",\"name\":\"Schweizversand.ch\",\"url\":\"https:\\\/\\\/schweizversand.ch\\\/fr\\\/\",\"logo\":{\"@type\":\"ImageObject\",\"inLanguage\":\"fr-FR\",\"@id\":\"https:\\\/\\\/schweizversand.ch\\\/fr\\\/#\\\/schema\\\/logo\\\/image\\\/\",\"url\":\"https:\\\/\\\/schweizversand.ch\\\/wp-content\\\/uploads\\\/2026\\\/03\\\/Logo_Rund_Final-1.png\",\"contentUrl\":\"https:\\\/\\\/schweizversand.ch\\\/wp-content\\\/uploads\\\/2026\\\/03\\\/Logo_Rund_Final-1.png\",\"width\":404,\"height\":404,\"caption\":\"Schweizversand.ch\"},\"image\":{\"@id\":\"https:\\\/\\\/schweizversand.ch\\\/fr\\\/#\\\/schema\\\/logo\\\/image\\\/\"},\"sameAs\":[\"https:\\\/\\\/www.facebook.com\\\/Schweizversand\",\"https:\\\/\\\/www.instagram.com\\\/schweizversand.ch\\\/\"]}]}<\/script>\n<!-- \/ Yoast SEO plugin. -->","yoast_head_json":{"title":"CHAMP Decke Sherpa Premium | Jetzt kaufen | Schweizversand.ch","description":"CHAMP Decke Sherpa Premium g\u00fcnstig kaufen bei Schweizversand.ch. Schnelle Lieferung in der Schweiz. Gratisversand ab CHF 50.","robots":{"index":"index","follow":"follow","max-snippet":"max-snippet:-1","max-image-preview":"max-image-preview:large","max-video-preview":"max-video-preview:-1"},"canonical":"https:\/\/schweizversand.ch\/fr\/produkt\/champ-decke-sherpa-premium\/","og_locale":"fr_FR","og_type":"article","og_title":"CHAMP Decke Sherpa Premium | Jetzt kaufen | Schweizversand.ch","og_description":"CHAMP Decke Sherpa Premium g\u00fcnstig kaufen bei Schweizversand.ch. Schnelle Lieferung in der Schweiz. Gratisversand ab CHF 50.","og_url":"https:\/\/schweizversand.ch\/fr\/produkt\/champ-decke-sherpa-premium\/","og_site_name":"Schweizer Shop f\u00fcr Sport, Spiel und Freizeit","article_publisher":"https:\/\/www.facebook.com\/Schweizversand","article_modified_time":"2026-04-20T00:04:22+00:00","og_image":[{"width":1024,"height":683,"url":"https:\/\/schweizversand.ch\/wp-content\/uploads\/2026\/02\/5560396001.jpg","type":"image\/jpeg"}],"twitter_card":"summary_large_image","twitter_misc":{"Dur\u00e9e de lecture estim\u00e9e":"2 minutes"},"schema":{"@context":"https:\/\/schema.org","@graph":[{"@type":"WebPage","@id":"https:\/\/schweizversand.ch\/fr\/produkt\/champ-decke-sherpa-premium\/","url":"https:\/\/schweizversand.ch\/fr\/produkt\/champ-decke-sherpa-premium\/","name":"CHAMP Decke Sherpa Premium | Jetzt kaufen | Schweizversand.ch","isPartOf":{"@id":"https:\/\/schweizversand.ch\/fr\/#website"},"primaryImageOfPage":{"@id":"https:\/\/schweizversand.ch\/fr\/produkt\/champ-decke-sherpa-premium\/#primaryimage"},"image":{"@id":"https:\/\/schweizversand.ch\/fr\/produkt\/champ-decke-sherpa-premium\/#primaryimage"},"thumbnailUrl":"https:\/\/schweizversand.ch\/wp-content\/uploads\/2026\/02\/5560396001.jpg","datePublished":"2026-03-14T22:21:36+00:00","dateModified":"2026-04-20T00:04:22+00:00","description":"CHAMP Decke Sherpa Premium g\u00fcnstig kaufen bei Schweizversand.ch. Schnelle Lieferung in der Schweiz. Gratisversand ab CHF 50.","breadcrumb":{"@id":"https:\/\/schweizversand.ch\/fr\/produkt\/champ-decke-sherpa-premium\/#breadcrumb"},"inLanguage":"fr-FR","potentialAction":[{"@type":"ReadAction","target":["https:\/\/schweizversand.ch\/fr\/produkt\/champ-decke-sherpa-premium\/"]}]},{"@type":"ImageObject","inLanguage":"fr-FR","@id":"https:\/\/schweizversand.ch\/fr\/produkt\/champ-decke-sherpa-premium\/#primaryimage","url":"https:\/\/schweizversand.ch\/wp-content\/uploads\/2026\/02\/5560396001.jpg","contentUrl":"https:\/\/schweizversand.ch\/wp-content\/uploads\/2026\/02\/5560396001.jpg","width":1024,"height":683},{"@type":"BreadcrumbList","@id":"https:\/\/schweizversand.ch\/fr\/produkt\/champ-decke-sherpa-premium\/#breadcrumb","itemListElement":[{"@type":"ListItem","position":1,"name":"Startseite","item":"https:\/\/schweizversand.ch\/fr\/home\/"},{"@type":"ListItem","position":2,"name":"Boutique","item":"https:\/\/schweizversand.ch\/fr\/boutique\/"},{"@type":"ListItem","position":3,"name":"Accueil","item":"https:\/\/schweizversand.ch\/fr\/produkt-kategorie\/accueil\/"},{"@type":"ListItem","position":4,"name":"Linge de maison","item":"https:\/\/schweizversand.ch\/fr\/produkt-kategorie\/accueil\/textiles-de-maison\/"},{"@type":"ListItem","position":5,"name":"Textiles et tapis de maison","item":"https:\/\/schweizversand.ch\/fr\/produkt-kategorie\/accueil\/textiles-de-maison\/wohntextilien-teppiche\/"},{"@type":"ListItem","position":6,"name":"Couverture premium CHAMP Sherpa"}]},{"@type":"WebSite","@id":"https:\/\/schweizversand.ch\/fr\/#website","url":"https:\/\/schweizversand.ch\/fr\/","name":"Schweizer Shop f\u00fcr Sport, Spiel und Freizeit","description":"Gratisversand ab 50.- (netto), ab eigenem schweizer Lager, Lieferung innert 48h","publisher":{"@id":"https:\/\/schweizversand.ch\/fr\/#organization"},"alternateName":"Schweizversand.ch","potentialAction":[{"@type":"SearchAction","target":{"@type":"EntryPoint","urlTemplate":"https:\/\/schweizversand.ch\/fr\/?s={search_term_string}"},"query-input":{"@type":"PropertyValueSpecification","valueRequired":true,"valueName":"search_term_string"}}],"inLanguage":"fr-FR"},{"@type":"Organization","@id":"https:\/\/schweizversand.ch\/fr\/#organization","name":"Schweizversand.ch","url":"https:\/\/schweizversand.ch\/fr\/","logo":{"@type":"ImageObject","inLanguage":"fr-FR","@id":"https:\/\/schweizversand.ch\/fr\/#\/schema\/logo\/image\/","url":"https:\/\/schweizversand.ch\/wp-content\/uploads\/2026\/03\/Logo_Rund_Final-1.png","contentUrl":"https:\/\/schweizversand.ch\/wp-content\/uploads\/2026\/03\/Logo_Rund_Final-1.png","width":404,"height":404,"caption":"Schweizversand.ch"},"image":{"@id":"https:\/\/schweizversand.ch\/fr\/#\/schema\/logo\/image\/"},"sameAs":["https:\/\/www.facebook.com\/Schweizversand","https:\/\/www.instagram.com\/schweizversand.ch\/"]}]}},"jetpack_sharing_enabled":true,"_links":{"self":[{"href":"https:\/\/schweizversand.ch\/fr\/wp-json\/wp\/v2\/product\/247276","targetHints":{"allow":["GET"]}}],"collection":[{"href":"https:\/\/schweizversand.ch\/fr\/wp-json\/wp\/v2\/product"}],"about":[{"href":"https:\/\/schweizversand.ch\/fr\/wp-json\/wp\/v2\/types\/product"}],"replies":[{"embeddable":true,"href":"https:\/\/schweizversand.ch\/fr\/wp-json\/wp\/v2\/comments?post=247276"}],"wp:featuredmedia":[{"embeddable":true,"href":"https:\/\/schweizversand.ch\/fr\/wp-json\/wp\/v2\/media\/164987"}],"wp:attachment":[{"href":"https:\/\/schweizversand.ch\/fr\/wp-json\/wp\/v2\/media?parent=247276"}],"wp:term":[{"taxonomy":"product_brand","embeddable":true,"href":"https:\/\/schweizversand.ch\/fr\/wp-json\/wp\/v2\/product_brand?post=247276"},{"taxonomy":"product_cat","embeddable":true,"href":"https:\/\/schweizversand.ch\/fr\/wp-json\/wp\/v2\/product_cat?post=247276"},{"taxonomy":"product_tag","embeddable":true,"href":"https:\/\/schweizversand.ch\/fr\/wp-json\/wp\/v2\/product_tag?post=247276"}],"curies":[{"name":"wp","href":"https:\/\/api.w.org\/{rel}","templated":true}]}}