{"id":247279,"date":"2026-03-14T23:21:36","date_gmt":"2026-03-14T22:21:36","guid":{"rendered":"https:\/\/schweizversand.ch\/produkt\/homeline-muellsackrolle-240-liter\/"},"modified":"2026-04-21T02:03:58","modified_gmt":"2026-04-21T00:03:58","slug":"homeline-muellsackrolle-240-liter","status":"publish","type":"product","link":"https:\/\/schweizversand.ch\/fr\/produkt\/homeline-muellsackrolle-240-liter\/","title":{"rendered":"Rouleau de sac poubelle Homeline 240 litres"},"content":{"rendered":"<p>D\u00e9couvrez nos sacs poubelle ultra-r\u00e9sistants de 240 L \u2013 la solution id\u00e9ale pour la gestion des d\u00e9chets \u00e0 la maison, au jardin ou en restauration. Mesurant 100 x 125 cm, ils s&rsquo;adaptent parfaitement aux conteneurs \u00e0 enrouleur standard et sont \u00e9galement parfaits pour les d\u00e9chets volumineux. Fabriqu\u00e9s \u00e0 partir d&rsquo;au moins 80 % de mat\u00e9riaux recycl\u00e9s, ces sacs sont un choix \u00e9cologique. Leur haute r\u00e9sistance \u00e0 la d\u00e9chirure et leur conception totalement \u00e9tanche garantissent une propret\u00e9 impeccable, m\u00eame avec des d\u00e9chets humides ou lourds. Que vous r\u00e9noviez, teniez un restaurant ou entreteniez votre jardin, nos sacs poubelle tiennent leurs promesses. Faites confiance \u00e0 la qualit\u00e9 et \u00e0 la durabilit\u00e9 pour la gestion de vos d\u00e9chets.<\/p>\n<\/p>\n<p>Commandez d\u00e8s maintenant vos sacs poubelle ultra-r\u00e9sistants de 240 litres pour conteneurs \u00e0 enrouleur et profitez de la performance, de la durabilit\u00e9 et du respect de l&rsquo;environnement r\u00e9unis en un seul produit.<\/p>\n","protected":false},"excerpt":{"rendered":"<p>D\u00e9couvrez nos sacs poubelle ultra-r\u00e9sistants de 240 L \u2013 la solution id\u00e9ale pour la gestion des d\u00e9chets \u00e0 la maison, au jardin ou en restauration. Mesurant 100 x 125 cm, ils s&rsquo;adaptent parfaitement aux conteneurs \u00e0 enrouleur standard et sont \u00e9galement parfaits pour les d\u00e9chets volumineux. Fabriqu\u00e9s \u00e0 partir d&rsquo;au moins 80 % de mat\u00e9riaux recycl\u00e9s, ces sacs sont un choix \u00e9cologique. Leur haute r\u00e9sistance \u00e0 la d\u00e9chirure et leur conception totalement \u00e9tanche garantissent une&hellip;<\/p>\n","protected":false},"featured_media":165005,"comment_status":"open","ping_status":"closed","template":"","meta":[],"product_brand":[],"product_cat":[38161,38162],"product_tag":[],"class_list":{"0":"post-247279","1":"product","2":"type-product","3":"status-publish","4":"has-post-thumbnail","6":"product_cat-entsorgen-reinigen","7":"product_cat-nettoyage","8":"product_shipping_class-global_methods","10":"first","11":"instock","12":"taxable","13":"shipping-taxable","14":"purchasable","15":"product-type-simple"},"yoast_head":"<!-- This site is optimized with the Yoast SEO plugin v27.4 - https:\/\/yoast.com\/product\/yoast-seo-wordpress\/ -->\n<title>Homeline M\u00fcllsackrolle 240 Liter | Jetzt kaufen | Schweizversand.ch<\/title>\n<meta name=\"description\" content=\"Homeline M\u00fcllsackrolle 240 Liter g\u00fcnstig kaufen bei Schweizversand.ch. Schnelle Lieferung in der Schweiz. Gratisversand ab CHF 50.\" \/>\n<meta name=\"robots\" content=\"index, follow, max-snippet:-1, max-image-preview:large, max-video-preview:-1\" \/>\n<link rel=\"canonical\" href=\"https:\/\/schweizversand.ch\/fr\/produkt\/homeline-muellsackrolle-240-liter\/\" \/>\n<meta property=\"og:locale\" content=\"fr_FR\" \/>\n<meta property=\"og:type\" content=\"article\" \/>\n<meta property=\"og:title\" content=\"Homeline M\u00fcllsackrolle 240 Liter | Jetzt kaufen | Schweizversand.ch\" \/>\n<meta property=\"og:description\" content=\"Homeline M\u00fcllsackrolle 240 Liter g\u00fcnstig kaufen bei Schweizversand.ch. Schnelle Lieferung in der Schweiz. Gratisversand ab CHF 50.\" \/>\n<meta property=\"og:url\" content=\"https:\/\/schweizversand.ch\/fr\/produkt\/homeline-muellsackrolle-240-liter\/\" \/>\n<meta property=\"og:site_name\" content=\"Schweizer Shop f\u00fcr Sport, Spiel und Freizeit\" \/>\n<meta property=\"article:publisher\" content=\"https:\/\/www.facebook.com\/Schweizversand\" \/>\n<meta property=\"article:modified_time\" content=\"2026-04-21T00:03:58+00:00\" \/>\n<meta property=\"og:image\" content=\"https:\/\/schweizversand.ch\/wp-content\/uploads\/2026\/02\/5471532497.jpg\" \/>\n\t<meta property=\"og:image:width\" content=\"1024\" \/>\n\t<meta property=\"og:image:height\" content=\"769\" \/>\n\t<meta property=\"og:image:type\" content=\"image\/jpeg\" \/>\n<meta name=\"twitter:card\" content=\"summary_large_image\" \/>\n<meta name=\"twitter:label1\" content=\"Dur\u00e9e de lecture estim\u00e9e\" \/>\n\t<meta name=\"twitter:data1\" content=\"1 minute\" \/>\n<script type=\"application\/ld+json\" class=\"yoast-schema-graph\">{\"@context\":\"https:\\\/\\\/schema.org\",\"@graph\":[{\"@type\":\"WebPage\",\"@id\":\"https:\\\/\\\/schweizversand.ch\\\/fr\\\/produkt\\\/homeline-muellsackrolle-240-liter\\\/\",\"url\":\"https:\\\/\\\/schweizversand.ch\\\/fr\\\/produkt\\\/homeline-muellsackrolle-240-liter\\\/\",\"name\":\"Homeline M\u00fcllsackrolle 240 Liter | Jetzt kaufen | Schweizversand.ch\",\"isPartOf\":{\"@id\":\"https:\\\/\\\/schweizversand.ch\\\/fr\\\/#website\"},\"primaryImageOfPage\":{\"@id\":\"https:\\\/\\\/schweizversand.ch\\\/fr\\\/produkt\\\/homeline-muellsackrolle-240-liter\\\/#primaryimage\"},\"image\":{\"@id\":\"https:\\\/\\\/schweizversand.ch\\\/fr\\\/produkt\\\/homeline-muellsackrolle-240-liter\\\/#primaryimage\"},\"thumbnailUrl\":\"https:\\\/\\\/schweizversand.ch\\\/wp-content\\\/uploads\\\/2026\\\/02\\\/5471532497.jpg\",\"datePublished\":\"2026-03-14T22:21:36+00:00\",\"dateModified\":\"2026-04-21T00:03:58+00:00\",\"description\":\"Homeline M\u00fcllsackrolle 240 Liter g\u00fcnstig kaufen bei Schweizversand.ch. Schnelle Lieferung in der Schweiz. Gratisversand ab CHF 50.\",\"breadcrumb\":{\"@id\":\"https:\\\/\\\/schweizversand.ch\\\/fr\\\/produkt\\\/homeline-muellsackrolle-240-liter\\\/#breadcrumb\"},\"inLanguage\":\"fr-FR\",\"potentialAction\":[{\"@type\":\"ReadAction\",\"target\":[\"https:\\\/\\\/schweizversand.ch\\\/fr\\\/produkt\\\/homeline-muellsackrolle-240-liter\\\/\"]}]},{\"@type\":\"ImageObject\",\"inLanguage\":\"fr-FR\",\"@id\":\"https:\\\/\\\/schweizversand.ch\\\/fr\\\/produkt\\\/homeline-muellsackrolle-240-liter\\\/#primaryimage\",\"url\":\"https:\\\/\\\/schweizversand.ch\\\/wp-content\\\/uploads\\\/2026\\\/02\\\/5471532497.jpg\",\"contentUrl\":\"https:\\\/\\\/schweizversand.ch\\\/wp-content\\\/uploads\\\/2026\\\/02\\\/5471532497.jpg\",\"width\":1024,\"height\":769},{\"@type\":\"BreadcrumbList\",\"@id\":\"https:\\\/\\\/schweizversand.ch\\\/fr\\\/produkt\\\/homeline-muellsackrolle-240-liter\\\/#breadcrumb\",\"itemListElement\":[{\"@type\":\"ListItem\",\"position\":1,\"name\":\"Startseite\",\"item\":\"https:\\\/\\\/schweizversand.ch\\\/fr\\\/home\\\/\"},{\"@type\":\"ListItem\",\"position\":2,\"name\":\"Boutique\",\"item\":\"https:\\\/\\\/schweizversand.ch\\\/fr\\\/boutique\\\/\"},{\"@type\":\"ListItem\",\"position\":3,\"name\":\"M\u00e9nage\",\"item\":\"https:\\\/\\\/schweizversand.ch\\\/fr\\\/produkt-kategorie\\\/menage\\\/\"},{\"@type\":\"ListItem\",\"position\":4,\"name\":\"Cuisine\",\"item\":\"https:\\\/\\\/schweizversand.ch\\\/fr\\\/produkt-kategorie\\\/menage\\\/cuisine\\\/\"},{\"@type\":\"ListItem\",\"position\":5,\"name\":\"\u00c9limination des d\u00e9chets\",\"item\":\"https:\\\/\\\/schweizversand.ch\\\/fr\\\/produkt-kategorie\\\/menage\\\/cuisine\\\/entsorgen-reinigen\\\/\"},{\"@type\":\"ListItem\",\"position\":6,\"name\":\"Nettoyage\",\"item\":\"https:\\\/\\\/schweizversand.ch\\\/fr\\\/produkt-kategorie\\\/menage\\\/cuisine\\\/entsorgen-reinigen\\\/nettoyage\\\/\"},{\"@type\":\"ListItem\",\"position\":7,\"name\":\"Rouleau de sac poubelle Homeline 240 litres\"}]},{\"@type\":\"WebSite\",\"@id\":\"https:\\\/\\\/schweizversand.ch\\\/fr\\\/#website\",\"url\":\"https:\\\/\\\/schweizversand.ch\\\/fr\\\/\",\"name\":\"Schweizer Shop f\u00fcr Sport, Spiel und Freizeit\",\"description\":\"Gratisversand ab 50.- (netto), ab eigenem schweizer Lager, Lieferung innert 48h\",\"publisher\":{\"@id\":\"https:\\\/\\\/schweizversand.ch\\\/fr\\\/#organization\"},\"alternateName\":\"Schweizversand.ch\",\"potentialAction\":[{\"@type\":\"SearchAction\",\"target\":{\"@type\":\"EntryPoint\",\"urlTemplate\":\"https:\\\/\\\/schweizversand.ch\\\/fr\\\/?s={search_term_string}\"},\"query-input\":{\"@type\":\"PropertyValueSpecification\",\"valueRequired\":true,\"valueName\":\"search_term_string\"}}],\"inLanguage\":\"fr-FR\"},{\"@type\":\"Organization\",\"@id\":\"https:\\\/\\\/schweizversand.ch\\\/fr\\\/#organization\",\"name\":\"Schweizversand.ch\",\"url\":\"https:\\\/\\\/schweizversand.ch\\\/fr\\\/\",\"logo\":{\"@type\":\"ImageObject\",\"inLanguage\":\"fr-FR\",\"@id\":\"https:\\\/\\\/schweizversand.ch\\\/fr\\\/#\\\/schema\\\/logo\\\/image\\\/\",\"url\":\"https:\\\/\\\/schweizversand.ch\\\/wp-content\\\/uploads\\\/2026\\\/03\\\/Logo_Rund_Final-1.png\",\"contentUrl\":\"https:\\\/\\\/schweizversand.ch\\\/wp-content\\\/uploads\\\/2026\\\/03\\\/Logo_Rund_Final-1.png\",\"width\":404,\"height\":404,\"caption\":\"Schweizversand.ch\"},\"image\":{\"@id\":\"https:\\\/\\\/schweizversand.ch\\\/fr\\\/#\\\/schema\\\/logo\\\/image\\\/\"},\"sameAs\":[\"https:\\\/\\\/www.facebook.com\\\/Schweizversand\",\"https:\\\/\\\/www.instagram.com\\\/schweizversand.ch\\\/\"]}]}<\/script>\n<!-- \/ Yoast SEO plugin. -->","yoast_head_json":{"title":"Homeline M\u00fcllsackrolle 240 Liter | Jetzt kaufen | Schweizversand.ch","description":"Homeline M\u00fcllsackrolle 240 Liter g\u00fcnstig kaufen bei Schweizversand.ch. Schnelle Lieferung in der Schweiz. Gratisversand ab CHF 50.","robots":{"index":"index","follow":"follow","max-snippet":"max-snippet:-1","max-image-preview":"max-image-preview:large","max-video-preview":"max-video-preview:-1"},"canonical":"https:\/\/schweizversand.ch\/fr\/produkt\/homeline-muellsackrolle-240-liter\/","og_locale":"fr_FR","og_type":"article","og_title":"Homeline M\u00fcllsackrolle 240 Liter | Jetzt kaufen | Schweizversand.ch","og_description":"Homeline M\u00fcllsackrolle 240 Liter g\u00fcnstig kaufen bei Schweizversand.ch. Schnelle Lieferung in der Schweiz. Gratisversand ab CHF 50.","og_url":"https:\/\/schweizversand.ch\/fr\/produkt\/homeline-muellsackrolle-240-liter\/","og_site_name":"Schweizer Shop f\u00fcr Sport, Spiel und Freizeit","article_publisher":"https:\/\/www.facebook.com\/Schweizversand","article_modified_time":"2026-04-21T00:03:58+00:00","og_image":[{"width":1024,"height":769,"url":"https:\/\/schweizversand.ch\/wp-content\/uploads\/2026\/02\/5471532497.jpg","type":"image\/jpeg"}],"twitter_card":"summary_large_image","twitter_misc":{"Dur\u00e9e de lecture estim\u00e9e":"1 minute"},"schema":{"@context":"https:\/\/schema.org","@graph":[{"@type":"WebPage","@id":"https:\/\/schweizversand.ch\/fr\/produkt\/homeline-muellsackrolle-240-liter\/","url":"https:\/\/schweizversand.ch\/fr\/produkt\/homeline-muellsackrolle-240-liter\/","name":"Homeline M\u00fcllsackrolle 240 Liter | Jetzt kaufen | Schweizversand.ch","isPartOf":{"@id":"https:\/\/schweizversand.ch\/fr\/#website"},"primaryImageOfPage":{"@id":"https:\/\/schweizversand.ch\/fr\/produkt\/homeline-muellsackrolle-240-liter\/#primaryimage"},"image":{"@id":"https:\/\/schweizversand.ch\/fr\/produkt\/homeline-muellsackrolle-240-liter\/#primaryimage"},"thumbnailUrl":"https:\/\/schweizversand.ch\/wp-content\/uploads\/2026\/02\/5471532497.jpg","datePublished":"2026-03-14T22:21:36+00:00","dateModified":"2026-04-21T00:03:58+00:00","description":"Homeline M\u00fcllsackrolle 240 Liter g\u00fcnstig kaufen bei Schweizversand.ch. Schnelle Lieferung in der Schweiz. Gratisversand ab CHF 50.","breadcrumb":{"@id":"https:\/\/schweizversand.ch\/fr\/produkt\/homeline-muellsackrolle-240-liter\/#breadcrumb"},"inLanguage":"fr-FR","potentialAction":[{"@type":"ReadAction","target":["https:\/\/schweizversand.ch\/fr\/produkt\/homeline-muellsackrolle-240-liter\/"]}]},{"@type":"ImageObject","inLanguage":"fr-FR","@id":"https:\/\/schweizversand.ch\/fr\/produkt\/homeline-muellsackrolle-240-liter\/#primaryimage","url":"https:\/\/schweizversand.ch\/wp-content\/uploads\/2026\/02\/5471532497.jpg","contentUrl":"https:\/\/schweizversand.ch\/wp-content\/uploads\/2026\/02\/5471532497.jpg","width":1024,"height":769},{"@type":"BreadcrumbList","@id":"https:\/\/schweizversand.ch\/fr\/produkt\/homeline-muellsackrolle-240-liter\/#breadcrumb","itemListElement":[{"@type":"ListItem","position":1,"name":"Startseite","item":"https:\/\/schweizversand.ch\/fr\/home\/"},{"@type":"ListItem","position":2,"name":"Boutique","item":"https:\/\/schweizversand.ch\/fr\/boutique\/"},{"@type":"ListItem","position":3,"name":"M\u00e9nage","item":"https:\/\/schweizversand.ch\/fr\/produkt-kategorie\/menage\/"},{"@type":"ListItem","position":4,"name":"Cuisine","item":"https:\/\/schweizversand.ch\/fr\/produkt-kategorie\/menage\/cuisine\/"},{"@type":"ListItem","position":5,"name":"\u00c9limination des d\u00e9chets","item":"https:\/\/schweizversand.ch\/fr\/produkt-kategorie\/menage\/cuisine\/entsorgen-reinigen\/"},{"@type":"ListItem","position":6,"name":"Nettoyage","item":"https:\/\/schweizversand.ch\/fr\/produkt-kategorie\/menage\/cuisine\/entsorgen-reinigen\/nettoyage\/"},{"@type":"ListItem","position":7,"name":"Rouleau de sac poubelle Homeline 240 litres"}]},{"@type":"WebSite","@id":"https:\/\/schweizversand.ch\/fr\/#website","url":"https:\/\/schweizversand.ch\/fr\/","name":"Schweizer Shop f\u00fcr Sport, Spiel und Freizeit","description":"Gratisversand ab 50.- (netto), ab eigenem schweizer Lager, Lieferung innert 48h","publisher":{"@id":"https:\/\/schweizversand.ch\/fr\/#organization"},"alternateName":"Schweizversand.ch","potentialAction":[{"@type":"SearchAction","target":{"@type":"EntryPoint","urlTemplate":"https:\/\/schweizversand.ch\/fr\/?s={search_term_string}"},"query-input":{"@type":"PropertyValueSpecification","valueRequired":true,"valueName":"search_term_string"}}],"inLanguage":"fr-FR"},{"@type":"Organization","@id":"https:\/\/schweizversand.ch\/fr\/#organization","name":"Schweizversand.ch","url":"https:\/\/schweizversand.ch\/fr\/","logo":{"@type":"ImageObject","inLanguage":"fr-FR","@id":"https:\/\/schweizversand.ch\/fr\/#\/schema\/logo\/image\/","url":"https:\/\/schweizversand.ch\/wp-content\/uploads\/2026\/03\/Logo_Rund_Final-1.png","contentUrl":"https:\/\/schweizversand.ch\/wp-content\/uploads\/2026\/03\/Logo_Rund_Final-1.png","width":404,"height":404,"caption":"Schweizversand.ch"},"image":{"@id":"https:\/\/schweizversand.ch\/fr\/#\/schema\/logo\/image\/"},"sameAs":["https:\/\/www.facebook.com\/Schweizversand","https:\/\/www.instagram.com\/schweizversand.ch\/"]}]}},"jetpack_sharing_enabled":true,"_links":{"self":[{"href":"https:\/\/schweizversand.ch\/fr\/wp-json\/wp\/v2\/product\/247279","targetHints":{"allow":["GET"]}}],"collection":[{"href":"https:\/\/schweizversand.ch\/fr\/wp-json\/wp\/v2\/product"}],"about":[{"href":"https:\/\/schweizversand.ch\/fr\/wp-json\/wp\/v2\/types\/product"}],"replies":[{"embeddable":true,"href":"https:\/\/schweizversand.ch\/fr\/wp-json\/wp\/v2\/comments?post=247279"}],"wp:featuredmedia":[{"embeddable":true,"href":"https:\/\/schweizversand.ch\/fr\/wp-json\/wp\/v2\/media\/165005"}],"wp:attachment":[{"href":"https:\/\/schweizversand.ch\/fr\/wp-json\/wp\/v2\/media?parent=247279"}],"wp:term":[{"taxonomy":"product_brand","embeddable":true,"href":"https:\/\/schweizversand.ch\/fr\/wp-json\/wp\/v2\/product_brand?post=247279"},{"taxonomy":"product_cat","embeddable":true,"href":"https:\/\/schweizversand.ch\/fr\/wp-json\/wp\/v2\/product_cat?post=247279"},{"taxonomy":"product_tag","embeddable":true,"href":"https:\/\/schweizversand.ch\/fr\/wp-json\/wp\/v2\/product_tag?post=247279"}],"curies":[{"name":"wp","href":"https:\/\/api.w.org\/{rel}","templated":true}]}}