{"id":247283,"date":"2026-03-14T23:21:37","date_gmt":"2026-03-14T22:21:37","guid":{"rendered":"https:\/\/schweizversand.ch\/produkt\/deski-aluminium-bratpfanne\/"},"modified":"2026-04-19T02:05:20","modified_gmt":"2026-04-19T00:05:20","slug":"deski-aluminium-bratpfanne","status":"publish","type":"product","link":"https:\/\/schweizversand.ch\/fr\/produkt\/deski-aluminium-bratpfanne\/","title":{"rendered":"Po\u00eale \u00e0 frire en aluminium Deski"},"content":{"rendered":"<h1><strong>Po\u00eale antiadh\u00e9sive en c\u00e9ramique 24 cm<\/strong><\/h1>\n<div>Red\u00e9couvrez le plaisir de cuisiner avec cette po\u00eale en c\u00e9ramique de haute qualit\u00e9. Elle allie d&rsquo;excellentes propri\u00e9t\u00e9s antiadh\u00e9sives \u00e0 une construction robuste et est l&rsquo;alli\u00e9e id\u00e9ale de vos cr\u00e9ations culinaires quotidiennes. Obtenez des r\u00e9sultats croustillants sans effort tout en r\u00e9duisant votre consommation de mati\u00e8res grasses.<\/p>\n<\/div>\n<div><strong>Performances de cuisson impressionnantes et technologie antiadh\u00e9sive<\/strong><br \/>Cette po\u00eale en aluminium antiadh\u00e9sive est dot\u00e9e d&rsquo;un double rev\u00eatement en c\u00e9ramique qui emp\u00eache les aliments de br\u00fbler, m\u00eame avec une quantit\u00e9 minimale de mati\u00e8re grasse. Le double rev\u00eatement en c\u00e9ramique est neutre en go\u00fbt et en odeur, pr\u00e9servant ainsi la saveur authentique de vos aliments. Gr\u00e2ce \u00e0 une r\u00e9partition rapide et homog\u00e8ne de la chaleur, vous \u00e9conomisez \u00e9galement du temps et de l&rsquo;\u00e9nergie. Compatibilit\u00e9 et utilisation\u00a0: Cette po\u00eale polyvalente convient \u00e0 tous les types de feux et est parfaitement compatible avec les plaques \u00e0 induction, vitroc\u00e9ramiques, halog\u00e8nes, \u00e0 gaz et \u00e9lectriques. La poign\u00e9e en bak\u00e9lite r\u00e9sistante \u00e0 la chaleur et douce au toucher assure une manipulation s\u00fbre et confortable. Profitez d&rsquo;une flexibilit\u00e9 maximale dans votre cuisine avec cette po\u00eale \u00e0 frire de haute qualit\u00e9.<\/p>\n<\/div>\n<div><strong>Caract\u00e9ristiques et entretien du produit<\/strong><br \/>&#8211; Dimensions\u00a0: \u00d8 24\u00a0cm de diam\u00e8tre<br \/>&#8211; Rev\u00eatement\u00a0: Double rev\u00eatement antiadh\u00e9sif en c\u00e9ramique<br \/>&#8211; R\u00e9sistance \u00e0 la chaleur\u00a0: Compatible four jusqu&rsquo;\u00e0 180\u00a0\u00b0C<br \/>&#8211; Nettoyage\u00a0: Particuli\u00e8rement facile \u00e0 nettoyer, compatible lave-vaisselle<br \/>&#8211; Poign\u00e9e\u00a0: Poign\u00e9e ergonomique en bak\u00e9lite r\u00e9sistante \u00e0 la chaleur<\/p>\n<\/div>\n<div><strong>Sp\u00e9cifications techniques<\/strong><br \/>&#8211; Dimensions hors tout de la po\u00eale\u00a0: L 42,7 x P 24 x H 4,7\u00a0cm<br \/>&#8211; Diam\u00e8tre du fond\u00a0: \u00d8 19,5\u00a0cm<br \/>&#8211; Longueur de la poign\u00e9e\u00a0: L 17,5\u00a0cm<\/p>\n<\/div>\n<div>Investissez dans cette po\u00eale \u00e0 frire en c\u00e9ramique de 28\u00a0cm (Remarque\u00a0: La taille propos\u00e9e est de 24\u00a0cm, mais la qualit\u00e9 est identique) et d\u00e9couvrez la facilit\u00e9 avec laquelle vous pouvez pr\u00e9parer des plats sains et croustillants. Frire peut \u00eatre facile. Commandez d\u00e8s maintenant et enrichissez votre cuisine avec cet outil indispensable.<\/p>\n<\/div>\n<div>\n<\/div>\n","protected":false},"excerpt":{"rendered":"<p>Po\u00eale antiadh\u00e9sive en c\u00e9ramique 24 cm Red\u00e9couvrez le plaisir de cuisiner avec cette po\u00eale en c\u00e9ramique de haute qualit\u00e9. Elle allie d&rsquo;excellentes propri\u00e9t\u00e9s antiadh\u00e9sives \u00e0 une construction robuste et est l&rsquo;alli\u00e9e id\u00e9ale de vos cr\u00e9ations culinaires quotidiennes. Obtenez des r\u00e9sultats croustillants sans effort tout en r\u00e9duisant votre consommation de mati\u00e8res grasses. Performances de cuisson impressionnantes et technologie antiadh\u00e9siveCette po\u00eale en aluminium antiadh\u00e9sive est dot\u00e9e d&rsquo;un double rev\u00eatement en c\u00e9ramique qui emp\u00eache les aliments de br\u00fbler,&hellip;<\/p>\n","protected":false},"featured_media":165010,"comment_status":"open","ping_status":"closed","template":"","meta":[],"product_brand":[],"product_cat":[38135],"product_tag":[],"class_list":{"0":"post-247283","1":"product","2":"type-product","3":"status-publish","4":"has-post-thumbnail","6":"product_cat-kochen-zubereiten","7":"product_shipping_class-global_methods","9":"first","10":"instock","11":"taxable","12":"shipping-taxable","13":"purchasable","14":"product-type-simple"},"yoast_head":"<!-- This site is optimized with the Yoast SEO plugin v27.4 - https:\/\/yoast.com\/product\/yoast-seo-wordpress\/ -->\n<title>Deski Aluminium Bratpfanne | Jetzt kaufen | Schweizversand.ch<\/title>\n<meta name=\"description\" content=\"Deski Aluminium Bratpfanne g\u00fcnstig kaufen bei Schweizversand.ch. Schnelle Lieferung in der Schweiz. Gratisversand ab CHF 50.\" \/>\n<meta name=\"robots\" content=\"index, follow, max-snippet:-1, max-image-preview:large, max-video-preview:-1\" \/>\n<link rel=\"canonical\" href=\"https:\/\/schweizversand.ch\/fr\/produkt\/deski-aluminium-bratpfanne\/\" \/>\n<meta property=\"og:locale\" content=\"fr_FR\" \/>\n<meta property=\"og:type\" content=\"article\" \/>\n<meta property=\"og:title\" content=\"Deski Aluminium Bratpfanne | Jetzt kaufen | Schweizversand.ch\" \/>\n<meta property=\"og:description\" content=\"Deski Aluminium Bratpfanne g\u00fcnstig kaufen bei Schweizversand.ch. Schnelle Lieferung in der Schweiz. Gratisversand ab CHF 50.\" \/>\n<meta property=\"og:url\" content=\"https:\/\/schweizversand.ch\/fr\/produkt\/deski-aluminium-bratpfanne\/\" \/>\n<meta property=\"og:site_name\" content=\"Schweizer Shop f\u00fcr Sport, Spiel und Freizeit\" \/>\n<meta property=\"article:publisher\" content=\"https:\/\/www.facebook.com\/Schweizversand\" \/>\n<meta property=\"article:modified_time\" content=\"2026-04-19T00:05:20+00:00\" \/>\n<meta property=\"og:image\" content=\"https:\/\/schweizversand.ch\/wp-content\/uploads\/2026\/02\/5471652885.jpg\" \/>\n\t<meta property=\"og:image:width\" content=\"1024\" \/>\n\t<meta property=\"og:image:height\" content=\"615\" \/>\n\t<meta property=\"og:image:type\" content=\"image\/jpeg\" \/>\n<meta name=\"twitter:card\" content=\"summary_large_image\" \/>\n<meta name=\"twitter:label1\" content=\"Dur\u00e9e de lecture estim\u00e9e\" \/>\n\t<meta name=\"twitter:data1\" content=\"2 minutes\" \/>\n<script type=\"application\/ld+json\" class=\"yoast-schema-graph\">{\"@context\":\"https:\\\/\\\/schema.org\",\"@graph\":[{\"@type\":\"WebPage\",\"@id\":\"https:\\\/\\\/schweizversand.ch\\\/fr\\\/produkt\\\/deski-aluminium-bratpfanne\\\/\",\"url\":\"https:\\\/\\\/schweizversand.ch\\\/fr\\\/produkt\\\/deski-aluminium-bratpfanne\\\/\",\"name\":\"Deski Aluminium Bratpfanne | Jetzt kaufen | Schweizversand.ch\",\"isPartOf\":{\"@id\":\"https:\\\/\\\/schweizversand.ch\\\/fr\\\/#website\"},\"primaryImageOfPage\":{\"@id\":\"https:\\\/\\\/schweizversand.ch\\\/fr\\\/produkt\\\/deski-aluminium-bratpfanne\\\/#primaryimage\"},\"image\":{\"@id\":\"https:\\\/\\\/schweizversand.ch\\\/fr\\\/produkt\\\/deski-aluminium-bratpfanne\\\/#primaryimage\"},\"thumbnailUrl\":\"https:\\\/\\\/schweizversand.ch\\\/wp-content\\\/uploads\\\/2026\\\/02\\\/5471652885.jpg\",\"datePublished\":\"2026-03-14T22:21:37+00:00\",\"dateModified\":\"2026-04-19T00:05:20+00:00\",\"description\":\"Deski Aluminium Bratpfanne g\u00fcnstig kaufen bei Schweizversand.ch. Schnelle Lieferung in der Schweiz. Gratisversand ab CHF 50.\",\"breadcrumb\":{\"@id\":\"https:\\\/\\\/schweizversand.ch\\\/fr\\\/produkt\\\/deski-aluminium-bratpfanne\\\/#breadcrumb\"},\"inLanguage\":\"fr-FR\",\"potentialAction\":[{\"@type\":\"ReadAction\",\"target\":[\"https:\\\/\\\/schweizversand.ch\\\/fr\\\/produkt\\\/deski-aluminium-bratpfanne\\\/\"]}]},{\"@type\":\"ImageObject\",\"inLanguage\":\"fr-FR\",\"@id\":\"https:\\\/\\\/schweizversand.ch\\\/fr\\\/produkt\\\/deski-aluminium-bratpfanne\\\/#primaryimage\",\"url\":\"https:\\\/\\\/schweizversand.ch\\\/wp-content\\\/uploads\\\/2026\\\/02\\\/5471652885.jpg\",\"contentUrl\":\"https:\\\/\\\/schweizversand.ch\\\/wp-content\\\/uploads\\\/2026\\\/02\\\/5471652885.jpg\",\"width\":1024,\"height\":615},{\"@type\":\"BreadcrumbList\",\"@id\":\"https:\\\/\\\/schweizversand.ch\\\/fr\\\/produkt\\\/deski-aluminium-bratpfanne\\\/#breadcrumb\",\"itemListElement\":[{\"@type\":\"ListItem\",\"position\":1,\"name\":\"Startseite\",\"item\":\"https:\\\/\\\/schweizversand.ch\\\/fr\\\/home\\\/\"},{\"@type\":\"ListItem\",\"position\":2,\"name\":\"Boutique\",\"item\":\"https:\\\/\\\/schweizversand.ch\\\/fr\\\/boutique\\\/\"},{\"@type\":\"ListItem\",\"position\":3,\"name\":\"M\u00e9nage\",\"item\":\"https:\\\/\\\/schweizversand.ch\\\/fr\\\/produkt-kategorie\\\/menage\\\/\"},{\"@type\":\"ListItem\",\"position\":4,\"name\":\"Cuisine\",\"item\":\"https:\\\/\\\/schweizversand.ch\\\/fr\\\/produkt-kategorie\\\/menage\\\/cuisine\\\/\"},{\"@type\":\"ListItem\",\"position\":5,\"name\":\"Pr\u00e9paration\",\"item\":\"https:\\\/\\\/schweizversand.ch\\\/fr\\\/produkt-kategorie\\\/menage\\\/cuisine\\\/kochen-zubereiten\\\/\"},{\"@type\":\"ListItem\",\"position\":6,\"name\":\"Po\u00eale \u00e0 frire en aluminium Deski\"}]},{\"@type\":\"WebSite\",\"@id\":\"https:\\\/\\\/schweizversand.ch\\\/fr\\\/#website\",\"url\":\"https:\\\/\\\/schweizversand.ch\\\/fr\\\/\",\"name\":\"Schweizer Shop f\u00fcr Sport, Spiel und Freizeit\",\"description\":\"Gratisversand ab 50.- (netto), ab eigenem schweizer Lager, Lieferung innert 48h\",\"publisher\":{\"@id\":\"https:\\\/\\\/schweizversand.ch\\\/fr\\\/#organization\"},\"alternateName\":\"Schweizversand.ch\",\"potentialAction\":[{\"@type\":\"SearchAction\",\"target\":{\"@type\":\"EntryPoint\",\"urlTemplate\":\"https:\\\/\\\/schweizversand.ch\\\/fr\\\/?s={search_term_string}\"},\"query-input\":{\"@type\":\"PropertyValueSpecification\",\"valueRequired\":true,\"valueName\":\"search_term_string\"}}],\"inLanguage\":\"fr-FR\"},{\"@type\":\"Organization\",\"@id\":\"https:\\\/\\\/schweizversand.ch\\\/fr\\\/#organization\",\"name\":\"Schweizversand.ch\",\"url\":\"https:\\\/\\\/schweizversand.ch\\\/fr\\\/\",\"logo\":{\"@type\":\"ImageObject\",\"inLanguage\":\"fr-FR\",\"@id\":\"https:\\\/\\\/schweizversand.ch\\\/fr\\\/#\\\/schema\\\/logo\\\/image\\\/\",\"url\":\"https:\\\/\\\/schweizversand.ch\\\/wp-content\\\/uploads\\\/2026\\\/03\\\/Logo_Rund_Final-1.png\",\"contentUrl\":\"https:\\\/\\\/schweizversand.ch\\\/wp-content\\\/uploads\\\/2026\\\/03\\\/Logo_Rund_Final-1.png\",\"width\":404,\"height\":404,\"caption\":\"Schweizversand.ch\"},\"image\":{\"@id\":\"https:\\\/\\\/schweizversand.ch\\\/fr\\\/#\\\/schema\\\/logo\\\/image\\\/\"},\"sameAs\":[\"https:\\\/\\\/www.facebook.com\\\/Schweizversand\",\"https:\\\/\\\/www.instagram.com\\\/schweizversand.ch\\\/\"]}]}<\/script>\n<!-- \/ Yoast SEO plugin. -->","yoast_head_json":{"title":"Deski Aluminium Bratpfanne | Jetzt kaufen | Schweizversand.ch","description":"Deski Aluminium Bratpfanne g\u00fcnstig kaufen bei Schweizversand.ch. Schnelle Lieferung in der Schweiz. Gratisversand ab CHF 50.","robots":{"index":"index","follow":"follow","max-snippet":"max-snippet:-1","max-image-preview":"max-image-preview:large","max-video-preview":"max-video-preview:-1"},"canonical":"https:\/\/schweizversand.ch\/fr\/produkt\/deski-aluminium-bratpfanne\/","og_locale":"fr_FR","og_type":"article","og_title":"Deski Aluminium Bratpfanne | Jetzt kaufen | Schweizversand.ch","og_description":"Deski Aluminium Bratpfanne g\u00fcnstig kaufen bei Schweizversand.ch. Schnelle Lieferung in der Schweiz. Gratisversand ab CHF 50.","og_url":"https:\/\/schweizversand.ch\/fr\/produkt\/deski-aluminium-bratpfanne\/","og_site_name":"Schweizer Shop f\u00fcr Sport, Spiel und Freizeit","article_publisher":"https:\/\/www.facebook.com\/Schweizversand","article_modified_time":"2026-04-19T00:05:20+00:00","og_image":[{"width":1024,"height":615,"url":"https:\/\/schweizversand.ch\/wp-content\/uploads\/2026\/02\/5471652885.jpg","type":"image\/jpeg"}],"twitter_card":"summary_large_image","twitter_misc":{"Dur\u00e9e de lecture estim\u00e9e":"2 minutes"},"schema":{"@context":"https:\/\/schema.org","@graph":[{"@type":"WebPage","@id":"https:\/\/schweizversand.ch\/fr\/produkt\/deski-aluminium-bratpfanne\/","url":"https:\/\/schweizversand.ch\/fr\/produkt\/deski-aluminium-bratpfanne\/","name":"Deski Aluminium Bratpfanne | Jetzt kaufen | Schweizversand.ch","isPartOf":{"@id":"https:\/\/schweizversand.ch\/fr\/#website"},"primaryImageOfPage":{"@id":"https:\/\/schweizversand.ch\/fr\/produkt\/deski-aluminium-bratpfanne\/#primaryimage"},"image":{"@id":"https:\/\/schweizversand.ch\/fr\/produkt\/deski-aluminium-bratpfanne\/#primaryimage"},"thumbnailUrl":"https:\/\/schweizversand.ch\/wp-content\/uploads\/2026\/02\/5471652885.jpg","datePublished":"2026-03-14T22:21:37+00:00","dateModified":"2026-04-19T00:05:20+00:00","description":"Deski Aluminium Bratpfanne g\u00fcnstig kaufen bei Schweizversand.ch. Schnelle Lieferung in der Schweiz. Gratisversand ab CHF 50.","breadcrumb":{"@id":"https:\/\/schweizversand.ch\/fr\/produkt\/deski-aluminium-bratpfanne\/#breadcrumb"},"inLanguage":"fr-FR","potentialAction":[{"@type":"ReadAction","target":["https:\/\/schweizversand.ch\/fr\/produkt\/deski-aluminium-bratpfanne\/"]}]},{"@type":"ImageObject","inLanguage":"fr-FR","@id":"https:\/\/schweizversand.ch\/fr\/produkt\/deski-aluminium-bratpfanne\/#primaryimage","url":"https:\/\/schweizversand.ch\/wp-content\/uploads\/2026\/02\/5471652885.jpg","contentUrl":"https:\/\/schweizversand.ch\/wp-content\/uploads\/2026\/02\/5471652885.jpg","width":1024,"height":615},{"@type":"BreadcrumbList","@id":"https:\/\/schweizversand.ch\/fr\/produkt\/deski-aluminium-bratpfanne\/#breadcrumb","itemListElement":[{"@type":"ListItem","position":1,"name":"Startseite","item":"https:\/\/schweizversand.ch\/fr\/home\/"},{"@type":"ListItem","position":2,"name":"Boutique","item":"https:\/\/schweizversand.ch\/fr\/boutique\/"},{"@type":"ListItem","position":3,"name":"M\u00e9nage","item":"https:\/\/schweizversand.ch\/fr\/produkt-kategorie\/menage\/"},{"@type":"ListItem","position":4,"name":"Cuisine","item":"https:\/\/schweizversand.ch\/fr\/produkt-kategorie\/menage\/cuisine\/"},{"@type":"ListItem","position":5,"name":"Pr\u00e9paration","item":"https:\/\/schweizversand.ch\/fr\/produkt-kategorie\/menage\/cuisine\/kochen-zubereiten\/"},{"@type":"ListItem","position":6,"name":"Po\u00eale \u00e0 frire en aluminium Deski"}]},{"@type":"WebSite","@id":"https:\/\/schweizversand.ch\/fr\/#website","url":"https:\/\/schweizversand.ch\/fr\/","name":"Schweizer Shop f\u00fcr Sport, Spiel und Freizeit","description":"Gratisversand ab 50.- (netto), ab eigenem schweizer Lager, Lieferung innert 48h","publisher":{"@id":"https:\/\/schweizversand.ch\/fr\/#organization"},"alternateName":"Schweizversand.ch","potentialAction":[{"@type":"SearchAction","target":{"@type":"EntryPoint","urlTemplate":"https:\/\/schweizversand.ch\/fr\/?s={search_term_string}"},"query-input":{"@type":"PropertyValueSpecification","valueRequired":true,"valueName":"search_term_string"}}],"inLanguage":"fr-FR"},{"@type":"Organization","@id":"https:\/\/schweizversand.ch\/fr\/#organization","name":"Schweizversand.ch","url":"https:\/\/schweizversand.ch\/fr\/","logo":{"@type":"ImageObject","inLanguage":"fr-FR","@id":"https:\/\/schweizversand.ch\/fr\/#\/schema\/logo\/image\/","url":"https:\/\/schweizversand.ch\/wp-content\/uploads\/2026\/03\/Logo_Rund_Final-1.png","contentUrl":"https:\/\/schweizversand.ch\/wp-content\/uploads\/2026\/03\/Logo_Rund_Final-1.png","width":404,"height":404,"caption":"Schweizversand.ch"},"image":{"@id":"https:\/\/schweizversand.ch\/fr\/#\/schema\/logo\/image\/"},"sameAs":["https:\/\/www.facebook.com\/Schweizversand","https:\/\/www.instagram.com\/schweizversand.ch\/"]}]}},"jetpack_sharing_enabled":true,"_links":{"self":[{"href":"https:\/\/schweizversand.ch\/fr\/wp-json\/wp\/v2\/product\/247283","targetHints":{"allow":["GET"]}}],"collection":[{"href":"https:\/\/schweizversand.ch\/fr\/wp-json\/wp\/v2\/product"}],"about":[{"href":"https:\/\/schweizversand.ch\/fr\/wp-json\/wp\/v2\/types\/product"}],"replies":[{"embeddable":true,"href":"https:\/\/schweizversand.ch\/fr\/wp-json\/wp\/v2\/comments?post=247283"}],"wp:featuredmedia":[{"embeddable":true,"href":"https:\/\/schweizversand.ch\/fr\/wp-json\/wp\/v2\/media\/165010"}],"wp:attachment":[{"href":"https:\/\/schweizversand.ch\/fr\/wp-json\/wp\/v2\/media?parent=247283"}],"wp:term":[{"taxonomy":"product_brand","embeddable":true,"href":"https:\/\/schweizversand.ch\/fr\/wp-json\/wp\/v2\/product_brand?post=247283"},{"taxonomy":"product_cat","embeddable":true,"href":"https:\/\/schweizversand.ch\/fr\/wp-json\/wp\/v2\/product_cat?post=247283"},{"taxonomy":"product_tag","embeddable":true,"href":"https:\/\/schweizversand.ch\/fr\/wp-json\/wp\/v2\/product_tag?post=247283"}],"curies":[{"name":"wp","href":"https:\/\/api.w.org\/{rel}","templated":true}]}}