{"id":247293,"date":"2026-03-14T23:21:38","date_gmt":"2026-03-14T22:21:38","guid":{"rendered":"https:\/\/schweizversand.ch\/produkt\/extreme-clean-autopflege-polster-teppichreiniger\/"},"modified":"2026-04-20T02:04:23","modified_gmt":"2026-04-20T00:04:23","slug":"extreme-clean-autopflege-polster-teppichreiniger","status":"publish","type":"product","link":"https:\/\/schweizversand.ch\/fr\/produkt\/extreme-clean-autopflege-polster-teppichreiniger\/","title":{"rendered":"Nettoyage extr\u00eame des si\u00e8ges, des tapis et des tissus d&rsquo;ameublement pour l&rsquo;entretien automobile"},"content":{"rendered":"<p>Vous souhaitez nettoyer et entretenir en profondeur les si\u00e8ges et tapis de votre voiture\u00a0? Notre nettoyant MultiAction est la solution id\u00e9ale\u00a0!<\/p>\n<\/p>\n<p>Formule MultiAction pour un nettoyage en profondeur\u00a0: Notre formule unique est con\u00e7ue pour capturer efficacement les particules de salet\u00e9. Qu&rsquo;il s&rsquo;agisse de poussi\u00e8re, de taches ou de salet\u00e9s tenaces, notre nettoyant les \u00e9limine efficacement.<\/p>\n<\/p>\n<p>Nettoie et prot\u00e8ge\u00a0: Notre produit n&rsquo;est pas seulement un nettoyant, mais aussi un v\u00e9ritable bouclier protecteur pour vos si\u00e8ges et tapis. Il nettoie en profondeur et forme une barri\u00e8re protectrice qui emp\u00eache la r\u00e9apparition des salet\u00e9s. Vos si\u00e8ges et tapis restent ainsi propres et frais plus longtemps.<\/p>\n<\/p>\n<p>\u00c9limine les mauvaises odeurs\u00a0: Notre nettoyant \u00e9limine non seulement la salet\u00e9, mais aussi les mauvaises odeurs. Il laisse un parfum agr\u00e9able qui rafra\u00eechit votre v\u00e9hicule et cr\u00e9e un environnement de conduite confortable.<\/p>\n<\/p>\n<p>Facile \u00e0 utiliser\u00a0: Notre flacon est \u00e9quip\u00e9 d&rsquo;un embout pulv\u00e9risateur pratique pour une application facile. Vaporisez simplement le produit sur la zone \u00e0 nettoyer, laissez agir, puis essuyez la salet\u00e9 et le produit.<\/p>\n<\/p>\n<p>Utilisation polyvalente\u00a0: Notre produit d&rsquo;entretien est excellent pour nettoyer et entretenir les si\u00e8ges et les tapis de votre voiture. C&rsquo;est le choix id\u00e9al pour garder votre v\u00e9hicule en parfait \u00e9tat.<\/p>\n<\/p>\n<p>Simplifiez-vous la vie et gardez votre voiture plus propre et plus fra\u00eeche. Gr\u00e2ce \u00e0 sa formule multi-actions, notre produit d&rsquo;entretien est id\u00e9al pour nettoyer et entretenir les si\u00e8ges et les tapis de votre voiture.<\/p>\n","protected":false},"excerpt":{"rendered":"<p>Vous souhaitez nettoyer et entretenir en profondeur les si\u00e8ges et tapis de votre voiture\u00a0? Notre nettoyant MultiAction est la solution id\u00e9ale\u00a0! Formule MultiAction pour un nettoyage en profondeur\u00a0: Notre formule unique est con\u00e7ue pour capturer efficacement les particules de salet\u00e9. Qu&rsquo;il s&rsquo;agisse de poussi\u00e8re, de taches ou de salet\u00e9s tenaces, notre nettoyant les \u00e9limine efficacement. Nettoie et prot\u00e8ge\u00a0: Notre produit n&rsquo;est pas seulement un nettoyant, mais aussi un v\u00e9ritable bouclier protecteur pour vos si\u00e8ges et&hellip;<\/p>\n","protected":false},"featured_media":165062,"comment_status":"open","ping_status":"closed","template":"","meta":[],"product_brand":[],"product_cat":[38168],"product_tag":[],"class_list":{"0":"post-247293","1":"product","2":"type-product","3":"status-publish","4":"has-post-thumbnail","6":"product_cat-reinigung-pflege","7":"product_shipping_class-global_methods","9":"first","10":"instock","11":"taxable","12":"shipping-taxable","13":"purchasable","14":"product-type-simple"},"yoast_head":"<!-- This site is optimized with the Yoast SEO plugin v27.4 - https:\/\/yoast.com\/product\/yoast-seo-wordpress\/ -->\n<title>Extreme Clean Autopflege Polster-Teppichreiniger | Jetzt kaufen | Schweizversand.ch<\/title>\n<meta name=\"description\" content=\"Extreme Clean Autopflege Polster-Teppichreiniger g\u00fcnstig kaufen bei Schweizversand.ch. Schnelle Lieferung in der Schweiz. Gratisversand ab CHF 50.\" \/>\n<meta name=\"robots\" content=\"index, follow, max-snippet:-1, max-image-preview:large, max-video-preview:-1\" \/>\n<link rel=\"canonical\" href=\"https:\/\/schweizversand.ch\/fr\/produkt\/extreme-clean-autopflege-polster-teppichreiniger\/\" \/>\n<meta property=\"og:locale\" content=\"fr_FR\" \/>\n<meta property=\"og:type\" content=\"article\" \/>\n<meta property=\"og:title\" content=\"Extreme Clean Autopflege Polster-Teppichreiniger | Jetzt kaufen | Schweizversand.ch\" \/>\n<meta property=\"og:description\" content=\"Extreme Clean Autopflege Polster-Teppichreiniger g\u00fcnstig kaufen bei Schweizversand.ch. Schnelle Lieferung in der Schweiz. Gratisversand ab CHF 50.\" \/>\n<meta property=\"og:url\" content=\"https:\/\/schweizversand.ch\/fr\/produkt\/extreme-clean-autopflege-polster-teppichreiniger\/\" \/>\n<meta property=\"og:site_name\" content=\"Schweizer Shop f\u00fcr Sport, Spiel und Freizeit\" \/>\n<meta property=\"article:publisher\" content=\"https:\/\/www.facebook.com\/Schweizversand\" \/>\n<meta property=\"article:modified_time\" content=\"2026-04-20T00:04:23+00:00\" \/>\n<meta property=\"og:image\" content=\"https:\/\/schweizversand.ch\/wp-content\/uploads\/2026\/02\/5471532442.jpg\" \/>\n\t<meta property=\"og:image:width\" content=\"1024\" \/>\n\t<meta property=\"og:image:height\" content=\"1024\" \/>\n\t<meta property=\"og:image:type\" content=\"image\/jpeg\" \/>\n<meta name=\"twitter:card\" content=\"summary_large_image\" \/>\n<meta name=\"twitter:label1\" content=\"Dur\u00e9e de lecture estim\u00e9e\" \/>\n\t<meta name=\"twitter:data1\" content=\"1 minute\" \/>\n<script type=\"application\/ld+json\" class=\"yoast-schema-graph\">{\"@context\":\"https:\\\/\\\/schema.org\",\"@graph\":[{\"@type\":\"WebPage\",\"@id\":\"https:\\\/\\\/schweizversand.ch\\\/fr\\\/produkt\\\/extreme-clean-autopflege-polster-teppichreiniger\\\/\",\"url\":\"https:\\\/\\\/schweizversand.ch\\\/fr\\\/produkt\\\/extreme-clean-autopflege-polster-teppichreiniger\\\/\",\"name\":\"Extreme Clean Autopflege Polster-Teppichreiniger | Jetzt kaufen | Schweizversand.ch\",\"isPartOf\":{\"@id\":\"https:\\\/\\\/schweizversand.ch\\\/fr\\\/#website\"},\"primaryImageOfPage\":{\"@id\":\"https:\\\/\\\/schweizversand.ch\\\/fr\\\/produkt\\\/extreme-clean-autopflege-polster-teppichreiniger\\\/#primaryimage\"},\"image\":{\"@id\":\"https:\\\/\\\/schweizversand.ch\\\/fr\\\/produkt\\\/extreme-clean-autopflege-polster-teppichreiniger\\\/#primaryimage\"},\"thumbnailUrl\":\"https:\\\/\\\/schweizversand.ch\\\/wp-content\\\/uploads\\\/2026\\\/02\\\/5471532442.jpg\",\"datePublished\":\"2026-03-14T22:21:38+00:00\",\"dateModified\":\"2026-04-20T00:04:23+00:00\",\"description\":\"Extreme Clean Autopflege Polster-Teppichreiniger g\u00fcnstig kaufen bei Schweizversand.ch. Schnelle Lieferung in der Schweiz. Gratisversand ab CHF 50.\",\"breadcrumb\":{\"@id\":\"https:\\\/\\\/schweizversand.ch\\\/fr\\\/produkt\\\/extreme-clean-autopflege-polster-teppichreiniger\\\/#breadcrumb\"},\"inLanguage\":\"fr-FR\",\"potentialAction\":[{\"@type\":\"ReadAction\",\"target\":[\"https:\\\/\\\/schweizversand.ch\\\/fr\\\/produkt\\\/extreme-clean-autopflege-polster-teppichreiniger\\\/\"]}]},{\"@type\":\"ImageObject\",\"inLanguage\":\"fr-FR\",\"@id\":\"https:\\\/\\\/schweizversand.ch\\\/fr\\\/produkt\\\/extreme-clean-autopflege-polster-teppichreiniger\\\/#primaryimage\",\"url\":\"https:\\\/\\\/schweizversand.ch\\\/wp-content\\\/uploads\\\/2026\\\/02\\\/5471532442.jpg\",\"contentUrl\":\"https:\\\/\\\/schweizversand.ch\\\/wp-content\\\/uploads\\\/2026\\\/02\\\/5471532442.jpg\",\"width\":1024,\"height\":1024},{\"@type\":\"BreadcrumbList\",\"@id\":\"https:\\\/\\\/schweizversand.ch\\\/fr\\\/produkt\\\/extreme-clean-autopflege-polster-teppichreiniger\\\/#breadcrumb\",\"itemListElement\":[{\"@type\":\"ListItem\",\"position\":1,\"name\":\"Startseite\",\"item\":\"https:\\\/\\\/schweizversand.ch\\\/fr\\\/home\\\/\"},{\"@type\":\"ListItem\",\"position\":2,\"name\":\"Boutique\",\"item\":\"https:\\\/\\\/schweizversand.ch\\\/fr\\\/boutique\\\/\"},{\"@type\":\"ListItem\",\"position\":3,\"name\":\"Accessoires pour v\u00e9hicules\",\"item\":\"https:\\\/\\\/schweizversand.ch\\\/fr\\\/produkt-kategorie\\\/accessoires-pour-vehicules\\\/\"},{\"@type\":\"ListItem\",\"position\":4,\"name\":\"Voiture\",\"item\":\"https:\\\/\\\/schweizversand.ch\\\/fr\\\/produkt-kategorie\\\/accessoires-pour-vehicules\\\/voiture\\\/\"},{\"@type\":\"ListItem\",\"position\":5,\"name\":\"Nettoyage et entretien\",\"item\":\"https:\\\/\\\/schweizversand.ch\\\/fr\\\/produkt-kategorie\\\/accessoires-pour-vehicules\\\/voiture\\\/reinigung-pflege\\\/\"},{\"@type\":\"ListItem\",\"position\":6,\"name\":\"Nettoyage extr\u00eame des si\u00e8ges, des tapis et des tissus d&#8217;ameublement pour l&#8217;entretien automobile\"}]},{\"@type\":\"WebSite\",\"@id\":\"https:\\\/\\\/schweizversand.ch\\\/fr\\\/#website\",\"url\":\"https:\\\/\\\/schweizversand.ch\\\/fr\\\/\",\"name\":\"Schweizer Shop f\u00fcr Sport, Spiel und Freizeit\",\"description\":\"Gratisversand ab 50.- (netto), ab eigenem schweizer Lager, Lieferung innert 48h\",\"publisher\":{\"@id\":\"https:\\\/\\\/schweizversand.ch\\\/fr\\\/#organization\"},\"alternateName\":\"Schweizversand.ch\",\"potentialAction\":[{\"@type\":\"SearchAction\",\"target\":{\"@type\":\"EntryPoint\",\"urlTemplate\":\"https:\\\/\\\/schweizversand.ch\\\/fr\\\/?s={search_term_string}\"},\"query-input\":{\"@type\":\"PropertyValueSpecification\",\"valueRequired\":true,\"valueName\":\"search_term_string\"}}],\"inLanguage\":\"fr-FR\"},{\"@type\":\"Organization\",\"@id\":\"https:\\\/\\\/schweizversand.ch\\\/fr\\\/#organization\",\"name\":\"Schweizversand.ch\",\"url\":\"https:\\\/\\\/schweizversand.ch\\\/fr\\\/\",\"logo\":{\"@type\":\"ImageObject\",\"inLanguage\":\"fr-FR\",\"@id\":\"https:\\\/\\\/schweizversand.ch\\\/fr\\\/#\\\/schema\\\/logo\\\/image\\\/\",\"url\":\"https:\\\/\\\/schweizversand.ch\\\/wp-content\\\/uploads\\\/2026\\\/03\\\/Logo_Rund_Final-1.png\",\"contentUrl\":\"https:\\\/\\\/schweizversand.ch\\\/wp-content\\\/uploads\\\/2026\\\/03\\\/Logo_Rund_Final-1.png\",\"width\":404,\"height\":404,\"caption\":\"Schweizversand.ch\"},\"image\":{\"@id\":\"https:\\\/\\\/schweizversand.ch\\\/fr\\\/#\\\/schema\\\/logo\\\/image\\\/\"},\"sameAs\":[\"https:\\\/\\\/www.facebook.com\\\/Schweizversand\",\"https:\\\/\\\/www.instagram.com\\\/schweizversand.ch\\\/\"]}]}<\/script>\n<!-- \/ Yoast SEO plugin. -->","yoast_head_json":{"title":"Extreme Clean Autopflege Polster-Teppichreiniger | Jetzt kaufen | Schweizversand.ch","description":"Extreme Clean Autopflege Polster-Teppichreiniger g\u00fcnstig kaufen bei Schweizversand.ch. Schnelle Lieferung in der Schweiz. Gratisversand ab CHF 50.","robots":{"index":"index","follow":"follow","max-snippet":"max-snippet:-1","max-image-preview":"max-image-preview:large","max-video-preview":"max-video-preview:-1"},"canonical":"https:\/\/schweizversand.ch\/fr\/produkt\/extreme-clean-autopflege-polster-teppichreiniger\/","og_locale":"fr_FR","og_type":"article","og_title":"Extreme Clean Autopflege Polster-Teppichreiniger | Jetzt kaufen | Schweizversand.ch","og_description":"Extreme Clean Autopflege Polster-Teppichreiniger g\u00fcnstig kaufen bei Schweizversand.ch. Schnelle Lieferung in der Schweiz. Gratisversand ab CHF 50.","og_url":"https:\/\/schweizversand.ch\/fr\/produkt\/extreme-clean-autopflege-polster-teppichreiniger\/","og_site_name":"Schweizer Shop f\u00fcr Sport, Spiel und Freizeit","article_publisher":"https:\/\/www.facebook.com\/Schweizversand","article_modified_time":"2026-04-20T00:04:23+00:00","og_image":[{"width":1024,"height":1024,"url":"https:\/\/schweizversand.ch\/wp-content\/uploads\/2026\/02\/5471532442.jpg","type":"image\/jpeg"}],"twitter_card":"summary_large_image","twitter_misc":{"Dur\u00e9e de lecture estim\u00e9e":"1 minute"},"schema":{"@context":"https:\/\/schema.org","@graph":[{"@type":"WebPage","@id":"https:\/\/schweizversand.ch\/fr\/produkt\/extreme-clean-autopflege-polster-teppichreiniger\/","url":"https:\/\/schweizversand.ch\/fr\/produkt\/extreme-clean-autopflege-polster-teppichreiniger\/","name":"Extreme Clean Autopflege Polster-Teppichreiniger | Jetzt kaufen | Schweizversand.ch","isPartOf":{"@id":"https:\/\/schweizversand.ch\/fr\/#website"},"primaryImageOfPage":{"@id":"https:\/\/schweizversand.ch\/fr\/produkt\/extreme-clean-autopflege-polster-teppichreiniger\/#primaryimage"},"image":{"@id":"https:\/\/schweizversand.ch\/fr\/produkt\/extreme-clean-autopflege-polster-teppichreiniger\/#primaryimage"},"thumbnailUrl":"https:\/\/schweizversand.ch\/wp-content\/uploads\/2026\/02\/5471532442.jpg","datePublished":"2026-03-14T22:21:38+00:00","dateModified":"2026-04-20T00:04:23+00:00","description":"Extreme Clean Autopflege Polster-Teppichreiniger g\u00fcnstig kaufen bei Schweizversand.ch. Schnelle Lieferung in der Schweiz. Gratisversand ab CHF 50.","breadcrumb":{"@id":"https:\/\/schweizversand.ch\/fr\/produkt\/extreme-clean-autopflege-polster-teppichreiniger\/#breadcrumb"},"inLanguage":"fr-FR","potentialAction":[{"@type":"ReadAction","target":["https:\/\/schweizversand.ch\/fr\/produkt\/extreme-clean-autopflege-polster-teppichreiniger\/"]}]},{"@type":"ImageObject","inLanguage":"fr-FR","@id":"https:\/\/schweizversand.ch\/fr\/produkt\/extreme-clean-autopflege-polster-teppichreiniger\/#primaryimage","url":"https:\/\/schweizversand.ch\/wp-content\/uploads\/2026\/02\/5471532442.jpg","contentUrl":"https:\/\/schweizversand.ch\/wp-content\/uploads\/2026\/02\/5471532442.jpg","width":1024,"height":1024},{"@type":"BreadcrumbList","@id":"https:\/\/schweizversand.ch\/fr\/produkt\/extreme-clean-autopflege-polster-teppichreiniger\/#breadcrumb","itemListElement":[{"@type":"ListItem","position":1,"name":"Startseite","item":"https:\/\/schweizversand.ch\/fr\/home\/"},{"@type":"ListItem","position":2,"name":"Boutique","item":"https:\/\/schweizversand.ch\/fr\/boutique\/"},{"@type":"ListItem","position":3,"name":"Accessoires pour v\u00e9hicules","item":"https:\/\/schweizversand.ch\/fr\/produkt-kategorie\/accessoires-pour-vehicules\/"},{"@type":"ListItem","position":4,"name":"Voiture","item":"https:\/\/schweizversand.ch\/fr\/produkt-kategorie\/accessoires-pour-vehicules\/voiture\/"},{"@type":"ListItem","position":5,"name":"Nettoyage et entretien","item":"https:\/\/schweizversand.ch\/fr\/produkt-kategorie\/accessoires-pour-vehicules\/voiture\/reinigung-pflege\/"},{"@type":"ListItem","position":6,"name":"Nettoyage extr\u00eame des si\u00e8ges, des tapis et des tissus d&#8217;ameublement pour l&#8217;entretien automobile"}]},{"@type":"WebSite","@id":"https:\/\/schweizversand.ch\/fr\/#website","url":"https:\/\/schweizversand.ch\/fr\/","name":"Schweizer Shop f\u00fcr Sport, Spiel und Freizeit","description":"Gratisversand ab 50.- (netto), ab eigenem schweizer Lager, Lieferung innert 48h","publisher":{"@id":"https:\/\/schweizversand.ch\/fr\/#organization"},"alternateName":"Schweizversand.ch","potentialAction":[{"@type":"SearchAction","target":{"@type":"EntryPoint","urlTemplate":"https:\/\/schweizversand.ch\/fr\/?s={search_term_string}"},"query-input":{"@type":"PropertyValueSpecification","valueRequired":true,"valueName":"search_term_string"}}],"inLanguage":"fr-FR"},{"@type":"Organization","@id":"https:\/\/schweizversand.ch\/fr\/#organization","name":"Schweizversand.ch","url":"https:\/\/schweizversand.ch\/fr\/","logo":{"@type":"ImageObject","inLanguage":"fr-FR","@id":"https:\/\/schweizversand.ch\/fr\/#\/schema\/logo\/image\/","url":"https:\/\/schweizversand.ch\/wp-content\/uploads\/2026\/03\/Logo_Rund_Final-1.png","contentUrl":"https:\/\/schweizversand.ch\/wp-content\/uploads\/2026\/03\/Logo_Rund_Final-1.png","width":404,"height":404,"caption":"Schweizversand.ch"},"image":{"@id":"https:\/\/schweizversand.ch\/fr\/#\/schema\/logo\/image\/"},"sameAs":["https:\/\/www.facebook.com\/Schweizversand","https:\/\/www.instagram.com\/schweizversand.ch\/"]}]}},"jetpack_sharing_enabled":true,"_links":{"self":[{"href":"https:\/\/schweizversand.ch\/fr\/wp-json\/wp\/v2\/product\/247293","targetHints":{"allow":["GET"]}}],"collection":[{"href":"https:\/\/schweizversand.ch\/fr\/wp-json\/wp\/v2\/product"}],"about":[{"href":"https:\/\/schweizversand.ch\/fr\/wp-json\/wp\/v2\/types\/product"}],"replies":[{"embeddable":true,"href":"https:\/\/schweizversand.ch\/fr\/wp-json\/wp\/v2\/comments?post=247293"}],"wp:featuredmedia":[{"embeddable":true,"href":"https:\/\/schweizversand.ch\/fr\/wp-json\/wp\/v2\/media\/165062"}],"wp:attachment":[{"href":"https:\/\/schweizversand.ch\/fr\/wp-json\/wp\/v2\/media?parent=247293"}],"wp:term":[{"taxonomy":"product_brand","embeddable":true,"href":"https:\/\/schweizversand.ch\/fr\/wp-json\/wp\/v2\/product_brand?post=247293"},{"taxonomy":"product_cat","embeddable":true,"href":"https:\/\/schweizversand.ch\/fr\/wp-json\/wp\/v2\/product_cat?post=247293"},{"taxonomy":"product_tag","embeddable":true,"href":"https:\/\/schweizversand.ch\/fr\/wp-json\/wp\/v2\/product_tag?post=247293"}],"curies":[{"name":"wp","href":"https:\/\/api.w.org\/{rel}","templated":true}]}}