{"id":247294,"date":"2026-03-14T23:21:38","date_gmt":"2026-03-14T22:21:38","guid":{"rendered":"https:\/\/schweizversand.ch\/produkt\/extreme-clean-autowachs-spray-500ml\/"},"modified":"2026-04-20T02:04:23","modified_gmt":"2026-04-20T00:04:23","slug":"extreme-clean-autowachs-spray-500ml","status":"publish","type":"product","link":"https:\/\/schweizversand.ch\/fr\/produkt\/extreme-clean-autowachs-spray-500ml\/","title":{"rendered":"Spray de cire nettoyante extr\u00eame pour voiture 500 ml"},"content":{"rendered":"<p>T\u00eate de pulv\u00e9risation pratique avec bouchon \u00e0 visser<\/p>\n<p>Flacon de 500 ml avec fonction pulv\u00e9risation et jet<\/p>\n<p>Cette cire brillante moderne, \u00e0 appliquer sur peinture fra\u00eeche, offre une triple action. Elle acc\u00e9l\u00e8re le s\u00e9chage apr\u00e8s lavage, conf\u00e8re \u00e0 la peinture une brillance exceptionnelle et la prot\u00e8ge des intemp\u00e9ries. Elle convient \u00e0 tous les types de peinture automobile.<\/p>\n<p>Application\u00a0:<\/p>\n<p>Apr\u00e8s avoir lav\u00e9 et rinc\u00e9 la voiture \u00e0 l\u2019eau, vaporisez le produit sur la peinture encore humide, puis essuyez. Le produit peut \u00e9galement \u00eatre utilis\u00e9 sur une carrosserie propre et s\u00e8che pour intensifier la brillance. Ne pas vaporiser sur les vitres.<\/p>\n<p>Attention\u00a0: Peut provoquer une r\u00e9action allergique.<\/p>\n","protected":false},"excerpt":{"rendered":"<p>T\u00eate de pulv\u00e9risation pratique avec bouchon \u00e0 visser Flacon de 500 ml avec fonction pulv\u00e9risation et jet Cette cire brillante moderne, \u00e0 appliquer sur peinture fra\u00eeche, offre une triple action. Elle acc\u00e9l\u00e8re le s\u00e9chage apr\u00e8s lavage, conf\u00e8re \u00e0 la peinture une brillance exceptionnelle et la prot\u00e8ge des intemp\u00e9ries. Elle convient \u00e0 tous les types de peinture automobile. Application\u00a0: Apr\u00e8s avoir lav\u00e9 et rinc\u00e9 la voiture \u00e0 l\u2019eau, vaporisez le produit sur la peinture encore humide,&hellip;<\/p>\n","protected":false},"featured_media":165063,"comment_status":"open","ping_status":"closed","template":"","meta":[],"product_brand":[],"product_cat":[38168],"product_tag":[],"class_list":{"0":"post-247294","1":"product","2":"type-product","3":"status-publish","4":"has-post-thumbnail","6":"product_cat-reinigung-pflege","7":"product_shipping_class-global_methods","9":"first","10":"instock","11":"taxable","12":"shipping-taxable","13":"purchasable","14":"product-type-simple"},"yoast_head":"<!-- This site is optimized with the Yoast SEO plugin v27.4 - https:\/\/yoast.com\/product\/yoast-seo-wordpress\/ -->\n<title>Extreme Clean Autowachs Spray 500ml | Jetzt kaufen | Schweizversand.ch<\/title>\n<meta name=\"description\" content=\"Extreme Clean Autowachs Spray 500ml g\u00fcnstig kaufen bei Schweizversand.ch. Schnelle Lieferung in der Schweiz. Gratisversand ab CHF 50.\" \/>\n<meta name=\"robots\" content=\"index, follow, max-snippet:-1, max-image-preview:large, max-video-preview:-1\" \/>\n<link rel=\"canonical\" href=\"https:\/\/schweizversand.ch\/fr\/produkt\/extreme-clean-autowachs-spray-500ml\/\" \/>\n<meta property=\"og:locale\" content=\"fr_FR\" \/>\n<meta property=\"og:type\" content=\"article\" \/>\n<meta property=\"og:title\" content=\"Extreme Clean Autowachs Spray 500ml | Jetzt kaufen | Schweizversand.ch\" \/>\n<meta property=\"og:description\" content=\"Extreme Clean Autowachs Spray 500ml g\u00fcnstig kaufen bei Schweizversand.ch. Schnelle Lieferung in der Schweiz. Gratisversand ab CHF 50.\" \/>\n<meta property=\"og:url\" content=\"https:\/\/schweizversand.ch\/fr\/produkt\/extreme-clean-autowachs-spray-500ml\/\" \/>\n<meta property=\"og:site_name\" content=\"Schweizer Shop f\u00fcr Sport, Spiel und Freizeit\" \/>\n<meta property=\"article:publisher\" content=\"https:\/\/www.facebook.com\/Schweizversand\" \/>\n<meta property=\"article:modified_time\" content=\"2026-04-20T00:04:23+00:00\" \/>\n<meta property=\"og:image\" content=\"https:\/\/schweizversand.ch\/wp-content\/uploads\/2026\/02\/5471533115.jpg\" \/>\n\t<meta property=\"og:image:width\" content=\"1024\" \/>\n\t<meta property=\"og:image:height\" content=\"1024\" \/>\n\t<meta property=\"og:image:type\" content=\"image\/jpeg\" \/>\n<meta name=\"twitter:card\" content=\"summary_large_image\" \/>\n<meta name=\"twitter:label1\" content=\"Dur\u00e9e de lecture estim\u00e9e\" \/>\n\t<meta name=\"twitter:data1\" content=\"1 minute\" \/>\n<script type=\"application\/ld+json\" class=\"yoast-schema-graph\">{\"@context\":\"https:\\\/\\\/schema.org\",\"@graph\":[{\"@type\":\"WebPage\",\"@id\":\"https:\\\/\\\/schweizversand.ch\\\/fr\\\/produkt\\\/extreme-clean-autowachs-spray-500ml\\\/\",\"url\":\"https:\\\/\\\/schweizversand.ch\\\/fr\\\/produkt\\\/extreme-clean-autowachs-spray-500ml\\\/\",\"name\":\"Extreme Clean Autowachs Spray 500ml | Jetzt kaufen | Schweizversand.ch\",\"isPartOf\":{\"@id\":\"https:\\\/\\\/schweizversand.ch\\\/fr\\\/#website\"},\"primaryImageOfPage\":{\"@id\":\"https:\\\/\\\/schweizversand.ch\\\/fr\\\/produkt\\\/extreme-clean-autowachs-spray-500ml\\\/#primaryimage\"},\"image\":{\"@id\":\"https:\\\/\\\/schweizversand.ch\\\/fr\\\/produkt\\\/extreme-clean-autowachs-spray-500ml\\\/#primaryimage\"},\"thumbnailUrl\":\"https:\\\/\\\/schweizversand.ch\\\/wp-content\\\/uploads\\\/2026\\\/02\\\/5471533115.jpg\",\"datePublished\":\"2026-03-14T22:21:38+00:00\",\"dateModified\":\"2026-04-20T00:04:23+00:00\",\"description\":\"Extreme Clean Autowachs Spray 500ml g\u00fcnstig kaufen bei Schweizversand.ch. Schnelle Lieferung in der Schweiz. Gratisversand ab CHF 50.\",\"breadcrumb\":{\"@id\":\"https:\\\/\\\/schweizversand.ch\\\/fr\\\/produkt\\\/extreme-clean-autowachs-spray-500ml\\\/#breadcrumb\"},\"inLanguage\":\"fr-FR\",\"potentialAction\":[{\"@type\":\"ReadAction\",\"target\":[\"https:\\\/\\\/schweizversand.ch\\\/fr\\\/produkt\\\/extreme-clean-autowachs-spray-500ml\\\/\"]}]},{\"@type\":\"ImageObject\",\"inLanguage\":\"fr-FR\",\"@id\":\"https:\\\/\\\/schweizversand.ch\\\/fr\\\/produkt\\\/extreme-clean-autowachs-spray-500ml\\\/#primaryimage\",\"url\":\"https:\\\/\\\/schweizversand.ch\\\/wp-content\\\/uploads\\\/2026\\\/02\\\/5471533115.jpg\",\"contentUrl\":\"https:\\\/\\\/schweizversand.ch\\\/wp-content\\\/uploads\\\/2026\\\/02\\\/5471533115.jpg\",\"width\":1024,\"height\":1024},{\"@type\":\"BreadcrumbList\",\"@id\":\"https:\\\/\\\/schweizversand.ch\\\/fr\\\/produkt\\\/extreme-clean-autowachs-spray-500ml\\\/#breadcrumb\",\"itemListElement\":[{\"@type\":\"ListItem\",\"position\":1,\"name\":\"Startseite\",\"item\":\"https:\\\/\\\/schweizversand.ch\\\/fr\\\/home\\\/\"},{\"@type\":\"ListItem\",\"position\":2,\"name\":\"Boutique\",\"item\":\"https:\\\/\\\/schweizversand.ch\\\/fr\\\/boutique\\\/\"},{\"@type\":\"ListItem\",\"position\":3,\"name\":\"Accessoires pour v\u00e9hicules\",\"item\":\"https:\\\/\\\/schweizversand.ch\\\/fr\\\/produkt-kategorie\\\/accessoires-pour-vehicules\\\/\"},{\"@type\":\"ListItem\",\"position\":4,\"name\":\"Voiture\",\"item\":\"https:\\\/\\\/schweizversand.ch\\\/fr\\\/produkt-kategorie\\\/accessoires-pour-vehicules\\\/voiture\\\/\"},{\"@type\":\"ListItem\",\"position\":5,\"name\":\"Nettoyage et entretien\",\"item\":\"https:\\\/\\\/schweizversand.ch\\\/fr\\\/produkt-kategorie\\\/accessoires-pour-vehicules\\\/voiture\\\/reinigung-pflege\\\/\"},{\"@type\":\"ListItem\",\"position\":6,\"name\":\"Spray de cire nettoyante extr\u00eame pour voiture 500 ml\"}]},{\"@type\":\"WebSite\",\"@id\":\"https:\\\/\\\/schweizversand.ch\\\/fr\\\/#website\",\"url\":\"https:\\\/\\\/schweizversand.ch\\\/fr\\\/\",\"name\":\"Schweizer Shop f\u00fcr Sport, Spiel und Freizeit\",\"description\":\"Gratisversand ab 50.- (netto), ab eigenem schweizer Lager, Lieferung innert 48h\",\"publisher\":{\"@id\":\"https:\\\/\\\/schweizversand.ch\\\/fr\\\/#organization\"},\"alternateName\":\"Schweizversand.ch\",\"potentialAction\":[{\"@type\":\"SearchAction\",\"target\":{\"@type\":\"EntryPoint\",\"urlTemplate\":\"https:\\\/\\\/schweizversand.ch\\\/fr\\\/?s={search_term_string}\"},\"query-input\":{\"@type\":\"PropertyValueSpecification\",\"valueRequired\":true,\"valueName\":\"search_term_string\"}}],\"inLanguage\":\"fr-FR\"},{\"@type\":\"Organization\",\"@id\":\"https:\\\/\\\/schweizversand.ch\\\/fr\\\/#organization\",\"name\":\"Schweizversand.ch\",\"url\":\"https:\\\/\\\/schweizversand.ch\\\/fr\\\/\",\"logo\":{\"@type\":\"ImageObject\",\"inLanguage\":\"fr-FR\",\"@id\":\"https:\\\/\\\/schweizversand.ch\\\/fr\\\/#\\\/schema\\\/logo\\\/image\\\/\",\"url\":\"https:\\\/\\\/schweizversand.ch\\\/wp-content\\\/uploads\\\/2026\\\/03\\\/Logo_Rund_Final-1.png\",\"contentUrl\":\"https:\\\/\\\/schweizversand.ch\\\/wp-content\\\/uploads\\\/2026\\\/03\\\/Logo_Rund_Final-1.png\",\"width\":404,\"height\":404,\"caption\":\"Schweizversand.ch\"},\"image\":{\"@id\":\"https:\\\/\\\/schweizversand.ch\\\/fr\\\/#\\\/schema\\\/logo\\\/image\\\/\"},\"sameAs\":[\"https:\\\/\\\/www.facebook.com\\\/Schweizversand\",\"https:\\\/\\\/www.instagram.com\\\/schweizversand.ch\\\/\"]}]}<\/script>\n<!-- \/ Yoast SEO plugin. -->","yoast_head_json":{"title":"Extreme Clean Autowachs Spray 500ml | Jetzt kaufen | Schweizversand.ch","description":"Extreme Clean Autowachs Spray 500ml g\u00fcnstig kaufen bei Schweizversand.ch. Schnelle Lieferung in der Schweiz. Gratisversand ab CHF 50.","robots":{"index":"index","follow":"follow","max-snippet":"max-snippet:-1","max-image-preview":"max-image-preview:large","max-video-preview":"max-video-preview:-1"},"canonical":"https:\/\/schweizversand.ch\/fr\/produkt\/extreme-clean-autowachs-spray-500ml\/","og_locale":"fr_FR","og_type":"article","og_title":"Extreme Clean Autowachs Spray 500ml | Jetzt kaufen | Schweizversand.ch","og_description":"Extreme Clean Autowachs Spray 500ml g\u00fcnstig kaufen bei Schweizversand.ch. Schnelle Lieferung in der Schweiz. Gratisversand ab CHF 50.","og_url":"https:\/\/schweizversand.ch\/fr\/produkt\/extreme-clean-autowachs-spray-500ml\/","og_site_name":"Schweizer Shop f\u00fcr Sport, Spiel und Freizeit","article_publisher":"https:\/\/www.facebook.com\/Schweizversand","article_modified_time":"2026-04-20T00:04:23+00:00","og_image":[{"width":1024,"height":1024,"url":"https:\/\/schweizversand.ch\/wp-content\/uploads\/2026\/02\/5471533115.jpg","type":"image\/jpeg"}],"twitter_card":"summary_large_image","twitter_misc":{"Dur\u00e9e de lecture estim\u00e9e":"1 minute"},"schema":{"@context":"https:\/\/schema.org","@graph":[{"@type":"WebPage","@id":"https:\/\/schweizversand.ch\/fr\/produkt\/extreme-clean-autowachs-spray-500ml\/","url":"https:\/\/schweizversand.ch\/fr\/produkt\/extreme-clean-autowachs-spray-500ml\/","name":"Extreme Clean Autowachs Spray 500ml | Jetzt kaufen | Schweizversand.ch","isPartOf":{"@id":"https:\/\/schweizversand.ch\/fr\/#website"},"primaryImageOfPage":{"@id":"https:\/\/schweizversand.ch\/fr\/produkt\/extreme-clean-autowachs-spray-500ml\/#primaryimage"},"image":{"@id":"https:\/\/schweizversand.ch\/fr\/produkt\/extreme-clean-autowachs-spray-500ml\/#primaryimage"},"thumbnailUrl":"https:\/\/schweizversand.ch\/wp-content\/uploads\/2026\/02\/5471533115.jpg","datePublished":"2026-03-14T22:21:38+00:00","dateModified":"2026-04-20T00:04:23+00:00","description":"Extreme Clean Autowachs Spray 500ml g\u00fcnstig kaufen bei Schweizversand.ch. Schnelle Lieferung in der Schweiz. Gratisversand ab CHF 50.","breadcrumb":{"@id":"https:\/\/schweizversand.ch\/fr\/produkt\/extreme-clean-autowachs-spray-500ml\/#breadcrumb"},"inLanguage":"fr-FR","potentialAction":[{"@type":"ReadAction","target":["https:\/\/schweizversand.ch\/fr\/produkt\/extreme-clean-autowachs-spray-500ml\/"]}]},{"@type":"ImageObject","inLanguage":"fr-FR","@id":"https:\/\/schweizversand.ch\/fr\/produkt\/extreme-clean-autowachs-spray-500ml\/#primaryimage","url":"https:\/\/schweizversand.ch\/wp-content\/uploads\/2026\/02\/5471533115.jpg","contentUrl":"https:\/\/schweizversand.ch\/wp-content\/uploads\/2026\/02\/5471533115.jpg","width":1024,"height":1024},{"@type":"BreadcrumbList","@id":"https:\/\/schweizversand.ch\/fr\/produkt\/extreme-clean-autowachs-spray-500ml\/#breadcrumb","itemListElement":[{"@type":"ListItem","position":1,"name":"Startseite","item":"https:\/\/schweizversand.ch\/fr\/home\/"},{"@type":"ListItem","position":2,"name":"Boutique","item":"https:\/\/schweizversand.ch\/fr\/boutique\/"},{"@type":"ListItem","position":3,"name":"Accessoires pour v\u00e9hicules","item":"https:\/\/schweizversand.ch\/fr\/produkt-kategorie\/accessoires-pour-vehicules\/"},{"@type":"ListItem","position":4,"name":"Voiture","item":"https:\/\/schweizversand.ch\/fr\/produkt-kategorie\/accessoires-pour-vehicules\/voiture\/"},{"@type":"ListItem","position":5,"name":"Nettoyage et entretien","item":"https:\/\/schweizversand.ch\/fr\/produkt-kategorie\/accessoires-pour-vehicules\/voiture\/reinigung-pflege\/"},{"@type":"ListItem","position":6,"name":"Spray de cire nettoyante extr\u00eame pour voiture 500 ml"}]},{"@type":"WebSite","@id":"https:\/\/schweizversand.ch\/fr\/#website","url":"https:\/\/schweizversand.ch\/fr\/","name":"Schweizer Shop f\u00fcr Sport, Spiel und Freizeit","description":"Gratisversand ab 50.- (netto), ab eigenem schweizer Lager, Lieferung innert 48h","publisher":{"@id":"https:\/\/schweizversand.ch\/fr\/#organization"},"alternateName":"Schweizversand.ch","potentialAction":[{"@type":"SearchAction","target":{"@type":"EntryPoint","urlTemplate":"https:\/\/schweizversand.ch\/fr\/?s={search_term_string}"},"query-input":{"@type":"PropertyValueSpecification","valueRequired":true,"valueName":"search_term_string"}}],"inLanguage":"fr-FR"},{"@type":"Organization","@id":"https:\/\/schweizversand.ch\/fr\/#organization","name":"Schweizversand.ch","url":"https:\/\/schweizversand.ch\/fr\/","logo":{"@type":"ImageObject","inLanguage":"fr-FR","@id":"https:\/\/schweizversand.ch\/fr\/#\/schema\/logo\/image\/","url":"https:\/\/schweizversand.ch\/wp-content\/uploads\/2026\/03\/Logo_Rund_Final-1.png","contentUrl":"https:\/\/schweizversand.ch\/wp-content\/uploads\/2026\/03\/Logo_Rund_Final-1.png","width":404,"height":404,"caption":"Schweizversand.ch"},"image":{"@id":"https:\/\/schweizversand.ch\/fr\/#\/schema\/logo\/image\/"},"sameAs":["https:\/\/www.facebook.com\/Schweizversand","https:\/\/www.instagram.com\/schweizversand.ch\/"]}]}},"jetpack_sharing_enabled":true,"_links":{"self":[{"href":"https:\/\/schweizversand.ch\/fr\/wp-json\/wp\/v2\/product\/247294","targetHints":{"allow":["GET"]}}],"collection":[{"href":"https:\/\/schweizversand.ch\/fr\/wp-json\/wp\/v2\/product"}],"about":[{"href":"https:\/\/schweizversand.ch\/fr\/wp-json\/wp\/v2\/types\/product"}],"replies":[{"embeddable":true,"href":"https:\/\/schweizversand.ch\/fr\/wp-json\/wp\/v2\/comments?post=247294"}],"wp:featuredmedia":[{"embeddable":true,"href":"https:\/\/schweizversand.ch\/fr\/wp-json\/wp\/v2\/media\/165063"}],"wp:attachment":[{"href":"https:\/\/schweizversand.ch\/fr\/wp-json\/wp\/v2\/media?parent=247294"}],"wp:term":[{"taxonomy":"product_brand","embeddable":true,"href":"https:\/\/schweizversand.ch\/fr\/wp-json\/wp\/v2\/product_brand?post=247294"},{"taxonomy":"product_cat","embeddable":true,"href":"https:\/\/schweizversand.ch\/fr\/wp-json\/wp\/v2\/product_cat?post=247294"},{"taxonomy":"product_tag","embeddable":true,"href":"https:\/\/schweizversand.ch\/fr\/wp-json\/wp\/v2\/product_tag?post=247294"}],"curies":[{"name":"wp","href":"https:\/\/api.w.org\/{rel}","templated":true}]}}