{"id":247296,"date":"2026-03-14T23:21:38","date_gmt":"2026-03-14T22:21:38","guid":{"rendered":"https:\/\/schweizversand.ch\/produkt\/extreme-clean-autopflege-cockpit-reiniger-zitrone-500ml\/"},"modified":"2026-04-20T02:04:23","modified_gmt":"2026-04-20T00:04:23","slug":"extreme-clean-autopflege-cockpit-reiniger-zitrone-500ml","status":"publish","type":"product","link":"https:\/\/schweizversand.ch\/fr\/produkt\/extreme-clean-autopflege-cockpit-reiniger-zitrone-500ml\/","title":{"rendered":"Nettoyant habitacle Extreme Clean Car Care au citron 500 ml"},"content":{"rendered":"<h1><strong>Nettoyant tableau de bord et spray d&rsquo;entretien plastique<\/strong><\/h1>\n<div>Redonnez \u00e0 l&rsquo;int\u00e9rieur de votre v\u00e9hicule tout son \u00e9clat et offrez-lui une protection compl\u00e8te gr\u00e2ce \u00e0 notre nettoyant tableau de bord professionnel. Ce produit polyvalent nettoie, revitalise et prot\u00e8ge tous les \u00e9l\u00e9ments en plastique de votre voiture en une seule \u00e9tape, pour une fra\u00eecheur durable.<\/p>\n<\/div>\n<div><strong>Soin et protection optimaux<\/strong><br \/>Ce spray sp\u00e9cial est id\u00e9al pour le nettoyage et l&rsquo;entretien de l&rsquo;int\u00e9rieur de votre voiture. Il offre une protection efficace des plastiques en nourrissant les surfaces et en les prot\u00e9geant de la d\u00e9coloration. Les couleurs sont raviv\u00e9es et arborent un brillant satin\u00e9 attrayant qui embellit consid\u00e9rablement votre habitacle.<\/p>\n<\/div>\n<div><strong>Formule antistatique innovante<\/strong><br \/>L&rsquo;un des principaux avantages de ce produit est son effet antistatique. Apr\u00e8s application, une couche protectrice se forme, r\u00e9duisant l&rsquo;accumulation de poussi\u00e8re et de salet\u00e9. Ainsi, l&rsquo;entretien de votre habitacle est plus durable et vous aurez besoin de le nettoyer moins souvent. Ce produit agit \u00e9galement comme un spray antistatique efficace pour les voitures. Application et parfum\u00a0: L\u2019application est incroyablement simple\u00a0: vaporisez l\u00e9g\u00e8rement le nettoyant pour plastiques automobiles sur la surface \u00e0 traiter, puis essuyez avec un chiffon propre et sec. Son agr\u00e9able parfum citronn\u00e9 cr\u00e9e une atmosph\u00e8re fra\u00eeche dans votre v\u00e9hicule.<\/p>\n<\/div>\n<div><strong>Ingr\u00e9dients et informations<\/strong><br \/> &#8211; Contient des tensioactifs non ioniques (<\u00a05\u00a0%)<br \/> &#8211; Parfums (ex.\u00a0: benzoate de benzyle)<br \/> &#8211; Conservateurs (m\u00e9thylchloroisothiazolinone, m\u00e9thylisothiazolinone, 2-bromo-2-nitropropane-1,3-diol)<br \/> Veuillez noter que les ingr\u00e9dients peuvent provoquer des r\u00e9actions allergiques chez les personnes sensibles. Toujours lire les consignes de s\u00e9curit\u00e9 avant utilisation.<\/p>\n<\/div>\n<div>Assurez-vous un int\u00e9rieur impeccable d\u00e8s maintenant\u00a0! Commandez notre <strong>nettoyant tableau de bord<\/strong> et constatez la diff\u00e9rence en mati\u00e8re d\u2019entretien et de protection.<\/p>\n<\/div>\n<div>\n<\/div>\n","protected":false},"excerpt":{"rendered":"<p>Nettoyant tableau de bord et spray d&rsquo;entretien plastique Redonnez \u00e0 l&rsquo;int\u00e9rieur de votre v\u00e9hicule tout son \u00e9clat et offrez-lui une protection compl\u00e8te gr\u00e2ce \u00e0 notre nettoyant tableau de bord professionnel. Ce produit polyvalent nettoie, revitalise et prot\u00e8ge tous les \u00e9l\u00e9ments en plastique de votre voiture en une seule \u00e9tape, pour une fra\u00eecheur durable. Soin et protection optimauxCe spray sp\u00e9cial est id\u00e9al pour le nettoyage et l&rsquo;entretien de l&rsquo;int\u00e9rieur de votre voiture. Il offre une protection&hellip;<\/p>\n","protected":false},"featured_media":262254,"comment_status":"open","ping_status":"closed","template":"","meta":[],"product_brand":[],"product_cat":[38168],"product_tag":[],"class_list":{"0":"post-247296","1":"product","2":"type-product","3":"status-publish","4":"has-post-thumbnail","6":"product_cat-reinigung-pflege","7":"product_shipping_class-global_methods","9":"first","10":"instock","11":"taxable","12":"shipping-taxable","13":"purchasable","14":"product-type-simple"},"yoast_head":"<!-- This site is optimized with the Yoast SEO plugin v27.4 - https:\/\/yoast.com\/product\/yoast-seo-wordpress\/ -->\n<title>Extreme Clean Autopflege Cockpit-Reiniger Zitrone 500ml<\/title>\n<meta name=\"description\" content=\"Armaturenbrett Reiniger und Kunststoffpflege Spray Verleihen Sie dem Interieur Ihres Fahrzeugs neuen Glanz und umfassenden Schutz mit unserem professionellen Ar\" \/>\n<meta name=\"robots\" content=\"index, follow, max-snippet:-1, max-image-preview:large, max-video-preview:-1\" \/>\n<link rel=\"canonical\" href=\"https:\/\/schweizversand.ch\/fr\/produkt\/extreme-clean-autopflege-cockpit-reiniger-zitrone-500ml\/\" \/>\n<meta property=\"og:locale\" content=\"fr_FR\" \/>\n<meta property=\"og:type\" content=\"article\" \/>\n<meta property=\"og:title\" content=\"Extreme Clean Autopflege Cockpit-Reiniger Zitrone 500ml\" \/>\n<meta property=\"og:description\" content=\"Armaturenbrett Reiniger und Kunststoffpflege Spray Verleihen Sie dem Interieur Ihres Fahrzeugs neuen Glanz und umfassenden Schutz mit unserem professionellen Ar\" \/>\n<meta property=\"og:url\" content=\"https:\/\/schweizversand.ch\/fr\/produkt\/extreme-clean-autopflege-cockpit-reiniger-zitrone-500ml\/\" \/>\n<meta property=\"og:site_name\" content=\"Schweizer Shop f\u00fcr Sport, Spiel und Freizeit\" \/>\n<meta property=\"article:publisher\" content=\"https:\/\/www.facebook.com\/Schweizversand\" \/>\n<meta property=\"article:modified_time\" content=\"2026-04-20T00:04:23+00:00\" \/>\n<meta property=\"og:image\" content=\"https:\/\/schweizversand.ch\/wp-content\/uploads\/2026\/02\/5471528430.jpg\" \/>\n\t<meta property=\"og:image:width\" content=\"1024\" \/>\n\t<meta property=\"og:image:height\" content=\"1024\" \/>\n\t<meta property=\"og:image:type\" content=\"image\/jpeg\" \/>\n<meta name=\"twitter:card\" content=\"summary_large_image\" \/>\n<meta name=\"twitter:label1\" content=\"Dur\u00e9e de lecture estim\u00e9e\" \/>\n\t<meta name=\"twitter:data1\" content=\"1 minute\" \/>\n<script type=\"application\/ld+json\" class=\"yoast-schema-graph\">{\"@context\":\"https:\\\/\\\/schema.org\",\"@graph\":[{\"@type\":\"WebPage\",\"@id\":\"https:\\\/\\\/schweizversand.ch\\\/fr\\\/produkt\\\/extreme-clean-autopflege-cockpit-reiniger-zitrone-500ml\\\/\",\"url\":\"https:\\\/\\\/schweizversand.ch\\\/fr\\\/produkt\\\/extreme-clean-autopflege-cockpit-reiniger-zitrone-500ml\\\/\",\"name\":\"Extreme Clean Autopflege Cockpit-Reiniger Zitrone 500ml\",\"isPartOf\":{\"@id\":\"https:\\\/\\\/schweizversand.ch\\\/fr\\\/#website\"},\"primaryImageOfPage\":{\"@id\":\"https:\\\/\\\/schweizversand.ch\\\/fr\\\/produkt\\\/extreme-clean-autopflege-cockpit-reiniger-zitrone-500ml\\\/#primaryimage\"},\"image\":{\"@id\":\"https:\\\/\\\/schweizversand.ch\\\/fr\\\/produkt\\\/extreme-clean-autopflege-cockpit-reiniger-zitrone-500ml\\\/#primaryimage\"},\"thumbnailUrl\":\"https:\\\/\\\/schweizversand.ch\\\/wp-content\\\/uploads\\\/2026\\\/02\\\/5471528430.jpg\",\"datePublished\":\"2026-03-14T22:21:38+00:00\",\"dateModified\":\"2026-04-20T00:04:23+00:00\",\"description\":\"Armaturenbrett Reiniger und Kunststoffpflege Spray Verleihen Sie dem Interieur Ihres Fahrzeugs neuen Glanz und umfassenden Schutz mit unserem professionellen Ar\",\"breadcrumb\":{\"@id\":\"https:\\\/\\\/schweizversand.ch\\\/fr\\\/produkt\\\/extreme-clean-autopflege-cockpit-reiniger-zitrone-500ml\\\/#breadcrumb\"},\"inLanguage\":\"fr-FR\",\"potentialAction\":[{\"@type\":\"ReadAction\",\"target\":[\"https:\\\/\\\/schweizversand.ch\\\/fr\\\/produkt\\\/extreme-clean-autopflege-cockpit-reiniger-zitrone-500ml\\\/\"]}]},{\"@type\":\"ImageObject\",\"inLanguage\":\"fr-FR\",\"@id\":\"https:\\\/\\\/schweizversand.ch\\\/fr\\\/produkt\\\/extreme-clean-autopflege-cockpit-reiniger-zitrone-500ml\\\/#primaryimage\",\"url\":\"https:\\\/\\\/schweizversand.ch\\\/wp-content\\\/uploads\\\/2026\\\/02\\\/5471528430.jpg\",\"contentUrl\":\"https:\\\/\\\/schweizversand.ch\\\/wp-content\\\/uploads\\\/2026\\\/02\\\/5471528430.jpg\",\"width\":1024,\"height\":1024},{\"@type\":\"BreadcrumbList\",\"@id\":\"https:\\\/\\\/schweizversand.ch\\\/fr\\\/produkt\\\/extreme-clean-autopflege-cockpit-reiniger-zitrone-500ml\\\/#breadcrumb\",\"itemListElement\":[{\"@type\":\"ListItem\",\"position\":1,\"name\":\"Startseite\",\"item\":\"https:\\\/\\\/schweizversand.ch\\\/fr\\\/home\\\/\"},{\"@type\":\"ListItem\",\"position\":2,\"name\":\"Boutique\",\"item\":\"https:\\\/\\\/schweizversand.ch\\\/fr\\\/boutique\\\/\"},{\"@type\":\"ListItem\",\"position\":3,\"name\":\"Accessoires pour v\u00e9hicules\",\"item\":\"https:\\\/\\\/schweizversand.ch\\\/fr\\\/produkt-kategorie\\\/accessoires-pour-vehicules\\\/\"},{\"@type\":\"ListItem\",\"position\":4,\"name\":\"Voiture\",\"item\":\"https:\\\/\\\/schweizversand.ch\\\/fr\\\/produkt-kategorie\\\/accessoires-pour-vehicules\\\/voiture\\\/\"},{\"@type\":\"ListItem\",\"position\":5,\"name\":\"Nettoyage et entretien\",\"item\":\"https:\\\/\\\/schweizversand.ch\\\/fr\\\/produkt-kategorie\\\/accessoires-pour-vehicules\\\/voiture\\\/reinigung-pflege\\\/\"},{\"@type\":\"ListItem\",\"position\":6,\"name\":\"Nettoyant habitacle Extreme Clean Car Care au citron 500 ml\"}]},{\"@type\":\"WebSite\",\"@id\":\"https:\\\/\\\/schweizversand.ch\\\/fr\\\/#website\",\"url\":\"https:\\\/\\\/schweizversand.ch\\\/fr\\\/\",\"name\":\"Schweizer Shop f\u00fcr Sport, Spiel und Freizeit\",\"description\":\"Gratisversand ab 50.- (netto), ab eigenem schweizer Lager, Lieferung innert 48h\",\"publisher\":{\"@id\":\"https:\\\/\\\/schweizversand.ch\\\/fr\\\/#organization\"},\"alternateName\":\"Schweizversand.ch\",\"potentialAction\":[{\"@type\":\"SearchAction\",\"target\":{\"@type\":\"EntryPoint\",\"urlTemplate\":\"https:\\\/\\\/schweizversand.ch\\\/fr\\\/?s={search_term_string}\"},\"query-input\":{\"@type\":\"PropertyValueSpecification\",\"valueRequired\":true,\"valueName\":\"search_term_string\"}}],\"inLanguage\":\"fr-FR\"},{\"@type\":\"Organization\",\"@id\":\"https:\\\/\\\/schweizversand.ch\\\/fr\\\/#organization\",\"name\":\"Schweizversand.ch\",\"url\":\"https:\\\/\\\/schweizversand.ch\\\/fr\\\/\",\"logo\":{\"@type\":\"ImageObject\",\"inLanguage\":\"fr-FR\",\"@id\":\"https:\\\/\\\/schweizversand.ch\\\/fr\\\/#\\\/schema\\\/logo\\\/image\\\/\",\"url\":\"https:\\\/\\\/schweizversand.ch\\\/wp-content\\\/uploads\\\/2026\\\/03\\\/Logo_Rund_Final-1.png\",\"contentUrl\":\"https:\\\/\\\/schweizversand.ch\\\/wp-content\\\/uploads\\\/2026\\\/03\\\/Logo_Rund_Final-1.png\",\"width\":404,\"height\":404,\"caption\":\"Schweizversand.ch\"},\"image\":{\"@id\":\"https:\\\/\\\/schweizversand.ch\\\/fr\\\/#\\\/schema\\\/logo\\\/image\\\/\"},\"sameAs\":[\"https:\\\/\\\/www.facebook.com\\\/Schweizversand\",\"https:\\\/\\\/www.instagram.com\\\/schweizversand.ch\\\/\"]}]}<\/script>\n<!-- \/ Yoast SEO plugin. -->","yoast_head_json":{"title":"Extreme Clean Autopflege Cockpit-Reiniger Zitrone 500ml","description":"Armaturenbrett Reiniger und Kunststoffpflege Spray Verleihen Sie dem Interieur Ihres Fahrzeugs neuen Glanz und umfassenden Schutz mit unserem professionellen Ar","robots":{"index":"index","follow":"follow","max-snippet":"max-snippet:-1","max-image-preview":"max-image-preview:large","max-video-preview":"max-video-preview:-1"},"canonical":"https:\/\/schweizversand.ch\/fr\/produkt\/extreme-clean-autopflege-cockpit-reiniger-zitrone-500ml\/","og_locale":"fr_FR","og_type":"article","og_title":"Extreme Clean Autopflege Cockpit-Reiniger Zitrone 500ml","og_description":"Armaturenbrett Reiniger und Kunststoffpflege Spray Verleihen Sie dem Interieur Ihres Fahrzeugs neuen Glanz und umfassenden Schutz mit unserem professionellen Ar","og_url":"https:\/\/schweizversand.ch\/fr\/produkt\/extreme-clean-autopflege-cockpit-reiniger-zitrone-500ml\/","og_site_name":"Schweizer Shop f\u00fcr Sport, Spiel und Freizeit","article_publisher":"https:\/\/www.facebook.com\/Schweizversand","article_modified_time":"2026-04-20T00:04:23+00:00","og_image":[{"width":1024,"height":1024,"url":"https:\/\/schweizversand.ch\/wp-content\/uploads\/2026\/02\/5471528430.jpg","type":"image\/jpeg"}],"twitter_card":"summary_large_image","twitter_misc":{"Dur\u00e9e de lecture estim\u00e9e":"1 minute"},"schema":{"@context":"https:\/\/schema.org","@graph":[{"@type":"WebPage","@id":"https:\/\/schweizversand.ch\/fr\/produkt\/extreme-clean-autopflege-cockpit-reiniger-zitrone-500ml\/","url":"https:\/\/schweizversand.ch\/fr\/produkt\/extreme-clean-autopflege-cockpit-reiniger-zitrone-500ml\/","name":"Extreme Clean Autopflege Cockpit-Reiniger Zitrone 500ml","isPartOf":{"@id":"https:\/\/schweizversand.ch\/fr\/#website"},"primaryImageOfPage":{"@id":"https:\/\/schweizversand.ch\/fr\/produkt\/extreme-clean-autopflege-cockpit-reiniger-zitrone-500ml\/#primaryimage"},"image":{"@id":"https:\/\/schweizversand.ch\/fr\/produkt\/extreme-clean-autopflege-cockpit-reiniger-zitrone-500ml\/#primaryimage"},"thumbnailUrl":"https:\/\/schweizversand.ch\/wp-content\/uploads\/2026\/02\/5471528430.jpg","datePublished":"2026-03-14T22:21:38+00:00","dateModified":"2026-04-20T00:04:23+00:00","description":"Armaturenbrett Reiniger und Kunststoffpflege Spray Verleihen Sie dem Interieur Ihres Fahrzeugs neuen Glanz und umfassenden Schutz mit unserem professionellen Ar","breadcrumb":{"@id":"https:\/\/schweizversand.ch\/fr\/produkt\/extreme-clean-autopflege-cockpit-reiniger-zitrone-500ml\/#breadcrumb"},"inLanguage":"fr-FR","potentialAction":[{"@type":"ReadAction","target":["https:\/\/schweizversand.ch\/fr\/produkt\/extreme-clean-autopflege-cockpit-reiniger-zitrone-500ml\/"]}]},{"@type":"ImageObject","inLanguage":"fr-FR","@id":"https:\/\/schweizversand.ch\/fr\/produkt\/extreme-clean-autopflege-cockpit-reiniger-zitrone-500ml\/#primaryimage","url":"https:\/\/schweizversand.ch\/wp-content\/uploads\/2026\/02\/5471528430.jpg","contentUrl":"https:\/\/schweizversand.ch\/wp-content\/uploads\/2026\/02\/5471528430.jpg","width":1024,"height":1024},{"@type":"BreadcrumbList","@id":"https:\/\/schweizversand.ch\/fr\/produkt\/extreme-clean-autopflege-cockpit-reiniger-zitrone-500ml\/#breadcrumb","itemListElement":[{"@type":"ListItem","position":1,"name":"Startseite","item":"https:\/\/schweizversand.ch\/fr\/home\/"},{"@type":"ListItem","position":2,"name":"Boutique","item":"https:\/\/schweizversand.ch\/fr\/boutique\/"},{"@type":"ListItem","position":3,"name":"Accessoires pour v\u00e9hicules","item":"https:\/\/schweizversand.ch\/fr\/produkt-kategorie\/accessoires-pour-vehicules\/"},{"@type":"ListItem","position":4,"name":"Voiture","item":"https:\/\/schweizversand.ch\/fr\/produkt-kategorie\/accessoires-pour-vehicules\/voiture\/"},{"@type":"ListItem","position":5,"name":"Nettoyage et entretien","item":"https:\/\/schweizversand.ch\/fr\/produkt-kategorie\/accessoires-pour-vehicules\/voiture\/reinigung-pflege\/"},{"@type":"ListItem","position":6,"name":"Nettoyant habitacle Extreme Clean Car Care au citron 500 ml"}]},{"@type":"WebSite","@id":"https:\/\/schweizversand.ch\/fr\/#website","url":"https:\/\/schweizversand.ch\/fr\/","name":"Schweizer Shop f\u00fcr Sport, Spiel und Freizeit","description":"Gratisversand ab 50.- (netto), ab eigenem schweizer Lager, Lieferung innert 48h","publisher":{"@id":"https:\/\/schweizversand.ch\/fr\/#organization"},"alternateName":"Schweizversand.ch","potentialAction":[{"@type":"SearchAction","target":{"@type":"EntryPoint","urlTemplate":"https:\/\/schweizversand.ch\/fr\/?s={search_term_string}"},"query-input":{"@type":"PropertyValueSpecification","valueRequired":true,"valueName":"search_term_string"}}],"inLanguage":"fr-FR"},{"@type":"Organization","@id":"https:\/\/schweizversand.ch\/fr\/#organization","name":"Schweizversand.ch","url":"https:\/\/schweizversand.ch\/fr\/","logo":{"@type":"ImageObject","inLanguage":"fr-FR","@id":"https:\/\/schweizversand.ch\/fr\/#\/schema\/logo\/image\/","url":"https:\/\/schweizversand.ch\/wp-content\/uploads\/2026\/03\/Logo_Rund_Final-1.png","contentUrl":"https:\/\/schweizversand.ch\/wp-content\/uploads\/2026\/03\/Logo_Rund_Final-1.png","width":404,"height":404,"caption":"Schweizversand.ch"},"image":{"@id":"https:\/\/schweizversand.ch\/fr\/#\/schema\/logo\/image\/"},"sameAs":["https:\/\/www.facebook.com\/Schweizversand","https:\/\/www.instagram.com\/schweizversand.ch\/"]}]}},"jetpack_sharing_enabled":true,"_links":{"self":[{"href":"https:\/\/schweizversand.ch\/fr\/wp-json\/wp\/v2\/product\/247296","targetHints":{"allow":["GET"]}}],"collection":[{"href":"https:\/\/schweizversand.ch\/fr\/wp-json\/wp\/v2\/product"}],"about":[{"href":"https:\/\/schweizversand.ch\/fr\/wp-json\/wp\/v2\/types\/product"}],"replies":[{"embeddable":true,"href":"https:\/\/schweizversand.ch\/fr\/wp-json\/wp\/v2\/comments?post=247296"}],"wp:featuredmedia":[{"embeddable":true,"href":"https:\/\/schweizversand.ch\/fr\/wp-json\/wp\/v2\/media\/262254"}],"wp:attachment":[{"href":"https:\/\/schweizversand.ch\/fr\/wp-json\/wp\/v2\/media?parent=247296"}],"wp:term":[{"taxonomy":"product_brand","embeddable":true,"href":"https:\/\/schweizversand.ch\/fr\/wp-json\/wp\/v2\/product_brand?post=247296"},{"taxonomy":"product_cat","embeddable":true,"href":"https:\/\/schweizversand.ch\/fr\/wp-json\/wp\/v2\/product_cat?post=247296"},{"taxonomy":"product_tag","embeddable":true,"href":"https:\/\/schweizversand.ch\/fr\/wp-json\/wp\/v2\/product_tag?post=247296"}],"curies":[{"name":"wp","href":"https:\/\/api.w.org\/{rel}","templated":true}]}}