{"id":247301,"date":"2026-03-14T23:21:39","date_gmt":"2026-03-14T22:21:39","guid":{"rendered":"https:\/\/schweizversand.ch\/produkt\/extreme-clean-autopflege-reifenpflege\/"},"modified":"2026-04-20T02:04:23","modified_gmt":"2026-04-20T00:04:23","slug":"extreme-clean-autopflege-reifenpflege","status":"publish","type":"product","link":"https:\/\/schweizversand.ch\/fr\/produkt\/extreme-clean-autopflege-reifenpflege\/","title":{"rendered":"Entretien automobile et pneus en \u00e9tat de propret\u00e9 extr\u00eame"},"content":{"rendered":"<p>Nettoyant \u00e0 action rapide pour pneus de voiture.<\/p>\n<\/p>\n<p>Ce produit d&rsquo;entretien redonne aux surfaces trait\u00e9es leur brillance et leur couleur d&rsquo;origine, les prot\u00e8ge du vieillissement et forme un film anti-salissures.<\/p>\n<\/p>\n<p>Application\u00a0:<\/p>\n<\/p>\n<p>Appliquez le produit sur une surface s\u00e8che. Imbibez une \u00e9ponge ou un chiffon d&rsquo;une petite quantit\u00e9, appliquez sur le pneu et laissez s\u00e9cher.<\/p>\n<\/p>\n<p>Contient\u00a0:<\/p>\n<\/p>\n<p>M\u00e9lange r\u00e9actionnel de\u00a0: 5-chloro-2-m\u00e9thyl-4-isothiazolin-3-one [n\u00b0\u00a0CE 247-500-7] et 2-m\u00e9thyl-4-isothiazolin-3-one [n\u00b0\u00a0CE 220-239-6] (3:1). Peut provoquer une r\u00e9action allergique.<\/p>\n<\/p>\n<p>Veuillez respecter les consignes de s\u00e9curit\u00e9 figurant sur le flacon pulv\u00e9risateur.<\/p>\n","protected":false},"excerpt":{"rendered":"<p>Nettoyant \u00e0 action rapide pour pneus de voiture. Ce produit d&rsquo;entretien redonne aux surfaces trait\u00e9es leur brillance et leur couleur d&rsquo;origine, les prot\u00e8ge du vieillissement et forme un film anti-salissures. Application\u00a0: Appliquez le produit sur une surface s\u00e8che. Imbibez une \u00e9ponge ou un chiffon d&rsquo;une petite quantit\u00e9, appliquez sur le pneu et laissez s\u00e9cher. Contient\u00a0: M\u00e9lange r\u00e9actionnel de\u00a0: 5-chloro-2-m\u00e9thyl-4-isothiazolin-3-one [n\u00b0\u00a0CE 247-500-7] et 2-m\u00e9thyl-4-isothiazolin-3-one [n\u00b0\u00a0CE 220-239-6] (3:1). Peut provoquer une r\u00e9action allergique. Veuillez respecter les consignes&hellip;<\/p>\n","protected":false},"featured_media":165076,"comment_status":"open","ping_status":"closed","template":"","meta":[],"product_brand":[],"product_cat":[38168],"product_tag":[],"class_list":{"0":"post-247301","1":"product","2":"type-product","3":"status-publish","4":"has-post-thumbnail","6":"product_cat-reinigung-pflege","7":"product_shipping_class-global_methods","9":"first","10":"instock","11":"taxable","12":"shipping-taxable","13":"purchasable","14":"product-type-simple"},"yoast_head":"<!-- This site is optimized with the Yoast SEO plugin v27.4 - https:\/\/yoast.com\/product\/yoast-seo-wordpress\/ -->\n<title>Extreme Clean Autopflege Reifenpflege | Jetzt kaufen | Schweizversand.ch<\/title>\n<meta name=\"description\" content=\"Extreme Clean Autopflege Reifenpflege g\u00fcnstig kaufen bei Schweizversand.ch. Schnelle Lieferung in der Schweiz. Gratisversand ab CHF 50.\" \/>\n<meta name=\"robots\" content=\"index, follow, max-snippet:-1, max-image-preview:large, max-video-preview:-1\" \/>\n<link rel=\"canonical\" href=\"https:\/\/schweizversand.ch\/fr\/produkt\/extreme-clean-autopflege-reifenpflege\/\" \/>\n<meta property=\"og:locale\" content=\"fr_FR\" \/>\n<meta property=\"og:type\" content=\"article\" \/>\n<meta property=\"og:title\" content=\"Extreme Clean Autopflege Reifenpflege | Jetzt kaufen | Schweizversand.ch\" \/>\n<meta property=\"og:description\" content=\"Extreme Clean Autopflege Reifenpflege g\u00fcnstig kaufen bei Schweizversand.ch. Schnelle Lieferung in der Schweiz. Gratisversand ab CHF 50.\" \/>\n<meta property=\"og:url\" content=\"https:\/\/schweizversand.ch\/fr\/produkt\/extreme-clean-autopflege-reifenpflege\/\" \/>\n<meta property=\"og:site_name\" content=\"Schweizer Shop f\u00fcr Sport, Spiel und Freizeit\" \/>\n<meta property=\"article:publisher\" content=\"https:\/\/www.facebook.com\/Schweizversand\" \/>\n<meta property=\"article:modified_time\" content=\"2026-04-20T00:04:23+00:00\" \/>\n<meta property=\"og:image\" content=\"https:\/\/schweizversand.ch\/wp-content\/uploads\/2026\/02\/5471534091.jpg\" \/>\n\t<meta property=\"og:image:width\" content=\"1024\" \/>\n\t<meta property=\"og:image:height\" content=\"1024\" \/>\n\t<meta property=\"og:image:type\" content=\"image\/jpeg\" \/>\n<meta name=\"twitter:card\" content=\"summary_large_image\" \/>\n<meta name=\"twitter:label1\" content=\"Dur\u00e9e de lecture estim\u00e9e\" \/>\n\t<meta name=\"twitter:data1\" content=\"1 minute\" \/>\n<script type=\"application\/ld+json\" class=\"yoast-schema-graph\">{\"@context\":\"https:\\\/\\\/schema.org\",\"@graph\":[{\"@type\":\"WebPage\",\"@id\":\"https:\\\/\\\/schweizversand.ch\\\/fr\\\/produkt\\\/extreme-clean-autopflege-reifenpflege\\\/\",\"url\":\"https:\\\/\\\/schweizversand.ch\\\/fr\\\/produkt\\\/extreme-clean-autopflege-reifenpflege\\\/\",\"name\":\"Extreme Clean Autopflege Reifenpflege | Jetzt kaufen | Schweizversand.ch\",\"isPartOf\":{\"@id\":\"https:\\\/\\\/schweizversand.ch\\\/fr\\\/#website\"},\"primaryImageOfPage\":{\"@id\":\"https:\\\/\\\/schweizversand.ch\\\/fr\\\/produkt\\\/extreme-clean-autopflege-reifenpflege\\\/#primaryimage\"},\"image\":{\"@id\":\"https:\\\/\\\/schweizversand.ch\\\/fr\\\/produkt\\\/extreme-clean-autopflege-reifenpflege\\\/#primaryimage\"},\"thumbnailUrl\":\"https:\\\/\\\/schweizversand.ch\\\/wp-content\\\/uploads\\\/2026\\\/02\\\/5471534091.jpg\",\"datePublished\":\"2026-03-14T22:21:39+00:00\",\"dateModified\":\"2026-04-20T00:04:23+00:00\",\"description\":\"Extreme Clean Autopflege Reifenpflege g\u00fcnstig kaufen bei Schweizversand.ch. Schnelle Lieferung in der Schweiz. Gratisversand ab CHF 50.\",\"breadcrumb\":{\"@id\":\"https:\\\/\\\/schweizversand.ch\\\/fr\\\/produkt\\\/extreme-clean-autopflege-reifenpflege\\\/#breadcrumb\"},\"inLanguage\":\"fr-FR\",\"potentialAction\":[{\"@type\":\"ReadAction\",\"target\":[\"https:\\\/\\\/schweizversand.ch\\\/fr\\\/produkt\\\/extreme-clean-autopflege-reifenpflege\\\/\"]}]},{\"@type\":\"ImageObject\",\"inLanguage\":\"fr-FR\",\"@id\":\"https:\\\/\\\/schweizversand.ch\\\/fr\\\/produkt\\\/extreme-clean-autopflege-reifenpflege\\\/#primaryimage\",\"url\":\"https:\\\/\\\/schweizversand.ch\\\/wp-content\\\/uploads\\\/2026\\\/02\\\/5471534091.jpg\",\"contentUrl\":\"https:\\\/\\\/schweizversand.ch\\\/wp-content\\\/uploads\\\/2026\\\/02\\\/5471534091.jpg\",\"width\":1024,\"height\":1024},{\"@type\":\"BreadcrumbList\",\"@id\":\"https:\\\/\\\/schweizversand.ch\\\/fr\\\/produkt\\\/extreme-clean-autopflege-reifenpflege\\\/#breadcrumb\",\"itemListElement\":[{\"@type\":\"ListItem\",\"position\":1,\"name\":\"Startseite\",\"item\":\"https:\\\/\\\/schweizversand.ch\\\/fr\\\/home\\\/\"},{\"@type\":\"ListItem\",\"position\":2,\"name\":\"Boutique\",\"item\":\"https:\\\/\\\/schweizversand.ch\\\/fr\\\/boutique\\\/\"},{\"@type\":\"ListItem\",\"position\":3,\"name\":\"Accessoires pour v\u00e9hicules\",\"item\":\"https:\\\/\\\/schweizversand.ch\\\/fr\\\/produkt-kategorie\\\/accessoires-pour-vehicules\\\/\"},{\"@type\":\"ListItem\",\"position\":4,\"name\":\"Voiture\",\"item\":\"https:\\\/\\\/schweizversand.ch\\\/fr\\\/produkt-kategorie\\\/accessoires-pour-vehicules\\\/voiture\\\/\"},{\"@type\":\"ListItem\",\"position\":5,\"name\":\"Nettoyage et entretien\",\"item\":\"https:\\\/\\\/schweizversand.ch\\\/fr\\\/produkt-kategorie\\\/accessoires-pour-vehicules\\\/voiture\\\/reinigung-pflege\\\/\"},{\"@type\":\"ListItem\",\"position\":6,\"name\":\"Entretien automobile et pneus en \u00e9tat de propret\u00e9 extr\u00eame\"}]},{\"@type\":\"WebSite\",\"@id\":\"https:\\\/\\\/schweizversand.ch\\\/fr\\\/#website\",\"url\":\"https:\\\/\\\/schweizversand.ch\\\/fr\\\/\",\"name\":\"Schweizer Shop f\u00fcr Sport, Spiel und Freizeit\",\"description\":\"Gratisversand ab 50.- (netto), ab eigenem schweizer Lager, Lieferung innert 48h\",\"publisher\":{\"@id\":\"https:\\\/\\\/schweizversand.ch\\\/fr\\\/#organization\"},\"alternateName\":\"Schweizversand.ch\",\"potentialAction\":[{\"@type\":\"SearchAction\",\"target\":{\"@type\":\"EntryPoint\",\"urlTemplate\":\"https:\\\/\\\/schweizversand.ch\\\/fr\\\/?s={search_term_string}\"},\"query-input\":{\"@type\":\"PropertyValueSpecification\",\"valueRequired\":true,\"valueName\":\"search_term_string\"}}],\"inLanguage\":\"fr-FR\"},{\"@type\":\"Organization\",\"@id\":\"https:\\\/\\\/schweizversand.ch\\\/fr\\\/#organization\",\"name\":\"Schweizversand.ch\",\"url\":\"https:\\\/\\\/schweizversand.ch\\\/fr\\\/\",\"logo\":{\"@type\":\"ImageObject\",\"inLanguage\":\"fr-FR\",\"@id\":\"https:\\\/\\\/schweizversand.ch\\\/fr\\\/#\\\/schema\\\/logo\\\/image\\\/\",\"url\":\"https:\\\/\\\/schweizversand.ch\\\/wp-content\\\/uploads\\\/2026\\\/03\\\/Logo_Rund_Final-1.png\",\"contentUrl\":\"https:\\\/\\\/schweizversand.ch\\\/wp-content\\\/uploads\\\/2026\\\/03\\\/Logo_Rund_Final-1.png\",\"width\":404,\"height\":404,\"caption\":\"Schweizversand.ch\"},\"image\":{\"@id\":\"https:\\\/\\\/schweizversand.ch\\\/fr\\\/#\\\/schema\\\/logo\\\/image\\\/\"},\"sameAs\":[\"https:\\\/\\\/www.facebook.com\\\/Schweizversand\",\"https:\\\/\\\/www.instagram.com\\\/schweizversand.ch\\\/\"]}]}<\/script>\n<!-- \/ Yoast SEO plugin. -->","yoast_head_json":{"title":"Extreme Clean Autopflege Reifenpflege | Jetzt kaufen | Schweizversand.ch","description":"Extreme Clean Autopflege Reifenpflege g\u00fcnstig kaufen bei Schweizversand.ch. Schnelle Lieferung in der Schweiz. Gratisversand ab CHF 50.","robots":{"index":"index","follow":"follow","max-snippet":"max-snippet:-1","max-image-preview":"max-image-preview:large","max-video-preview":"max-video-preview:-1"},"canonical":"https:\/\/schweizversand.ch\/fr\/produkt\/extreme-clean-autopflege-reifenpflege\/","og_locale":"fr_FR","og_type":"article","og_title":"Extreme Clean Autopflege Reifenpflege | Jetzt kaufen | Schweizversand.ch","og_description":"Extreme Clean Autopflege Reifenpflege g\u00fcnstig kaufen bei Schweizversand.ch. Schnelle Lieferung in der Schweiz. Gratisversand ab CHF 50.","og_url":"https:\/\/schweizversand.ch\/fr\/produkt\/extreme-clean-autopflege-reifenpflege\/","og_site_name":"Schweizer Shop f\u00fcr Sport, Spiel und Freizeit","article_publisher":"https:\/\/www.facebook.com\/Schweizversand","article_modified_time":"2026-04-20T00:04:23+00:00","og_image":[{"width":1024,"height":1024,"url":"https:\/\/schweizversand.ch\/wp-content\/uploads\/2026\/02\/5471534091.jpg","type":"image\/jpeg"}],"twitter_card":"summary_large_image","twitter_misc":{"Dur\u00e9e de lecture estim\u00e9e":"1 minute"},"schema":{"@context":"https:\/\/schema.org","@graph":[{"@type":"WebPage","@id":"https:\/\/schweizversand.ch\/fr\/produkt\/extreme-clean-autopflege-reifenpflege\/","url":"https:\/\/schweizversand.ch\/fr\/produkt\/extreme-clean-autopflege-reifenpflege\/","name":"Extreme Clean Autopflege Reifenpflege | Jetzt kaufen | Schweizversand.ch","isPartOf":{"@id":"https:\/\/schweizversand.ch\/fr\/#website"},"primaryImageOfPage":{"@id":"https:\/\/schweizversand.ch\/fr\/produkt\/extreme-clean-autopflege-reifenpflege\/#primaryimage"},"image":{"@id":"https:\/\/schweizversand.ch\/fr\/produkt\/extreme-clean-autopflege-reifenpflege\/#primaryimage"},"thumbnailUrl":"https:\/\/schweizversand.ch\/wp-content\/uploads\/2026\/02\/5471534091.jpg","datePublished":"2026-03-14T22:21:39+00:00","dateModified":"2026-04-20T00:04:23+00:00","description":"Extreme Clean Autopflege Reifenpflege g\u00fcnstig kaufen bei Schweizversand.ch. Schnelle Lieferung in der Schweiz. Gratisversand ab CHF 50.","breadcrumb":{"@id":"https:\/\/schweizversand.ch\/fr\/produkt\/extreme-clean-autopflege-reifenpflege\/#breadcrumb"},"inLanguage":"fr-FR","potentialAction":[{"@type":"ReadAction","target":["https:\/\/schweizversand.ch\/fr\/produkt\/extreme-clean-autopflege-reifenpflege\/"]}]},{"@type":"ImageObject","inLanguage":"fr-FR","@id":"https:\/\/schweizversand.ch\/fr\/produkt\/extreme-clean-autopflege-reifenpflege\/#primaryimage","url":"https:\/\/schweizversand.ch\/wp-content\/uploads\/2026\/02\/5471534091.jpg","contentUrl":"https:\/\/schweizversand.ch\/wp-content\/uploads\/2026\/02\/5471534091.jpg","width":1024,"height":1024},{"@type":"BreadcrumbList","@id":"https:\/\/schweizversand.ch\/fr\/produkt\/extreme-clean-autopflege-reifenpflege\/#breadcrumb","itemListElement":[{"@type":"ListItem","position":1,"name":"Startseite","item":"https:\/\/schweizversand.ch\/fr\/home\/"},{"@type":"ListItem","position":2,"name":"Boutique","item":"https:\/\/schweizversand.ch\/fr\/boutique\/"},{"@type":"ListItem","position":3,"name":"Accessoires pour v\u00e9hicules","item":"https:\/\/schweizversand.ch\/fr\/produkt-kategorie\/accessoires-pour-vehicules\/"},{"@type":"ListItem","position":4,"name":"Voiture","item":"https:\/\/schweizversand.ch\/fr\/produkt-kategorie\/accessoires-pour-vehicules\/voiture\/"},{"@type":"ListItem","position":5,"name":"Nettoyage et entretien","item":"https:\/\/schweizversand.ch\/fr\/produkt-kategorie\/accessoires-pour-vehicules\/voiture\/reinigung-pflege\/"},{"@type":"ListItem","position":6,"name":"Entretien automobile et pneus en \u00e9tat de propret\u00e9 extr\u00eame"}]},{"@type":"WebSite","@id":"https:\/\/schweizversand.ch\/fr\/#website","url":"https:\/\/schweizversand.ch\/fr\/","name":"Schweizer Shop f\u00fcr Sport, Spiel und Freizeit","description":"Gratisversand ab 50.- (netto), ab eigenem schweizer Lager, Lieferung innert 48h","publisher":{"@id":"https:\/\/schweizversand.ch\/fr\/#organization"},"alternateName":"Schweizversand.ch","potentialAction":[{"@type":"SearchAction","target":{"@type":"EntryPoint","urlTemplate":"https:\/\/schweizversand.ch\/fr\/?s={search_term_string}"},"query-input":{"@type":"PropertyValueSpecification","valueRequired":true,"valueName":"search_term_string"}}],"inLanguage":"fr-FR"},{"@type":"Organization","@id":"https:\/\/schweizversand.ch\/fr\/#organization","name":"Schweizversand.ch","url":"https:\/\/schweizversand.ch\/fr\/","logo":{"@type":"ImageObject","inLanguage":"fr-FR","@id":"https:\/\/schweizversand.ch\/fr\/#\/schema\/logo\/image\/","url":"https:\/\/schweizversand.ch\/wp-content\/uploads\/2026\/03\/Logo_Rund_Final-1.png","contentUrl":"https:\/\/schweizversand.ch\/wp-content\/uploads\/2026\/03\/Logo_Rund_Final-1.png","width":404,"height":404,"caption":"Schweizversand.ch"},"image":{"@id":"https:\/\/schweizversand.ch\/fr\/#\/schema\/logo\/image\/"},"sameAs":["https:\/\/www.facebook.com\/Schweizversand","https:\/\/www.instagram.com\/schweizversand.ch\/"]}]}},"jetpack_sharing_enabled":true,"_links":{"self":[{"href":"https:\/\/schweizversand.ch\/fr\/wp-json\/wp\/v2\/product\/247301","targetHints":{"allow":["GET"]}}],"collection":[{"href":"https:\/\/schweizversand.ch\/fr\/wp-json\/wp\/v2\/product"}],"about":[{"href":"https:\/\/schweizversand.ch\/fr\/wp-json\/wp\/v2\/types\/product"}],"replies":[{"embeddable":true,"href":"https:\/\/schweizversand.ch\/fr\/wp-json\/wp\/v2\/comments?post=247301"}],"wp:featuredmedia":[{"embeddable":true,"href":"https:\/\/schweizversand.ch\/fr\/wp-json\/wp\/v2\/media\/165076"}],"wp:attachment":[{"href":"https:\/\/schweizversand.ch\/fr\/wp-json\/wp\/v2\/media?parent=247301"}],"wp:term":[{"taxonomy":"product_brand","embeddable":true,"href":"https:\/\/schweizversand.ch\/fr\/wp-json\/wp\/v2\/product_brand?post=247301"},{"taxonomy":"product_cat","embeddable":true,"href":"https:\/\/schweizversand.ch\/fr\/wp-json\/wp\/v2\/product_cat?post=247301"},{"taxonomy":"product_tag","embeddable":true,"href":"https:\/\/schweizversand.ch\/fr\/wp-json\/wp\/v2\/product_tag?post=247301"}],"curies":[{"name":"wp","href":"https:\/\/api.w.org\/{rel}","templated":true}]}}