{"id":247303,"date":"2026-03-14T23:21:39","date_gmt":"2026-03-14T22:21:39","guid":{"rendered":"https:\/\/schweizversand.ch\/produkt\/hq-kites-designs-bouncing-birdeez-chicken\/"},"modified":"2026-04-19T02:05:21","modified_gmt":"2026-04-19T00:05:21","slug":"hq-kites-designs-bouncing-birdeez-chicken","status":"publish","type":"product","link":"https:\/\/schweizversand.ch\/fr\/produkt\/hq-kites-designs-bouncing-birdeez-chicken\/","title":{"rendered":"Cerfs-volants et designs Hq Birdeez poulet rebondissant"},"content":{"rendered":"<div>Bouncing Birdeez \u2013 Le jouet sauteur d&rsquo;ext\u00e9rieur id\u00e9al pour s&rsquo;amuser au grand air\u00a0!<br \/>Le Bouncing Birdeez apporte mouvement, amusement et dynamisme au grand air\u00a0! Avec un diam\u00e8tre de 60\u00a0cm, ce jouet d&rsquo;ext\u00e9rieur original est suffisamment grand pour \u00eatre bien visible et ravit petits et grands, que ce soit dans un pr\u00e9, un parc ou sur la plage.<br \/>Fabriqu\u00e9 en nylon ripstop robuste, le Bouncing Birdeez est particuli\u00e8rement r\u00e9sistant et durable, m\u00eame en cas d&rsquo;utilisation fr\u00e9quente. Par vent de force 3 Beaufort (environ 19 km\/h) et plus, le jouet r\u00e9v\u00e8le tout son potentiel : il rebondit, saute et danse au gr\u00e9 du vent \u2013 \u200b\u200bun divertissement fascinant pour petits et grands !<br \/>Avantages du produit en un coup d&rsquo;\u0153il :<br \/>\u2022 Grand diam\u00e8tre (60 cm) : Haute visibilit\u00e9 et id\u00e9al pour les activit\u00e9s de plein air<br \/>\u2022 Mat\u00e9riau robuste : Fabriqu\u00e9 en nylon ripstop ind\u00e9chirable pour une durabilit\u00e9 accrue<br \/>\u2022 Jouet activ\u00e9 par le vent : Id\u00e9al par vent \u00e0 partir de force 3 Beaufort (environ 19 km\/h)<br \/>\u2022 Utilisation polyvalente : Pour le jardin, le parc, le camping ou la plage<br \/>\u2022 Exercice et amusement : Encourage l&rsquo;activit\u00e9, la dext\u00e9rit\u00e9 et l&rsquo;observation<\/p>\n<\/div>\n<div>Avec le Bouncing Birdeez, vous obtenez un jouet activ\u00e9 par la m\u00e9t\u00e9o qui allie amusement, exercice et grand air \u2013 parfait pour les jours de vent et les familles actives !<\/p>\n","protected":false},"excerpt":{"rendered":"<p>Bouncing Birdeez \u2013 Le jouet sauteur d&rsquo;ext\u00e9rieur id\u00e9al pour s&rsquo;amuser au grand air\u00a0!Le Bouncing Birdeez apporte mouvement, amusement et dynamisme au grand air\u00a0! Avec un diam\u00e8tre de 60\u00a0cm, ce jouet d&rsquo;ext\u00e9rieur original est suffisamment grand pour \u00eatre bien visible et ravit petits et grands, que ce soit dans un pr\u00e9, un parc ou sur la plage.Fabriqu\u00e9 en nylon ripstop robuste, le Bouncing Birdeez est particuli\u00e8rement r\u00e9sistant et durable, m\u00eame en cas d&rsquo;utilisation fr\u00e9quente. Par vent&hellip;<\/p>\n","protected":false},"featured_media":257396,"comment_status":"open","ping_status":"closed","template":"","meta":[],"product_brand":[],"product_cat":[38116],"product_tag":[],"class_list":{"0":"post-247303","1":"product","2":"type-product","3":"status-publish","4":"has-post-thumbnail","6":"product_cat-diverses","7":"product_shipping_class-global_methods","9":"first","10":"instock","11":"taxable","12":"shipping-taxable","13":"purchasable","14":"product-type-simple"},"yoast_head":"<!-- This site is optimized with the Yoast SEO plugin v27.4 - https:\/\/yoast.com\/product\/yoast-seo-wordpress\/ -->\n<title>Hq Kites &amp; Designs Bouncing Birdeez Chicken | Jetzt kaufen | Schweizversand.ch<\/title>\n<meta name=\"description\" content=\"Hq Kites &amp; Designs Bouncing Birdeez Chicken g\u00fcnstig kaufen bei Schweizversand.ch. Schnelle Lieferung in der Schweiz. Gratisversand ab CHF 50.\" \/>\n<meta name=\"robots\" content=\"index, follow, max-snippet:-1, max-image-preview:large, max-video-preview:-1\" \/>\n<link rel=\"canonical\" href=\"https:\/\/schweizversand.ch\/fr\/produkt\/hq-kites-designs-bouncing-birdeez-chicken\/\" \/>\n<meta property=\"og:locale\" content=\"fr_FR\" \/>\n<meta property=\"og:type\" content=\"article\" \/>\n<meta property=\"og:title\" content=\"Hq Kites &amp; Designs Bouncing Birdeez Chicken | Jetzt kaufen | Schweizversand.ch\" \/>\n<meta property=\"og:description\" content=\"Hq Kites &amp; Designs Bouncing Birdeez Chicken g\u00fcnstig kaufen bei Schweizversand.ch. Schnelle Lieferung in der Schweiz. Gratisversand ab CHF 50.\" \/>\n<meta property=\"og:url\" content=\"https:\/\/schweizversand.ch\/fr\/produkt\/hq-kites-designs-bouncing-birdeez-chicken\/\" \/>\n<meta property=\"og:site_name\" content=\"Schweizer Shop f\u00fcr Sport, Spiel und Freizeit\" \/>\n<meta property=\"article:publisher\" content=\"https:\/\/www.facebook.com\/Schweizversand\" \/>\n<meta property=\"article:modified_time\" content=\"2026-04-19T00:05:21+00:00\" \/>\n<meta property=\"og:image\" content=\"https:\/\/schweizversand.ch\/wp-content\/uploads\/2026\/02\/5471827024.jpg\" \/>\n\t<meta property=\"og:image:width\" content=\"1024\" \/>\n\t<meta property=\"og:image:height\" content=\"1024\" \/>\n\t<meta property=\"og:image:type\" content=\"image\/jpeg\" \/>\n<meta name=\"twitter:card\" content=\"summary_large_image\" \/>\n<meta name=\"twitter:label1\" content=\"Dur\u00e9e de lecture estim\u00e9e\" \/>\n\t<meta name=\"twitter:data1\" content=\"1 minute\" \/>\n<script type=\"application\/ld+json\" class=\"yoast-schema-graph\">{\"@context\":\"https:\\\/\\\/schema.org\",\"@graph\":[{\"@type\":\"WebPage\",\"@id\":\"https:\\\/\\\/schweizversand.ch\\\/fr\\\/produkt\\\/hq-kites-designs-bouncing-birdeez-chicken\\\/\",\"url\":\"https:\\\/\\\/schweizversand.ch\\\/fr\\\/produkt\\\/hq-kites-designs-bouncing-birdeez-chicken\\\/\",\"name\":\"Hq Kites & Designs Bouncing Birdeez Chicken | Jetzt kaufen | Schweizversand.ch\",\"isPartOf\":{\"@id\":\"https:\\\/\\\/schweizversand.ch\\\/fr\\\/#website\"},\"primaryImageOfPage\":{\"@id\":\"https:\\\/\\\/schweizversand.ch\\\/fr\\\/produkt\\\/hq-kites-designs-bouncing-birdeez-chicken\\\/#primaryimage\"},\"image\":{\"@id\":\"https:\\\/\\\/schweizversand.ch\\\/fr\\\/produkt\\\/hq-kites-designs-bouncing-birdeez-chicken\\\/#primaryimage\"},\"thumbnailUrl\":\"https:\\\/\\\/schweizversand.ch\\\/wp-content\\\/uploads\\\/2026\\\/02\\\/5471827024.jpg\",\"datePublished\":\"2026-03-14T22:21:39+00:00\",\"dateModified\":\"2026-04-19T00:05:21+00:00\",\"description\":\"Hq Kites & Designs Bouncing Birdeez Chicken g\u00fcnstig kaufen bei Schweizversand.ch. Schnelle Lieferung in der Schweiz. Gratisversand ab CHF 50.\",\"breadcrumb\":{\"@id\":\"https:\\\/\\\/schweizversand.ch\\\/fr\\\/produkt\\\/hq-kites-designs-bouncing-birdeez-chicken\\\/#breadcrumb\"},\"inLanguage\":\"fr-FR\",\"potentialAction\":[{\"@type\":\"ReadAction\",\"target\":[\"https:\\\/\\\/schweizversand.ch\\\/fr\\\/produkt\\\/hq-kites-designs-bouncing-birdeez-chicken\\\/\"]}]},{\"@type\":\"ImageObject\",\"inLanguage\":\"fr-FR\",\"@id\":\"https:\\\/\\\/schweizversand.ch\\\/fr\\\/produkt\\\/hq-kites-designs-bouncing-birdeez-chicken\\\/#primaryimage\",\"url\":\"https:\\\/\\\/schweizversand.ch\\\/wp-content\\\/uploads\\\/2026\\\/02\\\/5471827024.jpg\",\"contentUrl\":\"https:\\\/\\\/schweizversand.ch\\\/wp-content\\\/uploads\\\/2026\\\/02\\\/5471827024.jpg\",\"width\":1024,\"height\":1024},{\"@type\":\"BreadcrumbList\",\"@id\":\"https:\\\/\\\/schweizversand.ch\\\/fr\\\/produkt\\\/hq-kites-designs-bouncing-birdeez-chicken\\\/#breadcrumb\",\"itemListElement\":[{\"@type\":\"ListItem\",\"position\":1,\"name\":\"Startseite\",\"item\":\"https:\\\/\\\/schweizversand.ch\\\/fr\\\/home\\\/\"},{\"@type\":\"ListItem\",\"position\":2,\"name\":\"Boutique\",\"item\":\"https:\\\/\\\/schweizversand.ch\\\/fr\\\/boutique\\\/\"},{\"@type\":\"ListItem\",\"position\":3,\"name\":\"Jouets et jeux\",\"item\":\"https:\\\/\\\/schweizversand.ch\\\/fr\\\/produkt-kategorie\\\/jouets-et-jeux\\\/\"},{\"@type\":\"ListItem\",\"position\":4,\"name\":\"F\u00eates et divertissements\",\"item\":\"https:\\\/\\\/schweizversand.ch\\\/fr\\\/produkt-kategorie\\\/jouets-et-jeux\\\/fetes-et-divertissements\\\/\"},{\"@type\":\"ListItem\",\"position\":5,\"name\":\"Divers\",\"item\":\"https:\\\/\\\/schweizversand.ch\\\/fr\\\/produkt-kategorie\\\/jouets-et-jeux\\\/fetes-et-divertissements\\\/diverses\\\/\"},{\"@type\":\"ListItem\",\"position\":6,\"name\":\"Cerfs-volants et designs Hq Birdeez poulet rebondissant\"}]},{\"@type\":\"WebSite\",\"@id\":\"https:\\\/\\\/schweizversand.ch\\\/fr\\\/#website\",\"url\":\"https:\\\/\\\/schweizversand.ch\\\/fr\\\/\",\"name\":\"Schweizer Shop f\u00fcr Sport, Spiel und Freizeit\",\"description\":\"Gratisversand ab 50.- (netto), ab eigenem schweizer Lager, Lieferung innert 48h\",\"publisher\":{\"@id\":\"https:\\\/\\\/schweizversand.ch\\\/fr\\\/#organization\"},\"alternateName\":\"Schweizversand.ch\",\"potentialAction\":[{\"@type\":\"SearchAction\",\"target\":{\"@type\":\"EntryPoint\",\"urlTemplate\":\"https:\\\/\\\/schweizversand.ch\\\/fr\\\/?s={search_term_string}\"},\"query-input\":{\"@type\":\"PropertyValueSpecification\",\"valueRequired\":true,\"valueName\":\"search_term_string\"}}],\"inLanguage\":\"fr-FR\"},{\"@type\":\"Organization\",\"@id\":\"https:\\\/\\\/schweizversand.ch\\\/fr\\\/#organization\",\"name\":\"Schweizversand.ch\",\"url\":\"https:\\\/\\\/schweizversand.ch\\\/fr\\\/\",\"logo\":{\"@type\":\"ImageObject\",\"inLanguage\":\"fr-FR\",\"@id\":\"https:\\\/\\\/schweizversand.ch\\\/fr\\\/#\\\/schema\\\/logo\\\/image\\\/\",\"url\":\"https:\\\/\\\/schweizversand.ch\\\/wp-content\\\/uploads\\\/2026\\\/03\\\/Logo_Rund_Final-1.png\",\"contentUrl\":\"https:\\\/\\\/schweizversand.ch\\\/wp-content\\\/uploads\\\/2026\\\/03\\\/Logo_Rund_Final-1.png\",\"width\":404,\"height\":404,\"caption\":\"Schweizversand.ch\"},\"image\":{\"@id\":\"https:\\\/\\\/schweizversand.ch\\\/fr\\\/#\\\/schema\\\/logo\\\/image\\\/\"},\"sameAs\":[\"https:\\\/\\\/www.facebook.com\\\/Schweizversand\",\"https:\\\/\\\/www.instagram.com\\\/schweizversand.ch\\\/\"]}]}<\/script>\n<!-- \/ Yoast SEO plugin. -->","yoast_head_json":{"title":"Hq Kites & Designs Bouncing Birdeez Chicken | Jetzt kaufen | Schweizversand.ch","description":"Hq Kites & Designs Bouncing Birdeez Chicken g\u00fcnstig kaufen bei Schweizversand.ch. Schnelle Lieferung in der Schweiz. Gratisversand ab CHF 50.","robots":{"index":"index","follow":"follow","max-snippet":"max-snippet:-1","max-image-preview":"max-image-preview:large","max-video-preview":"max-video-preview:-1"},"canonical":"https:\/\/schweizversand.ch\/fr\/produkt\/hq-kites-designs-bouncing-birdeez-chicken\/","og_locale":"fr_FR","og_type":"article","og_title":"Hq Kites & Designs Bouncing Birdeez Chicken | Jetzt kaufen | Schweizversand.ch","og_description":"Hq Kites & Designs Bouncing Birdeez Chicken g\u00fcnstig kaufen bei Schweizversand.ch. Schnelle Lieferung in der Schweiz. Gratisversand ab CHF 50.","og_url":"https:\/\/schweizversand.ch\/fr\/produkt\/hq-kites-designs-bouncing-birdeez-chicken\/","og_site_name":"Schweizer Shop f\u00fcr Sport, Spiel und Freizeit","article_publisher":"https:\/\/www.facebook.com\/Schweizversand","article_modified_time":"2026-04-19T00:05:21+00:00","og_image":[{"width":1024,"height":1024,"url":"https:\/\/schweizversand.ch\/wp-content\/uploads\/2026\/02\/5471827024.jpg","type":"image\/jpeg"}],"twitter_card":"summary_large_image","twitter_misc":{"Dur\u00e9e de lecture estim\u00e9e":"1 minute"},"schema":{"@context":"https:\/\/schema.org","@graph":[{"@type":"WebPage","@id":"https:\/\/schweizversand.ch\/fr\/produkt\/hq-kites-designs-bouncing-birdeez-chicken\/","url":"https:\/\/schweizversand.ch\/fr\/produkt\/hq-kites-designs-bouncing-birdeez-chicken\/","name":"Hq Kites & Designs Bouncing Birdeez Chicken | Jetzt kaufen | Schweizversand.ch","isPartOf":{"@id":"https:\/\/schweizversand.ch\/fr\/#website"},"primaryImageOfPage":{"@id":"https:\/\/schweizversand.ch\/fr\/produkt\/hq-kites-designs-bouncing-birdeez-chicken\/#primaryimage"},"image":{"@id":"https:\/\/schweizversand.ch\/fr\/produkt\/hq-kites-designs-bouncing-birdeez-chicken\/#primaryimage"},"thumbnailUrl":"https:\/\/schweizversand.ch\/wp-content\/uploads\/2026\/02\/5471827024.jpg","datePublished":"2026-03-14T22:21:39+00:00","dateModified":"2026-04-19T00:05:21+00:00","description":"Hq Kites & Designs Bouncing Birdeez Chicken g\u00fcnstig kaufen bei Schweizversand.ch. Schnelle Lieferung in der Schweiz. Gratisversand ab CHF 50.","breadcrumb":{"@id":"https:\/\/schweizversand.ch\/fr\/produkt\/hq-kites-designs-bouncing-birdeez-chicken\/#breadcrumb"},"inLanguage":"fr-FR","potentialAction":[{"@type":"ReadAction","target":["https:\/\/schweizversand.ch\/fr\/produkt\/hq-kites-designs-bouncing-birdeez-chicken\/"]}]},{"@type":"ImageObject","inLanguage":"fr-FR","@id":"https:\/\/schweizversand.ch\/fr\/produkt\/hq-kites-designs-bouncing-birdeez-chicken\/#primaryimage","url":"https:\/\/schweizversand.ch\/wp-content\/uploads\/2026\/02\/5471827024.jpg","contentUrl":"https:\/\/schweizversand.ch\/wp-content\/uploads\/2026\/02\/5471827024.jpg","width":1024,"height":1024},{"@type":"BreadcrumbList","@id":"https:\/\/schweizversand.ch\/fr\/produkt\/hq-kites-designs-bouncing-birdeez-chicken\/#breadcrumb","itemListElement":[{"@type":"ListItem","position":1,"name":"Startseite","item":"https:\/\/schweizversand.ch\/fr\/home\/"},{"@type":"ListItem","position":2,"name":"Boutique","item":"https:\/\/schweizversand.ch\/fr\/boutique\/"},{"@type":"ListItem","position":3,"name":"Jouets et jeux","item":"https:\/\/schweizversand.ch\/fr\/produkt-kategorie\/jouets-et-jeux\/"},{"@type":"ListItem","position":4,"name":"F\u00eates et divertissements","item":"https:\/\/schweizversand.ch\/fr\/produkt-kategorie\/jouets-et-jeux\/fetes-et-divertissements\/"},{"@type":"ListItem","position":5,"name":"Divers","item":"https:\/\/schweizversand.ch\/fr\/produkt-kategorie\/jouets-et-jeux\/fetes-et-divertissements\/diverses\/"},{"@type":"ListItem","position":6,"name":"Cerfs-volants et designs Hq Birdeez poulet rebondissant"}]},{"@type":"WebSite","@id":"https:\/\/schweizversand.ch\/fr\/#website","url":"https:\/\/schweizversand.ch\/fr\/","name":"Schweizer Shop f\u00fcr Sport, Spiel und Freizeit","description":"Gratisversand ab 50.- (netto), ab eigenem schweizer Lager, Lieferung innert 48h","publisher":{"@id":"https:\/\/schweizversand.ch\/fr\/#organization"},"alternateName":"Schweizversand.ch","potentialAction":[{"@type":"SearchAction","target":{"@type":"EntryPoint","urlTemplate":"https:\/\/schweizversand.ch\/fr\/?s={search_term_string}"},"query-input":{"@type":"PropertyValueSpecification","valueRequired":true,"valueName":"search_term_string"}}],"inLanguage":"fr-FR"},{"@type":"Organization","@id":"https:\/\/schweizversand.ch\/fr\/#organization","name":"Schweizversand.ch","url":"https:\/\/schweizversand.ch\/fr\/","logo":{"@type":"ImageObject","inLanguage":"fr-FR","@id":"https:\/\/schweizversand.ch\/fr\/#\/schema\/logo\/image\/","url":"https:\/\/schweizversand.ch\/wp-content\/uploads\/2026\/03\/Logo_Rund_Final-1.png","contentUrl":"https:\/\/schweizversand.ch\/wp-content\/uploads\/2026\/03\/Logo_Rund_Final-1.png","width":404,"height":404,"caption":"Schweizversand.ch"},"image":{"@id":"https:\/\/schweizversand.ch\/fr\/#\/schema\/logo\/image\/"},"sameAs":["https:\/\/www.facebook.com\/Schweizversand","https:\/\/www.instagram.com\/schweizversand.ch\/"]}]}},"jetpack_sharing_enabled":true,"_links":{"self":[{"href":"https:\/\/schweizversand.ch\/fr\/wp-json\/wp\/v2\/product\/247303","targetHints":{"allow":["GET"]}}],"collection":[{"href":"https:\/\/schweizversand.ch\/fr\/wp-json\/wp\/v2\/product"}],"about":[{"href":"https:\/\/schweizversand.ch\/fr\/wp-json\/wp\/v2\/types\/product"}],"replies":[{"embeddable":true,"href":"https:\/\/schweizversand.ch\/fr\/wp-json\/wp\/v2\/comments?post=247303"}],"wp:featuredmedia":[{"embeddable":true,"href":"https:\/\/schweizversand.ch\/fr\/wp-json\/wp\/v2\/media\/257396"}],"wp:attachment":[{"href":"https:\/\/schweizversand.ch\/fr\/wp-json\/wp\/v2\/media?parent=247303"}],"wp:term":[{"taxonomy":"product_brand","embeddable":true,"href":"https:\/\/schweizversand.ch\/fr\/wp-json\/wp\/v2\/product_brand?post=247303"},{"taxonomy":"product_cat","embeddable":true,"href":"https:\/\/schweizversand.ch\/fr\/wp-json\/wp\/v2\/product_cat?post=247303"},{"taxonomy":"product_tag","embeddable":true,"href":"https:\/\/schweizversand.ch\/fr\/wp-json\/wp\/v2\/product_tag?post=247303"}],"curies":[{"name":"wp","href":"https:\/\/api.w.org\/{rel}","templated":true}]}}