{"id":247306,"date":"2026-03-14T23:21:39","date_gmt":"2026-03-14T22:21:39","guid":{"rendered":"https:\/\/schweizversand.ch\/produkt\/hq-kites-designs-drachen-pferd\/"},"modified":"2026-04-19T02:05:21","modified_gmt":"2026-04-19T00:05:21","slug":"hq-kites-designs-drachen-pferd","status":"publish","type":"product","link":"https:\/\/schweizversand.ch\/fr\/produkt\/hq-kites-designs-drachen-pferd\/","title":{"rendered":"Cerf-volant HQ Kites &#038; Designs \u00ab Cheval \u00bb"},"content":{"rendered":"<h1><strong>Cerfs-volants de poche Sleddys \u2013 Stables, compacts et pr\u00eats \u00e0 voler<\/strong><\/h1>\n<div>Les Sleddys sont les <strong>compagnons id\u00e9aux<\/strong> pour tous ceux qui souhaitent s&rsquo;envoler spontan\u00e9ment\u00a0! Ce cerf-volant de poche astucieux est pr\u00eat \u00e0 voler imm\u00e9diatement, ne n\u00e9cessite aucune tige et se replie de mani\u00e8re extr\u00eamement compacte apr\u00e8s le vol \u2013 parfait pour les <strong>vols-volants \u00e0 emporter<\/strong>, au parc ou lors de votre prochaine sortie en famille.<\/p>\n<\/div>\n<div><strong>Un plaisir de vol in\u00e9gal\u00e9 gr\u00e2ce \u00e0 la conception sans armature<\/strong><br \/>Gr\u00e2ce \u00e0 la conception sans armature innovante (conception Sleddy), ces cerfs-volants <strong>sans armature<\/strong> s&rsquo;envolent de mani\u00e8re fiable m\u00eame par vent l\u00e9ger. Le mat\u00e9riau robuste de ce cerf-volant <strong>ripstop<\/strong>, fabriqu\u00e9 en polyester ripstop r\u00e9sistant aux d\u00e9chirures, garantit une durabilit\u00e9 et une stabilit\u00e9 exceptionnelles, m\u00eame en cas d&rsquo;utilisation intensive.<\/p>\n<\/div>\n<div><strong>Parfait pour toutes les aventures<\/strong><br \/>Le cerf-volant <strong>Sleddys<\/strong> est un mod\u00e8le polyvalent. Avec une envergure de 76 cm et une hauteur de 50 cm, ce cerf-volant <strong>de poche<\/strong> est compact et l\u00e9ger, id\u00e9al pour les enfants \u00e0 partir de 5 ans. Sa large plage de vent (force 2 \u00e0 6 Beaufort, soit 6 \u00e0 49 km\/h) en fait le compagnon id\u00e9al par presque tous les temps.<\/p>\n<\/div>\n<div><strong>Caract\u00e9ristiques et contenu de la livraison<\/strong><br \/>&#8211; Pr\u00eat \u00e0 voler\u00a0: aucun assemblage requis, il suffit de le d\u00e9baller et de le faire voler.<br \/>&#8211; Compact et l\u00e9ger\u00a0: se glisse dans n\u2019importe quelle poche de veste \u2013 id\u00e9al pour les <strong>cerfs-volants \u00e0 emporter partout<\/strong><br \/>&#8211; Mat\u00e9riau robuste\u00a0: polyester ripstop ind\u00e9chirable pour une durabilit\u00e9 accrue.<br \/>&#8211; Performances de vol optimales\u00a0: plage de vent de force 2 \u00e0 6 Beaufort (6 \u00e0 49 km\/h).<br \/>&#8211; Ligne de vol incluse\u00a0: polyester 17 kp, 40 m sur bobine.<br \/>&#8211; Public cible\u00a0: convient aux enfants \u00e0 partir de 5 ans.<\/p>\n<\/div>\n<div>Vivez une libert\u00e9 totale et un plaisir de vol sans souci avec le <strong>cerf-volant de poche Sleddys<\/strong>. Commandez d\u00e8s maintenant et ayez votre cerf-volant de poche toujours pr\u00eat pour votre prochaine aventure improvis\u00e9e\u00a0!<\/p>\n","protected":false},"excerpt":{"rendered":"<p>Cerfs-volants de poche Sleddys \u2013 Stables, compacts et pr\u00eats \u00e0 voler Les Sleddys sont les compagnons id\u00e9aux pour tous ceux qui souhaitent s&rsquo;envoler spontan\u00e9ment\u00a0! Ce cerf-volant de poche astucieux est pr\u00eat \u00e0 voler imm\u00e9diatement, ne n\u00e9cessite aucune tige et se replie de mani\u00e8re extr\u00eamement compacte apr\u00e8s le vol \u2013 parfait pour les vols-volants \u00e0 emporter, au parc ou lors de votre prochaine sortie en famille. Un plaisir de vol in\u00e9gal\u00e9 gr\u00e2ce \u00e0 la conception sans&hellip;<\/p>\n","protected":false},"featured_media":257399,"comment_status":"open","ping_status":"closed","template":"","meta":[],"product_brand":[],"product_cat":[38116],"product_tag":[],"class_list":{"0":"post-247306","1":"product","2":"type-product","3":"status-publish","4":"has-post-thumbnail","6":"product_cat-diverses","7":"product_shipping_class-global_methods","9":"first","10":"instock","11":"taxable","12":"shipping-taxable","13":"purchasable","14":"product-type-simple"},"yoast_head":"<!-- This site is optimized with the Yoast SEO plugin v27.4 - https:\/\/yoast.com\/product\/yoast-seo-wordpress\/ -->\n<title>Hq Kites &amp; Designs Drachen &quot;Pferd&quot;<\/title>\n<meta name=\"description\" content=\"Sleddys Taschendrachen \u2013 Stabil, kompakt und sofort startklar Die Sleddys sind die idealen Begleiter f\u00fcr alle, die spontan abheben m\u00f6chten! Dieser clevere Tasch\" \/>\n<meta name=\"robots\" content=\"index, follow, max-snippet:-1, max-image-preview:large, max-video-preview:-1\" \/>\n<link rel=\"canonical\" href=\"https:\/\/schweizversand.ch\/fr\/produkt\/hq-kites-designs-drachen-pferd\/\" \/>\n<meta property=\"og:locale\" content=\"fr_FR\" \/>\n<meta property=\"og:type\" content=\"article\" \/>\n<meta property=\"og:title\" content=\"Hq Kites &amp; Designs Drachen &quot;Pferd&quot;\" \/>\n<meta property=\"og:description\" content=\"Sleddys Taschendrachen \u2013 Stabil, kompakt und sofort startklar Die Sleddys sind die idealen Begleiter f\u00fcr alle, die spontan abheben m\u00f6chten! Dieser clevere Tasch\" \/>\n<meta property=\"og:url\" content=\"https:\/\/schweizversand.ch\/fr\/produkt\/hq-kites-designs-drachen-pferd\/\" \/>\n<meta property=\"og:site_name\" content=\"Schweizer Shop f\u00fcr Sport, Spiel und Freizeit\" \/>\n<meta property=\"article:publisher\" content=\"https:\/\/www.facebook.com\/Schweizversand\" \/>\n<meta property=\"article:modified_time\" content=\"2026-04-19T00:05:21+00:00\" \/>\n<meta property=\"og:image\" content=\"https:\/\/schweizversand.ch\/wp-content\/uploads\/2026\/02\/5471830113.jpg\" \/>\n\t<meta property=\"og:image:width\" content=\"1024\" \/>\n\t<meta property=\"og:image:height\" content=\"1024\" \/>\n\t<meta property=\"og:image:type\" content=\"image\/jpeg\" \/>\n<meta name=\"twitter:card\" content=\"summary_large_image\" \/>\n<meta name=\"twitter:label1\" content=\"Dur\u00e9e de lecture estim\u00e9e\" \/>\n\t<meta name=\"twitter:data1\" content=\"2 minutes\" \/>\n<script type=\"application\/ld+json\" class=\"yoast-schema-graph\">{\"@context\":\"https:\\\/\\\/schema.org\",\"@graph\":[{\"@type\":\"WebPage\",\"@id\":\"https:\\\/\\\/schweizversand.ch\\\/fr\\\/produkt\\\/hq-kites-designs-drachen-pferd\\\/\",\"url\":\"https:\\\/\\\/schweizversand.ch\\\/fr\\\/produkt\\\/hq-kites-designs-drachen-pferd\\\/\",\"name\":\"Hq Kites & Designs Drachen \\\"Pferd\\\"\",\"isPartOf\":{\"@id\":\"https:\\\/\\\/schweizversand.ch\\\/fr\\\/#website\"},\"primaryImageOfPage\":{\"@id\":\"https:\\\/\\\/schweizversand.ch\\\/fr\\\/produkt\\\/hq-kites-designs-drachen-pferd\\\/#primaryimage\"},\"image\":{\"@id\":\"https:\\\/\\\/schweizversand.ch\\\/fr\\\/produkt\\\/hq-kites-designs-drachen-pferd\\\/#primaryimage\"},\"thumbnailUrl\":\"https:\\\/\\\/schweizversand.ch\\\/wp-content\\\/uploads\\\/2026\\\/02\\\/5471830113.jpg\",\"datePublished\":\"2026-03-14T22:21:39+00:00\",\"dateModified\":\"2026-04-19T00:05:21+00:00\",\"description\":\"Sleddys Taschendrachen \u2013 Stabil, kompakt und sofort startklar Die Sleddys sind die idealen Begleiter f\u00fcr alle, die spontan abheben m\u00f6chten! Dieser clevere Tasch\",\"breadcrumb\":{\"@id\":\"https:\\\/\\\/schweizversand.ch\\\/fr\\\/produkt\\\/hq-kites-designs-drachen-pferd\\\/#breadcrumb\"},\"inLanguage\":\"fr-FR\",\"potentialAction\":[{\"@type\":\"ReadAction\",\"target\":[\"https:\\\/\\\/schweizversand.ch\\\/fr\\\/produkt\\\/hq-kites-designs-drachen-pferd\\\/\"]}]},{\"@type\":\"ImageObject\",\"inLanguage\":\"fr-FR\",\"@id\":\"https:\\\/\\\/schweizversand.ch\\\/fr\\\/produkt\\\/hq-kites-designs-drachen-pferd\\\/#primaryimage\",\"url\":\"https:\\\/\\\/schweizversand.ch\\\/wp-content\\\/uploads\\\/2026\\\/02\\\/5471830113.jpg\",\"contentUrl\":\"https:\\\/\\\/schweizversand.ch\\\/wp-content\\\/uploads\\\/2026\\\/02\\\/5471830113.jpg\",\"width\":1024,\"height\":1024},{\"@type\":\"BreadcrumbList\",\"@id\":\"https:\\\/\\\/schweizversand.ch\\\/fr\\\/produkt\\\/hq-kites-designs-drachen-pferd\\\/#breadcrumb\",\"itemListElement\":[{\"@type\":\"ListItem\",\"position\":1,\"name\":\"Startseite\",\"item\":\"https:\\\/\\\/schweizversand.ch\\\/fr\\\/home\\\/\"},{\"@type\":\"ListItem\",\"position\":2,\"name\":\"Boutique\",\"item\":\"https:\\\/\\\/schweizversand.ch\\\/fr\\\/boutique\\\/\"},{\"@type\":\"ListItem\",\"position\":3,\"name\":\"Jouets et jeux\",\"item\":\"https:\\\/\\\/schweizversand.ch\\\/fr\\\/produkt-kategorie\\\/jouets-et-jeux\\\/\"},{\"@type\":\"ListItem\",\"position\":4,\"name\":\"F\u00eates et divertissements\",\"item\":\"https:\\\/\\\/schweizversand.ch\\\/fr\\\/produkt-kategorie\\\/jouets-et-jeux\\\/fetes-et-divertissements\\\/\"},{\"@type\":\"ListItem\",\"position\":5,\"name\":\"Divers\",\"item\":\"https:\\\/\\\/schweizversand.ch\\\/fr\\\/produkt-kategorie\\\/jouets-et-jeux\\\/fetes-et-divertissements\\\/diverses\\\/\"},{\"@type\":\"ListItem\",\"position\":6,\"name\":\"Cerf-volant HQ Kites &#038; Designs \u00ab Cheval \u00bb\"}]},{\"@type\":\"WebSite\",\"@id\":\"https:\\\/\\\/schweizversand.ch\\\/fr\\\/#website\",\"url\":\"https:\\\/\\\/schweizversand.ch\\\/fr\\\/\",\"name\":\"Schweizer Shop f\u00fcr Sport, Spiel und Freizeit\",\"description\":\"Gratisversand ab 50.- (netto), ab eigenem schweizer Lager, Lieferung innert 48h\",\"publisher\":{\"@id\":\"https:\\\/\\\/schweizversand.ch\\\/fr\\\/#organization\"},\"alternateName\":\"Schweizversand.ch\",\"potentialAction\":[{\"@type\":\"SearchAction\",\"target\":{\"@type\":\"EntryPoint\",\"urlTemplate\":\"https:\\\/\\\/schweizversand.ch\\\/fr\\\/?s={search_term_string}\"},\"query-input\":{\"@type\":\"PropertyValueSpecification\",\"valueRequired\":true,\"valueName\":\"search_term_string\"}}],\"inLanguage\":\"fr-FR\"},{\"@type\":\"Organization\",\"@id\":\"https:\\\/\\\/schweizversand.ch\\\/fr\\\/#organization\",\"name\":\"Schweizversand.ch\",\"url\":\"https:\\\/\\\/schweizversand.ch\\\/fr\\\/\",\"logo\":{\"@type\":\"ImageObject\",\"inLanguage\":\"fr-FR\",\"@id\":\"https:\\\/\\\/schweizversand.ch\\\/fr\\\/#\\\/schema\\\/logo\\\/image\\\/\",\"url\":\"https:\\\/\\\/schweizversand.ch\\\/wp-content\\\/uploads\\\/2026\\\/03\\\/Logo_Rund_Final-1.png\",\"contentUrl\":\"https:\\\/\\\/schweizversand.ch\\\/wp-content\\\/uploads\\\/2026\\\/03\\\/Logo_Rund_Final-1.png\",\"width\":404,\"height\":404,\"caption\":\"Schweizversand.ch\"},\"image\":{\"@id\":\"https:\\\/\\\/schweizversand.ch\\\/fr\\\/#\\\/schema\\\/logo\\\/image\\\/\"},\"sameAs\":[\"https:\\\/\\\/www.facebook.com\\\/Schweizversand\",\"https:\\\/\\\/www.instagram.com\\\/schweizversand.ch\\\/\"]}]}<\/script>\n<!-- \/ Yoast SEO plugin. -->","yoast_head_json":{"title":"Hq Kites & Designs Drachen \"Pferd\"","description":"Sleddys Taschendrachen \u2013 Stabil, kompakt und sofort startklar Die Sleddys sind die idealen Begleiter f\u00fcr alle, die spontan abheben m\u00f6chten! Dieser clevere Tasch","robots":{"index":"index","follow":"follow","max-snippet":"max-snippet:-1","max-image-preview":"max-image-preview:large","max-video-preview":"max-video-preview:-1"},"canonical":"https:\/\/schweizversand.ch\/fr\/produkt\/hq-kites-designs-drachen-pferd\/","og_locale":"fr_FR","og_type":"article","og_title":"Hq Kites & Designs Drachen \"Pferd\"","og_description":"Sleddys Taschendrachen \u2013 Stabil, kompakt und sofort startklar Die Sleddys sind die idealen Begleiter f\u00fcr alle, die spontan abheben m\u00f6chten! Dieser clevere Tasch","og_url":"https:\/\/schweizversand.ch\/fr\/produkt\/hq-kites-designs-drachen-pferd\/","og_site_name":"Schweizer Shop f\u00fcr Sport, Spiel und Freizeit","article_publisher":"https:\/\/www.facebook.com\/Schweizversand","article_modified_time":"2026-04-19T00:05:21+00:00","og_image":[{"width":1024,"height":1024,"url":"https:\/\/schweizversand.ch\/wp-content\/uploads\/2026\/02\/5471830113.jpg","type":"image\/jpeg"}],"twitter_card":"summary_large_image","twitter_misc":{"Dur\u00e9e de lecture estim\u00e9e":"2 minutes"},"schema":{"@context":"https:\/\/schema.org","@graph":[{"@type":"WebPage","@id":"https:\/\/schweizversand.ch\/fr\/produkt\/hq-kites-designs-drachen-pferd\/","url":"https:\/\/schweizversand.ch\/fr\/produkt\/hq-kites-designs-drachen-pferd\/","name":"Hq Kites & Designs Drachen \"Pferd\"","isPartOf":{"@id":"https:\/\/schweizversand.ch\/fr\/#website"},"primaryImageOfPage":{"@id":"https:\/\/schweizversand.ch\/fr\/produkt\/hq-kites-designs-drachen-pferd\/#primaryimage"},"image":{"@id":"https:\/\/schweizversand.ch\/fr\/produkt\/hq-kites-designs-drachen-pferd\/#primaryimage"},"thumbnailUrl":"https:\/\/schweizversand.ch\/wp-content\/uploads\/2026\/02\/5471830113.jpg","datePublished":"2026-03-14T22:21:39+00:00","dateModified":"2026-04-19T00:05:21+00:00","description":"Sleddys Taschendrachen \u2013 Stabil, kompakt und sofort startklar Die Sleddys sind die idealen Begleiter f\u00fcr alle, die spontan abheben m\u00f6chten! Dieser clevere Tasch","breadcrumb":{"@id":"https:\/\/schweizversand.ch\/fr\/produkt\/hq-kites-designs-drachen-pferd\/#breadcrumb"},"inLanguage":"fr-FR","potentialAction":[{"@type":"ReadAction","target":["https:\/\/schweizversand.ch\/fr\/produkt\/hq-kites-designs-drachen-pferd\/"]}]},{"@type":"ImageObject","inLanguage":"fr-FR","@id":"https:\/\/schweizversand.ch\/fr\/produkt\/hq-kites-designs-drachen-pferd\/#primaryimage","url":"https:\/\/schweizversand.ch\/wp-content\/uploads\/2026\/02\/5471830113.jpg","contentUrl":"https:\/\/schweizversand.ch\/wp-content\/uploads\/2026\/02\/5471830113.jpg","width":1024,"height":1024},{"@type":"BreadcrumbList","@id":"https:\/\/schweizversand.ch\/fr\/produkt\/hq-kites-designs-drachen-pferd\/#breadcrumb","itemListElement":[{"@type":"ListItem","position":1,"name":"Startseite","item":"https:\/\/schweizversand.ch\/fr\/home\/"},{"@type":"ListItem","position":2,"name":"Boutique","item":"https:\/\/schweizversand.ch\/fr\/boutique\/"},{"@type":"ListItem","position":3,"name":"Jouets et jeux","item":"https:\/\/schweizversand.ch\/fr\/produkt-kategorie\/jouets-et-jeux\/"},{"@type":"ListItem","position":4,"name":"F\u00eates et divertissements","item":"https:\/\/schweizversand.ch\/fr\/produkt-kategorie\/jouets-et-jeux\/fetes-et-divertissements\/"},{"@type":"ListItem","position":5,"name":"Divers","item":"https:\/\/schweizversand.ch\/fr\/produkt-kategorie\/jouets-et-jeux\/fetes-et-divertissements\/diverses\/"},{"@type":"ListItem","position":6,"name":"Cerf-volant HQ Kites &#038; Designs \u00ab Cheval \u00bb"}]},{"@type":"WebSite","@id":"https:\/\/schweizversand.ch\/fr\/#website","url":"https:\/\/schweizversand.ch\/fr\/","name":"Schweizer Shop f\u00fcr Sport, Spiel und Freizeit","description":"Gratisversand ab 50.- (netto), ab eigenem schweizer Lager, Lieferung innert 48h","publisher":{"@id":"https:\/\/schweizversand.ch\/fr\/#organization"},"alternateName":"Schweizversand.ch","potentialAction":[{"@type":"SearchAction","target":{"@type":"EntryPoint","urlTemplate":"https:\/\/schweizversand.ch\/fr\/?s={search_term_string}"},"query-input":{"@type":"PropertyValueSpecification","valueRequired":true,"valueName":"search_term_string"}}],"inLanguage":"fr-FR"},{"@type":"Organization","@id":"https:\/\/schweizversand.ch\/fr\/#organization","name":"Schweizversand.ch","url":"https:\/\/schweizversand.ch\/fr\/","logo":{"@type":"ImageObject","inLanguage":"fr-FR","@id":"https:\/\/schweizversand.ch\/fr\/#\/schema\/logo\/image\/","url":"https:\/\/schweizversand.ch\/wp-content\/uploads\/2026\/03\/Logo_Rund_Final-1.png","contentUrl":"https:\/\/schweizversand.ch\/wp-content\/uploads\/2026\/03\/Logo_Rund_Final-1.png","width":404,"height":404,"caption":"Schweizversand.ch"},"image":{"@id":"https:\/\/schweizversand.ch\/fr\/#\/schema\/logo\/image\/"},"sameAs":["https:\/\/www.facebook.com\/Schweizversand","https:\/\/www.instagram.com\/schweizversand.ch\/"]}]}},"jetpack_sharing_enabled":true,"_links":{"self":[{"href":"https:\/\/schweizversand.ch\/fr\/wp-json\/wp\/v2\/product\/247306","targetHints":{"allow":["GET"]}}],"collection":[{"href":"https:\/\/schweizversand.ch\/fr\/wp-json\/wp\/v2\/product"}],"about":[{"href":"https:\/\/schweizversand.ch\/fr\/wp-json\/wp\/v2\/types\/product"}],"replies":[{"embeddable":true,"href":"https:\/\/schweizversand.ch\/fr\/wp-json\/wp\/v2\/comments?post=247306"}],"wp:featuredmedia":[{"embeddable":true,"href":"https:\/\/schweizversand.ch\/fr\/wp-json\/wp\/v2\/media\/257399"}],"wp:attachment":[{"href":"https:\/\/schweizversand.ch\/fr\/wp-json\/wp\/v2\/media?parent=247306"}],"wp:term":[{"taxonomy":"product_brand","embeddable":true,"href":"https:\/\/schweizversand.ch\/fr\/wp-json\/wp\/v2\/product_brand?post=247306"},{"taxonomy":"product_cat","embeddable":true,"href":"https:\/\/schweizversand.ch\/fr\/wp-json\/wp\/v2\/product_cat?post=247306"},{"taxonomy":"product_tag","embeddable":true,"href":"https:\/\/schweizversand.ch\/fr\/wp-json\/wp\/v2\/product_tag?post=247306"}],"curies":[{"name":"wp","href":"https:\/\/api.w.org\/{rel}","templated":true}]}}