{"id":247310,"date":"2026-03-14T23:21:40","date_gmt":"2026-03-14T22:21:40","guid":{"rendered":"https:\/\/schweizversand.ch\/produkt\/qm-sport-badminton-netz-performance\/"},"modified":"2026-04-20T02:04:23","modified_gmt":"2026-04-20T00:04:23","slug":"qm-sport-badminton-netz-performance","status":"publish","type":"product","link":"https:\/\/schweizversand.ch\/fr\/produkt\/qm-sport-badminton-netz-performance\/","title":{"rendered":"Filet de badminton QM Sport \u00ab Performance \u00bb"},"content":{"rendered":"<p>Le filet de badminton \u00ab\u00a0Performance\u00a0\u00bb est un filet de haute qualit\u00e9, adapt\u00e9 \u00e0 une utilisation int\u00e9rieure et ext\u00e9rieure. Il est id\u00e9al pour les joueurs qui privil\u00e9gient la qualit\u00e9 et la durabilit\u00e9 et souhaitent l&rsquo;utiliser aussi bien pour des matchs de loisir que pour des comp\u00e9titions. Caract\u00e9ristiques\u00a0: \u2022 Mat\u00e9riau\u00a0: Fabriqu\u00e9 en poly\u00e9thyl\u00e8ne robuste et r\u00e9sistant aux intemp\u00e9ries, garantissant une longue dur\u00e9e de vie. \u2022 Dimensions\u00a0: Conforme aux dimensions officielles du badminton (environ 6,1\u00a0m de large et 0,76\u00a0m de haut au centre). \u2022 Montage facile\u00a0: \u00c9quip\u00e9 d&rsquo;un syst\u00e8me de fixation simple permettant une installation rapide et facile. \u2022 Stabilit\u00e9\u00a0: Dot\u00e9 de bords sup\u00e9rieurs et inf\u00e9rieurs robustes assurant une bonne tension et emp\u00eachant le filet de s&rsquo;affaisser. \u2022 Portable\u00a0: L\u00e9ger et facile \u00e0 transporter, id\u00e9al pour une utilisation lors de divers \u00e9v\u00e9nements ou en ext\u00e9rieur. Le filet de badminton \u00ab\u00a0Performance\u00a0\u00bb est le choix parfait pour les joueurs recherchant un filet fiable et durable pour am\u00e9liorer leur technique et profiter de matchs passionnants. Important\u00a0: Vous achetez uniquement le filet, et non un \u00e9quipement complet.<\/p>\n","protected":false},"excerpt":{"rendered":"<p>Le filet de badminton \u00ab\u00a0Performance\u00a0\u00bb est un filet de haute qualit\u00e9, adapt\u00e9 \u00e0 une utilisation int\u00e9rieure et ext\u00e9rieure. Il est id\u00e9al pour les joueurs qui privil\u00e9gient la qualit\u00e9 et la durabilit\u00e9 et souhaitent l&rsquo;utiliser aussi bien pour des matchs de loisir que pour des comp\u00e9titions. Caract\u00e9ristiques\u00a0: \u2022 Mat\u00e9riau\u00a0: Fabriqu\u00e9 en poly\u00e9thyl\u00e8ne robuste et r\u00e9sistant aux intemp\u00e9ries, garantissant une longue dur\u00e9e de vie. \u2022 Dimensions\u00a0: Conforme aux dimensions officielles du badminton (environ 6,1\u00a0m de large et&hellip;<\/p>\n","protected":false},"featured_media":165102,"comment_status":"open","ping_status":"closed","template":"","meta":[],"product_brand":[],"product_cat":[38171],"product_tag":[],"class_list":{"0":"post-247310","1":"product","2":"type-product","3":"status-publish","4":"has-post-thumbnail","6":"product_cat-racketsport","7":"product_shipping_class-global_methods","9":"first","10":"instock","11":"taxable","12":"shipping-taxable","13":"purchasable","14":"product-type-simple"},"yoast_head":"<!-- This site is optimized with the Yoast SEO plugin v27.4 - https:\/\/yoast.com\/product\/yoast-seo-wordpress\/ -->\n<title>QM Sport Badminton Netz &quot;Performance&quot; | Jetzt kaufen | Schweizversand.ch<\/title>\n<meta name=\"description\" content=\"QM Sport Badminton Netz &quot;Performance&quot; g\u00fcnstig kaufen bei Schweizversand.ch. Schnelle Lieferung in der Schweiz. Gratisversand ab CHF 50.\" \/>\n<meta name=\"robots\" content=\"index, follow, max-snippet:-1, max-image-preview:large, max-video-preview:-1\" \/>\n<link rel=\"canonical\" href=\"https:\/\/schweizversand.ch\/fr\/produkt\/qm-sport-badminton-netz-performance\/\" \/>\n<meta property=\"og:locale\" content=\"fr_FR\" \/>\n<meta property=\"og:type\" content=\"article\" \/>\n<meta property=\"og:title\" content=\"QM Sport Badminton Netz &quot;Performance&quot; | Jetzt kaufen | Schweizversand.ch\" \/>\n<meta property=\"og:description\" content=\"QM Sport Badminton Netz &quot;Performance&quot; g\u00fcnstig kaufen bei Schweizversand.ch. Schnelle Lieferung in der Schweiz. Gratisversand ab CHF 50.\" \/>\n<meta property=\"og:url\" content=\"https:\/\/schweizversand.ch\/fr\/produkt\/qm-sport-badminton-netz-performance\/\" \/>\n<meta property=\"og:site_name\" content=\"Schweizer Shop f\u00fcr Sport, Spiel und Freizeit\" \/>\n<meta property=\"article:publisher\" content=\"https:\/\/www.facebook.com\/Schweizversand\" \/>\n<meta property=\"article:modified_time\" content=\"2026-04-20T00:04:23+00:00\" \/>\n<meta property=\"og:image\" content=\"https:\/\/schweizversand.ch\/wp-content\/uploads\/2026\/02\/5471772141.png\" \/>\n\t<meta property=\"og:image:width\" content=\"768\" \/>\n\t<meta property=\"og:image:height\" content=\"1024\" \/>\n\t<meta property=\"og:image:type\" content=\"image\/png\" \/>\n<meta name=\"twitter:card\" content=\"summary_large_image\" \/>\n<meta name=\"twitter:label1\" content=\"Dur\u00e9e de lecture estim\u00e9e\" \/>\n\t<meta name=\"twitter:data1\" content=\"1 minute\" \/>\n<script type=\"application\/ld+json\" class=\"yoast-schema-graph\">{\"@context\":\"https:\\\/\\\/schema.org\",\"@graph\":[{\"@type\":\"WebPage\",\"@id\":\"https:\\\/\\\/schweizversand.ch\\\/fr\\\/produkt\\\/qm-sport-badminton-netz-performance\\\/\",\"url\":\"https:\\\/\\\/schweizversand.ch\\\/fr\\\/produkt\\\/qm-sport-badminton-netz-performance\\\/\",\"name\":\"QM Sport Badminton Netz \\\"Performance\\\" | Jetzt kaufen | Schweizversand.ch\",\"isPartOf\":{\"@id\":\"https:\\\/\\\/schweizversand.ch\\\/fr\\\/#website\"},\"primaryImageOfPage\":{\"@id\":\"https:\\\/\\\/schweizversand.ch\\\/fr\\\/produkt\\\/qm-sport-badminton-netz-performance\\\/#primaryimage\"},\"image\":{\"@id\":\"https:\\\/\\\/schweizversand.ch\\\/fr\\\/produkt\\\/qm-sport-badminton-netz-performance\\\/#primaryimage\"},\"thumbnailUrl\":\"https:\\\/\\\/schweizversand.ch\\\/wp-content\\\/uploads\\\/2026\\\/02\\\/5471772141.png\",\"datePublished\":\"2026-03-14T22:21:40+00:00\",\"dateModified\":\"2026-04-20T00:04:23+00:00\",\"description\":\"QM Sport Badminton Netz \\\"Performance\\\" g\u00fcnstig kaufen bei Schweizversand.ch. Schnelle Lieferung in der Schweiz. Gratisversand ab CHF 50.\",\"breadcrumb\":{\"@id\":\"https:\\\/\\\/schweizversand.ch\\\/fr\\\/produkt\\\/qm-sport-badminton-netz-performance\\\/#breadcrumb\"},\"inLanguage\":\"fr-FR\",\"potentialAction\":[{\"@type\":\"ReadAction\",\"target\":[\"https:\\\/\\\/schweizversand.ch\\\/fr\\\/produkt\\\/qm-sport-badminton-netz-performance\\\/\"]}]},{\"@type\":\"ImageObject\",\"inLanguage\":\"fr-FR\",\"@id\":\"https:\\\/\\\/schweizversand.ch\\\/fr\\\/produkt\\\/qm-sport-badminton-netz-performance\\\/#primaryimage\",\"url\":\"https:\\\/\\\/schweizversand.ch\\\/wp-content\\\/uploads\\\/2026\\\/02\\\/5471772141.png\",\"contentUrl\":\"https:\\\/\\\/schweizversand.ch\\\/wp-content\\\/uploads\\\/2026\\\/02\\\/5471772141.png\",\"width\":768,\"height\":1024},{\"@type\":\"BreadcrumbList\",\"@id\":\"https:\\\/\\\/schweizversand.ch\\\/fr\\\/produkt\\\/qm-sport-badminton-netz-performance\\\/#breadcrumb\",\"itemListElement\":[{\"@type\":\"ListItem\",\"position\":1,\"name\":\"Startseite\",\"item\":\"https:\\\/\\\/schweizversand.ch\\\/fr\\\/home\\\/\"},{\"@type\":\"ListItem\",\"position\":2,\"name\":\"Boutique\",\"item\":\"https:\\\/\\\/schweizversand.ch\\\/fr\\\/boutique\\\/\"},{\"@type\":\"ListItem\",\"position\":3,\"name\":\"Sports\",\"item\":\"https:\\\/\\\/schweizversand.ch\\\/fr\\\/produkt-kategorie\\\/sports\\\/\"},{\"@type\":\"ListItem\",\"position\":4,\"name\":\"sports de balle et fl\u00e9chettes\",\"item\":\"https:\\\/\\\/schweizversand.ch\\\/fr\\\/produkt-kategorie\\\/sports\\\/sports-de-balle-et-flechettes\\\/\"},{\"@type\":\"ListItem\",\"position\":5,\"name\":\"sports de raquette\",\"item\":\"https:\\\/\\\/schweizversand.ch\\\/fr\\\/produkt-kategorie\\\/racketsport\\\/\"},{\"@type\":\"ListItem\",\"position\":6,\"name\":\"Filet de badminton QM Sport \u00ab Performance \u00bb\"}]},{\"@type\":\"WebSite\",\"@id\":\"https:\\\/\\\/schweizversand.ch\\\/fr\\\/#website\",\"url\":\"https:\\\/\\\/schweizversand.ch\\\/fr\\\/\",\"name\":\"Schweizer Shop f\u00fcr Sport, Spiel und Freizeit\",\"description\":\"Gratisversand ab 50.- (netto), ab eigenem schweizer Lager, Lieferung innert 48h\",\"publisher\":{\"@id\":\"https:\\\/\\\/schweizversand.ch\\\/fr\\\/#organization\"},\"alternateName\":\"Schweizversand.ch\",\"potentialAction\":[{\"@type\":\"SearchAction\",\"target\":{\"@type\":\"EntryPoint\",\"urlTemplate\":\"https:\\\/\\\/schweizversand.ch\\\/fr\\\/?s={search_term_string}\"},\"query-input\":{\"@type\":\"PropertyValueSpecification\",\"valueRequired\":true,\"valueName\":\"search_term_string\"}}],\"inLanguage\":\"fr-FR\"},{\"@type\":\"Organization\",\"@id\":\"https:\\\/\\\/schweizversand.ch\\\/fr\\\/#organization\",\"name\":\"Schweizversand.ch\",\"url\":\"https:\\\/\\\/schweizversand.ch\\\/fr\\\/\",\"logo\":{\"@type\":\"ImageObject\",\"inLanguage\":\"fr-FR\",\"@id\":\"https:\\\/\\\/schweizversand.ch\\\/fr\\\/#\\\/schema\\\/logo\\\/image\\\/\",\"url\":\"https:\\\/\\\/schweizversand.ch\\\/wp-content\\\/uploads\\\/2026\\\/03\\\/Logo_Rund_Final-1.png\",\"contentUrl\":\"https:\\\/\\\/schweizversand.ch\\\/wp-content\\\/uploads\\\/2026\\\/03\\\/Logo_Rund_Final-1.png\",\"width\":404,\"height\":404,\"caption\":\"Schweizversand.ch\"},\"image\":{\"@id\":\"https:\\\/\\\/schweizversand.ch\\\/fr\\\/#\\\/schema\\\/logo\\\/image\\\/\"},\"sameAs\":[\"https:\\\/\\\/www.facebook.com\\\/Schweizversand\",\"https:\\\/\\\/www.instagram.com\\\/schweizversand.ch\\\/\"]}]}<\/script>\n<!-- \/ Yoast SEO plugin. -->","yoast_head_json":{"title":"QM Sport Badminton Netz \"Performance\" | Jetzt kaufen | Schweizversand.ch","description":"QM Sport Badminton Netz \"Performance\" g\u00fcnstig kaufen bei Schweizversand.ch. Schnelle Lieferung in der Schweiz. Gratisversand ab CHF 50.","robots":{"index":"index","follow":"follow","max-snippet":"max-snippet:-1","max-image-preview":"max-image-preview:large","max-video-preview":"max-video-preview:-1"},"canonical":"https:\/\/schweizversand.ch\/fr\/produkt\/qm-sport-badminton-netz-performance\/","og_locale":"fr_FR","og_type":"article","og_title":"QM Sport Badminton Netz \"Performance\" | Jetzt kaufen | Schweizversand.ch","og_description":"QM Sport Badminton Netz \"Performance\" g\u00fcnstig kaufen bei Schweizversand.ch. Schnelle Lieferung in der Schweiz. Gratisversand ab CHF 50.","og_url":"https:\/\/schweizversand.ch\/fr\/produkt\/qm-sport-badminton-netz-performance\/","og_site_name":"Schweizer Shop f\u00fcr Sport, Spiel und Freizeit","article_publisher":"https:\/\/www.facebook.com\/Schweizversand","article_modified_time":"2026-04-20T00:04:23+00:00","og_image":[{"width":768,"height":1024,"url":"https:\/\/schweizversand.ch\/wp-content\/uploads\/2026\/02\/5471772141.png","type":"image\/png"}],"twitter_card":"summary_large_image","twitter_misc":{"Dur\u00e9e de lecture estim\u00e9e":"1 minute"},"schema":{"@context":"https:\/\/schema.org","@graph":[{"@type":"WebPage","@id":"https:\/\/schweizversand.ch\/fr\/produkt\/qm-sport-badminton-netz-performance\/","url":"https:\/\/schweizversand.ch\/fr\/produkt\/qm-sport-badminton-netz-performance\/","name":"QM Sport Badminton Netz \"Performance\" | Jetzt kaufen | Schweizversand.ch","isPartOf":{"@id":"https:\/\/schweizversand.ch\/fr\/#website"},"primaryImageOfPage":{"@id":"https:\/\/schweizversand.ch\/fr\/produkt\/qm-sport-badminton-netz-performance\/#primaryimage"},"image":{"@id":"https:\/\/schweizversand.ch\/fr\/produkt\/qm-sport-badminton-netz-performance\/#primaryimage"},"thumbnailUrl":"https:\/\/schweizversand.ch\/wp-content\/uploads\/2026\/02\/5471772141.png","datePublished":"2026-03-14T22:21:40+00:00","dateModified":"2026-04-20T00:04:23+00:00","description":"QM Sport Badminton Netz \"Performance\" g\u00fcnstig kaufen bei Schweizversand.ch. Schnelle Lieferung in der Schweiz. Gratisversand ab CHF 50.","breadcrumb":{"@id":"https:\/\/schweizversand.ch\/fr\/produkt\/qm-sport-badminton-netz-performance\/#breadcrumb"},"inLanguage":"fr-FR","potentialAction":[{"@type":"ReadAction","target":["https:\/\/schweizversand.ch\/fr\/produkt\/qm-sport-badminton-netz-performance\/"]}]},{"@type":"ImageObject","inLanguage":"fr-FR","@id":"https:\/\/schweizversand.ch\/fr\/produkt\/qm-sport-badminton-netz-performance\/#primaryimage","url":"https:\/\/schweizversand.ch\/wp-content\/uploads\/2026\/02\/5471772141.png","contentUrl":"https:\/\/schweizversand.ch\/wp-content\/uploads\/2026\/02\/5471772141.png","width":768,"height":1024},{"@type":"BreadcrumbList","@id":"https:\/\/schweizversand.ch\/fr\/produkt\/qm-sport-badminton-netz-performance\/#breadcrumb","itemListElement":[{"@type":"ListItem","position":1,"name":"Startseite","item":"https:\/\/schweizversand.ch\/fr\/home\/"},{"@type":"ListItem","position":2,"name":"Boutique","item":"https:\/\/schweizversand.ch\/fr\/boutique\/"},{"@type":"ListItem","position":3,"name":"Sports","item":"https:\/\/schweizversand.ch\/fr\/produkt-kategorie\/sports\/"},{"@type":"ListItem","position":4,"name":"sports de balle et fl\u00e9chettes","item":"https:\/\/schweizversand.ch\/fr\/produkt-kategorie\/sports\/sports-de-balle-et-flechettes\/"},{"@type":"ListItem","position":5,"name":"sports de raquette","item":"https:\/\/schweizversand.ch\/fr\/produkt-kategorie\/racketsport\/"},{"@type":"ListItem","position":6,"name":"Filet de badminton QM Sport \u00ab Performance \u00bb"}]},{"@type":"WebSite","@id":"https:\/\/schweizversand.ch\/fr\/#website","url":"https:\/\/schweizversand.ch\/fr\/","name":"Schweizer Shop f\u00fcr Sport, Spiel und Freizeit","description":"Gratisversand ab 50.- (netto), ab eigenem schweizer Lager, Lieferung innert 48h","publisher":{"@id":"https:\/\/schweizversand.ch\/fr\/#organization"},"alternateName":"Schweizversand.ch","potentialAction":[{"@type":"SearchAction","target":{"@type":"EntryPoint","urlTemplate":"https:\/\/schweizversand.ch\/fr\/?s={search_term_string}"},"query-input":{"@type":"PropertyValueSpecification","valueRequired":true,"valueName":"search_term_string"}}],"inLanguage":"fr-FR"},{"@type":"Organization","@id":"https:\/\/schweizversand.ch\/fr\/#organization","name":"Schweizversand.ch","url":"https:\/\/schweizversand.ch\/fr\/","logo":{"@type":"ImageObject","inLanguage":"fr-FR","@id":"https:\/\/schweizversand.ch\/fr\/#\/schema\/logo\/image\/","url":"https:\/\/schweizversand.ch\/wp-content\/uploads\/2026\/03\/Logo_Rund_Final-1.png","contentUrl":"https:\/\/schweizversand.ch\/wp-content\/uploads\/2026\/03\/Logo_Rund_Final-1.png","width":404,"height":404,"caption":"Schweizversand.ch"},"image":{"@id":"https:\/\/schweizversand.ch\/fr\/#\/schema\/logo\/image\/"},"sameAs":["https:\/\/www.facebook.com\/Schweizversand","https:\/\/www.instagram.com\/schweizversand.ch\/"]}]}},"jetpack_sharing_enabled":true,"_links":{"self":[{"href":"https:\/\/schweizversand.ch\/fr\/wp-json\/wp\/v2\/product\/247310","targetHints":{"allow":["GET"]}}],"collection":[{"href":"https:\/\/schweizversand.ch\/fr\/wp-json\/wp\/v2\/product"}],"about":[{"href":"https:\/\/schweizversand.ch\/fr\/wp-json\/wp\/v2\/types\/product"}],"replies":[{"embeddable":true,"href":"https:\/\/schweizversand.ch\/fr\/wp-json\/wp\/v2\/comments?post=247310"}],"wp:featuredmedia":[{"embeddable":true,"href":"https:\/\/schweizversand.ch\/fr\/wp-json\/wp\/v2\/media\/165102"}],"wp:attachment":[{"href":"https:\/\/schweizversand.ch\/fr\/wp-json\/wp\/v2\/media?parent=247310"}],"wp:term":[{"taxonomy":"product_brand","embeddable":true,"href":"https:\/\/schweizversand.ch\/fr\/wp-json\/wp\/v2\/product_brand?post=247310"},{"taxonomy":"product_cat","embeddable":true,"href":"https:\/\/schweizversand.ch\/fr\/wp-json\/wp\/v2\/product_cat?post=247310"},{"taxonomy":"product_tag","embeddable":true,"href":"https:\/\/schweizversand.ch\/fr\/wp-json\/wp\/v2\/product_tag?post=247310"}],"curies":[{"name":"wp","href":"https:\/\/api.w.org\/{rel}","templated":true}]}}